{"id":67,"date":"2023-06-28T14:42:17","date_gmt":"2023-06-28T12:42:17","guid":{"rendered":"https:\/\/multi-mam.com\/si\/?post_type=product&#038;p=67"},"modified":"2024-12-09T13:46:45","modified_gmt":"2024-12-09T12:46:45","slug":"multi-mam-babydent","status":"publish","type":"product","link":"https:\/\/multi-mam.com\/si\/product\/multi-mam-babydent\/","title":{"rendered":"Multi-Mam BabyDent"},"content":{"rendered":"\n<div class=\"wp-block-karopharma-accordions is-style-secondary\"><div class=\"container\">\n<details class=\"wp-block-karopharma-accordion\"><summary><h2 class=\"accordion-title\">Kako pogosto lahko pri svojem dojen\u010dku uporabljam gel?<\/h2><\/summary><div class=\"accordion-content\">\n<p>Tako pogosto kot \u017eelite, kadarkoli se pojavi potreba po bla\u017eenju.<\/p>\n<\/div><\/details>\n\n\n\n<details class=\"wp-block-karopharma-accordion\"><summary><h2 class=\"accordion-title\">Moj dojen\u010dek je pogoltnil precej\u0161njo koli\u010dino gela. Ali je to \u0161kodljivo?<\/h2><\/summary><div class=\"accordion-content\">\n<p>Ne, nobene te\u017eave ni, \u010de je va\u0161 dojen\u010dek pogoltnil gel.<\/p>\n<\/div><\/details>\n\n\n\n<details class=\"wp-block-karopharma-accordion\"><summary><h2 class=\"accordion-title\">Gel se mi izmuzne med prsti. Kako ga naj nanesem na dojen\u010dkove dlesni?<\/h2><\/summary><div class=\"accordion-content\">\n<p>Nanesite nekaj gela neposredno na dudo ali pa na obro\u010d za izra\u0161\u010danje zobkov na mestu, kjer pride v stik z dlesnimi.<\/p>\n<\/div><\/details>\n<\/div><\/div>\n","protected":false},"excerpt":{"rendered":"<p>Bla\u017ee\u010de olaj\u0161anje pri izra\u0161\u010danju dojen\u010dkovih zobkov<\/p>\n","protected":false},"featured_media":68,"comment_status":"closed","ping_status":"closed","template":"","meta":{"_acf_changed":false,"footnotes":""},"product_brand":[],"product_cat":[17],"product_tag":[],"class_list":{"0":"post-67","1":"product","2":"type-product","3":"status-publish","4":"has-post-thumbnail","6":"product_cat-izrascanje-zobkov","8":"first","9":"instock","10":"shipping-taxable","11":"product-type-simple"},"acf":[],"yoast_head":"<!-- This site is optimized with the Yoast SEO plugin v26.6 - https:\/\/yoast.com\/wordpress\/plugins\/seo\/ -->\n<title>Multi-Mam BabyDent - Multi-Mam<\/title>\n<meta name=\"description\" content=\"Multi-Mam BabyDent gel \u010dez dlesen ustvari mehko bio aktivno plast, ki bla\u017ei in laj\u0161a te\u017eave, zmanj\u0161a oteklino ter varuje pred trenjem.\" \/>\n<meta name=\"robots\" content=\"index, follow, max-snippet:-1, max-image-preview:large, max-video-preview:-1\" \/>\n<link rel=\"canonical\" href=\"https:\/\/multi-mam.com\/si\/product\/multi-mam-babydent\/\" \/>\n<meta property=\"og:locale\" content=\"sl_SI\" \/>\n<meta property=\"og:type\" content=\"article\" \/>\n<meta property=\"og:title\" content=\"Multi-Mam BabyDent - Multi-Mam\" \/>\n<meta property=\"og:description\" content=\"Multi-Mam BabyDent gel \u010dez dlesen ustvari mehko bio aktivno plast, ki bla\u017ei in laj\u0161a te\u017eave, zmanj\u0161a oteklino ter varuje pred trenjem.\" \/>\n<meta property=\"og:url\" content=\"https:\/\/multi-mam.com\/si\/product\/multi-mam-babydent\/\" \/>\n<meta property=\"og:site_name\" content=\"Multi-Mam\" \/>\n<meta property=\"article:modified_time\" content=\"2024-12-09T12:46:45+00:00\" \/>\n<meta property=\"og:image\" content=\"https:\/\/multi-mam.com\/app\/uploads\/sites\/30\/2023\/06\/MultiMamBabyDent15UnpackagedINTA02.png\" \/>\n\t<meta property=\"og:image:width\" content=\"2000\" \/>\n\t<meta property=\"og:image:height\" content=\"2000\" \/>\n\t<meta property=\"og:image:type\" content=\"image\/png\" \/>\n<meta name=\"twitter:card\" content=\"summary_large_image\" \/>\n<meta name=\"twitter:label1\" content=\"Est. reading time\" \/>\n\t<meta name=\"twitter:data1\" content=\"1 minute\" \/>\n<script type=\"application\/ld+json\" class=\"yoast-schema-graph\">{\"@context\":\"https:\/\/schema.org\",\"@graph\":[{\"@type\":\"WebPage\",\"@id\":\"https:\/\/multi-mam.com\/si\/product\/multi-mam-babydent\/\",\"url\":\"https:\/\/multi-mam.com\/si\/product\/multi-mam-babydent\/\",\"name\":\"Multi-Mam BabyDent - Multi-Mam\",\"isPartOf\":{\"@id\":\"https:\/\/multi-mam.com\/si\/#website\"},\"primaryImageOfPage\":{\"@id\":\"https:\/\/multi-mam.com\/si\/product\/multi-mam-babydent\/#primaryimage\"},\"image\":{\"@id\":\"https:\/\/multi-mam.com\/si\/product\/multi-mam-babydent\/#primaryimage\"},\"thumbnailUrl\":\"https:\/\/multi-mam.com\/app\/uploads\/sites\/30\/2023\/06\/MultiMamBabyDent15UnpackagedINTA02.png\",\"datePublished\":\"2023-06-28T12:42:17+00:00\",\"dateModified\":\"2024-12-09T12:46:45+00:00\",\"description\":\"Multi-Mam BabyDent gel \u010dez dlesen ustvari mehko bio aktivno plast, ki bla\u017ei in laj\u0161a te\u017eave, zmanj\u0161a oteklino ter varuje pred trenjem.\",\"breadcrumb\":{\"@id\":\"https:\/\/multi-mam.com\/si\/product\/multi-mam-babydent\/#breadcrumb\"},\"inLanguage\":\"sl-SI\",\"potentialAction\":[{\"@type\":\"ReadAction\",\"target\":[\"https:\/\/multi-mam.com\/si\/product\/multi-mam-babydent\/\"]}]},{\"@type\":\"ImageObject\",\"inLanguage\":\"sl-SI\",\"@id\":\"https:\/\/multi-mam.com\/si\/product\/multi-mam-babydent\/#primaryimage\",\"url\":\"https:\/\/multi-mam.com\/app\/uploads\/sites\/30\/2023\/06\/MultiMamBabyDent15UnpackagedINTA02.png\",\"contentUrl\":\"https:\/\/multi-mam.com\/app\/uploads\/sites\/30\/2023\/06\/MultiMamBabyDent15UnpackagedINTA02.png\",\"width\":2000,\"height\":2000,\"caption\":\"Multi-Mam BabyDent\"},{\"@type\":\"BreadcrumbList\",\"@id\":\"https:\/\/multi-mam.com\/si\/product\/multi-mam-babydent\/#breadcrumb\",\"itemListElement\":[{\"@type\":\"ListItem\",\"position\":1,\"name\":\"Home\",\"item\":\"https:\/\/multi-mam.com\/si\/\"},{\"@type\":\"ListItem\",\"position\":2,\"name\":\"Na\u0161i proizvodi\",\"item\":\"https:\/\/multi-mam.com\/si\/nasi-proizvodi\/\"},{\"@type\":\"ListItem\",\"position\":3,\"name\":\"Multi-Mam BabyDent\"}]},{\"@type\":\"WebSite\",\"@id\":\"https:\/\/multi-mam.com\/si\/#website\",\"url\":\"https:\/\/multi-mam.com\/si\/\",\"name\":\"Multi-Mam\",\"description\":\"\",\"publisher\":{\"@id\":\"https:\/\/multi-mam.com\/si\/#organization\"},\"potentialAction\":[{\"@type\":\"SearchAction\",\"target\":{\"@type\":\"EntryPoint\",\"urlTemplate\":\"https:\/\/multi-mam.com\/si\/?s={search_term_string}\"},\"query-input\":{\"@type\":\"PropertyValueSpecification\",\"valueRequired\":true,\"valueName\":\"search_term_string\"}}],\"inLanguage\":\"sl-SI\"},{\"@type\":\"Organization\",\"@id\":\"https:\/\/multi-mam.com\/si\/#organization\",\"name\":\"Multi-Mam\",\"url\":\"https:\/\/multi-mam.com\/si\/\",\"logo\":{\"@type\":\"ImageObject\",\"inLanguage\":\"sl-SI\",\"@id\":\"https:\/\/multi-mam.com\/si\/#\/schema\/logo\/image\/\",\"url\":\"https:\/\/multi-mam.com\/app\/uploads\/sites\/30\/2023\/06\/multi-mam-logotype.png\",\"contentUrl\":\"https:\/\/multi-mam.com\/app\/uploads\/sites\/30\/2023\/06\/multi-mam-logotype.png\",\"width\":70,\"height\":96,\"caption\":\"Multi-Mam\"},\"image\":{\"@id\":\"https:\/\/multi-mam.com\/si\/#\/schema\/logo\/image\/\"}}]}<\/script>\n<!-- \/ Yoast SEO plugin. -->","yoast_head_json":{"title":"Multi-Mam BabyDent - Multi-Mam","description":"Multi-Mam BabyDent gel \u010dez dlesen ustvari mehko bio aktivno plast, ki bla\u017ei in laj\u0161a te\u017eave, zmanj\u0161a oteklino ter varuje pred trenjem.","robots":{"index":"index","follow":"follow","max-snippet":"max-snippet:-1","max-image-preview":"max-image-preview:large","max-video-preview":"max-video-preview:-1"},"canonical":"https:\/\/multi-mam.com\/si\/product\/multi-mam-babydent\/","og_locale":"sl_SI","og_type":"article","og_title":"Multi-Mam BabyDent - Multi-Mam","og_description":"Multi-Mam BabyDent gel \u010dez dlesen ustvari mehko bio aktivno plast, ki bla\u017ei in laj\u0161a te\u017eave, zmanj\u0161a oteklino ter varuje pred trenjem.","og_url":"https:\/\/multi-mam.com\/si\/product\/multi-mam-babydent\/","og_site_name":"Multi-Mam","article_modified_time":"2024-12-09T12:46:45+00:00","og_image":[{"width":2000,"height":2000,"url":"https:\/\/multi-mam.com\/app\/uploads\/sites\/30\/2023\/06\/MultiMamBabyDent15UnpackagedINTA02.png","type":"image\/png"}],"twitter_card":"summary_large_image","twitter_misc":{"Est. reading time":"1 minute"},"schema":{"@context":"https:\/\/schema.org","@graph":[{"@type":"WebPage","@id":"https:\/\/multi-mam.com\/si\/product\/multi-mam-babydent\/","url":"https:\/\/multi-mam.com\/si\/product\/multi-mam-babydent\/","name":"Multi-Mam BabyDent - Multi-Mam","isPartOf":{"@id":"https:\/\/multi-mam.com\/si\/#website"},"primaryImageOfPage":{"@id":"https:\/\/multi-mam.com\/si\/product\/multi-mam-babydent\/#primaryimage"},"image":{"@id":"https:\/\/multi-mam.com\/si\/product\/multi-mam-babydent\/#primaryimage"},"thumbnailUrl":"https:\/\/multi-mam.com\/app\/uploads\/sites\/30\/2023\/06\/MultiMamBabyDent15UnpackagedINTA02.png","datePublished":"2023-06-28T12:42:17+00:00","dateModified":"2024-12-09T12:46:45+00:00","description":"Multi-Mam BabyDent gel \u010dez dlesen ustvari mehko bio aktivno plast, ki bla\u017ei in laj\u0161a te\u017eave, zmanj\u0161a oteklino ter varuje pred trenjem.","breadcrumb":{"@id":"https:\/\/multi-mam.com\/si\/product\/multi-mam-babydent\/#breadcrumb"},"inLanguage":"sl-SI","potentialAction":[{"@type":"ReadAction","target":["https:\/\/multi-mam.com\/si\/product\/multi-mam-babydent\/"]}]},{"@type":"ImageObject","inLanguage":"sl-SI","@id":"https:\/\/multi-mam.com\/si\/product\/multi-mam-babydent\/#primaryimage","url":"https:\/\/multi-mam.com\/app\/uploads\/sites\/30\/2023\/06\/MultiMamBabyDent15UnpackagedINTA02.png","contentUrl":"https:\/\/multi-mam.com\/app\/uploads\/sites\/30\/2023\/06\/MultiMamBabyDent15UnpackagedINTA02.png","width":2000,"height":2000,"caption":"Multi-Mam BabyDent"},{"@type":"BreadcrumbList","@id":"https:\/\/multi-mam.com\/si\/product\/multi-mam-babydent\/#breadcrumb","itemListElement":[{"@type":"ListItem","position":1,"name":"Home","item":"https:\/\/multi-mam.com\/si\/"},{"@type":"ListItem","position":2,"name":"Na\u0161i proizvodi","item":"https:\/\/multi-mam.com\/si\/nasi-proizvodi\/"},{"@type":"ListItem","position":3,"name":"Multi-Mam BabyDent"}]},{"@type":"WebSite","@id":"https:\/\/multi-mam.com\/si\/#website","url":"https:\/\/multi-mam.com\/si\/","name":"Multi-Mam","description":"","publisher":{"@id":"https:\/\/multi-mam.com\/si\/#organization"},"potentialAction":[{"@type":"SearchAction","target":{"@type":"EntryPoint","urlTemplate":"https:\/\/multi-mam.com\/si\/?s={search_term_string}"},"query-input":{"@type":"PropertyValueSpecification","valueRequired":true,"valueName":"search_term_string"}}],"inLanguage":"sl-SI"},{"@type":"Organization","@id":"https:\/\/multi-mam.com\/si\/#organization","name":"Multi-Mam","url":"https:\/\/multi-mam.com\/si\/","logo":{"@type":"ImageObject","inLanguage":"sl-SI","@id":"https:\/\/multi-mam.com\/si\/#\/schema\/logo\/image\/","url":"https:\/\/multi-mam.com\/app\/uploads\/sites\/30\/2023\/06\/multi-mam-logotype.png","contentUrl":"https:\/\/multi-mam.com\/app\/uploads\/sites\/30\/2023\/06\/multi-mam-logotype.png","width":70,"height":96,"caption":"Multi-Mam"},"image":{"@id":"https:\/\/multi-mam.com\/si\/#\/schema\/logo\/image\/"}}]}},"_links":{"self":[{"href":"https:\/\/multi-mam.com\/si\/wp-json\/wp\/v2\/product\/67","targetHints":{"allow":["GET"]}}],"collection":[{"href":"https:\/\/multi-mam.com\/si\/wp-json\/wp\/v2\/product"}],"about":[{"href":"https:\/\/multi-mam.com\/si\/wp-json\/wp\/v2\/types\/product"}],"replies":[{"embeddable":true,"href":"https:\/\/multi-mam.com\/si\/wp-json\/wp\/v2\/comments?post=67"}],"version-history":[{"count":3,"href":"https:\/\/multi-mam.com\/si\/wp-json\/wp\/v2\/product\/67\/revisions"}],"predecessor-version":[{"id":288,"href":"https:\/\/multi-mam.com\/si\/wp-json\/wp\/v2\/product\/67\/revisions\/288"}],"wp:featuredmedia":[{"embeddable":true,"href":"https:\/\/multi-mam.com\/si\/wp-json\/wp\/v2\/media\/68"}],"wp:attachment":[{"href":"https:\/\/multi-mam.com\/si\/wp-json\/wp\/v2\/media?parent=67"}],"wp:term":[{"taxonomy":"product_brand","embeddable":true,"href":"https:\/\/multi-mam.com\/si\/wp-json\/wp\/v2\/product_brand?post=67"},{"taxonomy":"product_cat","embeddable":true,"href":"https:\/\/multi-mam.com\/si\/wp-json\/wp\/v2\/product_cat?post=67"},{"taxonomy":"product_tag","embeddable":true,"href":"https:\/\/multi-mam.com\/si\/wp-json\/wp\/v2\/product_tag?post=67"}],"curies":[{"name":"wp","href":"https:\/\/api.w.org\/{rel}","templated":true}]}}