{"id":49,"date":"2023-06-28T14:18:50","date_gmt":"2023-06-28T12:18:50","guid":{"rendered":"https:\/\/multi-mam.com\/si\/?post_type=product&#038;p=49"},"modified":"2024-12-09T13:46:48","modified_gmt":"2024-12-09T12:46:48","slug":"multi-mam-komprese-obkladki","status":"publish","type":"product","link":"https:\/\/multi-mam.com\/si\/product\/multi-mam-komprese-obkladki\/","title":{"rendered":"Multi-Mam Komprese (obkladki)"},"content":{"rendered":"\n<div class=\"wp-block-karopharma-accordions is-style-secondary\"><div class=\"container\">\n<details class=\"wp-block-karopharma-accordion\"><summary><h2 class=\"accordion-title\">Kdaj naj uporabim komprese (obkladke), pred ali po dojenju?<\/h2><\/summary><div class=\"accordion-content\">\n<p>Priporo\u010damo vam, da uporabite komprese (obkladke) takoj po hranjenju &#8211; \u010de jih uporabite tik pred hranjenjem, lahko ima zaradi navla\u017eenih bradavic va\u0161 dojen\u010dek te\u017eave pri sesanju.<\/p>\n<\/div><\/details>\n\n\n\n<details class=\"wp-block-karopharma-accordion\"><summary><h2 class=\"accordion-title\">Kako dolgo naj pustim obkladek na dojki?<\/h2><\/summary><div class=\"accordion-content\">\n<p>V idealnem primeru 30 minut, vendar najmanj 10 minut in najve\u010d eno uro.<\/p>\n<\/div><\/details>\n\n\n\n<details class=\"wp-block-karopharma-accordion\"><summary><h2 class=\"accordion-title\">Koliko krat lahko uporabim obkladek?<\/h2><\/summary><div class=\"accordion-content\">\n<p>Vsak obkladek je izklju\u010dno za enkratno uporabo. Po uporabi ga je iz higienskih razlogov potrebno zavre\u010di.<\/p>\n<\/div><\/details>\n\n\n\n<details class=\"wp-block-karopharma-accordion\"><summary><h2 class=\"accordion-title\">Do sedaj \u0161e nimam te\u017eav. Ali lahko preventivno uporabim komprese (obkladke)?<\/h2><\/summary><div class=\"accordion-content\">\n<p>Da lahko, kadar vas bradavice po dojenju bolijo, vam bodo komprese (obkladki) nudili olaj\u0161anje. \u010ce \u017eelite proizvod resni\u010dno uporabljati preventivno, vam priporo\u010damo, da uporabite mazilo ali balzam, kot sta Multi-Mam Balm in Multi-Mam Lanolin. Kot posledica sesanja se naravna za\u0161\u010ditna ma\u0161\u010doba odstrani. Z mazilom ali balzamom boste nanesli ma\u0161\u010dobo, ki vam bo nudila za\u0161\u010dito.<\/p>\n<\/div><\/details>\n\n\n\n<details class=\"wp-block-karopharma-accordion\"><summary><h2 class=\"accordion-title\">V primeru, da moj dojen\u010dek nekaj gela iz komprese (obkladka) pogoltne, ali je to lahko \u0161kodljivo zanj?<\/h2><\/summary><div class=\"accordion-content\">\n<p>Ne, gel je varen za va\u0161ega dojen\u010dka. Odve\u010dnega gela ni potrebno odstraniti pred hranjenjem.<\/p>\n<\/div><\/details>\n<\/div><\/div>\n","protected":false},"excerpt":{"rendered":"<p>Intenzivna nega bradavic za doje\u010de mamice<\/p>\n","protected":false},"featured_media":54,"comment_status":"closed","ping_status":"closed","template":"","meta":{"_acf_changed":false,"footnotes":""},"product_brand":[],"product_cat":[18],"product_tag":[],"class_list":{"0":"post-49","1":"product","2":"type-product","3":"status-publish","4":"has-post-thumbnail","6":"product_cat-dojenje","8":"first","9":"instock","10":"shipping-taxable","11":"product-type-simple"},"acf":[],"yoast_head":"<!-- This site is optimized with the Yoast SEO plugin v26.6 - https:\/\/yoast.com\/wordpress\/plugins\/seo\/ -->\n<title>Multi-Mam Komprese (obkladki) - Multi-Mam<\/title>\n<meta name=\"description\" content=\"Multi-Mam Komprese (obkladki) nudijo neposredno olaj\u0161anje pri te\u017eavah, s katerimi se sre\u010dujejo doje\u010de mamice, kot so otekline in ob\u010dutljivosti.\" \/>\n<meta name=\"robots\" content=\"index, follow, max-snippet:-1, max-image-preview:large, max-video-preview:-1\" \/>\n<link rel=\"canonical\" href=\"https:\/\/multi-mam.com\/si\/product\/multi-mam-komprese-obkladki\/\" \/>\n<meta property=\"og:locale\" content=\"sl_SI\" \/>\n<meta property=\"og:type\" content=\"article\" \/>\n<meta property=\"og:title\" content=\"Multi-Mam Komprese (obkladki) - Multi-Mam\" \/>\n<meta property=\"og:description\" content=\"Multi-Mam Komprese (obkladki) nudijo neposredno olaj\u0161anje pri te\u017eavah, s katerimi se sre\u010dujejo doje\u010de mamice, kot so otekline in ob\u010dutljivosti.\" \/>\n<meta property=\"og:url\" content=\"https:\/\/multi-mam.com\/si\/product\/multi-mam-komprese-obkladki\/\" \/>\n<meta property=\"og:site_name\" content=\"Multi-Mam\" \/>\n<meta property=\"article:modified_time\" content=\"2024-12-09T12:46:48+00:00\" \/>\n<meta property=\"og:image\" content=\"https:\/\/multi-mam.com\/app\/uploads\/sites\/30\/2023\/06\/MultiMam_Compresses.png\" \/>\n\t<meta property=\"og:image:width\" content=\"800\" \/>\n\t<meta property=\"og:image:height\" content=\"800\" \/>\n\t<meta property=\"og:image:type\" content=\"image\/png\" \/>\n<meta name=\"twitter:card\" content=\"summary_large_image\" \/>\n<meta name=\"twitter:label1\" content=\"Est. reading time\" \/>\n\t<meta name=\"twitter:data1\" content=\"2 minutes\" \/>\n<script type=\"application\/ld+json\" class=\"yoast-schema-graph\">{\"@context\":\"https:\/\/schema.org\",\"@graph\":[{\"@type\":\"WebPage\",\"@id\":\"https:\/\/multi-mam.com\/si\/product\/multi-mam-komprese-obkladki\/\",\"url\":\"https:\/\/multi-mam.com\/si\/product\/multi-mam-komprese-obkladki\/\",\"name\":\"Multi-Mam Komprese (obkladki) - Multi-Mam\",\"isPartOf\":{\"@id\":\"https:\/\/multi-mam.com\/si\/#website\"},\"primaryImageOfPage\":{\"@id\":\"https:\/\/multi-mam.com\/si\/product\/multi-mam-komprese-obkladki\/#primaryimage\"},\"image\":{\"@id\":\"https:\/\/multi-mam.com\/si\/product\/multi-mam-komprese-obkladki\/#primaryimage\"},\"thumbnailUrl\":\"https:\/\/multi-mam.com\/app\/uploads\/sites\/30\/2023\/06\/MultiMam_Compresses.png\",\"datePublished\":\"2023-06-28T12:18:50+00:00\",\"dateModified\":\"2024-12-09T12:46:48+00:00\",\"description\":\"Multi-Mam Komprese (obkladki) nudijo neposredno olaj\u0161anje pri te\u017eavah, s katerimi se sre\u010dujejo doje\u010de mamice, kot so otekline in ob\u010dutljivosti.\",\"breadcrumb\":{\"@id\":\"https:\/\/multi-mam.com\/si\/product\/multi-mam-komprese-obkladki\/#breadcrumb\"},\"inLanguage\":\"sl-SI\",\"potentialAction\":[{\"@type\":\"ReadAction\",\"target\":[\"https:\/\/multi-mam.com\/si\/product\/multi-mam-komprese-obkladki\/\"]}]},{\"@type\":\"ImageObject\",\"inLanguage\":\"sl-SI\",\"@id\":\"https:\/\/multi-mam.com\/si\/product\/multi-mam-komprese-obkladki\/#primaryimage\",\"url\":\"https:\/\/multi-mam.com\/app\/uploads\/sites\/30\/2023\/06\/MultiMam_Compresses.png\",\"contentUrl\":\"https:\/\/multi-mam.com\/app\/uploads\/sites\/30\/2023\/06\/MultiMam_Compresses.png\",\"width\":800,\"height\":800,\"caption\":\"Multi-Mam Komprese\"},{\"@type\":\"BreadcrumbList\",\"@id\":\"https:\/\/multi-mam.com\/si\/product\/multi-mam-komprese-obkladki\/#breadcrumb\",\"itemListElement\":[{\"@type\":\"ListItem\",\"position\":1,\"name\":\"Home\",\"item\":\"https:\/\/multi-mam.com\/si\/\"},{\"@type\":\"ListItem\",\"position\":2,\"name\":\"Na\u0161i proizvodi\",\"item\":\"https:\/\/multi-mam.com\/si\/nasi-proizvodi\/\"},{\"@type\":\"ListItem\",\"position\":3,\"name\":\"Multi-Mam Komprese (obkladki)\"}]},{\"@type\":\"WebSite\",\"@id\":\"https:\/\/multi-mam.com\/si\/#website\",\"url\":\"https:\/\/multi-mam.com\/si\/\",\"name\":\"Multi-Mam\",\"description\":\"\",\"publisher\":{\"@id\":\"https:\/\/multi-mam.com\/si\/#organization\"},\"potentialAction\":[{\"@type\":\"SearchAction\",\"target\":{\"@type\":\"EntryPoint\",\"urlTemplate\":\"https:\/\/multi-mam.com\/si\/?s={search_term_string}\"},\"query-input\":{\"@type\":\"PropertyValueSpecification\",\"valueRequired\":true,\"valueName\":\"search_term_string\"}}],\"inLanguage\":\"sl-SI\"},{\"@type\":\"Organization\",\"@id\":\"https:\/\/multi-mam.com\/si\/#organization\",\"name\":\"Multi-Mam\",\"url\":\"https:\/\/multi-mam.com\/si\/\",\"logo\":{\"@type\":\"ImageObject\",\"inLanguage\":\"sl-SI\",\"@id\":\"https:\/\/multi-mam.com\/si\/#\/schema\/logo\/image\/\",\"url\":\"https:\/\/multi-mam.com\/app\/uploads\/sites\/30\/2023\/06\/multi-mam-logotype.png\",\"contentUrl\":\"https:\/\/multi-mam.com\/app\/uploads\/sites\/30\/2023\/06\/multi-mam-logotype.png\",\"width\":70,\"height\":96,\"caption\":\"Multi-Mam\"},\"image\":{\"@id\":\"https:\/\/multi-mam.com\/si\/#\/schema\/logo\/image\/\"}}]}<\/script>\n<!-- \/ Yoast SEO plugin. -->","yoast_head_json":{"title":"Multi-Mam Komprese (obkladki) - Multi-Mam","description":"Multi-Mam Komprese (obkladki) nudijo neposredno olaj\u0161anje pri te\u017eavah, s katerimi se sre\u010dujejo doje\u010de mamice, kot so otekline in ob\u010dutljivosti.","robots":{"index":"index","follow":"follow","max-snippet":"max-snippet:-1","max-image-preview":"max-image-preview:large","max-video-preview":"max-video-preview:-1"},"canonical":"https:\/\/multi-mam.com\/si\/product\/multi-mam-komprese-obkladki\/","og_locale":"sl_SI","og_type":"article","og_title":"Multi-Mam Komprese (obkladki) - Multi-Mam","og_description":"Multi-Mam Komprese (obkladki) nudijo neposredno olaj\u0161anje pri te\u017eavah, s katerimi se sre\u010dujejo doje\u010de mamice, kot so otekline in ob\u010dutljivosti.","og_url":"https:\/\/multi-mam.com\/si\/product\/multi-mam-komprese-obkladki\/","og_site_name":"Multi-Mam","article_modified_time":"2024-12-09T12:46:48+00:00","og_image":[{"width":800,"height":800,"url":"https:\/\/multi-mam.com\/app\/uploads\/sites\/30\/2023\/06\/MultiMam_Compresses.png","type":"image\/png"}],"twitter_card":"summary_large_image","twitter_misc":{"Est. reading time":"2 minutes"},"schema":{"@context":"https:\/\/schema.org","@graph":[{"@type":"WebPage","@id":"https:\/\/multi-mam.com\/si\/product\/multi-mam-komprese-obkladki\/","url":"https:\/\/multi-mam.com\/si\/product\/multi-mam-komprese-obkladki\/","name":"Multi-Mam Komprese (obkladki) - Multi-Mam","isPartOf":{"@id":"https:\/\/multi-mam.com\/si\/#website"},"primaryImageOfPage":{"@id":"https:\/\/multi-mam.com\/si\/product\/multi-mam-komprese-obkladki\/#primaryimage"},"image":{"@id":"https:\/\/multi-mam.com\/si\/product\/multi-mam-komprese-obkladki\/#primaryimage"},"thumbnailUrl":"https:\/\/multi-mam.com\/app\/uploads\/sites\/30\/2023\/06\/MultiMam_Compresses.png","datePublished":"2023-06-28T12:18:50+00:00","dateModified":"2024-12-09T12:46:48+00:00","description":"Multi-Mam Komprese (obkladki) nudijo neposredno olaj\u0161anje pri te\u017eavah, s katerimi se sre\u010dujejo doje\u010de mamice, kot so otekline in ob\u010dutljivosti.","breadcrumb":{"@id":"https:\/\/multi-mam.com\/si\/product\/multi-mam-komprese-obkladki\/#breadcrumb"},"inLanguage":"sl-SI","potentialAction":[{"@type":"ReadAction","target":["https:\/\/multi-mam.com\/si\/product\/multi-mam-komprese-obkladki\/"]}]},{"@type":"ImageObject","inLanguage":"sl-SI","@id":"https:\/\/multi-mam.com\/si\/product\/multi-mam-komprese-obkladki\/#primaryimage","url":"https:\/\/multi-mam.com\/app\/uploads\/sites\/30\/2023\/06\/MultiMam_Compresses.png","contentUrl":"https:\/\/multi-mam.com\/app\/uploads\/sites\/30\/2023\/06\/MultiMam_Compresses.png","width":800,"height":800,"caption":"Multi-Mam Komprese"},{"@type":"BreadcrumbList","@id":"https:\/\/multi-mam.com\/si\/product\/multi-mam-komprese-obkladki\/#breadcrumb","itemListElement":[{"@type":"ListItem","position":1,"name":"Home","item":"https:\/\/multi-mam.com\/si\/"},{"@type":"ListItem","position":2,"name":"Na\u0161i proizvodi","item":"https:\/\/multi-mam.com\/si\/nasi-proizvodi\/"},{"@type":"ListItem","position":3,"name":"Multi-Mam Komprese (obkladki)"}]},{"@type":"WebSite","@id":"https:\/\/multi-mam.com\/si\/#website","url":"https:\/\/multi-mam.com\/si\/","name":"Multi-Mam","description":"","publisher":{"@id":"https:\/\/multi-mam.com\/si\/#organization"},"potentialAction":[{"@type":"SearchAction","target":{"@type":"EntryPoint","urlTemplate":"https:\/\/multi-mam.com\/si\/?s={search_term_string}"},"query-input":{"@type":"PropertyValueSpecification","valueRequired":true,"valueName":"search_term_string"}}],"inLanguage":"sl-SI"},{"@type":"Organization","@id":"https:\/\/multi-mam.com\/si\/#organization","name":"Multi-Mam","url":"https:\/\/multi-mam.com\/si\/","logo":{"@type":"ImageObject","inLanguage":"sl-SI","@id":"https:\/\/multi-mam.com\/si\/#\/schema\/logo\/image\/","url":"https:\/\/multi-mam.com\/app\/uploads\/sites\/30\/2023\/06\/multi-mam-logotype.png","contentUrl":"https:\/\/multi-mam.com\/app\/uploads\/sites\/30\/2023\/06\/multi-mam-logotype.png","width":70,"height":96,"caption":"Multi-Mam"},"image":{"@id":"https:\/\/multi-mam.com\/si\/#\/schema\/logo\/image\/"}}]}},"_links":{"self":[{"href":"https:\/\/multi-mam.com\/si\/wp-json\/wp\/v2\/product\/49","targetHints":{"allow":["GET"]}}],"collection":[{"href":"https:\/\/multi-mam.com\/si\/wp-json\/wp\/v2\/product"}],"about":[{"href":"https:\/\/multi-mam.com\/si\/wp-json\/wp\/v2\/types\/product"}],"replies":[{"embeddable":true,"href":"https:\/\/multi-mam.com\/si\/wp-json\/wp\/v2\/comments?post=49"}],"version-history":[{"count":8,"href":"https:\/\/multi-mam.com\/si\/wp-json\/wp\/v2\/product\/49\/revisions"}],"predecessor-version":[{"id":289,"href":"https:\/\/multi-mam.com\/si\/wp-json\/wp\/v2\/product\/49\/revisions\/289"}],"wp:featuredmedia":[{"embeddable":true,"href":"https:\/\/multi-mam.com\/si\/wp-json\/wp\/v2\/media\/54"}],"wp:attachment":[{"href":"https:\/\/multi-mam.com\/si\/wp-json\/wp\/v2\/media?parent=49"}],"wp:term":[{"taxonomy":"product_brand","embeddable":true,"href":"https:\/\/multi-mam.com\/si\/wp-json\/wp\/v2\/product_brand?post=49"},{"taxonomy":"product_cat","embeddable":true,"href":"https:\/\/multi-mam.com\/si\/wp-json\/wp\/v2\/product_cat?post=49"},{"taxonomy":"product_tag","embeddable":true,"href":"https:\/\/multi-mam.com\/si\/wp-json\/wp\/v2\/product_tag?post=49"}],"curies":[{"name":"wp","href":"https:\/\/api.w.org\/{rel}","templated":true}]}}