{"id":262,"date":"2023-07-24T10:32:24","date_gmt":"2023-07-24T08:32:24","guid":{"rendered":"https:\/\/multi-mam.com\/si\/?post_type=product&#038;p=262"},"modified":"2024-12-09T13:46:54","modified_gmt":"2024-12-09T12:46:54","slug":"multi-mam-protect","status":"publish","type":"product","link":"https:\/\/multi-mam.com\/si\/product\/multi-mam-protect\/","title":{"rendered":"Multi-Mam Protect"},"content":{"rendered":"\n<div class=\"wp-block-karopharma-accordions is-style-secondary\"><div class=\"container\">\n<details class=\"wp-block-karopharma-accordion\"><summary><h2 class=\"accordion-title\">Ali moram pred dojenjem odstraniti Multi-Mam Protect?<\/h2><\/summary><div class=\"accordion-content\">\n<p>Ne, je ne\u0161kodljiv v primeru, da ga dojen\u010dek pogoltne in ima nevtralen okus ter vonj. Posebej priporo\u010damo, da balzam nanesete neposredno po hranjenju &#8211; \u010de ga nanesete tik pred hranjenjem, lahko ima va\u0161 dojen\u010dek te\u017eave pri sesanju.<\/p>\n<\/div><\/details>\n\n\n\n<details class=\"wp-block-karopharma-accordion\"><summary><h2 class=\"accordion-title\">Kako pogosto moram uporabiti Multi-Mam Protect?<\/h2><\/summary><div class=\"accordion-content\">\n<p>Tako pogosto, kot \u017eelite. Posebej priporo\u010damo, da balzam nanesete neposredno po hranjenju &#8211; \u010de ga nanesete tik pred hranjenjem, lahko ima zaradi navla\u017eenih bradavic va\u0161 dojen\u010dek te\u017eave pri sesanju.<\/p>\n<\/div><\/details>\n\n\n\n<details class=\"wp-block-karopharma-accordion\"><summary><h2 class=\"accordion-title\">V \u010dem je razlika med Multi-Mam Protect in Multi-Mam Lanolin proizvodom?<\/h2><\/summary><div class=\"accordion-content\">\n<p>Multi-Mam Protect je izdelan iz izbora rastlinskih olj. Je alternativa lanolinu, izdelana na osnovi zeli\u0161\u010d. Lanolin pa je izdelan na osnovi pridobljenih ma\u0161\u010dob iz volne.<\/p>\n<\/div><\/details>\n<\/div><\/div>\n","protected":false},"excerpt":{"rendered":"<p>\u0160\u010diti bradavice pred izsu\u0161itvijo in razpokami<\/p>\n","protected":false},"featured_media":271,"comment_status":"closed","ping_status":"closed","template":"","meta":{"_acf_changed":false,"footnotes":""},"product_brand":[],"product_cat":[],"product_tag":[],"class_list":{"0":"post-262","1":"product","2":"type-product","3":"status-publish","4":"has-post-thumbnail","7":"first","8":"instock","9":"shipping-taxable","10":"product-type-simple"},"acf":[],"yoast_head":"<!-- This site is optimized with the Yoast SEO plugin v26.6 - https:\/\/yoast.com\/wordpress\/plugins\/seo\/ -->\n<title>Multi-Mam Protect - Multi-Mam<\/title>\n<meta name=\"description\" content=\"Multi-Mam Protect balm je ne\u017ena veganska formulacija v glavnem osnovana na rastlinskih oljih in ma\u0161\u010dobah.Multi-Mam Protect balm ne vsebuje parfumov in konzervansov ter ima nevtralen okus in vonj.Je dermatolo\u0161ko testiran.\" \/>\n<meta name=\"robots\" content=\"index, follow, max-snippet:-1, max-image-preview:large, max-video-preview:-1\" \/>\n<link rel=\"canonical\" href=\"https:\/\/multi-mam.com\/si\/product\/multi-mam-protect\/\" \/>\n<meta property=\"og:locale\" content=\"sl_SI\" \/>\n<meta property=\"og:type\" content=\"article\" \/>\n<meta property=\"og:title\" content=\"Multi-Mam Protect - Multi-Mam\" \/>\n<meta property=\"og:description\" content=\"Multi-Mam Protect balm je ne\u017ena veganska formulacija v glavnem osnovana na rastlinskih oljih in ma\u0161\u010dobah.Multi-Mam Protect balm ne vsebuje parfumov in konzervansov ter ima nevtralen okus in vonj.Je dermatolo\u0161ko testiran.\" \/>\n<meta property=\"og:url\" content=\"https:\/\/multi-mam.com\/si\/product\/multi-mam-protect\/\" \/>\n<meta property=\"og:site_name\" content=\"Multi-Mam\" \/>\n<meta property=\"article:modified_time\" content=\"2024-12-09T12:46:54+00:00\" \/>\n<meta property=\"og:image\" content=\"https:\/\/multi-mam.com\/app\/uploads\/sites\/30\/2023\/07\/MMprotect-1.png\" \/>\n\t<meta property=\"og:image:width\" content=\"2000\" \/>\n\t<meta property=\"og:image:height\" content=\"2000\" \/>\n\t<meta property=\"og:image:type\" content=\"image\/png\" \/>\n<meta name=\"twitter:card\" content=\"summary_large_image\" \/>\n<meta name=\"twitter:label1\" content=\"Est. reading time\" \/>\n\t<meta name=\"twitter:data1\" content=\"1 minute\" \/>\n<script type=\"application\/ld+json\" class=\"yoast-schema-graph\">{\"@context\":\"https:\/\/schema.org\",\"@graph\":[{\"@type\":\"WebPage\",\"@id\":\"https:\/\/multi-mam.com\/si\/product\/multi-mam-protect\/\",\"url\":\"https:\/\/multi-mam.com\/si\/product\/multi-mam-protect\/\",\"name\":\"Multi-Mam Protect - Multi-Mam\",\"isPartOf\":{\"@id\":\"https:\/\/multi-mam.com\/si\/#website\"},\"primaryImageOfPage\":{\"@id\":\"https:\/\/multi-mam.com\/si\/product\/multi-mam-protect\/#primaryimage\"},\"image\":{\"@id\":\"https:\/\/multi-mam.com\/si\/product\/multi-mam-protect\/#primaryimage\"},\"thumbnailUrl\":\"https:\/\/multi-mam.com\/app\/uploads\/sites\/30\/2023\/07\/MMprotect-1.png\",\"datePublished\":\"2023-07-24T08:32:24+00:00\",\"dateModified\":\"2024-12-09T12:46:54+00:00\",\"description\":\"Multi-Mam Protect balm je ne\u017ena veganska formulacija v glavnem osnovana na rastlinskih oljih in ma\u0161\u010dobah.Multi-Mam Protect balm ne vsebuje parfumov in konzervansov ter ima nevtralen okus in vonj.Je dermatolo\u0161ko testiran.\",\"breadcrumb\":{\"@id\":\"https:\/\/multi-mam.com\/si\/product\/multi-mam-protect\/#breadcrumb\"},\"inLanguage\":\"sl-SI\",\"potentialAction\":[{\"@type\":\"ReadAction\",\"target\":[\"https:\/\/multi-mam.com\/si\/product\/multi-mam-protect\/\"]}]},{\"@type\":\"ImageObject\",\"inLanguage\":\"sl-SI\",\"@id\":\"https:\/\/multi-mam.com\/si\/product\/multi-mam-protect\/#primaryimage\",\"url\":\"https:\/\/multi-mam.com\/app\/uploads\/sites\/30\/2023\/07\/MMprotect-1.png\",\"contentUrl\":\"https:\/\/multi-mam.com\/app\/uploads\/sites\/30\/2023\/07\/MMprotect-1.png\",\"width\":2000,\"height\":2000,\"caption\":\"Multi-Mam Protect\"},{\"@type\":\"BreadcrumbList\",\"@id\":\"https:\/\/multi-mam.com\/si\/product\/multi-mam-protect\/#breadcrumb\",\"itemListElement\":[{\"@type\":\"ListItem\",\"position\":1,\"name\":\"Home\",\"item\":\"https:\/\/multi-mam.com\/si\/\"},{\"@type\":\"ListItem\",\"position\":2,\"name\":\"Na\u0161i proizvodi\",\"item\":\"https:\/\/multi-mam.com\/si\/nasi-proizvodi\/\"},{\"@type\":\"ListItem\",\"position\":3,\"name\":\"Multi-Mam Protect\"}]},{\"@type\":\"WebSite\",\"@id\":\"https:\/\/multi-mam.com\/si\/#website\",\"url\":\"https:\/\/multi-mam.com\/si\/\",\"name\":\"Multi-Mam\",\"description\":\"\",\"publisher\":{\"@id\":\"https:\/\/multi-mam.com\/si\/#organization\"},\"potentialAction\":[{\"@type\":\"SearchAction\",\"target\":{\"@type\":\"EntryPoint\",\"urlTemplate\":\"https:\/\/multi-mam.com\/si\/?s={search_term_string}\"},\"query-input\":{\"@type\":\"PropertyValueSpecification\",\"valueRequired\":true,\"valueName\":\"search_term_string\"}}],\"inLanguage\":\"sl-SI\"},{\"@type\":\"Organization\",\"@id\":\"https:\/\/multi-mam.com\/si\/#organization\",\"name\":\"Multi-Mam\",\"url\":\"https:\/\/multi-mam.com\/si\/\",\"logo\":{\"@type\":\"ImageObject\",\"inLanguage\":\"sl-SI\",\"@id\":\"https:\/\/multi-mam.com\/si\/#\/schema\/logo\/image\/\",\"url\":\"https:\/\/multi-mam.com\/app\/uploads\/sites\/30\/2023\/06\/multi-mam-logotype.png\",\"contentUrl\":\"https:\/\/multi-mam.com\/app\/uploads\/sites\/30\/2023\/06\/multi-mam-logotype.png\",\"width\":70,\"height\":96,\"caption\":\"Multi-Mam\"},\"image\":{\"@id\":\"https:\/\/multi-mam.com\/si\/#\/schema\/logo\/image\/\"}}]}<\/script>\n<!-- \/ Yoast SEO plugin. -->","yoast_head_json":{"title":"Multi-Mam Protect - Multi-Mam","description":"Multi-Mam Protect balm je ne\u017ena veganska formulacija v glavnem osnovana na rastlinskih oljih in ma\u0161\u010dobah.Multi-Mam Protect balm ne vsebuje parfumov in konzervansov ter ima nevtralen okus in vonj.Je dermatolo\u0161ko testiran.","robots":{"index":"index","follow":"follow","max-snippet":"max-snippet:-1","max-image-preview":"max-image-preview:large","max-video-preview":"max-video-preview:-1"},"canonical":"https:\/\/multi-mam.com\/si\/product\/multi-mam-protect\/","og_locale":"sl_SI","og_type":"article","og_title":"Multi-Mam Protect - Multi-Mam","og_description":"Multi-Mam Protect balm je ne\u017ena veganska formulacija v glavnem osnovana na rastlinskih oljih in ma\u0161\u010dobah.Multi-Mam Protect balm ne vsebuje parfumov in konzervansov ter ima nevtralen okus in vonj.Je dermatolo\u0161ko testiran.","og_url":"https:\/\/multi-mam.com\/si\/product\/multi-mam-protect\/","og_site_name":"Multi-Mam","article_modified_time":"2024-12-09T12:46:54+00:00","og_image":[{"width":2000,"height":2000,"url":"https:\/\/multi-mam.com\/app\/uploads\/sites\/30\/2023\/07\/MMprotect-1.png","type":"image\/png"}],"twitter_card":"summary_large_image","twitter_misc":{"Est. reading time":"1 minute"},"schema":{"@context":"https:\/\/schema.org","@graph":[{"@type":"WebPage","@id":"https:\/\/multi-mam.com\/si\/product\/multi-mam-protect\/","url":"https:\/\/multi-mam.com\/si\/product\/multi-mam-protect\/","name":"Multi-Mam Protect - Multi-Mam","isPartOf":{"@id":"https:\/\/multi-mam.com\/si\/#website"},"primaryImageOfPage":{"@id":"https:\/\/multi-mam.com\/si\/product\/multi-mam-protect\/#primaryimage"},"image":{"@id":"https:\/\/multi-mam.com\/si\/product\/multi-mam-protect\/#primaryimage"},"thumbnailUrl":"https:\/\/multi-mam.com\/app\/uploads\/sites\/30\/2023\/07\/MMprotect-1.png","datePublished":"2023-07-24T08:32:24+00:00","dateModified":"2024-12-09T12:46:54+00:00","description":"Multi-Mam Protect balm je ne\u017ena veganska formulacija v glavnem osnovana na rastlinskih oljih in ma\u0161\u010dobah.Multi-Mam Protect balm ne vsebuje parfumov in konzervansov ter ima nevtralen okus in vonj.Je dermatolo\u0161ko testiran.","breadcrumb":{"@id":"https:\/\/multi-mam.com\/si\/product\/multi-mam-protect\/#breadcrumb"},"inLanguage":"sl-SI","potentialAction":[{"@type":"ReadAction","target":["https:\/\/multi-mam.com\/si\/product\/multi-mam-protect\/"]}]},{"@type":"ImageObject","inLanguage":"sl-SI","@id":"https:\/\/multi-mam.com\/si\/product\/multi-mam-protect\/#primaryimage","url":"https:\/\/multi-mam.com\/app\/uploads\/sites\/30\/2023\/07\/MMprotect-1.png","contentUrl":"https:\/\/multi-mam.com\/app\/uploads\/sites\/30\/2023\/07\/MMprotect-1.png","width":2000,"height":2000,"caption":"Multi-Mam Protect"},{"@type":"BreadcrumbList","@id":"https:\/\/multi-mam.com\/si\/product\/multi-mam-protect\/#breadcrumb","itemListElement":[{"@type":"ListItem","position":1,"name":"Home","item":"https:\/\/multi-mam.com\/si\/"},{"@type":"ListItem","position":2,"name":"Na\u0161i proizvodi","item":"https:\/\/multi-mam.com\/si\/nasi-proizvodi\/"},{"@type":"ListItem","position":3,"name":"Multi-Mam Protect"}]},{"@type":"WebSite","@id":"https:\/\/multi-mam.com\/si\/#website","url":"https:\/\/multi-mam.com\/si\/","name":"Multi-Mam","description":"","publisher":{"@id":"https:\/\/multi-mam.com\/si\/#organization"},"potentialAction":[{"@type":"SearchAction","target":{"@type":"EntryPoint","urlTemplate":"https:\/\/multi-mam.com\/si\/?s={search_term_string}"},"query-input":{"@type":"PropertyValueSpecification","valueRequired":true,"valueName":"search_term_string"}}],"inLanguage":"sl-SI"},{"@type":"Organization","@id":"https:\/\/multi-mam.com\/si\/#organization","name":"Multi-Mam","url":"https:\/\/multi-mam.com\/si\/","logo":{"@type":"ImageObject","inLanguage":"sl-SI","@id":"https:\/\/multi-mam.com\/si\/#\/schema\/logo\/image\/","url":"https:\/\/multi-mam.com\/app\/uploads\/sites\/30\/2023\/06\/multi-mam-logotype.png","contentUrl":"https:\/\/multi-mam.com\/app\/uploads\/sites\/30\/2023\/06\/multi-mam-logotype.png","width":70,"height":96,"caption":"Multi-Mam"},"image":{"@id":"https:\/\/multi-mam.com\/si\/#\/schema\/logo\/image\/"}}]}},"_links":{"self":[{"href":"https:\/\/multi-mam.com\/si\/wp-json\/wp\/v2\/product\/262","targetHints":{"allow":["GET"]}}],"collection":[{"href":"https:\/\/multi-mam.com\/si\/wp-json\/wp\/v2\/product"}],"about":[{"href":"https:\/\/multi-mam.com\/si\/wp-json\/wp\/v2\/types\/product"}],"replies":[{"embeddable":true,"href":"https:\/\/multi-mam.com\/si\/wp-json\/wp\/v2\/comments?post=262"}],"version-history":[{"count":9,"href":"https:\/\/multi-mam.com\/si\/wp-json\/wp\/v2\/product\/262\/revisions"}],"predecessor-version":[{"id":291,"href":"https:\/\/multi-mam.com\/si\/wp-json\/wp\/v2\/product\/262\/revisions\/291"}],"wp:featuredmedia":[{"embeddable":true,"href":"https:\/\/multi-mam.com\/si\/wp-json\/wp\/v2\/media\/271"}],"wp:attachment":[{"href":"https:\/\/multi-mam.com\/si\/wp-json\/wp\/v2\/media?parent=262"}],"wp:term":[{"taxonomy":"product_brand","embeddable":true,"href":"https:\/\/multi-mam.com\/si\/wp-json\/wp\/v2\/product_brand?post=262"},{"taxonomy":"product_cat","embeddable":true,"href":"https:\/\/multi-mam.com\/si\/wp-json\/wp\/v2\/product_cat?post=262"},{"taxonomy":"product_tag","embeddable":true,"href":"https:\/\/multi-mam.com\/si\/wp-json\/wp\/v2\/product_tag?post=262"}],"curies":[{"name":"wp","href":"https:\/\/api.w.org\/{rel}","templated":true}]}}