{"id":96,"date":"2023-07-05T08:28:41","date_gmt":"2023-07-05T06:28:41","guid":{"rendered":"https:\/\/multi-mam.com\/si\/?page_id=96"},"modified":"2023-09-06T15:29:35","modified_gmt":"2023-09-06T13:29:35","slug":"nasveti-strokovnjakov","status":"publish","type":"page","link":"https:\/\/multi-mam.com\/si\/nasveti-strokovnjakov\/","title":{"rendered":"Nasveti strokovnjakov"},"content":{"rendered":"\n<div class=\"wp-block-karopharma-free-text pt-large pb-large bg-center bg-cover bg-no-repeat  is-style-primary\" style=\"background-image:url()\"><div class=\"free-text-wrapper container max-w-medium text-left\">\n<h1 class=\"wp-block-heading\">Nasveti strokovnjakov pri dojenju in pri izra\u0161\u010danju zobkov<\/h1>\n\n\n\n<p>Biti mamica je lahko zelo razburljivo in je velik izziv. Mamice vedo, da je dojenje dobro za dojen\u010dkovo zdravje, kot tudi za njihovo lastno dobro po\u010dutje, kar je tudi najpomembnej\u0161i faktor, da z dojenjem nadaljujejo. Tukaj boste na\u0161li koristne \u010dlanke o tem kako zmanj\u0161ati stres in kako narediti obdobje dojenja \u010dim bolj udobno za vas in za va\u0161ega dojen\u010dka.<\/p>\n\n\n\n<p>Otrokove tegobe med fazo izra\u0161\u010danja zobkov so lahko te\u017eavne tudi za star\u0161e. Zato nudimo nasvete, kako zmanj\u0161ati te\u017eave ter tudi koristne informacije o razvoju zobkov in o odstavljanju.<\/p>\n<\/div><\/div>\n\n\n\n<div class=\"wp-block-karopharma-free-text pt-large pb-large bg-center bg-cover bg-no-repeat\" style=\"background-image:url()\"><div class=\"free-text-wrapper container max-w-medium text-left\">\n<h2 class=\"is-style-heading-h2 wp-block-heading\">Preberite \u010dlanke:<\/h2>\n\n\n<div class=\"menu-nav-list widget widget_nav_menu\">\n            <h3 class=\"widget_title\">Dojenje<\/h3>\n                <ul class=\"menu\">\n                            <li class=\"menu-item\">\n                    <a href=\"https:\/\/multi-mam.com\/si\/nasveti-strokovnjakov\/dojenje\/nacin-prehrane-pri-dojenju\/\" title=\"Na\u010din prehrane pri dojenju\">Na\u010din prehrane pri dojenju<\/a>\n                <\/li>\n                            <li class=\"menu-item\">\n                    <a href=\"https:\/\/multi-mam.com\/si\/nasveti-strokovnjakov\/dojenje\/kako-povecati-oskrbo-materinega-mleka\/\" title=\"Kako pove\u010dati oskrbo materinega mleka\">Kako pove\u010dati oskrbo materinega mleka<\/a>\n                <\/li>\n                            <li class=\"menu-item\">\n                    <a href=\"https:\/\/multi-mam.com\/si\/nasveti-strokovnjakov\/dojenje\/kako-na-naraven-nacin-povisam-kolicino-materinega-mleka\/\" title=\"Kako na naraven na\u010din povi\u0161am koli\u010dino materinega mleka\">Kako na naraven na\u010din povi\u0161am koli\u010dino materinega mleka<\/a>\n                <\/li>\n                            <li class=\"menu-item\">\n                    <a href=\"https:\/\/multi-mam.com\/si\/nasveti-strokovnjakov\/dojenje\/kako-lajsati-bolecino-ki-jo-povzroca-dojenje\/\" title=\"Kako laj\u0161ati bole\u010dino ki jo povzro\u010da dojenje\">Kako laj\u0161ati bole\u010dino ki jo povzro\u010da dojenje<\/a>\n                <\/li>\n                            <li class=\"menu-item\">\n                    <a href=\"https:\/\/multi-mam.com\/si\/nasveti-strokovnjakov\/dojenje\/vzroki-za-bolecine-pri-dojenju\/\" title=\"Vzroki za bole\u010dine pri dojenju\">Vzroki za bole\u010dine pri dojenju<\/a>\n                <\/li>\n                            <li class=\"menu-item\">\n                    <a href=\"https:\/\/multi-mam.com\/si\/nasveti-strokovnjakov\/dojenje\/dojencek-ki-med-dojenjem-grize\/\" title=\"Dojen\u010dek, ki med dojenjem grize\">Dojen\u010dek, ki med dojenjem grize<\/a>\n                <\/li>\n                            <li class=\"menu-item\">\n                    <a href=\"https:\/\/multi-mam.com\/si\/nasveti-strokovnjakov\/dojenje\/tabela-dojenckove-prehrane\/\" title=\"Tabela dojen\u010dkove prehrane\">Tabela dojen\u010dkove prehrane<\/a>\n                <\/li>\n                            <li class=\"menu-item\">\n                    <a href=\"https:\/\/multi-mam.com\/si\/nasveti-strokovnjakov\/dojenje\/nasveti-za-dojenje\/\" title=\"Nasveti za dojenje\">Nasveti za dojenje<\/a>\n                <\/li>\n                            <li class=\"menu-item\">\n                    <a href=\"https:\/\/multi-mam.com\/si\/nasveti-strokovnjakov\/dojenje\/bolecine-v-prsih-med-dojenjem\/\" title=\"Bole\u010dine v prsih med dojenjem\">Bole\u010dine v prsih med dojenjem<\/a>\n                <\/li>\n                            <li class=\"menu-item\">\n                    <a href=\"https:\/\/multi-mam.com\/si\/nasveti-strokovnjakov\/dojenje\/odstavljanje\/\" title=\"Odstavljanje\">Odstavljanje<\/a>\n                <\/li>\n                            <li class=\"menu-item\">\n                    <a href=\"https:\/\/multi-mam.com\/si\/nasveti-strokovnjakov\/dojenje\/alkohol-in-dojenje\/\" title=\"Alkohol in dojenje\">Alkohol in dojenje<\/a>\n                <\/li>\n                            <li class=\"menu-item\">\n                    <a href=\"https:\/\/multi-mam.com\/si\/nasveti-strokovnjakov\/dojenje\/anatomija-dojk\/\" title=\"Anatomija dojk\">Anatomija dojk<\/a>\n                <\/li>\n                            <li class=\"menu-item\">\n                    <a href=\"https:\/\/multi-mam.com\/si\/nasveti-strokovnjakov\/dojenje\/prednosti-dojenja\/\" title=\"Prednosti dojenja\">Prednosti dojenja<\/a>\n                <\/li>\n                    <\/ul>\n    <\/div>\n\n\n<div class=\"menu-nav-list widget widget_nav_menu\">\n            <h3 class=\"widget_title\">Izra\u0161\u010danje zobkov<\/h3>\n                <ul class=\"menu\">\n                            <li class=\"menu-item\">\n                    <a href=\"https:\/\/multi-mam.com\/si\/nasveti-strokovnjakov\/izrascanje-zobkov\/tabela-izrascanja-dojenckovih-zobkov\/\" title=\"Tabela izra\u0161\u010danja dojen\u010dkovih zobkov\">Tabela izra\u0161\u010danja dojen\u010dkovih zobkov<\/a>\n                <\/li>\n                            <li class=\"menu-item\">\n                    <a href=\"https:\/\/multi-mam.com\/si\/nasveti-strokovnjakov\/izrascanje-zobkov\/kdaj-naj-pricnem-otroku-scetkati-zobke\/\" title=\"Kdaj naj pri\u010dnem otroku \u0161\u010detkati zobke?\">Kdaj naj pri\u010dnem otroku \u0161\u010detkati zobke?<\/a>\n                <\/li>\n                            <li class=\"menu-item\">\n                    <a href=\"https:\/\/multi-mam.com\/si\/nasveti-strokovnjakov\/izrascanje-zobkov\/ko-dojenckom-pricnejo-izrascati-zobki\/\" title=\"Ko dojen\u010dkom pri\u010dnejo izra\u0161\u010dati zobki\">Ko dojen\u010dkom pri\u010dnejo izra\u0161\u010dati zobki<\/a>\n                <\/li>\n                            <li class=\"menu-item\">\n                    <a href=\"https:\/\/multi-mam.com\/si\/nasveti-strokovnjakov\/izrascanje-zobkov\/igrace-za-lajsanje-izrascanja-zobkov\/\" title=\"Igra\u010de za laj\u0161anje izra\u0161\u010danja zobkov\">Igra\u010de za laj\u0161anje izra\u0161\u010danja zobkov<\/a>\n                <\/li>\n                            <li class=\"menu-item\">\n                    <a href=\"https:\/\/multi-mam.com\/si\/nasveti-strokovnjakov\/izrascanje-zobkov\/zdravila-pri-izrascanju-zobkov\/\" title=\"Zdravila pri izra\u0161\u010danju zobkov\">Zdravila pri izra\u0161\u010danju zobkov<\/a>\n                <\/li>\n                            <li class=\"menu-item\">\n                    <a href=\"https:\/\/multi-mam.com\/si\/nasveti-strokovnjakov\/izrascanje-zobkov\/simptomi-pri-izrascanju-zobkov\/\" title=\"Simptomi pri izra\u0161\u010danju zobkov\">Simptomi pri izra\u0161\u010danju zobkov<\/a>\n                <\/li>\n                    <\/ul>\n    <\/div>\n<\/div><\/div>\n","protected":false},"excerpt":{"rendered":"","protected":false},"author":2,"featured_media":0,"parent":0,"menu_order":0,"comment_status":"closed","ping_status":"closed","template":"","meta":{"_acf_changed":false,"footnotes":""},"from-article-database":[],"class_list":["post-96","page","type-page","status-publish","hentry"],"acf":[],"yoast_head":"<!-- This site is optimized with the Yoast SEO plugin v26.6 - https:\/\/yoast.com\/wordpress\/plugins\/seo\/ -->\n<title>Nasveti strokovnjakov - Multi-Mam<\/title>\n<meta name=\"description\" content=\"Biti mamica je lahko zelo razburljivo in je velik izziv. Mamice vedo, da je dojenje dobro za dojen\u010dkovo zdravje, kot tudi za njihovo lastno dobro po\u010dutje, kar je tudi najpomembnej\u0161i faktor, da z dojenjem nadaljujejo.\" \/>\n<meta name=\"robots\" content=\"index, follow, max-snippet:-1, max-image-preview:large, max-video-preview:-1\" \/>\n<link rel=\"canonical\" href=\"https:\/\/multi-mam.com\/si\/nasveti-strokovnjakov\/\" \/>\n<meta property=\"og:locale\" content=\"sl_SI\" \/>\n<meta property=\"og:type\" content=\"article\" \/>\n<meta property=\"og:title\" content=\"Nasveti strokovnjakov - Multi-Mam\" \/>\n<meta property=\"og:description\" content=\"Biti mamica je lahko zelo razburljivo in je velik izziv. Mamice vedo, da je dojenje dobro za dojen\u010dkovo zdravje, kot tudi za njihovo lastno dobro po\u010dutje, kar je tudi najpomembnej\u0161i faktor, da z dojenjem nadaljujejo.\" \/>\n<meta property=\"og:url\" content=\"https:\/\/multi-mam.com\/si\/nasveti-strokovnjakov\/\" \/>\n<meta property=\"og:site_name\" content=\"Multi-Mam\" \/>\n<meta property=\"article:modified_time\" content=\"2023-09-06T13:29:35+00:00\" \/>\n<meta name=\"twitter:card\" content=\"summary_large_image\" \/>\n<meta name=\"twitter:label1\" content=\"Est. reading time\" \/>\n\t<meta name=\"twitter:data1\" content=\"1 minute\" \/>\n<script type=\"application\/ld+json\" class=\"yoast-schema-graph\">{\"@context\":\"https:\/\/schema.org\",\"@graph\":[{\"@type\":\"WebPage\",\"@id\":\"https:\/\/multi-mam.com\/si\/nasveti-strokovnjakov\/\",\"url\":\"https:\/\/multi-mam.com\/si\/nasveti-strokovnjakov\/\",\"name\":\"Nasveti strokovnjakov - Multi-Mam\",\"isPartOf\":{\"@id\":\"https:\/\/multi-mam.com\/si\/#website\"},\"datePublished\":\"2023-07-05T06:28:41+00:00\",\"dateModified\":\"2023-09-06T13:29:35+00:00\",\"description\":\"Biti mamica je lahko zelo razburljivo in je velik izziv. Mamice vedo, da je dojenje dobro za dojen\u010dkovo zdravje, kot tudi za njihovo lastno dobro po\u010dutje, kar je tudi najpomembnej\u0161i faktor, da z dojenjem nadaljujejo.\",\"breadcrumb\":{\"@id\":\"https:\/\/multi-mam.com\/si\/nasveti-strokovnjakov\/#breadcrumb\"},\"inLanguage\":\"sl-SI\",\"potentialAction\":[{\"@type\":\"ReadAction\",\"target\":[\"https:\/\/multi-mam.com\/si\/nasveti-strokovnjakov\/\"]}]},{\"@type\":\"BreadcrumbList\",\"@id\":\"https:\/\/multi-mam.com\/si\/nasveti-strokovnjakov\/#breadcrumb\",\"itemListElement\":[{\"@type\":\"ListItem\",\"position\":1,\"name\":\"Home\",\"item\":\"https:\/\/multi-mam.com\/si\/\"},{\"@type\":\"ListItem\",\"position\":2,\"name\":\"Nasveti strokovnjakov\"}]},{\"@type\":\"WebSite\",\"@id\":\"https:\/\/multi-mam.com\/si\/#website\",\"url\":\"https:\/\/multi-mam.com\/si\/\",\"name\":\"Multi-Mam\",\"description\":\"\",\"publisher\":{\"@id\":\"https:\/\/multi-mam.com\/si\/#organization\"},\"potentialAction\":[{\"@type\":\"SearchAction\",\"target\":{\"@type\":\"EntryPoint\",\"urlTemplate\":\"https:\/\/multi-mam.com\/si\/?s={search_term_string}\"},\"query-input\":{\"@type\":\"PropertyValueSpecification\",\"valueRequired\":true,\"valueName\":\"search_term_string\"}}],\"inLanguage\":\"sl-SI\"},{\"@type\":\"Organization\",\"@id\":\"https:\/\/multi-mam.com\/si\/#organization\",\"name\":\"Multi-Mam\",\"url\":\"https:\/\/multi-mam.com\/si\/\",\"logo\":{\"@type\":\"ImageObject\",\"inLanguage\":\"sl-SI\",\"@id\":\"https:\/\/multi-mam.com\/si\/#\/schema\/logo\/image\/\",\"url\":\"https:\/\/multi-mam.com\/app\/uploads\/sites\/30\/2023\/06\/multi-mam-logotype.png\",\"contentUrl\":\"https:\/\/multi-mam.com\/app\/uploads\/sites\/30\/2023\/06\/multi-mam-logotype.png\",\"width\":70,\"height\":96,\"caption\":\"Multi-Mam\"},\"image\":{\"@id\":\"https:\/\/multi-mam.com\/si\/#\/schema\/logo\/image\/\"}}]}<\/script>\n<!-- \/ Yoast SEO plugin. -->","yoast_head_json":{"title":"Nasveti strokovnjakov - Multi-Mam","description":"Biti mamica je lahko zelo razburljivo in je velik izziv. Mamice vedo, da je dojenje dobro za dojen\u010dkovo zdravje, kot tudi za njihovo lastno dobro po\u010dutje, kar je tudi najpomembnej\u0161i faktor, da z dojenjem nadaljujejo.","robots":{"index":"index","follow":"follow","max-snippet":"max-snippet:-1","max-image-preview":"max-image-preview:large","max-video-preview":"max-video-preview:-1"},"canonical":"https:\/\/multi-mam.com\/si\/nasveti-strokovnjakov\/","og_locale":"sl_SI","og_type":"article","og_title":"Nasveti strokovnjakov - Multi-Mam","og_description":"Biti mamica je lahko zelo razburljivo in je velik izziv. Mamice vedo, da je dojenje dobro za dojen\u010dkovo zdravje, kot tudi za njihovo lastno dobro po\u010dutje, kar je tudi najpomembnej\u0161i faktor, da z dojenjem nadaljujejo.","og_url":"https:\/\/multi-mam.com\/si\/nasveti-strokovnjakov\/","og_site_name":"Multi-Mam","article_modified_time":"2023-09-06T13:29:35+00:00","twitter_card":"summary_large_image","twitter_misc":{"Est. reading time":"1 minute"},"schema":{"@context":"https:\/\/schema.org","@graph":[{"@type":"WebPage","@id":"https:\/\/multi-mam.com\/si\/nasveti-strokovnjakov\/","url":"https:\/\/multi-mam.com\/si\/nasveti-strokovnjakov\/","name":"Nasveti strokovnjakov - Multi-Mam","isPartOf":{"@id":"https:\/\/multi-mam.com\/si\/#website"},"datePublished":"2023-07-05T06:28:41+00:00","dateModified":"2023-09-06T13:29:35+00:00","description":"Biti mamica je lahko zelo razburljivo in je velik izziv. Mamice vedo, da je dojenje dobro za dojen\u010dkovo zdravje, kot tudi za njihovo lastno dobro po\u010dutje, kar je tudi najpomembnej\u0161i faktor, da z dojenjem nadaljujejo.","breadcrumb":{"@id":"https:\/\/multi-mam.com\/si\/nasveti-strokovnjakov\/#breadcrumb"},"inLanguage":"sl-SI","potentialAction":[{"@type":"ReadAction","target":["https:\/\/multi-mam.com\/si\/nasveti-strokovnjakov\/"]}]},{"@type":"BreadcrumbList","@id":"https:\/\/multi-mam.com\/si\/nasveti-strokovnjakov\/#breadcrumb","itemListElement":[{"@type":"ListItem","position":1,"name":"Home","item":"https:\/\/multi-mam.com\/si\/"},{"@type":"ListItem","position":2,"name":"Nasveti strokovnjakov"}]},{"@type":"WebSite","@id":"https:\/\/multi-mam.com\/si\/#website","url":"https:\/\/multi-mam.com\/si\/","name":"Multi-Mam","description":"","publisher":{"@id":"https:\/\/multi-mam.com\/si\/#organization"},"potentialAction":[{"@type":"SearchAction","target":{"@type":"EntryPoint","urlTemplate":"https:\/\/multi-mam.com\/si\/?s={search_term_string}"},"query-input":{"@type":"PropertyValueSpecification","valueRequired":true,"valueName":"search_term_string"}}],"inLanguage":"sl-SI"},{"@type":"Organization","@id":"https:\/\/multi-mam.com\/si\/#organization","name":"Multi-Mam","url":"https:\/\/multi-mam.com\/si\/","logo":{"@type":"ImageObject","inLanguage":"sl-SI","@id":"https:\/\/multi-mam.com\/si\/#\/schema\/logo\/image\/","url":"https:\/\/multi-mam.com\/app\/uploads\/sites\/30\/2023\/06\/multi-mam-logotype.png","contentUrl":"https:\/\/multi-mam.com\/app\/uploads\/sites\/30\/2023\/06\/multi-mam-logotype.png","width":70,"height":96,"caption":"Multi-Mam"},"image":{"@id":"https:\/\/multi-mam.com\/si\/#\/schema\/logo\/image\/"}}]}},"_links":{"self":[{"href":"https:\/\/multi-mam.com\/si\/wp-json\/wp\/v2\/pages\/96","targetHints":{"allow":["GET"]}}],"collection":[{"href":"https:\/\/multi-mam.com\/si\/wp-json\/wp\/v2\/pages"}],"about":[{"href":"https:\/\/multi-mam.com\/si\/wp-json\/wp\/v2\/types\/page"}],"author":[{"embeddable":true,"href":"https:\/\/multi-mam.com\/si\/wp-json\/wp\/v2\/users\/2"}],"replies":[{"embeddable":true,"href":"https:\/\/multi-mam.com\/si\/wp-json\/wp\/v2\/comments?post=96"}],"version-history":[{"count":3,"href":"https:\/\/multi-mam.com\/si\/wp-json\/wp\/v2\/pages\/96\/revisions"}],"predecessor-version":[{"id":234,"href":"https:\/\/multi-mam.com\/si\/wp-json\/wp\/v2\/pages\/96\/revisions\/234"}],"wp:attachment":[{"href":"https:\/\/multi-mam.com\/si\/wp-json\/wp\/v2\/media?parent=96"}],"wp:term":[{"taxonomy":"from-article-database","embeddable":true,"href":"https:\/\/multi-mam.com\/si\/wp-json\/wp\/v2\/from-article-database?post=96"}],"curies":[{"name":"wp","href":"https:\/\/api.w.org\/{rel}","templated":true}]}}