{"id":6,"date":"2023-06-14T10:21:49","date_gmt":"2023-06-14T10:21:49","guid":{"rendered":"https:\/\/multi-mam.com\/si\/?page_id=6"},"modified":"2024-03-18T14:54:54","modified_gmt":"2024-03-18T13:54:54","slug":"multi-mam","status":"publish","type":"page","link":"https:\/\/multi-mam.com\/si\/","title":{"rendered":"Multi-Mam"},"content":{"rendered":"\n<div class=\"wp-block-karopharma-free-text pt-large pb-large bg-left-top bg-cover bg-no-repeat bg-box undefined\" style=\"background-image:url(https:\/\/multi-mam.com\/cdn-cgi\/image\/format=auto\/app\/uploads\/sites\/2\/2022\/06\/multi-mam.jpeg)\"><div class=\"free-text-wrapper container max-w-medium text-center\">\n<figure class=\"wp-block-image size-full\"><img loading=\"lazy\" decoding=\"async\" width=\"860\" height=\"506\" src=\"https:\/\/multi-mam.com\/app\/uploads\/sites\/30\/2023\/07\/MultiMam_group_INT_GR_003.png\" alt=\"Multi-Mam proizvodi\" class=\"wp-image-246\" srcset=\"https:\/\/multi-mam.com\/app\/uploads\/sites\/30\/2023\/07\/MultiMam_group_INT_GR_003.png 860w, https:\/\/multi-mam.com\/app\/uploads\/sites\/30\/2023\/07\/MultiMam_group_INT_GR_003-320x188.png 320w, https:\/\/multi-mam.com\/app\/uploads\/sites\/30\/2023\/07\/MultiMam_group_INT_GR_003-768x452.png 768w, https:\/\/multi-mam.com\/app\/uploads\/sites\/30\/2023\/07\/MultiMam_group_INT_GR_003-600x353.png 600w\" sizes=\"auto, (max-width: 860px) 100vw, 860px\" \/><\/figure>\n\n\n\n<h1 class=\"is-style-heading-huge has-primary-color has-text-color wp-block-heading\" id=\"love-is-all-you-need\">Ljubezen je vse, kar potrebujete<\/h1>\n\n\n\n<h2 class=\"is-style-heading-h2 has-primary-color has-text-color wp-block-heading\" id=\"und-multi-mam-fur-mutter-und-kind\">&#8230;in Multi-Mam<sup>\u00ae<\/sup> za vas in va\u0161ega otroka.<\/h2>\n\n\n\n<div class=\"wp-block-buttons is-layout-flex wp-block-buttons-is-layout-flex\">\n<div class=\"wp-block-button is-style-secondary-button\"><a class=\"wp-block-button__link\" href=\"https:\/\/multi-mam.com\/si\/nasi-proizvodi\/\">Izvedi ve\u010d<\/a><\/div>\n<\/div>\n<\/div><\/div>\n\n\n<div class=\"product-list wp-block-karopharma-product-list\" data-testid=\"product-list\">\n      <div class=\"swiper-container\">\n      <div class=\"swiper\">\n        <div class=\"swiper-wrapper\">\n                      <div class=\"swiper-slide\">\n              <div class=\"product-card\" data-testid=\"product-card\">\n  <a\n    href=https:\/\/multi-mam.com\/si\/product\/multi-mam-protect\/\n    class=\"product-card-link\"\n    title=\"Multi-Mam Protect\"\n  >\n  <figure class=\"product-card-image\" data-testid=\"product-image\">\n                          <img decoding=\"async\" src=\"https:\/\/multi-mam.com\/cdn-cgi\/image\/width=700,format=auto\/app\/uploads\/sites\/30\/2023\/07\/MMprotect-1.png\"\n        srcset=\"https:\/\/multi-mam.com\/cdn-cgi\/image\/width=250,format=auto\/app\/uploads\/sites\/30\/2023\/07\/MMprotect-1.png 250w,\n                https:\/\/multi-mam.com\/cdn-cgi\/image\/width=500,format=auto\/app\/uploads\/sites\/30\/2023\/07\/MMprotect-1.png 500w,\n                https:\/\/multi-mam.com\/cdn-cgi\/image\/width=700,format=auto\/app\/uploads\/sites\/30\/2023\/07\/MMprotect-1.png 700w\"\n        sizes=\"(max-width: 400px) 250px, (max-width: 800px) 500px, 700px\"\n        alt=\"Multi-Mam Protect\"\n        class=\"img\">\n            <\/figure>\n    <div class=\"product-card-content\">\n      <div class=\"heading-wrapper\">\n        <h2 class=\"heading\">Multi-Mam Protect<\/h2>\n      <\/div>\n      <div class=\"product-card-description\">\u0160\u010diti bradavice pred izsu\u0161itvijo in razpokami<\/div>\n                      <\/div>\n  <\/a>\n          <div class=\"button-wrapper buy-now \" data-testid=\"buy-now\">\n      <div class=\"buy-now-container dropdown-container\">\n      <div class=\"theme-button button-primary-color dropdown-link\" aria-label=\"Kupite zdaj\">\n          Kupite zdaj <i class=\"dropdown\"><\/i>\n      <\/div>\n      <ul class=\"reseller-list submenu\">\n                    <li>\n              <a\n                href=\"https:\/\/e-apoteka.si\/izdelek\/multi-mam-balm-balzam\/\" onclick=\"dataLayer.push({'event':'ga_event', 'eventCategory':'Click on Reseller', 'eventAction':'e-apoteka', 'eventLabel':'Multi-Mam Protect', 'eventValue': undefined})\" rel=\"noopener\" target=\"_blank\" title=\"e-apoteka\"\n                data-testid=\"buy-now-reseller\">\n                <i class=\"fa-solid fa-arrow-right\"><\/i> e-apoteka\n              <\/a>\n          <\/li>\n                    <li>\n              <a\n                href=\"https:\/\/www.moja-lekarna.com\/multi-mam-zascitni-balzam-za-nego-bradavic-30-ml\" onclick=\"dataLayer.push({'event':'ga_event', 'eventCategory':'Click on Reseller', 'eventAction':'Moja Lekarna', 'eventLabel':'Multi-Mam Protect', 'eventValue': undefined})\" rel=\"noopener\" target=\"_blank\" title=\"Moja Lekarna\"\n                data-testid=\"buy-now-reseller\">\n                <i class=\"fa-solid fa-arrow-right\"><\/i> Moja Lekarna\n              <\/a>\n          <\/li>\n                <\/ul>\n    <\/div>\n  <\/div>\n  <\/div>\n            <\/div>\n                      <div class=\"swiper-slide\">\n              <div class=\"product-card\" data-testid=\"product-card\">\n  <a\n    href=https:\/\/multi-mam.com\/si\/product\/multi-mam-lanolin\/\n    class=\"product-card-link\"\n    title=\"Multi-Mam Lanolin\"\n  >\n  <figure class=\"product-card-image\" data-testid=\"product-image\">\n                          <img decoding=\"async\" src=\"https:\/\/multi-mam.com\/cdn-cgi\/image\/width=700,format=auto\/app\/uploads\/sites\/30\/2023\/06\/Multi-Mam-Lanolin.png\"\n        srcset=\"https:\/\/multi-mam.com\/cdn-cgi\/image\/width=250,format=auto\/app\/uploads\/sites\/30\/2023\/06\/Multi-Mam-Lanolin.png 250w,\n                https:\/\/multi-mam.com\/cdn-cgi\/image\/width=500,format=auto\/app\/uploads\/sites\/30\/2023\/06\/Multi-Mam-Lanolin.png 500w,\n                https:\/\/multi-mam.com\/cdn-cgi\/image\/width=700,format=auto\/app\/uploads\/sites\/30\/2023\/06\/Multi-Mam-Lanolin.png 700w\"\n        sizes=\"(max-width: 400px) 250px, (max-width: 800px) 500px, 700px\"\n        alt=\"Multi-Mam Lanolin\"\n        class=\"img\">\n            <\/figure>\n    <div class=\"product-card-content\">\n      <div class=\"heading-wrapper\">\n        <h2 class=\"heading\">Multi-Mam Lanolin<\/h2>\n      <\/div>\n      <div class=\"product-card-description\">Nega za bradavice za doje\u010de mamice<\/div>\n                      <\/div>\n  <\/a>\n          <div class=\"button-wrapper buy-now \" data-testid=\"buy-now\">\n      <div class=\"buy-now-container dropdown-container\">\n      <div class=\"theme-button button-primary-color dropdown-link\" aria-label=\"Kupite zdaj\">\n          Kupite zdaj <i class=\"dropdown\"><\/i>\n      <\/div>\n      <ul class=\"reseller-list submenu\">\n                    <li>\n              <a\n                href=\"https:\/\/www.prvalekarna.com\/kozmetika\/nega-obraza-in-telesa-licenje\/i_3107_multi-mam-lanolin\" onclick=\"dataLayer.push({'event':'ga_event', 'eventCategory':'Click on Reseller', 'eventAction':'e-apoteka', 'eventLabel':'Multi-Mam Lanolin', 'eventValue': undefined})\" rel=\"noopener\" target=\"_blank\" title=\"e-apoteka\"\n                data-testid=\"buy-now-reseller\">\n                <i class=\"fa-solid fa-arrow-right\"><\/i> e-apoteka\n              <\/a>\n          <\/li>\n                    <li>\n              <a\n                href=\"https:\/\/www.moja-lekarna.com\/multi-mam-bioclin-lanolin-30-ml\" onclick=\"dataLayer.push({'event':'ga_event', 'eventCategory':'Click on Reseller', 'eventAction':'Moja Lekarna', 'eventLabel':'Multi-Mam Lanolin', 'eventValue': undefined})\" rel=\"noopener\" target=\"_blank\" title=\"Moja Lekarna\"\n                data-testid=\"buy-now-reseller\">\n                <i class=\"fa-solid fa-arrow-right\"><\/i> Moja Lekarna\n              <\/a>\n          <\/li>\n                    <li>\n              <a\n                href=\"https:\/\/e-apoteka.si\/izdelek\/multi-mam-lanolin\/\" onclick=\"dataLayer.push({'event':'ga_event', 'eventCategory':'Click on Reseller', 'eventAction':'Prvalekarna', 'eventLabel':'Multi-Mam Lanolin', 'eventValue': undefined})\" rel=\"noopener\" target=\"_blank\" title=\"Prvalekarna\"\n                data-testid=\"buy-now-reseller\">\n                <i class=\"fa-solid fa-arrow-right\"><\/i> Prvalekarna\n              <\/a>\n          <\/li>\n                <\/ul>\n    <\/div>\n  <\/div>\n  <\/div>\n            <\/div>\n                      <div class=\"swiper-slide\">\n              <div class=\"product-card\" data-testid=\"product-card\">\n  <a\n    href=https:\/\/multi-mam.com\/si\/product\/multi-mam-komprese-obkladki\/\n    class=\"product-card-link\"\n    title=\"Multi-Mam Komprese (obkladki)\"\n  >\n  <figure class=\"product-card-image\" data-testid=\"product-image\">\n                          <img decoding=\"async\" src=\"https:\/\/multi-mam.com\/cdn-cgi\/image\/width=700,format=auto\/app\/uploads\/sites\/30\/2023\/06\/MultiMam_Compresses.png\"\n        srcset=\"https:\/\/multi-mam.com\/cdn-cgi\/image\/width=250,format=auto\/app\/uploads\/sites\/30\/2023\/06\/MultiMam_Compresses.png 250w,\n                https:\/\/multi-mam.com\/cdn-cgi\/image\/width=500,format=auto\/app\/uploads\/sites\/30\/2023\/06\/MultiMam_Compresses.png 500w,\n                https:\/\/multi-mam.com\/cdn-cgi\/image\/width=700,format=auto\/app\/uploads\/sites\/30\/2023\/06\/MultiMam_Compresses.png 700w\"\n        sizes=\"(max-width: 400px) 250px, (max-width: 800px) 500px, 700px\"\n        alt=\"Multi-Mam Komprese\"\n        class=\"img\">\n            <\/figure>\n    <div class=\"product-card-content\">\n      <div class=\"heading-wrapper\">\n        <h2 class=\"heading\">Multi-Mam Komprese (obkladki)<\/h2>\n      <\/div>\n      <div class=\"product-card-description\">Intenzivna nega bradavic za doje\u010de mamice\n<\/div>\n                      <\/div>\n  <\/a>\n          <div class=\"button-wrapper buy-now \" data-testid=\"buy-now\">\n      <div class=\"buy-now-container dropdown-container\">\n      <div class=\"theme-button button-primary-color dropdown-link\" aria-label=\"Kupite zdaj\">\n          Kupite zdaj <i class=\"dropdown\"><\/i>\n      <\/div>\n      <ul class=\"reseller-list submenu\">\n                    <li>\n              <a\n                href=\"https:\/\/e-apoteka.si\/izdelek\/multi-mam-compress-zascitne-blazinice\/\" onclick=\"dataLayer.push({'event':'ga_event', 'eventCategory':'Click on Reseller', 'eventAction':'e-apoteka', 'eventLabel':'Multi-Mam Komprese (obkladki)', 'eventValue': undefined})\" rel=\"noopener\" target=\"_blank\" title=\"e-apoteka\"\n                data-testid=\"buy-now-reseller\">\n                <i class=\"fa-solid fa-arrow-right\"><\/i> e-apoteka\n              <\/a>\n          <\/li>\n                    <li>\n              <a\n                href=\"https:\/\/www.moja-lekarna.com\/multi-mam-compresses-mehke-zascitne-blazinice-12-blazinic\" onclick=\"dataLayer.push({'event':'ga_event', 'eventCategory':'Click on Reseller', 'eventAction':'Moja Lekarna', 'eventLabel':'Multi-Mam Komprese (obkladki)', 'eventValue': undefined})\" rel=\"noopener\" target=\"_blank\" title=\"Moja Lekarna\"\n                data-testid=\"buy-now-reseller\">\n                <i class=\"fa-solid fa-arrow-right\"><\/i> Moja Lekarna\n              <\/a>\n          <\/li>\n                    <li>\n              <a\n                href=\"https:\/\/www.prvalekarna.com\/zdravje\/drugo\/i_14263_multi-mam-blazinice\" onclick=\"dataLayer.push({'event':'ga_event', 'eventCategory':'Click on Reseller', 'eventAction':'Prvalekarna', 'eventLabel':'Multi-Mam Komprese (obkladki)', 'eventValue': undefined})\" rel=\"noopener\" target=\"_blank\" title=\"Prvalekarna\"\n                data-testid=\"buy-now-reseller\">\n                <i class=\"fa-solid fa-arrow-right\"><\/i> Prvalekarna\n              <\/a>\n          <\/li>\n                <\/ul>\n    <\/div>\n  <\/div>\n  <\/div>\n            <\/div>\n                      <div class=\"swiper-slide\">\n              <div class=\"product-card\" data-testid=\"product-card\">\n  <a\n    href=https:\/\/multi-mam.com\/si\/product\/multi-mam-babydent\/\n    class=\"product-card-link\"\n    title=\"Multi-Mam BabyDent\"\n  >\n  <figure class=\"product-card-image\" data-testid=\"product-image\">\n                          <img decoding=\"async\" src=\"https:\/\/multi-mam.com\/cdn-cgi\/image\/width=700,format=auto\/app\/uploads\/sites\/30\/2023\/06\/MultiMamBabyDent15UnpackagedINTA02.png\"\n        srcset=\"https:\/\/multi-mam.com\/cdn-cgi\/image\/width=250,format=auto\/app\/uploads\/sites\/30\/2023\/06\/MultiMamBabyDent15UnpackagedINTA02.png 250w,\n                https:\/\/multi-mam.com\/cdn-cgi\/image\/width=500,format=auto\/app\/uploads\/sites\/30\/2023\/06\/MultiMamBabyDent15UnpackagedINTA02.png 500w,\n                https:\/\/multi-mam.com\/cdn-cgi\/image\/width=700,format=auto\/app\/uploads\/sites\/30\/2023\/06\/MultiMamBabyDent15UnpackagedINTA02.png 700w\"\n        sizes=\"(max-width: 400px) 250px, (max-width: 800px) 500px, 700px\"\n        alt=\"Multi-Mam BabyDent\"\n        class=\"img\">\n            <\/figure>\n    <div class=\"product-card-content\">\n      <div class=\"heading-wrapper\">\n        <h2 class=\"heading\">Multi-Mam BabyDent<\/h2>\n      <\/div>\n      <div class=\"product-card-description\">Bla\u017ee\u010de olaj\u0161anje pri izra\u0161\u010danju dojen\u010dkovih zobkov<\/div>\n                      <\/div>\n  <\/a>\n          <div class=\"button-wrapper buy-now \" data-testid=\"buy-now\">\n      <div class=\"buy-now-container dropdown-container\">\n      <div class=\"theme-button button-primary-color dropdown-link\" aria-label=\"Kupite zdaj\">\n          Kupite zdaj <i class=\"dropdown\"><\/i>\n      <\/div>\n      <ul class=\"reseller-list submenu\">\n                    <li>\n              <a\n                href=\"https:\/\/e-apoteka.si\/izdelek\/multi-mam-babydent-gel\/\" onclick=\"dataLayer.push({'event':'ga_event', 'eventCategory':'Click on Reseller', 'eventAction':'e-apoteka', 'eventLabel':'Multi-Mam BabyDent', 'eventValue': undefined})\" rel=\"noopener\" target=\"_blank\" title=\"e-apoteka\"\n                data-testid=\"buy-now-reseller\">\n                <i class=\"fa-solid fa-arrow-right\"><\/i> e-apoteka\n              <\/a>\n          <\/li>\n                    <li>\n              <a\n                href=\"https:\/\/www.moja-lekarna.com\/multi-mam-babydent-gel-15-ml\" onclick=\"dataLayer.push({'event':'ga_event', 'eventCategory':'Click on Reseller', 'eventAction':'Moja Lekarna', 'eventLabel':'Multi-Mam BabyDent', 'eventValue': undefined})\" rel=\"noopener\" target=\"_blank\" title=\"Moja Lekarna\"\n                data-testid=\"buy-now-reseller\">\n                <i class=\"fa-solid fa-arrow-right\"><\/i> Moja Lekarna\n              <\/a>\n          <\/li>\n                    <li>\n              <a\n                href=\"https:\/\/www.prvalekarna.com\/zdravje\/dihala-usta-grlo-nos-usesa-oci\/i_14266_multi-mam-babydent-gel\" onclick=\"dataLayer.push({'event':'ga_event', 'eventCategory':'Click on Reseller', 'eventAction':'Prvalekarna', 'eventLabel':'Multi-Mam BabyDent', 'eventValue': undefined})\" rel=\"noopener\" target=\"_blank\" title=\"Prvalekarna\"\n                data-testid=\"buy-now-reseller\">\n                <i class=\"fa-solid fa-arrow-right\"><\/i> Prvalekarna\n              <\/a>\n          <\/li>\n                <\/ul>\n    <\/div>\n  <\/div>\n  <\/div>\n            <\/div>\n                  <\/div>\n        <div class=\"swiper-scrollbar\"><\/div>\n      <\/div>\n    <\/div>\n  <\/div>\n\n\n\n<section class=\"wp-block-karopharma-image-with-text image-with-text image-with-text__full-width is-style-primary\"><div class=\"image-with-text-container \"><div class=\"image-with-text-container-image-container\"><img decoding=\"async\" loading=\"lazy\" src=\"https:\/\/multi-mam.com\/cdn-cgi\/image\/format=auto\/app\/uploads\/sites\/2\/2022\/06\/start-multimam.jpeg\" alt=\"Enjoy getting to know each other\"\/><\/div><div class=\"image-with-text-container-content\" style=\"text-align:left\" data-test=\"content\"><div class=\"content\"><h2>U\u017eivajte v spoznavanju<\/h2><p class=\"body\" data-test=\"body\">Postati mama je prijetno in posebno, ob\u010dutek \u017eivljenja pa je lahko osupljiv. V tem dragocenem obdobju je zlahka pozabiti, da je prav tako pomembno, da skrbite zase kot za svojega otroka. Izzivi, kot so bole\u010de bradavice, utrujenost in nelagodje pri izra\u0161\u010danju zob, so pogosti pri materah z novorojen\u010dkom in morda boste potrebovali dodatno pomo\u010d. Takrat nastopi Multi-Mam, da vam omogo\u010di dober za\u010detek. Kajti \u010de se vi kot mama po\u010dutite dobro, obstaja velika verjetnost, da bo va\u0161 otrok sprejel to harmonijo.<\/p>\n<div class=\"wp-block-buttons is-content-justification-left is-layout-flex wp-container-core-buttons-is-layout-fdcfc74e wp-block-buttons-is-layout-flex\">\n<div class=\"wp-block-button\"><a class=\"wp-block-button__link\" href=\"https:\/\/multi-mam.com\/si\/nasi-proizvodi\/\">Odkrijte izdelke<\/a><\/div>\n<\/div>\n<\/div><\/div><\/div><\/section>\n","protected":false},"excerpt":{"rendered":"","protected":false},"author":2,"featured_media":0,"parent":0,"menu_order":0,"comment_status":"closed","ping_status":"closed","template":"","meta":{"_acf_changed":false,"footnotes":""},"from-article-database":[],"class_list":["post-6","page","type-page","status-publish","hentry"],"acf":[],"yoast_head":"<!-- This site is optimized with the Yoast SEO plugin v26.6 - https:\/\/yoast.com\/wordpress\/plugins\/seo\/ -->\n<title>Multi-Mam - Multi-Mam<\/title>\n<meta name=\"description\" content=\"Ljubezen je vse, kar potrebujete\u2026in Multi-Mam\u00ae za vas in va\u0161ega otroka. Postati mama je prijetno in posebno, ob\u010dutek \u017eivljenja pa je lahko osupljiv.\" \/>\n<meta name=\"robots\" content=\"index, follow, max-snippet:-1, max-image-preview:large, max-video-preview:-1\" \/>\n<link rel=\"canonical\" href=\"https:\/\/multi-mam.com\/si\/\" \/>\n<meta property=\"og:locale\" content=\"sl_SI\" \/>\n<meta property=\"og:type\" content=\"article\" \/>\n<meta property=\"og:title\" content=\"Multi-Mam - Multi-Mam\" \/>\n<meta property=\"og:description\" content=\"Ljubezen je vse, kar potrebujete\u2026in Multi-Mam\u00ae za vas in va\u0161ega otroka. Postati mama je prijetno in posebno, ob\u010dutek \u017eivljenja pa je lahko osupljiv.\" \/>\n<meta property=\"og:url\" content=\"https:\/\/multi-mam.com\/si\/\" \/>\n<meta property=\"og:site_name\" content=\"Multi-Mam\" \/>\n<meta property=\"article:modified_time\" content=\"2024-03-18T13:54:54+00:00\" \/>\n<meta property=\"og:image\" content=\"https:\/\/multi-mam.com\/app\/uploads\/sites\/30\/2023\/07\/MultiMam_group_INT_GR_003.png\" \/>\n<meta name=\"twitter:card\" content=\"summary_large_image\" \/>\n<meta name=\"twitter:label1\" content=\"Est. reading time\" \/>\n\t<meta name=\"twitter:data1\" content=\"1 minute\" \/>\n<script type=\"application\/ld+json\" class=\"yoast-schema-graph\">{\"@context\":\"https:\/\/schema.org\",\"@graph\":[{\"@type\":\"WebPage\",\"@id\":\"https:\/\/multi-mam.com\/si\/\",\"url\":\"https:\/\/multi-mam.com\/si\/\",\"name\":\"Multi-Mam - Multi-Mam\",\"isPartOf\":{\"@id\":\"https:\/\/multi-mam.com\/si\/#website\"},\"primaryImageOfPage\":{\"@id\":\"https:\/\/multi-mam.com\/si\/#primaryimage\"},\"image\":{\"@id\":\"https:\/\/multi-mam.com\/si\/#primaryimage\"},\"thumbnailUrl\":\"https:\/\/multi-mam.com\/app\/uploads\/sites\/30\/2023\/07\/MultiMam_group_INT_GR_003.png\",\"datePublished\":\"2023-06-14T10:21:49+00:00\",\"dateModified\":\"2024-03-18T13:54:54+00:00\",\"description\":\"Ljubezen je vse, kar potrebujete\u2026in Multi-Mam\u00ae za vas in va\u0161ega otroka. Postati mama je prijetno in posebno, ob\u010dutek \u017eivljenja pa je lahko osupljiv.\",\"breadcrumb\":{\"@id\":\"https:\/\/multi-mam.com\/si\/#breadcrumb\"},\"inLanguage\":\"sl-SI\",\"potentialAction\":[{\"@type\":\"ReadAction\",\"target\":[\"https:\/\/multi-mam.com\/si\/\"]}]},{\"@type\":\"ImageObject\",\"inLanguage\":\"sl-SI\",\"@id\":\"https:\/\/multi-mam.com\/si\/#primaryimage\",\"url\":\"https:\/\/multi-mam.com\/app\/uploads\/sites\/30\/2023\/07\/MultiMam_group_INT_GR_003.png\",\"contentUrl\":\"https:\/\/multi-mam.com\/app\/uploads\/sites\/30\/2023\/07\/MultiMam_group_INT_GR_003.png\"},{\"@type\":\"BreadcrumbList\",\"@id\":\"https:\/\/multi-mam.com\/si\/#breadcrumb\",\"itemListElement\":[{\"@type\":\"ListItem\",\"position\":1,\"name\":\"Home\",\"item\":\"https:\/\/multi-mam.com\/si\/\"},{\"@type\":\"ListItem\",\"position\":2,\"name\":\"Multi-Mam\"}]},{\"@type\":\"WebSite\",\"@id\":\"https:\/\/multi-mam.com\/si\/#website\",\"url\":\"https:\/\/multi-mam.com\/si\/\",\"name\":\"Multi-Mam\",\"description\":\"\",\"publisher\":{\"@id\":\"https:\/\/multi-mam.com\/si\/#organization\"},\"potentialAction\":[{\"@type\":\"SearchAction\",\"target\":{\"@type\":\"EntryPoint\",\"urlTemplate\":\"https:\/\/multi-mam.com\/si\/?s={search_term_string}\"},\"query-input\":{\"@type\":\"PropertyValueSpecification\",\"valueRequired\":true,\"valueName\":\"search_term_string\"}}],\"inLanguage\":\"sl-SI\"},{\"@type\":\"Organization\",\"@id\":\"https:\/\/multi-mam.com\/si\/#organization\",\"name\":\"Multi-Mam\",\"url\":\"https:\/\/multi-mam.com\/si\/\",\"logo\":{\"@type\":\"ImageObject\",\"inLanguage\":\"sl-SI\",\"@id\":\"https:\/\/multi-mam.com\/si\/#\/schema\/logo\/image\/\",\"url\":\"https:\/\/multi-mam.com\/app\/uploads\/sites\/30\/2023\/06\/multi-mam-logotype.png\",\"contentUrl\":\"https:\/\/multi-mam.com\/app\/uploads\/sites\/30\/2023\/06\/multi-mam-logotype.png\",\"width\":70,\"height\":96,\"caption\":\"Multi-Mam\"},\"image\":{\"@id\":\"https:\/\/multi-mam.com\/si\/#\/schema\/logo\/image\/\"}}]}<\/script>\n<!-- \/ Yoast SEO plugin. -->","yoast_head_json":{"title":"Multi-Mam - Multi-Mam","description":"Ljubezen je vse, kar potrebujete\u2026in Multi-Mam\u00ae za vas in va\u0161ega otroka. Postati mama je prijetno in posebno, ob\u010dutek \u017eivljenja pa je lahko osupljiv.","robots":{"index":"index","follow":"follow","max-snippet":"max-snippet:-1","max-image-preview":"max-image-preview:large","max-video-preview":"max-video-preview:-1"},"canonical":"https:\/\/multi-mam.com\/si\/","og_locale":"sl_SI","og_type":"article","og_title":"Multi-Mam - Multi-Mam","og_description":"Ljubezen je vse, kar potrebujete\u2026in Multi-Mam\u00ae za vas in va\u0161ega otroka. Postati mama je prijetno in posebno, ob\u010dutek \u017eivljenja pa je lahko osupljiv.","og_url":"https:\/\/multi-mam.com\/si\/","og_site_name":"Multi-Mam","article_modified_time":"2024-03-18T13:54:54+00:00","og_image":[{"url":"https:\/\/multi-mam.com\/app\/uploads\/sites\/30\/2023\/07\/MultiMam_group_INT_GR_003.png","type":"","width":"","height":""}],"twitter_card":"summary_large_image","twitter_misc":{"Est. reading time":"1 minute"},"schema":{"@context":"https:\/\/schema.org","@graph":[{"@type":"WebPage","@id":"https:\/\/multi-mam.com\/si\/","url":"https:\/\/multi-mam.com\/si\/","name":"Multi-Mam - Multi-Mam","isPartOf":{"@id":"https:\/\/multi-mam.com\/si\/#website"},"primaryImageOfPage":{"@id":"https:\/\/multi-mam.com\/si\/#primaryimage"},"image":{"@id":"https:\/\/multi-mam.com\/si\/#primaryimage"},"thumbnailUrl":"https:\/\/multi-mam.com\/app\/uploads\/sites\/30\/2023\/07\/MultiMam_group_INT_GR_003.png","datePublished":"2023-06-14T10:21:49+00:00","dateModified":"2024-03-18T13:54:54+00:00","description":"Ljubezen je vse, kar potrebujete\u2026in Multi-Mam\u00ae za vas in va\u0161ega otroka. Postati mama je prijetno in posebno, ob\u010dutek \u017eivljenja pa je lahko osupljiv.","breadcrumb":{"@id":"https:\/\/multi-mam.com\/si\/#breadcrumb"},"inLanguage":"sl-SI","potentialAction":[{"@type":"ReadAction","target":["https:\/\/multi-mam.com\/si\/"]}]},{"@type":"ImageObject","inLanguage":"sl-SI","@id":"https:\/\/multi-mam.com\/si\/#primaryimage","url":"https:\/\/multi-mam.com\/app\/uploads\/sites\/30\/2023\/07\/MultiMam_group_INT_GR_003.png","contentUrl":"https:\/\/multi-mam.com\/app\/uploads\/sites\/30\/2023\/07\/MultiMam_group_INT_GR_003.png"},{"@type":"BreadcrumbList","@id":"https:\/\/multi-mam.com\/si\/#breadcrumb","itemListElement":[{"@type":"ListItem","position":1,"name":"Home","item":"https:\/\/multi-mam.com\/si\/"},{"@type":"ListItem","position":2,"name":"Multi-Mam"}]},{"@type":"WebSite","@id":"https:\/\/multi-mam.com\/si\/#website","url":"https:\/\/multi-mam.com\/si\/","name":"Multi-Mam","description":"","publisher":{"@id":"https:\/\/multi-mam.com\/si\/#organization"},"potentialAction":[{"@type":"SearchAction","target":{"@type":"EntryPoint","urlTemplate":"https:\/\/multi-mam.com\/si\/?s={search_term_string}"},"query-input":{"@type":"PropertyValueSpecification","valueRequired":true,"valueName":"search_term_string"}}],"inLanguage":"sl-SI"},{"@type":"Organization","@id":"https:\/\/multi-mam.com\/si\/#organization","name":"Multi-Mam","url":"https:\/\/multi-mam.com\/si\/","logo":{"@type":"ImageObject","inLanguage":"sl-SI","@id":"https:\/\/multi-mam.com\/si\/#\/schema\/logo\/image\/","url":"https:\/\/multi-mam.com\/app\/uploads\/sites\/30\/2023\/06\/multi-mam-logotype.png","contentUrl":"https:\/\/multi-mam.com\/app\/uploads\/sites\/30\/2023\/06\/multi-mam-logotype.png","width":70,"height":96,"caption":"Multi-Mam"},"image":{"@id":"https:\/\/multi-mam.com\/si\/#\/schema\/logo\/image\/"}}]}},"_links":{"self":[{"href":"https:\/\/multi-mam.com\/si\/wp-json\/wp\/v2\/pages\/6","targetHints":{"allow":["GET"]}}],"collection":[{"href":"https:\/\/multi-mam.com\/si\/wp-json\/wp\/v2\/pages"}],"about":[{"href":"https:\/\/multi-mam.com\/si\/wp-json\/wp\/v2\/types\/page"}],"author":[{"embeddable":true,"href":"https:\/\/multi-mam.com\/si\/wp-json\/wp\/v2\/users\/2"}],"replies":[{"embeddable":true,"href":"https:\/\/multi-mam.com\/si\/wp-json\/wp\/v2\/comments?post=6"}],"version-history":[{"count":4,"href":"https:\/\/multi-mam.com\/si\/wp-json\/wp\/v2\/pages\/6\/revisions"}],"predecessor-version":[{"id":248,"href":"https:\/\/multi-mam.com\/si\/wp-json\/wp\/v2\/pages\/6\/revisions\/248"}],"wp:attachment":[{"href":"https:\/\/multi-mam.com\/si\/wp-json\/wp\/v2\/media?parent=6"}],"wp:term":[{"taxonomy":"from-article-database","embeddable":true,"href":"https:\/\/multi-mam.com\/si\/wp-json\/wp\/v2\/from-article-database?post=6"}],"curies":[{"name":"wp","href":"https:\/\/api.w.org\/{rel}","templated":true}]}}