{"id":35,"date":"2023-06-28T11:54:28","date_gmt":"2023-06-28T09:54:28","guid":{"rendered":"https:\/\/multi-mam.com\/si\/?page_id=35"},"modified":"2023-09-06T15:29:45","modified_gmt":"2023-09-06T13:29:45","slug":"pogosto-zastavljeno-vprasanje","status":"publish","type":"page","link":"https:\/\/multi-mam.com\/si\/pogosto-zastavljeno-vprasanje\/","title":{"rendered":"Pogosta vpra\u0161anja"},"content":{"rendered":"\n<div class=\"wp-block-karopharma-background-image-with-text-v2 background-image-with-text-v2 undefined content-position-center fixed-height-layout\" datatest=\"root\"><div class=\"background-image-with-text-wrapper\"><picture class=\"background-image-with-text-image\"><source media=\"(max-width: 560px)\" srcset=\"https:\/\/multi-mam.com\/cdn-cgi\/image\/format=auto,width=560\/app\/uploads\/sites\/30\/2023\/06\/faq.jpeg\"\/><source media=\"(max-width: 800px)\" srcset=\"https:\/\/multi-mam.com\/cdn-cgi\/image\/format=auto,width=800\/app\/uploads\/sites\/30\/2023\/06\/faq.jpeg\"\/><source media=\"(max-width: 1920px)\" srcset=\"https:\/\/multi-mam.com\/cdn-cgi\/image\/format=auto,width=1920\/app\/uploads\/sites\/30\/2023\/06\/faq.jpeg\"\/><img decoding=\"async\" width=\"1400\" height=\"933\" datatest=\"background-image\" loading=\"lazy\" class=\"object-center object-cover\" src=\"https:\/\/multi-mam.com\/cdn-cgi\/image\/format=auto\/app\/uploads\/sites\/30\/2023\/06\/faq.jpeg\" alt=\"faq\"\/><\/picture><div datatest=\"content-wrapper\" class=\"background-image-with-text-content-wrapper container max-w-medium text-alignment-center  pt-large pb-large\"><div class=\"content\"><h1 datatest=\"heading\" class=\"\">Pogosto zastavljeno vpra\u0161anje<\/h1>\n<div class=\"wp-block-buttons is-layout-flex wp-block-buttons-is-layout-flex\"><\/div>\n<\/div><\/div><\/div><\/div>\n\n\n\n<div class=\"wp-block-karopharma-accordions\"><div class=\"container\">\n<details class=\"wp-block-karopharma-accordion\"><summary><h2 class=\"accordion-title\">Konstantno imam te\u017eave zaradi razpok na bradavicah, kar je zelo bole\u010de. Kaj lahko ukrenem?<\/h2><\/summary><div class=\"accordion-content\">\n<p>Najbolj\u0161a re\u0161itev je, da najprej uporabite komprese (obkladke), da bi tako odpravili razpoke, saj pospe\u0161ujejo vla\u017eno celjenje. Da bi prepre\u010dili nastanek razpok in da bi zmeh\u010dali ko\u017eo, lahko uporabite mazilo. Multi-Mam Balm je mazilo, ki ponovno okrepi in neguje ko\u017eno tkivo. Je izdelano iz zeli\u0161\u010dnih sestavin, ima nevtralen okus in ni \u0161kodljivo v primeru, da ga pogoltnemo. Tako nudi optimalno dnevno za\u0161\u010dito med dojenjem.<\/p>\n<\/div><\/details>\n\n\n\n<details class=\"wp-block-karopharma-accordion\"><summary><h2 class=\"accordion-title\">Kaj so vzroki za te\u017eave z bradavicami?<\/h2><\/summary><div class=\"accordion-content\">\n<p>Ve\u010dina po\u0161kodb na bradavicah je posledica nepravilnega sesanja; pomembno je, da je najbolj ob\u010dutljiv del tkiva bradavice potisnjen globoko v dojen\u010dkova usta. Uporaba proizvodov, ki zmanj\u0161ujejo naravno za\u0161\u010dito ko\u017ee, kot so mila in \u0161amponi, lahko tudi povzro\u010di nastanek razpok na bradavicah. Kon\u010dno so lahko glivi\u010dna infekcija, ekcem ali pa nagnjenost k suhi ko\u017ei potencialni vzroki za te\u017eave z bradavicami.<\/p>\n<\/div><\/details>\n<\/div><\/div>\n","protected":false},"excerpt":{"rendered":"","protected":false},"author":2,"featured_media":0,"parent":0,"menu_order":0,"comment_status":"closed","ping_status":"closed","template":"","meta":{"_acf_changed":false,"footnotes":""},"from-article-database":[],"class_list":["post-35","page","type-page","status-publish","hentry"],"acf":[],"yoast_head":"<!-- This site is optimized with the Yoast SEO plugin v26.6 - https:\/\/yoast.com\/wordpress\/plugins\/seo\/ -->\n<title>Pogosta vpra\u0161anja - Multi-Mam<\/title>\n<meta name=\"description\" content=\"Konstantno imam te\u017eave zaradi razpok na bradavicah, kar je zelo bole\u010de. Kaj lahko ukrenem? Kaj so vzroki za te\u017eave z bradavicami?\" \/>\n<meta name=\"robots\" content=\"index, follow, max-snippet:-1, max-image-preview:large, max-video-preview:-1\" \/>\n<link rel=\"canonical\" href=\"https:\/\/multi-mam.com\/si\/pogosto-zastavljeno-vprasanje\/\" \/>\n<meta property=\"og:locale\" content=\"sl_SI\" \/>\n<meta property=\"og:type\" content=\"article\" \/>\n<meta property=\"og:title\" content=\"Pogosta vpra\u0161anja - Multi-Mam\" \/>\n<meta property=\"og:description\" content=\"Konstantno imam te\u017eave zaradi razpok na bradavicah, kar je zelo bole\u010de. Kaj lahko ukrenem? Kaj so vzroki za te\u017eave z bradavicami?\" \/>\n<meta property=\"og:url\" content=\"https:\/\/multi-mam.com\/si\/pogosto-zastavljeno-vprasanje\/\" \/>\n<meta property=\"og:site_name\" content=\"Multi-Mam\" \/>\n<meta property=\"article:modified_time\" content=\"2023-09-06T13:29:45+00:00\" \/>\n<meta property=\"og:image\" content=\"https:\/\/multi-mam.com\/cdn-cgi\/image\/format=auto\/app\/uploads\/sites\/30\/2023\/06\/faq.jpeg\" \/>\n<meta name=\"twitter:card\" content=\"summary_large_image\" \/>\n<meta name=\"twitter:label1\" content=\"Est. reading time\" \/>\n\t<meta name=\"twitter:data1\" content=\"2 minutes\" \/>\n<script type=\"application\/ld+json\" class=\"yoast-schema-graph\">{\"@context\":\"https:\/\/schema.org\",\"@graph\":[{\"@type\":\"WebPage\",\"@id\":\"https:\/\/multi-mam.com\/si\/pogosto-zastavljeno-vprasanje\/\",\"url\":\"https:\/\/multi-mam.com\/si\/pogosto-zastavljeno-vprasanje\/\",\"name\":\"Pogosta vpra\u0161anja - Multi-Mam\",\"isPartOf\":{\"@id\":\"https:\/\/multi-mam.com\/si\/#website\"},\"primaryImageOfPage\":{\"@id\":\"https:\/\/multi-mam.com\/si\/pogosto-zastavljeno-vprasanje\/#primaryimage\"},\"image\":{\"@id\":\"https:\/\/multi-mam.com\/si\/pogosto-zastavljeno-vprasanje\/#primaryimage\"},\"thumbnailUrl\":\"https:\/\/multi-mam.com\/cdn-cgi\/image\/format=auto\/app\/uploads\/sites\/30\/2023\/06\/faq.jpeg\",\"datePublished\":\"2023-06-28T09:54:28+00:00\",\"dateModified\":\"2023-09-06T13:29:45+00:00\",\"description\":\"Konstantno imam te\u017eave zaradi razpok na bradavicah, kar je zelo bole\u010de. Kaj lahko ukrenem? Kaj so vzroki za te\u017eave z bradavicami?\",\"breadcrumb\":{\"@id\":\"https:\/\/multi-mam.com\/si\/pogosto-zastavljeno-vprasanje\/#breadcrumb\"},\"inLanguage\":\"sl-SI\",\"potentialAction\":[{\"@type\":\"ReadAction\",\"target\":[\"https:\/\/multi-mam.com\/si\/pogosto-zastavljeno-vprasanje\/\"]}]},{\"@type\":\"ImageObject\",\"inLanguage\":\"sl-SI\",\"@id\":\"https:\/\/multi-mam.com\/si\/pogosto-zastavljeno-vprasanje\/#primaryimage\",\"url\":\"https:\/\/multi-mam.com\/cdn-cgi\/image\/format=auto\/app\/uploads\/sites\/30\/2023\/06\/faq.jpeg\",\"contentUrl\":\"https:\/\/multi-mam.com\/cdn-cgi\/image\/format=auto\/app\/uploads\/sites\/30\/2023\/06\/faq.jpeg\"},{\"@type\":\"BreadcrumbList\",\"@id\":\"https:\/\/multi-mam.com\/si\/pogosto-zastavljeno-vprasanje\/#breadcrumb\",\"itemListElement\":[{\"@type\":\"ListItem\",\"position\":1,\"name\":\"Home\",\"item\":\"https:\/\/multi-mam.com\/si\/\"},{\"@type\":\"ListItem\",\"position\":2,\"name\":\"Pogosta vpra\u0161anja\"}]},{\"@type\":\"WebSite\",\"@id\":\"https:\/\/multi-mam.com\/si\/#website\",\"url\":\"https:\/\/multi-mam.com\/si\/\",\"name\":\"Multi-Mam\",\"description\":\"\",\"publisher\":{\"@id\":\"https:\/\/multi-mam.com\/si\/#organization\"},\"potentialAction\":[{\"@type\":\"SearchAction\",\"target\":{\"@type\":\"EntryPoint\",\"urlTemplate\":\"https:\/\/multi-mam.com\/si\/?s={search_term_string}\"},\"query-input\":{\"@type\":\"PropertyValueSpecification\",\"valueRequired\":true,\"valueName\":\"search_term_string\"}}],\"inLanguage\":\"sl-SI\"},{\"@type\":\"Organization\",\"@id\":\"https:\/\/multi-mam.com\/si\/#organization\",\"name\":\"Multi-Mam\",\"url\":\"https:\/\/multi-mam.com\/si\/\",\"logo\":{\"@type\":\"ImageObject\",\"inLanguage\":\"sl-SI\",\"@id\":\"https:\/\/multi-mam.com\/si\/#\/schema\/logo\/image\/\",\"url\":\"https:\/\/multi-mam.com\/app\/uploads\/sites\/30\/2023\/06\/multi-mam-logotype.png\",\"contentUrl\":\"https:\/\/multi-mam.com\/app\/uploads\/sites\/30\/2023\/06\/multi-mam-logotype.png\",\"width\":70,\"height\":96,\"caption\":\"Multi-Mam\"},\"image\":{\"@id\":\"https:\/\/multi-mam.com\/si\/#\/schema\/logo\/image\/\"}}]}<\/script>\n<!-- \/ Yoast SEO plugin. -->","yoast_head_json":{"title":"Pogosta vpra\u0161anja - Multi-Mam","description":"Konstantno imam te\u017eave zaradi razpok na bradavicah, kar je zelo bole\u010de. Kaj lahko ukrenem? Kaj so vzroki za te\u017eave z bradavicami?","robots":{"index":"index","follow":"follow","max-snippet":"max-snippet:-1","max-image-preview":"max-image-preview:large","max-video-preview":"max-video-preview:-1"},"canonical":"https:\/\/multi-mam.com\/si\/pogosto-zastavljeno-vprasanje\/","og_locale":"sl_SI","og_type":"article","og_title":"Pogosta vpra\u0161anja - Multi-Mam","og_description":"Konstantno imam te\u017eave zaradi razpok na bradavicah, kar je zelo bole\u010de. Kaj lahko ukrenem? Kaj so vzroki za te\u017eave z bradavicami?","og_url":"https:\/\/multi-mam.com\/si\/pogosto-zastavljeno-vprasanje\/","og_site_name":"Multi-Mam","article_modified_time":"2023-09-06T13:29:45+00:00","og_image":[{"url":"https:\/\/multi-mam.com\/cdn-cgi\/image\/format=auto\/app\/uploads\/sites\/30\/2023\/06\/faq.jpeg","type":"","width":"","height":""}],"twitter_card":"summary_large_image","twitter_misc":{"Est. reading time":"2 minutes"},"schema":{"@context":"https:\/\/schema.org","@graph":[{"@type":"WebPage","@id":"https:\/\/multi-mam.com\/si\/pogosto-zastavljeno-vprasanje\/","url":"https:\/\/multi-mam.com\/si\/pogosto-zastavljeno-vprasanje\/","name":"Pogosta vpra\u0161anja - Multi-Mam","isPartOf":{"@id":"https:\/\/multi-mam.com\/si\/#website"},"primaryImageOfPage":{"@id":"https:\/\/multi-mam.com\/si\/pogosto-zastavljeno-vprasanje\/#primaryimage"},"image":{"@id":"https:\/\/multi-mam.com\/si\/pogosto-zastavljeno-vprasanje\/#primaryimage"},"thumbnailUrl":"https:\/\/multi-mam.com\/cdn-cgi\/image\/format=auto\/app\/uploads\/sites\/30\/2023\/06\/faq.jpeg","datePublished":"2023-06-28T09:54:28+00:00","dateModified":"2023-09-06T13:29:45+00:00","description":"Konstantno imam te\u017eave zaradi razpok na bradavicah, kar je zelo bole\u010de. Kaj lahko ukrenem? Kaj so vzroki za te\u017eave z bradavicami?","breadcrumb":{"@id":"https:\/\/multi-mam.com\/si\/pogosto-zastavljeno-vprasanje\/#breadcrumb"},"inLanguage":"sl-SI","potentialAction":[{"@type":"ReadAction","target":["https:\/\/multi-mam.com\/si\/pogosto-zastavljeno-vprasanje\/"]}]},{"@type":"ImageObject","inLanguage":"sl-SI","@id":"https:\/\/multi-mam.com\/si\/pogosto-zastavljeno-vprasanje\/#primaryimage","url":"https:\/\/multi-mam.com\/cdn-cgi\/image\/format=auto\/app\/uploads\/sites\/30\/2023\/06\/faq.jpeg","contentUrl":"https:\/\/multi-mam.com\/cdn-cgi\/image\/format=auto\/app\/uploads\/sites\/30\/2023\/06\/faq.jpeg"},{"@type":"BreadcrumbList","@id":"https:\/\/multi-mam.com\/si\/pogosto-zastavljeno-vprasanje\/#breadcrumb","itemListElement":[{"@type":"ListItem","position":1,"name":"Home","item":"https:\/\/multi-mam.com\/si\/"},{"@type":"ListItem","position":2,"name":"Pogosta vpra\u0161anja"}]},{"@type":"WebSite","@id":"https:\/\/multi-mam.com\/si\/#website","url":"https:\/\/multi-mam.com\/si\/","name":"Multi-Mam","description":"","publisher":{"@id":"https:\/\/multi-mam.com\/si\/#organization"},"potentialAction":[{"@type":"SearchAction","target":{"@type":"EntryPoint","urlTemplate":"https:\/\/multi-mam.com\/si\/?s={search_term_string}"},"query-input":{"@type":"PropertyValueSpecification","valueRequired":true,"valueName":"search_term_string"}}],"inLanguage":"sl-SI"},{"@type":"Organization","@id":"https:\/\/multi-mam.com\/si\/#organization","name":"Multi-Mam","url":"https:\/\/multi-mam.com\/si\/","logo":{"@type":"ImageObject","inLanguage":"sl-SI","@id":"https:\/\/multi-mam.com\/si\/#\/schema\/logo\/image\/","url":"https:\/\/multi-mam.com\/app\/uploads\/sites\/30\/2023\/06\/multi-mam-logotype.png","contentUrl":"https:\/\/multi-mam.com\/app\/uploads\/sites\/30\/2023\/06\/multi-mam-logotype.png","width":70,"height":96,"caption":"Multi-Mam"},"image":{"@id":"https:\/\/multi-mam.com\/si\/#\/schema\/logo\/image\/"}}]}},"_links":{"self":[{"href":"https:\/\/multi-mam.com\/si\/wp-json\/wp\/v2\/pages\/35","targetHints":{"allow":["GET"]}}],"collection":[{"href":"https:\/\/multi-mam.com\/si\/wp-json\/wp\/v2\/pages"}],"about":[{"href":"https:\/\/multi-mam.com\/si\/wp-json\/wp\/v2\/types\/page"}],"author":[{"embeddable":true,"href":"https:\/\/multi-mam.com\/si\/wp-json\/wp\/v2\/users\/2"}],"replies":[{"embeddable":true,"href":"https:\/\/multi-mam.com\/si\/wp-json\/wp\/v2\/comments?post=35"}],"version-history":[{"count":4,"href":"https:\/\/multi-mam.com\/si\/wp-json\/wp\/v2\/pages\/35\/revisions"}],"predecessor-version":[{"id":91,"href":"https:\/\/multi-mam.com\/si\/wp-json\/wp\/v2\/pages\/35\/revisions\/91"}],"wp:attachment":[{"href":"https:\/\/multi-mam.com\/si\/wp-json\/wp\/v2\/media?parent=35"}],"wp:term":[{"taxonomy":"from-article-database","embeddable":true,"href":"https:\/\/multi-mam.com\/si\/wp-json\/wp\/v2\/from-article-database?post=35"}],"curies":[{"name":"wp","href":"https:\/\/api.w.org\/{rel}","templated":true}]}}