{"id":145,"date":"2023-07-05T08:51:45","date_gmt":"2023-07-05T06:51:45","guid":{"rendered":"https:\/\/multi-mam.com\/si\/?page_id=145"},"modified":"2023-09-06T15:28:48","modified_gmt":"2023-09-06T13:28:48","slug":"simptomi-pri-izrascanju-zobkov","status":"publish","type":"page","link":"https:\/\/multi-mam.com\/si\/nasveti-strokovnjakov\/izrascanje-zobkov\/simptomi-pri-izrascanju-zobkov\/","title":{"rendered":"Simptomi pri izra\u0161\u010danju zobkov"},"content":{"rendered":"\n<div class=\"wp-block-karopharma-free-text pt-large pb-large bg-center bg-cover bg-no-repeat  is-style-primary\" style=\"background-image:url()\"><div class=\"free-text-wrapper container max-w-medium text-left\">\n<h1 class=\"is-style-heading-huge wp-block-heading\">Simptomi pri izra\u0161\u010danju zobkov<\/h1>\n\n\n\n<p class=\"is-style-paragraph-preamble\">\u010ceprav se simptomi pri izra\u0161\u010danju zobkov in njihova intenziteta med otroci razlikujejo, nekaj zagotovo dr\u017ei, za ve\u010dino star\u0161ev in njihovih dojen\u010dkov je izra\u0161\u010danje zobkov lahko zelo stresen proces. Ko se zobki pri\u010dnejo pomikati proti povr\u0161ju in pri\u010dnejo prodirati skozi dlesni, ima pritisk, ki ga ustvarjajo, za posledico bole\u010dino in neprijetne simptome, kot so potreba po \u017eve\u010denju ali zmanj\u0161an apetit ter sitnost.<\/p>\n<\/div><\/div>\n\n\n\n<div class=\"wp-block-karopharma-free-text pt-large pb-large bg-center bg-cover bg-no-repeat\" style=\"background-image:url()\"><div class=\"free-text-wrapper container max-w-medium text-left\">\n<p>Izra\u0161\u010danje zobkov se po navadi pri\u010dne okoli \u0161estega meseca, vendar za ta proces ni nenavadno, da se pri\u010dne pri starosti 3 mesecev pa vse do 12 mesecev. Simptomi izra\u0161\u010danja zobkov se pojavijo 4 dni, preden zobek prodre skozi dlesni in lahko trajajo \u0161e nadaljnje tri dni. V tem obdobju ka\u017eejo otroci vsaj en, pogosto pa celo ve\u010d neprijetnih simptomov.<\/p>\n\n\n\n<p>Tipi\u010dni simptomi pri izra\u0161\u010danju zobkov<\/p>\n\n\n\n<ul class=\"is-style-default wp-block-list\"><li>Otekle in ob\u010dutljive dlesni, ki si jih otroci nenehno drgnejo s svojimi prstki. Zaradi pritiska, ki ga ustvarja zob, ki prodira skozi dlesen, postanejo dlesni otekle in ob\u010dutljive. Ne\u017ena masa\u017ea, ki jo lahko izvajate s prstom, lahko ubla\u017ei neprijeten ob\u010dutek. Tudi ohlajene igra\u010dke prevle\u010dene z gelom za izra\u0161\u010danje zobkov, ki so namenjene laj\u0161anju izra\u0161\u010danja zobkov, lahko pomagajo.<\/li><li>\u010ce pogledate v otrokova usta, lahko opazite zelo pordel del dlesni z zobkom, ki je bolj ali manj viden. V\u010dasih se lahko pojavi rahla krvavitev, ali pa majhen hematom \u2012 mehur\u010dek napolnjen s krvjo znotraj dlesni. \u010ce ste v dvomih, obi\u0161\u010dite va\u0161ega zdravnika.<\/li><li>Prekomerno proizvajanje sline, pogosto obri\u0161ite dojen\u010dkov obraz tako, da ga tapkate z mehko krpo in nanesite za\u0161\u010ditno kremo na podro\u010dje brade, da bi tako prepre\u010dili razdra\u017eenost.<\/li><li>Grizljanje ali sesanje vsega, kar lahko dose\u017eejo. To lahko pomeni igra\u010dke, gospodinjske predmete, va\u0161e lase itd. Ponudite mu primeren nadomestek, kot je igra\u010dka za laj\u0161anje izra\u0161\u010danja zobkov ali pa vla\u017eno, hladno krpo.<\/li><li>Va\u0161 dojen\u010dek ima lahko pordel obraz in v\u010dasih celo topla li\u010dka. \u010ce ima va\u0161 otrok vro\u010dino vi\u0161jo od 102 \u00b0F ali 38.9 \u00b0C, morate poiskati zdravni\u0161ko pomo\u010d, saj to ni obi\u010dajen znak izra\u0161\u010danja zobkov.<\/li><li>Drgnjenje li\u010dnic ali u\u0161es na strani, kjer zobek prodira skozi dlesen.<\/li><li>Va\u0161 otrok ima zmanj\u0161an apetit, \u0161e posebej za trdo hrano. Za nekatere dojen\u010dke lahko grizenje med izra\u0161\u010danjem zobkov prestavlja nelagodje, zato se lahko pri\u010dnejo upiranju hranjenja. Posku\u0161ajte jim ponuditi ohlajeno, mehko hrano, kot je jogurt, jabol\u010dni sok, pretla\u010deno sadje, smuti itd.<\/li><li>Nemirno spanje med no\u010djo. Lahko se zdi, da se simptomi pono\u010di poslab\u0161ajo. Najbolj verjetna razlaga je, da va\u0161 otrok postane \u0161e bolj nervozen, ko je utrujen, zato se vsak simptom, ki ga ob\u010duti, poslab\u0161a zaradi utrujenosti.<\/li><li>Ka\u0161ljanje ali refleks drgnjenja. Va\u0161 otrok lahko pogoltne nekaj prekomerno proizvedene sline, ki se ustvarja med procesom izra\u0161\u010danja zobkov, kar lahko povzro\u010di, da se drgnejo ali ka\u0161ljajo. Prvi korak je, da izlo\u010dimo vse druge mo\u017ene vzroke, kot so prehlad ali alergije. V druga\u010dnem primeru va\u0161 otrok ne bi smel imeti te\u017eav z dihanjem. \u010ce otrok pogoltne prekomerno slino, to lahko povzro\u010di rahlo drisko, vendar \u010de driska postane mo\u010dna, morate takoj obiskati zdravnika.<\/li><li>Otrok lahko med procesom izra\u0161\u010danja zobkov postane veliko bolj nervozen in razdra\u017een. Lahko jo\u010de ve\u010d kot po navadi ali pa ima te\u017eave s sprostitvijo. Nekateri predlogi, ki smo jih opisali zgoraj, lahko pomagajo zmanj\u0161ati nelagodje, vendar ni bolj\u0161ega zdravila za sitnost kot veliko objemov.<\/li><li>Med fazo izra\u0161\u010danja zobkov bo va\u0161 dojen\u010dek najverjetneje posku\u0161al nesti v usta vse, kar je v njegovem dosegu. Ti predmeti so lahko prekriti z bacili, ki lahko va\u0161ega dojen\u010dka izpostavijo morebitnim te\u017eavam s trebu\u0161\u010dkom ali pa z drisko. \u010ceprav na drisko kot tudi posledi\u010dno na pleni\u010dni izpu\u0161\u010daj ne gledamo kot na obi\u010dajen simptom povezan z izra\u0161\u010danjem zobkov, verjamemo, da se ta pogosto pojavi v tem obdobju zaradi tega, ker va\u0161i dojen\u010dki nesejo v usta vse, kar lahko najdejo. Posku\u0161ajte imeti predmete, ki se nahajajo v bli\u017eini va\u0161ega dojen\u010dka \u010diste in razku\u017eene, \u010de pa pojav driske ne izgine, obi\u0161\u010dite zdravnika.<\/li><\/ul>\n<\/div><\/div>\n","protected":false},"excerpt":{"rendered":"","protected":false},"author":2,"featured_media":0,"parent":100,"menu_order":6,"comment_status":"closed","ping_status":"closed","template":"","meta":{"_acf_changed":false,"footnotes":""},"from-article-database":[],"class_list":["post-145","page","type-page","status-publish","hentry"],"acf":[],"yoast_head":"<!-- This site is optimized with the Yoast SEO plugin v26.6 - https:\/\/yoast.com\/wordpress\/plugins\/seo\/ -->\n<title>Simptomi pri izra\u0161\u010danju zobkov - Multi-Mam<\/title>\n<meta name=\"description\" content=\"\u010ceprav se simptomi pri izra\u0161\u010danju zobkov in njihova intenziteta med otroci razlikujejo, nekaj zagotovo dr\u017ei, za ve\u010dino star\u0161ev in njihovih dojen\u010dkov je izra\u0161\u010danje zobkov lahko zelo stresen proces.\" \/>\n<meta name=\"robots\" content=\"index, follow, max-snippet:-1, max-image-preview:large, max-video-preview:-1\" \/>\n<link rel=\"canonical\" href=\"https:\/\/multi-mam.com\/si\/nasveti-strokovnjakov\/izrascanje-zobkov\/simptomi-pri-izrascanju-zobkov\/\" \/>\n<meta property=\"og:locale\" content=\"sl_SI\" \/>\n<meta property=\"og:type\" content=\"article\" \/>\n<meta property=\"og:title\" content=\"Simptomi pri izra\u0161\u010danju zobkov - Multi-Mam\" \/>\n<meta property=\"og:description\" content=\"\u010ceprav se simptomi pri izra\u0161\u010danju zobkov in njihova intenziteta med otroci razlikujejo, nekaj zagotovo dr\u017ei, za ve\u010dino star\u0161ev in njihovih dojen\u010dkov je izra\u0161\u010danje zobkov lahko zelo stresen proces.\" \/>\n<meta property=\"og:url\" content=\"https:\/\/multi-mam.com\/si\/nasveti-strokovnjakov\/izrascanje-zobkov\/simptomi-pri-izrascanju-zobkov\/\" \/>\n<meta property=\"og:site_name\" content=\"Multi-Mam\" \/>\n<meta property=\"article:modified_time\" content=\"2023-09-06T13:28:48+00:00\" \/>\n<meta name=\"twitter:card\" content=\"summary_large_image\" \/>\n<meta name=\"twitter:label1\" content=\"Est. reading time\" \/>\n\t<meta name=\"twitter:data1\" content=\"4 minutes\" \/>\n<script type=\"application\/ld+json\" class=\"yoast-schema-graph\">{\"@context\":\"https:\/\/schema.org\",\"@graph\":[{\"@type\":\"WebPage\",\"@id\":\"https:\/\/multi-mam.com\/si\/nasveti-strokovnjakov\/izrascanje-zobkov\/simptomi-pri-izrascanju-zobkov\/\",\"url\":\"https:\/\/multi-mam.com\/si\/nasveti-strokovnjakov\/izrascanje-zobkov\/simptomi-pri-izrascanju-zobkov\/\",\"name\":\"Simptomi pri izra\u0161\u010danju zobkov - Multi-Mam\",\"isPartOf\":{\"@id\":\"https:\/\/multi-mam.com\/si\/#website\"},\"datePublished\":\"2023-07-05T06:51:45+00:00\",\"dateModified\":\"2023-09-06T13:28:48+00:00\",\"description\":\"\u010ceprav se simptomi pri izra\u0161\u010danju zobkov in njihova intenziteta med otroci razlikujejo, nekaj zagotovo dr\u017ei, za ve\u010dino star\u0161ev in njihovih dojen\u010dkov je izra\u0161\u010danje zobkov lahko zelo stresen proces.\",\"breadcrumb\":{\"@id\":\"https:\/\/multi-mam.com\/si\/nasveti-strokovnjakov\/izrascanje-zobkov\/simptomi-pri-izrascanju-zobkov\/#breadcrumb\"},\"inLanguage\":\"sl-SI\",\"potentialAction\":[{\"@type\":\"ReadAction\",\"target\":[\"https:\/\/multi-mam.com\/si\/nasveti-strokovnjakov\/izrascanje-zobkov\/simptomi-pri-izrascanju-zobkov\/\"]}]},{\"@type\":\"BreadcrumbList\",\"@id\":\"https:\/\/multi-mam.com\/si\/nasveti-strokovnjakov\/izrascanje-zobkov\/simptomi-pri-izrascanju-zobkov\/#breadcrumb\",\"itemListElement\":[{\"@type\":\"ListItem\",\"position\":1,\"name\":\"Home\",\"item\":\"https:\/\/multi-mam.com\/si\/\"},{\"@type\":\"ListItem\",\"position\":2,\"name\":\"Nasveti strokovnjakov\",\"item\":\"https:\/\/multi-mam.com\/si\/nasveti-strokovnjakov\/\"},{\"@type\":\"ListItem\",\"position\":3,\"name\":\"Izra\u0161\u010danje zobkov\",\"item\":\"https:\/\/multi-mam.com\/si\/nasveti-strokovnjakov\/izrascanje-zobkov\/\"},{\"@type\":\"ListItem\",\"position\":4,\"name\":\"Simptomi pri izra\u0161\u010danju zobkov\"}]},{\"@type\":\"WebSite\",\"@id\":\"https:\/\/multi-mam.com\/si\/#website\",\"url\":\"https:\/\/multi-mam.com\/si\/\",\"name\":\"Multi-Mam\",\"description\":\"\",\"publisher\":{\"@id\":\"https:\/\/multi-mam.com\/si\/#organization\"},\"potentialAction\":[{\"@type\":\"SearchAction\",\"target\":{\"@type\":\"EntryPoint\",\"urlTemplate\":\"https:\/\/multi-mam.com\/si\/?s={search_term_string}\"},\"query-input\":{\"@type\":\"PropertyValueSpecification\",\"valueRequired\":true,\"valueName\":\"search_term_string\"}}],\"inLanguage\":\"sl-SI\"},{\"@type\":\"Organization\",\"@id\":\"https:\/\/multi-mam.com\/si\/#organization\",\"name\":\"Multi-Mam\",\"url\":\"https:\/\/multi-mam.com\/si\/\",\"logo\":{\"@type\":\"ImageObject\",\"inLanguage\":\"sl-SI\",\"@id\":\"https:\/\/multi-mam.com\/si\/#\/schema\/logo\/image\/\",\"url\":\"https:\/\/multi-mam.com\/app\/uploads\/sites\/30\/2023\/06\/multi-mam-logotype.png\",\"contentUrl\":\"https:\/\/multi-mam.com\/app\/uploads\/sites\/30\/2023\/06\/multi-mam-logotype.png\",\"width\":70,\"height\":96,\"caption\":\"Multi-Mam\"},\"image\":{\"@id\":\"https:\/\/multi-mam.com\/si\/#\/schema\/logo\/image\/\"}}]}<\/script>\n<!-- \/ Yoast SEO plugin. -->","yoast_head_json":{"title":"Simptomi pri izra\u0161\u010danju zobkov - Multi-Mam","description":"\u010ceprav se simptomi pri izra\u0161\u010danju zobkov in njihova intenziteta med otroci razlikujejo, nekaj zagotovo dr\u017ei, za ve\u010dino star\u0161ev in njihovih dojen\u010dkov je izra\u0161\u010danje zobkov lahko zelo stresen proces.","robots":{"index":"index","follow":"follow","max-snippet":"max-snippet:-1","max-image-preview":"max-image-preview:large","max-video-preview":"max-video-preview:-1"},"canonical":"https:\/\/multi-mam.com\/si\/nasveti-strokovnjakov\/izrascanje-zobkov\/simptomi-pri-izrascanju-zobkov\/","og_locale":"sl_SI","og_type":"article","og_title":"Simptomi pri izra\u0161\u010danju zobkov - Multi-Mam","og_description":"\u010ceprav se simptomi pri izra\u0161\u010danju zobkov in njihova intenziteta med otroci razlikujejo, nekaj zagotovo dr\u017ei, za ve\u010dino star\u0161ev in njihovih dojen\u010dkov je izra\u0161\u010danje zobkov lahko zelo stresen proces.","og_url":"https:\/\/multi-mam.com\/si\/nasveti-strokovnjakov\/izrascanje-zobkov\/simptomi-pri-izrascanju-zobkov\/","og_site_name":"Multi-Mam","article_modified_time":"2023-09-06T13:28:48+00:00","twitter_card":"summary_large_image","twitter_misc":{"Est. reading time":"4 minutes"},"schema":{"@context":"https:\/\/schema.org","@graph":[{"@type":"WebPage","@id":"https:\/\/multi-mam.com\/si\/nasveti-strokovnjakov\/izrascanje-zobkov\/simptomi-pri-izrascanju-zobkov\/","url":"https:\/\/multi-mam.com\/si\/nasveti-strokovnjakov\/izrascanje-zobkov\/simptomi-pri-izrascanju-zobkov\/","name":"Simptomi pri izra\u0161\u010danju zobkov - Multi-Mam","isPartOf":{"@id":"https:\/\/multi-mam.com\/si\/#website"},"datePublished":"2023-07-05T06:51:45+00:00","dateModified":"2023-09-06T13:28:48+00:00","description":"\u010ceprav se simptomi pri izra\u0161\u010danju zobkov in njihova intenziteta med otroci razlikujejo, nekaj zagotovo dr\u017ei, za ve\u010dino star\u0161ev in njihovih dojen\u010dkov je izra\u0161\u010danje zobkov lahko zelo stresen proces.","breadcrumb":{"@id":"https:\/\/multi-mam.com\/si\/nasveti-strokovnjakov\/izrascanje-zobkov\/simptomi-pri-izrascanju-zobkov\/#breadcrumb"},"inLanguage":"sl-SI","potentialAction":[{"@type":"ReadAction","target":["https:\/\/multi-mam.com\/si\/nasveti-strokovnjakov\/izrascanje-zobkov\/simptomi-pri-izrascanju-zobkov\/"]}]},{"@type":"BreadcrumbList","@id":"https:\/\/multi-mam.com\/si\/nasveti-strokovnjakov\/izrascanje-zobkov\/simptomi-pri-izrascanju-zobkov\/#breadcrumb","itemListElement":[{"@type":"ListItem","position":1,"name":"Home","item":"https:\/\/multi-mam.com\/si\/"},{"@type":"ListItem","position":2,"name":"Nasveti strokovnjakov","item":"https:\/\/multi-mam.com\/si\/nasveti-strokovnjakov\/"},{"@type":"ListItem","position":3,"name":"Izra\u0161\u010danje zobkov","item":"https:\/\/multi-mam.com\/si\/nasveti-strokovnjakov\/izrascanje-zobkov\/"},{"@type":"ListItem","position":4,"name":"Simptomi pri izra\u0161\u010danju zobkov"}]},{"@type":"WebSite","@id":"https:\/\/multi-mam.com\/si\/#website","url":"https:\/\/multi-mam.com\/si\/","name":"Multi-Mam","description":"","publisher":{"@id":"https:\/\/multi-mam.com\/si\/#organization"},"potentialAction":[{"@type":"SearchAction","target":{"@type":"EntryPoint","urlTemplate":"https:\/\/multi-mam.com\/si\/?s={search_term_string}"},"query-input":{"@type":"PropertyValueSpecification","valueRequired":true,"valueName":"search_term_string"}}],"inLanguage":"sl-SI"},{"@type":"Organization","@id":"https:\/\/multi-mam.com\/si\/#organization","name":"Multi-Mam","url":"https:\/\/multi-mam.com\/si\/","logo":{"@type":"ImageObject","inLanguage":"sl-SI","@id":"https:\/\/multi-mam.com\/si\/#\/schema\/logo\/image\/","url":"https:\/\/multi-mam.com\/app\/uploads\/sites\/30\/2023\/06\/multi-mam-logotype.png","contentUrl":"https:\/\/multi-mam.com\/app\/uploads\/sites\/30\/2023\/06\/multi-mam-logotype.png","width":70,"height":96,"caption":"Multi-Mam"},"image":{"@id":"https:\/\/multi-mam.com\/si\/#\/schema\/logo\/image\/"}}]}},"_links":{"self":[{"href":"https:\/\/multi-mam.com\/si\/wp-json\/wp\/v2\/pages\/145","targetHints":{"allow":["GET"]}}],"collection":[{"href":"https:\/\/multi-mam.com\/si\/wp-json\/wp\/v2\/pages"}],"about":[{"href":"https:\/\/multi-mam.com\/si\/wp-json\/wp\/v2\/types\/page"}],"author":[{"embeddable":true,"href":"https:\/\/multi-mam.com\/si\/wp-json\/wp\/v2\/users\/2"}],"replies":[{"embeddable":true,"href":"https:\/\/multi-mam.com\/si\/wp-json\/wp\/v2\/comments?post=145"}],"version-history":[{"count":3,"href":"https:\/\/multi-mam.com\/si\/wp-json\/wp\/v2\/pages\/145\/revisions"}],"predecessor-version":[{"id":233,"href":"https:\/\/multi-mam.com\/si\/wp-json\/wp\/v2\/pages\/145\/revisions\/233"}],"up":[{"embeddable":true,"href":"https:\/\/multi-mam.com\/si\/wp-json\/wp\/v2\/pages\/100"}],"wp:attachment":[{"href":"https:\/\/multi-mam.com\/si\/wp-json\/wp\/v2\/media?parent=145"}],"wp:term":[{"taxonomy":"from-article-database","embeddable":true,"href":"https:\/\/multi-mam.com\/si\/wp-json\/wp\/v2\/from-article-database?post=145"}],"curies":[{"name":"wp","href":"https:\/\/api.w.org\/{rel}","templated":true}]}}