{"id":143,"date":"2023-07-05T08:51:30","date_gmt":"2023-07-05T06:51:30","guid":{"rendered":"https:\/\/multi-mam.com\/si\/?page_id=143"},"modified":"2023-09-06T15:28:50","modified_gmt":"2023-09-06T13:28:50","slug":"zdravila-pri-izrascanju-zobkov","status":"publish","type":"page","link":"https:\/\/multi-mam.com\/si\/nasveti-strokovnjakov\/izrascanje-zobkov\/zdravila-pri-izrascanju-zobkov\/","title":{"rendered":"Zdravila pri izra\u0161\u010danju zobkov"},"content":{"rendered":"\n<div class=\"wp-block-karopharma-free-text pt-large pb-large bg-center bg-cover bg-no-repeat  is-style-primary\" style=\"background-image:url()\"><div class=\"free-text-wrapper container max-w-medium text-left\">\n<h1 class=\"is-style-heading-huge wp-block-heading\">Zdravila pri izra\u0161\u010danju zobkov<\/h1>\n\n\n\n<p class=\"is-style-paragraph-preamble\">\u010ce va\u0161emu dojen\u010dku izra\u0161\u010dajo zobki, potem ste verjetno seznanjeni s tem, koliko stresa to povzro\u010da celotni dru\u017eini. \u010ceprav se \u0161tevilo in intenziteta simptomov med posameznimi otroci razlikuje, ka\u017ee ve\u010dina dojen\u010dkov vsaj enega od znakov izra\u0161\u010danja zobkov, slinjenje, grizljanje, sitnost, razdra\u017eenost, izgubo apetita, nemirno spanje, drgnjenje li\u010dnic in u\u0161es. Simptomi se pojavijo pribli\u017eno \u0161tiri dni, preden zob izraste in trajajo \u0161e nadaljnje tri dni. Da bi lahko pomagali svojemu otroku skozi proces izra\u0161\u010danja zobkov s \u010dim manj bole\u010din, smo za vas sestavili spisek mo\u017enih zdravstvenih metod, ki laj\u0161ajo proces izra\u0161\u010danja zobkov, ki jih lahko preizkusite.<\/p>\n<\/div><\/div>\n\n\n\n<div class=\"wp-block-karopharma-free-text pt-large pb-large bg-center bg-cover bg-no-repeat\" style=\"background-image:url()\"><div class=\"free-text-wrapper container max-w-medium text-left\">\n<h2 class=\"is-style-heading-h2 wp-block-heading\">Ne\u017ena masa\u017ea dlesni<\/h2>\n\n\n\n<p>Izvajanje ne\u017enega pritiska na dlesni dojen\u010dka, ki mu izra\u0161\u010dajo zobki, zelo prija. Pri tem lahko uporabite prst ali pa vla\u017eno gazo, vendar poskrbite za to, da je vse, kar dajete v dojen\u010dkova usta, \u010disto, da bi prepre\u010dili infekcijo.<\/p>\n\n\n\n<h2 class=\"is-style-heading-h2 wp-block-heading\">Igra\u010dke za laj\u0161anje izra\u0161\u010danja zobkov<\/h2>\n\n\n\n<p>Igra\u010dke za laj\u0161anje izra\u0161\u010danja zobkov bodo va\u0161ega dojen\u010dka uspe\u0161no zaposlile, da ne bo grizljal gospodinjskih predmetov, odejice ali va\u0161ega nakita. Izoblikovane so tako, da nudijo varnost pri grizenju in ne vsebujejo nevarnih delcev, ki bi se lahko odlomili ter povzro\u010dali nevarnost zadu\u0161itve za va\u0161ega otroka. Vendar, \u010de na igra\u010dki opazite ve\u010dje po\u0161kodbe po tem, ko jo je va\u0161 dojen\u010dek ve\u010d dni grizljal, poskrbite, da jo zamenjate, preden postane nevarna za zdravje. Obstaja \u0161iroka paleta igra\u010d za laj\u0161anje izra\u0161\u010danja zobkov, gumijaste, lesene, tak\u0161ne, ki vibrirajo, pli\u0161aste itd. Lahko najdete celo \u201cnakit za laj\u0161anje izra\u0161\u010danja zobkov\u201d, veri\u017eice z obeskom v pre\u010dudovitih dizajnih, ki se ujemajo z va\u0161im stilom obla\u010denja in poleg tega predstavljajo pri va\u0161em mal\u010dku. varno igra\u010dko za laj\u0161anje izra\u0161\u010danja zobkov.<\/p>\n\n\n\n<h2 class=\"is-style-heading-h2 wp-block-heading\">Hladilen ob\u010dutek<\/h2>\n\n\n\n<p>Hladne temperature delujejo kot lokalno laj\u0161anje bole\u010din, ker omrtvijo podro\u010dje in zmanj\u0161ajo nelagodje. Zato lahko mokra, hladna krpa za umivanje ali ohlajena igra\u010dka za laj\u0161anje izra\u0161\u010danja zobkov naredi \u010dude\u017ee pri otroku, ki mu izra\u0161\u010dajo zobki. Poskrbite samo za to, da predmet ne bo zamrznjen, ker neposreden stik z ledom lahko po\u0161koduje dlesni. Za odli\u010den bla\u017eilni u\u010dinek, namo\u010dite \u010disto krpo v kamili\u010dni \u010daj in jo nato ohladite v zamrzovalniku. Kamilica je znana po tem, da ima pri otrocih pomirjevalen u\u010dinek in bo pomirila va\u0161ega dojen\u010dka. Ker veliko dojen\u010dkov zaradi bole\u010dine, ki jo ob\u010dutijo pri grizenju trde hrane, izgubi apetit, jim lahko ponudite zdrav prigrizek, kot je ohlajena jabol\u010dna \u010de\u017eana, jogurt ali pretla\u010deno sadje. Tudi te jedi mu bodo nudile nekaj olaj\u0161anja.<\/p>\n\n\n\n<h2 class=\"is-style-heading-h2 wp-block-heading\">Za\u0161\u010ditite ko\u017eo pred razdra\u017eenostjo<\/h2>\n\n\n\n<p>Pogost simptom pri izra\u0161\u010danju zobkov je prekomerno slinjenje, ki lahko ima za posledico razdra\u017eenost ko\u017ee. Pogosto obri\u0161ite obraz va\u0161ega otroka z mehko krpo (tapkajte, ne drgnite) in nanesite za\u0161\u010ditno kremo na podro\u010dje brade.<\/p>\n\n\n\n<h2 class=\"is-style-heading-h2 wp-block-heading\">Geli za izra\u0161\u010danje zobkov<\/h2>\n\n\n\n<p>Geli, ki so posebej izdelani za laj\u0161anje izra\u0161\u010danja zobkov, lahko prepre\u010dijo slinjenje. Vendar morate, ko izbirate ustrezen gel za laj\u0161anje izra\u0161\u010danja zobkov, preu\u010diti ve\u010d stvari, da bi zagotovili, da bo popolnoma varen za va\u0161ega otroka. Ne sme vsebovati nikakr\u0161nih anesteti\u010dnih sredstev, ker te v primeru, da jih otrok pogoltne, lahko povzro\u010dijo \u0161kodo in ker v primeru, da omrtvimo vrat, tvegamo ve\u010djo mo\u017enost zadu\u0161itve. Gel ne sme vsebovati sladkorja, ki pove\u010duje tveganje kariesa na zobeh, vendar pa mora biti prijetnega okusa. Gel za laj\u0161anje izra\u0161\u010danja zobkov lahko s prstom nanesete neposredno na dlesni ali pa ga nanesete na igra\u010dko, ki je namenjena grizljanju.<\/p>\n\n\n\n<h2 class=\"is-style-heading-h2 wp-block-heading\">Zdravila<\/h2>\n\n\n\n<p>\u010ce ni\u010d od zgoraj omenjenega ne pomaga, se lahko z va\u0161im zdravnikom posvetujete o uporabi sredstev za laj\u0161anje bole\u010din, ki so primerna za otroke kot na primer paracetamol.<\/p>\n<\/div><\/div>\n","protected":false},"excerpt":{"rendered":"","protected":false},"author":2,"featured_media":0,"parent":100,"menu_order":5,"comment_status":"closed","ping_status":"closed","template":"","meta":{"_acf_changed":false,"footnotes":""},"from-article-database":[],"class_list":["post-143","page","type-page","status-publish","hentry"],"acf":[],"yoast_head":"<!-- This site is optimized with the Yoast SEO plugin v26.6 - https:\/\/yoast.com\/wordpress\/plugins\/seo\/ -->\n<title>Zdravila pri izra\u0161\u010danju zobkov - Multi-Mam<\/title>\n<meta name=\"description\" content=\"Da bi lahko pomagali svojemu otroku skozi proces izra\u0161\u010danja zobkov s \u010dim manj bole\u010din, smo za vas sestavili spisek mo\u017enih zdravstvenih metod, ki laj\u0161ajo proces izra\u0161\u010danja zobkov, ki jih lahko preizkusite.\" \/>\n<meta name=\"robots\" content=\"index, follow, max-snippet:-1, max-image-preview:large, max-video-preview:-1\" \/>\n<link rel=\"canonical\" href=\"https:\/\/multi-mam.com\/si\/nasveti-strokovnjakov\/izrascanje-zobkov\/zdravila-pri-izrascanju-zobkov\/\" \/>\n<meta property=\"og:locale\" content=\"sl_SI\" \/>\n<meta property=\"og:type\" content=\"article\" \/>\n<meta property=\"og:title\" content=\"Zdravila pri izra\u0161\u010danju zobkov - Multi-Mam\" \/>\n<meta property=\"og:description\" content=\"Da bi lahko pomagali svojemu otroku skozi proces izra\u0161\u010danja zobkov s \u010dim manj bole\u010din, smo za vas sestavili spisek mo\u017enih zdravstvenih metod, ki laj\u0161ajo proces izra\u0161\u010danja zobkov, ki jih lahko preizkusite.\" \/>\n<meta property=\"og:url\" content=\"https:\/\/multi-mam.com\/si\/nasveti-strokovnjakov\/izrascanje-zobkov\/zdravila-pri-izrascanju-zobkov\/\" \/>\n<meta property=\"og:site_name\" content=\"Multi-Mam\" \/>\n<meta property=\"article:modified_time\" content=\"2023-09-06T13:28:50+00:00\" \/>\n<meta name=\"twitter:card\" content=\"summary_large_image\" \/>\n<meta name=\"twitter:label1\" content=\"Est. reading time\" \/>\n\t<meta name=\"twitter:data1\" content=\"4 minutes\" \/>\n<script type=\"application\/ld+json\" class=\"yoast-schema-graph\">{\"@context\":\"https:\/\/schema.org\",\"@graph\":[{\"@type\":\"WebPage\",\"@id\":\"https:\/\/multi-mam.com\/si\/nasveti-strokovnjakov\/izrascanje-zobkov\/zdravila-pri-izrascanju-zobkov\/\",\"url\":\"https:\/\/multi-mam.com\/si\/nasveti-strokovnjakov\/izrascanje-zobkov\/zdravila-pri-izrascanju-zobkov\/\",\"name\":\"Zdravila pri izra\u0161\u010danju zobkov - Multi-Mam\",\"isPartOf\":{\"@id\":\"https:\/\/multi-mam.com\/si\/#website\"},\"datePublished\":\"2023-07-05T06:51:30+00:00\",\"dateModified\":\"2023-09-06T13:28:50+00:00\",\"description\":\"Da bi lahko pomagali svojemu otroku skozi proces izra\u0161\u010danja zobkov s \u010dim manj bole\u010din, smo za vas sestavili spisek mo\u017enih zdravstvenih metod, ki laj\u0161ajo proces izra\u0161\u010danja zobkov, ki jih lahko preizkusite.\",\"breadcrumb\":{\"@id\":\"https:\/\/multi-mam.com\/si\/nasveti-strokovnjakov\/izrascanje-zobkov\/zdravila-pri-izrascanju-zobkov\/#breadcrumb\"},\"inLanguage\":\"sl-SI\",\"potentialAction\":[{\"@type\":\"ReadAction\",\"target\":[\"https:\/\/multi-mam.com\/si\/nasveti-strokovnjakov\/izrascanje-zobkov\/zdravila-pri-izrascanju-zobkov\/\"]}]},{\"@type\":\"BreadcrumbList\",\"@id\":\"https:\/\/multi-mam.com\/si\/nasveti-strokovnjakov\/izrascanje-zobkov\/zdravila-pri-izrascanju-zobkov\/#breadcrumb\",\"itemListElement\":[{\"@type\":\"ListItem\",\"position\":1,\"name\":\"Home\",\"item\":\"https:\/\/multi-mam.com\/si\/\"},{\"@type\":\"ListItem\",\"position\":2,\"name\":\"Nasveti strokovnjakov\",\"item\":\"https:\/\/multi-mam.com\/si\/nasveti-strokovnjakov\/\"},{\"@type\":\"ListItem\",\"position\":3,\"name\":\"Izra\u0161\u010danje zobkov\",\"item\":\"https:\/\/multi-mam.com\/si\/nasveti-strokovnjakov\/izrascanje-zobkov\/\"},{\"@type\":\"ListItem\",\"position\":4,\"name\":\"Zdravila pri izra\u0161\u010danju zobkov\"}]},{\"@type\":\"WebSite\",\"@id\":\"https:\/\/multi-mam.com\/si\/#website\",\"url\":\"https:\/\/multi-mam.com\/si\/\",\"name\":\"Multi-Mam\",\"description\":\"\",\"publisher\":{\"@id\":\"https:\/\/multi-mam.com\/si\/#organization\"},\"potentialAction\":[{\"@type\":\"SearchAction\",\"target\":{\"@type\":\"EntryPoint\",\"urlTemplate\":\"https:\/\/multi-mam.com\/si\/?s={search_term_string}\"},\"query-input\":{\"@type\":\"PropertyValueSpecification\",\"valueRequired\":true,\"valueName\":\"search_term_string\"}}],\"inLanguage\":\"sl-SI\"},{\"@type\":\"Organization\",\"@id\":\"https:\/\/multi-mam.com\/si\/#organization\",\"name\":\"Multi-Mam\",\"url\":\"https:\/\/multi-mam.com\/si\/\",\"logo\":{\"@type\":\"ImageObject\",\"inLanguage\":\"sl-SI\",\"@id\":\"https:\/\/multi-mam.com\/si\/#\/schema\/logo\/image\/\",\"url\":\"https:\/\/multi-mam.com\/app\/uploads\/sites\/30\/2023\/06\/multi-mam-logotype.png\",\"contentUrl\":\"https:\/\/multi-mam.com\/app\/uploads\/sites\/30\/2023\/06\/multi-mam-logotype.png\",\"width\":70,\"height\":96,\"caption\":\"Multi-Mam\"},\"image\":{\"@id\":\"https:\/\/multi-mam.com\/si\/#\/schema\/logo\/image\/\"}}]}<\/script>\n<!-- \/ Yoast SEO plugin. -->","yoast_head_json":{"title":"Zdravila pri izra\u0161\u010danju zobkov - Multi-Mam","description":"Da bi lahko pomagali svojemu otroku skozi proces izra\u0161\u010danja zobkov s \u010dim manj bole\u010din, smo za vas sestavili spisek mo\u017enih zdravstvenih metod, ki laj\u0161ajo proces izra\u0161\u010danja zobkov, ki jih lahko preizkusite.","robots":{"index":"index","follow":"follow","max-snippet":"max-snippet:-1","max-image-preview":"max-image-preview:large","max-video-preview":"max-video-preview:-1"},"canonical":"https:\/\/multi-mam.com\/si\/nasveti-strokovnjakov\/izrascanje-zobkov\/zdravila-pri-izrascanju-zobkov\/","og_locale":"sl_SI","og_type":"article","og_title":"Zdravila pri izra\u0161\u010danju zobkov - Multi-Mam","og_description":"Da bi lahko pomagali svojemu otroku skozi proces izra\u0161\u010danja zobkov s \u010dim manj bole\u010din, smo za vas sestavili spisek mo\u017enih zdravstvenih metod, ki laj\u0161ajo proces izra\u0161\u010danja zobkov, ki jih lahko preizkusite.","og_url":"https:\/\/multi-mam.com\/si\/nasveti-strokovnjakov\/izrascanje-zobkov\/zdravila-pri-izrascanju-zobkov\/","og_site_name":"Multi-Mam","article_modified_time":"2023-09-06T13:28:50+00:00","twitter_card":"summary_large_image","twitter_misc":{"Est. reading time":"4 minutes"},"schema":{"@context":"https:\/\/schema.org","@graph":[{"@type":"WebPage","@id":"https:\/\/multi-mam.com\/si\/nasveti-strokovnjakov\/izrascanje-zobkov\/zdravila-pri-izrascanju-zobkov\/","url":"https:\/\/multi-mam.com\/si\/nasveti-strokovnjakov\/izrascanje-zobkov\/zdravila-pri-izrascanju-zobkov\/","name":"Zdravila pri izra\u0161\u010danju zobkov - Multi-Mam","isPartOf":{"@id":"https:\/\/multi-mam.com\/si\/#website"},"datePublished":"2023-07-05T06:51:30+00:00","dateModified":"2023-09-06T13:28:50+00:00","description":"Da bi lahko pomagali svojemu otroku skozi proces izra\u0161\u010danja zobkov s \u010dim manj bole\u010din, smo za vas sestavili spisek mo\u017enih zdravstvenih metod, ki laj\u0161ajo proces izra\u0161\u010danja zobkov, ki jih lahko preizkusite.","breadcrumb":{"@id":"https:\/\/multi-mam.com\/si\/nasveti-strokovnjakov\/izrascanje-zobkov\/zdravila-pri-izrascanju-zobkov\/#breadcrumb"},"inLanguage":"sl-SI","potentialAction":[{"@type":"ReadAction","target":["https:\/\/multi-mam.com\/si\/nasveti-strokovnjakov\/izrascanje-zobkov\/zdravila-pri-izrascanju-zobkov\/"]}]},{"@type":"BreadcrumbList","@id":"https:\/\/multi-mam.com\/si\/nasveti-strokovnjakov\/izrascanje-zobkov\/zdravila-pri-izrascanju-zobkov\/#breadcrumb","itemListElement":[{"@type":"ListItem","position":1,"name":"Home","item":"https:\/\/multi-mam.com\/si\/"},{"@type":"ListItem","position":2,"name":"Nasveti strokovnjakov","item":"https:\/\/multi-mam.com\/si\/nasveti-strokovnjakov\/"},{"@type":"ListItem","position":3,"name":"Izra\u0161\u010danje zobkov","item":"https:\/\/multi-mam.com\/si\/nasveti-strokovnjakov\/izrascanje-zobkov\/"},{"@type":"ListItem","position":4,"name":"Zdravila pri izra\u0161\u010danju zobkov"}]},{"@type":"WebSite","@id":"https:\/\/multi-mam.com\/si\/#website","url":"https:\/\/multi-mam.com\/si\/","name":"Multi-Mam","description":"","publisher":{"@id":"https:\/\/multi-mam.com\/si\/#organization"},"potentialAction":[{"@type":"SearchAction","target":{"@type":"EntryPoint","urlTemplate":"https:\/\/multi-mam.com\/si\/?s={search_term_string}"},"query-input":{"@type":"PropertyValueSpecification","valueRequired":true,"valueName":"search_term_string"}}],"inLanguage":"sl-SI"},{"@type":"Organization","@id":"https:\/\/multi-mam.com\/si\/#organization","name":"Multi-Mam","url":"https:\/\/multi-mam.com\/si\/","logo":{"@type":"ImageObject","inLanguage":"sl-SI","@id":"https:\/\/multi-mam.com\/si\/#\/schema\/logo\/image\/","url":"https:\/\/multi-mam.com\/app\/uploads\/sites\/30\/2023\/06\/multi-mam-logotype.png","contentUrl":"https:\/\/multi-mam.com\/app\/uploads\/sites\/30\/2023\/06\/multi-mam-logotype.png","width":70,"height":96,"caption":"Multi-Mam"},"image":{"@id":"https:\/\/multi-mam.com\/si\/#\/schema\/logo\/image\/"}}]}},"_links":{"self":[{"href":"https:\/\/multi-mam.com\/si\/wp-json\/wp\/v2\/pages\/143","targetHints":{"allow":["GET"]}}],"collection":[{"href":"https:\/\/multi-mam.com\/si\/wp-json\/wp\/v2\/pages"}],"about":[{"href":"https:\/\/multi-mam.com\/si\/wp-json\/wp\/v2\/types\/page"}],"author":[{"embeddable":true,"href":"https:\/\/multi-mam.com\/si\/wp-json\/wp\/v2\/users\/2"}],"replies":[{"embeddable":true,"href":"https:\/\/multi-mam.com\/si\/wp-json\/wp\/v2\/comments?post=143"}],"version-history":[{"count":3,"href":"https:\/\/multi-mam.com\/si\/wp-json\/wp\/v2\/pages\/143\/revisions"}],"predecessor-version":[{"id":232,"href":"https:\/\/multi-mam.com\/si\/wp-json\/wp\/v2\/pages\/143\/revisions\/232"}],"up":[{"embeddable":true,"href":"https:\/\/multi-mam.com\/si\/wp-json\/wp\/v2\/pages\/100"}],"wp:attachment":[{"href":"https:\/\/multi-mam.com\/si\/wp-json\/wp\/v2\/media?parent=143"}],"wp:term":[{"taxonomy":"from-article-database","embeddable":true,"href":"https:\/\/multi-mam.com\/si\/wp-json\/wp\/v2\/from-article-database?post=143"}],"curies":[{"name":"wp","href":"https:\/\/api.w.org\/{rel}","templated":true}]}}