{"id":139,"date":"2023-07-05T08:51:00","date_gmt":"2023-07-05T06:51:00","guid":{"rendered":"https:\/\/multi-mam.com\/si\/?page_id=139"},"modified":"2023-09-06T15:28:54","modified_gmt":"2023-09-06T13:28:54","slug":"ko-dojenckom-pricnejo-izrascati-zobki","status":"publish","type":"page","link":"https:\/\/multi-mam.com\/si\/nasveti-strokovnjakov\/izrascanje-zobkov\/ko-dojenckom-pricnejo-izrascati-zobki\/","title":{"rendered":"Ko dojen\u010dkom pri\u010dnejo izra\u0161\u010dati zobki"},"content":{"rendered":"\n<div class=\"wp-block-karopharma-free-text pt-large pb-large bg-center bg-cover bg-no-repeat  is-style-primary\" style=\"background-image:url()\"><div class=\"free-text-wrapper container max-w-medium text-left\">\n<h1 class=\"is-style-heading-huge wp-block-heading\">Ko dojen\u010dkom pri\u010dnejo izra\u0161\u010dati zobki<\/h1>\n\n\n\n<p class=\"is-style-paragraph-preamble\">Tako kot prvi koraki in prve besede je izra\u0161\u010danje zobkov \u0161e ena pomembna prelomnica v \u017eivljenju va\u0161ega otroka. \u010ceprav je pogled na zobke ob nasmehu va\u0161ega mal\u010dka nekaj, \u010desar bi morali biti veseli, je lahko proces, ki vodi do tja zelo stresen za oba. Izra\u0161\u010danje zobkov lahko povzro\u010di veliko neprijetnih simptomov, kot so ob\u010dutljive in nabrekle dlesni, slinjenje, izpu\u0161\u010daj na bradi, te\u017eave s spanjem itd. Vendar, ko va\u0161emu dojen\u010dku pri\u010dnejo izra\u0161\u010dati zobki, ste lahko prepri\u010dani, da je njegov razvoj na pravi poti. Razvoj zobkov je za va\u0161ega otroka potreben, da bi se lahko dobro prehranjeval, z uravnote\u017eeno prehrano, ki vklju\u010duje gosto hrano, kar je predpostavka za pravilen razvoj in za mo\u010dan imunski sistem. Izra\u0161\u010danje zobkov igra tudi vlogo pri razvoju govornih sposobnosti. Grizenje hrane dejansko utrjuje mi\u0161ice \u010deljusti, li\u010dnic , ustnic in jezika ter vsaka izmed teh je potrebna, da bi lahko pravilno govoril.<\/p>\n<\/div><\/div>\n\n\n\n<div class=\"wp-block-karopharma-free-text pt-large pb-large bg-center bg-cover bg-no-repeat\" style=\"background-image:url()\"><div class=\"free-text-wrapper container max-w-medium text-left\">\n<h2 class=\"is-style-heading-h2 wp-block-heading\">Kdaj se pri\u010dne izra\u0161\u010danje zobkov?<\/h2>\n\n\n\n<p>Pri ve\u010dini otrok se prvi zobki pri\u010dnejo pojavljati okoli starosti 6 mesecev. Vendar je ta prelomnica odvisna od posameznika ter vas lahko preseneti \u017ee pri 3 mesecih. Ni pa neobi\u010dajno, da se nekaterim otrokom prvi zobki za\u010dnejo razvijati pri starosti 12 mesecev. \u010ceprav je \u010dasovno obdobje za izra\u0161\u010danje mle\u010dnih zobkov odvisno od posameznika, obstaja nekaj splo\u0161nih pravil, kdaj lahko pri\u010dakujete pojav prvih parov zobkov. To je najbolje razvidno v tabeli izra\u0161\u010danja zobkov.<\/p>\n\n\n\n<p>Kdaj bo va\u0161emu otroku izrasel prvi zobek, je odvisno od vas. \u010ce so vam in va\u0161emu partnerju zobki pri\u010deli izra\u0161\u010dati zgoda, potem je zelo verjetno, da bodo tudi va\u0161emu otroku. Enako velja, \u010de so vam zobki izrasli pozno.<\/p>\n\n\n\n<p>Po navadi sta prva dva zobka, ki se pojavita, sprednja spodnja zobka ali centralna sekalca, ki jima sledijo zgornji sprednji zobki. V\u010dasih si zobki sledijo v druga\u010dnem vrstnem redu, vendar skoraj vedno izra\u0161\u010dajo v parih. Ti zobki po navadi ne povzro\u010dajo veliko bole\u010din, ker so njihove konice zelo tanke in se nimajo te\u017eav prebiti skozi dlesni. Ko va\u0161 otrok napolni eno leto, se bodo pri\u010deli pojavljati ko\u010dniki (to so zobje, ki se nahajajo v zadnjem delu ust). Izra\u0161\u010danje ko\u010dnikov je veliko krat dosti bolj neprijetno kot izra\u0161\u010danje sekalcev, ve\u010dinoma zaradi \u0161iroke povr\u0161ine, ki mora povzro\u010diti veliko pritiska in bole\u010dine, preden lahko prodre skozi dlesni.<\/p>\n\n\n\n<p>Ko va\u0161 mal\u010dek napolni tri leta, bi morali vsi mle\u010dni zobki \u017ee izrasti. Pri starosti 6 let se celoten proces \u0161e enkrat ponovi, ko pri\u010dnejo mle\u010dni zobki izpadati in jih zamenjajo stalni zobje. Ta proces traja dalj \u010dasa, dokler se ne pojavijo modrostni zobje med starostjo 17 in 21 let.<\/p>\n\n\n\n<h2 class=\"is-style-heading-h2 wp-block-heading\">Kako ubla\u017eiti simptome izra\u0161\u010danja zobkov<\/h2>\n\n\n\n<p>Kot smo \u017ee na za\u010detku omenili, je izra\u0161\u010danje zobkov lahko zelo neprijeten proces. Nekateri dojen\u010dki bodo kazali le en simptom ali pa nobenega, medtem ko drugi ne bodo imeli tak\u0161ne sre\u010de, in vam bodo povzro\u010dili veliko neprespanih no\u010di. Obstaja nekaj preizku\u0161enih in resni\u010dnih zdravil, ki vam lahko odvzamejo nekaj nelagodja, kot je ne\u017ena masa\u017ea, igra\u010dka za izra\u0161\u010danje zobkov z gelom nanesenim na to\u010dke dotika, ali pa otroku priskrbimo vla\u017eno in \u010disto krpo. Posku\u0161ali bodo v usta nesti vse, kar jim pride pod roke, zato je zelo pomembno, da imajo v dosegu samo tiste stvari, ki jih smejo nesti v usta, da jih lahko \u017eve\u010dijo, in da imajo vedno \u010diste roke, da bi prepre\u010dili infekcije. Pametno je imeti pri roki dodaten slin\u010dek in obla\u010dila, saj se zaradi prekomernega slinjenja lahko zmo\u010dijo in jih zazebe.<\/p>\n<\/div><\/div>\n","protected":false},"excerpt":{"rendered":"","protected":false},"author":2,"featured_media":0,"parent":100,"menu_order":3,"comment_status":"closed","ping_status":"closed","template":"","meta":{"_acf_changed":false,"footnotes":""},"from-article-database":[],"class_list":["post-139","page","type-page","status-publish","hentry"],"acf":[],"yoast_head":"<!-- This site is optimized with the Yoast SEO plugin v26.6 - https:\/\/yoast.com\/wordpress\/plugins\/seo\/ -->\n<title>Ko dojen\u010dkom pri\u010dnejo izra\u0161\u010dati zobki - Multi-Mam<\/title>\n<meta name=\"description\" content=\"Razvoj zobkov je za va\u0161ega otroka potreben, da bi se lahko dobro prehranjeval, z uravnote\u017eeno prehrano, ki vklju\u010duje gosto hrano, kar je predpostavka za pravilen razvoj in za mo\u010dan imunski sistem.\" \/>\n<meta name=\"robots\" content=\"index, follow, max-snippet:-1, max-image-preview:large, max-video-preview:-1\" \/>\n<link rel=\"canonical\" href=\"https:\/\/multi-mam.com\/si\/nasveti-strokovnjakov\/izrascanje-zobkov\/ko-dojenckom-pricnejo-izrascati-zobki\/\" \/>\n<meta property=\"og:locale\" content=\"sl_SI\" \/>\n<meta property=\"og:type\" content=\"article\" \/>\n<meta property=\"og:title\" content=\"Ko dojen\u010dkom pri\u010dnejo izra\u0161\u010dati zobki - Multi-Mam\" \/>\n<meta property=\"og:description\" content=\"Razvoj zobkov je za va\u0161ega otroka potreben, da bi se lahko dobro prehranjeval, z uravnote\u017eeno prehrano, ki vklju\u010duje gosto hrano, kar je predpostavka za pravilen razvoj in za mo\u010dan imunski sistem.\" \/>\n<meta property=\"og:url\" content=\"https:\/\/multi-mam.com\/si\/nasveti-strokovnjakov\/izrascanje-zobkov\/ko-dojenckom-pricnejo-izrascati-zobki\/\" \/>\n<meta property=\"og:site_name\" content=\"Multi-Mam\" \/>\n<meta property=\"article:modified_time\" content=\"2023-09-06T13:28:54+00:00\" \/>\n<meta name=\"twitter:card\" content=\"summary_large_image\" \/>\n<meta name=\"twitter:label1\" content=\"Est. reading time\" \/>\n\t<meta name=\"twitter:data1\" content=\"4 minutes\" \/>\n<script type=\"application\/ld+json\" class=\"yoast-schema-graph\">{\"@context\":\"https:\/\/schema.org\",\"@graph\":[{\"@type\":\"WebPage\",\"@id\":\"https:\/\/multi-mam.com\/si\/nasveti-strokovnjakov\/izrascanje-zobkov\/ko-dojenckom-pricnejo-izrascati-zobki\/\",\"url\":\"https:\/\/multi-mam.com\/si\/nasveti-strokovnjakov\/izrascanje-zobkov\/ko-dojenckom-pricnejo-izrascati-zobki\/\",\"name\":\"Ko dojen\u010dkom pri\u010dnejo izra\u0161\u010dati zobki - Multi-Mam\",\"isPartOf\":{\"@id\":\"https:\/\/multi-mam.com\/si\/#website\"},\"datePublished\":\"2023-07-05T06:51:00+00:00\",\"dateModified\":\"2023-09-06T13:28:54+00:00\",\"description\":\"Razvoj zobkov je za va\u0161ega otroka potreben, da bi se lahko dobro prehranjeval, z uravnote\u017eeno prehrano, ki vklju\u010duje gosto hrano, kar je predpostavka za pravilen razvoj in za mo\u010dan imunski sistem.\",\"breadcrumb\":{\"@id\":\"https:\/\/multi-mam.com\/si\/nasveti-strokovnjakov\/izrascanje-zobkov\/ko-dojenckom-pricnejo-izrascati-zobki\/#breadcrumb\"},\"inLanguage\":\"sl-SI\",\"potentialAction\":[{\"@type\":\"ReadAction\",\"target\":[\"https:\/\/multi-mam.com\/si\/nasveti-strokovnjakov\/izrascanje-zobkov\/ko-dojenckom-pricnejo-izrascati-zobki\/\"]}]},{\"@type\":\"BreadcrumbList\",\"@id\":\"https:\/\/multi-mam.com\/si\/nasveti-strokovnjakov\/izrascanje-zobkov\/ko-dojenckom-pricnejo-izrascati-zobki\/#breadcrumb\",\"itemListElement\":[{\"@type\":\"ListItem\",\"position\":1,\"name\":\"Home\",\"item\":\"https:\/\/multi-mam.com\/si\/\"},{\"@type\":\"ListItem\",\"position\":2,\"name\":\"Nasveti strokovnjakov\",\"item\":\"https:\/\/multi-mam.com\/si\/nasveti-strokovnjakov\/\"},{\"@type\":\"ListItem\",\"position\":3,\"name\":\"Izra\u0161\u010danje zobkov\",\"item\":\"https:\/\/multi-mam.com\/si\/nasveti-strokovnjakov\/izrascanje-zobkov\/\"},{\"@type\":\"ListItem\",\"position\":4,\"name\":\"Ko dojen\u010dkom pri\u010dnejo izra\u0161\u010dati zobki\"}]},{\"@type\":\"WebSite\",\"@id\":\"https:\/\/multi-mam.com\/si\/#website\",\"url\":\"https:\/\/multi-mam.com\/si\/\",\"name\":\"Multi-Mam\",\"description\":\"\",\"publisher\":{\"@id\":\"https:\/\/multi-mam.com\/si\/#organization\"},\"potentialAction\":[{\"@type\":\"SearchAction\",\"target\":{\"@type\":\"EntryPoint\",\"urlTemplate\":\"https:\/\/multi-mam.com\/si\/?s={search_term_string}\"},\"query-input\":{\"@type\":\"PropertyValueSpecification\",\"valueRequired\":true,\"valueName\":\"search_term_string\"}}],\"inLanguage\":\"sl-SI\"},{\"@type\":\"Organization\",\"@id\":\"https:\/\/multi-mam.com\/si\/#organization\",\"name\":\"Multi-Mam\",\"url\":\"https:\/\/multi-mam.com\/si\/\",\"logo\":{\"@type\":\"ImageObject\",\"inLanguage\":\"sl-SI\",\"@id\":\"https:\/\/multi-mam.com\/si\/#\/schema\/logo\/image\/\",\"url\":\"https:\/\/multi-mam.com\/app\/uploads\/sites\/30\/2023\/06\/multi-mam-logotype.png\",\"contentUrl\":\"https:\/\/multi-mam.com\/app\/uploads\/sites\/30\/2023\/06\/multi-mam-logotype.png\",\"width\":70,\"height\":96,\"caption\":\"Multi-Mam\"},\"image\":{\"@id\":\"https:\/\/multi-mam.com\/si\/#\/schema\/logo\/image\/\"}}]}<\/script>\n<!-- \/ Yoast SEO plugin. -->","yoast_head_json":{"title":"Ko dojen\u010dkom pri\u010dnejo izra\u0161\u010dati zobki - Multi-Mam","description":"Razvoj zobkov je za va\u0161ega otroka potreben, da bi se lahko dobro prehranjeval, z uravnote\u017eeno prehrano, ki vklju\u010duje gosto hrano, kar je predpostavka za pravilen razvoj in za mo\u010dan imunski sistem.","robots":{"index":"index","follow":"follow","max-snippet":"max-snippet:-1","max-image-preview":"max-image-preview:large","max-video-preview":"max-video-preview:-1"},"canonical":"https:\/\/multi-mam.com\/si\/nasveti-strokovnjakov\/izrascanje-zobkov\/ko-dojenckom-pricnejo-izrascati-zobki\/","og_locale":"sl_SI","og_type":"article","og_title":"Ko dojen\u010dkom pri\u010dnejo izra\u0161\u010dati zobki - Multi-Mam","og_description":"Razvoj zobkov je za va\u0161ega otroka potreben, da bi se lahko dobro prehranjeval, z uravnote\u017eeno prehrano, ki vklju\u010duje gosto hrano, kar je predpostavka za pravilen razvoj in za mo\u010dan imunski sistem.","og_url":"https:\/\/multi-mam.com\/si\/nasveti-strokovnjakov\/izrascanje-zobkov\/ko-dojenckom-pricnejo-izrascati-zobki\/","og_site_name":"Multi-Mam","article_modified_time":"2023-09-06T13:28:54+00:00","twitter_card":"summary_large_image","twitter_misc":{"Est. reading time":"4 minutes"},"schema":{"@context":"https:\/\/schema.org","@graph":[{"@type":"WebPage","@id":"https:\/\/multi-mam.com\/si\/nasveti-strokovnjakov\/izrascanje-zobkov\/ko-dojenckom-pricnejo-izrascati-zobki\/","url":"https:\/\/multi-mam.com\/si\/nasveti-strokovnjakov\/izrascanje-zobkov\/ko-dojenckom-pricnejo-izrascati-zobki\/","name":"Ko dojen\u010dkom pri\u010dnejo izra\u0161\u010dati zobki - Multi-Mam","isPartOf":{"@id":"https:\/\/multi-mam.com\/si\/#website"},"datePublished":"2023-07-05T06:51:00+00:00","dateModified":"2023-09-06T13:28:54+00:00","description":"Razvoj zobkov je za va\u0161ega otroka potreben, da bi se lahko dobro prehranjeval, z uravnote\u017eeno prehrano, ki vklju\u010duje gosto hrano, kar je predpostavka za pravilen razvoj in za mo\u010dan imunski sistem.","breadcrumb":{"@id":"https:\/\/multi-mam.com\/si\/nasveti-strokovnjakov\/izrascanje-zobkov\/ko-dojenckom-pricnejo-izrascati-zobki\/#breadcrumb"},"inLanguage":"sl-SI","potentialAction":[{"@type":"ReadAction","target":["https:\/\/multi-mam.com\/si\/nasveti-strokovnjakov\/izrascanje-zobkov\/ko-dojenckom-pricnejo-izrascati-zobki\/"]}]},{"@type":"BreadcrumbList","@id":"https:\/\/multi-mam.com\/si\/nasveti-strokovnjakov\/izrascanje-zobkov\/ko-dojenckom-pricnejo-izrascati-zobki\/#breadcrumb","itemListElement":[{"@type":"ListItem","position":1,"name":"Home","item":"https:\/\/multi-mam.com\/si\/"},{"@type":"ListItem","position":2,"name":"Nasveti strokovnjakov","item":"https:\/\/multi-mam.com\/si\/nasveti-strokovnjakov\/"},{"@type":"ListItem","position":3,"name":"Izra\u0161\u010danje zobkov","item":"https:\/\/multi-mam.com\/si\/nasveti-strokovnjakov\/izrascanje-zobkov\/"},{"@type":"ListItem","position":4,"name":"Ko dojen\u010dkom pri\u010dnejo izra\u0161\u010dati zobki"}]},{"@type":"WebSite","@id":"https:\/\/multi-mam.com\/si\/#website","url":"https:\/\/multi-mam.com\/si\/","name":"Multi-Mam","description":"","publisher":{"@id":"https:\/\/multi-mam.com\/si\/#organization"},"potentialAction":[{"@type":"SearchAction","target":{"@type":"EntryPoint","urlTemplate":"https:\/\/multi-mam.com\/si\/?s={search_term_string}"},"query-input":{"@type":"PropertyValueSpecification","valueRequired":true,"valueName":"search_term_string"}}],"inLanguage":"sl-SI"},{"@type":"Organization","@id":"https:\/\/multi-mam.com\/si\/#organization","name":"Multi-Mam","url":"https:\/\/multi-mam.com\/si\/","logo":{"@type":"ImageObject","inLanguage":"sl-SI","@id":"https:\/\/multi-mam.com\/si\/#\/schema\/logo\/image\/","url":"https:\/\/multi-mam.com\/app\/uploads\/sites\/30\/2023\/06\/multi-mam-logotype.png","contentUrl":"https:\/\/multi-mam.com\/app\/uploads\/sites\/30\/2023\/06\/multi-mam-logotype.png","width":70,"height":96,"caption":"Multi-Mam"},"image":{"@id":"https:\/\/multi-mam.com\/si\/#\/schema\/logo\/image\/"}}]}},"_links":{"self":[{"href":"https:\/\/multi-mam.com\/si\/wp-json\/wp\/v2\/pages\/139","targetHints":{"allow":["GET"]}}],"collection":[{"href":"https:\/\/multi-mam.com\/si\/wp-json\/wp\/v2\/pages"}],"about":[{"href":"https:\/\/multi-mam.com\/si\/wp-json\/wp\/v2\/types\/page"}],"author":[{"embeddable":true,"href":"https:\/\/multi-mam.com\/si\/wp-json\/wp\/v2\/users\/2"}],"replies":[{"embeddable":true,"href":"https:\/\/multi-mam.com\/si\/wp-json\/wp\/v2\/comments?post=139"}],"version-history":[{"count":3,"href":"https:\/\/multi-mam.com\/si\/wp-json\/wp\/v2\/pages\/139\/revisions"}],"predecessor-version":[{"id":227,"href":"https:\/\/multi-mam.com\/si\/wp-json\/wp\/v2\/pages\/139\/revisions\/227"}],"up":[{"embeddable":true,"href":"https:\/\/multi-mam.com\/si\/wp-json\/wp\/v2\/pages\/100"}],"wp:attachment":[{"href":"https:\/\/multi-mam.com\/si\/wp-json\/wp\/v2\/media?parent=139"}],"wp:term":[{"taxonomy":"from-article-database","embeddable":true,"href":"https:\/\/multi-mam.com\/si\/wp-json\/wp\/v2\/from-article-database?post=139"}],"curies":[{"name":"wp","href":"https:\/\/api.w.org\/{rel}","templated":true}]}}