{"id":135,"date":"2023-07-05T08:50:32","date_gmt":"2023-07-05T06:50:32","guid":{"rendered":"https:\/\/multi-mam.com\/si\/?page_id=135"},"modified":"2023-09-06T15:28:59","modified_gmt":"2023-09-06T13:28:59","slug":"tabela-izrascanja-dojenckovih-zobkov","status":"publish","type":"page","link":"https:\/\/multi-mam.com\/si\/nasveti-strokovnjakov\/izrascanje-zobkov\/tabela-izrascanja-dojenckovih-zobkov\/","title":{"rendered":"Tabela izra\u0161\u010danja dojen\u010dkovih zobkov"},"content":{"rendered":"\n<div class=\"wp-block-karopharma-free-text pt-large pb-large bg-center bg-cover bg-no-repeat  is-style-primary\" style=\"background-image:url()\"><div class=\"free-text-wrapper container max-w-medium text-left\">\n<h1 class=\"is-style-heading-huge wp-block-heading\">Tabela izra\u0161\u010danja dojen\u010dkovih zobkov<\/h1>\n\n\n\n<p class=\"is-style-paragraph-preamble\">Izra\u0161\u010danje zobkov se po navadi za\u010dne, ko je va\u0161 dojen\u010dek star 6 mesecev, vendar ne smete biti presene\u010deni, \u010de se ta proces za\u010dne nekje med tretjim im 12 mesecem starosti. Med procesom izra\u0161\u010danja zobkov bo va\u0161 dojen\u010dek razvil 20 stalnih ali mle\u010dnih zobkov. Ti mle\u010dni zobki se kasneje med otro\u0161tvom nadomestijo s stalnimi zobmi in ta proces se po navadi zaklju\u010di pri 21. letu starosti.<\/p>\n<\/div><\/div>\n\n\n\n<div class=\"wp-block-karopharma-free-text pt-large pb-large bg-center bg-cover bg-no-repeat\" style=\"background-image:url()\"><div class=\"free-text-wrapper container max-w-medium text-left\">\n<p>Ko se za\u010dnejo pojavljati mle\u010dni zobki, se to zgodi v posebnem zaporedju. Pri nekaterih je za razvoj potrebno manj, pri drugih dalj \u010dasa, vendar je vrstni red izra\u0161\u010danja po navadi enak. Najpogosteje zobki izrastejo v parih in spodnji zobki se po navadi razvijejo prej kot zgornji. Oglejte si spodaj navedeno tabelo, da bi bolje spoznali proces izra\u0161\u010danja zobkov.<\/p>\n\n\n\n<h2 class=\"is-style-heading-h2 wp-block-heading\">Tabela razvoja zobkov pri dojen\u010dku<\/h2>\n\n\n\n<figure class=\"wp-block-table is-style-primary-stripes\"><table><thead><tr><th>Zobje<\/th><th>\u010cas pojavljanja<\/th><th>\u010cas izpadanja<\/th><\/tr><\/thead><tbody><tr><td>Spodnji centralni sekalci<\/td><td>6-10 mesecev<\/td><td>6-7 let<\/td><\/tr><tr><td>Zgornji centralni sekalci<\/td><td>8-12 mesecev<\/td><td>6-7 let<\/td><\/tr><tr><td>Zgornji bo\u010dni sekalci<\/td><td>9-13 mesecev<\/td><td>7-8 let<\/td><\/tr><tr><td>Spodnji bo\u010dni sekalci<\/td><td>10-16 mesecev<\/td><td>7-8 let<\/td><\/tr><tr><td>Zgornji prvi ko\u010dniki<\/td><td>13-19 mesecev<\/td><td>9-11 let<\/td><\/tr><tr><td>Spodnji prvi ko\u010dniki<\/td><td>14-18 mesecev<\/td><td>9-11 let<\/td><\/tr><tr><td>Zgornji podo\u010dniki<\/td><td>16-22 mesecev<\/td><td>10-12 let<\/td><\/tr><tr><td>Spodnji podo\u010dniki<\/td><td>17-23 mesecev<\/td><td>9-12 let<\/td><\/tr><tr><td>Spodnji drugi ko\u010dniki<\/td><td>23-31 mesecev<\/td><td>10-12 let<\/td><\/tr><tr><td>Zgornji drugi ko\u010dniki<\/td><td>25-33 mesecev<\/td><td>10-12 let<\/td><\/tr><\/tbody><\/table><\/figure>\n\n\n\n<h2 class=\"is-style-heading-h2 wp-block-heading\">Tabela permanentnega zobnega razvoja<\/h2>\n\n\n\n<figure class=\"wp-block-table\"><table><thead><tr><th>Zobje<\/th><th>\u010cas pojavljanja<\/th><\/tr><\/thead><tbody><tr><td>Spodnji centralni sekalci<\/td><td>6-7 let<\/td><\/tr><tr><td>Zgornji centralni sekalci<\/td><td>7-8 let<\/td><\/tr><tr><td>Spodnji bo\u010dni sekalci<\/td><td>7-8 let<\/td><\/tr><tr><td>Zgornji bo\u010dni sekalci<\/td><td>8-9 let<\/td><\/tr><tr><td>Zgornji prvi ko\u010dniki<\/td><td>6-7 let<\/td><\/tr><tr><td>Spodnji prvi ko\u010dniki<\/td><td>6-7 let<\/td><\/tr><tr><td>Spodnji podo\u010dniki<\/td><td>9-10 let<\/td><\/tr><tr><td>Zgornji prvi li\u010dniki<\/td><td>10-11 let<\/td><\/tr><tr><td>Spodnji prvi li\u010dniki<\/td><td>10-12 let<\/td><\/tr><tr><td>Zgornji drugi li\u010dniki<\/td><td>10-12 let<\/td><\/tr><tr><td>Spodnji drugi li\u010dniki<\/td><td>11-12 let<\/td><\/tr><tr><td>Zgornji podo\u010dniki<\/td><td>11-12 let<\/td><\/tr><tr><td>Spodnji drugi ko\u010dniki<\/td><td>11-13 let<\/td><\/tr><tr><td>Zgornji drugi ko\u010dniki<\/td><td>12-13 let<\/td><\/tr><tr><td>Zgornji tretji ko\u010dniki<\/td><td>17-21 let<\/td><\/tr><tr><td>Spodnji tretji ko\u010dniki<\/td><td>17-21 let<\/td><\/tr><\/tbody><\/table><\/figure>\n\n\n\n<p>Zelo pomembno je, da \u017ee od majhnih nog razvijemo ustrezno oralno higieno tako, da lahko va\u0161 otrok te navade kasneje v \u017eivljenju vzdr\u017euje in ohrani, omogo\u010di zdrav za\u010detek trajnim zobem ter promovira razvoj zdravega govora. Manjkajo\u010di ali propadli zobje so lahko vzrok za ob\u010dutek nelagodja pri otrocih, kar lahko vodi do zavra\u010danja hrane.<\/p>\n<\/div><\/div>\n","protected":false},"excerpt":{"rendered":"","protected":false},"author":2,"featured_media":0,"parent":100,"menu_order":1,"comment_status":"closed","ping_status":"closed","template":"","meta":{"_acf_changed":false,"footnotes":""},"from-article-database":[],"class_list":["post-135","page","type-page","status-publish","hentry"],"acf":[],"yoast_head":"<!-- This site is optimized with the Yoast SEO plugin v26.6 - https:\/\/yoast.com\/wordpress\/plugins\/seo\/ -->\n<title>Tabela izra\u0161\u010danja dojen\u010dkovih zobkov - Multi-Mam<\/title>\n<meta name=\"description\" content=\"Izra\u0161\u010danje zobkov se po navadi za\u010dne, ko je va\u0161 dojen\u010dek star 6 mesecev, vendar ne smete biti presene\u010deni, \u010de se ta proces za\u010dne nekje med tretjim im 12 mesecem starosti.\" \/>\n<meta name=\"robots\" content=\"index, follow, max-snippet:-1, max-image-preview:large, max-video-preview:-1\" \/>\n<link rel=\"canonical\" href=\"https:\/\/multi-mam.com\/si\/nasveti-strokovnjakov\/izrascanje-zobkov\/tabela-izrascanja-dojenckovih-zobkov\/\" \/>\n<meta property=\"og:locale\" content=\"sl_SI\" \/>\n<meta property=\"og:type\" content=\"article\" \/>\n<meta property=\"og:title\" content=\"Tabela izra\u0161\u010danja dojen\u010dkovih zobkov - Multi-Mam\" \/>\n<meta property=\"og:description\" content=\"Izra\u0161\u010danje zobkov se po navadi za\u010dne, ko je va\u0161 dojen\u010dek star 6 mesecev, vendar ne smete biti presene\u010deni, \u010de se ta proces za\u010dne nekje med tretjim im 12 mesecem starosti.\" \/>\n<meta property=\"og:url\" content=\"https:\/\/multi-mam.com\/si\/nasveti-strokovnjakov\/izrascanje-zobkov\/tabela-izrascanja-dojenckovih-zobkov\/\" \/>\n<meta property=\"og:site_name\" content=\"Multi-Mam\" \/>\n<meta property=\"article:modified_time\" content=\"2023-09-06T13:28:59+00:00\" \/>\n<meta name=\"twitter:card\" content=\"summary_large_image\" \/>\n<meta name=\"twitter:label1\" content=\"Est. reading time\" \/>\n\t<meta name=\"twitter:data1\" content=\"2 minutes\" \/>\n<script type=\"application\/ld+json\" class=\"yoast-schema-graph\">{\"@context\":\"https:\/\/schema.org\",\"@graph\":[{\"@type\":\"WebPage\",\"@id\":\"https:\/\/multi-mam.com\/si\/nasveti-strokovnjakov\/izrascanje-zobkov\/tabela-izrascanja-dojenckovih-zobkov\/\",\"url\":\"https:\/\/multi-mam.com\/si\/nasveti-strokovnjakov\/izrascanje-zobkov\/tabela-izrascanja-dojenckovih-zobkov\/\",\"name\":\"Tabela izra\u0161\u010danja dojen\u010dkovih zobkov - Multi-Mam\",\"isPartOf\":{\"@id\":\"https:\/\/multi-mam.com\/si\/#website\"},\"datePublished\":\"2023-07-05T06:50:32+00:00\",\"dateModified\":\"2023-09-06T13:28:59+00:00\",\"description\":\"Izra\u0161\u010danje zobkov se po navadi za\u010dne, ko je va\u0161 dojen\u010dek star 6 mesecev, vendar ne smete biti presene\u010deni, \u010de se ta proces za\u010dne nekje med tretjim im 12 mesecem starosti.\",\"breadcrumb\":{\"@id\":\"https:\/\/multi-mam.com\/si\/nasveti-strokovnjakov\/izrascanje-zobkov\/tabela-izrascanja-dojenckovih-zobkov\/#breadcrumb\"},\"inLanguage\":\"sl-SI\",\"potentialAction\":[{\"@type\":\"ReadAction\",\"target\":[\"https:\/\/multi-mam.com\/si\/nasveti-strokovnjakov\/izrascanje-zobkov\/tabela-izrascanja-dojenckovih-zobkov\/\"]}]},{\"@type\":\"BreadcrumbList\",\"@id\":\"https:\/\/multi-mam.com\/si\/nasveti-strokovnjakov\/izrascanje-zobkov\/tabela-izrascanja-dojenckovih-zobkov\/#breadcrumb\",\"itemListElement\":[{\"@type\":\"ListItem\",\"position\":1,\"name\":\"Home\",\"item\":\"https:\/\/multi-mam.com\/si\/\"},{\"@type\":\"ListItem\",\"position\":2,\"name\":\"Nasveti strokovnjakov\",\"item\":\"https:\/\/multi-mam.com\/si\/nasveti-strokovnjakov\/\"},{\"@type\":\"ListItem\",\"position\":3,\"name\":\"Izra\u0161\u010danje zobkov\",\"item\":\"https:\/\/multi-mam.com\/si\/nasveti-strokovnjakov\/izrascanje-zobkov\/\"},{\"@type\":\"ListItem\",\"position\":4,\"name\":\"Tabela izra\u0161\u010danja dojen\u010dkovih zobkov\"}]},{\"@type\":\"WebSite\",\"@id\":\"https:\/\/multi-mam.com\/si\/#website\",\"url\":\"https:\/\/multi-mam.com\/si\/\",\"name\":\"Multi-Mam\",\"description\":\"\",\"publisher\":{\"@id\":\"https:\/\/multi-mam.com\/si\/#organization\"},\"potentialAction\":[{\"@type\":\"SearchAction\",\"target\":{\"@type\":\"EntryPoint\",\"urlTemplate\":\"https:\/\/multi-mam.com\/si\/?s={search_term_string}\"},\"query-input\":{\"@type\":\"PropertyValueSpecification\",\"valueRequired\":true,\"valueName\":\"search_term_string\"}}],\"inLanguage\":\"sl-SI\"},{\"@type\":\"Organization\",\"@id\":\"https:\/\/multi-mam.com\/si\/#organization\",\"name\":\"Multi-Mam\",\"url\":\"https:\/\/multi-mam.com\/si\/\",\"logo\":{\"@type\":\"ImageObject\",\"inLanguage\":\"sl-SI\",\"@id\":\"https:\/\/multi-mam.com\/si\/#\/schema\/logo\/image\/\",\"url\":\"https:\/\/multi-mam.com\/app\/uploads\/sites\/30\/2023\/06\/multi-mam-logotype.png\",\"contentUrl\":\"https:\/\/multi-mam.com\/app\/uploads\/sites\/30\/2023\/06\/multi-mam-logotype.png\",\"width\":70,\"height\":96,\"caption\":\"Multi-Mam\"},\"image\":{\"@id\":\"https:\/\/multi-mam.com\/si\/#\/schema\/logo\/image\/\"}}]}<\/script>\n<!-- \/ Yoast SEO plugin. -->","yoast_head_json":{"title":"Tabela izra\u0161\u010danja dojen\u010dkovih zobkov - Multi-Mam","description":"Izra\u0161\u010danje zobkov se po navadi za\u010dne, ko je va\u0161 dojen\u010dek star 6 mesecev, vendar ne smete biti presene\u010deni, \u010de se ta proces za\u010dne nekje med tretjim im 12 mesecem starosti.","robots":{"index":"index","follow":"follow","max-snippet":"max-snippet:-1","max-image-preview":"max-image-preview:large","max-video-preview":"max-video-preview:-1"},"canonical":"https:\/\/multi-mam.com\/si\/nasveti-strokovnjakov\/izrascanje-zobkov\/tabela-izrascanja-dojenckovih-zobkov\/","og_locale":"sl_SI","og_type":"article","og_title":"Tabela izra\u0161\u010danja dojen\u010dkovih zobkov - Multi-Mam","og_description":"Izra\u0161\u010danje zobkov se po navadi za\u010dne, ko je va\u0161 dojen\u010dek star 6 mesecev, vendar ne smete biti presene\u010deni, \u010de se ta proces za\u010dne nekje med tretjim im 12 mesecem starosti.","og_url":"https:\/\/multi-mam.com\/si\/nasveti-strokovnjakov\/izrascanje-zobkov\/tabela-izrascanja-dojenckovih-zobkov\/","og_site_name":"Multi-Mam","article_modified_time":"2023-09-06T13:28:59+00:00","twitter_card":"summary_large_image","twitter_misc":{"Est. reading time":"2 minutes"},"schema":{"@context":"https:\/\/schema.org","@graph":[{"@type":"WebPage","@id":"https:\/\/multi-mam.com\/si\/nasveti-strokovnjakov\/izrascanje-zobkov\/tabela-izrascanja-dojenckovih-zobkov\/","url":"https:\/\/multi-mam.com\/si\/nasveti-strokovnjakov\/izrascanje-zobkov\/tabela-izrascanja-dojenckovih-zobkov\/","name":"Tabela izra\u0161\u010danja dojen\u010dkovih zobkov - Multi-Mam","isPartOf":{"@id":"https:\/\/multi-mam.com\/si\/#website"},"datePublished":"2023-07-05T06:50:32+00:00","dateModified":"2023-09-06T13:28:59+00:00","description":"Izra\u0161\u010danje zobkov se po navadi za\u010dne, ko je va\u0161 dojen\u010dek star 6 mesecev, vendar ne smete biti presene\u010deni, \u010de se ta proces za\u010dne nekje med tretjim im 12 mesecem starosti.","breadcrumb":{"@id":"https:\/\/multi-mam.com\/si\/nasveti-strokovnjakov\/izrascanje-zobkov\/tabela-izrascanja-dojenckovih-zobkov\/#breadcrumb"},"inLanguage":"sl-SI","potentialAction":[{"@type":"ReadAction","target":["https:\/\/multi-mam.com\/si\/nasveti-strokovnjakov\/izrascanje-zobkov\/tabela-izrascanja-dojenckovih-zobkov\/"]}]},{"@type":"BreadcrumbList","@id":"https:\/\/multi-mam.com\/si\/nasveti-strokovnjakov\/izrascanje-zobkov\/tabela-izrascanja-dojenckovih-zobkov\/#breadcrumb","itemListElement":[{"@type":"ListItem","position":1,"name":"Home","item":"https:\/\/multi-mam.com\/si\/"},{"@type":"ListItem","position":2,"name":"Nasveti strokovnjakov","item":"https:\/\/multi-mam.com\/si\/nasveti-strokovnjakov\/"},{"@type":"ListItem","position":3,"name":"Izra\u0161\u010danje zobkov","item":"https:\/\/multi-mam.com\/si\/nasveti-strokovnjakov\/izrascanje-zobkov\/"},{"@type":"ListItem","position":4,"name":"Tabela izra\u0161\u010danja dojen\u010dkovih zobkov"}]},{"@type":"WebSite","@id":"https:\/\/multi-mam.com\/si\/#website","url":"https:\/\/multi-mam.com\/si\/","name":"Multi-Mam","description":"","publisher":{"@id":"https:\/\/multi-mam.com\/si\/#organization"},"potentialAction":[{"@type":"SearchAction","target":{"@type":"EntryPoint","urlTemplate":"https:\/\/multi-mam.com\/si\/?s={search_term_string}"},"query-input":{"@type":"PropertyValueSpecification","valueRequired":true,"valueName":"search_term_string"}}],"inLanguage":"sl-SI"},{"@type":"Organization","@id":"https:\/\/multi-mam.com\/si\/#organization","name":"Multi-Mam","url":"https:\/\/multi-mam.com\/si\/","logo":{"@type":"ImageObject","inLanguage":"sl-SI","@id":"https:\/\/multi-mam.com\/si\/#\/schema\/logo\/image\/","url":"https:\/\/multi-mam.com\/app\/uploads\/sites\/30\/2023\/06\/multi-mam-logotype.png","contentUrl":"https:\/\/multi-mam.com\/app\/uploads\/sites\/30\/2023\/06\/multi-mam-logotype.png","width":70,"height":96,"caption":"Multi-Mam"},"image":{"@id":"https:\/\/multi-mam.com\/si\/#\/schema\/logo\/image\/"}}]}},"_links":{"self":[{"href":"https:\/\/multi-mam.com\/si\/wp-json\/wp\/v2\/pages\/135","targetHints":{"allow":["GET"]}}],"collection":[{"href":"https:\/\/multi-mam.com\/si\/wp-json\/wp\/v2\/pages"}],"about":[{"href":"https:\/\/multi-mam.com\/si\/wp-json\/wp\/v2\/types\/page"}],"author":[{"embeddable":true,"href":"https:\/\/multi-mam.com\/si\/wp-json\/wp\/v2\/users\/2"}],"replies":[{"embeddable":true,"href":"https:\/\/multi-mam.com\/si\/wp-json\/wp\/v2\/comments?post=135"}],"version-history":[{"count":2,"href":"https:\/\/multi-mam.com\/si\/wp-json\/wp\/v2\/pages\/135\/revisions"}],"predecessor-version":[{"id":225,"href":"https:\/\/multi-mam.com\/si\/wp-json\/wp\/v2\/pages\/135\/revisions\/225"}],"up":[{"embeddable":true,"href":"https:\/\/multi-mam.com\/si\/wp-json\/wp\/v2\/pages\/100"}],"wp:attachment":[{"href":"https:\/\/multi-mam.com\/si\/wp-json\/wp\/v2\/media?parent=135"}],"wp:term":[{"taxonomy":"from-article-database","embeddable":true,"href":"https:\/\/multi-mam.com\/si\/wp-json\/wp\/v2\/from-article-database?post=135"}],"curies":[{"name":"wp","href":"https:\/\/api.w.org\/{rel}","templated":true}]}}