{"id":132,"date":"2023-07-05T08:45:33","date_gmt":"2023-07-05T06:45:33","guid":{"rendered":"https:\/\/multi-mam.com\/si\/?page_id=132"},"modified":"2023-09-06T15:29:01","modified_gmt":"2023-09-06T13:29:01","slug":"prednosti-dojenja","status":"publish","type":"page","link":"https:\/\/multi-mam.com\/si\/nasveti-strokovnjakov\/dojenje\/prednosti-dojenja\/","title":{"rendered":"Prednosti dojenja"},"content":{"rendered":"\n<div class=\"wp-block-karopharma-free-text pt-large pb-large bg-center bg-cover bg-no-repeat  is-style-primary\" style=\"background-image:url()\"><div class=\"free-text-wrapper container max-w-medium text-left\">\n<h1 class=\"is-style-heading-huge wp-block-heading\">Prednosti dojenja<\/h1>\n\n\n\n<p class=\"is-style-paragraph-preamble\">Svetovna zdravstvena organizacija (WHO), UNICEF, \u0161tevilna zdru\u017eenja pediatrov in svetovalcev za dojenje po svetu se strinja, da je dojenje najbolj\u0161a stvar, ki jo lahko ponudite dojen\u010dku. \u201cDojenje je priporo\u010den na\u010din hranjenja novorojen\u010dka. Vendar vas lahko glede na okoli\u0161\u010dine mnogi faktorji vodijo do tega, da se odlo\u010dite za nadomestno hrano.\u201d WHO priporo\u010da dojenje vsaj do 6 mesecev po porodu in odstavljanje, ko otrok napolni 1 leto. Vendar vas lahko glede na okoli\u0161\u010dine mnogi faktorji vodijo do tega, da se odlo\u010dite za nadomestno hrano.<\/p>\n<\/div><\/div>\n\n\n\n<div class=\"wp-block-karopharma-free-text pt-large pb-large bg-center bg-cover bg-no-repeat\" style=\"background-image:url()\"><div class=\"free-text-wrapper container max-w-medium text-left\">\n<p>Dojenje dojen\u010dku nudi veliko prednosti, vendar kaj to\u010dno lahko ta magi\u010dna bela teko\u010dina nudi va\u0161emu mal\u010dku? Tukaj je 19 razlogov, zakaj je dojenje koristno za oba, tako za dojen\u010dka kot za mater<\/p>\n\n\n\n<ol class=\"is-style-default wp-block-list\"><li>Materino mleko vsebuje popolno me\u0161anico hranljivih snovi, z zadostno koli\u010dino proteinov, ma\u0161\u010dob, vitaminov in mineralov, ki va\u0161ega dojen\u010dka preskrbijo z vsem, kar potrebuje, da bo sre\u010den in zdrav.<\/li><li>Vsebuje tudi protitelesa, vrsto proteina, ki se bori proti infekcijam v na\u0161em telesu. Med dojenjem se v dojen\u010dkovo telo prena\u0161ajo meterina protitelesa in ga tako varujejo pred bakterijami in virusi.<\/li><li>Z dvigom imunskega sistema lahko dojenje zmanj\u0161a tveganje astme in alergij.<\/li><li>Obstaja manj\u0161a verjetnost, da bo va\u0161 dojen\u010dek dobil vro\u010dino po obveznem cepljenju.<\/li><li>Dojeni dojen\u010dki so tudi manjkrat hospitalizirani kot pa njihovi sovrstniki, ki so hranjeni po stekleni\u010dki.<\/li><li>Dojeni dojen\u010dki tudi manjkrat zbolijo za diabetesom, visokim holesterolom ali pa kasneje v \u017eivljenju za vnetjem \u010drevesja.<\/li><li>Materino mleko je la\u017eje prebavljivo kot nadomestno mleko.<\/li><li>Dojenje lahko zmanj\u0161a tveganje, da bo va\u0161 otrok kasneje imel prekomerno te\u017eo ali pa bo kot odrasel nagnjen k debelosti.<\/li><li>Dojeni dojen\u010dki manjkrat podle\u017eejo sindromu nenadne smrti. \u010ce menite, da so prednosti dojenja rezervirane samo za va\u0161ega dojen\u010dka, ste v zmoti.<\/li><li>Dojenje lahko zmanj\u0161a va\u0161o raven stresa, vam pomaga, da ste bolj spro\u0161\u010deni in vam uravnava telesni pritisk zaradi vi\u0161je ravni hormona oksitocin.<\/li><li>Matere, ki dojijo, manjkrat trpijo za poporodno depresijo.<\/li><li>Podalj\u0161ano dojenje vas obvaruje pred rakom dojk in jaj\u010dnikov.<\/li><li>Lahko vas za\u0161\u010diti tudi pred osteoporozo, ker zvi\u0161a va\u0161e absorbiranje kalcijain vam tako oja\u010da kosti.<\/li><li>Dojenje stimulira izlo\u010danje hormona oksitocin. Ne samo, da se zaradi tega hormona dobro po\u010dutite, povzro\u010da tudi, da se maternica skr\u010di, in se zmanj\u0161a na velikost pred nose\u010dnostjo.<\/li><li>Z dojenjem porabite 500 kalorij na dan, kar vam pomaga, da hitreje izgubite te\u017eo, ki ste jo pridobili med nose\u010dnostjo.<\/li><li>Samo \u010de omenimo, da nam prihrani \u010das in denar, ker ni potrebe, da bi kupovali nadomesthno hrano, sterilizirali stekleni\u010dke itd.<\/li><li>Izbir\u010den dojen\u010dek? Ni\u010d hudega, vse kar potrebujete, imate ves \u010das pri sebi.<\/li><li>Dojenje je okolju prijazno. Ne povzro\u010damo odpadkov s plo\u010devinkami nadomestne hrane, ni stekleni\u010dk, ki jih je potrebno umivati.<\/li><li>Dojenje je izvrstna prilo\u017enost za crkljanje in za nemoteno vzpostavljanje vezi z dojen\u010dkom.<\/li><\/ol>\n<\/div><\/div>\n","protected":false},"excerpt":{"rendered":"","protected":false},"author":2,"featured_media":0,"parent":98,"menu_order":14,"comment_status":"closed","ping_status":"closed","template":"","meta":{"_acf_changed":false,"footnotes":""},"from-article-database":[],"class_list":["post-132","page","type-page","status-publish","hentry"],"acf":[],"yoast_head":"<!-- This site is optimized with the Yoast SEO plugin v26.6 - https:\/\/yoast.com\/wordpress\/plugins\/seo\/ -->\n<title>Prednosti dojenja - Multi-Mam<\/title>\n<meta name=\"description\" content=\"Svetovna zdravstvena organizacija (WHO), UNICEF, \u0161tevilna zdru\u017eenja pediatrov in svetovalcev za dojenje po svetu se strinja, da je dojenje najbolj\u0161a stvar, ki jo lahko ponudite dojen\u010dku.\" \/>\n<meta name=\"robots\" content=\"index, follow, max-snippet:-1, max-image-preview:large, max-video-preview:-1\" \/>\n<link rel=\"canonical\" href=\"https:\/\/multi-mam.com\/si\/nasveti-strokovnjakov\/dojenje\/prednosti-dojenja\/\" \/>\n<meta property=\"og:locale\" content=\"sl_SI\" \/>\n<meta property=\"og:type\" content=\"article\" \/>\n<meta property=\"og:title\" content=\"Prednosti dojenja - Multi-Mam\" \/>\n<meta property=\"og:description\" content=\"Svetovna zdravstvena organizacija (WHO), UNICEF, \u0161tevilna zdru\u017eenja pediatrov in svetovalcev za dojenje po svetu se strinja, da je dojenje najbolj\u0161a stvar, ki jo lahko ponudite dojen\u010dku.\" \/>\n<meta property=\"og:url\" content=\"https:\/\/multi-mam.com\/si\/nasveti-strokovnjakov\/dojenje\/prednosti-dojenja\/\" \/>\n<meta property=\"og:site_name\" content=\"Multi-Mam\" \/>\n<meta property=\"article:modified_time\" content=\"2023-09-06T13:29:01+00:00\" \/>\n<meta name=\"twitter:card\" content=\"summary_large_image\" \/>\n<meta name=\"twitter:label1\" content=\"Est. reading time\" \/>\n\t<meta name=\"twitter:data1\" content=\"3 minutes\" \/>\n<script type=\"application\/ld+json\" class=\"yoast-schema-graph\">{\"@context\":\"https:\/\/schema.org\",\"@graph\":[{\"@type\":\"WebPage\",\"@id\":\"https:\/\/multi-mam.com\/si\/nasveti-strokovnjakov\/dojenje\/prednosti-dojenja\/\",\"url\":\"https:\/\/multi-mam.com\/si\/nasveti-strokovnjakov\/dojenje\/prednosti-dojenja\/\",\"name\":\"Prednosti dojenja - Multi-Mam\",\"isPartOf\":{\"@id\":\"https:\/\/multi-mam.com\/si\/#website\"},\"datePublished\":\"2023-07-05T06:45:33+00:00\",\"dateModified\":\"2023-09-06T13:29:01+00:00\",\"description\":\"Svetovna zdravstvena organizacija (WHO), UNICEF, \u0161tevilna zdru\u017eenja pediatrov in svetovalcev za dojenje po svetu se strinja, da je dojenje najbolj\u0161a stvar, ki jo lahko ponudite dojen\u010dku.\",\"breadcrumb\":{\"@id\":\"https:\/\/multi-mam.com\/si\/nasveti-strokovnjakov\/dojenje\/prednosti-dojenja\/#breadcrumb\"},\"inLanguage\":\"sl-SI\",\"potentialAction\":[{\"@type\":\"ReadAction\",\"target\":[\"https:\/\/multi-mam.com\/si\/nasveti-strokovnjakov\/dojenje\/prednosti-dojenja\/\"]}]},{\"@type\":\"BreadcrumbList\",\"@id\":\"https:\/\/multi-mam.com\/si\/nasveti-strokovnjakov\/dojenje\/prednosti-dojenja\/#breadcrumb\",\"itemListElement\":[{\"@type\":\"ListItem\",\"position\":1,\"name\":\"Home\",\"item\":\"https:\/\/multi-mam.com\/si\/\"},{\"@type\":\"ListItem\",\"position\":2,\"name\":\"Nasveti strokovnjakov\",\"item\":\"https:\/\/multi-mam.com\/si\/nasveti-strokovnjakov\/\"},{\"@type\":\"ListItem\",\"position\":3,\"name\":\"Dojenje\",\"item\":\"https:\/\/multi-mam.com\/si\/nasveti-strokovnjakov\/dojenje\/\"},{\"@type\":\"ListItem\",\"position\":4,\"name\":\"Prednosti dojenja\"}]},{\"@type\":\"WebSite\",\"@id\":\"https:\/\/multi-mam.com\/si\/#website\",\"url\":\"https:\/\/multi-mam.com\/si\/\",\"name\":\"Multi-Mam\",\"description\":\"\",\"publisher\":{\"@id\":\"https:\/\/multi-mam.com\/si\/#organization\"},\"potentialAction\":[{\"@type\":\"SearchAction\",\"target\":{\"@type\":\"EntryPoint\",\"urlTemplate\":\"https:\/\/multi-mam.com\/si\/?s={search_term_string}\"},\"query-input\":{\"@type\":\"PropertyValueSpecification\",\"valueRequired\":true,\"valueName\":\"search_term_string\"}}],\"inLanguage\":\"sl-SI\"},{\"@type\":\"Organization\",\"@id\":\"https:\/\/multi-mam.com\/si\/#organization\",\"name\":\"Multi-Mam\",\"url\":\"https:\/\/multi-mam.com\/si\/\",\"logo\":{\"@type\":\"ImageObject\",\"inLanguage\":\"sl-SI\",\"@id\":\"https:\/\/multi-mam.com\/si\/#\/schema\/logo\/image\/\",\"url\":\"https:\/\/multi-mam.com\/app\/uploads\/sites\/30\/2023\/06\/multi-mam-logotype.png\",\"contentUrl\":\"https:\/\/multi-mam.com\/app\/uploads\/sites\/30\/2023\/06\/multi-mam-logotype.png\",\"width\":70,\"height\":96,\"caption\":\"Multi-Mam\"},\"image\":{\"@id\":\"https:\/\/multi-mam.com\/si\/#\/schema\/logo\/image\/\"}}]}<\/script>\n<!-- \/ Yoast SEO plugin. -->","yoast_head_json":{"title":"Prednosti dojenja - Multi-Mam","description":"Svetovna zdravstvena organizacija (WHO), UNICEF, \u0161tevilna zdru\u017eenja pediatrov in svetovalcev za dojenje po svetu se strinja, da je dojenje najbolj\u0161a stvar, ki jo lahko ponudite dojen\u010dku.","robots":{"index":"index","follow":"follow","max-snippet":"max-snippet:-1","max-image-preview":"max-image-preview:large","max-video-preview":"max-video-preview:-1"},"canonical":"https:\/\/multi-mam.com\/si\/nasveti-strokovnjakov\/dojenje\/prednosti-dojenja\/","og_locale":"sl_SI","og_type":"article","og_title":"Prednosti dojenja - Multi-Mam","og_description":"Svetovna zdravstvena organizacija (WHO), UNICEF, \u0161tevilna zdru\u017eenja pediatrov in svetovalcev za dojenje po svetu se strinja, da je dojenje najbolj\u0161a stvar, ki jo lahko ponudite dojen\u010dku.","og_url":"https:\/\/multi-mam.com\/si\/nasveti-strokovnjakov\/dojenje\/prednosti-dojenja\/","og_site_name":"Multi-Mam","article_modified_time":"2023-09-06T13:29:01+00:00","twitter_card":"summary_large_image","twitter_misc":{"Est. reading time":"3 minutes"},"schema":{"@context":"https:\/\/schema.org","@graph":[{"@type":"WebPage","@id":"https:\/\/multi-mam.com\/si\/nasveti-strokovnjakov\/dojenje\/prednosti-dojenja\/","url":"https:\/\/multi-mam.com\/si\/nasveti-strokovnjakov\/dojenje\/prednosti-dojenja\/","name":"Prednosti dojenja - Multi-Mam","isPartOf":{"@id":"https:\/\/multi-mam.com\/si\/#website"},"datePublished":"2023-07-05T06:45:33+00:00","dateModified":"2023-09-06T13:29:01+00:00","description":"Svetovna zdravstvena organizacija (WHO), UNICEF, \u0161tevilna zdru\u017eenja pediatrov in svetovalcev za dojenje po svetu se strinja, da je dojenje najbolj\u0161a stvar, ki jo lahko ponudite dojen\u010dku.","breadcrumb":{"@id":"https:\/\/multi-mam.com\/si\/nasveti-strokovnjakov\/dojenje\/prednosti-dojenja\/#breadcrumb"},"inLanguage":"sl-SI","potentialAction":[{"@type":"ReadAction","target":["https:\/\/multi-mam.com\/si\/nasveti-strokovnjakov\/dojenje\/prednosti-dojenja\/"]}]},{"@type":"BreadcrumbList","@id":"https:\/\/multi-mam.com\/si\/nasveti-strokovnjakov\/dojenje\/prednosti-dojenja\/#breadcrumb","itemListElement":[{"@type":"ListItem","position":1,"name":"Home","item":"https:\/\/multi-mam.com\/si\/"},{"@type":"ListItem","position":2,"name":"Nasveti strokovnjakov","item":"https:\/\/multi-mam.com\/si\/nasveti-strokovnjakov\/"},{"@type":"ListItem","position":3,"name":"Dojenje","item":"https:\/\/multi-mam.com\/si\/nasveti-strokovnjakov\/dojenje\/"},{"@type":"ListItem","position":4,"name":"Prednosti dojenja"}]},{"@type":"WebSite","@id":"https:\/\/multi-mam.com\/si\/#website","url":"https:\/\/multi-mam.com\/si\/","name":"Multi-Mam","description":"","publisher":{"@id":"https:\/\/multi-mam.com\/si\/#organization"},"potentialAction":[{"@type":"SearchAction","target":{"@type":"EntryPoint","urlTemplate":"https:\/\/multi-mam.com\/si\/?s={search_term_string}"},"query-input":{"@type":"PropertyValueSpecification","valueRequired":true,"valueName":"search_term_string"}}],"inLanguage":"sl-SI"},{"@type":"Organization","@id":"https:\/\/multi-mam.com\/si\/#organization","name":"Multi-Mam","url":"https:\/\/multi-mam.com\/si\/","logo":{"@type":"ImageObject","inLanguage":"sl-SI","@id":"https:\/\/multi-mam.com\/si\/#\/schema\/logo\/image\/","url":"https:\/\/multi-mam.com\/app\/uploads\/sites\/30\/2023\/06\/multi-mam-logotype.png","contentUrl":"https:\/\/multi-mam.com\/app\/uploads\/sites\/30\/2023\/06\/multi-mam-logotype.png","width":70,"height":96,"caption":"Multi-Mam"},"image":{"@id":"https:\/\/multi-mam.com\/si\/#\/schema\/logo\/image\/"}}]}},"_links":{"self":[{"href":"https:\/\/multi-mam.com\/si\/wp-json\/wp\/v2\/pages\/132","targetHints":{"allow":["GET"]}}],"collection":[{"href":"https:\/\/multi-mam.com\/si\/wp-json\/wp\/v2\/pages"}],"about":[{"href":"https:\/\/multi-mam.com\/si\/wp-json\/wp\/v2\/types\/page"}],"author":[{"embeddable":true,"href":"https:\/\/multi-mam.com\/si\/wp-json\/wp\/v2\/users\/2"}],"replies":[{"embeddable":true,"href":"https:\/\/multi-mam.com\/si\/wp-json\/wp\/v2\/comments?post=132"}],"version-history":[{"count":2,"href":"https:\/\/multi-mam.com\/si\/wp-json\/wp\/v2\/pages\/132\/revisions"}],"predecessor-version":[{"id":196,"href":"https:\/\/multi-mam.com\/si\/wp-json\/wp\/v2\/pages\/132\/revisions\/196"}],"up":[{"embeddable":true,"href":"https:\/\/multi-mam.com\/si\/wp-json\/wp\/v2\/pages\/98"}],"wp:attachment":[{"href":"https:\/\/multi-mam.com\/si\/wp-json\/wp\/v2\/media?parent=132"}],"wp:term":[{"taxonomy":"from-article-database","embeddable":true,"href":"https:\/\/multi-mam.com\/si\/wp-json\/wp\/v2\/from-article-database?post=132"}],"curies":[{"name":"wp","href":"https:\/\/api.w.org\/{rel}","templated":true}]}}