{"id":130,"date":"2023-07-05T08:45:16","date_gmt":"2023-07-05T06:45:16","guid":{"rendered":"https:\/\/multi-mam.com\/si\/?page_id=130"},"modified":"2023-09-06T15:29:03","modified_gmt":"2023-09-06T13:29:03","slug":"anatomija-dojk","status":"publish","type":"page","link":"https:\/\/multi-mam.com\/si\/nasveti-strokovnjakov\/dojenje\/anatomija-dojk\/","title":{"rendered":"Anatomija dojk"},"content":{"rendered":"\n<div class=\"wp-block-karopharma-free-text pt-large pb-large bg-center bg-cover bg-no-repeat  is-style-primary\" style=\"background-image:url()\"><div class=\"free-text-wrapper container max-w-medium text-left\">\n<h1 class=\"is-style-heading-huge wp-block-heading\">Anatomija dojk<\/h1>\n\n\n\n<p class=\"is-style-paragraph-preamble\">Da bi lahko razumeli dojenje, pravo prakso in nekatere te\u017eave, ki se nam na poti pojavijo, moramo najprej razumeti osnovno anatomijo \u017eenskih dojk. Glavne strukture dojke vklju\u010dujejo:<\/p>\n\n\n\n<ul class=\"is-style-default wp-block-list\"><li>Bradavico in areolo, ki sta v osnovi izoblikovane tako, da omogo\u010data dojenje, bradavice se po navadi pove\u010dajo med nose\u010dnostjo, medtem ko areole postanejo temnej\u0161e. Nekateri strokovnjaki verjamejo, da je to na\u010din, s katerim mati narava poenostavi dojen\u010dku, da najde pot do dojke.<\/li><li>Mle\u010dno tkivo, to tkivo vsebuje veliko \u017elez, ki proizvajajo mleko, in ga izlo\u010dajo v mle\u010dne kanale, ki omogo\u010dajo mleku, da te\u010de vse do bradavice. Mle\u010dni kanali so obdani z mi\u0161icami, ki se med dojenjem skr\u010dijo, in tako vzdr\u017eujejo dotok mleka.<\/li><li>Vezno tkivo in ma\u0161\u010dobe, ta tkiva nudijo podporo in za\u0161\u010dito ob\u010dutljivej\u0161im delom dojke, ki izlo\u010dajo mleko.<\/li><li>\u017dile, \u017eleze in \u017eiv\u010devje.<\/li><\/ul>\n<\/div><\/div>\n\n\n\n<div class=\"wp-block-karopharma-free-text pt-large pb-large bg-center bg-cover bg-no-repeat\" style=\"background-image:url()\"><div class=\"free-text-wrapper container max-w-medium text-left\">\n<p>Med nose\u010dnostjo in po porodu so va\u0161e dojke podvr\u017eene velikim spremembam, ki jih vodijo \u0161tirje hormoni, ki jih izlo\u010da va\u0161e telo: estrogen, progesteron, prolaktin in oksitocin.<\/p>\n\n\n\n<p>Estrogen in progesteron se izlo\u010data iz placente med nose\u010dnostjo in njuna vloga je, da pripravita dojke na proizvajanje mleka. Pod njunim vplivom bodo va\u0161e dojke pri\u010dele kreirati ve\u010d mle\u010dnih kanalov, vendar se proizvajanje mleka \u0161e ne bo za\u010delo. Po porodu in po odstranitvi placente padejo ravni teh dveh hormonov v va\u0161em telesu ter tako dajo signal, da se lahko pri\u010dne proizvajanje mleka.<\/p>\n\n\n\n<p>Po porodu se prvo mleko, ki ga va\u0161e dojke izlo\u010dijo, imenuje kolostrum. Ta gosta in prozorna teko\u010dina je polna protiteles, ki bodo za\u0161\u010ditila va\u0161ega dojen\u010dka tako, da bo imel njegov imunski sistem dovolj \u010dasa, da se razvije in okrepi. Nekaj dni kasneje se bo za\u010delo proizvajati pravo mleko in opazili boste, da bodo va\u0161e dojke postale nabrekle, te\u017eke in tople na otip. Ta pojav je normalen in bo v nekaj tednih izzvenel.<\/p>\n\n\n\n<p>Potem ko sta estrogen in progesteron opravila svoje delo, ga prevzameta prolactin in oksitocin. Prolaktin je tisti, ki spodbuja va\u0161e telo, da proizvaja mleko. Vsaki\u010d, ko va\u0161ega dojen\u010dka hranite ali pa si iztisnete mleko, se raven prolaktina v va\u0161em telesu zvi\u0161a in da va\u0161im dojkam potreben signal, da proizvajajo ve\u010d mleka. Na drugi strani pa oksitocin poskrbi, da se mleko iz dojk sprosti.Torej povzro\u010di refleks iztekanja mleka, ko se mleko iztisne iz rezervarjev in \u010drpa v mle\u010dne kanale. Klju\u010dni signal za refleks iztiskanja je ob\u010dutek sesanja, ki ga ustvari va\u0161 dojen\u010dek, ko se posku\u0161a hraniti.<\/p>\n\n\n\n<p>Proizvodnje mleka je v va\u0161em telesu urejena na fascinanten na\u010din s pomo\u010djo proteina, ki se imenuje laktacija. Ta protein zmanj\u0161uje proizvajanje mleka, ko so dojke polne. Zatorej se mleko proizvaja na osnovi mehanizma potrebe in povpra\u0161evanja. \u010ce prenehate dojiti va\u0161ega dojen\u010dka ali \u010de presko\u010dite hranjenje, se raven proteina v va\u0161ih prsih povi\u0161a, kar povzro\u010da manj\u0161e proizvajanje mleka. Enako velja za drugo smer. Ve\u010d kot dojite va\u0161ega dojen\u010dka, ve\u010d mleka bo va\u0161e telo proizvajalo. Zato je tako pomembno, da dojite kolikor pogosto je to mogo\u010de, zato da se va\u0161e mleko proizvaja na visoki, optimalni ravni.<\/p>\n<\/div><\/div>\n","protected":false},"excerpt":{"rendered":"","protected":false},"author":2,"featured_media":0,"parent":98,"menu_order":13,"comment_status":"closed","ping_status":"closed","template":"","meta":{"_acf_changed":false,"footnotes":""},"from-article-database":[],"class_list":["post-130","page","type-page","status-publish","hentry"],"acf":[],"yoast_head":"<!-- This site is optimized with the Yoast SEO plugin v26.6 - https:\/\/yoast.com\/wordpress\/plugins\/seo\/ -->\n<title>Anatomija dojk - Multi-Mam<\/title>\n<meta name=\"description\" content=\"Da bi lahko razumeli dojenje, pravo prakso in nekatere te\u017eave, ki se nam na poti pojavijo, moramo najprej razumeti osnovno anatomijo \u017eenskih dojk. Glavne strukture dojke vklju\u010dujejo:\" \/>\n<meta name=\"robots\" content=\"index, follow, max-snippet:-1, max-image-preview:large, max-video-preview:-1\" \/>\n<link rel=\"canonical\" href=\"https:\/\/multi-mam.com\/si\/nasveti-strokovnjakov\/dojenje\/anatomija-dojk\/\" \/>\n<meta property=\"og:locale\" content=\"sl_SI\" \/>\n<meta property=\"og:type\" content=\"article\" \/>\n<meta property=\"og:title\" content=\"Anatomija dojk - Multi-Mam\" \/>\n<meta property=\"og:description\" content=\"Da bi lahko razumeli dojenje, pravo prakso in nekatere te\u017eave, ki se nam na poti pojavijo, moramo najprej razumeti osnovno anatomijo \u017eenskih dojk. Glavne strukture dojke vklju\u010dujejo:\" \/>\n<meta property=\"og:url\" content=\"https:\/\/multi-mam.com\/si\/nasveti-strokovnjakov\/dojenje\/anatomija-dojk\/\" \/>\n<meta property=\"og:site_name\" content=\"Multi-Mam\" \/>\n<meta property=\"article:modified_time\" content=\"2023-09-06T13:29:03+00:00\" \/>\n<meta name=\"twitter:card\" content=\"summary_large_image\" \/>\n<meta name=\"twitter:label1\" content=\"Est. reading time\" \/>\n\t<meta name=\"twitter:data1\" content=\"3 minutes\" \/>\n<script type=\"application\/ld+json\" class=\"yoast-schema-graph\">{\"@context\":\"https:\/\/schema.org\",\"@graph\":[{\"@type\":\"WebPage\",\"@id\":\"https:\/\/multi-mam.com\/si\/nasveti-strokovnjakov\/dojenje\/anatomija-dojk\/\",\"url\":\"https:\/\/multi-mam.com\/si\/nasveti-strokovnjakov\/dojenje\/anatomija-dojk\/\",\"name\":\"Anatomija dojk - Multi-Mam\",\"isPartOf\":{\"@id\":\"https:\/\/multi-mam.com\/si\/#website\"},\"datePublished\":\"2023-07-05T06:45:16+00:00\",\"dateModified\":\"2023-09-06T13:29:03+00:00\",\"description\":\"Da bi lahko razumeli dojenje, pravo prakso in nekatere te\u017eave, ki se nam na poti pojavijo, moramo najprej razumeti osnovno anatomijo \u017eenskih dojk. Glavne strukture dojke vklju\u010dujejo:\",\"breadcrumb\":{\"@id\":\"https:\/\/multi-mam.com\/si\/nasveti-strokovnjakov\/dojenje\/anatomija-dojk\/#breadcrumb\"},\"inLanguage\":\"sl-SI\",\"potentialAction\":[{\"@type\":\"ReadAction\",\"target\":[\"https:\/\/multi-mam.com\/si\/nasveti-strokovnjakov\/dojenje\/anatomija-dojk\/\"]}]},{\"@type\":\"BreadcrumbList\",\"@id\":\"https:\/\/multi-mam.com\/si\/nasveti-strokovnjakov\/dojenje\/anatomija-dojk\/#breadcrumb\",\"itemListElement\":[{\"@type\":\"ListItem\",\"position\":1,\"name\":\"Home\",\"item\":\"https:\/\/multi-mam.com\/si\/\"},{\"@type\":\"ListItem\",\"position\":2,\"name\":\"Nasveti strokovnjakov\",\"item\":\"https:\/\/multi-mam.com\/si\/nasveti-strokovnjakov\/\"},{\"@type\":\"ListItem\",\"position\":3,\"name\":\"Dojenje\",\"item\":\"https:\/\/multi-mam.com\/si\/nasveti-strokovnjakov\/dojenje\/\"},{\"@type\":\"ListItem\",\"position\":4,\"name\":\"Anatomija dojk\"}]},{\"@type\":\"WebSite\",\"@id\":\"https:\/\/multi-mam.com\/si\/#website\",\"url\":\"https:\/\/multi-mam.com\/si\/\",\"name\":\"Multi-Mam\",\"description\":\"\",\"publisher\":{\"@id\":\"https:\/\/multi-mam.com\/si\/#organization\"},\"potentialAction\":[{\"@type\":\"SearchAction\",\"target\":{\"@type\":\"EntryPoint\",\"urlTemplate\":\"https:\/\/multi-mam.com\/si\/?s={search_term_string}\"},\"query-input\":{\"@type\":\"PropertyValueSpecification\",\"valueRequired\":true,\"valueName\":\"search_term_string\"}}],\"inLanguage\":\"sl-SI\"},{\"@type\":\"Organization\",\"@id\":\"https:\/\/multi-mam.com\/si\/#organization\",\"name\":\"Multi-Mam\",\"url\":\"https:\/\/multi-mam.com\/si\/\",\"logo\":{\"@type\":\"ImageObject\",\"inLanguage\":\"sl-SI\",\"@id\":\"https:\/\/multi-mam.com\/si\/#\/schema\/logo\/image\/\",\"url\":\"https:\/\/multi-mam.com\/app\/uploads\/sites\/30\/2023\/06\/multi-mam-logotype.png\",\"contentUrl\":\"https:\/\/multi-mam.com\/app\/uploads\/sites\/30\/2023\/06\/multi-mam-logotype.png\",\"width\":70,\"height\":96,\"caption\":\"Multi-Mam\"},\"image\":{\"@id\":\"https:\/\/multi-mam.com\/si\/#\/schema\/logo\/image\/\"}}]}<\/script>\n<!-- \/ Yoast SEO plugin. -->","yoast_head_json":{"title":"Anatomija dojk - Multi-Mam","description":"Da bi lahko razumeli dojenje, pravo prakso in nekatere te\u017eave, ki se nam na poti pojavijo, moramo najprej razumeti osnovno anatomijo \u017eenskih dojk. Glavne strukture dojke vklju\u010dujejo:","robots":{"index":"index","follow":"follow","max-snippet":"max-snippet:-1","max-image-preview":"max-image-preview:large","max-video-preview":"max-video-preview:-1"},"canonical":"https:\/\/multi-mam.com\/si\/nasveti-strokovnjakov\/dojenje\/anatomija-dojk\/","og_locale":"sl_SI","og_type":"article","og_title":"Anatomija dojk - Multi-Mam","og_description":"Da bi lahko razumeli dojenje, pravo prakso in nekatere te\u017eave, ki se nam na poti pojavijo, moramo najprej razumeti osnovno anatomijo \u017eenskih dojk. Glavne strukture dojke vklju\u010dujejo:","og_url":"https:\/\/multi-mam.com\/si\/nasveti-strokovnjakov\/dojenje\/anatomija-dojk\/","og_site_name":"Multi-Mam","article_modified_time":"2023-09-06T13:29:03+00:00","twitter_card":"summary_large_image","twitter_misc":{"Est. reading time":"3 minutes"},"schema":{"@context":"https:\/\/schema.org","@graph":[{"@type":"WebPage","@id":"https:\/\/multi-mam.com\/si\/nasveti-strokovnjakov\/dojenje\/anatomija-dojk\/","url":"https:\/\/multi-mam.com\/si\/nasveti-strokovnjakov\/dojenje\/anatomija-dojk\/","name":"Anatomija dojk - Multi-Mam","isPartOf":{"@id":"https:\/\/multi-mam.com\/si\/#website"},"datePublished":"2023-07-05T06:45:16+00:00","dateModified":"2023-09-06T13:29:03+00:00","description":"Da bi lahko razumeli dojenje, pravo prakso in nekatere te\u017eave, ki se nam na poti pojavijo, moramo najprej razumeti osnovno anatomijo \u017eenskih dojk. Glavne strukture dojke vklju\u010dujejo:","breadcrumb":{"@id":"https:\/\/multi-mam.com\/si\/nasveti-strokovnjakov\/dojenje\/anatomija-dojk\/#breadcrumb"},"inLanguage":"sl-SI","potentialAction":[{"@type":"ReadAction","target":["https:\/\/multi-mam.com\/si\/nasveti-strokovnjakov\/dojenje\/anatomija-dojk\/"]}]},{"@type":"BreadcrumbList","@id":"https:\/\/multi-mam.com\/si\/nasveti-strokovnjakov\/dojenje\/anatomija-dojk\/#breadcrumb","itemListElement":[{"@type":"ListItem","position":1,"name":"Home","item":"https:\/\/multi-mam.com\/si\/"},{"@type":"ListItem","position":2,"name":"Nasveti strokovnjakov","item":"https:\/\/multi-mam.com\/si\/nasveti-strokovnjakov\/"},{"@type":"ListItem","position":3,"name":"Dojenje","item":"https:\/\/multi-mam.com\/si\/nasveti-strokovnjakov\/dojenje\/"},{"@type":"ListItem","position":4,"name":"Anatomija dojk"}]},{"@type":"WebSite","@id":"https:\/\/multi-mam.com\/si\/#website","url":"https:\/\/multi-mam.com\/si\/","name":"Multi-Mam","description":"","publisher":{"@id":"https:\/\/multi-mam.com\/si\/#organization"},"potentialAction":[{"@type":"SearchAction","target":{"@type":"EntryPoint","urlTemplate":"https:\/\/multi-mam.com\/si\/?s={search_term_string}"},"query-input":{"@type":"PropertyValueSpecification","valueRequired":true,"valueName":"search_term_string"}}],"inLanguage":"sl-SI"},{"@type":"Organization","@id":"https:\/\/multi-mam.com\/si\/#organization","name":"Multi-Mam","url":"https:\/\/multi-mam.com\/si\/","logo":{"@type":"ImageObject","inLanguage":"sl-SI","@id":"https:\/\/multi-mam.com\/si\/#\/schema\/logo\/image\/","url":"https:\/\/multi-mam.com\/app\/uploads\/sites\/30\/2023\/06\/multi-mam-logotype.png","contentUrl":"https:\/\/multi-mam.com\/app\/uploads\/sites\/30\/2023\/06\/multi-mam-logotype.png","width":70,"height":96,"caption":"Multi-Mam"},"image":{"@id":"https:\/\/multi-mam.com\/si\/#\/schema\/logo\/image\/"}}]}},"_links":{"self":[{"href":"https:\/\/multi-mam.com\/si\/wp-json\/wp\/v2\/pages\/130","targetHints":{"allow":["GET"]}}],"collection":[{"href":"https:\/\/multi-mam.com\/si\/wp-json\/wp\/v2\/pages"}],"about":[{"href":"https:\/\/multi-mam.com\/si\/wp-json\/wp\/v2\/types\/page"}],"author":[{"embeddable":true,"href":"https:\/\/multi-mam.com\/si\/wp-json\/wp\/v2\/users\/2"}],"replies":[{"embeddable":true,"href":"https:\/\/multi-mam.com\/si\/wp-json\/wp\/v2\/comments?post=130"}],"version-history":[{"count":2,"href":"https:\/\/multi-mam.com\/si\/wp-json\/wp\/v2\/pages\/130\/revisions"}],"predecessor-version":[{"id":195,"href":"https:\/\/multi-mam.com\/si\/wp-json\/wp\/v2\/pages\/130\/revisions\/195"}],"up":[{"embeddable":true,"href":"https:\/\/multi-mam.com\/si\/wp-json\/wp\/v2\/pages\/98"}],"wp:attachment":[{"href":"https:\/\/multi-mam.com\/si\/wp-json\/wp\/v2\/media?parent=130"}],"wp:term":[{"taxonomy":"from-article-database","embeddable":true,"href":"https:\/\/multi-mam.com\/si\/wp-json\/wp\/v2\/from-article-database?post=130"}],"curies":[{"name":"wp","href":"https:\/\/api.w.org\/{rel}","templated":true}]}}