{"id":126,"date":"2023-07-05T08:44:42","date_gmt":"2023-07-05T06:44:42","guid":{"rendered":"https:\/\/multi-mam.com\/si\/?page_id=126"},"modified":"2023-09-06T15:29:07","modified_gmt":"2023-09-06T13:29:07","slug":"odstavljanje","status":"publish","type":"page","link":"https:\/\/multi-mam.com\/si\/nasveti-strokovnjakov\/dojenje\/odstavljanje\/","title":{"rendered":"Odstavljanje"},"content":{"rendered":"\n<div class=\"wp-block-karopharma-free-text pt-large pb-large bg-center bg-cover bg-no-repeat  is-style-primary\" style=\"background-image:url()\"><div class=\"free-text-wrapper container max-w-medium text-left\">\n<h1 class=\"is-style-heading-huge wp-block-heading\">Odstavljanje<\/h1>\n\n\n\n<p class=\"is-style-paragraph-preamble\">Slejkoprej za vsakega dojen\u010dka pride \u010das, ko ga moramo odstaviti. Odlo\u010ditev, kdaj je napo\u010dil pravi \u010das za prenehanje z dojenjem, je na vas in na va\u0161em dojen\u010dku,. \u010ce bi \u017eeleli vedeti, kaj priporo\u010dajo relevantne institucije, kot je Svetovna zdravstvena organizacija ali pa Ameri\u0161ko zdru\u017eenje pediatrov, morate otroka dojiti, dokler le-ta ne napolni prvega leta starosti. Morda se boste odlo\u010dili za odstavljanje glede na va\u0161e lastne osebne potrebe, lahko pa tudi poslu\u0161ate svojega dojen\u010dka, kdaj je pripravljen za ta prehod. Ne glede na to kak\u0161en je razlog, ne smete dopustiti, da na va\u0161o odlo\u010ditev vpliva pritisk z okolja ali pa pri\u010dakovanja dru\u017eine in prijateljev.<\/p>\n<\/div><\/div>\n\n\n\n<div class=\"wp-block-karopharma-free-text pt-large pb-large bg-center bg-cover bg-no-repeat\" style=\"background-image:url()\"><div class=\"free-text-wrapper container max-w-medium text-left\">\n<p>Morda imate glede odstavljanja me\u0161ane ob\u010dutke. Dojenje vam omogo\u010da, da pre\u017eivite mirne trenutke z va\u0161im otrokom in z njim vzpostavite vez ter ga carkljate in morda vas skrbi, da se bo ta vez izgubila. Odstavljanje pomeni samo to, da bo va\u0161 otrok pri\u010del jesti enako hrano kot vi, vendar obstaja veliko na\u010dinov za ohranitev mo\u010dne \u010dustvene vezi. Posvetite vsak dan nekaj \u010dasa temu, da ga pre\u017eivite s svojim otrokom tako, da se z njim igrate ali mu berete knjigo ali pa ga carkljate. To bo obema pomagalo iti skozi prehodno obdobje, brez da bi se pri tem po\u010dutili nesigurno. Ne popustite zahtevi, da bi dojili in sledite urniku, ki ste si ga zastavili.<\/p>\n\n\n\n<h2 class=\"is-style-heading-h2 wp-block-heading\">Kdaj naj pri\u010dnemo z odstavljanjem<\/h2>\n\n\n\n<p>Obstajata dve priljubljeni metodi, ki vam lahko pomagata dolo\u010diti pravi \u010das za vas in va\u0161ega dojen\u010dka. Kot smo \u017ee zgoraj omenili, lahko dovolite va\u0161emu otroku, da dolo\u010di \u010das tako, da ga opazujete in ste pozorni na to, kdaj izgubi interes do dojenja, kar je obi\u010dajno 4 do 6 mesecev po pri\u010detku u\u017eivanja goste hrane. Po drugi strani lahko dobite ob\u010dutek, da je pravi \u010das, da prenehate z dojenjem, ker pri\u010dnete s slu\u017ebo ali pa vam to pravi va\u0161 instinkt. V tem primeru mora prehod trajati dalj \u010dasa in potrebuje ve\u010d truda ter potrpljenja, saj se mora proces izpeljati postopoma.<\/p>\n\n\n\n<p>Obstaja nekaj utemeljenih razlogov zaradi katerih bi morali odstavljanje za mesec ali dva prestaviti. V primeru, da je va\u0161 otrok bolan, morate po\u010dakati, dokler si ne opomore. Tudi \u010de va\u0161 otrok prehaja skozi velike \u017eivljenjske spremembe, kot so selitev ali pa bo dobil bratca ali sestrico je modro, da mu ne povzro\u010damo dodatnega stresa tako, da pri\u010dnemo z odstavljanjem.<\/p>\n\n\n\n<h2 class=\"is-style-heading-h2 wp-block-heading\">Nasveti, kako odstaviti dojen\u010dka<\/h2>\n\n\n\n<p>Najprej je pomembno, da pri\u010dnemo postopoma in se nam pri tem ne mudi. To bo prepre\u010dilo otekanje dojk in mastitis, saj bodo va\u0161e dojke imele dovolj \u010dasa, da se privadijo na manj\u0161o porabo, pomagalo bo pa tudi va\u0161emu otroku, da se bo navadil, da ga vedno manjkrat dojite.<\/p>\n\n\n\n<p>Proces lahko pri\u010dnete tako, da izpustite en dojen obrok in otroku namesto dojke ponudite stekleni\u010dko. To po\u010dnite nekaj tednov. Ko se bo va\u0161 otrok navadil, izpustite \u0161e en dojen obrok. Drug na\u010din je, da otroku skraj\u0161amo \u010das hranjenja in mu po dojenju ponudimo obrok goste hrane. Potem mu posku\u0161amo gosto hrano ponuditi pred dojenjem in mu tako zmanj\u0161amo apetit do materinega mleka. Lahko mu za\u010dnete tudi zamikati \u010das dojenih obrokov za 10 do 15 minut (to je \u0161e posebej u\u010dinkovito ob ve\u010dernih hranjenjih ali pa \u010de dojite samo nekajkrat na dan).<\/p>\n\n\n\n<p>\u010ce imate te\u017eave pri izpu\u0161\u010danju no\u010dnega hranjenja, naj va\u0161 partner uspava otroka, medtem ko ste vi v drugi sobi ali pa se dru\u017eite s prijatelji. Morda bo va\u0161 otrok to la\u017eje prenesel, \u010de vas ne bo v bli\u017eini.<\/p>\n<\/div><\/div>\n","protected":false},"excerpt":{"rendered":"","protected":false},"author":2,"featured_media":0,"parent":98,"menu_order":11,"comment_status":"closed","ping_status":"closed","template":"","meta":{"_acf_changed":false,"footnotes":""},"from-article-database":[],"class_list":["post-126","page","type-page","status-publish","hentry"],"acf":[],"yoast_head":"<!-- This site is optimized with the Yoast SEO plugin v26.6 - https:\/\/yoast.com\/wordpress\/plugins\/seo\/ -->\n<title>Odstavljanje - Multi-Mam<\/title>\n<meta name=\"description\" content=\"Odlo\u010ditev, kdaj je napo\u010dil pravi \u010das za prenehanje z dojenjem, je na vas in na va\u0161em dojen\u010dku,.\" \/>\n<meta name=\"robots\" content=\"index, follow, max-snippet:-1, max-image-preview:large, max-video-preview:-1\" \/>\n<link rel=\"canonical\" href=\"https:\/\/multi-mam.com\/si\/nasveti-strokovnjakov\/dojenje\/odstavljanje\/\" \/>\n<meta property=\"og:locale\" content=\"sl_SI\" \/>\n<meta property=\"og:type\" content=\"article\" \/>\n<meta property=\"og:title\" content=\"Odstavljanje - Multi-Mam\" \/>\n<meta property=\"og:description\" content=\"Odlo\u010ditev, kdaj je napo\u010dil pravi \u010das za prenehanje z dojenjem, je na vas in na va\u0161em dojen\u010dku,.\" \/>\n<meta property=\"og:url\" content=\"https:\/\/multi-mam.com\/si\/nasveti-strokovnjakov\/dojenje\/odstavljanje\/\" \/>\n<meta property=\"og:site_name\" content=\"Multi-Mam\" \/>\n<meta property=\"article:modified_time\" content=\"2023-09-06T13:29:07+00:00\" \/>\n<meta name=\"twitter:card\" content=\"summary_large_image\" \/>\n<meta name=\"twitter:label1\" content=\"Est. reading time\" \/>\n\t<meta name=\"twitter:data1\" content=\"4 minutes\" \/>\n<script type=\"application\/ld+json\" class=\"yoast-schema-graph\">{\"@context\":\"https:\/\/schema.org\",\"@graph\":[{\"@type\":\"WebPage\",\"@id\":\"https:\/\/multi-mam.com\/si\/nasveti-strokovnjakov\/dojenje\/odstavljanje\/\",\"url\":\"https:\/\/multi-mam.com\/si\/nasveti-strokovnjakov\/dojenje\/odstavljanje\/\",\"name\":\"Odstavljanje - Multi-Mam\",\"isPartOf\":{\"@id\":\"https:\/\/multi-mam.com\/si\/#website\"},\"datePublished\":\"2023-07-05T06:44:42+00:00\",\"dateModified\":\"2023-09-06T13:29:07+00:00\",\"description\":\"Odlo\u010ditev, kdaj je napo\u010dil pravi \u010das za prenehanje z dojenjem, je na vas in na va\u0161em dojen\u010dku,.\",\"breadcrumb\":{\"@id\":\"https:\/\/multi-mam.com\/si\/nasveti-strokovnjakov\/dojenje\/odstavljanje\/#breadcrumb\"},\"inLanguage\":\"sl-SI\",\"potentialAction\":[{\"@type\":\"ReadAction\",\"target\":[\"https:\/\/multi-mam.com\/si\/nasveti-strokovnjakov\/dojenje\/odstavljanje\/\"]}]},{\"@type\":\"BreadcrumbList\",\"@id\":\"https:\/\/multi-mam.com\/si\/nasveti-strokovnjakov\/dojenje\/odstavljanje\/#breadcrumb\",\"itemListElement\":[{\"@type\":\"ListItem\",\"position\":1,\"name\":\"Home\",\"item\":\"https:\/\/multi-mam.com\/si\/\"},{\"@type\":\"ListItem\",\"position\":2,\"name\":\"Nasveti strokovnjakov\",\"item\":\"https:\/\/multi-mam.com\/si\/nasveti-strokovnjakov\/\"},{\"@type\":\"ListItem\",\"position\":3,\"name\":\"Dojenje\",\"item\":\"https:\/\/multi-mam.com\/si\/nasveti-strokovnjakov\/dojenje\/\"},{\"@type\":\"ListItem\",\"position\":4,\"name\":\"Odstavljanje\"}]},{\"@type\":\"WebSite\",\"@id\":\"https:\/\/multi-mam.com\/si\/#website\",\"url\":\"https:\/\/multi-mam.com\/si\/\",\"name\":\"Multi-Mam\",\"description\":\"\",\"publisher\":{\"@id\":\"https:\/\/multi-mam.com\/si\/#organization\"},\"potentialAction\":[{\"@type\":\"SearchAction\",\"target\":{\"@type\":\"EntryPoint\",\"urlTemplate\":\"https:\/\/multi-mam.com\/si\/?s={search_term_string}\"},\"query-input\":{\"@type\":\"PropertyValueSpecification\",\"valueRequired\":true,\"valueName\":\"search_term_string\"}}],\"inLanguage\":\"sl-SI\"},{\"@type\":\"Organization\",\"@id\":\"https:\/\/multi-mam.com\/si\/#organization\",\"name\":\"Multi-Mam\",\"url\":\"https:\/\/multi-mam.com\/si\/\",\"logo\":{\"@type\":\"ImageObject\",\"inLanguage\":\"sl-SI\",\"@id\":\"https:\/\/multi-mam.com\/si\/#\/schema\/logo\/image\/\",\"url\":\"https:\/\/multi-mam.com\/app\/uploads\/sites\/30\/2023\/06\/multi-mam-logotype.png\",\"contentUrl\":\"https:\/\/multi-mam.com\/app\/uploads\/sites\/30\/2023\/06\/multi-mam-logotype.png\",\"width\":70,\"height\":96,\"caption\":\"Multi-Mam\"},\"image\":{\"@id\":\"https:\/\/multi-mam.com\/si\/#\/schema\/logo\/image\/\"}}]}<\/script>\n<!-- \/ Yoast SEO plugin. -->","yoast_head_json":{"title":"Odstavljanje - Multi-Mam","description":"Odlo\u010ditev, kdaj je napo\u010dil pravi \u010das za prenehanje z dojenjem, je na vas in na va\u0161em dojen\u010dku,.","robots":{"index":"index","follow":"follow","max-snippet":"max-snippet:-1","max-image-preview":"max-image-preview:large","max-video-preview":"max-video-preview:-1"},"canonical":"https:\/\/multi-mam.com\/si\/nasveti-strokovnjakov\/dojenje\/odstavljanje\/","og_locale":"sl_SI","og_type":"article","og_title":"Odstavljanje - Multi-Mam","og_description":"Odlo\u010ditev, kdaj je napo\u010dil pravi \u010das za prenehanje z dojenjem, je na vas in na va\u0161em dojen\u010dku,.","og_url":"https:\/\/multi-mam.com\/si\/nasveti-strokovnjakov\/dojenje\/odstavljanje\/","og_site_name":"Multi-Mam","article_modified_time":"2023-09-06T13:29:07+00:00","twitter_card":"summary_large_image","twitter_misc":{"Est. reading time":"4 minutes"},"schema":{"@context":"https:\/\/schema.org","@graph":[{"@type":"WebPage","@id":"https:\/\/multi-mam.com\/si\/nasveti-strokovnjakov\/dojenje\/odstavljanje\/","url":"https:\/\/multi-mam.com\/si\/nasveti-strokovnjakov\/dojenje\/odstavljanje\/","name":"Odstavljanje - Multi-Mam","isPartOf":{"@id":"https:\/\/multi-mam.com\/si\/#website"},"datePublished":"2023-07-05T06:44:42+00:00","dateModified":"2023-09-06T13:29:07+00:00","description":"Odlo\u010ditev, kdaj je napo\u010dil pravi \u010das za prenehanje z dojenjem, je na vas in na va\u0161em dojen\u010dku,.","breadcrumb":{"@id":"https:\/\/multi-mam.com\/si\/nasveti-strokovnjakov\/dojenje\/odstavljanje\/#breadcrumb"},"inLanguage":"sl-SI","potentialAction":[{"@type":"ReadAction","target":["https:\/\/multi-mam.com\/si\/nasveti-strokovnjakov\/dojenje\/odstavljanje\/"]}]},{"@type":"BreadcrumbList","@id":"https:\/\/multi-mam.com\/si\/nasveti-strokovnjakov\/dojenje\/odstavljanje\/#breadcrumb","itemListElement":[{"@type":"ListItem","position":1,"name":"Home","item":"https:\/\/multi-mam.com\/si\/"},{"@type":"ListItem","position":2,"name":"Nasveti strokovnjakov","item":"https:\/\/multi-mam.com\/si\/nasveti-strokovnjakov\/"},{"@type":"ListItem","position":3,"name":"Dojenje","item":"https:\/\/multi-mam.com\/si\/nasveti-strokovnjakov\/dojenje\/"},{"@type":"ListItem","position":4,"name":"Odstavljanje"}]},{"@type":"WebSite","@id":"https:\/\/multi-mam.com\/si\/#website","url":"https:\/\/multi-mam.com\/si\/","name":"Multi-Mam","description":"","publisher":{"@id":"https:\/\/multi-mam.com\/si\/#organization"},"potentialAction":[{"@type":"SearchAction","target":{"@type":"EntryPoint","urlTemplate":"https:\/\/multi-mam.com\/si\/?s={search_term_string}"},"query-input":{"@type":"PropertyValueSpecification","valueRequired":true,"valueName":"search_term_string"}}],"inLanguage":"sl-SI"},{"@type":"Organization","@id":"https:\/\/multi-mam.com\/si\/#organization","name":"Multi-Mam","url":"https:\/\/multi-mam.com\/si\/","logo":{"@type":"ImageObject","inLanguage":"sl-SI","@id":"https:\/\/multi-mam.com\/si\/#\/schema\/logo\/image\/","url":"https:\/\/multi-mam.com\/app\/uploads\/sites\/30\/2023\/06\/multi-mam-logotype.png","contentUrl":"https:\/\/multi-mam.com\/app\/uploads\/sites\/30\/2023\/06\/multi-mam-logotype.png","width":70,"height":96,"caption":"Multi-Mam"},"image":{"@id":"https:\/\/multi-mam.com\/si\/#\/schema\/logo\/image\/"}}]}},"_links":{"self":[{"href":"https:\/\/multi-mam.com\/si\/wp-json\/wp\/v2\/pages\/126","targetHints":{"allow":["GET"]}}],"collection":[{"href":"https:\/\/multi-mam.com\/si\/wp-json\/wp\/v2\/pages"}],"about":[{"href":"https:\/\/multi-mam.com\/si\/wp-json\/wp\/v2\/types\/page"}],"author":[{"embeddable":true,"href":"https:\/\/multi-mam.com\/si\/wp-json\/wp\/v2\/users\/2"}],"replies":[{"embeddable":true,"href":"https:\/\/multi-mam.com\/si\/wp-json\/wp\/v2\/comments?post=126"}],"version-history":[{"count":3,"href":"https:\/\/multi-mam.com\/si\/wp-json\/wp\/v2\/pages\/126\/revisions"}],"predecessor-version":[{"id":191,"href":"https:\/\/multi-mam.com\/si\/wp-json\/wp\/v2\/pages\/126\/revisions\/191"}],"up":[{"embeddable":true,"href":"https:\/\/multi-mam.com\/si\/wp-json\/wp\/v2\/pages\/98"}],"wp:attachment":[{"href":"https:\/\/multi-mam.com\/si\/wp-json\/wp\/v2\/media?parent=126"}],"wp:term":[{"taxonomy":"from-article-database","embeddable":true,"href":"https:\/\/multi-mam.com\/si\/wp-json\/wp\/v2\/from-article-database?post=126"}],"curies":[{"name":"wp","href":"https:\/\/api.w.org\/{rel}","templated":true}]}}