{"id":124,"date":"2023-07-05T08:44:29","date_gmt":"2023-07-05T06:44:29","guid":{"rendered":"https:\/\/multi-mam.com\/si\/?page_id=124"},"modified":"2023-09-06T15:29:09","modified_gmt":"2023-09-06T13:29:09","slug":"bolecine-v-prsih-med-dojenjem","status":"publish","type":"page","link":"https:\/\/multi-mam.com\/si\/nasveti-strokovnjakov\/dojenje\/bolecine-v-prsih-med-dojenjem\/","title":{"rendered":"Bole\u010dine v prsih med dojenjem"},"content":{"rendered":"\n<div class=\"wp-block-karopharma-free-text pt-large pb-large bg-center bg-cover bg-no-repeat  is-style-primary\" style=\"background-image:url()\"><div class=\"free-text-wrapper container max-w-medium text-left\">\n<h1 class=\"is-style-heading-huge wp-block-heading\">Bole\u010dine v prsih med dojenjem<\/h1>\n\n\n\n<p class=\"is-style-paragraph-preamble\">Veliko mamic prekine z dojenjem prej, kot je to priporo\u010deno zaradi bole\u010din in nelagodja, ki ga ob\u010dutijo na dnevni ravni. Razumemo, da bole\u010dine v prsih, ki se pojavijo med dojenjem, lahko povzro\u010dijo strah pred naslednjim hranjenjem in zato smo zbrali vodnik po najbolj pogostih razlogih za bole\u010dine.<\/p>\n<\/div><\/div>\n\n\n\n<div class=\"wp-block-karopharma-free-text pt-large pb-large bg-center bg-cover bg-no-repeat\" style=\"background-image:url()\"><div class=\"free-text-wrapper container max-w-medium text-left\">\n<h2 class=\"is-style-heading-h2 wp-block-heading\">Refleks spu\u0161\u010danja<\/h2>\n\n\n\n<p>To je naraven ob\u010dutek. V va\u0161ih prsih lahko \u010dutite be\u017eno bole\u010dino, ki jo povzro\u010dajo mi\u0161i\u010dne celice, ki iztiskajo mleko med dojenjem. Ta ob\u010dutek je zelo blag kot rahlo \u0161\u010demenje, lahko pa ob\u010dutite mo\u010dan pritisk. Obstaja mo\u017enost, da vas bo po preteku dolo\u010denega \u010dasa to nehalo motiti.<\/p>\n\n\n\n<h2 class=\"is-style-heading-h2 wp-block-heading\">Bole\u010de bradavice<\/h2>\n\n\n\n<p>Najbolj pogosti razlog za bole\u010de bradavice je to, da dojen\u010dek ne sesa pravilno. To povzro\u010da, da dojen\u010dek grizlja in \u017eve\u010di bradavico namesto, da bi ustrezno sesal, kar ima za posledico nastanek majhnih razpok in odrgnin na ob\u010dutljivi ko\u017ei bradavice. To stanje je lahko zelo bole\u010de, zato vam svetujemo, da najprej najdete ustrezen polo\u017eaj, da lahko va\u0161 mal\u010dek pravilno sesa. Kadar dojen\u010dek pravilno sesa, mora biti celotna bradavica in del dojke v njegovih ustih. Bradavica mora segati do zadnjega dela dojen\u010dkovih ust tako, da mu mleko drsi naravnost po grlu. Rahlo potisnite glavico dojen\u010dka vznak in potisnite njegovo brado k dojki tako, da se ne dotika dojke z nosom in mu je omogo\u010deno nemoteno dihanje. Podstavite roko pod dojen\u010dkova ramena tako, da se glavica rahlo nagiba vznak in isto\u010dasno dr\u017eite dojen\u010dka \u010disto blizu sebe tako, da se trebu\u0161\u010dka dotikata. Ob upo\u0161tevanju teh navodil eksperimentirajte z razli\u010dnimi polo\u017eaji in najdite tistega, ki vam kar najbolj ustreza. Lahko sedite v udobnem naslonja\u010du, lahko le\u017eite z dojen\u010dkom ob sebi ali pa sedite vzravnano in va\u0161 dojen\u010dek ob vas le\u017ei na vzglavniku. V primeru, da so bradavice \u017ee razpokane, si nanesite obkladek za bradavice, da bi pospe\u0161ili proces zdravljenja. Med hranjenji lahko zavarujete svoje bradavice tako, da nanesete balzam za bradavice. Vendar zagotovite, da je uporaba varna za va\u0161ega dojen\u010dka tako, da ga ni potrebno obrisati pred hranjenjem.<\/p>\n\n\n\n<h2 class=\"is-style-heading-h2 wp-block-heading\">Glivi\u010dna infekcija<\/h2>\n\n\n\n<p>Glivi\u010dna infekcija, ki se razvije na va\u0161ih bradavicah in v ustih va\u0161ega dojen\u010dka, lahko v\u010dasih preide v mle\u010dni kanal ter povzro\u010di bole\u010dino. To stanje zahteva ustrezno zdravljenje, ki ga predpi\u0161e va\u0161 osebni zdravnik.<\/p>\n\n\n\n<h2 class=\"is-style-heading-h2 wp-block-heading\">Ote\u010dene prsi<\/h2>\n\n\n\n<p>To stanje se pogosto pojavi v prvih nekaj dneh po rojstvu va\u0161ega dojen\u010dka ali pa \u010de ne dojite tako pogosto kot po navadi,npr. \u010de potujete in ste si pozabili iztisniti mleko ali pa ste presko\u010dili dojenje). To povzro\u010di, da so dojke napolnjene z mlekom, pove\u010dane, tople na otip in bole\u010de. \u010ce imate novorojen\u010dka, ne skrbite, saj bo to stanje samo pre\u0161lo, ko bo va\u0161 mal\u010dek ujel dnevno rutino hranjenja. \u010ce pa potujete ali imate natrpan urnik, si mleko iztisnite, da bi prepre\u010dili otekanje dojk.<\/p>\n\n\n\n<h2 class=\"is-style-heading-h2 wp-block-heading\">Mastitis<\/h2>\n\n\n\n<p>Kadar opazite rde\u010dico, oteklino, bole\u010dino in toploto na nekem obmo\u010dju va\u0161e dojke, ki ji v\u010dasih sledi celo vro\u010dina ali bole\u010dine v telelsu, imate verjetno mastitis \u2012 vnetje dojk povzro\u010deno z infekcijo. Glavni vzrok mastitisa je slaba tehnika dojenja, ki vodi do tega, da je mleko v dojki ujeto. Drugi vzroki so lahko: zama\u0161en mle\u010dni kanal, ki povzro\u010di, da se mleko zadr\u017euje v dojki, kar povzro\u010di infekcijo dojke; bakterije, ki vstopijo skozi razpoko na ko\u017ei bradavice ali pa skozi odprtino v mle\u010dnem kanalu. Kljub vnetju lahko svojega dojen\u010dka dojite naprej, vendar morate obiskati zdravnika, da vam bo predpisal ustrezno terapijo.<\/p>\n<\/div><\/div>\n","protected":false},"excerpt":{"rendered":"","protected":false},"author":2,"featured_media":0,"parent":98,"menu_order":10,"comment_status":"closed","ping_status":"closed","template":"","meta":{"_acf_changed":false,"footnotes":""},"from-article-database":[],"class_list":["post-124","page","type-page","status-publish","hentry"],"acf":[],"yoast_head":"<!-- This site is optimized with the Yoast SEO plugin v26.6 - https:\/\/yoast.com\/wordpress\/plugins\/seo\/ -->\n<title>Bole\u010dine v prsih med dojenjem - Multi-Mam<\/title>\n<meta name=\"description\" content=\"Razumemo, da bole\u010dine v prsih, ki se pojavijo med dojenjem, lahko povzro\u010dijo strah pred naslednjim hranjenjem in zato smo zbrali vodnik po najbolj pogostih razlogih za bole\u010dine.\" \/>\n<meta name=\"robots\" content=\"index, follow, max-snippet:-1, max-image-preview:large, max-video-preview:-1\" \/>\n<link rel=\"canonical\" href=\"https:\/\/multi-mam.com\/si\/nasveti-strokovnjakov\/dojenje\/bolecine-v-prsih-med-dojenjem\/\" \/>\n<meta property=\"og:locale\" content=\"sl_SI\" \/>\n<meta property=\"og:type\" content=\"article\" \/>\n<meta property=\"og:title\" content=\"Bole\u010dine v prsih med dojenjem - Multi-Mam\" \/>\n<meta property=\"og:description\" content=\"Razumemo, da bole\u010dine v prsih, ki se pojavijo med dojenjem, lahko povzro\u010dijo strah pred naslednjim hranjenjem in zato smo zbrali vodnik po najbolj pogostih razlogih za bole\u010dine.\" \/>\n<meta property=\"og:url\" content=\"https:\/\/multi-mam.com\/si\/nasveti-strokovnjakov\/dojenje\/bolecine-v-prsih-med-dojenjem\/\" \/>\n<meta property=\"og:site_name\" content=\"Multi-Mam\" \/>\n<meta property=\"article:modified_time\" content=\"2023-09-06T13:29:09+00:00\" \/>\n<meta name=\"twitter:card\" content=\"summary_large_image\" \/>\n<meta name=\"twitter:label1\" content=\"Est. reading time\" \/>\n\t<meta name=\"twitter:data1\" content=\"3 minutes\" \/>\n<script type=\"application\/ld+json\" class=\"yoast-schema-graph\">{\"@context\":\"https:\/\/schema.org\",\"@graph\":[{\"@type\":\"WebPage\",\"@id\":\"https:\/\/multi-mam.com\/si\/nasveti-strokovnjakov\/dojenje\/bolecine-v-prsih-med-dojenjem\/\",\"url\":\"https:\/\/multi-mam.com\/si\/nasveti-strokovnjakov\/dojenje\/bolecine-v-prsih-med-dojenjem\/\",\"name\":\"Bole\u010dine v prsih med dojenjem - Multi-Mam\",\"isPartOf\":{\"@id\":\"https:\/\/multi-mam.com\/si\/#website\"},\"datePublished\":\"2023-07-05T06:44:29+00:00\",\"dateModified\":\"2023-09-06T13:29:09+00:00\",\"description\":\"Razumemo, da bole\u010dine v prsih, ki se pojavijo med dojenjem, lahko povzro\u010dijo strah pred naslednjim hranjenjem in zato smo zbrali vodnik po najbolj pogostih razlogih za bole\u010dine.\",\"breadcrumb\":{\"@id\":\"https:\/\/multi-mam.com\/si\/nasveti-strokovnjakov\/dojenje\/bolecine-v-prsih-med-dojenjem\/#breadcrumb\"},\"inLanguage\":\"sl-SI\",\"potentialAction\":[{\"@type\":\"ReadAction\",\"target\":[\"https:\/\/multi-mam.com\/si\/nasveti-strokovnjakov\/dojenje\/bolecine-v-prsih-med-dojenjem\/\"]}]},{\"@type\":\"BreadcrumbList\",\"@id\":\"https:\/\/multi-mam.com\/si\/nasveti-strokovnjakov\/dojenje\/bolecine-v-prsih-med-dojenjem\/#breadcrumb\",\"itemListElement\":[{\"@type\":\"ListItem\",\"position\":1,\"name\":\"Home\",\"item\":\"https:\/\/multi-mam.com\/si\/\"},{\"@type\":\"ListItem\",\"position\":2,\"name\":\"Nasveti strokovnjakov\",\"item\":\"https:\/\/multi-mam.com\/si\/nasveti-strokovnjakov\/\"},{\"@type\":\"ListItem\",\"position\":3,\"name\":\"Dojenje\",\"item\":\"https:\/\/multi-mam.com\/si\/nasveti-strokovnjakov\/dojenje\/\"},{\"@type\":\"ListItem\",\"position\":4,\"name\":\"Bole\u010dine v prsih med dojenjem\"}]},{\"@type\":\"WebSite\",\"@id\":\"https:\/\/multi-mam.com\/si\/#website\",\"url\":\"https:\/\/multi-mam.com\/si\/\",\"name\":\"Multi-Mam\",\"description\":\"\",\"publisher\":{\"@id\":\"https:\/\/multi-mam.com\/si\/#organization\"},\"potentialAction\":[{\"@type\":\"SearchAction\",\"target\":{\"@type\":\"EntryPoint\",\"urlTemplate\":\"https:\/\/multi-mam.com\/si\/?s={search_term_string}\"},\"query-input\":{\"@type\":\"PropertyValueSpecification\",\"valueRequired\":true,\"valueName\":\"search_term_string\"}}],\"inLanguage\":\"sl-SI\"},{\"@type\":\"Organization\",\"@id\":\"https:\/\/multi-mam.com\/si\/#organization\",\"name\":\"Multi-Mam\",\"url\":\"https:\/\/multi-mam.com\/si\/\",\"logo\":{\"@type\":\"ImageObject\",\"inLanguage\":\"sl-SI\",\"@id\":\"https:\/\/multi-mam.com\/si\/#\/schema\/logo\/image\/\",\"url\":\"https:\/\/multi-mam.com\/app\/uploads\/sites\/30\/2023\/06\/multi-mam-logotype.png\",\"contentUrl\":\"https:\/\/multi-mam.com\/app\/uploads\/sites\/30\/2023\/06\/multi-mam-logotype.png\",\"width\":70,\"height\":96,\"caption\":\"Multi-Mam\"},\"image\":{\"@id\":\"https:\/\/multi-mam.com\/si\/#\/schema\/logo\/image\/\"}}]}<\/script>\n<!-- \/ Yoast SEO plugin. -->","yoast_head_json":{"title":"Bole\u010dine v prsih med dojenjem - Multi-Mam","description":"Razumemo, da bole\u010dine v prsih, ki se pojavijo med dojenjem, lahko povzro\u010dijo strah pred naslednjim hranjenjem in zato smo zbrali vodnik po najbolj pogostih razlogih za bole\u010dine.","robots":{"index":"index","follow":"follow","max-snippet":"max-snippet:-1","max-image-preview":"max-image-preview:large","max-video-preview":"max-video-preview:-1"},"canonical":"https:\/\/multi-mam.com\/si\/nasveti-strokovnjakov\/dojenje\/bolecine-v-prsih-med-dojenjem\/","og_locale":"sl_SI","og_type":"article","og_title":"Bole\u010dine v prsih med dojenjem - Multi-Mam","og_description":"Razumemo, da bole\u010dine v prsih, ki se pojavijo med dojenjem, lahko povzro\u010dijo strah pred naslednjim hranjenjem in zato smo zbrali vodnik po najbolj pogostih razlogih za bole\u010dine.","og_url":"https:\/\/multi-mam.com\/si\/nasveti-strokovnjakov\/dojenje\/bolecine-v-prsih-med-dojenjem\/","og_site_name":"Multi-Mam","article_modified_time":"2023-09-06T13:29:09+00:00","twitter_card":"summary_large_image","twitter_misc":{"Est. reading time":"3 minutes"},"schema":{"@context":"https:\/\/schema.org","@graph":[{"@type":"WebPage","@id":"https:\/\/multi-mam.com\/si\/nasveti-strokovnjakov\/dojenje\/bolecine-v-prsih-med-dojenjem\/","url":"https:\/\/multi-mam.com\/si\/nasveti-strokovnjakov\/dojenje\/bolecine-v-prsih-med-dojenjem\/","name":"Bole\u010dine v prsih med dojenjem - Multi-Mam","isPartOf":{"@id":"https:\/\/multi-mam.com\/si\/#website"},"datePublished":"2023-07-05T06:44:29+00:00","dateModified":"2023-09-06T13:29:09+00:00","description":"Razumemo, da bole\u010dine v prsih, ki se pojavijo med dojenjem, lahko povzro\u010dijo strah pred naslednjim hranjenjem in zato smo zbrali vodnik po najbolj pogostih razlogih za bole\u010dine.","breadcrumb":{"@id":"https:\/\/multi-mam.com\/si\/nasveti-strokovnjakov\/dojenje\/bolecine-v-prsih-med-dojenjem\/#breadcrumb"},"inLanguage":"sl-SI","potentialAction":[{"@type":"ReadAction","target":["https:\/\/multi-mam.com\/si\/nasveti-strokovnjakov\/dojenje\/bolecine-v-prsih-med-dojenjem\/"]}]},{"@type":"BreadcrumbList","@id":"https:\/\/multi-mam.com\/si\/nasveti-strokovnjakov\/dojenje\/bolecine-v-prsih-med-dojenjem\/#breadcrumb","itemListElement":[{"@type":"ListItem","position":1,"name":"Home","item":"https:\/\/multi-mam.com\/si\/"},{"@type":"ListItem","position":2,"name":"Nasveti strokovnjakov","item":"https:\/\/multi-mam.com\/si\/nasveti-strokovnjakov\/"},{"@type":"ListItem","position":3,"name":"Dojenje","item":"https:\/\/multi-mam.com\/si\/nasveti-strokovnjakov\/dojenje\/"},{"@type":"ListItem","position":4,"name":"Bole\u010dine v prsih med dojenjem"}]},{"@type":"WebSite","@id":"https:\/\/multi-mam.com\/si\/#website","url":"https:\/\/multi-mam.com\/si\/","name":"Multi-Mam","description":"","publisher":{"@id":"https:\/\/multi-mam.com\/si\/#organization"},"potentialAction":[{"@type":"SearchAction","target":{"@type":"EntryPoint","urlTemplate":"https:\/\/multi-mam.com\/si\/?s={search_term_string}"},"query-input":{"@type":"PropertyValueSpecification","valueRequired":true,"valueName":"search_term_string"}}],"inLanguage":"sl-SI"},{"@type":"Organization","@id":"https:\/\/multi-mam.com\/si\/#organization","name":"Multi-Mam","url":"https:\/\/multi-mam.com\/si\/","logo":{"@type":"ImageObject","inLanguage":"sl-SI","@id":"https:\/\/multi-mam.com\/si\/#\/schema\/logo\/image\/","url":"https:\/\/multi-mam.com\/app\/uploads\/sites\/30\/2023\/06\/multi-mam-logotype.png","contentUrl":"https:\/\/multi-mam.com\/app\/uploads\/sites\/30\/2023\/06\/multi-mam-logotype.png","width":70,"height":96,"caption":"Multi-Mam"},"image":{"@id":"https:\/\/multi-mam.com\/si\/#\/schema\/logo\/image\/"}}]}},"_links":{"self":[{"href":"https:\/\/multi-mam.com\/si\/wp-json\/wp\/v2\/pages\/124","targetHints":{"allow":["GET"]}}],"collection":[{"href":"https:\/\/multi-mam.com\/si\/wp-json\/wp\/v2\/pages"}],"about":[{"href":"https:\/\/multi-mam.com\/si\/wp-json\/wp\/v2\/types\/page"}],"author":[{"embeddable":true,"href":"https:\/\/multi-mam.com\/si\/wp-json\/wp\/v2\/users\/2"}],"replies":[{"embeddable":true,"href":"https:\/\/multi-mam.com\/si\/wp-json\/wp\/v2\/comments?post=124"}],"version-history":[{"count":3,"href":"https:\/\/multi-mam.com\/si\/wp-json\/wp\/v2\/pages\/124\/revisions"}],"predecessor-version":[{"id":190,"href":"https:\/\/multi-mam.com\/si\/wp-json\/wp\/v2\/pages\/124\/revisions\/190"}],"up":[{"embeddable":true,"href":"https:\/\/multi-mam.com\/si\/wp-json\/wp\/v2\/pages\/98"}],"wp:attachment":[{"href":"https:\/\/multi-mam.com\/si\/wp-json\/wp\/v2\/media?parent=124"}],"wp:term":[{"taxonomy":"from-article-database","embeddable":true,"href":"https:\/\/multi-mam.com\/si\/wp-json\/wp\/v2\/from-article-database?post=124"}],"curies":[{"name":"wp","href":"https:\/\/api.w.org\/{rel}","templated":true}]}}