{"id":118,"date":"2023-07-05T08:43:37","date_gmt":"2023-07-05T06:43:37","guid":{"rendered":"https:\/\/multi-mam.com\/si\/?page_id=118"},"modified":"2023-09-06T15:29:15","modified_gmt":"2023-09-06T13:29:15","slug":"dojencek-ki-med-dojenjem-grize","status":"publish","type":"page","link":"https:\/\/multi-mam.com\/si\/nasveti-strokovnjakov\/dojenje\/dojencek-ki-med-dojenjem-grize\/","title":{"rendered":"Dojen\u010dek, ki med dojenjem grize"},"content":{"rendered":"\n<div class=\"wp-block-karopharma-free-text pt-large pb-large bg-center bg-cover bg-no-repeat  is-style-primary\" style=\"background-image:url()\"><div class=\"free-text-wrapper container max-w-medium text-left\">\n<h1 class=\"is-style-heading-huge wp-block-heading\">Dojen\u010dek, ki med dojenjem grize<\/h1>\n\n\n\n<p class=\"is-style-paragraph-preamble\">\u010ce med dojenjem dojen\u010dek grize, to ni samo zelo bole\u010de, temve\u010d je takrat dojenje za vas zelo neprijetna izku\u0161nja. Ali je to zaradi bole\u010de bradavice kot posledice ugriza ali pa ker ste v nenehnem strahu, da se bo ugriz ponovil. To vam lahko prepre\u010di, da u\u017eivate v tihih trenutkih dojenja in povezovanja z va\u0161im otrokom.<\/p>\n<\/div><\/div>\n\n\n\n<div class=\"wp-block-karopharma-free-text pt-large pb-large bg-center bg-cover bg-no-repeat\" style=\"background-image:url()\"><div class=\"free-text-wrapper container max-w-medium text-left\">\n<h2 class=\"is-style-heading-h2 wp-block-heading\">Kako prepre\u010diti ugrize med dojenjem?<\/h2>\n\n\n\n<p>Za dojen\u010dka je nemogo\u010de, da vas lahko ugrizne, \u010de je ustrezno prisesan na bradavico in se aktivno hrani. Med hranjenjem dojen\u010dkov jezik pokriva spodnje zobe tako, da je fizi\u010dno nemogo\u010de, da zagrize v bradavico. Zato je najbolj pomembna stvar, ki jo lahko storite, da prepre\u010dite ugriz ta, da svojega otroka opazujete. Pogosto se ugrizi pojavijo proti koncu dojenja, ko je va\u0161 mal\u010dek sit in se ne koncentrira ve\u010d na dojenje. Pozorno opazujte svojega mal\u010dka in takoj ko opazite spremembo v intenzivnosti \u010deljusti ter \u010dutite, da jezik pomakne nazaj, zaklju\u010dite z dojenjem in dojen\u010dka odstranite s prsi ter tako zmanj\u0161ate mo\u017enost, da vas ugrizne. Na drugi strani, \u010de se ugriz pojavi na za\u010detku dojenja, poskrbite, da va\u0161 otrok naprej ustrezno sesa. Posku\u0161ajte zamenjati polo\u017eaj hranjenja in najdite tak\u0161nega, ki va\u0161emu dojen\u010dku omogo\u010da ustrezen polo\u017eaj bradavice za sesanje v njegovih ustih.<\/p>\n\n\n\n<p>Kljub strahu, ki ga imajo nekatere mame, proces izra\u0161\u010danja zobkov ni nujno zaklju\u010dek dojenja. \u010ce ugrize povzro\u010da nelagodje zaradi izra\u0161\u010danja zobkov, dojen\u010dka odstranite z dojke in mu ponudite igra\u010dko primerno za izra\u0161\u010danje zobkov.<\/p>\n\n\n\n<p>Kadar med dojenjem gledate televizijo ali se pogovarjate po telefonu, vas lahko va\u0161 dojen\u010dek ugrizne, da bi s tem pridobil va\u0161o pozornost. Posvetite \u010das dojenja va\u0161emu mal\u010dku in se osredoto\u010dite na njega. Izberite tiho sobo z zatemnjeno svetlobo in brez mote\u010dih dra\u017eljajev. To vam bo pomagalo, da se osredoto\u010dite na va\u0161ega dojen\u010dka, in va\u0161 dojen\u010dek bo miren ter udobno mu bo. Pogovarjajte se z njim in ohranjajte o\u010desni stik ter ga pestujte. To bo va\u0161emu dojen\u010dku zagotovilo zadostno pozornost in vam omogo\u010dilo, da prepoznate znake, ki vam nakazujejo, da se morda bli\u017ea ugriz.<\/p>\n\n\n\n<p>Kadar je va\u0161 dojen\u010dek prehlajen, ga posku\u0161ajte dojiti v vzravnanem polo\u017eaju, tako da mu bo olaj\u0161ano dihanje.<\/p>\n\n\n\n<p>Vsak otrok se lahko nau\u010di, da ne sme ugrizniti ne glede na to, kako majhen je. Vse, kar potrebujete, je nekaj pozitivne okrepitve in vztrajnosti. Uporabite ne\u017een glas, da svojega mal\u010dka pohvalite, kadar se lepo prisesa in lepo preneha sesati.<\/p>\n\n\n\n<h2 class=\"is-style-heading-h2 wp-block-heading\">Kaj narediti, \u010de va\u0161 dojen\u010dek grize?<\/h2>\n\n\n\n<p>Takoj prenehajte s hranjenjem. Ne potegnite otroka stran, (\u010deprav je to instinktivno dejanje), ker to lahko povzro\u010di \u0161e ve\u010djo po\u0161kodbo bradavice. Namesto tega otroka tesneje privijte na dojko, ne\u017eno potisnite prst v kot ustnic va\u0161ega otroka in med zobe ter nato izvlecite bradavico. \u010ce je va\u0161 dojen\u010dek \u0161e la\u010den, prekinite dojenje za nekaj \u010dasa ali pa zaklju\u010dite s hranjenjem. \u010ce je ugriz povzro\u010dil po\u0161kodbo bradavice, je pomembno, da rano hitro ustrezno oskrbite, preden se lahko razvije kak\u0161na infekcija. Bradavico lahko hladite z uporabo ledu, kar vam bo ubla\u017eilo bole\u010dino, na kar lahko nanesete obkladek za dojenje, ki bo pospe\u0161il celjenje. Med dojenjem nanesite za\u0161\u010ditni balzam za bradavice, ki bo pomiril in nahranil ko\u017eo ter nudil za\u0161\u010dito pred nadaljnjo bole\u010dino.<\/p>\n<\/div><\/div>\n","protected":false},"excerpt":{"rendered":"","protected":false},"author":2,"featured_media":0,"parent":98,"menu_order":7,"comment_status":"closed","ping_status":"closed","template":"","meta":{"_acf_changed":false,"footnotes":""},"from-article-database":[],"class_list":["post-118","page","type-page","status-publish","hentry"],"acf":[],"yoast_head":"<!-- This site is optimized with the Yoast SEO plugin v26.6 - https:\/\/yoast.com\/wordpress\/plugins\/seo\/ -->\n<title>Dojen\u010dek, ki med dojenjem grize - Multi-Mam<\/title>\n<meta name=\"description\" content=\"\u010ce med dojenjem dojen\u010dek grize, to ni samo zelo bole\u010de, temve\u010d je takrat dojenje za vas zelo neprijetna izku\u0161nja.\" \/>\n<meta name=\"robots\" content=\"index, follow, max-snippet:-1, max-image-preview:large, max-video-preview:-1\" \/>\n<link rel=\"canonical\" href=\"https:\/\/multi-mam.com\/si\/nasveti-strokovnjakov\/dojenje\/dojencek-ki-med-dojenjem-grize\/\" \/>\n<meta property=\"og:locale\" content=\"sl_SI\" \/>\n<meta property=\"og:type\" content=\"article\" \/>\n<meta property=\"og:title\" content=\"Dojen\u010dek, ki med dojenjem grize - Multi-Mam\" \/>\n<meta property=\"og:description\" content=\"\u010ce med dojenjem dojen\u010dek grize, to ni samo zelo bole\u010de, temve\u010d je takrat dojenje za vas zelo neprijetna izku\u0161nja.\" \/>\n<meta property=\"og:url\" content=\"https:\/\/multi-mam.com\/si\/nasveti-strokovnjakov\/dojenje\/dojencek-ki-med-dojenjem-grize\/\" \/>\n<meta property=\"og:site_name\" content=\"Multi-Mam\" \/>\n<meta property=\"article:modified_time\" content=\"2023-09-06T13:29:15+00:00\" \/>\n<meta name=\"twitter:card\" content=\"summary_large_image\" \/>\n<meta name=\"twitter:label1\" content=\"Est. reading time\" \/>\n\t<meta name=\"twitter:data1\" content=\"3 minutes\" \/>\n<script type=\"application\/ld+json\" class=\"yoast-schema-graph\">{\"@context\":\"https:\/\/schema.org\",\"@graph\":[{\"@type\":\"WebPage\",\"@id\":\"https:\/\/multi-mam.com\/si\/nasveti-strokovnjakov\/dojenje\/dojencek-ki-med-dojenjem-grize\/\",\"url\":\"https:\/\/multi-mam.com\/si\/nasveti-strokovnjakov\/dojenje\/dojencek-ki-med-dojenjem-grize\/\",\"name\":\"Dojen\u010dek, ki med dojenjem grize - Multi-Mam\",\"isPartOf\":{\"@id\":\"https:\/\/multi-mam.com\/si\/#website\"},\"datePublished\":\"2023-07-05T06:43:37+00:00\",\"dateModified\":\"2023-09-06T13:29:15+00:00\",\"description\":\"\u010ce med dojenjem dojen\u010dek grize, to ni samo zelo bole\u010de, temve\u010d je takrat dojenje za vas zelo neprijetna izku\u0161nja.\",\"breadcrumb\":{\"@id\":\"https:\/\/multi-mam.com\/si\/nasveti-strokovnjakov\/dojenje\/dojencek-ki-med-dojenjem-grize\/#breadcrumb\"},\"inLanguage\":\"sl-SI\",\"potentialAction\":[{\"@type\":\"ReadAction\",\"target\":[\"https:\/\/multi-mam.com\/si\/nasveti-strokovnjakov\/dojenje\/dojencek-ki-med-dojenjem-grize\/\"]}]},{\"@type\":\"BreadcrumbList\",\"@id\":\"https:\/\/multi-mam.com\/si\/nasveti-strokovnjakov\/dojenje\/dojencek-ki-med-dojenjem-grize\/#breadcrumb\",\"itemListElement\":[{\"@type\":\"ListItem\",\"position\":1,\"name\":\"Home\",\"item\":\"https:\/\/multi-mam.com\/si\/\"},{\"@type\":\"ListItem\",\"position\":2,\"name\":\"Nasveti strokovnjakov\",\"item\":\"https:\/\/multi-mam.com\/si\/nasveti-strokovnjakov\/\"},{\"@type\":\"ListItem\",\"position\":3,\"name\":\"Dojenje\",\"item\":\"https:\/\/multi-mam.com\/si\/nasveti-strokovnjakov\/dojenje\/\"},{\"@type\":\"ListItem\",\"position\":4,\"name\":\"Dojen\u010dek, ki med dojenjem grize\"}]},{\"@type\":\"WebSite\",\"@id\":\"https:\/\/multi-mam.com\/si\/#website\",\"url\":\"https:\/\/multi-mam.com\/si\/\",\"name\":\"Multi-Mam\",\"description\":\"\",\"publisher\":{\"@id\":\"https:\/\/multi-mam.com\/si\/#organization\"},\"potentialAction\":[{\"@type\":\"SearchAction\",\"target\":{\"@type\":\"EntryPoint\",\"urlTemplate\":\"https:\/\/multi-mam.com\/si\/?s={search_term_string}\"},\"query-input\":{\"@type\":\"PropertyValueSpecification\",\"valueRequired\":true,\"valueName\":\"search_term_string\"}}],\"inLanguage\":\"sl-SI\"},{\"@type\":\"Organization\",\"@id\":\"https:\/\/multi-mam.com\/si\/#organization\",\"name\":\"Multi-Mam\",\"url\":\"https:\/\/multi-mam.com\/si\/\",\"logo\":{\"@type\":\"ImageObject\",\"inLanguage\":\"sl-SI\",\"@id\":\"https:\/\/multi-mam.com\/si\/#\/schema\/logo\/image\/\",\"url\":\"https:\/\/multi-mam.com\/app\/uploads\/sites\/30\/2023\/06\/multi-mam-logotype.png\",\"contentUrl\":\"https:\/\/multi-mam.com\/app\/uploads\/sites\/30\/2023\/06\/multi-mam-logotype.png\",\"width\":70,\"height\":96,\"caption\":\"Multi-Mam\"},\"image\":{\"@id\":\"https:\/\/multi-mam.com\/si\/#\/schema\/logo\/image\/\"}}]}<\/script>\n<!-- \/ Yoast SEO plugin. -->","yoast_head_json":{"title":"Dojen\u010dek, ki med dojenjem grize - Multi-Mam","description":"\u010ce med dojenjem dojen\u010dek grize, to ni samo zelo bole\u010de, temve\u010d je takrat dojenje za vas zelo neprijetna izku\u0161nja.","robots":{"index":"index","follow":"follow","max-snippet":"max-snippet:-1","max-image-preview":"max-image-preview:large","max-video-preview":"max-video-preview:-1"},"canonical":"https:\/\/multi-mam.com\/si\/nasveti-strokovnjakov\/dojenje\/dojencek-ki-med-dojenjem-grize\/","og_locale":"sl_SI","og_type":"article","og_title":"Dojen\u010dek, ki med dojenjem grize - Multi-Mam","og_description":"\u010ce med dojenjem dojen\u010dek grize, to ni samo zelo bole\u010de, temve\u010d je takrat dojenje za vas zelo neprijetna izku\u0161nja.","og_url":"https:\/\/multi-mam.com\/si\/nasveti-strokovnjakov\/dojenje\/dojencek-ki-med-dojenjem-grize\/","og_site_name":"Multi-Mam","article_modified_time":"2023-09-06T13:29:15+00:00","twitter_card":"summary_large_image","twitter_misc":{"Est. reading time":"3 minutes"},"schema":{"@context":"https:\/\/schema.org","@graph":[{"@type":"WebPage","@id":"https:\/\/multi-mam.com\/si\/nasveti-strokovnjakov\/dojenje\/dojencek-ki-med-dojenjem-grize\/","url":"https:\/\/multi-mam.com\/si\/nasveti-strokovnjakov\/dojenje\/dojencek-ki-med-dojenjem-grize\/","name":"Dojen\u010dek, ki med dojenjem grize - Multi-Mam","isPartOf":{"@id":"https:\/\/multi-mam.com\/si\/#website"},"datePublished":"2023-07-05T06:43:37+00:00","dateModified":"2023-09-06T13:29:15+00:00","description":"\u010ce med dojenjem dojen\u010dek grize, to ni samo zelo bole\u010de, temve\u010d je takrat dojenje za vas zelo neprijetna izku\u0161nja.","breadcrumb":{"@id":"https:\/\/multi-mam.com\/si\/nasveti-strokovnjakov\/dojenje\/dojencek-ki-med-dojenjem-grize\/#breadcrumb"},"inLanguage":"sl-SI","potentialAction":[{"@type":"ReadAction","target":["https:\/\/multi-mam.com\/si\/nasveti-strokovnjakov\/dojenje\/dojencek-ki-med-dojenjem-grize\/"]}]},{"@type":"BreadcrumbList","@id":"https:\/\/multi-mam.com\/si\/nasveti-strokovnjakov\/dojenje\/dojencek-ki-med-dojenjem-grize\/#breadcrumb","itemListElement":[{"@type":"ListItem","position":1,"name":"Home","item":"https:\/\/multi-mam.com\/si\/"},{"@type":"ListItem","position":2,"name":"Nasveti strokovnjakov","item":"https:\/\/multi-mam.com\/si\/nasveti-strokovnjakov\/"},{"@type":"ListItem","position":3,"name":"Dojenje","item":"https:\/\/multi-mam.com\/si\/nasveti-strokovnjakov\/dojenje\/"},{"@type":"ListItem","position":4,"name":"Dojen\u010dek, ki med dojenjem grize"}]},{"@type":"WebSite","@id":"https:\/\/multi-mam.com\/si\/#website","url":"https:\/\/multi-mam.com\/si\/","name":"Multi-Mam","description":"","publisher":{"@id":"https:\/\/multi-mam.com\/si\/#organization"},"potentialAction":[{"@type":"SearchAction","target":{"@type":"EntryPoint","urlTemplate":"https:\/\/multi-mam.com\/si\/?s={search_term_string}"},"query-input":{"@type":"PropertyValueSpecification","valueRequired":true,"valueName":"search_term_string"}}],"inLanguage":"sl-SI"},{"@type":"Organization","@id":"https:\/\/multi-mam.com\/si\/#organization","name":"Multi-Mam","url":"https:\/\/multi-mam.com\/si\/","logo":{"@type":"ImageObject","inLanguage":"sl-SI","@id":"https:\/\/multi-mam.com\/si\/#\/schema\/logo\/image\/","url":"https:\/\/multi-mam.com\/app\/uploads\/sites\/30\/2023\/06\/multi-mam-logotype.png","contentUrl":"https:\/\/multi-mam.com\/app\/uploads\/sites\/30\/2023\/06\/multi-mam-logotype.png","width":70,"height":96,"caption":"Multi-Mam"},"image":{"@id":"https:\/\/multi-mam.com\/si\/#\/schema\/logo\/image\/"}}]}},"_links":{"self":[{"href":"https:\/\/multi-mam.com\/si\/wp-json\/wp\/v2\/pages\/118","targetHints":{"allow":["GET"]}}],"collection":[{"href":"https:\/\/multi-mam.com\/si\/wp-json\/wp\/v2\/pages"}],"about":[{"href":"https:\/\/multi-mam.com\/si\/wp-json\/wp\/v2\/types\/page"}],"author":[{"embeddable":true,"href":"https:\/\/multi-mam.com\/si\/wp-json\/wp\/v2\/users\/2"}],"replies":[{"embeddable":true,"href":"https:\/\/multi-mam.com\/si\/wp-json\/wp\/v2\/comments?post=118"}],"version-history":[{"count":3,"href":"https:\/\/multi-mam.com\/si\/wp-json\/wp\/v2\/pages\/118\/revisions"}],"predecessor-version":[{"id":183,"href":"https:\/\/multi-mam.com\/si\/wp-json\/wp\/v2\/pages\/118\/revisions\/183"}],"up":[{"embeddable":true,"href":"https:\/\/multi-mam.com\/si\/wp-json\/wp\/v2\/pages\/98"}],"wp:attachment":[{"href":"https:\/\/multi-mam.com\/si\/wp-json\/wp\/v2\/media?parent=118"}],"wp:term":[{"taxonomy":"from-article-database","embeddable":true,"href":"https:\/\/multi-mam.com\/si\/wp-json\/wp\/v2\/from-article-database?post=118"}],"curies":[{"name":"wp","href":"https:\/\/api.w.org\/{rel}","templated":true}]}}