{"id":116,"date":"2023-07-05T08:43:19","date_gmt":"2023-07-05T06:43:19","guid":{"rendered":"https:\/\/multi-mam.com\/si\/?page_id=116"},"modified":"2023-09-06T15:29:18","modified_gmt":"2023-09-06T13:29:18","slug":"vzroki-za-bolecine-pri-dojenju","status":"publish","type":"page","link":"https:\/\/multi-mam.com\/si\/nasveti-strokovnjakov\/dojenje\/vzroki-za-bolecine-pri-dojenju\/","title":{"rendered":"Vzroki za bole\u010dine pri dojenju"},"content":{"rendered":"\n<div class=\"wp-block-karopharma-free-text pt-large pb-large bg-center bg-cover bg-no-repeat  is-style-primary\" style=\"background-image:url()\"><div class=\"free-text-wrapper container max-w-medium text-left\">\n<h1 class=\"is-style-heading-huge wp-block-heading\">Vzroki za bole\u010dine pri dojenju<\/h1>\n\n\n\n<p class=\"is-style-paragraph-preamble\">Veliko mladih mamic misli, da je ob\u010dutenje bole\u010dine v prvih nekaj dneh dojenja normalno. \u010ceprav bo morda trajalo nekaj \u010dasa, preden bosta z dojen\u010dkom na\u0161la pravo lego, ki bo dojen\u010dku omogo\u010dila, da pravilno sesa, lahko ignoriranje bole\u010dine pomeni, da bodo va\u0161e bradavice utrpele po\u0161kodbe ter postale vnete. Bole\u010de bradavice povzro\u010dijo, da je dojenje zelo neprijetno, kar lahko ima za posledico otekle dojke in mastitis. \u010ce pri\u010dnete izpu\u0161\u010dati dojene obroke, da bi se izognili bole\u010dini, se lahko vam zmanj\u0161a proizvajanje mleka kot posledica manj\u0161ega povpra\u0161evanja. Zato je zelo pomembno, da se dolo\u010di natan\u010den vzrok, zakaj je dojenje za vas bole\u010de in nekaj ukrenete proti temu.<\/p>\n<\/div><\/div>\n\n\n\n<div class=\"wp-block-karopharma-free-text pt-large pb-large bg-center bg-cover bg-no-repeat\" style=\"background-image:url()\"><div class=\"free-text-wrapper container max-w-medium text-left\">\n<h2 class=\"is-style-heading-h2 wp-block-heading\">Vnete razpokane bradavice<\/h2>\n\n\n\n<p>Najpogostej\u0161i krivec za ob\u010dutek bole\u010dine pri dojenju je nepravilno sesanje. Kadar dojen\u010dek pravilno sesa, se v njegovih ustih nahaja celotna bradavica kot tudi areola, kar povzro\u010di, da je sesanje zelo u\u010dinkovito, vendar kljub temu ne\u017eno do va\u0161ih bradavic. \u010ce ne dose\u017eemo pravilnega sesanja, dojen\u010dek sesa bradavico samo, kar povzro\u010di bole\u010dino in po\u0161kodbo ko\u017ee na bradavici.<\/p>\n\n\n\n<p>\u010ce boste \u017ee zelo zgodaj dosegli pravilno sesanje, vam bo to omogo\u010dilo, da boste u\u017eivali v dojenju brez bole\u010din ter vam prepre\u010dilo te\u017eave z bradavicami. \u010ce pa so va\u0161e bradavice \u017ee vnete, si nanesite hladne obkladke, da bi ubla\u017eili bole\u010dino. Potem preizkusite na\u0161e obkladke za dojke, ki so prevle\u010dene s hranljivimi sestavinami, ki pospe\u0161ujejo proces celjenja.<\/p>\n\n\n\n<p>\u010ce je vzrok va\u0161e bole\u010dine slabo sesanje, se posvetujte s svetovalcem za dojenje, ki vam bo lahko pomagal najti pravo lego za dojenje.<\/p>\n\n\n\n<h2 class=\"is-style-heading-h2 wp-block-heading\">Va\u0161 dojen\u010dek ima jezi\u010dek prira\u0161\u010den<\/h2>\n\n\n\n<p>\u010ce imate te\u017eave s sesanjem, morda te\u017eava ni samo v tem, da ne najdete prave lege za dojenje. \u010ce ima va\u0161 dojen\u010dek prira\u0161\u010den jezi\u010dek, je to zanj lahko velika te\u017eava pri sesanju. Medicinski izraz za to stanje, ki ga poznamo kot prira\u0161\u010den jezi\u010dek je \u201cankyloglossia\u201d. To izhaja iz tega , da je frenulum ali jezi\u010dna podvezica, ki povezuje jezik z ustno votlino, prekratka in tesna, kar omejuje gibanje jezika. \u010ce menite, da bi to lahko bil vzrok, se posvetujte s svojim zdravnikom in v tem primeru bo enostaven poseg re\u0161il te\u017eavo: v tkivo (frenulum), ki jezik ovira, naredijo manj\u0161o zarezo. Najverjetneje boste opazili ogromno razliko, ko bo va\u0161 dojen\u010dek lahko prosto premikal jezi\u010dek.<\/p>\n\n\n\n<h2 class=\"is-style-heading-h2 wp-block-heading\">Glivice na bradavici<\/h2>\n\n\n\n<p>\u010ce ob\u010dutite mo\u010dno bole\u010dino v bradavicah, medtem ko dojite in \u010de so va\u0161e bradavice pordele in sijo\u010de, lahko imate glivi\u010dno infekcijo. Infekcija je lahko prisotna tudi v ustih va\u0161ega dojen\u010dka, kjer boste opazili bele pike na jezi\u010dku in\/ali na nebu. Obiskati morate va\u0161ega zdravnika, da bi dolo\u010dili ustrezno diagnozo. Verjetno vam bo predpisal sredstvo proti glivicam.<\/p>\n\n\n\n<h2 class=\"is-style-heading-h2 wp-block-heading\">Mastitis<\/h2>\n\n\n\n<p>Simptomi se po navadi pojavijo samo na eni dojki. Va\u0161e dojke lahko postanejo vnete, ote\u010dene, pordele in tople na otip. V\u010dasih lahko to stanje spremlja tudi vro\u010dina. Mastitis se po navadi pojavi kot komplikacija pri oteklih dojkah ali pa pri zama\u0161enem mle\u010dnem kanalu v primeru, kadar bakterije prodrejo v dojko in povzro\u010dijo infekcijo. Prvotno zdravljenje vklju\u010duje tople obkladke, ne\u017eno masa\u017eo pred in med dojenjem, ter \u010dim pogostej\u0161e hranjenje. \u010ce simptomi po 24 urah ne izzvenijo, morate poiskati zdravni\u0161ko pomo\u010d.<\/p>\n\n\n\n<h2 class=\"is-style-heading-h2 wp-block-heading\">Zama\u0161eni mle\u010dni kanali<\/h2>\n\n\n\n<p>\u010ce v eni dojki opazite vneto podro\u010dje ali pa s prsti zatipate oteklino, je to lahko zama\u0161en mle\u010dni kanal, ki je posledica zastajanja mleka. To se po navadi zgodi zaradi prevelikega pritiska, ki ga povzro\u010dimo dojki, npr. va\u0161 modr\u010dek za dojenje morda ni prave velikosti za vas, ali pa \u010de ste dalj \u010dasa vozili, vam je lahko varnostni pas povzro\u010dil podobne te\u017eave. Podobno kot pri mastitisu vam bodo pomagali topli obkladki, masa\u017ea prsi in ve\u010dkratno dojenje.<\/p>\n<\/div><\/div>\n","protected":false},"excerpt":{"rendered":"","protected":false},"author":2,"featured_media":0,"parent":98,"menu_order":6,"comment_status":"closed","ping_status":"closed","template":"","meta":{"_acf_changed":false,"footnotes":""},"from-article-database":[],"class_list":["post-116","page","type-page","status-publish","hentry"],"acf":[],"yoast_head":"<!-- This site is optimized with the Yoast SEO plugin v26.6 - https:\/\/yoast.com\/wordpress\/plugins\/seo\/ -->\n<title>Vzroki za bole\u010dine pri dojenju - Multi-Mam<\/title>\n<meta name=\"description\" content=\"Veliko mladih mamic misli, da je ob\u010dutenje bole\u010dine v prvih nekaj dneh dojenja normalno. \u010ceprav bo morda trajalo nekaj \u010dasa, preden bosta z dojen\u010dkom na\u0161la pravo lego, ki bo dojen\u010dku omogo\u010dila, da pravilno sesa, lahko ignoriranje bole\u010dine pomeni, da bodo va\u0161e bradavice utrpele po\u0161kodbe ter postale vnete.\" \/>\n<meta name=\"robots\" content=\"index, follow, max-snippet:-1, max-image-preview:large, max-video-preview:-1\" \/>\n<link rel=\"canonical\" href=\"https:\/\/multi-mam.com\/si\/nasveti-strokovnjakov\/dojenje\/vzroki-za-bolecine-pri-dojenju\/\" \/>\n<meta property=\"og:locale\" content=\"sl_SI\" \/>\n<meta property=\"og:type\" content=\"article\" \/>\n<meta property=\"og:title\" content=\"Vzroki za bole\u010dine pri dojenju - Multi-Mam\" \/>\n<meta property=\"og:description\" content=\"Veliko mladih mamic misli, da je ob\u010dutenje bole\u010dine v prvih nekaj dneh dojenja normalno. \u010ceprav bo morda trajalo nekaj \u010dasa, preden bosta z dojen\u010dkom na\u0161la pravo lego, ki bo dojen\u010dku omogo\u010dila, da pravilno sesa, lahko ignoriranje bole\u010dine pomeni, da bodo va\u0161e bradavice utrpele po\u0161kodbe ter postale vnete.\" \/>\n<meta property=\"og:url\" content=\"https:\/\/multi-mam.com\/si\/nasveti-strokovnjakov\/dojenje\/vzroki-za-bolecine-pri-dojenju\/\" \/>\n<meta property=\"og:site_name\" content=\"Multi-Mam\" \/>\n<meta property=\"article:modified_time\" content=\"2023-09-06T13:29:18+00:00\" \/>\n<meta name=\"twitter:card\" content=\"summary_large_image\" \/>\n<meta name=\"twitter:label1\" content=\"Est. reading time\" \/>\n\t<meta name=\"twitter:data1\" content=\"4 minutes\" \/>\n<script type=\"application\/ld+json\" class=\"yoast-schema-graph\">{\"@context\":\"https:\/\/schema.org\",\"@graph\":[{\"@type\":\"WebPage\",\"@id\":\"https:\/\/multi-mam.com\/si\/nasveti-strokovnjakov\/dojenje\/vzroki-za-bolecine-pri-dojenju\/\",\"url\":\"https:\/\/multi-mam.com\/si\/nasveti-strokovnjakov\/dojenje\/vzroki-za-bolecine-pri-dojenju\/\",\"name\":\"Vzroki za bole\u010dine pri dojenju - Multi-Mam\",\"isPartOf\":{\"@id\":\"https:\/\/multi-mam.com\/si\/#website\"},\"datePublished\":\"2023-07-05T06:43:19+00:00\",\"dateModified\":\"2023-09-06T13:29:18+00:00\",\"description\":\"Veliko mladih mamic misli, da je ob\u010dutenje bole\u010dine v prvih nekaj dneh dojenja normalno. \u010ceprav bo morda trajalo nekaj \u010dasa, preden bosta z dojen\u010dkom na\u0161la pravo lego, ki bo dojen\u010dku omogo\u010dila, da pravilno sesa, lahko ignoriranje bole\u010dine pomeni, da bodo va\u0161e bradavice utrpele po\u0161kodbe ter postale vnete.\",\"breadcrumb\":{\"@id\":\"https:\/\/multi-mam.com\/si\/nasveti-strokovnjakov\/dojenje\/vzroki-za-bolecine-pri-dojenju\/#breadcrumb\"},\"inLanguage\":\"sl-SI\",\"potentialAction\":[{\"@type\":\"ReadAction\",\"target\":[\"https:\/\/multi-mam.com\/si\/nasveti-strokovnjakov\/dojenje\/vzroki-za-bolecine-pri-dojenju\/\"]}]},{\"@type\":\"BreadcrumbList\",\"@id\":\"https:\/\/multi-mam.com\/si\/nasveti-strokovnjakov\/dojenje\/vzroki-za-bolecine-pri-dojenju\/#breadcrumb\",\"itemListElement\":[{\"@type\":\"ListItem\",\"position\":1,\"name\":\"Home\",\"item\":\"https:\/\/multi-mam.com\/si\/\"},{\"@type\":\"ListItem\",\"position\":2,\"name\":\"Nasveti strokovnjakov\",\"item\":\"https:\/\/multi-mam.com\/si\/nasveti-strokovnjakov\/\"},{\"@type\":\"ListItem\",\"position\":3,\"name\":\"Dojenje\",\"item\":\"https:\/\/multi-mam.com\/si\/nasveti-strokovnjakov\/dojenje\/\"},{\"@type\":\"ListItem\",\"position\":4,\"name\":\"Vzroki za bole\u010dine pri dojenju\"}]},{\"@type\":\"WebSite\",\"@id\":\"https:\/\/multi-mam.com\/si\/#website\",\"url\":\"https:\/\/multi-mam.com\/si\/\",\"name\":\"Multi-Mam\",\"description\":\"\",\"publisher\":{\"@id\":\"https:\/\/multi-mam.com\/si\/#organization\"},\"potentialAction\":[{\"@type\":\"SearchAction\",\"target\":{\"@type\":\"EntryPoint\",\"urlTemplate\":\"https:\/\/multi-mam.com\/si\/?s={search_term_string}\"},\"query-input\":{\"@type\":\"PropertyValueSpecification\",\"valueRequired\":true,\"valueName\":\"search_term_string\"}}],\"inLanguage\":\"sl-SI\"},{\"@type\":\"Organization\",\"@id\":\"https:\/\/multi-mam.com\/si\/#organization\",\"name\":\"Multi-Mam\",\"url\":\"https:\/\/multi-mam.com\/si\/\",\"logo\":{\"@type\":\"ImageObject\",\"inLanguage\":\"sl-SI\",\"@id\":\"https:\/\/multi-mam.com\/si\/#\/schema\/logo\/image\/\",\"url\":\"https:\/\/multi-mam.com\/app\/uploads\/sites\/30\/2023\/06\/multi-mam-logotype.png\",\"contentUrl\":\"https:\/\/multi-mam.com\/app\/uploads\/sites\/30\/2023\/06\/multi-mam-logotype.png\",\"width\":70,\"height\":96,\"caption\":\"Multi-Mam\"},\"image\":{\"@id\":\"https:\/\/multi-mam.com\/si\/#\/schema\/logo\/image\/\"}}]}<\/script>\n<!-- \/ Yoast SEO plugin. -->","yoast_head_json":{"title":"Vzroki za bole\u010dine pri dojenju - Multi-Mam","description":"Veliko mladih mamic misli, da je ob\u010dutenje bole\u010dine v prvih nekaj dneh dojenja normalno. \u010ceprav bo morda trajalo nekaj \u010dasa, preden bosta z dojen\u010dkom na\u0161la pravo lego, ki bo dojen\u010dku omogo\u010dila, da pravilno sesa, lahko ignoriranje bole\u010dine pomeni, da bodo va\u0161e bradavice utrpele po\u0161kodbe ter postale vnete.","robots":{"index":"index","follow":"follow","max-snippet":"max-snippet:-1","max-image-preview":"max-image-preview:large","max-video-preview":"max-video-preview:-1"},"canonical":"https:\/\/multi-mam.com\/si\/nasveti-strokovnjakov\/dojenje\/vzroki-za-bolecine-pri-dojenju\/","og_locale":"sl_SI","og_type":"article","og_title":"Vzroki za bole\u010dine pri dojenju - Multi-Mam","og_description":"Veliko mladih mamic misli, da je ob\u010dutenje bole\u010dine v prvih nekaj dneh dojenja normalno. \u010ceprav bo morda trajalo nekaj \u010dasa, preden bosta z dojen\u010dkom na\u0161la pravo lego, ki bo dojen\u010dku omogo\u010dila, da pravilno sesa, lahko ignoriranje bole\u010dine pomeni, da bodo va\u0161e bradavice utrpele po\u0161kodbe ter postale vnete.","og_url":"https:\/\/multi-mam.com\/si\/nasveti-strokovnjakov\/dojenje\/vzroki-za-bolecine-pri-dojenju\/","og_site_name":"Multi-Mam","article_modified_time":"2023-09-06T13:29:18+00:00","twitter_card":"summary_large_image","twitter_misc":{"Est. reading time":"4 minutes"},"schema":{"@context":"https:\/\/schema.org","@graph":[{"@type":"WebPage","@id":"https:\/\/multi-mam.com\/si\/nasveti-strokovnjakov\/dojenje\/vzroki-za-bolecine-pri-dojenju\/","url":"https:\/\/multi-mam.com\/si\/nasveti-strokovnjakov\/dojenje\/vzroki-za-bolecine-pri-dojenju\/","name":"Vzroki za bole\u010dine pri dojenju - Multi-Mam","isPartOf":{"@id":"https:\/\/multi-mam.com\/si\/#website"},"datePublished":"2023-07-05T06:43:19+00:00","dateModified":"2023-09-06T13:29:18+00:00","description":"Veliko mladih mamic misli, da je ob\u010dutenje bole\u010dine v prvih nekaj dneh dojenja normalno. \u010ceprav bo morda trajalo nekaj \u010dasa, preden bosta z dojen\u010dkom na\u0161la pravo lego, ki bo dojen\u010dku omogo\u010dila, da pravilno sesa, lahko ignoriranje bole\u010dine pomeni, da bodo va\u0161e bradavice utrpele po\u0161kodbe ter postale vnete.","breadcrumb":{"@id":"https:\/\/multi-mam.com\/si\/nasveti-strokovnjakov\/dojenje\/vzroki-za-bolecine-pri-dojenju\/#breadcrumb"},"inLanguage":"sl-SI","potentialAction":[{"@type":"ReadAction","target":["https:\/\/multi-mam.com\/si\/nasveti-strokovnjakov\/dojenje\/vzroki-za-bolecine-pri-dojenju\/"]}]},{"@type":"BreadcrumbList","@id":"https:\/\/multi-mam.com\/si\/nasveti-strokovnjakov\/dojenje\/vzroki-za-bolecine-pri-dojenju\/#breadcrumb","itemListElement":[{"@type":"ListItem","position":1,"name":"Home","item":"https:\/\/multi-mam.com\/si\/"},{"@type":"ListItem","position":2,"name":"Nasveti strokovnjakov","item":"https:\/\/multi-mam.com\/si\/nasveti-strokovnjakov\/"},{"@type":"ListItem","position":3,"name":"Dojenje","item":"https:\/\/multi-mam.com\/si\/nasveti-strokovnjakov\/dojenje\/"},{"@type":"ListItem","position":4,"name":"Vzroki za bole\u010dine pri dojenju"}]},{"@type":"WebSite","@id":"https:\/\/multi-mam.com\/si\/#website","url":"https:\/\/multi-mam.com\/si\/","name":"Multi-Mam","description":"","publisher":{"@id":"https:\/\/multi-mam.com\/si\/#organization"},"potentialAction":[{"@type":"SearchAction","target":{"@type":"EntryPoint","urlTemplate":"https:\/\/multi-mam.com\/si\/?s={search_term_string}"},"query-input":{"@type":"PropertyValueSpecification","valueRequired":true,"valueName":"search_term_string"}}],"inLanguage":"sl-SI"},{"@type":"Organization","@id":"https:\/\/multi-mam.com\/si\/#organization","name":"Multi-Mam","url":"https:\/\/multi-mam.com\/si\/","logo":{"@type":"ImageObject","inLanguage":"sl-SI","@id":"https:\/\/multi-mam.com\/si\/#\/schema\/logo\/image\/","url":"https:\/\/multi-mam.com\/app\/uploads\/sites\/30\/2023\/06\/multi-mam-logotype.png","contentUrl":"https:\/\/multi-mam.com\/app\/uploads\/sites\/30\/2023\/06\/multi-mam-logotype.png","width":70,"height":96,"caption":"Multi-Mam"},"image":{"@id":"https:\/\/multi-mam.com\/si\/#\/schema\/logo\/image\/"}}]}},"_links":{"self":[{"href":"https:\/\/multi-mam.com\/si\/wp-json\/wp\/v2\/pages\/116","targetHints":{"allow":["GET"]}}],"collection":[{"href":"https:\/\/multi-mam.com\/si\/wp-json\/wp\/v2\/pages"}],"about":[{"href":"https:\/\/multi-mam.com\/si\/wp-json\/wp\/v2\/types\/page"}],"author":[{"embeddable":true,"href":"https:\/\/multi-mam.com\/si\/wp-json\/wp\/v2\/users\/2"}],"replies":[{"embeddable":true,"href":"https:\/\/multi-mam.com\/si\/wp-json\/wp\/v2\/comments?post=116"}],"version-history":[{"count":3,"href":"https:\/\/multi-mam.com\/si\/wp-json\/wp\/v2\/pages\/116\/revisions"}],"predecessor-version":[{"id":179,"href":"https:\/\/multi-mam.com\/si\/wp-json\/wp\/v2\/pages\/116\/revisions\/179"}],"up":[{"embeddable":true,"href":"https:\/\/multi-mam.com\/si\/wp-json\/wp\/v2\/pages\/98"}],"wp:attachment":[{"href":"https:\/\/multi-mam.com\/si\/wp-json\/wp\/v2\/media?parent=116"}],"wp:term":[{"taxonomy":"from-article-database","embeddable":true,"href":"https:\/\/multi-mam.com\/si\/wp-json\/wp\/v2\/from-article-database?post=116"}],"curies":[{"name":"wp","href":"https:\/\/api.w.org\/{rel}","templated":true}]}}