{"id":108,"date":"2023-07-05T08:42:20","date_gmt":"2023-07-05T06:42:20","guid":{"rendered":"https:\/\/multi-mam.com\/si\/?page_id=108"},"modified":"2023-09-06T15:29:24","modified_gmt":"2023-09-06T13:29:24","slug":"kako-povecati-oskrbo-materinega-mleka","status":"publish","type":"page","link":"https:\/\/multi-mam.com\/si\/nasveti-strokovnjakov\/dojenje\/kako-povecati-oskrbo-materinega-mleka\/","title":{"rendered":"Kako pove\u010dati oskrbo materinega mleka"},"content":{"rendered":"\n<div class=\"wp-block-karopharma-free-text pt-large pb-large bg-center bg-cover bg-no-repeat  is-style-primary\" style=\"background-image:url()\"><div class=\"free-text-wrapper container max-w-medium text-left\">\n<h1 class=\"is-style-heading-huge wp-block-heading\">Na\u010din prehrane pri dojenju<\/h1>\n\n\n\n<p class=\"is-style-paragraph-preamble\">Ali niste sigurni, da proizvedete zadostno koli\u010dino materinega mleka? \u0160e posebej, \u010de se po\u010dutite preobremenjeno in utrujeno in se zdi, da va\u0161 dojen\u010dek ve\u010d ne preneha jokati. V takem primeru dvomite vase. To povzro\u010di veri\u017eno reakcijo. \u017de tako ste v stresu in se po\u010dutite utrujeno ter vas pri\u010denja skrbeti, da va\u0161 dojen\u010dek ni zadovoljen. To pove\u010duje zaskrbljenost in stres, kar lahko posledi\u010dno vpliva na produkcijo materinega mleka. Zavedamo se, da je prvih nekaj mesecev z va\u0161im dojen\u010dkom najdragocenej\u0161ih. \u017delimo vam na najudobnej\u0161i na\u010din pomagati pri va\u0161i izku\u0161nji, zato prosimo, da berete naprej.<\/p>\n<\/div><\/div>\n\n\n\n<div class=\"wp-block-karopharma-free-text pt-large pb-large bg-center bg-cover bg-no-repeat\" style=\"background-image:url()\"><div class=\"free-text-wrapper container max-w-medium text-left\">\n<h2 class=\"is-style-heading-h2 wp-block-heading\">Kdaj je va\u0161a oskrba materinega mlega prenizka<\/h2>\n\n\n\n<p>\u010ce va\u0161 dojen\u010dek pridobiva na te\u017ei in je samo dojen, potem je va\u0161a oskrba z materinim mlekom zadostna. Na drugi strani pa, \u010de je va\u0161 dojen\u010dek zelo zaspan in potrebuje pomo\u010d pri bujenju, \u010de izgublja te\u017eo in ima neredno odvajanje, je pametno, da opazujete, ali va\u0161 dojen\u010dek dobi zadostno koli\u010dino materinega mleka.<\/p>\n\n\n\n<p>Stres je lahko eden izmed faktorjev, ki vpliva na produkcijo va\u0161ega materinega mleka in povzro\u010di, da je prenizka. Kot novope\u010dena mamica morate prebaviti veliko novih stvari. Bodite potrpe\u017eljivi s seboj in z va\u0161im dojen\u010dkom. Ko se bo z napredovanjem dojenja pove\u010dalo tudi va\u0161e zaupanje, bo va\u0161 dojen\u010dek napredoval in oba bosta sre\u010dna. Na splo\u0161no so mamice mnogo bolj spro\u0161\u010dene s svojim drugim otrokom. Na va\u0161o oskrbo z materinim mlekom lahko vpliva tudi utrujenost.<\/p>\n\n\n\n<h2 class=\"is-style-heading-h2 wp-block-heading\">Kako pove\u010dati koli\u010dino materinega mleka<\/h2>\n\n\n\n<p>Pomembno vpra\u0161anje je, kako se je med meseci dojenja potrebno prehranjevati, da bi to zagotovilo dobro oskrbo materinega mleka. Karkoli boste jedli po porodu in v \u010dasu dojenja, bo neposredno vplivalo na koli\u010dino produkcije materinega mleka ter bo vplivalo na va\u0161ega dojen\u010dka. Eden od najbolj\u0161ih na\u010dinov, da pove\u010date koli\u010dino oskrbe materinega mleka, je, da dejansko nadaljujete z dojenjem. To bo stimuliralo \u017eiv\u010devje in pomagalo pri produkciji ve\u010dje koli\u010dine materinega mleka v dojki. Medtem ko se va\u0161 dojen\u010dek hrani, va\u0161e telo po\u0161ilja signale za pove\u010danje produkcije materinega mleka.<\/p>\n\n\n\n<p>Klju\u010dno za pove\u010danje produkcije materinega mleka je, da si redno \u010drpate mleko iz dojk in da se manj mleka kopi\u010di med posameznimi hranjenji. Svetujemo vam:<\/p>\n\n\n\n<ul class=\"is-style-default wp-block-list\"><li>Da dojite pogosto in u\u010dinkovito in to po\u010dnete vsaki dve uri.<\/li><li>Da dojen\u010dka ustrezno namestite tako, da se oba po\u010dutita udobno.<\/li><li>Da si vzamete \u010das in izberete primeren prostor, ki ga va\u0161 dojen\u010dek potrebuje za dojenje.<\/li><li>\u010ce je mogo\u010de, nekaj dni ne po\u010dnite ni\u010desar drugega kot to, da skrbite za vas in za va\u0161ega dojen\u010dka.<\/li><li>Vsaki\u010d, ko dojite, menjajte stran, saj imamo vsi najljub\u0161o stran; ne pozabite zamenjati strani.<\/li><li>Druga stvar, ki se je lahko spomnite, je, da k va\u0161i prehrani dodate \u017eivila, ki pospe\u0161ujejo produkcijo materinega mleka. Posku\u0161ajte se hraniti \u010dim bolj zdravo in izberite jedi, ki so enostavne za pripravo ter vam prihranijo \u010das.<\/li><li>Med dojenjem boste porabili veliko kalorij. Ne pozabite, da je pomembno, da u\u017eivate hrano redno in v zadostni koli\u010dini. Da bi lahko nahranili dojen\u010dka, morate sami zau\u017eiti zadostno koli\u010dino hrane.<\/li><\/ul>\n\n\n\n<h2 class=\"is-style-heading-h2 wp-block-heading\">Izstopite iz za\u010daranega kroga<\/h2>\n\n\n\n<p>Novope\u010dene mamice se pogosto spopadajo z dojenjem. Niste edini in zagotovo niste neuspe\u0161ni. Dojenje ne sme biti bole\u010de in to je odvisno od tega, kako dojen\u010dka namestite na dojko. Prosimo, da se posvetujete s svojim svetovalcem za dojenje ali pa s svojo babico. Laktacija je povezana s hormoni. V primeru, da boste v stresu ali pa boste \u010dutili celo tesnobnost, bo va\u0161e telo proizvajalo adrenalin, ki bo posledi\u010dno prevladal hormon prolaktin. To lahko upo\u010dasni va\u0161o produkcijo materinega mleka.<\/p>\n\n\n\n<p>V primeru, da dojite, morate v toku dneva zau\u017eiti zadostno koli\u010dino teko\u010dine. Dokler bo va\u0161e telo dovolj hidrirano, bo pomagalo pri produkciji materinega mleka. <a href=\"http:\/\/Laktacija\">Mislite na vodo, zeli\u0161\u010dne \u010daje in na koroma\u010dev \u010daj<\/a>. Dobro pravilo preko palca je, da vedno popijete kozarec teko\u010dine, preden pri\u010dnete s hranjenjem va\u0161ega dojen\u010dka. Ne \u010dakajte do trenutka, ko boste za\u010dutili \u017eejo, kajti to je zadnji korak va\u0161ega telesa, da vam sporo\u010di, da ste dehidrirani.<\/p>\n\n\n\n<p>Naj vas ne bo strah vpra\u0161ati druge mamice za nasvet. Morda vpra\u0161ate va\u0161o mamo ali sestro ali mamico 3 otrok ali pa najbolj\u0161o prijateljico, katere fantek dobro napreduje. Z veseljem vam bodo v podporo kot mladi mamici, ki jo skrbijo njene ve\u0161\u010dine dojenja. Ali pa odkrijte ve\u010d nasvetov strokovnjakov glede dojenja da bi vam in va\u0161emu dojen\u010dku olaj\u0161ali \u017eivljenje v \u010dasu dojenja.<\/p>\n<\/div><\/div>\n","protected":false},"excerpt":{"rendered":"","protected":false},"author":2,"featured_media":0,"parent":98,"menu_order":2,"comment_status":"closed","ping_status":"closed","template":"","meta":{"_acf_changed":false,"footnotes":""},"from-article-database":[],"class_list":["post-108","page","type-page","status-publish","hentry"],"acf":[],"yoast_head":"<!-- This site is optimized with the Yoast SEO plugin v26.6 - https:\/\/yoast.com\/wordpress\/plugins\/seo\/ -->\n<title>Kako pove\u010dati oskrbo materinega mleka - Multi-Mam<\/title>\n<meta name=\"description\" content=\"Ali niste sigurni, da proizvedete zadostno koli\u010dino materinega mleka? \u0160e posebej, \u010de se po\u010dutite preobremenjeno in utrujeno in se zdi, da va\u0161 dojen\u010dek ve\u010d ne preneha jokati.\" \/>\n<meta name=\"robots\" content=\"index, follow, max-snippet:-1, max-image-preview:large, max-video-preview:-1\" \/>\n<link rel=\"canonical\" href=\"https:\/\/multi-mam.com\/si\/nasveti-strokovnjakov\/dojenje\/kako-povecati-oskrbo-materinega-mleka\/\" \/>\n<meta property=\"og:locale\" content=\"sl_SI\" \/>\n<meta property=\"og:type\" content=\"article\" \/>\n<meta property=\"og:title\" content=\"Kako pove\u010dati oskrbo materinega mleka - Multi-Mam\" \/>\n<meta property=\"og:description\" content=\"Ali niste sigurni, da proizvedete zadostno koli\u010dino materinega mleka? \u0160e posebej, \u010de se po\u010dutite preobremenjeno in utrujeno in se zdi, da va\u0161 dojen\u010dek ve\u010d ne preneha jokati.\" \/>\n<meta property=\"og:url\" content=\"https:\/\/multi-mam.com\/si\/nasveti-strokovnjakov\/dojenje\/kako-povecati-oskrbo-materinega-mleka\/\" \/>\n<meta property=\"og:site_name\" content=\"Multi-Mam\" \/>\n<meta property=\"article:modified_time\" content=\"2023-09-06T13:29:24+00:00\" \/>\n<meta name=\"twitter:card\" content=\"summary_large_image\" \/>\n<meta name=\"twitter:label1\" content=\"Est. reading time\" \/>\n\t<meta name=\"twitter:data1\" content=\"4 minutes\" \/>\n<script type=\"application\/ld+json\" class=\"yoast-schema-graph\">{\"@context\":\"https:\/\/schema.org\",\"@graph\":[{\"@type\":\"WebPage\",\"@id\":\"https:\/\/multi-mam.com\/si\/nasveti-strokovnjakov\/dojenje\/kako-povecati-oskrbo-materinega-mleka\/\",\"url\":\"https:\/\/multi-mam.com\/si\/nasveti-strokovnjakov\/dojenje\/kako-povecati-oskrbo-materinega-mleka\/\",\"name\":\"Kako pove\u010dati oskrbo materinega mleka - Multi-Mam\",\"isPartOf\":{\"@id\":\"https:\/\/multi-mam.com\/si\/#website\"},\"datePublished\":\"2023-07-05T06:42:20+00:00\",\"dateModified\":\"2023-09-06T13:29:24+00:00\",\"description\":\"Ali niste sigurni, da proizvedete zadostno koli\u010dino materinega mleka? \u0160e posebej, \u010de se po\u010dutite preobremenjeno in utrujeno in se zdi, da va\u0161 dojen\u010dek ve\u010d ne preneha jokati.\",\"breadcrumb\":{\"@id\":\"https:\/\/multi-mam.com\/si\/nasveti-strokovnjakov\/dojenje\/kako-povecati-oskrbo-materinega-mleka\/#breadcrumb\"},\"inLanguage\":\"sl-SI\",\"potentialAction\":[{\"@type\":\"ReadAction\",\"target\":[\"https:\/\/multi-mam.com\/si\/nasveti-strokovnjakov\/dojenje\/kako-povecati-oskrbo-materinega-mleka\/\"]}]},{\"@type\":\"BreadcrumbList\",\"@id\":\"https:\/\/multi-mam.com\/si\/nasveti-strokovnjakov\/dojenje\/kako-povecati-oskrbo-materinega-mleka\/#breadcrumb\",\"itemListElement\":[{\"@type\":\"ListItem\",\"position\":1,\"name\":\"Home\",\"item\":\"https:\/\/multi-mam.com\/si\/\"},{\"@type\":\"ListItem\",\"position\":2,\"name\":\"Nasveti strokovnjakov\",\"item\":\"https:\/\/multi-mam.com\/si\/nasveti-strokovnjakov\/\"},{\"@type\":\"ListItem\",\"position\":3,\"name\":\"Dojenje\",\"item\":\"https:\/\/multi-mam.com\/si\/nasveti-strokovnjakov\/dojenje\/\"},{\"@type\":\"ListItem\",\"position\":4,\"name\":\"Kako pove\u010dati oskrbo materinega mleka\"}]},{\"@type\":\"WebSite\",\"@id\":\"https:\/\/multi-mam.com\/si\/#website\",\"url\":\"https:\/\/multi-mam.com\/si\/\",\"name\":\"Multi-Mam\",\"description\":\"\",\"publisher\":{\"@id\":\"https:\/\/multi-mam.com\/si\/#organization\"},\"potentialAction\":[{\"@type\":\"SearchAction\",\"target\":{\"@type\":\"EntryPoint\",\"urlTemplate\":\"https:\/\/multi-mam.com\/si\/?s={search_term_string}\"},\"query-input\":{\"@type\":\"PropertyValueSpecification\",\"valueRequired\":true,\"valueName\":\"search_term_string\"}}],\"inLanguage\":\"sl-SI\"},{\"@type\":\"Organization\",\"@id\":\"https:\/\/multi-mam.com\/si\/#organization\",\"name\":\"Multi-Mam\",\"url\":\"https:\/\/multi-mam.com\/si\/\",\"logo\":{\"@type\":\"ImageObject\",\"inLanguage\":\"sl-SI\",\"@id\":\"https:\/\/multi-mam.com\/si\/#\/schema\/logo\/image\/\",\"url\":\"https:\/\/multi-mam.com\/app\/uploads\/sites\/30\/2023\/06\/multi-mam-logotype.png\",\"contentUrl\":\"https:\/\/multi-mam.com\/app\/uploads\/sites\/30\/2023\/06\/multi-mam-logotype.png\",\"width\":70,\"height\":96,\"caption\":\"Multi-Mam\"},\"image\":{\"@id\":\"https:\/\/multi-mam.com\/si\/#\/schema\/logo\/image\/\"}}]}<\/script>\n<!-- \/ Yoast SEO plugin. -->","yoast_head_json":{"title":"Kako pove\u010dati oskrbo materinega mleka - Multi-Mam","description":"Ali niste sigurni, da proizvedete zadostno koli\u010dino materinega mleka? \u0160e posebej, \u010de se po\u010dutite preobremenjeno in utrujeno in se zdi, da va\u0161 dojen\u010dek ve\u010d ne preneha jokati.","robots":{"index":"index","follow":"follow","max-snippet":"max-snippet:-1","max-image-preview":"max-image-preview:large","max-video-preview":"max-video-preview:-1"},"canonical":"https:\/\/multi-mam.com\/si\/nasveti-strokovnjakov\/dojenje\/kako-povecati-oskrbo-materinega-mleka\/","og_locale":"sl_SI","og_type":"article","og_title":"Kako pove\u010dati oskrbo materinega mleka - Multi-Mam","og_description":"Ali niste sigurni, da proizvedete zadostno koli\u010dino materinega mleka? \u0160e posebej, \u010de se po\u010dutite preobremenjeno in utrujeno in se zdi, da va\u0161 dojen\u010dek ve\u010d ne preneha jokati.","og_url":"https:\/\/multi-mam.com\/si\/nasveti-strokovnjakov\/dojenje\/kako-povecati-oskrbo-materinega-mleka\/","og_site_name":"Multi-Mam","article_modified_time":"2023-09-06T13:29:24+00:00","twitter_card":"summary_large_image","twitter_misc":{"Est. reading time":"4 minutes"},"schema":{"@context":"https:\/\/schema.org","@graph":[{"@type":"WebPage","@id":"https:\/\/multi-mam.com\/si\/nasveti-strokovnjakov\/dojenje\/kako-povecati-oskrbo-materinega-mleka\/","url":"https:\/\/multi-mam.com\/si\/nasveti-strokovnjakov\/dojenje\/kako-povecati-oskrbo-materinega-mleka\/","name":"Kako pove\u010dati oskrbo materinega mleka - Multi-Mam","isPartOf":{"@id":"https:\/\/multi-mam.com\/si\/#website"},"datePublished":"2023-07-05T06:42:20+00:00","dateModified":"2023-09-06T13:29:24+00:00","description":"Ali niste sigurni, da proizvedete zadostno koli\u010dino materinega mleka? \u0160e posebej, \u010de se po\u010dutite preobremenjeno in utrujeno in se zdi, da va\u0161 dojen\u010dek ve\u010d ne preneha jokati.","breadcrumb":{"@id":"https:\/\/multi-mam.com\/si\/nasveti-strokovnjakov\/dojenje\/kako-povecati-oskrbo-materinega-mleka\/#breadcrumb"},"inLanguage":"sl-SI","potentialAction":[{"@type":"ReadAction","target":["https:\/\/multi-mam.com\/si\/nasveti-strokovnjakov\/dojenje\/kako-povecati-oskrbo-materinega-mleka\/"]}]},{"@type":"BreadcrumbList","@id":"https:\/\/multi-mam.com\/si\/nasveti-strokovnjakov\/dojenje\/kako-povecati-oskrbo-materinega-mleka\/#breadcrumb","itemListElement":[{"@type":"ListItem","position":1,"name":"Home","item":"https:\/\/multi-mam.com\/si\/"},{"@type":"ListItem","position":2,"name":"Nasveti strokovnjakov","item":"https:\/\/multi-mam.com\/si\/nasveti-strokovnjakov\/"},{"@type":"ListItem","position":3,"name":"Dojenje","item":"https:\/\/multi-mam.com\/si\/nasveti-strokovnjakov\/dojenje\/"},{"@type":"ListItem","position":4,"name":"Kako pove\u010dati oskrbo materinega mleka"}]},{"@type":"WebSite","@id":"https:\/\/multi-mam.com\/si\/#website","url":"https:\/\/multi-mam.com\/si\/","name":"Multi-Mam","description":"","publisher":{"@id":"https:\/\/multi-mam.com\/si\/#organization"},"potentialAction":[{"@type":"SearchAction","target":{"@type":"EntryPoint","urlTemplate":"https:\/\/multi-mam.com\/si\/?s={search_term_string}"},"query-input":{"@type":"PropertyValueSpecification","valueRequired":true,"valueName":"search_term_string"}}],"inLanguage":"sl-SI"},{"@type":"Organization","@id":"https:\/\/multi-mam.com\/si\/#organization","name":"Multi-Mam","url":"https:\/\/multi-mam.com\/si\/","logo":{"@type":"ImageObject","inLanguage":"sl-SI","@id":"https:\/\/multi-mam.com\/si\/#\/schema\/logo\/image\/","url":"https:\/\/multi-mam.com\/app\/uploads\/sites\/30\/2023\/06\/multi-mam-logotype.png","contentUrl":"https:\/\/multi-mam.com\/app\/uploads\/sites\/30\/2023\/06\/multi-mam-logotype.png","width":70,"height":96,"caption":"Multi-Mam"},"image":{"@id":"https:\/\/multi-mam.com\/si\/#\/schema\/logo\/image\/"}}]}},"_links":{"self":[{"href":"https:\/\/multi-mam.com\/si\/wp-json\/wp\/v2\/pages\/108","targetHints":{"allow":["GET"]}}],"collection":[{"href":"https:\/\/multi-mam.com\/si\/wp-json\/wp\/v2\/pages"}],"about":[{"href":"https:\/\/multi-mam.com\/si\/wp-json\/wp\/v2\/types\/page"}],"author":[{"embeddable":true,"href":"https:\/\/multi-mam.com\/si\/wp-json\/wp\/v2\/users\/2"}],"replies":[{"embeddable":true,"href":"https:\/\/multi-mam.com\/si\/wp-json\/wp\/v2\/comments?post=108"}],"version-history":[{"count":4,"href":"https:\/\/multi-mam.com\/si\/wp-json\/wp\/v2\/pages\/108\/revisions"}],"predecessor-version":[{"id":155,"href":"https:\/\/multi-mam.com\/si\/wp-json\/wp\/v2\/pages\/108\/revisions\/155"}],"up":[{"embeddable":true,"href":"https:\/\/multi-mam.com\/si\/wp-json\/wp\/v2\/pages\/98"}],"wp:attachment":[{"href":"https:\/\/multi-mam.com\/si\/wp-json\/wp\/v2\/media?parent=108"}],"wp:term":[{"taxonomy":"from-article-database","embeddable":true,"href":"https:\/\/multi-mam.com\/si\/wp-json\/wp\/v2\/from-article-database?post=108"}],"curies":[{"name":"wp","href":"https:\/\/api.w.org\/{rel}","templated":true}]}}