{"id":70,"date":"2022-06-20T11:06:59","date_gmt":"2022-06-20T09:06:59","guid":{"rendered":"https:\/\/multi-mam.com\/se\/?post_type=product&#038;p=70"},"modified":"2023-06-26T15:27:39","modified_gmt":"2023-06-26T13:27:39","slug":"multi-mam-babydent","status":"publish","type":"product","link":"https:\/\/multi-mam.com\/se\/produkt\/multi-mam-babydent\/","title":{"rendered":"Multi-Mam\u00ae BabyDent"},"content":{"rendered":"\n<div class=\"wp-block-karopharma-accordions is-style-secondary\"><div class=\"container\">\n<details class=\"wp-block-karopharma-accordion\"><summary><h2 class=\"accordion-title\">Hur ofta kan jag anv\u00e4nda gel\u00e9n till min bebis?<\/h2><\/summary><div class=\"accordion-content\">\n<p>S\u00e5 ofta du vill \u2013 n\u00e4r lugnande effekten beh\u00f6vs.<\/p>\n<\/div><\/details>\n\n\n\n<details class=\"wp-block-karopharma-accordion\"><summary><h2 class=\"accordion-title\">Min bebis har svalt en hel del av gel\u00e9n, \u00e4r det skadligt?<\/h2><\/summary><div class=\"accordion-content\">\n<p>Nej, det \u00e4r ofarligt om din bebis sv\u00e4ljer gel\u00e9n.<\/p>\n<\/div><\/details>\n\n\n\n<details class=\"wp-block-karopharma-accordion\"><summary><h2 class=\"accordion-title\">Gel\u00e9n glider av fingret, hur ska jag applicera det p\u00e5 mitt barns tandk\u00f6tt?<\/h2><\/summary><div class=\"accordion-content\">\n<p>L\u00e4gg lite gel direkt p\u00e5 en napp eller tandring som kommer i kontakt med tandk\u00f6ttet.<\/p>\n<\/div><\/details>\n<\/div><\/div>\n","protected":false},"excerpt":{"rendered":"<p>Lugnande gel f\u00f6r barn som f\u00e5r t\u00e4nder<\/p>\n","protected":false},"featured_media":115,"comment_status":"closed","ping_status":"closed","template":"","meta":{"_acf_changed":false,"footnotes":""},"product_brand":[],"product_cat":[20],"product_tag":[],"class_list":{"0":"post-70","1":"product","2":"type-product","3":"status-publish","4":"has-post-thumbnail","6":"product_cat-tandsprickning","8":"first","9":"instock","10":"shipping-taxable","11":"product-type-simple"},"acf":[],"yoast_head":"<!-- This site is optimized with the Yoast SEO plugin v26.6 - https:\/\/yoast.com\/wordpress\/plugins\/seo\/ -->\n<title>Multi-Mam\u00ae BabyDent - Multi-Mam<\/title>\n<meta name=\"description\" content=\"Multi-Mam BabyDent \u00e4r en gel som bildar ett mjukt lugnande skikt \u00f6ver det drabbade tandk\u00f6ttet och minskar irritation orsakad av tandsprickning.\" \/>\n<meta name=\"robots\" content=\"index, follow, max-snippet:-1, max-image-preview:large, max-video-preview:-1\" \/>\n<link rel=\"canonical\" href=\"https:\/\/multi-mam.com\/se\/produkt\/multi-mam-babydent\/\" \/>\n<meta property=\"og:locale\" content=\"sv_SE\" \/>\n<meta property=\"og:type\" content=\"article\" \/>\n<meta property=\"og:title\" content=\"Multi-Mam\u00ae BabyDent - Multi-Mam\" \/>\n<meta property=\"og:description\" content=\"Multi-Mam BabyDent \u00e4r en gel som bildar ett mjukt lugnande skikt \u00f6ver det drabbade tandk\u00f6ttet och minskar irritation orsakad av tandsprickning.\" \/>\n<meta property=\"og:url\" content=\"https:\/\/multi-mam.com\/se\/produkt\/multi-mam-babydent\/\" \/>\n<meta property=\"og:site_name\" content=\"Multi-Mam\" \/>\n<meta property=\"article:modified_time\" content=\"2023-06-26T13:27:39+00:00\" \/>\n<meta property=\"og:image\" content=\"https:\/\/multi-mam.com\/app\/uploads\/sites\/12\/2022\/06\/Multi-Mam-BabyDent.png\" \/>\n\t<meta property=\"og:image:width\" content=\"800\" \/>\n\t<meta property=\"og:image:height\" content=\"800\" \/>\n\t<meta property=\"og:image:type\" content=\"image\/png\" \/>\n<meta name=\"twitter:card\" content=\"summary_large_image\" \/>\n<meta name=\"twitter:label1\" content=\"Ber\u00e4knad l\u00e4stid\" \/>\n\t<meta name=\"twitter:data1\" content=\"1 minut\" \/>\n<script type=\"application\/ld+json\" class=\"yoast-schema-graph\">{\"@context\":\"https:\/\/schema.org\",\"@graph\":[{\"@type\":\"WebPage\",\"@id\":\"https:\/\/multi-mam.com\/se\/produkt\/multi-mam-babydent\/\",\"url\":\"https:\/\/multi-mam.com\/se\/produkt\/multi-mam-babydent\/\",\"name\":\"Multi-Mam\u00ae BabyDent - Multi-Mam\",\"isPartOf\":{\"@id\":\"https:\/\/multi-mam.com\/se\/#website\"},\"primaryImageOfPage\":{\"@id\":\"https:\/\/multi-mam.com\/se\/produkt\/multi-mam-babydent\/#primaryimage\"},\"image\":{\"@id\":\"https:\/\/multi-mam.com\/se\/produkt\/multi-mam-babydent\/#primaryimage\"},\"thumbnailUrl\":\"https:\/\/multi-mam.com\/app\/uploads\/sites\/12\/2022\/06\/Multi-Mam-BabyDent.png\",\"datePublished\":\"2022-06-20T09:06:59+00:00\",\"dateModified\":\"2023-06-26T13:27:39+00:00\",\"description\":\"Multi-Mam BabyDent \u00e4r en gel som bildar ett mjukt lugnande skikt \u00f6ver det drabbade tandk\u00f6ttet och minskar irritation orsakad av tandsprickning.\",\"breadcrumb\":{\"@id\":\"https:\/\/multi-mam.com\/se\/produkt\/multi-mam-babydent\/#breadcrumb\"},\"inLanguage\":\"sv-SE\",\"potentialAction\":[{\"@type\":\"ReadAction\",\"target\":[\"https:\/\/multi-mam.com\/se\/produkt\/multi-mam-babydent\/\"]}]},{\"@type\":\"ImageObject\",\"inLanguage\":\"sv-SE\",\"@id\":\"https:\/\/multi-mam.com\/se\/produkt\/multi-mam-babydent\/#primaryimage\",\"url\":\"https:\/\/multi-mam.com\/app\/uploads\/sites\/12\/2022\/06\/Multi-Mam-BabyDent.png\",\"contentUrl\":\"https:\/\/multi-mam.com\/app\/uploads\/sites\/12\/2022\/06\/Multi-Mam-BabyDent.png\",\"width\":800,\"height\":800,\"caption\":\"Multi-Mam BabyDent\"},{\"@type\":\"BreadcrumbList\",\"@id\":\"https:\/\/multi-mam.com\/se\/produkt\/multi-mam-babydent\/#breadcrumb\",\"itemListElement\":[{\"@type\":\"ListItem\",\"position\":1,\"name\":\"Home\",\"item\":\"https:\/\/multi-mam.com\/se\/\"},{\"@type\":\"ListItem\",\"position\":2,\"name\":\"Produkter\",\"item\":\"https:\/\/multi-mam.com\/se\/produkter\/\"},{\"@type\":\"ListItem\",\"position\":3,\"name\":\"Multi-Mam\u00ae BabyDent\"}]},{\"@type\":\"WebSite\",\"@id\":\"https:\/\/multi-mam.com\/se\/#website\",\"url\":\"https:\/\/multi-mam.com\/se\/\",\"name\":\"Multi-Mam\",\"description\":\"\",\"publisher\":{\"@id\":\"https:\/\/multi-mam.com\/se\/#organization\"},\"potentialAction\":[{\"@type\":\"SearchAction\",\"target\":{\"@type\":\"EntryPoint\",\"urlTemplate\":\"https:\/\/multi-mam.com\/se\/?s={search_term_string}\"},\"query-input\":{\"@type\":\"PropertyValueSpecification\",\"valueRequired\":true,\"valueName\":\"search_term_string\"}}],\"inLanguage\":\"sv-SE\"},{\"@type\":\"Organization\",\"@id\":\"https:\/\/multi-mam.com\/se\/#organization\",\"name\":\"Multi-Mam\",\"url\":\"https:\/\/multi-mam.com\/se\/\",\"logo\":{\"@type\":\"ImageObject\",\"inLanguage\":\"sv-SE\",\"@id\":\"https:\/\/multi-mam.com\/se\/#\/schema\/logo\/image\/\",\"url\":\"https:\/\/multi-mam.com\/app\/uploads\/sites\/12\/2022\/06\/multi-mam-logotype.png\",\"contentUrl\":\"https:\/\/multi-mam.com\/app\/uploads\/sites\/12\/2022\/06\/multi-mam-logotype.png\",\"width\":70,\"height\":96,\"caption\":\"Multi-Mam\"},\"image\":{\"@id\":\"https:\/\/multi-mam.com\/se\/#\/schema\/logo\/image\/\"}}]}<\/script>\n<!-- \/ Yoast SEO plugin. -->","yoast_head_json":{"title":"Multi-Mam\u00ae BabyDent - Multi-Mam","description":"Multi-Mam BabyDent \u00e4r en gel som bildar ett mjukt lugnande skikt \u00f6ver det drabbade tandk\u00f6ttet och minskar irritation orsakad av tandsprickning.","robots":{"index":"index","follow":"follow","max-snippet":"max-snippet:-1","max-image-preview":"max-image-preview:large","max-video-preview":"max-video-preview:-1"},"canonical":"https:\/\/multi-mam.com\/se\/produkt\/multi-mam-babydent\/","og_locale":"sv_SE","og_type":"article","og_title":"Multi-Mam\u00ae BabyDent - Multi-Mam","og_description":"Multi-Mam BabyDent \u00e4r en gel som bildar ett mjukt lugnande skikt \u00f6ver det drabbade tandk\u00f6ttet och minskar irritation orsakad av tandsprickning.","og_url":"https:\/\/multi-mam.com\/se\/produkt\/multi-mam-babydent\/","og_site_name":"Multi-Mam","article_modified_time":"2023-06-26T13:27:39+00:00","og_image":[{"width":800,"height":800,"url":"https:\/\/multi-mam.com\/app\/uploads\/sites\/12\/2022\/06\/Multi-Mam-BabyDent.png","type":"image\/png"}],"twitter_card":"summary_large_image","twitter_misc":{"Ber\u00e4knad l\u00e4stid":"1 minut"},"schema":{"@context":"https:\/\/schema.org","@graph":[{"@type":"WebPage","@id":"https:\/\/multi-mam.com\/se\/produkt\/multi-mam-babydent\/","url":"https:\/\/multi-mam.com\/se\/produkt\/multi-mam-babydent\/","name":"Multi-Mam\u00ae BabyDent - Multi-Mam","isPartOf":{"@id":"https:\/\/multi-mam.com\/se\/#website"},"primaryImageOfPage":{"@id":"https:\/\/multi-mam.com\/se\/produkt\/multi-mam-babydent\/#primaryimage"},"image":{"@id":"https:\/\/multi-mam.com\/se\/produkt\/multi-mam-babydent\/#primaryimage"},"thumbnailUrl":"https:\/\/multi-mam.com\/app\/uploads\/sites\/12\/2022\/06\/Multi-Mam-BabyDent.png","datePublished":"2022-06-20T09:06:59+00:00","dateModified":"2023-06-26T13:27:39+00:00","description":"Multi-Mam BabyDent \u00e4r en gel som bildar ett mjukt lugnande skikt \u00f6ver det drabbade tandk\u00f6ttet och minskar irritation orsakad av tandsprickning.","breadcrumb":{"@id":"https:\/\/multi-mam.com\/se\/produkt\/multi-mam-babydent\/#breadcrumb"},"inLanguage":"sv-SE","potentialAction":[{"@type":"ReadAction","target":["https:\/\/multi-mam.com\/se\/produkt\/multi-mam-babydent\/"]}]},{"@type":"ImageObject","inLanguage":"sv-SE","@id":"https:\/\/multi-mam.com\/se\/produkt\/multi-mam-babydent\/#primaryimage","url":"https:\/\/multi-mam.com\/app\/uploads\/sites\/12\/2022\/06\/Multi-Mam-BabyDent.png","contentUrl":"https:\/\/multi-mam.com\/app\/uploads\/sites\/12\/2022\/06\/Multi-Mam-BabyDent.png","width":800,"height":800,"caption":"Multi-Mam BabyDent"},{"@type":"BreadcrumbList","@id":"https:\/\/multi-mam.com\/se\/produkt\/multi-mam-babydent\/#breadcrumb","itemListElement":[{"@type":"ListItem","position":1,"name":"Home","item":"https:\/\/multi-mam.com\/se\/"},{"@type":"ListItem","position":2,"name":"Produkter","item":"https:\/\/multi-mam.com\/se\/produkter\/"},{"@type":"ListItem","position":3,"name":"Multi-Mam\u00ae BabyDent"}]},{"@type":"WebSite","@id":"https:\/\/multi-mam.com\/se\/#website","url":"https:\/\/multi-mam.com\/se\/","name":"Multi-Mam","description":"","publisher":{"@id":"https:\/\/multi-mam.com\/se\/#organization"},"potentialAction":[{"@type":"SearchAction","target":{"@type":"EntryPoint","urlTemplate":"https:\/\/multi-mam.com\/se\/?s={search_term_string}"},"query-input":{"@type":"PropertyValueSpecification","valueRequired":true,"valueName":"search_term_string"}}],"inLanguage":"sv-SE"},{"@type":"Organization","@id":"https:\/\/multi-mam.com\/se\/#organization","name":"Multi-Mam","url":"https:\/\/multi-mam.com\/se\/","logo":{"@type":"ImageObject","inLanguage":"sv-SE","@id":"https:\/\/multi-mam.com\/se\/#\/schema\/logo\/image\/","url":"https:\/\/multi-mam.com\/app\/uploads\/sites\/12\/2022\/06\/multi-mam-logotype.png","contentUrl":"https:\/\/multi-mam.com\/app\/uploads\/sites\/12\/2022\/06\/multi-mam-logotype.png","width":70,"height":96,"caption":"Multi-Mam"},"image":{"@id":"https:\/\/multi-mam.com\/se\/#\/schema\/logo\/image\/"}}]}},"_links":{"self":[{"href":"https:\/\/multi-mam.com\/se\/wp-json\/wp\/v2\/product\/70","targetHints":{"allow":["GET"]}}],"collection":[{"href":"https:\/\/multi-mam.com\/se\/wp-json\/wp\/v2\/product"}],"about":[{"href":"https:\/\/multi-mam.com\/se\/wp-json\/wp\/v2\/types\/product"}],"replies":[{"embeddable":true,"href":"https:\/\/multi-mam.com\/se\/wp-json\/wp\/v2\/comments?post=70"}],"version-history":[{"count":6,"href":"https:\/\/multi-mam.com\/se\/wp-json\/wp\/v2\/product\/70\/revisions"}],"predecessor-version":[{"id":112,"href":"https:\/\/multi-mam.com\/se\/wp-json\/wp\/v2\/product\/70\/revisions\/112"}],"wp:featuredmedia":[{"embeddable":true,"href":"https:\/\/multi-mam.com\/se\/wp-json\/wp\/v2\/media\/115"}],"wp:attachment":[{"href":"https:\/\/multi-mam.com\/se\/wp-json\/wp\/v2\/media?parent=70"}],"wp:term":[{"taxonomy":"product_brand","embeddable":true,"href":"https:\/\/multi-mam.com\/se\/wp-json\/wp\/v2\/product_brand?post=70"},{"taxonomy":"product_cat","embeddable":true,"href":"https:\/\/multi-mam.com\/se\/wp-json\/wp\/v2\/product_cat?post=70"},{"taxonomy":"product_tag","embeddable":true,"href":"https:\/\/multi-mam.com\/se\/wp-json\/wp\/v2\/product_tag?post=70"}],"curies":[{"name":"wp","href":"https:\/\/api.w.org\/{rel}","templated":true}]}}