{"id":66,"date":"2022-06-20T11:04:06","date_gmt":"2022-06-20T09:04:06","guid":{"rendered":"https:\/\/multi-mam.com\/se\/?post_type=product&#038;p=66"},"modified":"2025-09-30T09:49:00","modified_gmt":"2025-09-30T07:49:00","slug":"multi-mam-kompresser","status":"publish","type":"product","link":"https:\/\/multi-mam.com\/se\/produkt\/multi-mam-kompresser\/","title":{"rendered":"Multi-Mam\u00ae Kompresser"},"content":{"rendered":"\n<div class=\"wp-block-karopharma-accordions is-style-secondary\"><div class=\"container\">\n<details class=\"wp-block-karopharma-accordion\"><summary><h2 class=\"accordion-title\">Hur anv\u00e4nder jag Multi-Mam Kompresser?<\/h2><\/summary><div class=\"accordion-content\">\n<p>\u00d6ppna p\u00e5sen, vik ut kompressen och placera den gelimpregnerade sidan p\u00e5 den \u00f6mma br\u00f6stv\u00e5rtan. L\u00e5t kompressen vara p\u00e5 s\u00e5 l\u00e4nge som beh\u00f6vs. Se rekommenderade tider nedan.<\/p>\n<\/div><\/details>\n\n\n\n<details class=\"wp-block-karopharma-accordion\"><summary><h2 class=\"accordion-title\">N\u00e4r ska jag anv\u00e4nda Multi-Mam Kompress, f\u00f6re eller efter amning?<\/h2><\/summary><div class=\"accordion-content\">\n<p>Vi rekommenderar att du anv\u00e4nder en Multi-Mam Kompress direkt efter amning \u2013 om den anv\u00e4nds strax f\u00f6re amning kan fuktigheten g\u00f6ra det sv\u00e5rare f\u00f6r din baby att f\u00e5 grepp.<\/p>\n<\/div><\/details>\n\n\n\n<details class=\"wp-block-karopharma-accordion\"><summary><h2 class=\"accordion-title\">Hur l\u00e4nge ska jag ha en Multi-Mam Kompress p\u00e5 br\u00f6stv\u00e5rtan?<\/h2><\/summary><div class=\"accordion-content\">\n<p>Idealiskt i 30 minuter, men i minst 10 minuter och h\u00f6gst en timme.<\/p>\n<\/div><\/details>\n\n\n\n<details class=\"wp-block-karopharma-accordion\"><summary><h2 class=\"accordion-title\">Kan det vara skadligt om mitt barn sv\u00e4ljer en del av gel\u00e9n fr\u00e5n Multi-Mam Kompresser?<\/h2><\/summary><div class=\"accordion-content\">\n<p>Nej, gel\u00e9n \u00e4r s\u00e4ker f\u00f6r ditt barn. Du beh\u00f6ver inte ta bort \u00f6verfl\u00f6dig gel innan du ammar.<\/p>\n<\/div><\/details>\n<\/div><\/div>\n","protected":false},"excerpt":{"rendered":"<p>Skonsam v\u00e5rd f\u00f6r bekv\u00e4m amning<\/p>\n","protected":false},"featured_media":114,"comment_status":"closed","ping_status":"closed","template":"","meta":{"_acf_changed":false,"footnotes":""},"product_brand":[],"product_cat":[19],"product_tag":[],"class_list":{"0":"post-66","1":"product","2":"type-product","3":"status-publish","4":"has-post-thumbnail","6":"product_cat-amning","8":"first","9":"instock","10":"shipping-taxable","11":"product-type-simple"},"acf":[],"yoast_head":"<!-- This site is optimized with the Yoast SEO plugin v26.6 - https:\/\/yoast.com\/wordpress\/plugins\/seo\/ -->\n<title>Multi-Mam\u00ae Kompresser - Multi-Mam<\/title>\n<meta name=\"description\" content=\"Multi-Mam-kompresser \u00e4r s\u00e4rskilt utformade f\u00f6r att st\u00f6dja ammande m\u00f6drar genom att ge omedelbar svalkande lindring och lugnande komfort till k\u00e4nslig hud.\" \/>\n<meta name=\"robots\" content=\"index, follow, max-snippet:-1, max-image-preview:large, max-video-preview:-1\" \/>\n<link rel=\"canonical\" href=\"https:\/\/multi-mam.com\/se\/produkt\/multi-mam-kompresser\/\" \/>\n<meta property=\"og:locale\" content=\"sv_SE\" \/>\n<meta property=\"og:type\" content=\"article\" \/>\n<meta property=\"og:title\" content=\"Multi-Mam\u00ae Kompresser - Multi-Mam\" \/>\n<meta property=\"og:description\" content=\"Multi-Mam-kompresser \u00e4r s\u00e4rskilt utformade f\u00f6r att st\u00f6dja ammande m\u00f6drar genom att ge omedelbar svalkande lindring och lugnande komfort till k\u00e4nslig hud.\" \/>\n<meta property=\"og:url\" content=\"https:\/\/multi-mam.com\/se\/produkt\/multi-mam-kompresser\/\" \/>\n<meta property=\"og:site_name\" content=\"Multi-Mam\" \/>\n<meta property=\"article:modified_time\" content=\"2025-09-30T07:49:00+00:00\" \/>\n<meta property=\"og:image\" content=\"https:\/\/multi-mam.com\/app\/uploads\/sites\/12\/2022\/06\/MultiMam_Compresses1.png\" \/>\n\t<meta property=\"og:image:width\" content=\"800\" \/>\n\t<meta property=\"og:image:height\" content=\"800\" \/>\n\t<meta property=\"og:image:type\" content=\"image\/png\" \/>\n<meta name=\"twitter:card\" content=\"summary_large_image\" \/>\n<meta name=\"twitter:label1\" content=\"Ber\u00e4knad l\u00e4stid\" \/>\n\t<meta name=\"twitter:data1\" content=\"1 minut\" \/>\n<script type=\"application\/ld+json\" class=\"yoast-schema-graph\">{\"@context\":\"https:\/\/schema.org\",\"@graph\":[{\"@type\":\"WebPage\",\"@id\":\"https:\/\/multi-mam.com\/se\/produkt\/multi-mam-kompresser\/\",\"url\":\"https:\/\/multi-mam.com\/se\/produkt\/multi-mam-kompresser\/\",\"name\":\"Multi-Mam\u00ae Kompresser - Multi-Mam\",\"isPartOf\":{\"@id\":\"https:\/\/multi-mam.com\/se\/#website\"},\"primaryImageOfPage\":{\"@id\":\"https:\/\/multi-mam.com\/se\/produkt\/multi-mam-kompresser\/#primaryimage\"},\"image\":{\"@id\":\"https:\/\/multi-mam.com\/se\/produkt\/multi-mam-kompresser\/#primaryimage\"},\"thumbnailUrl\":\"https:\/\/multi-mam.com\/app\/uploads\/sites\/12\/2022\/06\/MultiMam_Compresses1.png\",\"datePublished\":\"2022-06-20T09:04:06+00:00\",\"dateModified\":\"2025-09-30T07:49:00+00:00\",\"description\":\"Multi-Mam-kompresser \u00e4r s\u00e4rskilt utformade f\u00f6r att st\u00f6dja ammande m\u00f6drar genom att ge omedelbar svalkande lindring och lugnande komfort till k\u00e4nslig hud.\",\"breadcrumb\":{\"@id\":\"https:\/\/multi-mam.com\/se\/produkt\/multi-mam-kompresser\/#breadcrumb\"},\"inLanguage\":\"sv-SE\",\"potentialAction\":[{\"@type\":\"ReadAction\",\"target\":[\"https:\/\/multi-mam.com\/se\/produkt\/multi-mam-kompresser\/\"]}]},{\"@type\":\"ImageObject\",\"inLanguage\":\"sv-SE\",\"@id\":\"https:\/\/multi-mam.com\/se\/produkt\/multi-mam-kompresser\/#primaryimage\",\"url\":\"https:\/\/multi-mam.com\/app\/uploads\/sites\/12\/2022\/06\/MultiMam_Compresses1.png\",\"contentUrl\":\"https:\/\/multi-mam.com\/app\/uploads\/sites\/12\/2022\/06\/MultiMam_Compresses1.png\",\"width\":800,\"height\":800,\"caption\":\"Multi-Mam Kompresser\"},{\"@type\":\"BreadcrumbList\",\"@id\":\"https:\/\/multi-mam.com\/se\/produkt\/multi-mam-kompresser\/#breadcrumb\",\"itemListElement\":[{\"@type\":\"ListItem\",\"position\":1,\"name\":\"Home\",\"item\":\"https:\/\/multi-mam.com\/se\/\"},{\"@type\":\"ListItem\",\"position\":2,\"name\":\"Produkter\",\"item\":\"https:\/\/multi-mam.com\/se\/produkter\/\"},{\"@type\":\"ListItem\",\"position\":3,\"name\":\"Multi-Mam\u00ae Kompresser\"}]},{\"@type\":\"WebSite\",\"@id\":\"https:\/\/multi-mam.com\/se\/#website\",\"url\":\"https:\/\/multi-mam.com\/se\/\",\"name\":\"Multi-Mam\",\"description\":\"\",\"publisher\":{\"@id\":\"https:\/\/multi-mam.com\/se\/#organization\"},\"potentialAction\":[{\"@type\":\"SearchAction\",\"target\":{\"@type\":\"EntryPoint\",\"urlTemplate\":\"https:\/\/multi-mam.com\/se\/?s={search_term_string}\"},\"query-input\":{\"@type\":\"PropertyValueSpecification\",\"valueRequired\":true,\"valueName\":\"search_term_string\"}}],\"inLanguage\":\"sv-SE\"},{\"@type\":\"Organization\",\"@id\":\"https:\/\/multi-mam.com\/se\/#organization\",\"name\":\"Multi-Mam\",\"url\":\"https:\/\/multi-mam.com\/se\/\",\"logo\":{\"@type\":\"ImageObject\",\"inLanguage\":\"sv-SE\",\"@id\":\"https:\/\/multi-mam.com\/se\/#\/schema\/logo\/image\/\",\"url\":\"https:\/\/multi-mam.com\/app\/uploads\/sites\/12\/2022\/06\/multi-mam-logotype.png\",\"contentUrl\":\"https:\/\/multi-mam.com\/app\/uploads\/sites\/12\/2022\/06\/multi-mam-logotype.png\",\"width\":70,\"height\":96,\"caption\":\"Multi-Mam\"},\"image\":{\"@id\":\"https:\/\/multi-mam.com\/se\/#\/schema\/logo\/image\/\"}}]}<\/script>\n<!-- \/ Yoast SEO plugin. -->","yoast_head_json":{"title":"Multi-Mam\u00ae Kompresser - Multi-Mam","description":"Multi-Mam-kompresser \u00e4r s\u00e4rskilt utformade f\u00f6r att st\u00f6dja ammande m\u00f6drar genom att ge omedelbar svalkande lindring och lugnande komfort till k\u00e4nslig hud.","robots":{"index":"index","follow":"follow","max-snippet":"max-snippet:-1","max-image-preview":"max-image-preview:large","max-video-preview":"max-video-preview:-1"},"canonical":"https:\/\/multi-mam.com\/se\/produkt\/multi-mam-kompresser\/","og_locale":"sv_SE","og_type":"article","og_title":"Multi-Mam\u00ae Kompresser - Multi-Mam","og_description":"Multi-Mam-kompresser \u00e4r s\u00e4rskilt utformade f\u00f6r att st\u00f6dja ammande m\u00f6drar genom att ge omedelbar svalkande lindring och lugnande komfort till k\u00e4nslig hud.","og_url":"https:\/\/multi-mam.com\/se\/produkt\/multi-mam-kompresser\/","og_site_name":"Multi-Mam","article_modified_time":"2025-09-30T07:49:00+00:00","og_image":[{"width":800,"height":800,"url":"https:\/\/multi-mam.com\/app\/uploads\/sites\/12\/2022\/06\/MultiMam_Compresses1.png","type":"image\/png"}],"twitter_card":"summary_large_image","twitter_misc":{"Ber\u00e4knad l\u00e4stid":"1 minut"},"schema":{"@context":"https:\/\/schema.org","@graph":[{"@type":"WebPage","@id":"https:\/\/multi-mam.com\/se\/produkt\/multi-mam-kompresser\/","url":"https:\/\/multi-mam.com\/se\/produkt\/multi-mam-kompresser\/","name":"Multi-Mam\u00ae Kompresser - Multi-Mam","isPartOf":{"@id":"https:\/\/multi-mam.com\/se\/#website"},"primaryImageOfPage":{"@id":"https:\/\/multi-mam.com\/se\/produkt\/multi-mam-kompresser\/#primaryimage"},"image":{"@id":"https:\/\/multi-mam.com\/se\/produkt\/multi-mam-kompresser\/#primaryimage"},"thumbnailUrl":"https:\/\/multi-mam.com\/app\/uploads\/sites\/12\/2022\/06\/MultiMam_Compresses1.png","datePublished":"2022-06-20T09:04:06+00:00","dateModified":"2025-09-30T07:49:00+00:00","description":"Multi-Mam-kompresser \u00e4r s\u00e4rskilt utformade f\u00f6r att st\u00f6dja ammande m\u00f6drar genom att ge omedelbar svalkande lindring och lugnande komfort till k\u00e4nslig hud.","breadcrumb":{"@id":"https:\/\/multi-mam.com\/se\/produkt\/multi-mam-kompresser\/#breadcrumb"},"inLanguage":"sv-SE","potentialAction":[{"@type":"ReadAction","target":["https:\/\/multi-mam.com\/se\/produkt\/multi-mam-kompresser\/"]}]},{"@type":"ImageObject","inLanguage":"sv-SE","@id":"https:\/\/multi-mam.com\/se\/produkt\/multi-mam-kompresser\/#primaryimage","url":"https:\/\/multi-mam.com\/app\/uploads\/sites\/12\/2022\/06\/MultiMam_Compresses1.png","contentUrl":"https:\/\/multi-mam.com\/app\/uploads\/sites\/12\/2022\/06\/MultiMam_Compresses1.png","width":800,"height":800,"caption":"Multi-Mam Kompresser"},{"@type":"BreadcrumbList","@id":"https:\/\/multi-mam.com\/se\/produkt\/multi-mam-kompresser\/#breadcrumb","itemListElement":[{"@type":"ListItem","position":1,"name":"Home","item":"https:\/\/multi-mam.com\/se\/"},{"@type":"ListItem","position":2,"name":"Produkter","item":"https:\/\/multi-mam.com\/se\/produkter\/"},{"@type":"ListItem","position":3,"name":"Multi-Mam\u00ae Kompresser"}]},{"@type":"WebSite","@id":"https:\/\/multi-mam.com\/se\/#website","url":"https:\/\/multi-mam.com\/se\/","name":"Multi-Mam","description":"","publisher":{"@id":"https:\/\/multi-mam.com\/se\/#organization"},"potentialAction":[{"@type":"SearchAction","target":{"@type":"EntryPoint","urlTemplate":"https:\/\/multi-mam.com\/se\/?s={search_term_string}"},"query-input":{"@type":"PropertyValueSpecification","valueRequired":true,"valueName":"search_term_string"}}],"inLanguage":"sv-SE"},{"@type":"Organization","@id":"https:\/\/multi-mam.com\/se\/#organization","name":"Multi-Mam","url":"https:\/\/multi-mam.com\/se\/","logo":{"@type":"ImageObject","inLanguage":"sv-SE","@id":"https:\/\/multi-mam.com\/se\/#\/schema\/logo\/image\/","url":"https:\/\/multi-mam.com\/app\/uploads\/sites\/12\/2022\/06\/multi-mam-logotype.png","contentUrl":"https:\/\/multi-mam.com\/app\/uploads\/sites\/12\/2022\/06\/multi-mam-logotype.png","width":70,"height":96,"caption":"Multi-Mam"},"image":{"@id":"https:\/\/multi-mam.com\/se\/#\/schema\/logo\/image\/"}}]}},"_links":{"self":[{"href":"https:\/\/multi-mam.com\/se\/wp-json\/wp\/v2\/product\/66","targetHints":{"allow":["GET"]}}],"collection":[{"href":"https:\/\/multi-mam.com\/se\/wp-json\/wp\/v2\/product"}],"about":[{"href":"https:\/\/multi-mam.com\/se\/wp-json\/wp\/v2\/types\/product"}],"replies":[{"embeddable":true,"href":"https:\/\/multi-mam.com\/se\/wp-json\/wp\/v2\/comments?post=66"}],"version-history":[{"count":9,"href":"https:\/\/multi-mam.com\/se\/wp-json\/wp\/v2\/product\/66\/revisions"}],"predecessor-version":[{"id":130,"href":"https:\/\/multi-mam.com\/se\/wp-json\/wp\/v2\/product\/66\/revisions\/130"}],"wp:featuredmedia":[{"embeddable":true,"href":"https:\/\/multi-mam.com\/se\/wp-json\/wp\/v2\/media\/114"}],"wp:attachment":[{"href":"https:\/\/multi-mam.com\/se\/wp-json\/wp\/v2\/media?parent=66"}],"wp:term":[{"taxonomy":"product_brand","embeddable":true,"href":"https:\/\/multi-mam.com\/se\/wp-json\/wp\/v2\/product_brand?post=66"},{"taxonomy":"product_cat","embeddable":true,"href":"https:\/\/multi-mam.com\/se\/wp-json\/wp\/v2\/product_cat?post=66"},{"taxonomy":"product_tag","embeddable":true,"href":"https:\/\/multi-mam.com\/se\/wp-json\/wp\/v2\/product_tag?post=66"}],"curies":[{"name":"wp","href":"https:\/\/api.w.org\/{rel}","templated":true}]}}