{"id":62,"date":"2022-06-20T11:01:17","date_gmt":"2022-06-20T09:01:17","guid":{"rendered":"https:\/\/multi-mam.com\/se\/?post_type=product&#038;p=62"},"modified":"2025-04-28T15:11:34","modified_gmt":"2025-04-28T13:11:34","slug":"multi-mam-protect","status":"publish","type":"product","link":"https:\/\/multi-mam.com\/se\/produkt\/multi-mam-protect\/","title":{"rendered":"Multi-Mam\u00ae Protect"},"content":{"rendered":"\n<div class=\"wp-block-karopharma-accordions is-style-secondary\"><div class=\"container\">\n<details class=\"wp-block-karopharma-accordion\"><summary><h2 class=\"accordion-title\">M\u00e5ste jag ta bort Multi-Mam Protect innan jag ammar?<\/h2><\/summary><div class=\"accordion-content\">\n<p>Nej, det \u00e4r ofarligt n\u00e4r det sv\u00e4ljs och har en neutral smak och lukt. Det rekommenderas s\u00e4rskilt att applicera balmet direkt efter amning \u2013 om det appliceras strax f\u00f6re amning kan det bli sv\u00e5rare f\u00f6r bebisen att f\u00e5 ett bra grepp om br\u00f6stv\u00e5rtan.<\/p>\n<\/div><\/details>\n\n\n\n<details class=\"wp-block-karopharma-accordion\"><summary><h2 class=\"accordion-title\">Hur ofta beh\u00f6ver jag anv\u00e4nda Multi-Mam Protect?<\/h2><\/summary><div class=\"accordion-content\">\n<p>S\u00e5 ofta du \u00f6nskar. Det rekommenderas att applicera balmet direkt efter amning.<\/p>\n<\/div><\/details>\n\n\n\n<details class=\"wp-block-karopharma-accordion\"><summary><h2 class=\"accordion-title\">Vad \u00e4r skillnaden mellan Multi-Mam Protect och Multi-Mam Balm?<\/h2><\/summary><div class=\"accordion-content\">\n<p>Multi-Mam Protect har ersatt Multi-Mam Balm, med en ny f\u00f6rb\u00e4ttrad vegansk formula. Multi-Mam Protect \u00e4r en mild vegansk balm huvudsakligen baserad p\u00e5 vegetabiliska oljor och fetter. Konsistensen \u00e4r mjuk och skonsam vilket g\u00f6r den l\u00e4tt att applicera, \u00e4ven p\u00e5 k\u00e4nslig hud. Multi-Mam Balm \u00e4r ocks\u00e5 ett balsam baserat p\u00e5 naturliga ingredienser, men \u00e4r inte 100% veganskt d\u00e5 det inneh\u00e5ller bivax.<\/p>\n<\/div><\/details>\n<\/div><\/div>\n","protected":false},"excerpt":{"rendered":"<p>Skyddar br\u00f6stv\u00e5rtorna fr\u00e5n att torka ut och spricka<\/p>\n","protected":false},"featured_media":63,"comment_status":"closed","ping_status":"closed","template":"","meta":{"_acf_changed":false,"footnotes":""},"product_brand":[],"product_cat":[19],"product_tag":[],"class_list":{"0":"post-62","1":"product","2":"type-product","3":"status-publish","4":"has-post-thumbnail","6":"product_cat-amning","8":"first","9":"instock","10":"shipping-taxable","11":"product-type-simple"},"acf":[],"yoast_head":"<!-- This site is optimized with the Yoast SEO plugin v26.6 - https:\/\/yoast.com\/wordpress\/plugins\/seo\/ -->\n<title>Multi-Mam\u00ae Protect - Multi-Mam<\/title>\n<meta name=\"description\" content=\"Multi-Mam Protect \u00e4r ett vegansk br\u00f6stv\u00e5rdsbalm, huvudsakligen baserad p\u00e5 vegetabiliska oljor och fetter, som skyddar br\u00f6stv\u00e5rtorna fr\u00e5n att torka ut och spricka i samband med amning.\" \/>\n<meta name=\"robots\" content=\"index, follow, max-snippet:-1, max-image-preview:large, max-video-preview:-1\" \/>\n<link rel=\"canonical\" href=\"https:\/\/multi-mam.com\/se\/produkt\/multi-mam-protect\/\" \/>\n<meta property=\"og:locale\" content=\"sv_SE\" \/>\n<meta property=\"og:type\" content=\"article\" \/>\n<meta property=\"og:title\" content=\"Multi-Mam\u00ae Protect - Multi-Mam\" \/>\n<meta property=\"og:description\" content=\"Multi-Mam Protect \u00e4r ett vegansk br\u00f6stv\u00e5rdsbalm, huvudsakligen baserad p\u00e5 vegetabiliska oljor och fetter, som skyddar br\u00f6stv\u00e5rtorna fr\u00e5n att torka ut och spricka i samband med amning.\" \/>\n<meta property=\"og:url\" content=\"https:\/\/multi-mam.com\/se\/produkt\/multi-mam-protect\/\" \/>\n<meta property=\"og:site_name\" content=\"Multi-Mam\" \/>\n<meta property=\"article:modified_time\" content=\"2025-04-28T13:11:34+00:00\" \/>\n<meta property=\"og:image\" content=\"https:\/\/multi-mam.com\/app\/uploads\/sites\/12\/2022\/06\/MultiMamProtectUnpacked.png\" \/>\n\t<meta property=\"og:image:width\" content=\"1500\" \/>\n\t<meta property=\"og:image:height\" content=\"1500\" \/>\n\t<meta property=\"og:image:type\" content=\"image\/png\" \/>\n<meta name=\"twitter:card\" content=\"summary_large_image\" \/>\n<meta name=\"twitter:label1\" content=\"Ber\u00e4knad l\u00e4stid\" \/>\n\t<meta name=\"twitter:data1\" content=\"1 minut\" \/>\n<script type=\"application\/ld+json\" class=\"yoast-schema-graph\">{\"@context\":\"https:\/\/schema.org\",\"@graph\":[{\"@type\":\"WebPage\",\"@id\":\"https:\/\/multi-mam.com\/se\/produkt\/multi-mam-protect\/\",\"url\":\"https:\/\/multi-mam.com\/se\/produkt\/multi-mam-protect\/\",\"name\":\"Multi-Mam\u00ae Protect - Multi-Mam\",\"isPartOf\":{\"@id\":\"https:\/\/multi-mam.com\/se\/#website\"},\"primaryImageOfPage\":{\"@id\":\"https:\/\/multi-mam.com\/se\/produkt\/multi-mam-protect\/#primaryimage\"},\"image\":{\"@id\":\"https:\/\/multi-mam.com\/se\/produkt\/multi-mam-protect\/#primaryimage\"},\"thumbnailUrl\":\"https:\/\/multi-mam.com\/app\/uploads\/sites\/12\/2022\/06\/MultiMamProtectUnpacked.png\",\"datePublished\":\"2022-06-20T09:01:17+00:00\",\"dateModified\":\"2025-04-28T13:11:34+00:00\",\"description\":\"Multi-Mam Protect \u00e4r ett vegansk br\u00f6stv\u00e5rdsbalm, huvudsakligen baserad p\u00e5 vegetabiliska oljor och fetter, som skyddar br\u00f6stv\u00e5rtorna fr\u00e5n att torka ut och spricka i samband med amning.\",\"breadcrumb\":{\"@id\":\"https:\/\/multi-mam.com\/se\/produkt\/multi-mam-protect\/#breadcrumb\"},\"inLanguage\":\"sv-SE\",\"potentialAction\":[{\"@type\":\"ReadAction\",\"target\":[\"https:\/\/multi-mam.com\/se\/produkt\/multi-mam-protect\/\"]}]},{\"@type\":\"ImageObject\",\"inLanguage\":\"sv-SE\",\"@id\":\"https:\/\/multi-mam.com\/se\/produkt\/multi-mam-protect\/#primaryimage\",\"url\":\"https:\/\/multi-mam.com\/app\/uploads\/sites\/12\/2022\/06\/MultiMamProtectUnpacked.png\",\"contentUrl\":\"https:\/\/multi-mam.com\/app\/uploads\/sites\/12\/2022\/06\/MultiMamProtectUnpacked.png\",\"width\":1500,\"height\":1500,\"caption\":\"Multi-Mam Protect\"},{\"@type\":\"BreadcrumbList\",\"@id\":\"https:\/\/multi-mam.com\/se\/produkt\/multi-mam-protect\/#breadcrumb\",\"itemListElement\":[{\"@type\":\"ListItem\",\"position\":1,\"name\":\"Home\",\"item\":\"https:\/\/multi-mam.com\/se\/\"},{\"@type\":\"ListItem\",\"position\":2,\"name\":\"Produkter\",\"item\":\"https:\/\/multi-mam.com\/se\/produkter\/\"},{\"@type\":\"ListItem\",\"position\":3,\"name\":\"Multi-Mam\u00ae Protect\"}]},{\"@type\":\"WebSite\",\"@id\":\"https:\/\/multi-mam.com\/se\/#website\",\"url\":\"https:\/\/multi-mam.com\/se\/\",\"name\":\"Multi-Mam\",\"description\":\"\",\"publisher\":{\"@id\":\"https:\/\/multi-mam.com\/se\/#organization\"},\"potentialAction\":[{\"@type\":\"SearchAction\",\"target\":{\"@type\":\"EntryPoint\",\"urlTemplate\":\"https:\/\/multi-mam.com\/se\/?s={search_term_string}\"},\"query-input\":{\"@type\":\"PropertyValueSpecification\",\"valueRequired\":true,\"valueName\":\"search_term_string\"}}],\"inLanguage\":\"sv-SE\"},{\"@type\":\"Organization\",\"@id\":\"https:\/\/multi-mam.com\/se\/#organization\",\"name\":\"Multi-Mam\",\"url\":\"https:\/\/multi-mam.com\/se\/\",\"logo\":{\"@type\":\"ImageObject\",\"inLanguage\":\"sv-SE\",\"@id\":\"https:\/\/multi-mam.com\/se\/#\/schema\/logo\/image\/\",\"url\":\"https:\/\/multi-mam.com\/app\/uploads\/sites\/12\/2022\/06\/multi-mam-logotype.png\",\"contentUrl\":\"https:\/\/multi-mam.com\/app\/uploads\/sites\/12\/2022\/06\/multi-mam-logotype.png\",\"width\":70,\"height\":96,\"caption\":\"Multi-Mam\"},\"image\":{\"@id\":\"https:\/\/multi-mam.com\/se\/#\/schema\/logo\/image\/\"}}]}<\/script>\n<!-- \/ Yoast SEO plugin. -->","yoast_head_json":{"title":"Multi-Mam\u00ae Protect - Multi-Mam","description":"Multi-Mam Protect \u00e4r ett vegansk br\u00f6stv\u00e5rdsbalm, huvudsakligen baserad p\u00e5 vegetabiliska oljor och fetter, som skyddar br\u00f6stv\u00e5rtorna fr\u00e5n att torka ut och spricka i samband med amning.","robots":{"index":"index","follow":"follow","max-snippet":"max-snippet:-1","max-image-preview":"max-image-preview:large","max-video-preview":"max-video-preview:-1"},"canonical":"https:\/\/multi-mam.com\/se\/produkt\/multi-mam-protect\/","og_locale":"sv_SE","og_type":"article","og_title":"Multi-Mam\u00ae Protect - Multi-Mam","og_description":"Multi-Mam Protect \u00e4r ett vegansk br\u00f6stv\u00e5rdsbalm, huvudsakligen baserad p\u00e5 vegetabiliska oljor och fetter, som skyddar br\u00f6stv\u00e5rtorna fr\u00e5n att torka ut och spricka i samband med amning.","og_url":"https:\/\/multi-mam.com\/se\/produkt\/multi-mam-protect\/","og_site_name":"Multi-Mam","article_modified_time":"2025-04-28T13:11:34+00:00","og_image":[{"width":1500,"height":1500,"url":"https:\/\/multi-mam.com\/app\/uploads\/sites\/12\/2022\/06\/MultiMamProtectUnpacked.png","type":"image\/png"}],"twitter_card":"summary_large_image","twitter_misc":{"Ber\u00e4knad l\u00e4stid":"1 minut"},"schema":{"@context":"https:\/\/schema.org","@graph":[{"@type":"WebPage","@id":"https:\/\/multi-mam.com\/se\/produkt\/multi-mam-protect\/","url":"https:\/\/multi-mam.com\/se\/produkt\/multi-mam-protect\/","name":"Multi-Mam\u00ae Protect - Multi-Mam","isPartOf":{"@id":"https:\/\/multi-mam.com\/se\/#website"},"primaryImageOfPage":{"@id":"https:\/\/multi-mam.com\/se\/produkt\/multi-mam-protect\/#primaryimage"},"image":{"@id":"https:\/\/multi-mam.com\/se\/produkt\/multi-mam-protect\/#primaryimage"},"thumbnailUrl":"https:\/\/multi-mam.com\/app\/uploads\/sites\/12\/2022\/06\/MultiMamProtectUnpacked.png","datePublished":"2022-06-20T09:01:17+00:00","dateModified":"2025-04-28T13:11:34+00:00","description":"Multi-Mam Protect \u00e4r ett vegansk br\u00f6stv\u00e5rdsbalm, huvudsakligen baserad p\u00e5 vegetabiliska oljor och fetter, som skyddar br\u00f6stv\u00e5rtorna fr\u00e5n att torka ut och spricka i samband med amning.","breadcrumb":{"@id":"https:\/\/multi-mam.com\/se\/produkt\/multi-mam-protect\/#breadcrumb"},"inLanguage":"sv-SE","potentialAction":[{"@type":"ReadAction","target":["https:\/\/multi-mam.com\/se\/produkt\/multi-mam-protect\/"]}]},{"@type":"ImageObject","inLanguage":"sv-SE","@id":"https:\/\/multi-mam.com\/se\/produkt\/multi-mam-protect\/#primaryimage","url":"https:\/\/multi-mam.com\/app\/uploads\/sites\/12\/2022\/06\/MultiMamProtectUnpacked.png","contentUrl":"https:\/\/multi-mam.com\/app\/uploads\/sites\/12\/2022\/06\/MultiMamProtectUnpacked.png","width":1500,"height":1500,"caption":"Multi-Mam Protect"},{"@type":"BreadcrumbList","@id":"https:\/\/multi-mam.com\/se\/produkt\/multi-mam-protect\/#breadcrumb","itemListElement":[{"@type":"ListItem","position":1,"name":"Home","item":"https:\/\/multi-mam.com\/se\/"},{"@type":"ListItem","position":2,"name":"Produkter","item":"https:\/\/multi-mam.com\/se\/produkter\/"},{"@type":"ListItem","position":3,"name":"Multi-Mam\u00ae Protect"}]},{"@type":"WebSite","@id":"https:\/\/multi-mam.com\/se\/#website","url":"https:\/\/multi-mam.com\/se\/","name":"Multi-Mam","description":"","publisher":{"@id":"https:\/\/multi-mam.com\/se\/#organization"},"potentialAction":[{"@type":"SearchAction","target":{"@type":"EntryPoint","urlTemplate":"https:\/\/multi-mam.com\/se\/?s={search_term_string}"},"query-input":{"@type":"PropertyValueSpecification","valueRequired":true,"valueName":"search_term_string"}}],"inLanguage":"sv-SE"},{"@type":"Organization","@id":"https:\/\/multi-mam.com\/se\/#organization","name":"Multi-Mam","url":"https:\/\/multi-mam.com\/se\/","logo":{"@type":"ImageObject","inLanguage":"sv-SE","@id":"https:\/\/multi-mam.com\/se\/#\/schema\/logo\/image\/","url":"https:\/\/multi-mam.com\/app\/uploads\/sites\/12\/2022\/06\/multi-mam-logotype.png","contentUrl":"https:\/\/multi-mam.com\/app\/uploads\/sites\/12\/2022\/06\/multi-mam-logotype.png","width":70,"height":96,"caption":"Multi-Mam"},"image":{"@id":"https:\/\/multi-mam.com\/se\/#\/schema\/logo\/image\/"}}]}},"_links":{"self":[{"href":"https:\/\/multi-mam.com\/se\/wp-json\/wp\/v2\/product\/62","targetHints":{"allow":["GET"]}}],"collection":[{"href":"https:\/\/multi-mam.com\/se\/wp-json\/wp\/v2\/product"}],"about":[{"href":"https:\/\/multi-mam.com\/se\/wp-json\/wp\/v2\/types\/product"}],"replies":[{"embeddable":true,"href":"https:\/\/multi-mam.com\/se\/wp-json\/wp\/v2\/comments?post=62"}],"version-history":[{"count":5,"href":"https:\/\/multi-mam.com\/se\/wp-json\/wp\/v2\/product\/62\/revisions"}],"predecessor-version":[{"id":125,"href":"https:\/\/multi-mam.com\/se\/wp-json\/wp\/v2\/product\/62\/revisions\/125"}],"wp:featuredmedia":[{"embeddable":true,"href":"https:\/\/multi-mam.com\/se\/wp-json\/wp\/v2\/media\/63"}],"wp:attachment":[{"href":"https:\/\/multi-mam.com\/se\/wp-json\/wp\/v2\/media?parent=62"}],"wp:term":[{"taxonomy":"product_brand","embeddable":true,"href":"https:\/\/multi-mam.com\/se\/wp-json\/wp\/v2\/product_brand?post=62"},{"taxonomy":"product_cat","embeddable":true,"href":"https:\/\/multi-mam.com\/se\/wp-json\/wp\/v2\/product_cat?post=62"},{"taxonomy":"product_tag","embeddable":true,"href":"https:\/\/multi-mam.com\/se\/wp-json\/wp\/v2\/product_tag?post=62"}],"curies":[{"name":"wp","href":"https:\/\/api.w.org\/{rel}","templated":true}]}}