{"id":50,"date":"2023-03-09T09:19:50","date_gmt":"2023-03-09T08:19:50","guid":{"rendered":"https:\/\/multi-mam.com\/rs\/?post_type=product&#038;p=50"},"modified":"2023-07-07T14:55:42","modified_gmt":"2023-07-07T12:55:42","slug":"multi-mam-komprese","status":"publish","type":"product","link":"https:\/\/multi-mam.com\/rs\/proizvod\/multi-mam-komprese\/","title":{"rendered":"Multi-Mam Komprese"},"content":{"rendered":"","protected":false},"excerpt":{"rendered":"<p>Intenzivna nega bradavica kod dojilja<\/p>\n","protected":false},"featured_media":257,"comment_status":"closed","ping_status":"closed","template":"","meta":{"_acf_changed":false,"footnotes":""},"product_brand":[],"product_cat":[],"product_tag":[],"class_list":{"0":"post-50","1":"product","2":"type-product","3":"status-publish","4":"has-post-thumbnail","7":"first","8":"instock","9":"shipping-taxable","10":"product-type-simple"},"acf":[],"yoast_head":"<!-- This site is optimized with the Yoast SEO plugin v26.6 - https:\/\/yoast.com\/wordpress\/plugins\/seo\/ -->\n<title>Multi-Mam Komprese - Multi-Mam<\/title>\n<meta name=\"description\" content=\"Multi-Mam komprese tretiraju neprijatnosti koje mogu nastati tokom dojenja (kao \u0161to su bolne bradavice, stvaranje oteklina i osetljivost), direktnim rashla\u0111uju\u0107im i umiruju\u0107im efektom.\" \/>\n<meta name=\"robots\" content=\"index, follow, max-snippet:-1, max-image-preview:large, max-video-preview:-1\" \/>\n<link rel=\"canonical\" href=\"https:\/\/multi-mam.com\/rs\/proizvod\/multi-mam-komprese\/\" \/>\n<meta property=\"og:locale\" content=\"sr_RS\" \/>\n<meta property=\"og:type\" content=\"article\" \/>\n<meta property=\"og:title\" content=\"Multi-Mam Komprese - Multi-Mam\" \/>\n<meta property=\"og:description\" content=\"Multi-Mam komprese tretiraju neprijatnosti koje mogu nastati tokom dojenja (kao \u0161to su bolne bradavice, stvaranje oteklina i osetljivost), direktnim rashla\u0111uju\u0107im i umiruju\u0107im efektom.\" \/>\n<meta property=\"og:url\" content=\"https:\/\/multi-mam.com\/rs\/proizvod\/multi-mam-komprese\/\" \/>\n<meta property=\"og:site_name\" content=\"Multi-Mam\" \/>\n<meta property=\"article:modified_time\" content=\"2023-07-07T12:55:42+00:00\" \/>\n<meta property=\"og:image\" content=\"https:\/\/multi-mam.com\/app\/uploads\/sites\/24\/2023\/03\/MultiMam_Compresses.png\" \/>\n\t<meta property=\"og:image:width\" content=\"800\" \/>\n\t<meta property=\"og:image:height\" content=\"800\" \/>\n\t<meta property=\"og:image:type\" content=\"image\/png\" \/>\n<meta name=\"twitter:card\" content=\"summary_large_image\" \/>\n<script type=\"application\/ld+json\" class=\"yoast-schema-graph\">{\"@context\":\"https:\/\/schema.org\",\"@graph\":[{\"@type\":\"WebPage\",\"@id\":\"https:\/\/multi-mam.com\/rs\/proizvod\/multi-mam-komprese\/\",\"url\":\"https:\/\/multi-mam.com\/rs\/proizvod\/multi-mam-komprese\/\",\"name\":\"Multi-Mam Komprese - Multi-Mam\",\"isPartOf\":{\"@id\":\"https:\/\/multi-mam.com\/rs\/#website\"},\"primaryImageOfPage\":{\"@id\":\"https:\/\/multi-mam.com\/rs\/proizvod\/multi-mam-komprese\/#primaryimage\"},\"image\":{\"@id\":\"https:\/\/multi-mam.com\/rs\/proizvod\/multi-mam-komprese\/#primaryimage\"},\"thumbnailUrl\":\"https:\/\/multi-mam.com\/app\/uploads\/sites\/24\/2023\/03\/MultiMam_Compresses.png\",\"datePublished\":\"2023-03-09T08:19:50+00:00\",\"dateModified\":\"2023-07-07T12:55:42+00:00\",\"description\":\"Multi-Mam komprese tretiraju neprijatnosti koje mogu nastati tokom dojenja (kao \u0161to su bolne bradavice, stvaranje oteklina i osetljivost), direktnim rashla\u0111uju\u0107im i umiruju\u0107im efektom.\",\"breadcrumb\":{\"@id\":\"https:\/\/multi-mam.com\/rs\/proizvod\/multi-mam-komprese\/#breadcrumb\"},\"inLanguage\":\"sr-RS\",\"potentialAction\":[{\"@type\":\"ReadAction\",\"target\":[\"https:\/\/multi-mam.com\/rs\/proizvod\/multi-mam-komprese\/\"]}]},{\"@type\":\"ImageObject\",\"inLanguage\":\"sr-RS\",\"@id\":\"https:\/\/multi-mam.com\/rs\/proizvod\/multi-mam-komprese\/#primaryimage\",\"url\":\"https:\/\/multi-mam.com\/app\/uploads\/sites\/24\/2023\/03\/MultiMam_Compresses.png\",\"contentUrl\":\"https:\/\/multi-mam.com\/app\/uploads\/sites\/24\/2023\/03\/MultiMam_Compresses.png\",\"width\":800,\"height\":800,\"caption\":\"Multi-Mam Komprese\"},{\"@type\":\"BreadcrumbList\",\"@id\":\"https:\/\/multi-mam.com\/rs\/proizvod\/multi-mam-komprese\/#breadcrumb\",\"itemListElement\":[{\"@type\":\"ListItem\",\"position\":1,\"name\":\"Home\",\"item\":\"https:\/\/multi-mam.com\/rs\/\"},{\"@type\":\"ListItem\",\"position\":2,\"name\":\"Proizvodi\",\"item\":\"https:\/\/multi-mam.com\/rs\/proizvodi\/\"},{\"@type\":\"ListItem\",\"position\":3,\"name\":\"Multi-Mam Komprese\"}]},{\"@type\":\"WebSite\",\"@id\":\"https:\/\/multi-mam.com\/rs\/#website\",\"url\":\"https:\/\/multi-mam.com\/rs\/\",\"name\":\"Multi-Mam\",\"description\":\"\",\"publisher\":{\"@id\":\"https:\/\/multi-mam.com\/rs\/#organization\"},\"potentialAction\":[{\"@type\":\"SearchAction\",\"target\":{\"@type\":\"EntryPoint\",\"urlTemplate\":\"https:\/\/multi-mam.com\/rs\/?s={search_term_string}\"},\"query-input\":{\"@type\":\"PropertyValueSpecification\",\"valueRequired\":true,\"valueName\":\"search_term_string\"}}],\"inLanguage\":\"sr-RS\"},{\"@type\":\"Organization\",\"@id\":\"https:\/\/multi-mam.com\/rs\/#organization\",\"name\":\"Multi-Mam\",\"url\":\"https:\/\/multi-mam.com\/rs\/\",\"logo\":{\"@type\":\"ImageObject\",\"inLanguage\":\"sr-RS\",\"@id\":\"https:\/\/multi-mam.com\/rs\/#\/schema\/logo\/image\/\",\"url\":\"https:\/\/multi-mam.com\/app\/uploads\/sites\/24\/2023\/03\/multi-mam-logotype.png\",\"contentUrl\":\"https:\/\/multi-mam.com\/app\/uploads\/sites\/24\/2023\/03\/multi-mam-logotype.png\",\"width\":70,\"height\":96,\"caption\":\"Multi-Mam\"},\"image\":{\"@id\":\"https:\/\/multi-mam.com\/rs\/#\/schema\/logo\/image\/\"}}]}<\/script>\n<!-- \/ Yoast SEO plugin. -->","yoast_head_json":{"title":"Multi-Mam Komprese - Multi-Mam","description":"Multi-Mam komprese tretiraju neprijatnosti koje mogu nastati tokom dojenja (kao \u0161to su bolne bradavice, stvaranje oteklina i osetljivost), direktnim rashla\u0111uju\u0107im i umiruju\u0107im efektom.","robots":{"index":"index","follow":"follow","max-snippet":"max-snippet:-1","max-image-preview":"max-image-preview:large","max-video-preview":"max-video-preview:-1"},"canonical":"https:\/\/multi-mam.com\/rs\/proizvod\/multi-mam-komprese\/","og_locale":"sr_RS","og_type":"article","og_title":"Multi-Mam Komprese - Multi-Mam","og_description":"Multi-Mam komprese tretiraju neprijatnosti koje mogu nastati tokom dojenja (kao \u0161to su bolne bradavice, stvaranje oteklina i osetljivost), direktnim rashla\u0111uju\u0107im i umiruju\u0107im efektom.","og_url":"https:\/\/multi-mam.com\/rs\/proizvod\/multi-mam-komprese\/","og_site_name":"Multi-Mam","article_modified_time":"2023-07-07T12:55:42+00:00","og_image":[{"width":800,"height":800,"url":"https:\/\/multi-mam.com\/app\/uploads\/sites\/24\/2023\/03\/MultiMam_Compresses.png","type":"image\/png"}],"twitter_card":"summary_large_image","schema":{"@context":"https:\/\/schema.org","@graph":[{"@type":"WebPage","@id":"https:\/\/multi-mam.com\/rs\/proizvod\/multi-mam-komprese\/","url":"https:\/\/multi-mam.com\/rs\/proizvod\/multi-mam-komprese\/","name":"Multi-Mam Komprese - Multi-Mam","isPartOf":{"@id":"https:\/\/multi-mam.com\/rs\/#website"},"primaryImageOfPage":{"@id":"https:\/\/multi-mam.com\/rs\/proizvod\/multi-mam-komprese\/#primaryimage"},"image":{"@id":"https:\/\/multi-mam.com\/rs\/proizvod\/multi-mam-komprese\/#primaryimage"},"thumbnailUrl":"https:\/\/multi-mam.com\/app\/uploads\/sites\/24\/2023\/03\/MultiMam_Compresses.png","datePublished":"2023-03-09T08:19:50+00:00","dateModified":"2023-07-07T12:55:42+00:00","description":"Multi-Mam komprese tretiraju neprijatnosti koje mogu nastati tokom dojenja (kao \u0161to su bolne bradavice, stvaranje oteklina i osetljivost), direktnim rashla\u0111uju\u0107im i umiruju\u0107im efektom.","breadcrumb":{"@id":"https:\/\/multi-mam.com\/rs\/proizvod\/multi-mam-komprese\/#breadcrumb"},"inLanguage":"sr-RS","potentialAction":[{"@type":"ReadAction","target":["https:\/\/multi-mam.com\/rs\/proizvod\/multi-mam-komprese\/"]}]},{"@type":"ImageObject","inLanguage":"sr-RS","@id":"https:\/\/multi-mam.com\/rs\/proizvod\/multi-mam-komprese\/#primaryimage","url":"https:\/\/multi-mam.com\/app\/uploads\/sites\/24\/2023\/03\/MultiMam_Compresses.png","contentUrl":"https:\/\/multi-mam.com\/app\/uploads\/sites\/24\/2023\/03\/MultiMam_Compresses.png","width":800,"height":800,"caption":"Multi-Mam Komprese"},{"@type":"BreadcrumbList","@id":"https:\/\/multi-mam.com\/rs\/proizvod\/multi-mam-komprese\/#breadcrumb","itemListElement":[{"@type":"ListItem","position":1,"name":"Home","item":"https:\/\/multi-mam.com\/rs\/"},{"@type":"ListItem","position":2,"name":"Proizvodi","item":"https:\/\/multi-mam.com\/rs\/proizvodi\/"},{"@type":"ListItem","position":3,"name":"Multi-Mam Komprese"}]},{"@type":"WebSite","@id":"https:\/\/multi-mam.com\/rs\/#website","url":"https:\/\/multi-mam.com\/rs\/","name":"Multi-Mam","description":"","publisher":{"@id":"https:\/\/multi-mam.com\/rs\/#organization"},"potentialAction":[{"@type":"SearchAction","target":{"@type":"EntryPoint","urlTemplate":"https:\/\/multi-mam.com\/rs\/?s={search_term_string}"},"query-input":{"@type":"PropertyValueSpecification","valueRequired":true,"valueName":"search_term_string"}}],"inLanguage":"sr-RS"},{"@type":"Organization","@id":"https:\/\/multi-mam.com\/rs\/#organization","name":"Multi-Mam","url":"https:\/\/multi-mam.com\/rs\/","logo":{"@type":"ImageObject","inLanguage":"sr-RS","@id":"https:\/\/multi-mam.com\/rs\/#\/schema\/logo\/image\/","url":"https:\/\/multi-mam.com\/app\/uploads\/sites\/24\/2023\/03\/multi-mam-logotype.png","contentUrl":"https:\/\/multi-mam.com\/app\/uploads\/sites\/24\/2023\/03\/multi-mam-logotype.png","width":70,"height":96,"caption":"Multi-Mam"},"image":{"@id":"https:\/\/multi-mam.com\/rs\/#\/schema\/logo\/image\/"}}]}},"_links":{"self":[{"href":"https:\/\/multi-mam.com\/rs\/wp-json\/wp\/v2\/product\/50","targetHints":{"allow":["GET"]}}],"collection":[{"href":"https:\/\/multi-mam.com\/rs\/wp-json\/wp\/v2\/product"}],"about":[{"href":"https:\/\/multi-mam.com\/rs\/wp-json\/wp\/v2\/types\/product"}],"replies":[{"embeddable":true,"href":"https:\/\/multi-mam.com\/rs\/wp-json\/wp\/v2\/comments?post=50"}],"version-history":[{"count":7,"href":"https:\/\/multi-mam.com\/rs\/wp-json\/wp\/v2\/product\/50\/revisions"}],"predecessor-version":[{"id":211,"href":"https:\/\/multi-mam.com\/rs\/wp-json\/wp\/v2\/product\/50\/revisions\/211"}],"wp:featuredmedia":[{"embeddable":true,"href":"https:\/\/multi-mam.com\/rs\/wp-json\/wp\/v2\/media\/257"}],"wp:attachment":[{"href":"https:\/\/multi-mam.com\/rs\/wp-json\/wp\/v2\/media?parent=50"}],"wp:term":[{"taxonomy":"product_brand","embeddable":true,"href":"https:\/\/multi-mam.com\/rs\/wp-json\/wp\/v2\/product_brand?post=50"},{"taxonomy":"product_cat","embeddable":true,"href":"https:\/\/multi-mam.com\/rs\/wp-json\/wp\/v2\/product_cat?post=50"},{"taxonomy":"product_tag","embeddable":true,"href":"https:\/\/multi-mam.com\/rs\/wp-json\/wp\/v2\/product_tag?post=50"}],"curies":[{"name":"wp","href":"https:\/\/api.w.org\/{rel}","templated":true}]}}