{"id":8,"date":"2023-03-08T15:06:40","date_gmt":"2023-03-08T14:06:40","guid":{"rendered":"https:\/\/multi-mam.com\/rs\/?page_id=8"},"modified":"2024-03-18T15:50:05","modified_gmt":"2024-03-18T14:50:05","slug":"multi-mam","status":"publish","type":"page","link":"https:\/\/multi-mam.com\/rs\/","title":{"rendered":"Multi-Mam"},"content":{"rendered":"\n<div class=\"wp-block-karopharma-free-text pt-large pb-large bg-left-top bg-cover bg-no-repeat bg-box undefined\" style=\"background-image:url(https:\/\/multi-mam.com\/cdn-cgi\/image\/format=auto\/app\/uploads\/sites\/24\/2023\/03\/multi-mam.jpeg)\"><div class=\"free-text-wrapper container max-w-medium text-center\">\n<div class=\"wp-block-image\"><figure class=\"aligncenter size-full is-resized\"><img loading=\"lazy\" decoding=\"async\" src=\"https:\/\/multi-mam.com\/app\/uploads\/sites\/24\/2023\/03\/front-group.png\" alt=\"Multi-Mam proizvodi\" class=\"wp-image-207\" width=\"641\" height=\"458\" srcset=\"https:\/\/multi-mam.com\/app\/uploads\/sites\/24\/2023\/03\/front-group.png 855w, https:\/\/multi-mam.com\/app\/uploads\/sites\/24\/2023\/03\/front-group-320x229.png 320w, https:\/\/multi-mam.com\/app\/uploads\/sites\/24\/2023\/03\/front-group-768x549.png 768w, https:\/\/multi-mam.com\/app\/uploads\/sites\/24\/2023\/03\/front-group-600x429.png 600w\" sizes=\"auto, (max-width: 641px) 100vw, 641px\" \/><\/figure><\/div>\n\n\n\n<h1 class=\"is-style-heading-huge has-primary-color has-text-color wp-block-heading\" id=\"love-is-all-you-need\">Ljubav je sve \u0161to vam treba<\/h1>\n\n\n\n<h2 class=\"is-style-heading-h2 has-primary-color has-text-color wp-block-heading\" id=\"und-multi-mam-fur-mutter-und-kind\">&#8230;uz proizvode za mame i bebe<\/h2>\n\n\n\n<div class=\"wp-block-buttons is-layout-flex wp-block-buttons-is-layout-flex\">\n<div class=\"wp-block-button is-style-secondary-button\"><a class=\"wp-block-button__link\" href=\"https:\/\/multi-mam.com\/rs\/proizvodi\/\">Saznajte vi\u0161e<\/a><\/div>\n<\/div>\n<\/div><\/div>\n\n\n<div class=\"product-list wp-block-karopharma-product-list\" data-testid=\"product-list\">\n      <div class=\"swiper-container\">\n      <div class=\"swiper\">\n        <div class=\"swiper-wrapper\">\n                      <div class=\"swiper-slide\">\n              <div class=\"product-card\" data-testid=\"product-card\">\n  <a\n    href=https:\/\/multi-mam.com\/rs\/proizvod\/multi-mam-lanolin\/\n    class=\"product-card-link\"\n    title=\"Multi-Mam Lanolin\"\n  >\n  <figure class=\"product-card-image\" data-testid=\"product-image\">\n                          <img decoding=\"async\" src=\"https:\/\/multi-mam.com\/cdn-cgi\/image\/width=700,format=auto\/app\/uploads\/sites\/24\/2023\/03\/Multi-Mam-Lanolin-1.png\"\n        srcset=\"https:\/\/multi-mam.com\/cdn-cgi\/image\/width=250,format=auto\/app\/uploads\/sites\/24\/2023\/03\/Multi-Mam-Lanolin-1.png 250w,\n                https:\/\/multi-mam.com\/cdn-cgi\/image\/width=500,format=auto\/app\/uploads\/sites\/24\/2023\/03\/Multi-Mam-Lanolin-1.png 500w,\n                https:\/\/multi-mam.com\/cdn-cgi\/image\/width=700,format=auto\/app\/uploads\/sites\/24\/2023\/03\/Multi-Mam-Lanolin-1.png 700w\"\n        sizes=\"(max-width: 400px) 250px, (max-width: 800px) 500px, 700px\"\n        alt=\"Multi-Mam Lanolin\"\n        class=\"img\">\n            <\/figure>\n    <div class=\"product-card-content\">\n      <div class=\"heading-wrapper\">\n        <h2 class=\"heading\">Multi-Mam Lanolin<\/h2>\n      <\/div>\n      <div class=\"product-card-description\">Nega bradavica za dojilje\n<\/div>\n                      <\/div>\n  <\/a>\n          <div class=\"button-wrapper buy-now \" data-testid=\"buy-now\">\n      <div class=\"buy-now-container dropdown-container\">\n      <div class=\"theme-button button-primary-color dropdown-link\" aria-label=\"Kupi sada\">\n          Kupi sada <i class=\"dropdown\"><\/i>\n      <\/div>\n      <ul class=\"reseller-list submenu\">\n                    <li>\n              <a\n                href=\"https:\/\/www.apotekaflos.rs\/sr\/proizvod\/multi-mam-lanolin-30ml\" onclick=\"dataLayer.push({'event':'ga_event', 'eventCategory':'Click on Reseller', 'eventAction':'Apoteka Flos au Lekofarma', 'eventLabel':'Multi-Mam Lanolin', 'eventValue': undefined})\" rel=\"noopener\" target=\"_blank\" title=\"Apoteka Flos au Lekofarma\"\n                data-testid=\"buy-now-reseller\">\n                <i class=\"fa-solid fa-arrow-right\"><\/i> Apoteka Flos au Lekofarma\n              <\/a>\n          <\/li>\n                    <li>\n              <a\n                href=\"https:\/\/www.apotekasrbotrade.rs\/srpski\/proizvod\/Multi-Mam-lanolin\" onclick=\"dataLayer.push({'event':'ga_event', 'eventCategory':'Click on Reseller', 'eventAction':'Srbotrade', 'eventLabel':'Multi-Mam Lanolin', 'eventValue': undefined})\" rel=\"noopener\" target=\"_blank\" title=\"Srbotrade\"\n                data-testid=\"buy-now-reseller\">\n                <i class=\"fa-solid fa-arrow-right\"><\/i> Srbotrade\n              <\/a>\n          <\/li>\n                    <li>\n              <a\n                href=\"https:\/\/webljekarna.vasezdravlje.com\/dojenje-i-izdajanje\/multi-mam-lanolin\" onclick=\"dataLayer.push({'event':'ga_event', 'eventCategory':'Click on Reseller', 'eventAction':'Va\u0161ezdravlje', 'eventLabel':'Multi-Mam Lanolin', 'eventValue': undefined})\" rel=\"noopener\" target=\"_blank\" title=\"Va\u0161ezdravlje\"\n                data-testid=\"buy-now-reseller\">\n                <i class=\"fa-solid fa-arrow-right\"><\/i> Va\u0161ezdravlje\n              <\/a>\n          <\/li>\n                <\/ul>\n    <\/div>\n  <\/div>\n  <\/div>\n            <\/div>\n                      <div class=\"swiper-slide\">\n              <div class=\"product-card\" data-testid=\"product-card\">\n  <a\n    href=https:\/\/multi-mam.com\/rs\/proizvod\/multi-mam-protect\/\n    class=\"product-card-link\"\n    title=\"Multi-Mam Protect\"\n  >\n  <figure class=\"product-card-image\" data-testid=\"product-image\">\n                          <img decoding=\"async\" src=\"https:\/\/multi-mam.com\/cdn-cgi\/image\/width=700,format=auto\/app\/uploads\/sites\/24\/2023\/03\/Multi-Mam-Protect.png\"\n        srcset=\"https:\/\/multi-mam.com\/cdn-cgi\/image\/width=250,format=auto\/app\/uploads\/sites\/24\/2023\/03\/Multi-Mam-Protect.png 250w,\n                https:\/\/multi-mam.com\/cdn-cgi\/image\/width=500,format=auto\/app\/uploads\/sites\/24\/2023\/03\/Multi-Mam-Protect.png 500w,\n                https:\/\/multi-mam.com\/cdn-cgi\/image\/width=700,format=auto\/app\/uploads\/sites\/24\/2023\/03\/Multi-Mam-Protect.png 700w\"\n        sizes=\"(max-width: 400px) 250px, (max-width: 800px) 500px, 700px\"\n        alt=\"Multi-Mam Protect\"\n        class=\"img\">\n            <\/figure>\n    <div class=\"product-card-content\">\n      <div class=\"heading-wrapper\">\n        <h2 class=\"heading\">Multi-Mam Protect<\/h2>\n      <\/div>\n      <div class=\"product-card-description\">Balzam za negu bradavica<\/div>\n                      <\/div>\n  <\/a>\n          <div class=\"button-wrapper buy-now \" data-testid=\"buy-now\">\n      <div class=\"buy-now-container dropdown-container\">\n      <div class=\"theme-button button-primary-color dropdown-link\" aria-label=\"Kupi sada\">\n          Kupi sada <i class=\"dropdown\"><\/i>\n      <\/div>\n      <ul class=\"reseller-list submenu\">\n                    <li>\n              <a\n                href=\"https:\/\/www.apotekasrbotrade.rs\/srpski\/proizvod\/multi-mum-protect-balzam-30ml-srbotrade\" onclick=\"dataLayer.push({'event':'ga_event', 'eventCategory':'Click on Reseller', 'eventAction':'Srbotrade', 'eventLabel':'Multi-Mam Protect', 'eventValue': undefined})\" rel=\"noopener\" target=\"_blank\" title=\"Srbotrade\"\n                data-testid=\"buy-now-reseller\">\n                <i class=\"fa-solid fa-arrow-right\"><\/i> Srbotrade\n              <\/a>\n          <\/li>\n                    <li>\n              <a\n                href=\"https:\/\/webljekarna.vasezdravlje.com\/dojenje-i-izdajanje\/multi-mam-protect-balzam-za-njegu-bradavica\" onclick=\"dataLayer.push({'event':'ga_event', 'eventCategory':'Click on Reseller', 'eventAction':'Va\u0161ezdravlje', 'eventLabel':'Multi-Mam Protect', 'eventValue': undefined})\" rel=\"noopener\" target=\"_blank\" title=\"Va\u0161ezdravlje\"\n                data-testid=\"buy-now-reseller\">\n                <i class=\"fa-solid fa-arrow-right\"><\/i> Va\u0161ezdravlje\n              <\/a>\n          <\/li>\n                <\/ul>\n    <\/div>\n  <\/div>\n  <\/div>\n            <\/div>\n                      <div class=\"swiper-slide\">\n              <div class=\"product-card\" data-testid=\"product-card\">\n  <a\n    href=https:\/\/multi-mam.com\/rs\/proizvod\/multi-mam-komprese\/\n    class=\"product-card-link\"\n    title=\"Multi-Mam Komprese\"\n  >\n  <figure class=\"product-card-image\" data-testid=\"product-image\">\n                          <img decoding=\"async\" src=\"https:\/\/multi-mam.com\/cdn-cgi\/image\/width=700,format=auto\/app\/uploads\/sites\/24\/2023\/03\/MultiMam_Compresses.png\"\n        srcset=\"https:\/\/multi-mam.com\/cdn-cgi\/image\/width=250,format=auto\/app\/uploads\/sites\/24\/2023\/03\/MultiMam_Compresses.png 250w,\n                https:\/\/multi-mam.com\/cdn-cgi\/image\/width=500,format=auto\/app\/uploads\/sites\/24\/2023\/03\/MultiMam_Compresses.png 500w,\n                https:\/\/multi-mam.com\/cdn-cgi\/image\/width=700,format=auto\/app\/uploads\/sites\/24\/2023\/03\/MultiMam_Compresses.png 700w\"\n        sizes=\"(max-width: 400px) 250px, (max-width: 800px) 500px, 700px\"\n        alt=\"Multi-Mam Komprese\"\n        class=\"img\">\n            <\/figure>\n    <div class=\"product-card-content\">\n      <div class=\"heading-wrapper\">\n        <h2 class=\"heading\">Multi-Mam Komprese<\/h2>\n      <\/div>\n      <div class=\"product-card-description\">Intenzivna nega bradavica kod dojilja<\/div>\n                      <\/div>\n  <\/a>\n          <div class=\"button-wrapper buy-now \" data-testid=\"buy-now\">\n      <div class=\"buy-now-container dropdown-container\">\n      <div class=\"theme-button button-primary-color dropdown-link\" aria-label=\"Kupi sada\">\n          Kupi sada <i class=\"dropdown\"><\/i>\n      <\/div>\n      <ul class=\"reseller-list submenu\">\n                    <li>\n              <a\n                href=\"https:\/\/www.apotekaflos.rs\/sr\/proizvod\/multi-mam-komprese-bradavice-12x\" onclick=\"dataLayer.push({'event':'ga_event', 'eventCategory':'Click on Reseller', 'eventAction':'Apoteka Flos au Lekofarma', 'eventLabel':'Multi-Mam Komprese', 'eventValue': undefined})\" rel=\"noopener\" target=\"_blank\" title=\"Apoteka Flos au Lekofarma\"\n                data-testid=\"buy-now-reseller\">\n                <i class=\"fa-solid fa-arrow-right\"><\/i> Apoteka Flos au Lekofarma\n              <\/a>\n          <\/li>\n                    <li>\n              <a\n                href=\"https:\/\/www.apotekasrbotrade.rs\/srpski\/proizvod\/Multi-Mam-komprese-za-grudi\" onclick=\"dataLayer.push({'event':'ga_event', 'eventCategory':'Click on Reseller', 'eventAction':'Srbotrade', 'eventLabel':'Multi-Mam Komprese', 'eventValue': undefined})\" rel=\"noopener\" target=\"_blank\" title=\"Srbotrade\"\n                data-testid=\"buy-now-reseller\">\n                <i class=\"fa-solid fa-arrow-right\"><\/i> Srbotrade\n              <\/a>\n          <\/li>\n                    <li>\n              <a\n                href=\"https:\/\/webljekarna.vasezdravlje.com\/dojenje-i-izdajanje\/multi-mam-komprese\" onclick=\"dataLayer.push({'event':'ga_event', 'eventCategory':'Click on Reseller', 'eventAction':'Va\u0161ezdravlje', 'eventLabel':'Multi-Mam Komprese', 'eventValue': undefined})\" rel=\"noopener\" target=\"_blank\" title=\"Va\u0161ezdravlje\"\n                data-testid=\"buy-now-reseller\">\n                <i class=\"fa-solid fa-arrow-right\"><\/i> Va\u0161ezdravlje\n              <\/a>\n          <\/li>\n                <\/ul>\n    <\/div>\n  <\/div>\n  <\/div>\n            <\/div>\n                  <\/div>\n        <div class=\"swiper-scrollbar\"><\/div>\n      <\/div>\n    <\/div>\n  <\/div>\n\n\n\n<section class=\"wp-block-karopharma-image-with-text image-with-text image-with-text__full-width is-style-primary\"><div class=\"image-with-text-container \"><div class=\"image-with-text-container-image-container\"><img decoding=\"async\" loading=\"lazy\" src=\"https:\/\/multi-mam.com\/cdn-cgi\/image\/format=auto\/app\/uploads\/sites\/24\/2023\/03\/start-multimam.jpeg\" alt=\"start-multimam\"\/><\/div><div class=\"image-with-text-container-content\" style=\"text-align:left\" data-test=\"content\"><div class=\"content\"><h2>U\u017eivajte u maj\u010dinstvu sa Multi-Mam proizvodima<\/h2><p class=\"body\" data-test=\"body\">Prvi dani maj\u010dinstva su nezamenljivi i posebni, a ose\u0107aj ljubavi mo\u017ee biti ogroman. U toku ovog dragocenog perioda lako zaboravljamo da je jednako va\u017eno da brinemo o sebi kao i o bebi. Izazovi kao \u0161to su bolne bradavice, umor i rast zubi\u0107a su uobi\u010dajeni me\u0111u majkama novoro\u0111en\u010dadi i mo\u017eda \u0107e Vam biti potrebna dodatna pomo\u0107. Tu je mesto za Multi-Mam koji \u0107e Vam omogu\u0107iti dobar po\u010detak jer kada se Vi kao mama ose\u0107ate dobro pove\u0107avate \u0161anse da i Va\u0161a beba upije tu harmoniju.<\/p>\n<div class=\"wp-block-buttons is-content-justification-left is-layout-flex wp-container-core-buttons-is-layout-fdcfc74e wp-block-buttons-is-layout-flex\">\n<div class=\"wp-block-button\"><a class=\"wp-block-button__link\" href=\"https:\/\/multi-mam.com\/rs\/proizvodi\/\">Pogledajte sve proizvode<\/a><\/div>\n<\/div>\n<\/div><\/div><\/div><\/section>\n","protected":false},"excerpt":{"rendered":"","protected":false},"author":2,"featured_media":0,"parent":0,"menu_order":0,"comment_status":"closed","ping_status":"closed","template":"","meta":{"_acf_changed":false,"footnotes":""},"from-article-database":[],"class_list":["post-8","page","type-page","status-publish","hentry"],"acf":[],"yoast_head":"<!-- This site is optimized with the Yoast SEO plugin v26.6 - https:\/\/yoast.com\/wordpress\/plugins\/seo\/ -->\n<title>Multi-Mam - Multi-Mam<\/title>\n<meta name=\"description\" content=\"Ljubav je sve \u0161to vam treba\u2026uz proizvode za mame i bebe. Prvi dani maj\u010dinstva su nezamenljivi i posebni, a ose\u0107aj ljubavi mo\u017ee biti ogroman.\" \/>\n<meta name=\"robots\" content=\"index, follow, max-snippet:-1, max-image-preview:large, max-video-preview:-1\" \/>\n<link rel=\"canonical\" href=\"https:\/\/multi-mam.com\/rs\/\" \/>\n<meta property=\"og:locale\" content=\"sr_RS\" \/>\n<meta property=\"og:type\" content=\"article\" \/>\n<meta property=\"og:title\" content=\"Multi-Mam - Multi-Mam\" \/>\n<meta property=\"og:description\" content=\"Ljubav je sve \u0161to vam treba\u2026uz proizvode za mame i bebe. Prvi dani maj\u010dinstva su nezamenljivi i posebni, a ose\u0107aj ljubavi mo\u017ee biti ogroman.\" \/>\n<meta property=\"og:url\" content=\"https:\/\/multi-mam.com\/rs\/\" \/>\n<meta property=\"og:site_name\" content=\"Multi-Mam\" \/>\n<meta property=\"article:modified_time\" content=\"2024-03-18T14:50:05+00:00\" \/>\n<meta property=\"og:image\" content=\"https:\/\/multi-mam.com\/app\/uploads\/sites\/24\/2023\/03\/front-group.png\" \/>\n<meta name=\"twitter:card\" content=\"summary_large_image\" \/>\n<meta name=\"twitter:label1\" content=\"\u041f\u0440\u043e\u0446\u0435\u045a\u0435\u043d\u043e \u0432\u0440\u0435\u043c\u0435 \u0447\u0438\u0442\u0430\u045a\u0430\" \/>\n\t<meta name=\"twitter:data1\" content=\"1 \u043c\u0438\u043d\u0443\u0442\" \/>\n<script type=\"application\/ld+json\" class=\"yoast-schema-graph\">{\"@context\":\"https:\/\/schema.org\",\"@graph\":[{\"@type\":\"WebPage\",\"@id\":\"https:\/\/multi-mam.com\/rs\/\",\"url\":\"https:\/\/multi-mam.com\/rs\/\",\"name\":\"Multi-Mam - Multi-Mam\",\"isPartOf\":{\"@id\":\"https:\/\/multi-mam.com\/rs\/#website\"},\"primaryImageOfPage\":{\"@id\":\"https:\/\/multi-mam.com\/rs\/#primaryimage\"},\"image\":{\"@id\":\"https:\/\/multi-mam.com\/rs\/#primaryimage\"},\"thumbnailUrl\":\"https:\/\/multi-mam.com\/app\/uploads\/sites\/24\/2023\/03\/front-group.png\",\"datePublished\":\"2023-03-08T14:06:40+00:00\",\"dateModified\":\"2024-03-18T14:50:05+00:00\",\"description\":\"Ljubav je sve \u0161to vam treba\u2026uz proizvode za mame i bebe. Prvi dani maj\u010dinstva su nezamenljivi i posebni, a ose\u0107aj ljubavi mo\u017ee biti ogroman.\",\"breadcrumb\":{\"@id\":\"https:\/\/multi-mam.com\/rs\/#breadcrumb\"},\"inLanguage\":\"sr-RS\",\"potentialAction\":[{\"@type\":\"ReadAction\",\"target\":[\"https:\/\/multi-mam.com\/rs\/\"]}]},{\"@type\":\"ImageObject\",\"inLanguage\":\"sr-RS\",\"@id\":\"https:\/\/multi-mam.com\/rs\/#primaryimage\",\"url\":\"https:\/\/multi-mam.com\/app\/uploads\/sites\/24\/2023\/03\/front-group.png\",\"contentUrl\":\"https:\/\/multi-mam.com\/app\/uploads\/sites\/24\/2023\/03\/front-group.png\"},{\"@type\":\"BreadcrumbList\",\"@id\":\"https:\/\/multi-mam.com\/rs\/#breadcrumb\",\"itemListElement\":[{\"@type\":\"ListItem\",\"position\":1,\"name\":\"Home\",\"item\":\"https:\/\/multi-mam.com\/rs\/\"},{\"@type\":\"ListItem\",\"position\":2,\"name\":\"Multi-Mam\"}]},{\"@type\":\"WebSite\",\"@id\":\"https:\/\/multi-mam.com\/rs\/#website\",\"url\":\"https:\/\/multi-mam.com\/rs\/\",\"name\":\"Multi-Mam\",\"description\":\"\",\"publisher\":{\"@id\":\"https:\/\/multi-mam.com\/rs\/#organization\"},\"potentialAction\":[{\"@type\":\"SearchAction\",\"target\":{\"@type\":\"EntryPoint\",\"urlTemplate\":\"https:\/\/multi-mam.com\/rs\/?s={search_term_string}\"},\"query-input\":{\"@type\":\"PropertyValueSpecification\",\"valueRequired\":true,\"valueName\":\"search_term_string\"}}],\"inLanguage\":\"sr-RS\"},{\"@type\":\"Organization\",\"@id\":\"https:\/\/multi-mam.com\/rs\/#organization\",\"name\":\"Multi-Mam\",\"url\":\"https:\/\/multi-mam.com\/rs\/\",\"logo\":{\"@type\":\"ImageObject\",\"inLanguage\":\"sr-RS\",\"@id\":\"https:\/\/multi-mam.com\/rs\/#\/schema\/logo\/image\/\",\"url\":\"https:\/\/multi-mam.com\/app\/uploads\/sites\/24\/2023\/03\/multi-mam-logotype.png\",\"contentUrl\":\"https:\/\/multi-mam.com\/app\/uploads\/sites\/24\/2023\/03\/multi-mam-logotype.png\",\"width\":70,\"height\":96,\"caption\":\"Multi-Mam\"},\"image\":{\"@id\":\"https:\/\/multi-mam.com\/rs\/#\/schema\/logo\/image\/\"}}]}<\/script>\n<!-- \/ Yoast SEO plugin. -->","yoast_head_json":{"title":"Multi-Mam - Multi-Mam","description":"Ljubav je sve \u0161to vam treba\u2026uz proizvode za mame i bebe. Prvi dani maj\u010dinstva su nezamenljivi i posebni, a ose\u0107aj ljubavi mo\u017ee biti ogroman.","robots":{"index":"index","follow":"follow","max-snippet":"max-snippet:-1","max-image-preview":"max-image-preview:large","max-video-preview":"max-video-preview:-1"},"canonical":"https:\/\/multi-mam.com\/rs\/","og_locale":"sr_RS","og_type":"article","og_title":"Multi-Mam - Multi-Mam","og_description":"Ljubav je sve \u0161to vam treba\u2026uz proizvode za mame i bebe. Prvi dani maj\u010dinstva su nezamenljivi i posebni, a ose\u0107aj ljubavi mo\u017ee biti ogroman.","og_url":"https:\/\/multi-mam.com\/rs\/","og_site_name":"Multi-Mam","article_modified_time":"2024-03-18T14:50:05+00:00","og_image":[{"url":"https:\/\/multi-mam.com\/app\/uploads\/sites\/24\/2023\/03\/front-group.png","type":"","width":"","height":""}],"twitter_card":"summary_large_image","twitter_misc":{"\u041f\u0440\u043e\u0446\u0435\u045a\u0435\u043d\u043e \u0432\u0440\u0435\u043c\u0435 \u0447\u0438\u0442\u0430\u045a\u0430":"1 \u043c\u0438\u043d\u0443\u0442"},"schema":{"@context":"https:\/\/schema.org","@graph":[{"@type":"WebPage","@id":"https:\/\/multi-mam.com\/rs\/","url":"https:\/\/multi-mam.com\/rs\/","name":"Multi-Mam - Multi-Mam","isPartOf":{"@id":"https:\/\/multi-mam.com\/rs\/#website"},"primaryImageOfPage":{"@id":"https:\/\/multi-mam.com\/rs\/#primaryimage"},"image":{"@id":"https:\/\/multi-mam.com\/rs\/#primaryimage"},"thumbnailUrl":"https:\/\/multi-mam.com\/app\/uploads\/sites\/24\/2023\/03\/front-group.png","datePublished":"2023-03-08T14:06:40+00:00","dateModified":"2024-03-18T14:50:05+00:00","description":"Ljubav je sve \u0161to vam treba\u2026uz proizvode za mame i bebe. Prvi dani maj\u010dinstva su nezamenljivi i posebni, a ose\u0107aj ljubavi mo\u017ee biti ogroman.","breadcrumb":{"@id":"https:\/\/multi-mam.com\/rs\/#breadcrumb"},"inLanguage":"sr-RS","potentialAction":[{"@type":"ReadAction","target":["https:\/\/multi-mam.com\/rs\/"]}]},{"@type":"ImageObject","inLanguage":"sr-RS","@id":"https:\/\/multi-mam.com\/rs\/#primaryimage","url":"https:\/\/multi-mam.com\/app\/uploads\/sites\/24\/2023\/03\/front-group.png","contentUrl":"https:\/\/multi-mam.com\/app\/uploads\/sites\/24\/2023\/03\/front-group.png"},{"@type":"BreadcrumbList","@id":"https:\/\/multi-mam.com\/rs\/#breadcrumb","itemListElement":[{"@type":"ListItem","position":1,"name":"Home","item":"https:\/\/multi-mam.com\/rs\/"},{"@type":"ListItem","position":2,"name":"Multi-Mam"}]},{"@type":"WebSite","@id":"https:\/\/multi-mam.com\/rs\/#website","url":"https:\/\/multi-mam.com\/rs\/","name":"Multi-Mam","description":"","publisher":{"@id":"https:\/\/multi-mam.com\/rs\/#organization"},"potentialAction":[{"@type":"SearchAction","target":{"@type":"EntryPoint","urlTemplate":"https:\/\/multi-mam.com\/rs\/?s={search_term_string}"},"query-input":{"@type":"PropertyValueSpecification","valueRequired":true,"valueName":"search_term_string"}}],"inLanguage":"sr-RS"},{"@type":"Organization","@id":"https:\/\/multi-mam.com\/rs\/#organization","name":"Multi-Mam","url":"https:\/\/multi-mam.com\/rs\/","logo":{"@type":"ImageObject","inLanguage":"sr-RS","@id":"https:\/\/multi-mam.com\/rs\/#\/schema\/logo\/image\/","url":"https:\/\/multi-mam.com\/app\/uploads\/sites\/24\/2023\/03\/multi-mam-logotype.png","contentUrl":"https:\/\/multi-mam.com\/app\/uploads\/sites\/24\/2023\/03\/multi-mam-logotype.png","width":70,"height":96,"caption":"Multi-Mam"},"image":{"@id":"https:\/\/multi-mam.com\/rs\/#\/schema\/logo\/image\/"}}]}},"_links":{"self":[{"href":"https:\/\/multi-mam.com\/rs\/wp-json\/wp\/v2\/pages\/8","targetHints":{"allow":["GET"]}}],"collection":[{"href":"https:\/\/multi-mam.com\/rs\/wp-json\/wp\/v2\/pages"}],"about":[{"href":"https:\/\/multi-mam.com\/rs\/wp-json\/wp\/v2\/types\/page"}],"author":[{"embeddable":true,"href":"https:\/\/multi-mam.com\/rs\/wp-json\/wp\/v2\/users\/2"}],"replies":[{"embeddable":true,"href":"https:\/\/multi-mam.com\/rs\/wp-json\/wp\/v2\/comments?post=8"}],"version-history":[{"count":8,"href":"https:\/\/multi-mam.com\/rs\/wp-json\/wp\/v2\/pages\/8\/revisions"}],"predecessor-version":[{"id":219,"href":"https:\/\/multi-mam.com\/rs\/wp-json\/wp\/v2\/pages\/8\/revisions\/219"}],"wp:attachment":[{"href":"https:\/\/multi-mam.com\/rs\/wp-json\/wp\/v2\/media?parent=8"}],"wp:term":[{"taxonomy":"from-article-database","embeddable":true,"href":"https:\/\/multi-mam.com\/rs\/wp-json\/wp\/v2\/from-article-database?post=8"}],"curies":[{"name":"wp","href":"https:\/\/api.w.org\/{rel}","templated":true}]}}