{"id":77,"date":"2023-03-09T10:00:37","date_gmt":"2023-03-09T09:00:37","guid":{"rendered":"https:\/\/multi-mam.com\/rs\/?page_id=77"},"modified":"2023-07-07T14:55:21","modified_gmt":"2023-07-07T12:55:21","slug":"izgled-dojki-tokom-dojenja","status":"publish","type":"page","link":"https:\/\/multi-mam.com\/rs\/tekstovi\/izgled-dojki-tokom-dojenja\/","title":{"rendered":"Izgled dojki tokom dojenja"},"content":{"rendered":"\n<div class=\"wp-block-karopharma-free-text pt-large pb-large bg-center bg-cover bg-no-repeat\" style=\"background-image:url(https:\/\/multi-mam.com\/cdn-cgi\/image\/format=auto\/app\/uploads\/sites\/24\/2023\/03\/Elina-with-6-month-baby-151-scaled-1.jpeg)\"><div class=\"free-text-wrapper container max-w-medium text-left\">\n<div style=\"height:100px\" aria-hidden=\"true\" class=\"wp-block-spacer is-style-responsive-large\"><\/div>\n<\/div><\/div>\n\n\n\n<div class=\"wp-block-karopharma-free-text pt-large pb-large bg-center bg-cover bg-no-repeat  is-style-primary\" style=\"background-image:url()\"><div class=\"free-text-wrapper container max-w-medium text-left\">\n<h1 class=\"wp-block-heading\">Izgled dojki tokom dojenja<\/h1>\n\n\n\n<p class=\"is-style-paragraph-preamble\">Ono \u0161to je najlep\u0161e je da oblik i veli\u010dina grudi ne odre\u0111uje Va\u0161u sposobnost da hranite bebu.<\/p>\n\n\n\n<p class=\"is-style-paragraph-preamble\"><em><mark style=\"background-color:rgba(0, 0, 0, 0)\" class=\"has-inline-color has-primary-color\">\u017denske grudi su sa\u010dinjene od masnog tkiva, vezivnog tkiva i \u017elezdi koje proizvode mleko. Tako\u0111e su prisutni krvni i limfni sudovi.<\/mark><\/em><\/p>\n\n\n\n<p>Svaka Va\u0161a dojka ima 15-20 re\u017enjeva koji sadr\u017ee nekoliko manjih lobula i male grupe takozvanih alveola koje odvode mleko iz dojke. Mleko se zatim transportuje do bradavice preko mle\u010dnih kanala. Bradavica i okolna areola su u nijansi od ru\u017ei\u010daste do sme\u0111e, a ponekad postaju vec\u0301e i tamnije tokom trudnoc\u0301e. Ovo je verovatno na\u010din na koji priroda poma\u017ee Va\u0161oj bebi da prepozna bradavicu kada dojite. Da bi bebi olak\u0161ali put do dojke, mle\u010dne \u017elezde tako\u0111e osloba\u0111aju miris koji je uporediv sa mirisom plodove vode u materici.<\/p>\n<\/div><\/div>\n\n\n\n<div class=\"wp-block-karopharma-free-text pt-large pb-large bg-center bg-cover bg-no-repeat\" style=\"background-image:url()\"><div class=\"free-text-wrapper container max-w-medium text-left\">\n<h2 class=\"is-style-heading-h2 wp-block-heading\">Da li je bitna veli\u010dina grudi?<\/h2>\n\n\n\n<p>\u017dene uobi\u010dajeno imaju sli\u010dan broj mle\u010dnih \u017elezdi, imale manje ili ve\u0107e grudi. Krupnije grudi samo imaju vi\u0161e masnog tkiva. Neke \u017eene tako\u0111e imaju ve\u0107i kapacitet za \u010duvanje mleka, od drugih \u017eena. Ukoliko Va\u0161e grudi imaju manji kapacitet za \u010duvanje mleka to samo zna\u010di da \u0107ete Va\u0161u bebu malo \u010de\u0161\u0107e dojiti. Nekada se de\u0161ava i da jedna dojka ima ve\u0107i kapacitet za \u010duvanje mleka, od druge, \u0161to zna\u010di da na njoj podoj mo\u017ee du\u017ee da traje. I to je sasvim prirodno.<\/p>\n\n\n\n<h2 class=\"is-style-heading-h2 wp-block-heading\">Razvoj dojki tokom dojenja<\/h2>\n\n\n\n<p>Od \u010detvrtog do \u0161estog meseca trudno\u0107e, mle\u010dne \u017elezde po\u010dinju da produkuju kolostrum, te\u010dnost punu hranljivih materija kojom \u0107e se Va\u0161a beba hraniti tokom prvih nekoliko dana nakon ro\u0111enja. Nakon ro\u0111enja Va\u0161e bebe, Va\u0161e telo osloba\u0111a hormon prolaktin koji priprema grudi za laktaciju i pokre\u0107e proizvodnju pravog maj\u010dinog mleka.<\/p>\n\n\n\n<h2 class=\"is-style-heading-h2 wp-block-heading\">Produkcija maj\u010dinog mleka<\/h2>\n\n\n\n<p>Prvih nekoliko nedelja, Va\u0161e telo proizvodi mleko stimulisano hormonima, ali vrlo brzo potreba bebe odre\u0111uje koli\u010dinu mleka koje se proizvodi. Va\u0161e dojke, mogu da proizvedu i do 1 litar mleka, dnevno. Vec\u0301ina tkiva koje proizvodi mleko se zamenjuje vezivnim tkivom, nakon prestanka perioda dojenja.<\/p>\n<\/div><\/div>\n","protected":false},"excerpt":{"rendered":"","protected":false},"author":2,"featured_media":0,"parent":59,"menu_order":8,"comment_status":"closed","ping_status":"closed","template":"","meta":{"_acf_changed":false,"footnotes":""},"from-article-database":[],"class_list":["post-77","page","type-page","status-publish","hentry"],"acf":[],"yoast_head":"<!-- This site is optimized with the Yoast SEO plugin v26.6 - https:\/\/yoast.com\/wordpress\/plugins\/seo\/ -->\n<title>Izgled dojki tokom dojenja - Multi-Mam<\/title>\n<meta name=\"description\" content=\"Ono \u0161to je najlep\u0161e je da oblik i veli\u010dina grudi ne odre\u0111uje Va\u0161u sposobnost da hranite bebu.\" \/>\n<meta name=\"robots\" content=\"index, follow, max-snippet:-1, max-image-preview:large, max-video-preview:-1\" \/>\n<link rel=\"canonical\" href=\"https:\/\/multi-mam.com\/rs\/tekstovi\/izgled-dojki-tokom-dojenja\/\" \/>\n<meta property=\"og:locale\" content=\"sr_RS\" \/>\n<meta property=\"og:type\" content=\"article\" \/>\n<meta property=\"og:title\" content=\"Izgled dojki tokom dojenja - Multi-Mam\" \/>\n<meta property=\"og:description\" content=\"Ono \u0161to je najlep\u0161e je da oblik i veli\u010dina grudi ne odre\u0111uje Va\u0161u sposobnost da hranite bebu.\" \/>\n<meta property=\"og:url\" content=\"https:\/\/multi-mam.com\/rs\/tekstovi\/izgled-dojki-tokom-dojenja\/\" \/>\n<meta property=\"og:site_name\" content=\"Multi-Mam\" \/>\n<meta property=\"article:modified_time\" content=\"2023-07-07T12:55:21+00:00\" \/>\n<meta name=\"twitter:card\" content=\"summary_large_image\" \/>\n<meta name=\"twitter:label1\" content=\"\u041f\u0440\u043e\u0446\u0435\u045a\u0435\u043d\u043e \u0432\u0440\u0435\u043c\u0435 \u0447\u0438\u0442\u0430\u045a\u0430\" \/>\n\t<meta name=\"twitter:data1\" content=\"2 \u043c\u0438\u043d\u0443\u0442\u0430\" \/>\n<script type=\"application\/ld+json\" class=\"yoast-schema-graph\">{\"@context\":\"https:\/\/schema.org\",\"@graph\":[{\"@type\":\"WebPage\",\"@id\":\"https:\/\/multi-mam.com\/rs\/tekstovi\/izgled-dojki-tokom-dojenja\/\",\"url\":\"https:\/\/multi-mam.com\/rs\/tekstovi\/izgled-dojki-tokom-dojenja\/\",\"name\":\"Izgled dojki tokom dojenja - Multi-Mam\",\"isPartOf\":{\"@id\":\"https:\/\/multi-mam.com\/rs\/#website\"},\"datePublished\":\"2023-03-09T09:00:37+00:00\",\"dateModified\":\"2023-07-07T12:55:21+00:00\",\"description\":\"Ono \u0161to je najlep\u0161e je da oblik i veli\u010dina grudi ne odre\u0111uje Va\u0161u sposobnost da hranite bebu.\",\"breadcrumb\":{\"@id\":\"https:\/\/multi-mam.com\/rs\/tekstovi\/izgled-dojki-tokom-dojenja\/#breadcrumb\"},\"inLanguage\":\"sr-RS\",\"potentialAction\":[{\"@type\":\"ReadAction\",\"target\":[\"https:\/\/multi-mam.com\/rs\/tekstovi\/izgled-dojki-tokom-dojenja\/\"]}]},{\"@type\":\"BreadcrumbList\",\"@id\":\"https:\/\/multi-mam.com\/rs\/tekstovi\/izgled-dojki-tokom-dojenja\/#breadcrumb\",\"itemListElement\":[{\"@type\":\"ListItem\",\"position\":1,\"name\":\"Home\",\"item\":\"https:\/\/multi-mam.com\/rs\/\"},{\"@type\":\"ListItem\",\"position\":2,\"name\":\"Tekstovi\",\"item\":\"https:\/\/multi-mam.com\/rs\/tekstovi\/\"},{\"@type\":\"ListItem\",\"position\":3,\"name\":\"Izgled dojki tokom dojenja\"}]},{\"@type\":\"WebSite\",\"@id\":\"https:\/\/multi-mam.com\/rs\/#website\",\"url\":\"https:\/\/multi-mam.com\/rs\/\",\"name\":\"Multi-Mam\",\"description\":\"\",\"publisher\":{\"@id\":\"https:\/\/multi-mam.com\/rs\/#organization\"},\"potentialAction\":[{\"@type\":\"SearchAction\",\"target\":{\"@type\":\"EntryPoint\",\"urlTemplate\":\"https:\/\/multi-mam.com\/rs\/?s={search_term_string}\"},\"query-input\":{\"@type\":\"PropertyValueSpecification\",\"valueRequired\":true,\"valueName\":\"search_term_string\"}}],\"inLanguage\":\"sr-RS\"},{\"@type\":\"Organization\",\"@id\":\"https:\/\/multi-mam.com\/rs\/#organization\",\"name\":\"Multi-Mam\",\"url\":\"https:\/\/multi-mam.com\/rs\/\",\"logo\":{\"@type\":\"ImageObject\",\"inLanguage\":\"sr-RS\",\"@id\":\"https:\/\/multi-mam.com\/rs\/#\/schema\/logo\/image\/\",\"url\":\"https:\/\/multi-mam.com\/app\/uploads\/sites\/24\/2023\/03\/multi-mam-logotype.png\",\"contentUrl\":\"https:\/\/multi-mam.com\/app\/uploads\/sites\/24\/2023\/03\/multi-mam-logotype.png\",\"width\":70,\"height\":96,\"caption\":\"Multi-Mam\"},\"image\":{\"@id\":\"https:\/\/multi-mam.com\/rs\/#\/schema\/logo\/image\/\"}}]}<\/script>\n<!-- \/ Yoast SEO plugin. -->","yoast_head_json":{"title":"Izgled dojki tokom dojenja - Multi-Mam","description":"Ono \u0161to je najlep\u0161e je da oblik i veli\u010dina grudi ne odre\u0111uje Va\u0161u sposobnost da hranite bebu.","robots":{"index":"index","follow":"follow","max-snippet":"max-snippet:-1","max-image-preview":"max-image-preview:large","max-video-preview":"max-video-preview:-1"},"canonical":"https:\/\/multi-mam.com\/rs\/tekstovi\/izgled-dojki-tokom-dojenja\/","og_locale":"sr_RS","og_type":"article","og_title":"Izgled dojki tokom dojenja - Multi-Mam","og_description":"Ono \u0161to je najlep\u0161e je da oblik i veli\u010dina grudi ne odre\u0111uje Va\u0161u sposobnost da hranite bebu.","og_url":"https:\/\/multi-mam.com\/rs\/tekstovi\/izgled-dojki-tokom-dojenja\/","og_site_name":"Multi-Mam","article_modified_time":"2023-07-07T12:55:21+00:00","twitter_card":"summary_large_image","twitter_misc":{"\u041f\u0440\u043e\u0446\u0435\u045a\u0435\u043d\u043e \u0432\u0440\u0435\u043c\u0435 \u0447\u0438\u0442\u0430\u045a\u0430":"2 \u043c\u0438\u043d\u0443\u0442\u0430"},"schema":{"@context":"https:\/\/schema.org","@graph":[{"@type":"WebPage","@id":"https:\/\/multi-mam.com\/rs\/tekstovi\/izgled-dojki-tokom-dojenja\/","url":"https:\/\/multi-mam.com\/rs\/tekstovi\/izgled-dojki-tokom-dojenja\/","name":"Izgled dojki tokom dojenja - Multi-Mam","isPartOf":{"@id":"https:\/\/multi-mam.com\/rs\/#website"},"datePublished":"2023-03-09T09:00:37+00:00","dateModified":"2023-07-07T12:55:21+00:00","description":"Ono \u0161to je najlep\u0161e je da oblik i veli\u010dina grudi ne odre\u0111uje Va\u0161u sposobnost da hranite bebu.","breadcrumb":{"@id":"https:\/\/multi-mam.com\/rs\/tekstovi\/izgled-dojki-tokom-dojenja\/#breadcrumb"},"inLanguage":"sr-RS","potentialAction":[{"@type":"ReadAction","target":["https:\/\/multi-mam.com\/rs\/tekstovi\/izgled-dojki-tokom-dojenja\/"]}]},{"@type":"BreadcrumbList","@id":"https:\/\/multi-mam.com\/rs\/tekstovi\/izgled-dojki-tokom-dojenja\/#breadcrumb","itemListElement":[{"@type":"ListItem","position":1,"name":"Home","item":"https:\/\/multi-mam.com\/rs\/"},{"@type":"ListItem","position":2,"name":"Tekstovi","item":"https:\/\/multi-mam.com\/rs\/tekstovi\/"},{"@type":"ListItem","position":3,"name":"Izgled dojki tokom dojenja"}]},{"@type":"WebSite","@id":"https:\/\/multi-mam.com\/rs\/#website","url":"https:\/\/multi-mam.com\/rs\/","name":"Multi-Mam","description":"","publisher":{"@id":"https:\/\/multi-mam.com\/rs\/#organization"},"potentialAction":[{"@type":"SearchAction","target":{"@type":"EntryPoint","urlTemplate":"https:\/\/multi-mam.com\/rs\/?s={search_term_string}"},"query-input":{"@type":"PropertyValueSpecification","valueRequired":true,"valueName":"search_term_string"}}],"inLanguage":"sr-RS"},{"@type":"Organization","@id":"https:\/\/multi-mam.com\/rs\/#organization","name":"Multi-Mam","url":"https:\/\/multi-mam.com\/rs\/","logo":{"@type":"ImageObject","inLanguage":"sr-RS","@id":"https:\/\/multi-mam.com\/rs\/#\/schema\/logo\/image\/","url":"https:\/\/multi-mam.com\/app\/uploads\/sites\/24\/2023\/03\/multi-mam-logotype.png","contentUrl":"https:\/\/multi-mam.com\/app\/uploads\/sites\/24\/2023\/03\/multi-mam-logotype.png","width":70,"height":96,"caption":"Multi-Mam"},"image":{"@id":"https:\/\/multi-mam.com\/rs\/#\/schema\/logo\/image\/"}}]}},"_links":{"self":[{"href":"https:\/\/multi-mam.com\/rs\/wp-json\/wp\/v2\/pages\/77","targetHints":{"allow":["GET"]}}],"collection":[{"href":"https:\/\/multi-mam.com\/rs\/wp-json\/wp\/v2\/pages"}],"about":[{"href":"https:\/\/multi-mam.com\/rs\/wp-json\/wp\/v2\/types\/page"}],"author":[{"embeddable":true,"href":"https:\/\/multi-mam.com\/rs\/wp-json\/wp\/v2\/users\/2"}],"replies":[{"embeddable":true,"href":"https:\/\/multi-mam.com\/rs\/wp-json\/wp\/v2\/comments?post=77"}],"version-history":[{"count":5,"href":"https:\/\/multi-mam.com\/rs\/wp-json\/wp\/v2\/pages\/77\/revisions"}],"predecessor-version":[{"id":231,"href":"https:\/\/multi-mam.com\/rs\/wp-json\/wp\/v2\/pages\/77\/revisions\/231"}],"up":[{"embeddable":true,"href":"https:\/\/multi-mam.com\/rs\/wp-json\/wp\/v2\/pages\/59"}],"wp:attachment":[{"href":"https:\/\/multi-mam.com\/rs\/wp-json\/wp\/v2\/media?parent=77"}],"wp:term":[{"taxonomy":"from-article-database","embeddable":true,"href":"https:\/\/multi-mam.com\/rs\/wp-json\/wp\/v2\/from-article-database?post=77"}],"curies":[{"name":"wp","href":"https:\/\/api.w.org\/{rel}","templated":true}]}}