{"id":75,"date":"2023-03-09T10:00:17","date_gmt":"2023-03-09T09:00:17","guid":{"rendered":"https:\/\/multi-mam.com\/rs\/?page_id=75"},"modified":"2023-07-07T14:55:23","modified_gmt":"2023-07-07T12:55:23","slug":"odvikavanje-od-dojenja","status":"publish","type":"page","link":"https:\/\/multi-mam.com\/rs\/tekstovi\/odvikavanje-od-dojenja\/","title":{"rendered":"Odvikavanje od dojenja"},"content":{"rendered":"\n<div class=\"wp-block-karopharma-free-text pt-large pb-large bg-center bg-cover bg-no-repeat\" style=\"background-image:url(https:\/\/multi-mam.com\/cdn-cgi\/image\/format=auto\/app\/uploads\/sites\/24\/2023\/03\/Elina-with-6-month-baby-133.jpeg)\"><div class=\"free-text-wrapper container max-w-medium text-left\">\n<div style=\"height:100px\" aria-hidden=\"true\" class=\"wp-block-spacer is-style-responsive-large\"><\/div>\n<\/div><\/div>\n\n\n\n<div class=\"wp-block-karopharma-free-text pt-large pb-large bg-center bg-cover bg-no-repeat  is-style-primary\" style=\"background-image:url()\"><div class=\"free-text-wrapper container max-w-medium text-left\">\n<h1 class=\"wp-block-heading\">Odvikavanje od dojenja<\/h1>\n\n\n\n<p class=\"is-style-paragraph-preamble\">Prvih meseci \u017eivota, spavanje i ma\u017eenje je sve \u0161to Va\u0161a beba tra\u017ei ali oko \u0161estog meseca je Va\u0161a beba spremna da pro\u0161iri svoj jelovnik i da zapo\u010dne proces odvikavanja od dojenja.<\/p>\n\n\n\n<p class=\"is-style-paragraph-preamble\"><em><mark style=\"background-color:rgba(0, 0, 0, 0)\" class=\"has-inline-color has-primary-color\">U toku odvikavanja od dojenja Va\u0161a beba u\u010di da \u017eva\u0107e i da jede \u010dvrstu hranu kao i da pije iz \u010da\u0161e.<\/mark><\/em><\/p>\n\n\n\n<p>To ne zna\u010di da odmah treba da prekinete dojenje. Maj\u010dino mleko i dalje pru\u017ea Va\u0161oj bebi neophodne hranljive sastojke, \u0161titi je od razboljevanja i mo\u017ee da pomogne u varenju prve \u010dvrste hrane. Va\u0161oj bebi je mleko neophodno kao glavno pi\u0107e do 12. meseca i Svetska zdravstvena organizacija preporu\u010duje da majke doje du\u017ee. Drugim re\u010dima, ne ose\u0107ajte pritisak da prekinete dojenje i ako Va\u0161a beba prelazi lagano na druga\u010diju vrstu ishrane. Na Vama i Va\u0161oj bebi je kada \u0107ete prekinuti dojenje.<\/p>\n<\/div><\/div>\n\n\n\n<div class=\"wp-block-karopharma-free-text pt-large pb-large bg-center bg-cover bg-no-repeat\" style=\"background-image:url()\"><div class=\"free-text-wrapper container max-w-medium text-left\">\n<h2 class=\"is-style-heading-h2 wp-block-heading\">Saveti za odvikavanje od dojenja<\/h2>\n\n\n\n<p>Ne postoje pravilni i pogre\u0161ni koraci za odvikavanje bebe od dojenja,a ali ovi saveti Vam mogu pomo\u0107i da se naviknete na novu rutinu:<\/p>\n\n\n\n<ul class=\"is-style-default wp-block-list\"><li>Postepeno odvikavajte bebu da biste spre\u010dili probleme sa dojenjem kao \u0161to su nabrekle grudi i mastitis.<\/li><li>Skuvajte seriju hrane za bebe i zamrznite je u posudama za led. Na taj na\u010din uvek imate spremnu domac\u0301u hranu za bebe kada ste u pokretu.<\/li><li>Pustite bebu da dodiruje i dr\u017ei hranu i nemojte se obeshrabriti ako prvi put ne pojede neke namirnice. Bebi \u0107e mo\u017eda trebati neko vreme da se navikne na nove ukuse i teksture pa samo nastavite da joj nudite raznovrsnu hranu.<\/li><li>Poku\u0161ajte da jedete zajedno kao porodica \u0161to je \u010de\u0161c\u0301e moguc\u0301e \u2013 beba c\u0301e nau\u010diti gledajuc\u0301i vas.<\/li><li>Obratite pa\u017enju na signale va\u0161e bebe i nikada je ne terajte da jede vi\u0161e nego \u0161to \u017eeli<\/li><\/ul>\n\n\n\n<p>Budite spremni da bi odvikavanje moglo da uzdrma delikatnu ravnote\u017eu izme\u0111u ponude i potra\u017enje za maj\u010dinim mlekom.  Popijte do \u010detiri \u010da\u0161e dnevno da biste povec\u0301ali zalihu mleka i borili se protiv umora.<\/p>\n\n\n\n<h2 class=\"is-style-heading-h2 wp-block-heading\">Odvikavanje bebe od dojenja<\/h2>\n\n\n\n<p>Ovo je postupak kada majka doji bebu \u0161est meseci, i zatim ponudi bebi hranu koja se mo\u017ee jesti prstima, bez navikavanja na upotrebu ka\u0161ike, \u0161to je tradicionalni na\u010din privikavanja bebe na \u010dvrstu hranu.<\/p>\n\n\n\n<p>Umesto pirea, beba dobija \u201ehvatljive\u201c komade iste \u010dvrste hrane koju jede porodica, na primer voc\u0301e, povrc\u0301e, meso, sir, dobro kuvana jaja, hleb, testeninu i vec\u0301inu ribe. Beba sama odlu\u010duje \u0161ta i koliko c\u0301e jesti i jede svojim tempom, a majka nudi dojku dok beba ne izgubi interesovanje za dojenje.<\/p>\n\n\n\n<p>Mnogi roditelji veruju da je ovaj vid odvikavanja zdraviji na\u010din za odvikavanje bebe od dojenja i za uvo\u0111enje \u010dvrste hrane, jer u\u010di bebu da sama reguli\u0161e svoj unos hrane. Bez obzira na to kako odlu\u010dite da odviknete svoju bebu, uvek poku\u0161ajte da budete uskla\u0111eni sa potrebama svoje bebe. Pra\u0107enje Va\u0161eg instinkta mo\u017ee mnogo da doprinese uspe\u0161nom odvikavanju.<\/p>\n<\/div><\/div>\n","protected":false},"excerpt":{"rendered":"","protected":false},"author":2,"featured_media":0,"parent":59,"menu_order":7,"comment_status":"closed","ping_status":"closed","template":"","meta":{"_acf_changed":false,"footnotes":""},"from-article-database":[],"class_list":["post-75","page","type-page","status-publish","hentry"],"acf":[],"yoast_head":"<!-- This site is optimized with the Yoast SEO plugin v26.6 - https:\/\/yoast.com\/wordpress\/plugins\/seo\/ -->\n<title>Odvikavanje od dojenja - Multi-Mam<\/title>\n<meta name=\"description\" content=\"U toku odvikavanja od dojenja va\u0161a beba u\u010di da \u017eva\u0107e i jede \u010dvrstu hranu, kao i da pije iz \u010da\u0161e.\" \/>\n<meta name=\"robots\" content=\"index, follow, max-snippet:-1, max-image-preview:large, max-video-preview:-1\" \/>\n<link rel=\"canonical\" href=\"https:\/\/multi-mam.com\/rs\/tekstovi\/odvikavanje-od-dojenja\/\" \/>\n<meta property=\"og:locale\" content=\"sr_RS\" \/>\n<meta property=\"og:type\" content=\"article\" \/>\n<meta property=\"og:title\" content=\"Odvikavanje od dojenja - Multi-Mam\" \/>\n<meta property=\"og:description\" content=\"U toku odvikavanja od dojenja va\u0161a beba u\u010di da \u017eva\u0107e i jede \u010dvrstu hranu, kao i da pije iz \u010da\u0161e.\" \/>\n<meta property=\"og:url\" content=\"https:\/\/multi-mam.com\/rs\/tekstovi\/odvikavanje-od-dojenja\/\" \/>\n<meta property=\"og:site_name\" content=\"Multi-Mam\" \/>\n<meta property=\"article:modified_time\" content=\"2023-07-07T12:55:23+00:00\" \/>\n<meta name=\"twitter:card\" content=\"summary_large_image\" \/>\n<meta name=\"twitter:label1\" content=\"\u041f\u0440\u043e\u0446\u0435\u045a\u0435\u043d\u043e \u0432\u0440\u0435\u043c\u0435 \u0447\u0438\u0442\u0430\u045a\u0430\" \/>\n\t<meta name=\"twitter:data1\" content=\"3 \u043c\u0438\u043d\u0443\u0442\u0430\" \/>\n<script type=\"application\/ld+json\" class=\"yoast-schema-graph\">{\"@context\":\"https:\/\/schema.org\",\"@graph\":[{\"@type\":\"WebPage\",\"@id\":\"https:\/\/multi-mam.com\/rs\/tekstovi\/odvikavanje-od-dojenja\/\",\"url\":\"https:\/\/multi-mam.com\/rs\/tekstovi\/odvikavanje-od-dojenja\/\",\"name\":\"Odvikavanje od dojenja - Multi-Mam\",\"isPartOf\":{\"@id\":\"https:\/\/multi-mam.com\/rs\/#website\"},\"datePublished\":\"2023-03-09T09:00:17+00:00\",\"dateModified\":\"2023-07-07T12:55:23+00:00\",\"description\":\"U toku odvikavanja od dojenja va\u0161a beba u\u010di da \u017eva\u0107e i jede \u010dvrstu hranu, kao i da pije iz \u010da\u0161e.\",\"breadcrumb\":{\"@id\":\"https:\/\/multi-mam.com\/rs\/tekstovi\/odvikavanje-od-dojenja\/#breadcrumb\"},\"inLanguage\":\"sr-RS\",\"potentialAction\":[{\"@type\":\"ReadAction\",\"target\":[\"https:\/\/multi-mam.com\/rs\/tekstovi\/odvikavanje-od-dojenja\/\"]}]},{\"@type\":\"BreadcrumbList\",\"@id\":\"https:\/\/multi-mam.com\/rs\/tekstovi\/odvikavanje-od-dojenja\/#breadcrumb\",\"itemListElement\":[{\"@type\":\"ListItem\",\"position\":1,\"name\":\"Home\",\"item\":\"https:\/\/multi-mam.com\/rs\/\"},{\"@type\":\"ListItem\",\"position\":2,\"name\":\"Tekstovi\",\"item\":\"https:\/\/multi-mam.com\/rs\/tekstovi\/\"},{\"@type\":\"ListItem\",\"position\":3,\"name\":\"Odvikavanje od dojenja\"}]},{\"@type\":\"WebSite\",\"@id\":\"https:\/\/multi-mam.com\/rs\/#website\",\"url\":\"https:\/\/multi-mam.com\/rs\/\",\"name\":\"Multi-Mam\",\"description\":\"\",\"publisher\":{\"@id\":\"https:\/\/multi-mam.com\/rs\/#organization\"},\"potentialAction\":[{\"@type\":\"SearchAction\",\"target\":{\"@type\":\"EntryPoint\",\"urlTemplate\":\"https:\/\/multi-mam.com\/rs\/?s={search_term_string}\"},\"query-input\":{\"@type\":\"PropertyValueSpecification\",\"valueRequired\":true,\"valueName\":\"search_term_string\"}}],\"inLanguage\":\"sr-RS\"},{\"@type\":\"Organization\",\"@id\":\"https:\/\/multi-mam.com\/rs\/#organization\",\"name\":\"Multi-Mam\",\"url\":\"https:\/\/multi-mam.com\/rs\/\",\"logo\":{\"@type\":\"ImageObject\",\"inLanguage\":\"sr-RS\",\"@id\":\"https:\/\/multi-mam.com\/rs\/#\/schema\/logo\/image\/\",\"url\":\"https:\/\/multi-mam.com\/app\/uploads\/sites\/24\/2023\/03\/multi-mam-logotype.png\",\"contentUrl\":\"https:\/\/multi-mam.com\/app\/uploads\/sites\/24\/2023\/03\/multi-mam-logotype.png\",\"width\":70,\"height\":96,\"caption\":\"Multi-Mam\"},\"image\":{\"@id\":\"https:\/\/multi-mam.com\/rs\/#\/schema\/logo\/image\/\"}}]}<\/script>\n<!-- \/ Yoast SEO plugin. -->","yoast_head_json":{"title":"Odvikavanje od dojenja - Multi-Mam","description":"U toku odvikavanja od dojenja va\u0161a beba u\u010di da \u017eva\u0107e i jede \u010dvrstu hranu, kao i da pije iz \u010da\u0161e.","robots":{"index":"index","follow":"follow","max-snippet":"max-snippet:-1","max-image-preview":"max-image-preview:large","max-video-preview":"max-video-preview:-1"},"canonical":"https:\/\/multi-mam.com\/rs\/tekstovi\/odvikavanje-od-dojenja\/","og_locale":"sr_RS","og_type":"article","og_title":"Odvikavanje od dojenja - Multi-Mam","og_description":"U toku odvikavanja od dojenja va\u0161a beba u\u010di da \u017eva\u0107e i jede \u010dvrstu hranu, kao i da pije iz \u010da\u0161e.","og_url":"https:\/\/multi-mam.com\/rs\/tekstovi\/odvikavanje-od-dojenja\/","og_site_name":"Multi-Mam","article_modified_time":"2023-07-07T12:55:23+00:00","twitter_card":"summary_large_image","twitter_misc":{"\u041f\u0440\u043e\u0446\u0435\u045a\u0435\u043d\u043e \u0432\u0440\u0435\u043c\u0435 \u0447\u0438\u0442\u0430\u045a\u0430":"3 \u043c\u0438\u043d\u0443\u0442\u0430"},"schema":{"@context":"https:\/\/schema.org","@graph":[{"@type":"WebPage","@id":"https:\/\/multi-mam.com\/rs\/tekstovi\/odvikavanje-od-dojenja\/","url":"https:\/\/multi-mam.com\/rs\/tekstovi\/odvikavanje-od-dojenja\/","name":"Odvikavanje od dojenja - Multi-Mam","isPartOf":{"@id":"https:\/\/multi-mam.com\/rs\/#website"},"datePublished":"2023-03-09T09:00:17+00:00","dateModified":"2023-07-07T12:55:23+00:00","description":"U toku odvikavanja od dojenja va\u0161a beba u\u010di da \u017eva\u0107e i jede \u010dvrstu hranu, kao i da pije iz \u010da\u0161e.","breadcrumb":{"@id":"https:\/\/multi-mam.com\/rs\/tekstovi\/odvikavanje-od-dojenja\/#breadcrumb"},"inLanguage":"sr-RS","potentialAction":[{"@type":"ReadAction","target":["https:\/\/multi-mam.com\/rs\/tekstovi\/odvikavanje-od-dojenja\/"]}]},{"@type":"BreadcrumbList","@id":"https:\/\/multi-mam.com\/rs\/tekstovi\/odvikavanje-od-dojenja\/#breadcrumb","itemListElement":[{"@type":"ListItem","position":1,"name":"Home","item":"https:\/\/multi-mam.com\/rs\/"},{"@type":"ListItem","position":2,"name":"Tekstovi","item":"https:\/\/multi-mam.com\/rs\/tekstovi\/"},{"@type":"ListItem","position":3,"name":"Odvikavanje od dojenja"}]},{"@type":"WebSite","@id":"https:\/\/multi-mam.com\/rs\/#website","url":"https:\/\/multi-mam.com\/rs\/","name":"Multi-Mam","description":"","publisher":{"@id":"https:\/\/multi-mam.com\/rs\/#organization"},"potentialAction":[{"@type":"SearchAction","target":{"@type":"EntryPoint","urlTemplate":"https:\/\/multi-mam.com\/rs\/?s={search_term_string}"},"query-input":{"@type":"PropertyValueSpecification","valueRequired":true,"valueName":"search_term_string"}}],"inLanguage":"sr-RS"},{"@type":"Organization","@id":"https:\/\/multi-mam.com\/rs\/#organization","name":"Multi-Mam","url":"https:\/\/multi-mam.com\/rs\/","logo":{"@type":"ImageObject","inLanguage":"sr-RS","@id":"https:\/\/multi-mam.com\/rs\/#\/schema\/logo\/image\/","url":"https:\/\/multi-mam.com\/app\/uploads\/sites\/24\/2023\/03\/multi-mam-logotype.png","contentUrl":"https:\/\/multi-mam.com\/app\/uploads\/sites\/24\/2023\/03\/multi-mam-logotype.png","width":70,"height":96,"caption":"Multi-Mam"},"image":{"@id":"https:\/\/multi-mam.com\/rs\/#\/schema\/logo\/image\/"}}]}},"_links":{"self":[{"href":"https:\/\/multi-mam.com\/rs\/wp-json\/wp\/v2\/pages\/75","targetHints":{"allow":["GET"]}}],"collection":[{"href":"https:\/\/multi-mam.com\/rs\/wp-json\/wp\/v2\/pages"}],"about":[{"href":"https:\/\/multi-mam.com\/rs\/wp-json\/wp\/v2\/types\/page"}],"author":[{"embeddable":true,"href":"https:\/\/multi-mam.com\/rs\/wp-json\/wp\/v2\/users\/2"}],"replies":[{"embeddable":true,"href":"https:\/\/multi-mam.com\/rs\/wp-json\/wp\/v2\/comments?post=75"}],"version-history":[{"count":7,"href":"https:\/\/multi-mam.com\/rs\/wp-json\/wp\/v2\/pages\/75\/revisions"}],"predecessor-version":[{"id":260,"href":"https:\/\/multi-mam.com\/rs\/wp-json\/wp\/v2\/pages\/75\/revisions\/260"}],"up":[{"embeddable":true,"href":"https:\/\/multi-mam.com\/rs\/wp-json\/wp\/v2\/pages\/59"}],"wp:attachment":[{"href":"https:\/\/multi-mam.com\/rs\/wp-json\/wp\/v2\/media?parent=75"}],"wp:term":[{"taxonomy":"from-article-database","embeddable":true,"href":"https:\/\/multi-mam.com\/rs\/wp-json\/wp\/v2\/from-article-database?post=75"}],"curies":[{"name":"wp","href":"https:\/\/api.w.org\/{rel}","templated":true}]}}