{"id":73,"date":"2023-03-09T09:59:18","date_gmt":"2023-03-09T08:59:18","guid":{"rendered":"https:\/\/multi-mam.com\/rs\/?page_id=73"},"modified":"2023-07-07T14:55:25","modified_gmt":"2023-07-07T12:55:25","slug":"saveti-za-dojenje","status":"publish","type":"page","link":"https:\/\/multi-mam.com\/rs\/tekstovi\/saveti-za-dojenje\/","title":{"rendered":"Saveti za dojenje"},"content":{"rendered":"\n<div class=\"wp-block-karopharma-free-text pt-large pb-large bg-bottom bg-cover bg-no-repeat\" style=\"background-image:url(https:\/\/multi-mam.com\/cdn-cgi\/image\/format=auto\/app\/uploads\/sites\/24\/2023\/03\/SarahT-with-1-month-baby-127small-scaled-1.jpeg)\"><div class=\"free-text-wrapper container max-w-medium text-left\">\n<div style=\"height:100px\" aria-hidden=\"true\" class=\"wp-block-spacer is-style-responsive-large\"><\/div>\n<\/div><\/div>\n\n\n\n<div class=\"wp-block-karopharma-free-text pt-large pb-large bg-center bg-cover bg-no-repeat  is-style-primary\" style=\"background-image:url()\"><div class=\"free-text-wrapper container max-w-medium text-left\">\n<h1 class=\"wp-block-heading\">Saveti za dojenje<\/h1>\n\n\n\n<p class=\"is-style-paragraph-preamble\">Dojenje je predivan na\u010din ishrane Va\u0161e bebe koji ima nebrojeno benefita, ali mo\u017ee biti veoma izazovno posebno u po\u010detku pa nala\u017eenje pravog puta nekad zahteva vreme. Ukoliko ste u problemu, ovaj vodi\u010d za dojenje \u0107e Vam pomo\u0107i da se sna\u0111ete tokom prvih i najstresnijih dana dojenja.<\/p>\n\n\n\n<p class=\"is-style-paragraph-preamble\"><em><mark style=\"background-color:rgba(0, 0, 0, 0)\" class=\"has-inline-color has-primary-color\">Ukoliko ste u problemu, ovaj vodi\u010d \u0107e Vam pomo\u0107i da se sna\u0111ete tokom prvih i najstresnijih dana dojenja.<\/mark><\/em><\/p>\n<\/div><\/div>\n\n\n\n<div class=\"wp-block-karopharma-free-text pt-large pb-large bg-center bg-cover bg-no-repeat\" style=\"background-image:url()\"><div class=\"free-text-wrapper container max-w-medium text-left\">\n<p><strong>Radite na polo\u017eaju bebe i prijanjanju na dojku<\/strong>. Lo\u0161e prijanjanje je \u010dest problem dojenja, zbog toga je korisno odvojiti neko vreme da beba na pravi na\u010din prione na dojku i da ima dobar polo\u017eaj. Za dobro prijanjanje beba mora \u0161iroko da otvori usta, i da obuhvati dojku tako da je cela bradavica u njenim ustima. Ukoliko niste sigurni da ste dobro savladali tehniku dojenja potre\u017eite pomo\u0107 patrona\u017ene sestre ili sestre obu\u010dene za laktaciju.<\/p>\n\n\n\n<p><strong>Hranite bebu kada tra\u017ei<\/strong>. Novoro\u0111en\u010dad ima potrebu za \u010destim hranjenjem, ponekad i na sat vremena u toku prvih dana i na svaka dva sata tokom prvih nedelja. Hranite bebu onoliko \u010desto koliko tra\u017ei, zapamtite da ne mo\u017eete da pretetate u hranjenju dojene bebe.<\/p>\n\n\n\n<p><strong>Stimuli\u0161ite kontakt ko\u017ee na ko\u017eu<\/strong>. Postavljanje skinute bebe na Va\u0161e gole grudi podr\u017eava privr\u017eenost i dojenje jer stimuli\u0161e prirodne reflekse bebe da pravilno obuhvati dojku. Tako\u0111e direktan kontakt ko\u017ee mame i bebe ima opu\u0161taju\u0107i i umiruju\u0107i efekat.<\/p>\n\n\n\n<p><strong>Neka beba spava sa Vama<\/strong>. Boravak bebe u Va\u0161oj sobi tokom prve godine \u010dini no\u0107no dojenje lak\u0161im i poma\u017ee da prepoznate bebine znake kada tra\u017ei hranu.<\/p>\n\n\n\n<p><strong>Cucla<\/strong>. Cucla ili la\u017ea, poma\u017ee bebi da zadovolji svoj potrebu za sisanjem, ali je ne treba davati bebi pre nego \u0161to nau\u010di da pravilno obuhvati bradavicu tokom podoja, a to je tri do \u010detiri nedelje nakon ro\u0111enja. Sisanje cucle ili fla\u0161ice je druga\u010dije od sisanja bradavice i mo\u017ee zbuniti bebu ako se po\u010dne suvi\u0161e rano.<\/p>\n\n\n\n<p><strong>Brinite o Va\u0161im bradavicama<\/strong>. Bolne i ispucale bradavice su uobi\u010dajene kod majki koje doje i mogu uzrokovati mnogo neprijatnosti. Lo\u0161e prijanjanje bebe na dojku je naj\u010de\u0161\u0107i izaziva\u010d problema, tako da probajte neke nove tehnike i pozicije u toku dojenja da bi se prijanjanje bebe poboj\u0161alo. Primena proizvoda za bradavice kao \u0161to su \u010disti lanolin tako\u0111e mogu pomo\u0107i u olak\u0161anju bola, kao i da pomognu prirodan proces zaceljenja bradavica.<\/p>\n\n\n\n<p><strong>\u017divite zdravo<\/strong>. Zdrav na\u010din \u017eivota i pravilna ishrana \u0107e Vam pomo\u0107i da nadoknadite energiju i obezbedite adekvatnu proizvodnju mleka u toku perioda dojenja. Jedite puno povr\u0107a, vo\u0107a i mahunarki, i obavezno unosite dovoljno te\u010dnosti. Popijte \u010da\u0161u vode svaki put ili svaki drugi put kada dojite bebu. Tako\u0111e je va\u017eno i da se odmarate tako da odremajte kada i beba spava i ne ustru\u010davajte se da od partnera ili druge bliske osobe potra\u017eite pomo\u0107 ukoliko Vam treba pauza.<\/p>\n<\/div><\/div>\n","protected":false},"excerpt":{"rendered":"","protected":false},"author":2,"featured_media":0,"parent":59,"menu_order":6,"comment_status":"closed","ping_status":"closed","template":"","meta":{"_acf_changed":false,"footnotes":""},"from-article-database":[],"class_list":["post-73","page","type-page","status-publish","hentry"],"acf":[],"yoast_head":"<!-- This site is optimized with the Yoast SEO plugin v26.6 - https:\/\/yoast.com\/wordpress\/plugins\/seo\/ -->\n<title>Saveti za dojenje - Multi-Mam<\/title>\n<meta name=\"description\" content=\"Dojenje mo\u017ee biti i izazovno \u2013 posebno u po\u010detku \u2013 i nala\u017eenje pravog puta nekad zahteva vreme.\" \/>\n<meta name=\"robots\" content=\"index, follow, max-snippet:-1, max-image-preview:large, max-video-preview:-1\" \/>\n<link rel=\"canonical\" href=\"https:\/\/multi-mam.com\/rs\/tekstovi\/saveti-za-dojenje\/\" \/>\n<meta property=\"og:locale\" content=\"sr_RS\" \/>\n<meta property=\"og:type\" content=\"article\" \/>\n<meta property=\"og:title\" content=\"Saveti za dojenje - Multi-Mam\" \/>\n<meta property=\"og:description\" content=\"Dojenje mo\u017ee biti i izazovno \u2013 posebno u po\u010detku \u2013 i nala\u017eenje pravog puta nekad zahteva vreme.\" \/>\n<meta property=\"og:url\" content=\"https:\/\/multi-mam.com\/rs\/tekstovi\/saveti-za-dojenje\/\" \/>\n<meta property=\"og:site_name\" content=\"Multi-Mam\" \/>\n<meta property=\"article:modified_time\" content=\"2023-07-07T12:55:25+00:00\" \/>\n<meta name=\"twitter:card\" content=\"summary_large_image\" \/>\n<meta name=\"twitter:label1\" content=\"\u041f\u0440\u043e\u0446\u0435\u045a\u0435\u043d\u043e \u0432\u0440\u0435\u043c\u0435 \u0447\u0438\u0442\u0430\u045a\u0430\" \/>\n\t<meta name=\"twitter:data1\" content=\"3 \u043c\u0438\u043d\u0443\u0442\u0430\" \/>\n<script type=\"application\/ld+json\" class=\"yoast-schema-graph\">{\"@context\":\"https:\/\/schema.org\",\"@graph\":[{\"@type\":\"WebPage\",\"@id\":\"https:\/\/multi-mam.com\/rs\/tekstovi\/saveti-za-dojenje\/\",\"url\":\"https:\/\/multi-mam.com\/rs\/tekstovi\/saveti-za-dojenje\/\",\"name\":\"Saveti za dojenje - Multi-Mam\",\"isPartOf\":{\"@id\":\"https:\/\/multi-mam.com\/rs\/#website\"},\"datePublished\":\"2023-03-09T08:59:18+00:00\",\"dateModified\":\"2023-07-07T12:55:25+00:00\",\"description\":\"Dojenje mo\u017ee biti i izazovno \u2013 posebno u po\u010detku \u2013 i nala\u017eenje pravog puta nekad zahteva vreme.\",\"breadcrumb\":{\"@id\":\"https:\/\/multi-mam.com\/rs\/tekstovi\/saveti-za-dojenje\/#breadcrumb\"},\"inLanguage\":\"sr-RS\",\"potentialAction\":[{\"@type\":\"ReadAction\",\"target\":[\"https:\/\/multi-mam.com\/rs\/tekstovi\/saveti-za-dojenje\/\"]}]},{\"@type\":\"BreadcrumbList\",\"@id\":\"https:\/\/multi-mam.com\/rs\/tekstovi\/saveti-za-dojenje\/#breadcrumb\",\"itemListElement\":[{\"@type\":\"ListItem\",\"position\":1,\"name\":\"Home\",\"item\":\"https:\/\/multi-mam.com\/rs\/\"},{\"@type\":\"ListItem\",\"position\":2,\"name\":\"Tekstovi\",\"item\":\"https:\/\/multi-mam.com\/rs\/tekstovi\/\"},{\"@type\":\"ListItem\",\"position\":3,\"name\":\"Saveti za dojenje\"}]},{\"@type\":\"WebSite\",\"@id\":\"https:\/\/multi-mam.com\/rs\/#website\",\"url\":\"https:\/\/multi-mam.com\/rs\/\",\"name\":\"Multi-Mam\",\"description\":\"\",\"publisher\":{\"@id\":\"https:\/\/multi-mam.com\/rs\/#organization\"},\"potentialAction\":[{\"@type\":\"SearchAction\",\"target\":{\"@type\":\"EntryPoint\",\"urlTemplate\":\"https:\/\/multi-mam.com\/rs\/?s={search_term_string}\"},\"query-input\":{\"@type\":\"PropertyValueSpecification\",\"valueRequired\":true,\"valueName\":\"search_term_string\"}}],\"inLanguage\":\"sr-RS\"},{\"@type\":\"Organization\",\"@id\":\"https:\/\/multi-mam.com\/rs\/#organization\",\"name\":\"Multi-Mam\",\"url\":\"https:\/\/multi-mam.com\/rs\/\",\"logo\":{\"@type\":\"ImageObject\",\"inLanguage\":\"sr-RS\",\"@id\":\"https:\/\/multi-mam.com\/rs\/#\/schema\/logo\/image\/\",\"url\":\"https:\/\/multi-mam.com\/app\/uploads\/sites\/24\/2023\/03\/multi-mam-logotype.png\",\"contentUrl\":\"https:\/\/multi-mam.com\/app\/uploads\/sites\/24\/2023\/03\/multi-mam-logotype.png\",\"width\":70,\"height\":96,\"caption\":\"Multi-Mam\"},\"image\":{\"@id\":\"https:\/\/multi-mam.com\/rs\/#\/schema\/logo\/image\/\"}}]}<\/script>\n<!-- \/ Yoast SEO plugin. -->","yoast_head_json":{"title":"Saveti za dojenje - Multi-Mam","description":"Dojenje mo\u017ee biti i izazovno \u2013 posebno u po\u010detku \u2013 i nala\u017eenje pravog puta nekad zahteva vreme.","robots":{"index":"index","follow":"follow","max-snippet":"max-snippet:-1","max-image-preview":"max-image-preview:large","max-video-preview":"max-video-preview:-1"},"canonical":"https:\/\/multi-mam.com\/rs\/tekstovi\/saveti-za-dojenje\/","og_locale":"sr_RS","og_type":"article","og_title":"Saveti za dojenje - Multi-Mam","og_description":"Dojenje mo\u017ee biti i izazovno \u2013 posebno u po\u010detku \u2013 i nala\u017eenje pravog puta nekad zahteva vreme.","og_url":"https:\/\/multi-mam.com\/rs\/tekstovi\/saveti-za-dojenje\/","og_site_name":"Multi-Mam","article_modified_time":"2023-07-07T12:55:25+00:00","twitter_card":"summary_large_image","twitter_misc":{"\u041f\u0440\u043e\u0446\u0435\u045a\u0435\u043d\u043e \u0432\u0440\u0435\u043c\u0435 \u0447\u0438\u0442\u0430\u045a\u0430":"3 \u043c\u0438\u043d\u0443\u0442\u0430"},"schema":{"@context":"https:\/\/schema.org","@graph":[{"@type":"WebPage","@id":"https:\/\/multi-mam.com\/rs\/tekstovi\/saveti-za-dojenje\/","url":"https:\/\/multi-mam.com\/rs\/tekstovi\/saveti-za-dojenje\/","name":"Saveti za dojenje - Multi-Mam","isPartOf":{"@id":"https:\/\/multi-mam.com\/rs\/#website"},"datePublished":"2023-03-09T08:59:18+00:00","dateModified":"2023-07-07T12:55:25+00:00","description":"Dojenje mo\u017ee biti i izazovno \u2013 posebno u po\u010detku \u2013 i nala\u017eenje pravog puta nekad zahteva vreme.","breadcrumb":{"@id":"https:\/\/multi-mam.com\/rs\/tekstovi\/saveti-za-dojenje\/#breadcrumb"},"inLanguage":"sr-RS","potentialAction":[{"@type":"ReadAction","target":["https:\/\/multi-mam.com\/rs\/tekstovi\/saveti-za-dojenje\/"]}]},{"@type":"BreadcrumbList","@id":"https:\/\/multi-mam.com\/rs\/tekstovi\/saveti-za-dojenje\/#breadcrumb","itemListElement":[{"@type":"ListItem","position":1,"name":"Home","item":"https:\/\/multi-mam.com\/rs\/"},{"@type":"ListItem","position":2,"name":"Tekstovi","item":"https:\/\/multi-mam.com\/rs\/tekstovi\/"},{"@type":"ListItem","position":3,"name":"Saveti za dojenje"}]},{"@type":"WebSite","@id":"https:\/\/multi-mam.com\/rs\/#website","url":"https:\/\/multi-mam.com\/rs\/","name":"Multi-Mam","description":"","publisher":{"@id":"https:\/\/multi-mam.com\/rs\/#organization"},"potentialAction":[{"@type":"SearchAction","target":{"@type":"EntryPoint","urlTemplate":"https:\/\/multi-mam.com\/rs\/?s={search_term_string}"},"query-input":{"@type":"PropertyValueSpecification","valueRequired":true,"valueName":"search_term_string"}}],"inLanguage":"sr-RS"},{"@type":"Organization","@id":"https:\/\/multi-mam.com\/rs\/#organization","name":"Multi-Mam","url":"https:\/\/multi-mam.com\/rs\/","logo":{"@type":"ImageObject","inLanguage":"sr-RS","@id":"https:\/\/multi-mam.com\/rs\/#\/schema\/logo\/image\/","url":"https:\/\/multi-mam.com\/app\/uploads\/sites\/24\/2023\/03\/multi-mam-logotype.png","contentUrl":"https:\/\/multi-mam.com\/app\/uploads\/sites\/24\/2023\/03\/multi-mam-logotype.png","width":70,"height":96,"caption":"Multi-Mam"},"image":{"@id":"https:\/\/multi-mam.com\/rs\/#\/schema\/logo\/image\/"}}]}},"_links":{"self":[{"href":"https:\/\/multi-mam.com\/rs\/wp-json\/wp\/v2\/pages\/73","targetHints":{"allow":["GET"]}}],"collection":[{"href":"https:\/\/multi-mam.com\/rs\/wp-json\/wp\/v2\/pages"}],"about":[{"href":"https:\/\/multi-mam.com\/rs\/wp-json\/wp\/v2\/types\/page"}],"author":[{"embeddable":true,"href":"https:\/\/multi-mam.com\/rs\/wp-json\/wp\/v2\/users\/2"}],"replies":[{"embeddable":true,"href":"https:\/\/multi-mam.com\/rs\/wp-json\/wp\/v2\/comments?post=73"}],"version-history":[{"count":4,"href":"https:\/\/multi-mam.com\/rs\/wp-json\/wp\/v2\/pages\/73\/revisions"}],"predecessor-version":[{"id":236,"href":"https:\/\/multi-mam.com\/rs\/wp-json\/wp\/v2\/pages\/73\/revisions\/236"}],"up":[{"embeddable":true,"href":"https:\/\/multi-mam.com\/rs\/wp-json\/wp\/v2\/pages\/59"}],"wp:attachment":[{"href":"https:\/\/multi-mam.com\/rs\/wp-json\/wp\/v2\/media?parent=73"}],"wp:term":[{"taxonomy":"from-article-database","embeddable":true,"href":"https:\/\/multi-mam.com\/rs\/wp-json\/wp\/v2\/from-article-database?post=73"}],"curies":[{"name":"wp","href":"https:\/\/api.w.org\/{rel}","templated":true}]}}