{"id":71,"date":"2023-03-09T09:58:58","date_gmt":"2023-03-09T08:58:58","guid":{"rendered":"https:\/\/multi-mam.com\/rs\/?page_id=71"},"modified":"2023-07-07T14:55:26","modified_gmt":"2023-07-07T12:55:26","slug":"da-li-mogu-da-dojim-bebu-kada-sam-bolesna","status":"publish","type":"page","link":"https:\/\/multi-mam.com\/rs\/tekstovi\/da-li-mogu-da-dojim-bebu-kada-sam-bolesna\/","title":{"rendered":"Da li mogu da dojim bebu kada sam bolesna?"},"content":{"rendered":"\n<div class=\"wp-block-karopharma-free-text pt-large pb-large bg-center bg-cover bg-no-repeat\" style=\"background-image:url(https:\/\/multi-mam.com\/cdn-cgi\/image\/format=auto\/app\/uploads\/sites\/24\/2023\/03\/Elina-with-6-month-baby-163-scaled-1.jpg)\"><div class=\"free-text-wrapper container max-w-medium text-left\">\n<div style=\"height:100px\" aria-hidden=\"true\" class=\"wp-block-spacer is-style-responsive-large\"><\/div>\n<\/div><\/div>\n\n\n\n<div class=\"wp-block-karopharma-free-text pt-large pb-large bg-center bg-cover bg-no-repeat  is-style-primary\" style=\"background-image:url()\"><div class=\"free-text-wrapper container max-w-medium text-left\">\n<h1 class=\"wp-block-heading\">Da li mogu da dojim bebu kada sam bolesna?<\/h1>\n\n\n\n<p class=\"is-style-paragraph-preamble\">Ako ste zara\u017eeni gripom ili se samo osec\u0301ate slabo, mo\u017eda c\u0301ete se zapitati: \u201eMogu li da dojim dok sam bolesna?\u201c. Kratak odgovor je da, apsolutno! Ne samo da mo\u017eete nastaviti da dojite kada ste bolesni, vec\u0301 bi trebalo.<\/p>\n\n\n\n<p class=\"is-style-paragraph-preamble\"><em><mark style=\"background-color:rgba(0, 0, 0, 0)\" class=\"has-inline-color has-primary-color\">Maj\u010dino mleko je i dalje najbolja hrana za Va\u0161u bebu, a nastavak dojenja u kontinuitetu omogu\u0107i\u0107e Vam da nastavite sa proizvodnjom mleka.<\/mark><\/em><\/p>\n<\/div><\/div>\n\n\n\n<div class=\"wp-block-karopharma-free-text pt-large pb-large bg-center bg-cover bg-no-repeat\" style=\"background-image:url()\"><div class=\"free-text-wrapper container max-w-medium text-left\">\n<p>Ako imate uobi\u010dajenu bolest kao \u0161to je prehlada ili grip, dojenjem ne\u0107ete preneti infekciju na Va\u0161u bebu. Naprotiv, Va\u0161e maj\u010dino mleko \u0107e sadr\u017eati antitela koje je Va\u0161e telo proizvelo za borbu protiv infekcije i ona \u0107e pomo\u0107i u za\u0161titi Va\u0161e bebe. Nema potrebe da se odvajate od svoje bebe kada ste bolesni, jer ste je najverovatnije vec\u0301 izlo\u017eili virusu ili bakterijama pre nego \u0161to ste i znali da ste zara\u017eeni. Pranje ruku i druge uobi\u010dajene higijenske mere pomo\u0107i \u0107e za\u0161titi Va\u0161e bebe od infekcije.<\/p>\n\n\n\n<h2 class=\"is-style-heading-h2 wp-block-heading\">Kada dojenje ukoliko ste bolesni nije preporu\u010deno?<\/h2>\n\n\n\n<p>U nekim retkim slu\u010dajevima, dojenje tokom bolesti nije dobra ideja, na primer ako imate HIV ili tuberkulozu. Niti se dojenje preporu\u010duje ako se le\u010dite od raka. Ako imate samo obi\u010dan grip, ali se ose\u0107ate previ\u0161e bolesno da biste dojili, poku\u0161ajte da izmuzete malo mleka i tra\u017eite nekog da Vam pomogne da nahranite bebu. Izmlazanje \u0107e Vam pomo\u0107i da nastavite proizvodnju maj\u010dinog mleka i spre\u010dite da se grudi prepune.<\/p>\n\n\n\n<h2 class=\"is-style-heading-h2 wp-block-heading\">Uzimanje lekova u toku dojenja<\/h2>\n\n\n\n<p>Prirodno je da oklevate oko uzimanja lekova dok dojite, a bolesni ste. Proverite sa Va\u0161im lekarom da li je bezbedno da dojite dok pijete propisanu terapiju. Aspirin se, na primer, ne smatra bezbednim za bebe, dok ibuprofen i paracetamol jesu.<\/p>\n<\/div><\/div>\n","protected":false},"excerpt":{"rendered":"","protected":false},"author":2,"featured_media":0,"parent":59,"menu_order":5,"comment_status":"closed","ping_status":"closed","template":"","meta":{"_acf_changed":false,"footnotes":""},"from-article-database":[],"class_list":["post-71","page","type-page","status-publish","hentry"],"acf":[],"yoast_head":"<!-- This site is optimized with the Yoast SEO plugin v26.6 - https:\/\/yoast.com\/wordpress\/plugins\/seo\/ -->\n<title>Da li mogu da dojim bebu kada sam bolesna? - Multi-Mam<\/title>\n<meta name=\"description\" content=\"Ako ste zara\u017eeni gripom ili se samo osec\u0301ate slabo, mo\u017eda c\u0301ete se zapitati: \u201eMogu li da dojim dok sam bolesna?\u201c. Kratak odgovor je da, apsolutno!\" \/>\n<meta name=\"robots\" content=\"index, follow, max-snippet:-1, max-image-preview:large, max-video-preview:-1\" \/>\n<link rel=\"canonical\" href=\"https:\/\/multi-mam.com\/rs\/tekstovi\/da-li-mogu-da-dojim-bebu-kada-sam-bolesna\/\" \/>\n<meta property=\"og:locale\" content=\"sr_RS\" \/>\n<meta property=\"og:type\" content=\"article\" \/>\n<meta property=\"og:title\" content=\"Da li mogu da dojim bebu kada sam bolesna? - Multi-Mam\" \/>\n<meta property=\"og:description\" content=\"Ako ste zara\u017eeni gripom ili se samo osec\u0301ate slabo, mo\u017eda c\u0301ete se zapitati: \u201eMogu li da dojim dok sam bolesna?\u201c. Kratak odgovor je da, apsolutno!\" \/>\n<meta property=\"og:url\" content=\"https:\/\/multi-mam.com\/rs\/tekstovi\/da-li-mogu-da-dojim-bebu-kada-sam-bolesna\/\" \/>\n<meta property=\"og:site_name\" content=\"Multi-Mam\" \/>\n<meta property=\"article:modified_time\" content=\"2023-07-07T12:55:26+00:00\" \/>\n<meta name=\"twitter:card\" content=\"summary_large_image\" \/>\n<meta name=\"twitter:label1\" content=\"\u041f\u0440\u043e\u0446\u0435\u045a\u0435\u043d\u043e \u0432\u0440\u0435\u043c\u0435 \u0447\u0438\u0442\u0430\u045a\u0430\" \/>\n\t<meta name=\"twitter:data1\" content=\"2 \u043c\u0438\u043d\u0443\u0442\u0430\" \/>\n<script type=\"application\/ld+json\" class=\"yoast-schema-graph\">{\"@context\":\"https:\/\/schema.org\",\"@graph\":[{\"@type\":\"WebPage\",\"@id\":\"https:\/\/multi-mam.com\/rs\/tekstovi\/da-li-mogu-da-dojim-bebu-kada-sam-bolesna\/\",\"url\":\"https:\/\/multi-mam.com\/rs\/tekstovi\/da-li-mogu-da-dojim-bebu-kada-sam-bolesna\/\",\"name\":\"Da li mogu da dojim bebu kada sam bolesna? - Multi-Mam\",\"isPartOf\":{\"@id\":\"https:\/\/multi-mam.com\/rs\/#website\"},\"datePublished\":\"2023-03-09T08:58:58+00:00\",\"dateModified\":\"2023-07-07T12:55:26+00:00\",\"description\":\"Ako ste zara\u017eeni gripom ili se samo osec\u0301ate slabo, mo\u017eda c\u0301ete se zapitati: \u201eMogu li da dojim dok sam bolesna?\u201c. Kratak odgovor je da, apsolutno!\",\"breadcrumb\":{\"@id\":\"https:\/\/multi-mam.com\/rs\/tekstovi\/da-li-mogu-da-dojim-bebu-kada-sam-bolesna\/#breadcrumb\"},\"inLanguage\":\"sr-RS\",\"potentialAction\":[{\"@type\":\"ReadAction\",\"target\":[\"https:\/\/multi-mam.com\/rs\/tekstovi\/da-li-mogu-da-dojim-bebu-kada-sam-bolesna\/\"]}]},{\"@type\":\"BreadcrumbList\",\"@id\":\"https:\/\/multi-mam.com\/rs\/tekstovi\/da-li-mogu-da-dojim-bebu-kada-sam-bolesna\/#breadcrumb\",\"itemListElement\":[{\"@type\":\"ListItem\",\"position\":1,\"name\":\"Home\",\"item\":\"https:\/\/multi-mam.com\/rs\/\"},{\"@type\":\"ListItem\",\"position\":2,\"name\":\"Tekstovi\",\"item\":\"https:\/\/multi-mam.com\/rs\/tekstovi\/\"},{\"@type\":\"ListItem\",\"position\":3,\"name\":\"Da li mogu da dojim bebu kada sam bolesna?\"}]},{\"@type\":\"WebSite\",\"@id\":\"https:\/\/multi-mam.com\/rs\/#website\",\"url\":\"https:\/\/multi-mam.com\/rs\/\",\"name\":\"Multi-Mam\",\"description\":\"\",\"publisher\":{\"@id\":\"https:\/\/multi-mam.com\/rs\/#organization\"},\"potentialAction\":[{\"@type\":\"SearchAction\",\"target\":{\"@type\":\"EntryPoint\",\"urlTemplate\":\"https:\/\/multi-mam.com\/rs\/?s={search_term_string}\"},\"query-input\":{\"@type\":\"PropertyValueSpecification\",\"valueRequired\":true,\"valueName\":\"search_term_string\"}}],\"inLanguage\":\"sr-RS\"},{\"@type\":\"Organization\",\"@id\":\"https:\/\/multi-mam.com\/rs\/#organization\",\"name\":\"Multi-Mam\",\"url\":\"https:\/\/multi-mam.com\/rs\/\",\"logo\":{\"@type\":\"ImageObject\",\"inLanguage\":\"sr-RS\",\"@id\":\"https:\/\/multi-mam.com\/rs\/#\/schema\/logo\/image\/\",\"url\":\"https:\/\/multi-mam.com\/app\/uploads\/sites\/24\/2023\/03\/multi-mam-logotype.png\",\"contentUrl\":\"https:\/\/multi-mam.com\/app\/uploads\/sites\/24\/2023\/03\/multi-mam-logotype.png\",\"width\":70,\"height\":96,\"caption\":\"Multi-Mam\"},\"image\":{\"@id\":\"https:\/\/multi-mam.com\/rs\/#\/schema\/logo\/image\/\"}}]}<\/script>\n<!-- \/ Yoast SEO plugin. -->","yoast_head_json":{"title":"Da li mogu da dojim bebu kada sam bolesna? - Multi-Mam","description":"Ako ste zara\u017eeni gripom ili se samo osec\u0301ate slabo, mo\u017eda c\u0301ete se zapitati: \u201eMogu li da dojim dok sam bolesna?\u201c. Kratak odgovor je da, apsolutno!","robots":{"index":"index","follow":"follow","max-snippet":"max-snippet:-1","max-image-preview":"max-image-preview:large","max-video-preview":"max-video-preview:-1"},"canonical":"https:\/\/multi-mam.com\/rs\/tekstovi\/da-li-mogu-da-dojim-bebu-kada-sam-bolesna\/","og_locale":"sr_RS","og_type":"article","og_title":"Da li mogu da dojim bebu kada sam bolesna? - Multi-Mam","og_description":"Ako ste zara\u017eeni gripom ili se samo osec\u0301ate slabo, mo\u017eda c\u0301ete se zapitati: \u201eMogu li da dojim dok sam bolesna?\u201c. Kratak odgovor je da, apsolutno!","og_url":"https:\/\/multi-mam.com\/rs\/tekstovi\/da-li-mogu-da-dojim-bebu-kada-sam-bolesna\/","og_site_name":"Multi-Mam","article_modified_time":"2023-07-07T12:55:26+00:00","twitter_card":"summary_large_image","twitter_misc":{"\u041f\u0440\u043e\u0446\u0435\u045a\u0435\u043d\u043e \u0432\u0440\u0435\u043c\u0435 \u0447\u0438\u0442\u0430\u045a\u0430":"2 \u043c\u0438\u043d\u0443\u0442\u0430"},"schema":{"@context":"https:\/\/schema.org","@graph":[{"@type":"WebPage","@id":"https:\/\/multi-mam.com\/rs\/tekstovi\/da-li-mogu-da-dojim-bebu-kada-sam-bolesna\/","url":"https:\/\/multi-mam.com\/rs\/tekstovi\/da-li-mogu-da-dojim-bebu-kada-sam-bolesna\/","name":"Da li mogu da dojim bebu kada sam bolesna? - Multi-Mam","isPartOf":{"@id":"https:\/\/multi-mam.com\/rs\/#website"},"datePublished":"2023-03-09T08:58:58+00:00","dateModified":"2023-07-07T12:55:26+00:00","description":"Ako ste zara\u017eeni gripom ili se samo osec\u0301ate slabo, mo\u017eda c\u0301ete se zapitati: \u201eMogu li da dojim dok sam bolesna?\u201c. Kratak odgovor je da, apsolutno!","breadcrumb":{"@id":"https:\/\/multi-mam.com\/rs\/tekstovi\/da-li-mogu-da-dojim-bebu-kada-sam-bolesna\/#breadcrumb"},"inLanguage":"sr-RS","potentialAction":[{"@type":"ReadAction","target":["https:\/\/multi-mam.com\/rs\/tekstovi\/da-li-mogu-da-dojim-bebu-kada-sam-bolesna\/"]}]},{"@type":"BreadcrumbList","@id":"https:\/\/multi-mam.com\/rs\/tekstovi\/da-li-mogu-da-dojim-bebu-kada-sam-bolesna\/#breadcrumb","itemListElement":[{"@type":"ListItem","position":1,"name":"Home","item":"https:\/\/multi-mam.com\/rs\/"},{"@type":"ListItem","position":2,"name":"Tekstovi","item":"https:\/\/multi-mam.com\/rs\/tekstovi\/"},{"@type":"ListItem","position":3,"name":"Da li mogu da dojim bebu kada sam bolesna?"}]},{"@type":"WebSite","@id":"https:\/\/multi-mam.com\/rs\/#website","url":"https:\/\/multi-mam.com\/rs\/","name":"Multi-Mam","description":"","publisher":{"@id":"https:\/\/multi-mam.com\/rs\/#organization"},"potentialAction":[{"@type":"SearchAction","target":{"@type":"EntryPoint","urlTemplate":"https:\/\/multi-mam.com\/rs\/?s={search_term_string}"},"query-input":{"@type":"PropertyValueSpecification","valueRequired":true,"valueName":"search_term_string"}}],"inLanguage":"sr-RS"},{"@type":"Organization","@id":"https:\/\/multi-mam.com\/rs\/#organization","name":"Multi-Mam","url":"https:\/\/multi-mam.com\/rs\/","logo":{"@type":"ImageObject","inLanguage":"sr-RS","@id":"https:\/\/multi-mam.com\/rs\/#\/schema\/logo\/image\/","url":"https:\/\/multi-mam.com\/app\/uploads\/sites\/24\/2023\/03\/multi-mam-logotype.png","contentUrl":"https:\/\/multi-mam.com\/app\/uploads\/sites\/24\/2023\/03\/multi-mam-logotype.png","width":70,"height":96,"caption":"Multi-Mam"},"image":{"@id":"https:\/\/multi-mam.com\/rs\/#\/schema\/logo\/image\/"}}]}},"_links":{"self":[{"href":"https:\/\/multi-mam.com\/rs\/wp-json\/wp\/v2\/pages\/71","targetHints":{"allow":["GET"]}}],"collection":[{"href":"https:\/\/multi-mam.com\/rs\/wp-json\/wp\/v2\/pages"}],"about":[{"href":"https:\/\/multi-mam.com\/rs\/wp-json\/wp\/v2\/types\/page"}],"author":[{"embeddable":true,"href":"https:\/\/multi-mam.com\/rs\/wp-json\/wp\/v2\/users\/2"}],"replies":[{"embeddable":true,"href":"https:\/\/multi-mam.com\/rs\/wp-json\/wp\/v2\/comments?post=71"}],"version-history":[{"count":6,"href":"https:\/\/multi-mam.com\/rs\/wp-json\/wp\/v2\/pages\/71\/revisions"}],"predecessor-version":[{"id":240,"href":"https:\/\/multi-mam.com\/rs\/wp-json\/wp\/v2\/pages\/71\/revisions\/240"}],"up":[{"embeddable":true,"href":"https:\/\/multi-mam.com\/rs\/wp-json\/wp\/v2\/pages\/59"}],"wp:attachment":[{"href":"https:\/\/multi-mam.com\/rs\/wp-json\/wp\/v2\/media?parent=71"}],"wp:term":[{"taxonomy":"from-article-database","embeddable":true,"href":"https:\/\/multi-mam.com\/rs\/wp-json\/wp\/v2\/from-article-database?post=71"}],"curies":[{"name":"wp","href":"https:\/\/api.w.org\/{rel}","templated":true}]}}