{"id":69,"date":"2023-03-09T09:58:25","date_gmt":"2023-03-09T08:58:25","guid":{"rendered":"https:\/\/multi-mam.com\/rs\/?page_id=69"},"modified":"2023-07-07T14:55:28","modified_gmt":"2023-07-07T12:55:28","slug":"prednosti-dojenja","status":"publish","type":"page","link":"https:\/\/multi-mam.com\/rs\/tekstovi\/prednosti-dojenja\/","title":{"rendered":"Prednosti dojenja"},"content":{"rendered":"\n<div class=\"wp-block-karopharma-free-text pt-large pb-large bg-bottom bg-cover bg-no-repeat\" style=\"background-image:url(https:\/\/multi-mam.com\/cdn-cgi\/image\/format=auto\/app\/uploads\/sites\/24\/2023\/03\/SarahT-with-1-month-baby-171.jpg)\"><div class=\"free-text-wrapper container max-w-medium text-left\">\n<div style=\"height:100px\" aria-hidden=\"true\" class=\"wp-block-spacer is-style-responsive-large\"><\/div>\n<\/div><\/div>\n\n\n\n<div class=\"wp-block-karopharma-free-text pt-large pb-large bg-center bg-cover bg-no-repeat  is-style-primary\" style=\"background-image:url()\"><div class=\"free-text-wrapper container max-w-medium text-left\">\n<h1 class=\"wp-block-heading\">Prednosti dojenja<\/h1>\n\n\n\n<p class=\"is-style-paragraph-preamble\">Prednosti dojenja su stvarne!<\/p>\n\n\n\n<p class=\"is-style-paragraph-preamble\"><em><mark style=\"background-color:rgba(0, 0, 0, 0)\" class=\"has-inline-color has-primary-color\">Maj\u010dino mleko sadr\u017ei sve hranjive sastojke koji su neophodni bebi i vremenom se sastav mleka uskla\u0111uje sa potrebama bebe koja raste.<\/mark><\/em><\/p>\n\n\n\n<p>Ne samo da je maj\u010dino mleko idealna hrana za odoj\u010dad, vec\u0301 i samo dojenje ima brojne emocionalne i zdravstvene prednosti za majku i bebu. Neke od zdravstvenih prednosti dojenja traju \u010dak i do\u017eivotno! Buduc\u0301i da ima toliko prednosti dojenja, Svetska zdravstvena organizacija preporu\u010duje da majke isklju\u010divo doje svoje bebe prvih \u0161est meseci. Na\u017ealost, prema toj preporuci danas se doji samo 40 procenata svih novoro\u0111en\u010dadi \u0161irom sveta.<\/p>\n<\/div><\/div>\n\n\n\n<div class=\"wp-block-karopharma-free-text pt-large pb-large bg-center bg-cover bg-no-repeat\" style=\"background-image:url()\"><div class=\"free-text-wrapper container max-w-medium text-left\">\n<h2 class=\"is-style-heading-h2 wp-block-heading\">Prednosti dojenja za bebu<\/h2>\n\n\n\n<p>Prednosti dojenja za bebu su zna\u010dajne i ne mogu se zameniti formulama. Osim hranljivih materija, Va\u0161e maj\u010dino mleko dolazi i sa antioksidansima, enzimima i \u017eivim antitelima spremnim da za\u0161tite Va\u0161u bebu od bolesti. Isklju\u010divo dojenjem dajete svom detetu najbolju \u0161ansu da napreduje i pre\u017eivi, ali svaka koli\u010dina maj\u010dinog mleka c\u0301e biti podsticaj za zdravlje va\u0161e bebe.<\/p>\n\n\n\n<h2 class=\"is-style-heading-h2 wp-block-heading\">Prednosti dojenja za mamu<\/h2>\n\n\n\n<p>Va\u0161a beba nije jedina koja ubire prednosti dojenja. Dojenje ima mnogo prednosti i za mamu, kako odmah nakon ro\u0111enja, tako i dugoro\u010dno.<\/p>\n\n\n\n<p><strong>Prednosti dojenja za mamu uklju\u010duju:<\/strong><\/p>\n\n\n\n<ul class=\"is-style-default wp-block-list\"><li>Poma\u017ee kontrakciju uterusa, nakon poro\u0111aja<\/li><li>Smanjuje menstrualno krvarenje<\/li><li>Smanjuje mogu\u0107nost za\u010de\u0107a u toku peroda intenzivnijeg dojenja<\/li><li>Poma\u017ee u gubitku pove\u0107ane telesne mase<\/li><\/ul>\n<\/div><\/div>\n","protected":false},"excerpt":{"rendered":"","protected":false},"author":2,"featured_media":0,"parent":59,"menu_order":4,"comment_status":"closed","ping_status":"closed","template":"","meta":{"_acf_changed":false,"footnotes":""},"from-article-database":[],"class_list":["post-69","page","type-page","status-publish","hentry"],"acf":[],"yoast_head":"<!-- This site is optimized with the Yoast SEO plugin v26.6 - https:\/\/yoast.com\/wordpress\/plugins\/seo\/ -->\n<title>Prednosti dojenja - Multi-Mam<\/title>\n<meta name=\"description\" content=\"Maj\u010dino mleko sadr\u017ei sve hranjive sastojke koji su neophodni bebi i vremenom se sastav mleka uskla\u0111uje sa potrebama bebe koja raste.\" \/>\n<meta name=\"robots\" content=\"index, follow, max-snippet:-1, max-image-preview:large, max-video-preview:-1\" \/>\n<link rel=\"canonical\" href=\"https:\/\/multi-mam.com\/rs\/tekstovi\/prednosti-dojenja\/\" \/>\n<meta property=\"og:locale\" content=\"sr_RS\" \/>\n<meta property=\"og:type\" content=\"article\" \/>\n<meta property=\"og:title\" content=\"Prednosti dojenja - Multi-Mam\" \/>\n<meta property=\"og:description\" content=\"Maj\u010dino mleko sadr\u017ei sve hranjive sastojke koji su neophodni bebi i vremenom se sastav mleka uskla\u0111uje sa potrebama bebe koja raste.\" \/>\n<meta property=\"og:url\" content=\"https:\/\/multi-mam.com\/rs\/tekstovi\/prednosti-dojenja\/\" \/>\n<meta property=\"og:site_name\" content=\"Multi-Mam\" \/>\n<meta property=\"article:modified_time\" content=\"2023-07-07T12:55:28+00:00\" \/>\n<meta name=\"twitter:card\" content=\"summary_large_image\" \/>\n<meta name=\"twitter:label1\" content=\"\u041f\u0440\u043e\u0446\u0435\u045a\u0435\u043d\u043e \u0432\u0440\u0435\u043c\u0435 \u0447\u0438\u0442\u0430\u045a\u0430\" \/>\n\t<meta name=\"twitter:data1\" content=\"2 \u043c\u0438\u043d\u0443\u0442\u0430\" \/>\n<script type=\"application\/ld+json\" class=\"yoast-schema-graph\">{\"@context\":\"https:\/\/schema.org\",\"@graph\":[{\"@type\":\"WebPage\",\"@id\":\"https:\/\/multi-mam.com\/rs\/tekstovi\/prednosti-dojenja\/\",\"url\":\"https:\/\/multi-mam.com\/rs\/tekstovi\/prednosti-dojenja\/\",\"name\":\"Prednosti dojenja - Multi-Mam\",\"isPartOf\":{\"@id\":\"https:\/\/multi-mam.com\/rs\/#website\"},\"datePublished\":\"2023-03-09T08:58:25+00:00\",\"dateModified\":\"2023-07-07T12:55:28+00:00\",\"description\":\"Maj\u010dino mleko sadr\u017ei sve hranjive sastojke koji su neophodni bebi i vremenom se sastav mleka uskla\u0111uje sa potrebama bebe koja raste.\",\"breadcrumb\":{\"@id\":\"https:\/\/multi-mam.com\/rs\/tekstovi\/prednosti-dojenja\/#breadcrumb\"},\"inLanguage\":\"sr-RS\",\"potentialAction\":[{\"@type\":\"ReadAction\",\"target\":[\"https:\/\/multi-mam.com\/rs\/tekstovi\/prednosti-dojenja\/\"]}]},{\"@type\":\"BreadcrumbList\",\"@id\":\"https:\/\/multi-mam.com\/rs\/tekstovi\/prednosti-dojenja\/#breadcrumb\",\"itemListElement\":[{\"@type\":\"ListItem\",\"position\":1,\"name\":\"Home\",\"item\":\"https:\/\/multi-mam.com\/rs\/\"},{\"@type\":\"ListItem\",\"position\":2,\"name\":\"Tekstovi\",\"item\":\"https:\/\/multi-mam.com\/rs\/tekstovi\/\"},{\"@type\":\"ListItem\",\"position\":3,\"name\":\"Prednosti dojenja\"}]},{\"@type\":\"WebSite\",\"@id\":\"https:\/\/multi-mam.com\/rs\/#website\",\"url\":\"https:\/\/multi-mam.com\/rs\/\",\"name\":\"Multi-Mam\",\"description\":\"\",\"publisher\":{\"@id\":\"https:\/\/multi-mam.com\/rs\/#organization\"},\"potentialAction\":[{\"@type\":\"SearchAction\",\"target\":{\"@type\":\"EntryPoint\",\"urlTemplate\":\"https:\/\/multi-mam.com\/rs\/?s={search_term_string}\"},\"query-input\":{\"@type\":\"PropertyValueSpecification\",\"valueRequired\":true,\"valueName\":\"search_term_string\"}}],\"inLanguage\":\"sr-RS\"},{\"@type\":\"Organization\",\"@id\":\"https:\/\/multi-mam.com\/rs\/#organization\",\"name\":\"Multi-Mam\",\"url\":\"https:\/\/multi-mam.com\/rs\/\",\"logo\":{\"@type\":\"ImageObject\",\"inLanguage\":\"sr-RS\",\"@id\":\"https:\/\/multi-mam.com\/rs\/#\/schema\/logo\/image\/\",\"url\":\"https:\/\/multi-mam.com\/app\/uploads\/sites\/24\/2023\/03\/multi-mam-logotype.png\",\"contentUrl\":\"https:\/\/multi-mam.com\/app\/uploads\/sites\/24\/2023\/03\/multi-mam-logotype.png\",\"width\":70,\"height\":96,\"caption\":\"Multi-Mam\"},\"image\":{\"@id\":\"https:\/\/multi-mam.com\/rs\/#\/schema\/logo\/image\/\"}}]}<\/script>\n<!-- \/ Yoast SEO plugin. -->","yoast_head_json":{"title":"Prednosti dojenja - Multi-Mam","description":"Maj\u010dino mleko sadr\u017ei sve hranjive sastojke koji su neophodni bebi i vremenom se sastav mleka uskla\u0111uje sa potrebama bebe koja raste.","robots":{"index":"index","follow":"follow","max-snippet":"max-snippet:-1","max-image-preview":"max-image-preview:large","max-video-preview":"max-video-preview:-1"},"canonical":"https:\/\/multi-mam.com\/rs\/tekstovi\/prednosti-dojenja\/","og_locale":"sr_RS","og_type":"article","og_title":"Prednosti dojenja - Multi-Mam","og_description":"Maj\u010dino mleko sadr\u017ei sve hranjive sastojke koji su neophodni bebi i vremenom se sastav mleka uskla\u0111uje sa potrebama bebe koja raste.","og_url":"https:\/\/multi-mam.com\/rs\/tekstovi\/prednosti-dojenja\/","og_site_name":"Multi-Mam","article_modified_time":"2023-07-07T12:55:28+00:00","twitter_card":"summary_large_image","twitter_misc":{"\u041f\u0440\u043e\u0446\u0435\u045a\u0435\u043d\u043e \u0432\u0440\u0435\u043c\u0435 \u0447\u0438\u0442\u0430\u045a\u0430":"2 \u043c\u0438\u043d\u0443\u0442\u0430"},"schema":{"@context":"https:\/\/schema.org","@graph":[{"@type":"WebPage","@id":"https:\/\/multi-mam.com\/rs\/tekstovi\/prednosti-dojenja\/","url":"https:\/\/multi-mam.com\/rs\/tekstovi\/prednosti-dojenja\/","name":"Prednosti dojenja - Multi-Mam","isPartOf":{"@id":"https:\/\/multi-mam.com\/rs\/#website"},"datePublished":"2023-03-09T08:58:25+00:00","dateModified":"2023-07-07T12:55:28+00:00","description":"Maj\u010dino mleko sadr\u017ei sve hranjive sastojke koji su neophodni bebi i vremenom se sastav mleka uskla\u0111uje sa potrebama bebe koja raste.","breadcrumb":{"@id":"https:\/\/multi-mam.com\/rs\/tekstovi\/prednosti-dojenja\/#breadcrumb"},"inLanguage":"sr-RS","potentialAction":[{"@type":"ReadAction","target":["https:\/\/multi-mam.com\/rs\/tekstovi\/prednosti-dojenja\/"]}]},{"@type":"BreadcrumbList","@id":"https:\/\/multi-mam.com\/rs\/tekstovi\/prednosti-dojenja\/#breadcrumb","itemListElement":[{"@type":"ListItem","position":1,"name":"Home","item":"https:\/\/multi-mam.com\/rs\/"},{"@type":"ListItem","position":2,"name":"Tekstovi","item":"https:\/\/multi-mam.com\/rs\/tekstovi\/"},{"@type":"ListItem","position":3,"name":"Prednosti dojenja"}]},{"@type":"WebSite","@id":"https:\/\/multi-mam.com\/rs\/#website","url":"https:\/\/multi-mam.com\/rs\/","name":"Multi-Mam","description":"","publisher":{"@id":"https:\/\/multi-mam.com\/rs\/#organization"},"potentialAction":[{"@type":"SearchAction","target":{"@type":"EntryPoint","urlTemplate":"https:\/\/multi-mam.com\/rs\/?s={search_term_string}"},"query-input":{"@type":"PropertyValueSpecification","valueRequired":true,"valueName":"search_term_string"}}],"inLanguage":"sr-RS"},{"@type":"Organization","@id":"https:\/\/multi-mam.com\/rs\/#organization","name":"Multi-Mam","url":"https:\/\/multi-mam.com\/rs\/","logo":{"@type":"ImageObject","inLanguage":"sr-RS","@id":"https:\/\/multi-mam.com\/rs\/#\/schema\/logo\/image\/","url":"https:\/\/multi-mam.com\/app\/uploads\/sites\/24\/2023\/03\/multi-mam-logotype.png","contentUrl":"https:\/\/multi-mam.com\/app\/uploads\/sites\/24\/2023\/03\/multi-mam-logotype.png","width":70,"height":96,"caption":"Multi-Mam"},"image":{"@id":"https:\/\/multi-mam.com\/rs\/#\/schema\/logo\/image\/"}}]}},"_links":{"self":[{"href":"https:\/\/multi-mam.com\/rs\/wp-json\/wp\/v2\/pages\/69","targetHints":{"allow":["GET"]}}],"collection":[{"href":"https:\/\/multi-mam.com\/rs\/wp-json\/wp\/v2\/pages"}],"about":[{"href":"https:\/\/multi-mam.com\/rs\/wp-json\/wp\/v2\/types\/page"}],"author":[{"embeddable":true,"href":"https:\/\/multi-mam.com\/rs\/wp-json\/wp\/v2\/users\/2"}],"replies":[{"embeddable":true,"href":"https:\/\/multi-mam.com\/rs\/wp-json\/wp\/v2\/comments?post=69"}],"version-history":[{"count":3,"href":"https:\/\/multi-mam.com\/rs\/wp-json\/wp\/v2\/pages\/69\/revisions"}],"predecessor-version":[{"id":241,"href":"https:\/\/multi-mam.com\/rs\/wp-json\/wp\/v2\/pages\/69\/revisions\/241"}],"up":[{"embeddable":true,"href":"https:\/\/multi-mam.com\/rs\/wp-json\/wp\/v2\/pages\/59"}],"wp:attachment":[{"href":"https:\/\/multi-mam.com\/rs\/wp-json\/wp\/v2\/media?parent=69"}],"wp:term":[{"taxonomy":"from-article-database","embeddable":true,"href":"https:\/\/multi-mam.com\/rs\/wp-json\/wp\/v2\/from-article-database?post=69"}],"curies":[{"name":"wp","href":"https:\/\/api.w.org\/{rel}","templated":true}]}}