{"id":63,"date":"2023-03-09T09:57:25","date_gmt":"2023-03-09T08:57:25","guid":{"rendered":"https:\/\/multi-mam.com\/rs\/?page_id=63"},"modified":"2023-07-07T14:55:34","modified_gmt":"2023-07-07T12:55:34","slug":"najcesci-problemi-tokom-dojenja","status":"publish","type":"page","link":"https:\/\/multi-mam.com\/rs\/tekstovi\/najcesci-problemi-tokom-dojenja\/","title":{"rendered":"Naj\u010de\u0161\u0107i problemi tokom dojenja"},"content":{"rendered":"\n<div class=\"wp-block-karopharma-free-text pt-large pb-large bg-bottom bg-cover bg-no-repeat\" style=\"background-image:url(https:\/\/multi-mam.com\/cdn-cgi\/image\/format=auto\/app\/uploads\/sites\/24\/2023\/03\/SarahT-with-1-month-baby-159-scaled-1.jpg)\"><div class=\"free-text-wrapper container max-w-medium text-left\">\n<div style=\"height:100px\" aria-hidden=\"true\" class=\"wp-block-spacer is-style-responsive-large\"><\/div>\n<\/div><\/div>\n\n\n\n<div class=\"wp-block-karopharma-free-text pt-large pb-large bg-center bg-cover bg-no-repeat  is-style-primary\" style=\"background-image:url()\"><div class=\"free-text-wrapper container max-w-medium text-left\">\n<h1 class=\"wp-block-heading\">Naj\u010de\u0161\u0107i problemi tokom dojenja<\/h1>\n\n\n\n<p class=\"is-style-paragraph-preamble\">Potrebno je neko vreme da se beba i Vi uskladite oko dojenja tako da je normalno da po\u010detak bude izazovan.<\/p>\n\n\n\n<p class=\"is-style-paragraph-preamble\">Naj\u010de\u0161\u0107i problemi u toku dojenja i kako ih prevazi\u0107i:<\/p>\n<\/div><\/div>\n\n\n\n<div class=\"wp-block-karopharma-free-text pt-large pb-large bg-center bg-cover bg-no-repeat\" style=\"background-image:url()\"><div class=\"free-text-wrapper container max-w-medium text-left\">\n<h2 class=\"is-style-heading-h2 wp-block-heading\">Bolne bradavice<\/h2>\n\n\n\n<p>Postoji mnogo razloga za\u0161to Vas bradavice bole ili postaju bolne tokom dojenja. Naj\u010de\u0161\u0107e je u pitanju lo\u0161e prijanjanje bebe na dojku. Ukoliko imate problem sa bradavicama obratite se patrona\u017enoj sestri ili sestri specijalizovanoj za laktaciju. U me\u0111uvremenu, smirite bol u bradavicama i za\u0161titite bradavice od pucanja nano\u0161enjem pre\u010di\u0161c\u0301enog lanolina ili balzama u periodima izme\u0111u hranjenja. Ponekad su bolne bradavice uzrokovane infekcijom dojke. Ako je to slu\u010daj, morac\u0301ete da kontaktirate svog lekara radi le\u010denja.<\/p>\n\n\n\n<h2 class=\"is-style-heading-h2 wp-block-heading\">Prepunjenost dojki mlekom<\/h2>\n\n\n\n<p>Ako proizvodite vi\u0161e mleka nego \u0161to beba pije, Va\u0161e grudi \u0107e postati ote\u010dene, tvrde, tople i osetljive. Ovo se naziva nagomilavanje mleka koje osim \u0161to je zaista bolno mo\u017ee dovesti do drugih problema poput mastitisa. Da bi ste smanjili nadimanje izme\u0111u hranjenja, stavite pakete leda ili ohla\u0111ene listove kupusa na grudi kako biste smanjili nadimanje izme\u0111u hranjenja ili izmuzavanja kako biste pomogli da mleko te\u010de.<\/p>\n\n\n\n<h2 class=\"is-style-heading-h2 wp-block-heading\">Za\u010depljen mle\u010dni kanal<\/h2>\n\n\n\n<p>Lo\u0161e prijanjanje bebe na dojku \u010desto je krivac kada su u pitanju za\u010depljeni mle\u010dni kanali, ali za to mogu biti krivi i grudnjak koji \u010dvrsto pristaje ili nezgodan polo\u017eaj za spavanje. Ako imate zapu\u0161en mle\u010dni kanal, Va\u0161e grudi obi\u010dno postaju kvrgave i tvrde, a ponekad i tople na dodir. \u010cak i ako neprijatnost mo\u017ee da izazove isku\u0161enje da prestanete sa dojenjem, dojenje je najbolja stvar koju mo\u017eete da uradite u ovom trenutku da bi mleko ponovo po\u010delo da te\u010de. Da biste smanjili za\u010depljeni mle\u010dni kanal, poku\u0161ajte sa druga\u010dijim polo\u017eajem za dojenje, izmuzite mleko nakon dojenja ako je potrebno i poku\u0161ajte da masirate dojku dok beba doji. Za\u010depljen mle\u010dni kanal mo\u017ee lako da se pretvori u mastitis, pa je va\u017eno da po\u010dnete sa le\u010denjem \u010dim prona\u0111ete tvrdo polje na dojci.<\/p>\n\n\n\n<h2 class=\"is-style-heading-h2 wp-block-heading\">Mastitis<\/h2>\n\n\n\n<p>Mastitis je zapaljenje dojke koje je uzrokovano prisustvom blokiranih mle\u010dnih kanala. Upala \u010desto po\u010dinje oticanjem, a simptomi su sli\u010dni-Va\u0161e grudi su nate\u010dene, tvrde, tople i bolne na dodir. Razlika je u tome \u0161to mastitis tako\u0111e mo\u017ee izazvati iscedak iz bradavica i \u010desto je prac\u0301en groznicom i drugim simptomima sli\u010dnim gripu. Ako dojite i Va\u0161i simptomi ne nestanu u roku od 24 sata, obratite se svom lekaru. Mastitis se obi\u010dno le\u010di antibioticima.<\/p>\n\n\n\n<h2 class=\"is-style-heading-h2 wp-block-heading\">Previ\u0161e mleka<\/h2>\n\n\n\n<p>Da, i to se de\u0161ava. Hormoni, rutinsko ispumpavanje mleka, stres i neefikasan stil dojenja mogu doprineti da Va\u0161e dojke imaju vi\u0161e mleka nego \u0161to Va\u0161a beba mo\u017ee da posisa. Postoji mnogo na\u010dina da se uspori protok mleka, na primer tako \u0161to c\u0301ete malo re\u0111e dojiti i pustiti bebu da sisa samo jednu dojku po sesiji hranjenja. Ako to ne pomogne, obratite se patrona\u017enoj sestri ili sestri specijalizovanoj za laktaciju, za vi\u0161e saveta i trikova.<\/p>\n\n\n\n<h2 class=\"is-style-heading-h2 wp-block-heading\">Vazospazam<\/h2>\n\n\n\n<p>Kada se krvni sudovi u bradavici prebrzo ste\u017eu nakon dojenja, protok krvi je ograni\u010den i mo\u017eete osetiti pe\u010denje ili bol u dojci. Bradavica tako\u0111e mo\u017ee promeniti boju. Ovo se zove vazospazam. Da biste le\u010dili vazospazme, poradite na polo\u017eaju bebe, dr\u017eite bradavice pokrivene kada ne dojite i ne\u017eno ih utrljajte maslinovim uljem ili balzamom za bradavice izme\u0111u hranjenja.<\/p>\n<\/div><\/div>\n","protected":false},"excerpt":{"rendered":"","protected":false},"author":2,"featured_media":0,"parent":59,"menu_order":1,"comment_status":"closed","ping_status":"closed","template":"","meta":{"_acf_changed":false,"footnotes":""},"from-article-database":[],"class_list":["post-63","page","type-page","status-publish","hentry"],"acf":[],"yoast_head":"<!-- This site is optimized with the Yoast SEO plugin v26.6 - https:\/\/yoast.com\/wordpress\/plugins\/seo\/ -->\n<title>Naj\u010de\u0161\u0107i problemi tokom dojenja - Multi-Mam<\/title>\n<meta name=\"description\" content=\"Potrebno je neko vreme da se beba i vi uskladite oko dojenja, tako da je normalno da u po\u010detak bude izazovan. Naj\u010de\u0161c\u0301i problemi u toku dojenja i kako ih prevazi\u0107i:\" \/>\n<meta name=\"robots\" content=\"index, follow, max-snippet:-1, max-image-preview:large, max-video-preview:-1\" \/>\n<link rel=\"canonical\" href=\"https:\/\/multi-mam.com\/rs\/tekstovi\/najcesci-problemi-tokom-dojenja\/\" \/>\n<meta property=\"og:locale\" content=\"sr_RS\" \/>\n<meta property=\"og:type\" content=\"article\" \/>\n<meta property=\"og:title\" content=\"Naj\u010de\u0161\u0107i problemi tokom dojenja - Multi-Mam\" \/>\n<meta property=\"og:description\" content=\"Potrebno je neko vreme da se beba i vi uskladite oko dojenja, tako da je normalno da u po\u010detak bude izazovan. Naj\u010de\u0161c\u0301i problemi u toku dojenja i kako ih prevazi\u0107i:\" \/>\n<meta property=\"og:url\" content=\"https:\/\/multi-mam.com\/rs\/tekstovi\/najcesci-problemi-tokom-dojenja\/\" \/>\n<meta property=\"og:site_name\" content=\"Multi-Mam\" \/>\n<meta property=\"article:modified_time\" content=\"2023-07-07T12:55:34+00:00\" \/>\n<meta name=\"twitter:card\" content=\"summary_large_image\" \/>\n<meta name=\"twitter:label1\" content=\"\u041f\u0440\u043e\u0446\u0435\u045a\u0435\u043d\u043e \u0432\u0440\u0435\u043c\u0435 \u0447\u0438\u0442\u0430\u045a\u0430\" \/>\n\t<meta name=\"twitter:data1\" content=\"3 \u043c\u0438\u043d\u0443\u0442\u0430\" \/>\n<script type=\"application\/ld+json\" class=\"yoast-schema-graph\">{\"@context\":\"https:\/\/schema.org\",\"@graph\":[{\"@type\":\"WebPage\",\"@id\":\"https:\/\/multi-mam.com\/rs\/tekstovi\/najcesci-problemi-tokom-dojenja\/\",\"url\":\"https:\/\/multi-mam.com\/rs\/tekstovi\/najcesci-problemi-tokom-dojenja\/\",\"name\":\"Naj\u010de\u0161\u0107i problemi tokom dojenja - Multi-Mam\",\"isPartOf\":{\"@id\":\"https:\/\/multi-mam.com\/rs\/#website\"},\"datePublished\":\"2023-03-09T08:57:25+00:00\",\"dateModified\":\"2023-07-07T12:55:34+00:00\",\"description\":\"Potrebno je neko vreme da se beba i vi uskladite oko dojenja, tako da je normalno da u po\u010detak bude izazovan. Naj\u010de\u0161c\u0301i problemi u toku dojenja i kako ih prevazi\u0107i:\",\"breadcrumb\":{\"@id\":\"https:\/\/multi-mam.com\/rs\/tekstovi\/najcesci-problemi-tokom-dojenja\/#breadcrumb\"},\"inLanguage\":\"sr-RS\",\"potentialAction\":[{\"@type\":\"ReadAction\",\"target\":[\"https:\/\/multi-mam.com\/rs\/tekstovi\/najcesci-problemi-tokom-dojenja\/\"]}]},{\"@type\":\"BreadcrumbList\",\"@id\":\"https:\/\/multi-mam.com\/rs\/tekstovi\/najcesci-problemi-tokom-dojenja\/#breadcrumb\",\"itemListElement\":[{\"@type\":\"ListItem\",\"position\":1,\"name\":\"Home\",\"item\":\"https:\/\/multi-mam.com\/rs\/\"},{\"@type\":\"ListItem\",\"position\":2,\"name\":\"Tekstovi\",\"item\":\"https:\/\/multi-mam.com\/rs\/tekstovi\/\"},{\"@type\":\"ListItem\",\"position\":3,\"name\":\"Naj\u010de\u0161\u0107i problemi tokom dojenja\"}]},{\"@type\":\"WebSite\",\"@id\":\"https:\/\/multi-mam.com\/rs\/#website\",\"url\":\"https:\/\/multi-mam.com\/rs\/\",\"name\":\"Multi-Mam\",\"description\":\"\",\"publisher\":{\"@id\":\"https:\/\/multi-mam.com\/rs\/#organization\"},\"potentialAction\":[{\"@type\":\"SearchAction\",\"target\":{\"@type\":\"EntryPoint\",\"urlTemplate\":\"https:\/\/multi-mam.com\/rs\/?s={search_term_string}\"},\"query-input\":{\"@type\":\"PropertyValueSpecification\",\"valueRequired\":true,\"valueName\":\"search_term_string\"}}],\"inLanguage\":\"sr-RS\"},{\"@type\":\"Organization\",\"@id\":\"https:\/\/multi-mam.com\/rs\/#organization\",\"name\":\"Multi-Mam\",\"url\":\"https:\/\/multi-mam.com\/rs\/\",\"logo\":{\"@type\":\"ImageObject\",\"inLanguage\":\"sr-RS\",\"@id\":\"https:\/\/multi-mam.com\/rs\/#\/schema\/logo\/image\/\",\"url\":\"https:\/\/multi-mam.com\/app\/uploads\/sites\/24\/2023\/03\/multi-mam-logotype.png\",\"contentUrl\":\"https:\/\/multi-mam.com\/app\/uploads\/sites\/24\/2023\/03\/multi-mam-logotype.png\",\"width\":70,\"height\":96,\"caption\":\"Multi-Mam\"},\"image\":{\"@id\":\"https:\/\/multi-mam.com\/rs\/#\/schema\/logo\/image\/\"}}]}<\/script>\n<!-- \/ Yoast SEO plugin. -->","yoast_head_json":{"title":"Naj\u010de\u0161\u0107i problemi tokom dojenja - Multi-Mam","description":"Potrebno je neko vreme da se beba i vi uskladite oko dojenja, tako da je normalno da u po\u010detak bude izazovan. Naj\u010de\u0161c\u0301i problemi u toku dojenja i kako ih prevazi\u0107i:","robots":{"index":"index","follow":"follow","max-snippet":"max-snippet:-1","max-image-preview":"max-image-preview:large","max-video-preview":"max-video-preview:-1"},"canonical":"https:\/\/multi-mam.com\/rs\/tekstovi\/najcesci-problemi-tokom-dojenja\/","og_locale":"sr_RS","og_type":"article","og_title":"Naj\u010de\u0161\u0107i problemi tokom dojenja - Multi-Mam","og_description":"Potrebno je neko vreme da se beba i vi uskladite oko dojenja, tako da je normalno da u po\u010detak bude izazovan. Naj\u010de\u0161c\u0301i problemi u toku dojenja i kako ih prevazi\u0107i:","og_url":"https:\/\/multi-mam.com\/rs\/tekstovi\/najcesci-problemi-tokom-dojenja\/","og_site_name":"Multi-Mam","article_modified_time":"2023-07-07T12:55:34+00:00","twitter_card":"summary_large_image","twitter_misc":{"\u041f\u0440\u043e\u0446\u0435\u045a\u0435\u043d\u043e \u0432\u0440\u0435\u043c\u0435 \u0447\u0438\u0442\u0430\u045a\u0430":"3 \u043c\u0438\u043d\u0443\u0442\u0430"},"schema":{"@context":"https:\/\/schema.org","@graph":[{"@type":"WebPage","@id":"https:\/\/multi-mam.com\/rs\/tekstovi\/najcesci-problemi-tokom-dojenja\/","url":"https:\/\/multi-mam.com\/rs\/tekstovi\/najcesci-problemi-tokom-dojenja\/","name":"Naj\u010de\u0161\u0107i problemi tokom dojenja - Multi-Mam","isPartOf":{"@id":"https:\/\/multi-mam.com\/rs\/#website"},"datePublished":"2023-03-09T08:57:25+00:00","dateModified":"2023-07-07T12:55:34+00:00","description":"Potrebno je neko vreme da se beba i vi uskladite oko dojenja, tako da je normalno da u po\u010detak bude izazovan. Naj\u010de\u0161c\u0301i problemi u toku dojenja i kako ih prevazi\u0107i:","breadcrumb":{"@id":"https:\/\/multi-mam.com\/rs\/tekstovi\/najcesci-problemi-tokom-dojenja\/#breadcrumb"},"inLanguage":"sr-RS","potentialAction":[{"@type":"ReadAction","target":["https:\/\/multi-mam.com\/rs\/tekstovi\/najcesci-problemi-tokom-dojenja\/"]}]},{"@type":"BreadcrumbList","@id":"https:\/\/multi-mam.com\/rs\/tekstovi\/najcesci-problemi-tokom-dojenja\/#breadcrumb","itemListElement":[{"@type":"ListItem","position":1,"name":"Home","item":"https:\/\/multi-mam.com\/rs\/"},{"@type":"ListItem","position":2,"name":"Tekstovi","item":"https:\/\/multi-mam.com\/rs\/tekstovi\/"},{"@type":"ListItem","position":3,"name":"Naj\u010de\u0161\u0107i problemi tokom dojenja"}]},{"@type":"WebSite","@id":"https:\/\/multi-mam.com\/rs\/#website","url":"https:\/\/multi-mam.com\/rs\/","name":"Multi-Mam","description":"","publisher":{"@id":"https:\/\/multi-mam.com\/rs\/#organization"},"potentialAction":[{"@type":"SearchAction","target":{"@type":"EntryPoint","urlTemplate":"https:\/\/multi-mam.com\/rs\/?s={search_term_string}"},"query-input":{"@type":"PropertyValueSpecification","valueRequired":true,"valueName":"search_term_string"}}],"inLanguage":"sr-RS"},{"@type":"Organization","@id":"https:\/\/multi-mam.com\/rs\/#organization","name":"Multi-Mam","url":"https:\/\/multi-mam.com\/rs\/","logo":{"@type":"ImageObject","inLanguage":"sr-RS","@id":"https:\/\/multi-mam.com\/rs\/#\/schema\/logo\/image\/","url":"https:\/\/multi-mam.com\/app\/uploads\/sites\/24\/2023\/03\/multi-mam-logotype.png","contentUrl":"https:\/\/multi-mam.com\/app\/uploads\/sites\/24\/2023\/03\/multi-mam-logotype.png","width":70,"height":96,"caption":"Multi-Mam"},"image":{"@id":"https:\/\/multi-mam.com\/rs\/#\/schema\/logo\/image\/"}}]}},"_links":{"self":[{"href":"https:\/\/multi-mam.com\/rs\/wp-json\/wp\/v2\/pages\/63","targetHints":{"allow":["GET"]}}],"collection":[{"href":"https:\/\/multi-mam.com\/rs\/wp-json\/wp\/v2\/pages"}],"about":[{"href":"https:\/\/multi-mam.com\/rs\/wp-json\/wp\/v2\/types\/page"}],"author":[{"embeddable":true,"href":"https:\/\/multi-mam.com\/rs\/wp-json\/wp\/v2\/users\/2"}],"replies":[{"embeddable":true,"href":"https:\/\/multi-mam.com\/rs\/wp-json\/wp\/v2\/comments?post=63"}],"version-history":[{"count":9,"href":"https:\/\/multi-mam.com\/rs\/wp-json\/wp\/v2\/pages\/63\/revisions"}],"predecessor-version":[{"id":264,"href":"https:\/\/multi-mam.com\/rs\/wp-json\/wp\/v2\/pages\/63\/revisions\/264"}],"up":[{"embeddable":true,"href":"https:\/\/multi-mam.com\/rs\/wp-json\/wp\/v2\/pages\/59"}],"wp:attachment":[{"href":"https:\/\/multi-mam.com\/rs\/wp-json\/wp\/v2\/media?parent=63"}],"wp:term":[{"taxonomy":"from-article-database","embeddable":true,"href":"https:\/\/multi-mam.com\/rs\/wp-json\/wp\/v2\/from-article-database?post=63"}],"curies":[{"name":"wp","href":"https:\/\/api.w.org\/{rel}","templated":true}]}}