{"id":59,"date":"2023-03-09T09:48:30","date_gmt":"2023-03-09T08:48:30","guid":{"rendered":"https:\/\/multi-mam.com\/rs\/?page_id=59"},"modified":"2023-07-07T14:55:36","modified_gmt":"2023-07-07T12:55:36","slug":"tekstovi","status":"publish","type":"page","link":"https:\/\/multi-mam.com\/rs\/tekstovi\/","title":{"rendered":"Tekstovi"},"content":{"rendered":"\n<div class=\"wp-block-karopharma-free-text pt-medium pb-medium bg-center bg-cover bg-no-repeat  is-style-primary\" style=\"background-image:url()\"><div class=\"free-text-wrapper container max-w-medium text-left\">\n<h1 class=\"wp-block-heading\">Tekstovi<\/h1>\n<\/div><\/div>\n\n\n\n<div class=\"wp-block-karopharma-free-text pt-medium pb-medium bg-center bg-cover bg-no-repeat  is-style-transparent\" style=\"background-image:url()\"><div class=\"free-text-wrapper container max-w-medium text-left\"><div class=\"menu-nav-list widget widget_nav_menu\">\n            <h3 class=\"widget_title\">\u010citaj vi\u0161e<\/h3>\n                <ul class=\"menu\">\n                            <li class=\"menu-item\">\n                    <a href=\"https:\/\/multi-mam.com\/rs\/tekstovi\/sastav-majcinog-mleka\/\" title=\"Sastav maj\u010dinog mleka\">Sastav maj\u010dinog mleka<\/a>\n                <\/li>\n                            <li class=\"menu-item\">\n                    <a href=\"https:\/\/multi-mam.com\/rs\/tekstovi\/ishrana-tokom-dojenja\/\" title=\"Ishrana tokom dojenja\">Ishrana tokom dojenja<\/a>\n                <\/li>\n                            <li class=\"menu-item\">\n                    <a href=\"https:\/\/multi-mam.com\/rs\/tekstovi\/izgled-dojki-tokom-dojenja\/\" title=\"Izgled dojki tokom dojenja\">Izgled dojki tokom dojenja<\/a>\n                <\/li>\n                            <li class=\"menu-item\">\n                    <a href=\"https:\/\/multi-mam.com\/rs\/tekstovi\/odvikavanje-od-dojenja\/\" title=\"Odvikavanje od dojenja\">Odvikavanje od dojenja<\/a>\n                <\/li>\n                            <li class=\"menu-item\">\n                    <a href=\"https:\/\/multi-mam.com\/rs\/tekstovi\/saveti-za-dojenje\/\" title=\"Saveti za dojenje\">Saveti za dojenje<\/a>\n                <\/li>\n                            <li class=\"menu-item\">\n                    <a href=\"https:\/\/multi-mam.com\/rs\/tekstovi\/da-li-mogu-da-dojim-bebu-kada-sam-bolesna\/\" title=\"Da li mogu da dojim bebu kada sam bolesna?\">Da li mogu da dojim bebu kada sam bolesna?<\/a>\n                <\/li>\n                            <li class=\"menu-item\">\n                    <a href=\"https:\/\/multi-mam.com\/rs\/tekstovi\/prednosti-dojenja\/\" title=\"Prednosti dojenja\">Prednosti dojenja<\/a>\n                <\/li>\n                            <li class=\"menu-item\">\n                    <a href=\"https:\/\/multi-mam.com\/rs\/tekstovi\/nedovoljno-mleka-kako-povecati-proizvodnju\/\" title=\"Nedovoljno mleka: Kako pove\u0107ati proizvodnju\">Nedovoljno mleka: Kako pove\u0107ati proizvodnju<\/a>\n                <\/li>\n                            <li class=\"menu-item\">\n                    <a href=\"https:\/\/multi-mam.com\/rs\/tekstovi\/pravilno-dojenje\/\" title=\"Pravilno dojenje\">Pravilno dojenje<\/a>\n                <\/li>\n                            <li class=\"menu-item\">\n                    <a href=\"https:\/\/multi-mam.com\/rs\/tekstovi\/najcesci-problemi-tokom-dojenja\/\" title=\"Naj\u010de\u0161\u0107i problemi tokom dojenja\">Naj\u010de\u0161\u0107i problemi tokom dojenja<\/a>\n                <\/li>\n                    <\/ul>\n    <\/div>\n<\/div><\/div>\n","protected":false},"excerpt":{"rendered":"","protected":false},"author":2,"featured_media":0,"parent":0,"menu_order":0,"comment_status":"closed","ping_status":"closed","template":"","meta":{"_acf_changed":false,"footnotes":""},"from-article-database":[],"class_list":["post-59","page","type-page","status-publish","hentry"],"acf":[],"yoast_head":"<!-- This site is optimized with the Yoast SEO plugin v26.6 - https:\/\/yoast.com\/wordpress\/plugins\/seo\/ -->\n<title>Tekstovi - Multi-Mam<\/title>\n<meta name=\"description\" content=\"Pro\u010ditajte vi\u0161e \u010dlanaka navedenih u nastavku\" \/>\n<meta name=\"robots\" content=\"index, follow, max-snippet:-1, max-image-preview:large, max-video-preview:-1\" \/>\n<link rel=\"canonical\" href=\"https:\/\/multi-mam.com\/rs\/tekstovi\/\" \/>\n<meta property=\"og:locale\" content=\"sr_RS\" \/>\n<meta property=\"og:type\" content=\"article\" \/>\n<meta property=\"og:title\" content=\"Tekstovi - Multi-Mam\" \/>\n<meta property=\"og:description\" content=\"Pro\u010ditajte vi\u0161e \u010dlanaka navedenih u nastavku\" \/>\n<meta property=\"og:url\" content=\"https:\/\/multi-mam.com\/rs\/tekstovi\/\" \/>\n<meta property=\"og:site_name\" content=\"Multi-Mam\" \/>\n<meta property=\"article:modified_time\" content=\"2023-07-07T12:55:36+00:00\" \/>\n<meta name=\"twitter:card\" content=\"summary_large_image\" \/>\n<meta name=\"twitter:label1\" content=\"\u041f\u0440\u043e\u0446\u0435\u045a\u0435\u043d\u043e \u0432\u0440\u0435\u043c\u0435 \u0447\u0438\u0442\u0430\u045a\u0430\" \/>\n\t<meta name=\"twitter:data1\" content=\"1 \u043c\u0438\u043d\u0443\u0442\" \/>\n<script type=\"application\/ld+json\" class=\"yoast-schema-graph\">{\"@context\":\"https:\/\/schema.org\",\"@graph\":[{\"@type\":\"WebPage\",\"@id\":\"https:\/\/multi-mam.com\/rs\/tekstovi\/\",\"url\":\"https:\/\/multi-mam.com\/rs\/tekstovi\/\",\"name\":\"Tekstovi - Multi-Mam\",\"isPartOf\":{\"@id\":\"https:\/\/multi-mam.com\/rs\/#website\"},\"datePublished\":\"2023-03-09T08:48:30+00:00\",\"dateModified\":\"2023-07-07T12:55:36+00:00\",\"description\":\"Pro\u010ditajte vi\u0161e \u010dlanaka navedenih u nastavku\",\"breadcrumb\":{\"@id\":\"https:\/\/multi-mam.com\/rs\/tekstovi\/#breadcrumb\"},\"inLanguage\":\"sr-RS\",\"potentialAction\":[{\"@type\":\"ReadAction\",\"target\":[\"https:\/\/multi-mam.com\/rs\/tekstovi\/\"]}]},{\"@type\":\"BreadcrumbList\",\"@id\":\"https:\/\/multi-mam.com\/rs\/tekstovi\/#breadcrumb\",\"itemListElement\":[{\"@type\":\"ListItem\",\"position\":1,\"name\":\"Home\",\"item\":\"https:\/\/multi-mam.com\/rs\/\"},{\"@type\":\"ListItem\",\"position\":2,\"name\":\"Tekstovi\"}]},{\"@type\":\"WebSite\",\"@id\":\"https:\/\/multi-mam.com\/rs\/#website\",\"url\":\"https:\/\/multi-mam.com\/rs\/\",\"name\":\"Multi-Mam\",\"description\":\"\",\"publisher\":{\"@id\":\"https:\/\/multi-mam.com\/rs\/#organization\"},\"potentialAction\":[{\"@type\":\"SearchAction\",\"target\":{\"@type\":\"EntryPoint\",\"urlTemplate\":\"https:\/\/multi-mam.com\/rs\/?s={search_term_string}\"},\"query-input\":{\"@type\":\"PropertyValueSpecification\",\"valueRequired\":true,\"valueName\":\"search_term_string\"}}],\"inLanguage\":\"sr-RS\"},{\"@type\":\"Organization\",\"@id\":\"https:\/\/multi-mam.com\/rs\/#organization\",\"name\":\"Multi-Mam\",\"url\":\"https:\/\/multi-mam.com\/rs\/\",\"logo\":{\"@type\":\"ImageObject\",\"inLanguage\":\"sr-RS\",\"@id\":\"https:\/\/multi-mam.com\/rs\/#\/schema\/logo\/image\/\",\"url\":\"https:\/\/multi-mam.com\/app\/uploads\/sites\/24\/2023\/03\/multi-mam-logotype.png\",\"contentUrl\":\"https:\/\/multi-mam.com\/app\/uploads\/sites\/24\/2023\/03\/multi-mam-logotype.png\",\"width\":70,\"height\":96,\"caption\":\"Multi-Mam\"},\"image\":{\"@id\":\"https:\/\/multi-mam.com\/rs\/#\/schema\/logo\/image\/\"}}]}<\/script>\n<!-- \/ Yoast SEO plugin. -->","yoast_head_json":{"title":"Tekstovi - Multi-Mam","description":"Pro\u010ditajte vi\u0161e \u010dlanaka navedenih u nastavku","robots":{"index":"index","follow":"follow","max-snippet":"max-snippet:-1","max-image-preview":"max-image-preview:large","max-video-preview":"max-video-preview:-1"},"canonical":"https:\/\/multi-mam.com\/rs\/tekstovi\/","og_locale":"sr_RS","og_type":"article","og_title":"Tekstovi - Multi-Mam","og_description":"Pro\u010ditajte vi\u0161e \u010dlanaka navedenih u nastavku","og_url":"https:\/\/multi-mam.com\/rs\/tekstovi\/","og_site_name":"Multi-Mam","article_modified_time":"2023-07-07T12:55:36+00:00","twitter_card":"summary_large_image","twitter_misc":{"\u041f\u0440\u043e\u0446\u0435\u045a\u0435\u043d\u043e \u0432\u0440\u0435\u043c\u0435 \u0447\u0438\u0442\u0430\u045a\u0430":"1 \u043c\u0438\u043d\u0443\u0442"},"schema":{"@context":"https:\/\/schema.org","@graph":[{"@type":"WebPage","@id":"https:\/\/multi-mam.com\/rs\/tekstovi\/","url":"https:\/\/multi-mam.com\/rs\/tekstovi\/","name":"Tekstovi - Multi-Mam","isPartOf":{"@id":"https:\/\/multi-mam.com\/rs\/#website"},"datePublished":"2023-03-09T08:48:30+00:00","dateModified":"2023-07-07T12:55:36+00:00","description":"Pro\u010ditajte vi\u0161e \u010dlanaka navedenih u nastavku","breadcrumb":{"@id":"https:\/\/multi-mam.com\/rs\/tekstovi\/#breadcrumb"},"inLanguage":"sr-RS","potentialAction":[{"@type":"ReadAction","target":["https:\/\/multi-mam.com\/rs\/tekstovi\/"]}]},{"@type":"BreadcrumbList","@id":"https:\/\/multi-mam.com\/rs\/tekstovi\/#breadcrumb","itemListElement":[{"@type":"ListItem","position":1,"name":"Home","item":"https:\/\/multi-mam.com\/rs\/"},{"@type":"ListItem","position":2,"name":"Tekstovi"}]},{"@type":"WebSite","@id":"https:\/\/multi-mam.com\/rs\/#website","url":"https:\/\/multi-mam.com\/rs\/","name":"Multi-Mam","description":"","publisher":{"@id":"https:\/\/multi-mam.com\/rs\/#organization"},"potentialAction":[{"@type":"SearchAction","target":{"@type":"EntryPoint","urlTemplate":"https:\/\/multi-mam.com\/rs\/?s={search_term_string}"},"query-input":{"@type":"PropertyValueSpecification","valueRequired":true,"valueName":"search_term_string"}}],"inLanguage":"sr-RS"},{"@type":"Organization","@id":"https:\/\/multi-mam.com\/rs\/#organization","name":"Multi-Mam","url":"https:\/\/multi-mam.com\/rs\/","logo":{"@type":"ImageObject","inLanguage":"sr-RS","@id":"https:\/\/multi-mam.com\/rs\/#\/schema\/logo\/image\/","url":"https:\/\/multi-mam.com\/app\/uploads\/sites\/24\/2023\/03\/multi-mam-logotype.png","contentUrl":"https:\/\/multi-mam.com\/app\/uploads\/sites\/24\/2023\/03\/multi-mam-logotype.png","width":70,"height":96,"caption":"Multi-Mam"},"image":{"@id":"https:\/\/multi-mam.com\/rs\/#\/schema\/logo\/image\/"}}]}},"_links":{"self":[{"href":"https:\/\/multi-mam.com\/rs\/wp-json\/wp\/v2\/pages\/59","targetHints":{"allow":["GET"]}}],"collection":[{"href":"https:\/\/multi-mam.com\/rs\/wp-json\/wp\/v2\/pages"}],"about":[{"href":"https:\/\/multi-mam.com\/rs\/wp-json\/wp\/v2\/types\/page"}],"author":[{"embeddable":true,"href":"https:\/\/multi-mam.com\/rs\/wp-json\/wp\/v2\/users\/2"}],"replies":[{"embeddable":true,"href":"https:\/\/multi-mam.com\/rs\/wp-json\/wp\/v2\/comments?post=59"}],"version-history":[{"count":3,"href":"https:\/\/multi-mam.com\/rs\/wp-json\/wp\/v2\/pages\/59\/revisions"}],"predecessor-version":[{"id":155,"href":"https:\/\/multi-mam.com\/rs\/wp-json\/wp\/v2\/pages\/59\/revisions\/155"}],"wp:attachment":[{"href":"https:\/\/multi-mam.com\/rs\/wp-json\/wp\/v2\/media?parent=59"}],"wp:term":[{"taxonomy":"from-article-database","embeddable":true,"href":"https:\/\/multi-mam.com\/rs\/wp-json\/wp\/v2\/from-article-database?post=59"}],"curies":[{"name":"wp","href":"https:\/\/api.w.org\/{rel}","templated":true}]}}