{"id":48,"date":"2023-03-09T09:03:08","date_gmt":"2023-03-09T08:03:08","guid":{"rendered":"https:\/\/multi-mam.com\/rs\/?page_id=48"},"modified":"2023-07-07T14:55:45","modified_gmt":"2023-07-07T12:55:45","slug":"faq","status":"publish","type":"page","link":"https:\/\/multi-mam.com\/rs\/faq\/","title":{"rendered":"FAQ"},"content":{"rendered":"\n<div class=\"wp-block-karopharma-background-image-with-text-v2 background-image-with-text-v2 undefined content-position-center fixed-height-layout\" datatest=\"root\"><div class=\"background-image-with-text-wrapper\"><picture class=\"background-image-with-text-image\"><source media=\"(max-width: 560px)\" srcset=\"https:\/\/multi-mam.com\/cdn-cgi\/image\/format=auto,width=560\/app\/uploads\/sites\/24\/2023\/03\/faq.jpeg\"\/><source media=\"(max-width: 800px)\" srcset=\"https:\/\/multi-mam.com\/cdn-cgi\/image\/format=auto,width=800\/app\/uploads\/sites\/24\/2023\/03\/faq.jpeg\"\/><source media=\"(max-width: 1920px)\" srcset=\"https:\/\/multi-mam.com\/cdn-cgi\/image\/format=auto,width=1920\/app\/uploads\/sites\/24\/2023\/03\/faq.jpeg\"\/><img decoding=\"async\" width=\"1400\" height=\"933\" datatest=\"background-image\" loading=\"lazy\" class=\"object-center object-cover\" src=\"https:\/\/multi-mam.com\/cdn-cgi\/image\/format=auto\/app\/uploads\/sites\/24\/2023\/03\/faq.jpeg\" alt=\"faq\"\/><\/picture><div datatest=\"content-wrapper\" class=\"background-image-with-text-content-wrapper container max-w-medium text-alignment-center  pt-large pb-large\"><div class=\"content\"><h1 datatest=\"heading\" class=\"\">\u010cesto postavljana pitanja<\/h1>\n<div class=\"wp-block-buttons is-layout-flex wp-block-buttons-is-layout-flex\"><\/div>\n<\/div><\/div><\/div><\/div>\n\n\n\n<div class=\"wp-block-karopharma-accordions\"><div class=\"container\">\n<details class=\"wp-block-karopharma-accordion\"><summary><h2 class=\"accordion-title\">Da li je potrebno da uklonim Multi-Mam Balm pre dojenja?<\/h2><\/summary><div class=\"accordion-content\">\n<p>Ne, ne\u0161kodljiv je kada se proguta i ima neutralan ukus i miris. Posebno je preporu\u010dljivo da se balzam nama\u017ee odmah nakon dojenja &#8211; ako se primeni neposredno pre hranjenja, mo\u017ee vam ote\u017eati prijanjanje bebe pri dojenju.<\/p>\n<\/div><\/details>\n\n\n\n<details class=\"wp-block-karopharma-accordion\"><summary><h2 class=\"accordion-title\">Koliko \u010desto treba da koristim Multi-Mam Balm?<\/h2><\/summary><div class=\"accordion-content\">\n<p>Koliko god \u017eelite. Posebno je preporu\u010dljivo da se balzam nanese odmah nakon dojenja &#8211; ako se primeni neposredno pre hranjenja, , mo\u017ee vam ote\u017eati prijanjanje bebe pri dojenju.<\/p>\n<\/div><\/details>\n\n\n\n<details class=\"wp-block-karopharma-accordion\"><summary><h2 class=\"accordion-title\">Koja je razlika izme\u0111u Multi-Mam Balm i Multi-Mam Lanolin?<\/h2><\/summary><div class=\"accordion-content\">\n<p>Multi-Mam Balm je proizvod na bazi odabranih biljnih ulja. On je biljna alternativa Lanolinu, koji je na bazi prirodne masti vune.<\/p>\n<\/div><\/details>\n\n\n\n<details class=\"wp-block-karopharma-accordion\"><summary><h2 class=\"accordion-title\">Stalno patim od ispucalih bradavica, \u0161to je veoma bolno. \u0160ta mogu da uradim?<\/h2><\/summary><div class=\"accordion-content\">\n<p>Najbolje re\u0161enje je prvo koristiti Komprese za tretiranje pukotina, koje podsti\u010du vla\u017eno zarastanje. Da biste spre\u010dili pukotine i omek\u0161ali ko\u017eu, mo\u017eete koristiti balzam ili lanolin. Multi-Mam Balm je mast koja poja\u010dava i oporavlja tkivo ko\u017ee. Baziran na biljnim sastojcima, ima neutralan ukus i bezopasan kada se proguta, tako da mo\u017ee pru\u017eiti optimalnu za\u0161titu tokom hranjenja i tokom celog dana.<\/p>\n<\/div><\/details>\n\n\n\n<details class=\"wp-block-karopharma-accordion\"><summary><h2 class=\"accordion-title\">\u0160ta uzrokuje probleme bradavica?<\/h2><\/summary><div class=\"accordion-content\">\n<p>Vec\u0301ina povreda bradavica rezultat je lo\u0161eg polo\u017eaja odoj\u010deta. Va\u017eno je da se najosetljiviji deo tkiva bradavice duboko uvu\u010de u usta Va\u0161e bebe. Kori\u0161c\u0301enje proizvoda koji umanjuju prirodnu za\u0161titu ko\u017ee, kao \u0161to su sapuni i \u0161amponi, tako\u0111e mogu uzrokovati ispucale bradavice. Na kraju &#8211; infekcije, ekcem ili sklonost ka suvoj ko\u017ei su potencijalni uzroci problema sa bradavicama.<\/p>\n<\/div><\/details>\n\n\n\n<details class=\"wp-block-karopharma-accordion\"><summary><h2 class=\"accordion-title\">Jo\u0161 uvek nemam nikakvih problema. Da li je dobro da se Komprese koriste kao preventiva?<\/h2><\/summary><div class=\"accordion-content\">\n<p>Da, mo\u017eete. Ukoliko su Va\u0161e bradavice bolne nakon dojenja, Komprese mogu pru\u017eiti olak\u0161anje. Ako \u017eelite da koristite neki proizvod kao preventivu preporu\u010dujemo Vam mast ili balzam, kao \u0161to su Multi-Mam Lanolin ili Multi-Mam Balm. Pri dojenju se skida za\u0161titni masni sloj ko\u017ee, koji nadokna\u0111ujete lanolinom ili balzamom.<\/p>\n<\/div><\/details>\n\n\n\n<details class=\"wp-block-karopharma-accordion\"><summary><h2 class=\"accordion-title\">Kad treba da se koriste Komprese, pre ili posle dojenja?<\/h2><\/summary><div class=\"accordion-content\">\n<p>Preporu\u010dujemo da se Komprese koriste odmah nakon dojenja &#8211; ako ih koristite neposredno pre dojenja, vla\u017ena bradavica mo\u017ee biti te\u017ea bebi za prijanjanje.<\/p>\n<\/div><\/details>\n\n\n\n<details class=\"wp-block-karopharma-accordion\"><summary><h2 class=\"accordion-title\">Koliko dugo treba da dr\u017eim Kompresu na dojci?<\/h2><\/summary><div class=\"accordion-content\">\n<p>Idealno 30 minuta; minimalno 10 minuta i maksimalno 1 sat.<\/p>\n<\/div><\/details>\n\n\n\n<details class=\"wp-block-karopharma-accordion\"><summary><h2 class=\"accordion-title\">Koliko puta mogu koristiti jednu Kompresu?<\/h2><\/summary><div class=\"accordion-content\">\n<p>Svaka kompresa je za jednokratnu upotrebu. Treba je baciti posle svake upotrebe iz higijenskih razloga.<\/p>\n<\/div><\/details>\n\n\n\n<details class=\"wp-block-karopharma-accordion\"><summary><h2 class=\"accordion-title\">Ako moja beba proguta gel iz Komprese, mo\u017ee li to biti \u0161tetno?<\/h2><\/summary><div class=\"accordion-content\">\n<p>Ne, gel je bezbedan za Va\u0161u bebu. Ne morate da uklonite vi\u0161ak gela pre dojenja.<\/p>\n<\/div><\/details>\n\n\n\n<details class=\"wp-block-karopharma-accordion\"><summary><h2 class=\"accordion-title\">Da li treba da uklonim Multi-Mam Lanolin pre dojenja?<\/h2><\/summary><div class=\"accordion-content\">\n<p>Ne, ne\u0161kodljiv je kada se proguta i ima neutralan ukus i miris. Posebno je preporu\u010dljivo da se lanolin nama\u017ee odmah nakon dojenja &#8211; ako se primeni neposredno pre hranjenja, mo\u017ee vam ote\u017eati prijanjanje bebe pri dojenju.<\/p>\n<\/div><\/details>\n\n\n\n<details class=\"wp-block-karopharma-accordion\"><summary><h2 class=\"accordion-title\">Koliko \u010desto treba da koristim Multi-Mam Lanolin?<\/h2><\/summary><div class=\"accordion-content\">\n<p>Koliko god \u017eelite. Za optimalnu za\u0161titu, koristite Multi-Mam Lanolin najmanje dva puta dnevno.<\/p>\n<\/div><\/details>\n\n\n\n<details class=\"wp-block-karopharma-accordion\"><summary><h2 class=\"accordion-title\">Koji je najbolji na\u010din da se aplikuje Multi-Mam Lanolin?<\/h2><\/summary><div class=\"accordion-content\">\n<p>Razmek\u0161ajte malu koli\u010dinu Multi-Mam Lanolin izme\u0111u prstiju i nanesite na celu bradavicu. Mo\u017ee Vam biti od pomo\u0107i ukoliko pre upotrebe lagano pritisnete tubu ili je zagrejete rukama.<\/p>\n<\/div><\/details>\n\n\n\n<details class=\"wp-block-karopharma-accordion\"><summary><h2 class=\"accordion-title\">Koja je razlika izme\u0111u Multi-Mam Lanolin I Multi-Mam Balm?<\/h2><\/summary><div class=\"accordion-content\">\n<p>Lanolin se zasniva na naj\u010distijoj prirodnoj masti vune. Multi-Mam Balm je biljna alternativa, na bazi biljnih ulja. Balm je mek\u0161i i lak\u0161e se nanosi.<\/p>\n<\/div><\/details>\n\n\n\n<details class=\"wp-block-karopharma-accordion\"><summary><h2 class=\"accordion-title\">Stalno patim od ispucalih bradavica, \u0161to je veoma bolno. \u0160ta mogu da uradim?<\/h2><\/summary><div class=\"accordion-content\">\n<p>Najbolje re\u0161enje je prvo koristiti Komprese za tretiranje pukotina, koje podsti\u010du vla\u017eno zarastanje. Da biste spre\u010dili pukotine i omek\u0161ali ko\u017eu, mo\u017eete koristiti lanolin. Multi-Mam Lanolin oja\u010dava i oporavlja tkivo ko\u017ee. Prirodan je, ima neutralan ukus i bezopasan je kada se proguta, tako da mo\u017ee pru\u017eiti optimalnu za\u0161titu tokom hranjenja i tokom celog dana.<\/p>\n<\/div><\/details>\n\n\n\n<details class=\"wp-block-karopharma-accordion\"><summary><h2 class=\"accordion-title\">\u0160ta uzrokuje probleme bradavica?<\/h2><\/summary><div class=\"accordion-content\">\n<p>Vec\u0301ina povreda bradavica rezultat je lo\u0161eg polo\u017eaja odoj\u010deta. Va\u017eno je da se najosetljiviji deo tkiva bradavice duboko uvu\u010de u usta Va\u0161e bebe. Kori\u0161c\u0301enje proizvoda koji umanjuju prirodnu za\u0161titu ko\u017ee, kao \u0161to su sapuni i \u0161amponi, tako\u0111e mogu uzrokovati ispucale bradavice. Na kraju &#8211; infekcije, ekcem ili sklonost ka suvoj ko\u017ei su potencijalni uzroci problema sa bradavicama.<\/p>\n<\/div><\/details>\n<\/div><\/div>\n","protected":false},"excerpt":{"rendered":"","protected":false},"author":2,"featured_media":0,"parent":0,"menu_order":0,"comment_status":"closed","ping_status":"closed","template":"","meta":{"_acf_changed":false,"footnotes":""},"from-article-database":[],"class_list":["post-48","page","type-page","status-publish","hentry"],"acf":[],"yoast_head":"<!-- This site is optimized with the Yoast SEO plugin v26.6 - https:\/\/yoast.com\/wordpress\/plugins\/seo\/ -->\n<title>FAQ - Multi-Mam<\/title>\n<meta name=\"description\" content=\"Da li je potrebno da uklonim Multi-Mam Balm pre dojenja? Koliko \u010desto treba da koristim Multi-Mam Balm? Koja je razlika izme\u0111u Multi-Mam Balm i Multi-Mam Lanolin?\" \/>\n<meta name=\"robots\" content=\"index, follow, max-snippet:-1, max-image-preview:large, max-video-preview:-1\" \/>\n<link rel=\"canonical\" href=\"https:\/\/multi-mam.com\/rs\/faq\/\" \/>\n<meta property=\"og:locale\" content=\"sr_RS\" \/>\n<meta property=\"og:type\" content=\"article\" \/>\n<meta property=\"og:title\" content=\"FAQ - Multi-Mam\" \/>\n<meta property=\"og:description\" content=\"Da li je potrebno da uklonim Multi-Mam Balm pre dojenja? Koliko \u010desto treba da koristim Multi-Mam Balm? Koja je razlika izme\u0111u Multi-Mam Balm i Multi-Mam Lanolin?\" \/>\n<meta property=\"og:url\" content=\"https:\/\/multi-mam.com\/rs\/faq\/\" \/>\n<meta property=\"og:site_name\" content=\"Multi-Mam\" \/>\n<meta property=\"article:modified_time\" content=\"2023-07-07T12:55:45+00:00\" \/>\n<meta property=\"og:image\" content=\"https:\/\/multi-mam.com\/cdn-cgi\/image\/format=auto\/app\/uploads\/sites\/24\/2023\/03\/faq.jpeg\" \/>\n<meta name=\"twitter:card\" content=\"summary_large_image\" \/>\n<meta name=\"twitter:label1\" content=\"\u041f\u0440\u043e\u0446\u0435\u045a\u0435\u043d\u043e \u0432\u0440\u0435\u043c\u0435 \u0447\u0438\u0442\u0430\u045a\u0430\" \/>\n\t<meta name=\"twitter:data1\" content=\"4 \u043c\u0438\u043d\u0443\u0442\u0430\" \/>\n<script type=\"application\/ld+json\" class=\"yoast-schema-graph\">{\"@context\":\"https:\/\/schema.org\",\"@graph\":[{\"@type\":\"WebPage\",\"@id\":\"https:\/\/multi-mam.com\/rs\/faq\/\",\"url\":\"https:\/\/multi-mam.com\/rs\/faq\/\",\"name\":\"FAQ - Multi-Mam\",\"isPartOf\":{\"@id\":\"https:\/\/multi-mam.com\/rs\/#website\"},\"primaryImageOfPage\":{\"@id\":\"https:\/\/multi-mam.com\/rs\/faq\/#primaryimage\"},\"image\":{\"@id\":\"https:\/\/multi-mam.com\/rs\/faq\/#primaryimage\"},\"thumbnailUrl\":\"https:\/\/multi-mam.com\/cdn-cgi\/image\/format=auto\/app\/uploads\/sites\/24\/2023\/03\/faq.jpeg\",\"datePublished\":\"2023-03-09T08:03:08+00:00\",\"dateModified\":\"2023-07-07T12:55:45+00:00\",\"description\":\"Da li je potrebno da uklonim Multi-Mam Balm pre dojenja? Koliko \u010desto treba da koristim Multi-Mam Balm? Koja je razlika izme\u0111u Multi-Mam Balm i Multi-Mam Lanolin?\",\"breadcrumb\":{\"@id\":\"https:\/\/multi-mam.com\/rs\/faq\/#breadcrumb\"},\"inLanguage\":\"sr-RS\",\"potentialAction\":[{\"@type\":\"ReadAction\",\"target\":[\"https:\/\/multi-mam.com\/rs\/faq\/\"]}]},{\"@type\":\"ImageObject\",\"inLanguage\":\"sr-RS\",\"@id\":\"https:\/\/multi-mam.com\/rs\/faq\/#primaryimage\",\"url\":\"https:\/\/multi-mam.com\/cdn-cgi\/image\/format=auto\/app\/uploads\/sites\/24\/2023\/03\/faq.jpeg\",\"contentUrl\":\"https:\/\/multi-mam.com\/cdn-cgi\/image\/format=auto\/app\/uploads\/sites\/24\/2023\/03\/faq.jpeg\"},{\"@type\":\"BreadcrumbList\",\"@id\":\"https:\/\/multi-mam.com\/rs\/faq\/#breadcrumb\",\"itemListElement\":[{\"@type\":\"ListItem\",\"position\":1,\"name\":\"Home\",\"item\":\"https:\/\/multi-mam.com\/rs\/\"},{\"@type\":\"ListItem\",\"position\":2,\"name\":\"FAQ\"}]},{\"@type\":\"WebSite\",\"@id\":\"https:\/\/multi-mam.com\/rs\/#website\",\"url\":\"https:\/\/multi-mam.com\/rs\/\",\"name\":\"Multi-Mam\",\"description\":\"\",\"publisher\":{\"@id\":\"https:\/\/multi-mam.com\/rs\/#organization\"},\"potentialAction\":[{\"@type\":\"SearchAction\",\"target\":{\"@type\":\"EntryPoint\",\"urlTemplate\":\"https:\/\/multi-mam.com\/rs\/?s={search_term_string}\"},\"query-input\":{\"@type\":\"PropertyValueSpecification\",\"valueRequired\":true,\"valueName\":\"search_term_string\"}}],\"inLanguage\":\"sr-RS\"},{\"@type\":\"Organization\",\"@id\":\"https:\/\/multi-mam.com\/rs\/#organization\",\"name\":\"Multi-Mam\",\"url\":\"https:\/\/multi-mam.com\/rs\/\",\"logo\":{\"@type\":\"ImageObject\",\"inLanguage\":\"sr-RS\",\"@id\":\"https:\/\/multi-mam.com\/rs\/#\/schema\/logo\/image\/\",\"url\":\"https:\/\/multi-mam.com\/app\/uploads\/sites\/24\/2023\/03\/multi-mam-logotype.png\",\"contentUrl\":\"https:\/\/multi-mam.com\/app\/uploads\/sites\/24\/2023\/03\/multi-mam-logotype.png\",\"width\":70,\"height\":96,\"caption\":\"Multi-Mam\"},\"image\":{\"@id\":\"https:\/\/multi-mam.com\/rs\/#\/schema\/logo\/image\/\"}}]}<\/script>\n<!-- \/ Yoast SEO plugin. -->","yoast_head_json":{"title":"FAQ - Multi-Mam","description":"Da li je potrebno da uklonim Multi-Mam Balm pre dojenja? Koliko \u010desto treba da koristim Multi-Mam Balm? Koja je razlika izme\u0111u Multi-Mam Balm i Multi-Mam Lanolin?","robots":{"index":"index","follow":"follow","max-snippet":"max-snippet:-1","max-image-preview":"max-image-preview:large","max-video-preview":"max-video-preview:-1"},"canonical":"https:\/\/multi-mam.com\/rs\/faq\/","og_locale":"sr_RS","og_type":"article","og_title":"FAQ - Multi-Mam","og_description":"Da li je potrebno da uklonim Multi-Mam Balm pre dojenja? Koliko \u010desto treba da koristim Multi-Mam Balm? Koja je razlika izme\u0111u Multi-Mam Balm i Multi-Mam Lanolin?","og_url":"https:\/\/multi-mam.com\/rs\/faq\/","og_site_name":"Multi-Mam","article_modified_time":"2023-07-07T12:55:45+00:00","og_image":[{"url":"https:\/\/multi-mam.com\/cdn-cgi\/image\/format=auto\/app\/uploads\/sites\/24\/2023\/03\/faq.jpeg","type":"","width":"","height":""}],"twitter_card":"summary_large_image","twitter_misc":{"\u041f\u0440\u043e\u0446\u0435\u045a\u0435\u043d\u043e \u0432\u0440\u0435\u043c\u0435 \u0447\u0438\u0442\u0430\u045a\u0430":"4 \u043c\u0438\u043d\u0443\u0442\u0430"},"schema":{"@context":"https:\/\/schema.org","@graph":[{"@type":"WebPage","@id":"https:\/\/multi-mam.com\/rs\/faq\/","url":"https:\/\/multi-mam.com\/rs\/faq\/","name":"FAQ - Multi-Mam","isPartOf":{"@id":"https:\/\/multi-mam.com\/rs\/#website"},"primaryImageOfPage":{"@id":"https:\/\/multi-mam.com\/rs\/faq\/#primaryimage"},"image":{"@id":"https:\/\/multi-mam.com\/rs\/faq\/#primaryimage"},"thumbnailUrl":"https:\/\/multi-mam.com\/cdn-cgi\/image\/format=auto\/app\/uploads\/sites\/24\/2023\/03\/faq.jpeg","datePublished":"2023-03-09T08:03:08+00:00","dateModified":"2023-07-07T12:55:45+00:00","description":"Da li je potrebno da uklonim Multi-Mam Balm pre dojenja? Koliko \u010desto treba da koristim Multi-Mam Balm? Koja je razlika izme\u0111u Multi-Mam Balm i Multi-Mam Lanolin?","breadcrumb":{"@id":"https:\/\/multi-mam.com\/rs\/faq\/#breadcrumb"},"inLanguage":"sr-RS","potentialAction":[{"@type":"ReadAction","target":["https:\/\/multi-mam.com\/rs\/faq\/"]}]},{"@type":"ImageObject","inLanguage":"sr-RS","@id":"https:\/\/multi-mam.com\/rs\/faq\/#primaryimage","url":"https:\/\/multi-mam.com\/cdn-cgi\/image\/format=auto\/app\/uploads\/sites\/24\/2023\/03\/faq.jpeg","contentUrl":"https:\/\/multi-mam.com\/cdn-cgi\/image\/format=auto\/app\/uploads\/sites\/24\/2023\/03\/faq.jpeg"},{"@type":"BreadcrumbList","@id":"https:\/\/multi-mam.com\/rs\/faq\/#breadcrumb","itemListElement":[{"@type":"ListItem","position":1,"name":"Home","item":"https:\/\/multi-mam.com\/rs\/"},{"@type":"ListItem","position":2,"name":"FAQ"}]},{"@type":"WebSite","@id":"https:\/\/multi-mam.com\/rs\/#website","url":"https:\/\/multi-mam.com\/rs\/","name":"Multi-Mam","description":"","publisher":{"@id":"https:\/\/multi-mam.com\/rs\/#organization"},"potentialAction":[{"@type":"SearchAction","target":{"@type":"EntryPoint","urlTemplate":"https:\/\/multi-mam.com\/rs\/?s={search_term_string}"},"query-input":{"@type":"PropertyValueSpecification","valueRequired":true,"valueName":"search_term_string"}}],"inLanguage":"sr-RS"},{"@type":"Organization","@id":"https:\/\/multi-mam.com\/rs\/#organization","name":"Multi-Mam","url":"https:\/\/multi-mam.com\/rs\/","logo":{"@type":"ImageObject","inLanguage":"sr-RS","@id":"https:\/\/multi-mam.com\/rs\/#\/schema\/logo\/image\/","url":"https:\/\/multi-mam.com\/app\/uploads\/sites\/24\/2023\/03\/multi-mam-logotype.png","contentUrl":"https:\/\/multi-mam.com\/app\/uploads\/sites\/24\/2023\/03\/multi-mam-logotype.png","width":70,"height":96,"caption":"Multi-Mam"},"image":{"@id":"https:\/\/multi-mam.com\/rs\/#\/schema\/logo\/image\/"}}]}},"_links":{"self":[{"href":"https:\/\/multi-mam.com\/rs\/wp-json\/wp\/v2\/pages\/48","targetHints":{"allow":["GET"]}}],"collection":[{"href":"https:\/\/multi-mam.com\/rs\/wp-json\/wp\/v2\/pages"}],"about":[{"href":"https:\/\/multi-mam.com\/rs\/wp-json\/wp\/v2\/types\/page"}],"author":[{"embeddable":true,"href":"https:\/\/multi-mam.com\/rs\/wp-json\/wp\/v2\/users\/2"}],"replies":[{"embeddable":true,"href":"https:\/\/multi-mam.com\/rs\/wp-json\/wp\/v2\/comments?post=48"}],"version-history":[{"count":3,"href":"https:\/\/multi-mam.com\/rs\/wp-json\/wp\/v2\/pages\/48\/revisions"}],"predecessor-version":[{"id":259,"href":"https:\/\/multi-mam.com\/rs\/wp-json\/wp\/v2\/pages\/48\/revisions\/259"}],"wp:attachment":[{"href":"https:\/\/multi-mam.com\/rs\/wp-json\/wp\/v2\/media?parent=48"}],"wp:term":[{"taxonomy":"from-article-database","embeddable":true,"href":"https:\/\/multi-mam.com\/rs\/wp-json\/wp\/v2\/from-article-database?post=48"}],"curies":[{"name":"wp","href":"https:\/\/api.w.org\/{rel}","templated":true}]}}