{"id":39,"date":"2023-03-09T08:39:06","date_gmt":"2023-03-09T07:39:06","guid":{"rendered":"https:\/\/multi-mam.com\/rs\/?page_id=39"},"modified":"2023-07-07T14:55:47","modified_gmt":"2023-07-07T12:55:47","slug":"o-multi-mam","status":"publish","type":"page","link":"https:\/\/multi-mam.com\/rs\/o-multi-mam\/","title":{"rendered":"O Multi-Mam"},"content":{"rendered":"\n<div class=\"wp-block-karopharma-background-image-with-text-v2 background-image-with-text-v2 undefined content-position-center fixed-height-layout\" datatest=\"root\"><div class=\"background-image-with-text-wrapper\"><picture class=\"background-image-with-text-image\"><source media=\"(max-width: 560px)\" srcset=\"https:\/\/multi-mam.com\/cdn-cgi\/image\/format=auto,width=560\/app\/uploads\/sites\/24\/2023\/03\/about-Multi-Mam.jpeg\"\/><source media=\"(max-width: 800px)\" srcset=\"https:\/\/multi-mam.com\/cdn-cgi\/image\/format=auto,width=800\/app\/uploads\/sites\/24\/2023\/03\/about-Multi-Mam.jpeg\"\/><source media=\"(max-width: 1920px)\" srcset=\"https:\/\/multi-mam.com\/cdn-cgi\/image\/format=auto,width=1920\/app\/uploads\/sites\/24\/2023\/03\/about-Multi-Mam.jpeg\"\/><img decoding=\"async\" width=\"1400\" height=\"934\" datatest=\"background-image\" loading=\"lazy\" class=\"object-center object-cover\" src=\"https:\/\/multi-mam.com\/cdn-cgi\/image\/format=auto\/app\/uploads\/sites\/24\/2023\/03\/about-Multi-Mam.jpeg\" alt=\"o-Multi-Mam\"\/><\/picture><div datatest=\"content-wrapper\" class=\"background-image-with-text-content-wrapper container max-w-medium text-alignment-center  pt-large pb-large\"><div class=\"content\"><h1 datatest=\"heading\" class=\"\">O Multi-Mam<\/h1>\n<div class=\"wp-block-buttons is-layout-flex wp-block-buttons-is-layout-flex\"><\/div>\n<\/div><\/div><\/div><\/div>\n\n\n\n<div class=\"wp-block-karopharma-free-text pt-large pb-large bg-center bg-cover bg-no-repeat  undefined is-style-primary\" style=\"background-image:url()\"><div class=\"free-text-wrapper container max-w-medium text-left\">\n<h2 class=\"is-style-heading-h2 wp-block-heading\" id=\"unsere-geschichte\">Na\u0161a pri\u010da<\/h2>\n\n\n\n<p class=\"is-style-paragraph-preamble\">Odgajanje bebe je predivno i neprocenjivo iskustvo na bezbroj na\u010dina, ali rani dani maj\u010dinstva i dojenja mogu biti bolni i iscrpljuju\u0107i. Mnogim \u017eenama je neprijatno da pri\u010daju o svojim post-poro\u0111ajnim neprijatnostima kao i o te\u0161ko\u0107ama tokom dojenja, ili jednostavno ne znaju kome da se obrate. Susretanje sa majkama koje se bore sa bolnim dojenjem i koje \u010dak i prekidaju dojenje ranije nego \u0161to su planirale ili \u017eelele, bio je povod za razvoj Multi-mam proizvoda.<\/p>\n<\/div><\/div>\n\n\n\n<div class=\"wp-block-karopharma-free-text pt-large pb-large bg-center bg-cover bg-no-repeat  undefined is-style-transparent\" style=\"background-image:url()\"><div class=\"free-text-wrapper container max-w-medium text-left\">\n<h2 class=\"is-style-heading-h2 wp-block-heading\" id=\"unsere-geschichte\">O Multi-Mam proizvodima<\/h2>\n\n\n\n<p class=\"is-style-paragraph-body-text\">Multi-Mam su prirodni proizvodi koji uklanjaju neprijatnosti povezane sa postporo\u0111ajnim periodom i dojenjem. Razvili smo Multi-Mam da pomognemo novim majkama da se ose\u0107aju komforno i da vode ra\u010duna o sebi. Majke koje se ose\u0107aju dobro i harmoni\u010dno su sposobnije da u\u017eivaju u maj\u010dinstvu u potpunosti i da pru\u017ee svojim bebama najbolje od samog po\u010detka.<\/p>\n\n\n\n<h2 class=\"is-style-heading-h2 wp-block-heading\" id=\"unsere-geschichte\">Multi-Mam sastav<\/h2>\n\n\n\n<p>Mi znamo da \u017eelite samo najbolje za Va\u0161u bebu i budite sigurni da su Multi-Mam proizvodi najvi\u0161eg kvaliteta. Na\u0161i sastojci su uglavnom dobijeni iz prirodnih izvora i bezbedni su i za majku i za bebu.<\/p>\n\n\n\n<p>Multi-Mam komprese bazirane su na jedinstvenom i patentiranom 2QR kompleksu (izgovara se &#8222;to cure&#8220; engl.prev-izle\u010diti), koji je prirodan sastojak ekstrahovan iz biljke Aloe Barbandenis. Ovaj mo\u0107ni sastojak stvara vlagu i podr\u017eava prirodni proces zarastanja.<\/p>\n\n\n\n<p>Multi-Mam se sastoji od 100% pre\u010di\u0161\u0107ene, prirodne masti izolovane sa ov\u010dije vune (lanolin), koja je veoma poznata po svom za\u0161titnom dejstvu.<\/p>\n\n\n\n<p>Multi-Mam Protect predstavlja blagu vegansku formulaciju prete\u017eno baziranu na biljnim uljima i masno\u0107ama koja \u0161titi bradavice od isu\u0161ivanja i pucanja. Glatka i ne\u017ena struktura se lako nanosi, \u010dak i na osetljivu ko\u017eu.<\/p>\n\n\n\n<p class=\"is-style-paragraph-body-text has-primary-color has-text-color\"><a href=\"https:\/\/multi-mam.com\/rs\/proizvodi\/\"><strong>Saznajte ovde vi\u0161e o na\u0161im proizvodima i kako vam mogu pomo\u0107i da u\u017eivate u maj\u010dinstvu.<\/strong><\/a><\/p>\n<\/div><\/div>\n\n\n<div class=\"product-list wp-block-karopharma-product-list\" data-testid=\"product-list\">\n      <div class=\"swiper-container\">\n      <div class=\"swiper\">\n        <div class=\"swiper-wrapper\">\n                      <div class=\"swiper-slide\">\n              <div class=\"product-card\" data-testid=\"product-card\">\n  <a\n    href=https:\/\/multi-mam.com\/rs\/proizvod\/multi-mam-lanolin\/\n    class=\"product-card-link\"\n    title=\"Multi-Mam Lanolin\"\n  >\n  <figure class=\"product-card-image\" data-testid=\"product-image\">\n                          <img decoding=\"async\" src=\"https:\/\/multi-mam.com\/cdn-cgi\/image\/width=700,format=auto\/app\/uploads\/sites\/24\/2023\/03\/Multi-Mam-Lanolin-1.png\"\n        srcset=\"https:\/\/multi-mam.com\/cdn-cgi\/image\/width=250,format=auto\/app\/uploads\/sites\/24\/2023\/03\/Multi-Mam-Lanolin-1.png 250w,\n                https:\/\/multi-mam.com\/cdn-cgi\/image\/width=500,format=auto\/app\/uploads\/sites\/24\/2023\/03\/Multi-Mam-Lanolin-1.png 500w,\n                https:\/\/multi-mam.com\/cdn-cgi\/image\/width=700,format=auto\/app\/uploads\/sites\/24\/2023\/03\/Multi-Mam-Lanolin-1.png 700w\"\n        sizes=\"(max-width: 400px) 250px, (max-width: 800px) 500px, 700px\"\n        alt=\"Multi-Mam Lanolin\"\n        class=\"img\">\n            <\/figure>\n    <div class=\"product-card-content\">\n      <div class=\"heading-wrapper\">\n        <h2 class=\"heading\">Multi-Mam Lanolin<\/h2>\n      <\/div>\n      <div class=\"product-card-description\">Nega bradavica za dojilje\n<\/div>\n                      <\/div>\n  <\/a>\n          <div class=\"button-wrapper buy-now \" data-testid=\"buy-now\">\n      <div class=\"buy-now-container dropdown-container\">\n      <div class=\"theme-button button-primary-color dropdown-link\" aria-label=\"Kupi sada\">\n          Kupi sada <i class=\"dropdown\"><\/i>\n      <\/div>\n      <ul class=\"reseller-list submenu\">\n                    <li>\n              <a\n                href=\"https:\/\/www.apotekaflos.rs\/sr\/proizvod\/multi-mam-lanolin-30ml\" onclick=\"dataLayer.push({'event':'ga_event', 'eventCategory':'Click on Reseller', 'eventAction':'Apoteka Flos au Lekofarma', 'eventLabel':'Multi-Mam Lanolin', 'eventValue': undefined})\" rel=\"noopener\" target=\"_blank\" title=\"Apoteka Flos au Lekofarma\"\n                data-testid=\"buy-now-reseller\">\n                <i class=\"fa-solid fa-arrow-right\"><\/i> Apoteka Flos au Lekofarma\n              <\/a>\n          <\/li>\n                    <li>\n              <a\n                href=\"https:\/\/www.apotekasrbotrade.rs\/srpski\/proizvod\/Multi-Mam-lanolin\" onclick=\"dataLayer.push({'event':'ga_event', 'eventCategory':'Click on Reseller', 'eventAction':'Srbotrade', 'eventLabel':'Multi-Mam Lanolin', 'eventValue': undefined})\" rel=\"noopener\" target=\"_blank\" title=\"Srbotrade\"\n                data-testid=\"buy-now-reseller\">\n                <i class=\"fa-solid fa-arrow-right\"><\/i> Srbotrade\n              <\/a>\n          <\/li>\n                    <li>\n              <a\n                href=\"https:\/\/webljekarna.vasezdravlje.com\/dojenje-i-izdajanje\/multi-mam-lanolin\" onclick=\"dataLayer.push({'event':'ga_event', 'eventCategory':'Click on Reseller', 'eventAction':'Va\u0161ezdravlje', 'eventLabel':'Multi-Mam Lanolin', 'eventValue': undefined})\" rel=\"noopener\" target=\"_blank\" title=\"Va\u0161ezdravlje\"\n                data-testid=\"buy-now-reseller\">\n                <i class=\"fa-solid fa-arrow-right\"><\/i> Va\u0161ezdravlje\n              <\/a>\n          <\/li>\n                <\/ul>\n    <\/div>\n  <\/div>\n  <\/div>\n            <\/div>\n                      <div class=\"swiper-slide\">\n              <div class=\"product-card\" data-testid=\"product-card\">\n  <a\n    href=https:\/\/multi-mam.com\/rs\/proizvod\/multi-mam-protect\/\n    class=\"product-card-link\"\n    title=\"Multi-Mam Protect\"\n  >\n  <figure class=\"product-card-image\" data-testid=\"product-image\">\n                          <img decoding=\"async\" src=\"https:\/\/multi-mam.com\/cdn-cgi\/image\/width=700,format=auto\/app\/uploads\/sites\/24\/2023\/03\/Multi-Mam-Protect.png\"\n        srcset=\"https:\/\/multi-mam.com\/cdn-cgi\/image\/width=250,format=auto\/app\/uploads\/sites\/24\/2023\/03\/Multi-Mam-Protect.png 250w,\n                https:\/\/multi-mam.com\/cdn-cgi\/image\/width=500,format=auto\/app\/uploads\/sites\/24\/2023\/03\/Multi-Mam-Protect.png 500w,\n                https:\/\/multi-mam.com\/cdn-cgi\/image\/width=700,format=auto\/app\/uploads\/sites\/24\/2023\/03\/Multi-Mam-Protect.png 700w\"\n        sizes=\"(max-width: 400px) 250px, (max-width: 800px) 500px, 700px\"\n        alt=\"Multi-Mam Protect\"\n        class=\"img\">\n            <\/figure>\n    <div class=\"product-card-content\">\n      <div class=\"heading-wrapper\">\n        <h2 class=\"heading\">Multi-Mam Protect<\/h2>\n      <\/div>\n      <div class=\"product-card-description\">Balzam za negu bradavica<\/div>\n                      <\/div>\n  <\/a>\n          <div class=\"button-wrapper buy-now \" data-testid=\"buy-now\">\n      <div class=\"buy-now-container dropdown-container\">\n      <div class=\"theme-button button-primary-color dropdown-link\" aria-label=\"Kupi sada\">\n          Kupi sada <i class=\"dropdown\"><\/i>\n      <\/div>\n      <ul class=\"reseller-list submenu\">\n                    <li>\n              <a\n                href=\"https:\/\/www.apotekasrbotrade.rs\/srpski\/proizvod\/multi-mum-protect-balzam-30ml-srbotrade\" onclick=\"dataLayer.push({'event':'ga_event', 'eventCategory':'Click on Reseller', 'eventAction':'Srbotrade', 'eventLabel':'Multi-Mam Protect', 'eventValue': undefined})\" rel=\"noopener\" target=\"_blank\" title=\"Srbotrade\"\n                data-testid=\"buy-now-reseller\">\n                <i class=\"fa-solid fa-arrow-right\"><\/i> Srbotrade\n              <\/a>\n          <\/li>\n                    <li>\n              <a\n                href=\"https:\/\/webljekarna.vasezdravlje.com\/dojenje-i-izdajanje\/multi-mam-protect-balzam-za-njegu-bradavica\" onclick=\"dataLayer.push({'event':'ga_event', 'eventCategory':'Click on Reseller', 'eventAction':'Va\u0161ezdravlje', 'eventLabel':'Multi-Mam Protect', 'eventValue': undefined})\" rel=\"noopener\" target=\"_blank\" title=\"Va\u0161ezdravlje\"\n                data-testid=\"buy-now-reseller\">\n                <i class=\"fa-solid fa-arrow-right\"><\/i> Va\u0161ezdravlje\n              <\/a>\n          <\/li>\n                <\/ul>\n    <\/div>\n  <\/div>\n  <\/div>\n            <\/div>\n                      <div class=\"swiper-slide\">\n              <div class=\"product-card\" data-testid=\"product-card\">\n  <a\n    href=https:\/\/multi-mam.com\/rs\/proizvod\/multi-mam-komprese\/\n    class=\"product-card-link\"\n    title=\"Multi-Mam Komprese\"\n  >\n  <figure class=\"product-card-image\" data-testid=\"product-image\">\n                          <img decoding=\"async\" src=\"https:\/\/multi-mam.com\/cdn-cgi\/image\/width=700,format=auto\/app\/uploads\/sites\/24\/2023\/03\/MultiMam_Compresses.png\"\n        srcset=\"https:\/\/multi-mam.com\/cdn-cgi\/image\/width=250,format=auto\/app\/uploads\/sites\/24\/2023\/03\/MultiMam_Compresses.png 250w,\n                https:\/\/multi-mam.com\/cdn-cgi\/image\/width=500,format=auto\/app\/uploads\/sites\/24\/2023\/03\/MultiMam_Compresses.png 500w,\n                https:\/\/multi-mam.com\/cdn-cgi\/image\/width=700,format=auto\/app\/uploads\/sites\/24\/2023\/03\/MultiMam_Compresses.png 700w\"\n        sizes=\"(max-width: 400px) 250px, (max-width: 800px) 500px, 700px\"\n        alt=\"Multi-Mam Komprese\"\n        class=\"img\">\n            <\/figure>\n    <div class=\"product-card-content\">\n      <div class=\"heading-wrapper\">\n        <h2 class=\"heading\">Multi-Mam Komprese<\/h2>\n      <\/div>\n      <div class=\"product-card-description\">Intenzivna nega bradavica kod dojilja<\/div>\n                      <\/div>\n  <\/a>\n          <div class=\"button-wrapper buy-now \" data-testid=\"buy-now\">\n      <div class=\"buy-now-container dropdown-container\">\n      <div class=\"theme-button button-primary-color dropdown-link\" aria-label=\"Kupi sada\">\n          Kupi sada <i class=\"dropdown\"><\/i>\n      <\/div>\n      <ul class=\"reseller-list submenu\">\n                    <li>\n              <a\n                href=\"https:\/\/www.apotekaflos.rs\/sr\/proizvod\/multi-mam-komprese-bradavice-12x\" onclick=\"dataLayer.push({'event':'ga_event', 'eventCategory':'Click on Reseller', 'eventAction':'Apoteka Flos au Lekofarma', 'eventLabel':'Multi-Mam Komprese', 'eventValue': undefined})\" rel=\"noopener\" target=\"_blank\" title=\"Apoteka Flos au Lekofarma\"\n                data-testid=\"buy-now-reseller\">\n                <i class=\"fa-solid fa-arrow-right\"><\/i> Apoteka Flos au Lekofarma\n              <\/a>\n          <\/li>\n                    <li>\n              <a\n                href=\"https:\/\/www.apotekasrbotrade.rs\/srpski\/proizvod\/Multi-Mam-komprese-za-grudi\" onclick=\"dataLayer.push({'event':'ga_event', 'eventCategory':'Click on Reseller', 'eventAction':'Srbotrade', 'eventLabel':'Multi-Mam Komprese', 'eventValue': undefined})\" rel=\"noopener\" target=\"_blank\" title=\"Srbotrade\"\n                data-testid=\"buy-now-reseller\">\n                <i class=\"fa-solid fa-arrow-right\"><\/i> Srbotrade\n              <\/a>\n          <\/li>\n                    <li>\n              <a\n                href=\"https:\/\/webljekarna.vasezdravlje.com\/dojenje-i-izdajanje\/multi-mam-komprese\" onclick=\"dataLayer.push({'event':'ga_event', 'eventCategory':'Click on Reseller', 'eventAction':'Va\u0161ezdravlje', 'eventLabel':'Multi-Mam Komprese', 'eventValue': undefined})\" rel=\"noopener\" target=\"_blank\" title=\"Va\u0161ezdravlje\"\n                data-testid=\"buy-now-reseller\">\n                <i class=\"fa-solid fa-arrow-right\"><\/i> Va\u0161ezdravlje\n              <\/a>\n          <\/li>\n                <\/ul>\n    <\/div>\n  <\/div>\n  <\/div>\n            <\/div>\n                  <\/div>\n        <div class=\"swiper-scrollbar\"><\/div>\n      <\/div>\n    <\/div>\n  <\/div>\n","protected":false},"excerpt":{"rendered":"","protected":false},"author":2,"featured_media":0,"parent":0,"menu_order":0,"comment_status":"closed","ping_status":"closed","template":"","meta":{"_acf_changed":false,"footnotes":""},"from-article-database":[],"class_list":["post-39","page","type-page","status-publish","hentry"],"acf":[],"yoast_head":"<!-- This site is optimized with the Yoast SEO plugin v26.6 - https:\/\/yoast.com\/wordpress\/plugins\/seo\/ -->\n<title>O Multi-Mam - Multi-Mam<\/title>\n<meta name=\"description\" content=\"Odgajanje bebe je predivno i neprocenjivo iskustvo na bezbroj na\u010dina, ali rani dani maj\u010dinstva i dojenja mogu biti bolni i iscrpljuju\u0107i.\" \/>\n<meta name=\"robots\" content=\"index, follow, max-snippet:-1, max-image-preview:large, max-video-preview:-1\" \/>\n<link rel=\"canonical\" href=\"https:\/\/multi-mam.com\/rs\/o-multi-mam\/\" \/>\n<meta property=\"og:locale\" content=\"sr_RS\" \/>\n<meta property=\"og:type\" content=\"article\" \/>\n<meta property=\"og:title\" content=\"O Multi-Mam - Multi-Mam\" \/>\n<meta property=\"og:description\" content=\"Odgajanje bebe je predivno i neprocenjivo iskustvo na bezbroj na\u010dina, ali rani dani maj\u010dinstva i dojenja mogu biti bolni i iscrpljuju\u0107i.\" \/>\n<meta property=\"og:url\" content=\"https:\/\/multi-mam.com\/rs\/o-multi-mam\/\" \/>\n<meta property=\"og:site_name\" content=\"Multi-Mam\" \/>\n<meta property=\"article:modified_time\" content=\"2023-07-07T12:55:47+00:00\" \/>\n<meta property=\"og:image\" content=\"https:\/\/multi-mam.com\/cdn-cgi\/image\/format=auto\/app\/uploads\/sites\/24\/2023\/03\/about-Multi-Mam.jpeg\" \/>\n<meta name=\"twitter:card\" content=\"summary_large_image\" \/>\n<meta name=\"twitter:label1\" content=\"\u041f\u0440\u043e\u0446\u0435\u045a\u0435\u043d\u043e \u0432\u0440\u0435\u043c\u0435 \u0447\u0438\u0442\u0430\u045a\u0430\" \/>\n\t<meta name=\"twitter:data1\" content=\"2 \u043c\u0438\u043d\u0443\u0442\u0430\" \/>\n<script type=\"application\/ld+json\" class=\"yoast-schema-graph\">{\"@context\":\"https:\/\/schema.org\",\"@graph\":[{\"@type\":\"WebPage\",\"@id\":\"https:\/\/multi-mam.com\/rs\/o-multi-mam\/\",\"url\":\"https:\/\/multi-mam.com\/rs\/o-multi-mam\/\",\"name\":\"O Multi-Mam - Multi-Mam\",\"isPartOf\":{\"@id\":\"https:\/\/multi-mam.com\/rs\/#website\"},\"primaryImageOfPage\":{\"@id\":\"https:\/\/multi-mam.com\/rs\/o-multi-mam\/#primaryimage\"},\"image\":{\"@id\":\"https:\/\/multi-mam.com\/rs\/o-multi-mam\/#primaryimage\"},\"thumbnailUrl\":\"https:\/\/multi-mam.com\/cdn-cgi\/image\/format=auto\/app\/uploads\/sites\/24\/2023\/03\/about-Multi-Mam.jpeg\",\"datePublished\":\"2023-03-09T07:39:06+00:00\",\"dateModified\":\"2023-07-07T12:55:47+00:00\",\"description\":\"Odgajanje bebe je predivno i neprocenjivo iskustvo na bezbroj na\u010dina, ali rani dani maj\u010dinstva i dojenja mogu biti bolni i iscrpljuju\u0107i.\",\"breadcrumb\":{\"@id\":\"https:\/\/multi-mam.com\/rs\/o-multi-mam\/#breadcrumb\"},\"inLanguage\":\"sr-RS\",\"potentialAction\":[{\"@type\":\"ReadAction\",\"target\":[\"https:\/\/multi-mam.com\/rs\/o-multi-mam\/\"]}]},{\"@type\":\"ImageObject\",\"inLanguage\":\"sr-RS\",\"@id\":\"https:\/\/multi-mam.com\/rs\/o-multi-mam\/#primaryimage\",\"url\":\"https:\/\/multi-mam.com\/cdn-cgi\/image\/format=auto\/app\/uploads\/sites\/24\/2023\/03\/about-Multi-Mam.jpeg\",\"contentUrl\":\"https:\/\/multi-mam.com\/cdn-cgi\/image\/format=auto\/app\/uploads\/sites\/24\/2023\/03\/about-Multi-Mam.jpeg\"},{\"@type\":\"BreadcrumbList\",\"@id\":\"https:\/\/multi-mam.com\/rs\/o-multi-mam\/#breadcrumb\",\"itemListElement\":[{\"@type\":\"ListItem\",\"position\":1,\"name\":\"Home\",\"item\":\"https:\/\/multi-mam.com\/rs\/\"},{\"@type\":\"ListItem\",\"position\":2,\"name\":\"O Multi-Mam\"}]},{\"@type\":\"WebSite\",\"@id\":\"https:\/\/multi-mam.com\/rs\/#website\",\"url\":\"https:\/\/multi-mam.com\/rs\/\",\"name\":\"Multi-Mam\",\"description\":\"\",\"publisher\":{\"@id\":\"https:\/\/multi-mam.com\/rs\/#organization\"},\"potentialAction\":[{\"@type\":\"SearchAction\",\"target\":{\"@type\":\"EntryPoint\",\"urlTemplate\":\"https:\/\/multi-mam.com\/rs\/?s={search_term_string}\"},\"query-input\":{\"@type\":\"PropertyValueSpecification\",\"valueRequired\":true,\"valueName\":\"search_term_string\"}}],\"inLanguage\":\"sr-RS\"},{\"@type\":\"Organization\",\"@id\":\"https:\/\/multi-mam.com\/rs\/#organization\",\"name\":\"Multi-Mam\",\"url\":\"https:\/\/multi-mam.com\/rs\/\",\"logo\":{\"@type\":\"ImageObject\",\"inLanguage\":\"sr-RS\",\"@id\":\"https:\/\/multi-mam.com\/rs\/#\/schema\/logo\/image\/\",\"url\":\"https:\/\/multi-mam.com\/app\/uploads\/sites\/24\/2023\/03\/multi-mam-logotype.png\",\"contentUrl\":\"https:\/\/multi-mam.com\/app\/uploads\/sites\/24\/2023\/03\/multi-mam-logotype.png\",\"width\":70,\"height\":96,\"caption\":\"Multi-Mam\"},\"image\":{\"@id\":\"https:\/\/multi-mam.com\/rs\/#\/schema\/logo\/image\/\"}}]}<\/script>\n<!-- \/ Yoast SEO plugin. -->","yoast_head_json":{"title":"O Multi-Mam - Multi-Mam","description":"Odgajanje bebe je predivno i neprocenjivo iskustvo na bezbroj na\u010dina, ali rani dani maj\u010dinstva i dojenja mogu biti bolni i iscrpljuju\u0107i.","robots":{"index":"index","follow":"follow","max-snippet":"max-snippet:-1","max-image-preview":"max-image-preview:large","max-video-preview":"max-video-preview:-1"},"canonical":"https:\/\/multi-mam.com\/rs\/o-multi-mam\/","og_locale":"sr_RS","og_type":"article","og_title":"O Multi-Mam - Multi-Mam","og_description":"Odgajanje bebe je predivno i neprocenjivo iskustvo na bezbroj na\u010dina, ali rani dani maj\u010dinstva i dojenja mogu biti bolni i iscrpljuju\u0107i.","og_url":"https:\/\/multi-mam.com\/rs\/o-multi-mam\/","og_site_name":"Multi-Mam","article_modified_time":"2023-07-07T12:55:47+00:00","og_image":[{"url":"https:\/\/multi-mam.com\/cdn-cgi\/image\/format=auto\/app\/uploads\/sites\/24\/2023\/03\/about-Multi-Mam.jpeg","type":"","width":"","height":""}],"twitter_card":"summary_large_image","twitter_misc":{"\u041f\u0440\u043e\u0446\u0435\u045a\u0435\u043d\u043e \u0432\u0440\u0435\u043c\u0435 \u0447\u0438\u0442\u0430\u045a\u0430":"2 \u043c\u0438\u043d\u0443\u0442\u0430"},"schema":{"@context":"https:\/\/schema.org","@graph":[{"@type":"WebPage","@id":"https:\/\/multi-mam.com\/rs\/o-multi-mam\/","url":"https:\/\/multi-mam.com\/rs\/o-multi-mam\/","name":"O Multi-Mam - Multi-Mam","isPartOf":{"@id":"https:\/\/multi-mam.com\/rs\/#website"},"primaryImageOfPage":{"@id":"https:\/\/multi-mam.com\/rs\/o-multi-mam\/#primaryimage"},"image":{"@id":"https:\/\/multi-mam.com\/rs\/o-multi-mam\/#primaryimage"},"thumbnailUrl":"https:\/\/multi-mam.com\/cdn-cgi\/image\/format=auto\/app\/uploads\/sites\/24\/2023\/03\/about-Multi-Mam.jpeg","datePublished":"2023-03-09T07:39:06+00:00","dateModified":"2023-07-07T12:55:47+00:00","description":"Odgajanje bebe je predivno i neprocenjivo iskustvo na bezbroj na\u010dina, ali rani dani maj\u010dinstva i dojenja mogu biti bolni i iscrpljuju\u0107i.","breadcrumb":{"@id":"https:\/\/multi-mam.com\/rs\/o-multi-mam\/#breadcrumb"},"inLanguage":"sr-RS","potentialAction":[{"@type":"ReadAction","target":["https:\/\/multi-mam.com\/rs\/o-multi-mam\/"]}]},{"@type":"ImageObject","inLanguage":"sr-RS","@id":"https:\/\/multi-mam.com\/rs\/o-multi-mam\/#primaryimage","url":"https:\/\/multi-mam.com\/cdn-cgi\/image\/format=auto\/app\/uploads\/sites\/24\/2023\/03\/about-Multi-Mam.jpeg","contentUrl":"https:\/\/multi-mam.com\/cdn-cgi\/image\/format=auto\/app\/uploads\/sites\/24\/2023\/03\/about-Multi-Mam.jpeg"},{"@type":"BreadcrumbList","@id":"https:\/\/multi-mam.com\/rs\/o-multi-mam\/#breadcrumb","itemListElement":[{"@type":"ListItem","position":1,"name":"Home","item":"https:\/\/multi-mam.com\/rs\/"},{"@type":"ListItem","position":2,"name":"O Multi-Mam"}]},{"@type":"WebSite","@id":"https:\/\/multi-mam.com\/rs\/#website","url":"https:\/\/multi-mam.com\/rs\/","name":"Multi-Mam","description":"","publisher":{"@id":"https:\/\/multi-mam.com\/rs\/#organization"},"potentialAction":[{"@type":"SearchAction","target":{"@type":"EntryPoint","urlTemplate":"https:\/\/multi-mam.com\/rs\/?s={search_term_string}"},"query-input":{"@type":"PropertyValueSpecification","valueRequired":true,"valueName":"search_term_string"}}],"inLanguage":"sr-RS"},{"@type":"Organization","@id":"https:\/\/multi-mam.com\/rs\/#organization","name":"Multi-Mam","url":"https:\/\/multi-mam.com\/rs\/","logo":{"@type":"ImageObject","inLanguage":"sr-RS","@id":"https:\/\/multi-mam.com\/rs\/#\/schema\/logo\/image\/","url":"https:\/\/multi-mam.com\/app\/uploads\/sites\/24\/2023\/03\/multi-mam-logotype.png","contentUrl":"https:\/\/multi-mam.com\/app\/uploads\/sites\/24\/2023\/03\/multi-mam-logotype.png","width":70,"height":96,"caption":"Multi-Mam"},"image":{"@id":"https:\/\/multi-mam.com\/rs\/#\/schema\/logo\/image\/"}}]}},"_links":{"self":[{"href":"https:\/\/multi-mam.com\/rs\/wp-json\/wp\/v2\/pages\/39","targetHints":{"allow":["GET"]}}],"collection":[{"href":"https:\/\/multi-mam.com\/rs\/wp-json\/wp\/v2\/pages"}],"about":[{"href":"https:\/\/multi-mam.com\/rs\/wp-json\/wp\/v2\/types\/page"}],"author":[{"embeddable":true,"href":"https:\/\/multi-mam.com\/rs\/wp-json\/wp\/v2\/users\/2"}],"replies":[{"embeddable":true,"href":"https:\/\/multi-mam.com\/rs\/wp-json\/wp\/v2\/comments?post=39"}],"version-history":[{"count":5,"href":"https:\/\/multi-mam.com\/rs\/wp-json\/wp\/v2\/pages\/39\/revisions"}],"predecessor-version":[{"id":265,"href":"https:\/\/multi-mam.com\/rs\/wp-json\/wp\/v2\/pages\/39\/revisions\/265"}],"wp:attachment":[{"href":"https:\/\/multi-mam.com\/rs\/wp-json\/wp\/v2\/media?parent=39"}],"wp:term":[{"taxonomy":"from-article-database","embeddable":true,"href":"https:\/\/multi-mam.com\/rs\/wp-json\/wp\/v2\/from-article-database?post=39"}],"curies":[{"name":"wp","href":"https:\/\/api.w.org\/{rel}","templated":true}]}}