{"id":88,"date":"2022-11-25T11:25:36","date_gmt":"2022-11-25T10:25:36","guid":{"rendered":"https:\/\/multi-mam.com\/ro\/?post_type=product&#038;p=88"},"modified":"2025-05-28T11:25:44","modified_gmt":"2025-05-28T09:25:44","slug":"multi-mam-protect","status":"publish","type":"product","link":"https:\/\/multi-mam.com\/ro\/produs\/multi-mam-protect\/","title":{"rendered":"Multi-Mam\u00ae Protect"},"content":{"rendered":"\n<div class=\"wp-block-karopharma-accordions is-style-secondary\"><div class=\"container\">\n<details class=\"wp-block-karopharma-accordion\"><summary><h2 class=\"accordion-title\">Trebuie s\u0103 elimin Multi-Mam Protect \u00eenainte de al\u0103ptare?<\/h2><\/summary><div class=\"accordion-content\">\n<p>Nu, este inofensiv atunci c\u00e2nd este \u00eenghi\u021bit \u0219i are un gust \u0219i un miros neutru. Este recomandat \u00een special aplicarea balsamului imediat dup\u0103 al\u0103ptare \u2013 dac\u0103 este aplicat chiar \u00eenainte de al\u0103ptare, poate fi mai dificil pentru copil s\u0103 prind\u0103 bine mamelonul.<\/p>\n<\/div><\/details>\n\n\n\n<details class=\"wp-block-karopharma-accordion\"><summary><h2 class=\"accordion-title\">C\u00e2t de des trebuie s\u0103 folosesc Multi-Mam Protect?<\/h2><\/summary><div class=\"accordion-content\">\n<p>De c\u00e2te ori dori\u021bi. Se recomand\u0103 aplicarea balsamului imediat dup\u0103 al\u0103ptare.<\/p>\n<\/div><\/details>\n\n\n\n<details class=\"wp-block-karopharma-accordion\"><summary><h2 class=\"accordion-title\">Care este diferen\u021ba dintre Multi-Mam Protect \u0219i Multi-Mam Balm?<\/h2><\/summary><div class=\"accordion-content\">\n<p>Multi-Mam Protect a \u00eenlocuit Multi-Mam Balm, cu o nou\u0103 formul\u0103 vegan\u0103 \u00eembun\u0103t\u0103\u021bit\u0103. Multi-Mam Protect este un balsam u\u0219or vegan, bazat \u00een principal pe uleiuri \u0219i gr\u0103simi vegetale. Consisten\u021ba este moale \u0219i bl\u00e2nd\u0103, ceea ce \u00eel face u\u0219or de aplicat, chiar \u0219i pe pielea sensibil\u0103. Multi-Mam Balm este, de asemenea, un balsam bazat pe ingrediente naturale, dar nu este 100% vegan deoarece con\u021bine cear\u0103 de albine.<\/p>\n<\/div><\/details>\n<\/div><\/div>\n","protected":false},"excerpt":{"rendered":"<p>Calmeaz\u0103 \u0219i protejeaz\u0103 mameloanele uscate \u0219i cr\u0103pate<\/p>\n","protected":false},"featured_media":178,"comment_status":"closed","ping_status":"closed","template":"","meta":{"_acf_changed":false,"footnotes":""},"product_brand":[],"product_cat":[19],"product_tag":[],"class_list":{"0":"post-88","1":"product","2":"type-product","3":"status-publish","4":"has-post-thumbnail","6":"product_cat-alaptarea","8":"first","9":"instock","10":"shipping-taxable","11":"product-type-simple"},"acf":[],"yoast_head":"<!-- This site is optimized with the Yoast SEO plugin v26.6 - https:\/\/yoast.com\/wordpress\/plugins\/seo\/ -->\n<title>Multi-Mam\u00ae Protect - Multi-Mam<\/title>\n<meta name=\"description\" content=\"Multi-Mam Protect este un balsam vegan, bazat \u00een principal pe uleiuri \u0219i gr\u0103simi vegetale, care protejeaz\u0103 mameloanele de uscare \u0219i cr\u0103pare \u00een timpul al\u0103pt\u0103rii.\" \/>\n<meta name=\"robots\" content=\"index, follow, max-snippet:-1, max-image-preview:large, max-video-preview:-1\" \/>\n<link rel=\"canonical\" href=\"https:\/\/multi-mam.com\/ro\/produs\/multi-mam-protect\/\" \/>\n<meta property=\"og:locale\" content=\"ro_RO\" \/>\n<meta property=\"og:type\" content=\"article\" \/>\n<meta property=\"og:title\" content=\"Multi-Mam\u00ae Protect - Multi-Mam\" \/>\n<meta property=\"og:description\" content=\"Multi-Mam Protect este un balsam vegan, bazat \u00een principal pe uleiuri \u0219i gr\u0103simi vegetale, care protejeaz\u0103 mameloanele de uscare \u0219i cr\u0103pare \u00een timpul al\u0103pt\u0103rii.\" \/>\n<meta property=\"og:url\" content=\"https:\/\/multi-mam.com\/ro\/produs\/multi-mam-protect\/\" \/>\n<meta property=\"og:site_name\" content=\"Multi-Mam\" \/>\n<meta property=\"article:modified_time\" content=\"2025-05-28T09:25:44+00:00\" \/>\n<meta property=\"og:image\" content=\"https:\/\/multi-mam.com\/app\/uploads\/sites\/19\/2022\/11\/MultiMamProtectUnpacked_free.png\" \/>\n\t<meta property=\"og:image:width\" content=\"700\" \/>\n\t<meta property=\"og:image:height\" content=\"700\" \/>\n\t<meta property=\"og:image:type\" content=\"image\/png\" \/>\n<meta name=\"twitter:card\" content=\"summary_large_image\" \/>\n<meta name=\"twitter:label1\" content=\"Timp estimat pentru citire\" \/>\n\t<meta name=\"twitter:data1\" content=\"1 minut\" \/>\n<script type=\"application\/ld+json\" class=\"yoast-schema-graph\">{\"@context\":\"https:\/\/schema.org\",\"@graph\":[{\"@type\":\"WebPage\",\"@id\":\"https:\/\/multi-mam.com\/ro\/produs\/multi-mam-protect\/\",\"url\":\"https:\/\/multi-mam.com\/ro\/produs\/multi-mam-protect\/\",\"name\":\"Multi-Mam\u00ae Protect - Multi-Mam\",\"isPartOf\":{\"@id\":\"https:\/\/multi-mam.com\/ro\/#website\"},\"primaryImageOfPage\":{\"@id\":\"https:\/\/multi-mam.com\/ro\/produs\/multi-mam-protect\/#primaryimage\"},\"image\":{\"@id\":\"https:\/\/multi-mam.com\/ro\/produs\/multi-mam-protect\/#primaryimage\"},\"thumbnailUrl\":\"https:\/\/multi-mam.com\/app\/uploads\/sites\/19\/2022\/11\/MultiMamProtectUnpacked_free.png\",\"datePublished\":\"2022-11-25T10:25:36+00:00\",\"dateModified\":\"2025-05-28T09:25:44+00:00\",\"description\":\"Multi-Mam Protect este un balsam vegan, bazat \u00een principal pe uleiuri \u0219i gr\u0103simi vegetale, care protejeaz\u0103 mameloanele de uscare \u0219i cr\u0103pare \u00een timpul al\u0103pt\u0103rii.\",\"breadcrumb\":{\"@id\":\"https:\/\/multi-mam.com\/ro\/produs\/multi-mam-protect\/#breadcrumb\"},\"inLanguage\":\"ro-RO\",\"potentialAction\":[{\"@type\":\"ReadAction\",\"target\":[\"https:\/\/multi-mam.com\/ro\/produs\/multi-mam-protect\/\"]}]},{\"@type\":\"ImageObject\",\"inLanguage\":\"ro-RO\",\"@id\":\"https:\/\/multi-mam.com\/ro\/produs\/multi-mam-protect\/#primaryimage\",\"url\":\"https:\/\/multi-mam.com\/app\/uploads\/sites\/19\/2022\/11\/MultiMamProtectUnpacked_free.png\",\"contentUrl\":\"https:\/\/multi-mam.com\/app\/uploads\/sites\/19\/2022\/11\/MultiMamProtectUnpacked_free.png\",\"width\":700,\"height\":700,\"caption\":\"MultiMamProtectUnpacked_free\"},{\"@type\":\"BreadcrumbList\",\"@id\":\"https:\/\/multi-mam.com\/ro\/produs\/multi-mam-protect\/#breadcrumb\",\"itemListElement\":[{\"@type\":\"ListItem\",\"position\":1,\"name\":\"Home\",\"item\":\"https:\/\/multi-mam.com\/ro\/\"},{\"@type\":\"ListItem\",\"position\":2,\"name\":\"Produsele\",\"item\":\"https:\/\/multi-mam.com\/ro\/produsele\/\"},{\"@type\":\"ListItem\",\"position\":3,\"name\":\"Multi-Mam\u00ae Protect\"}]},{\"@type\":\"WebSite\",\"@id\":\"https:\/\/multi-mam.com\/ro\/#website\",\"url\":\"https:\/\/multi-mam.com\/ro\/\",\"name\":\"Multi-Mam\",\"description\":\"\",\"publisher\":{\"@id\":\"https:\/\/multi-mam.com\/ro\/#organization\"},\"potentialAction\":[{\"@type\":\"SearchAction\",\"target\":{\"@type\":\"EntryPoint\",\"urlTemplate\":\"https:\/\/multi-mam.com\/ro\/?s={search_term_string}\"},\"query-input\":{\"@type\":\"PropertyValueSpecification\",\"valueRequired\":true,\"valueName\":\"search_term_string\"}}],\"inLanguage\":\"ro-RO\"},{\"@type\":\"Organization\",\"@id\":\"https:\/\/multi-mam.com\/ro\/#organization\",\"name\":\"Multi-Mam\",\"url\":\"https:\/\/multi-mam.com\/ro\/\",\"logo\":{\"@type\":\"ImageObject\",\"inLanguage\":\"ro-RO\",\"@id\":\"https:\/\/multi-mam.com\/ro\/#\/schema\/logo\/image\/\",\"url\":\"https:\/\/multi-mam.com\/app\/uploads\/sites\/19\/2022\/11\/multi-mam-logotype.png\",\"contentUrl\":\"https:\/\/multi-mam.com\/app\/uploads\/sites\/19\/2022\/11\/multi-mam-logotype.png\",\"width\":70,\"height\":96,\"caption\":\"Multi-Mam\"},\"image\":{\"@id\":\"https:\/\/multi-mam.com\/ro\/#\/schema\/logo\/image\/\"}}]}<\/script>\n<!-- \/ Yoast SEO plugin. -->","yoast_head_json":{"title":"Multi-Mam\u00ae Protect - Multi-Mam","description":"Multi-Mam Protect este un balsam vegan, bazat \u00een principal pe uleiuri \u0219i gr\u0103simi vegetale, care protejeaz\u0103 mameloanele de uscare \u0219i cr\u0103pare \u00een timpul al\u0103pt\u0103rii.","robots":{"index":"index","follow":"follow","max-snippet":"max-snippet:-1","max-image-preview":"max-image-preview:large","max-video-preview":"max-video-preview:-1"},"canonical":"https:\/\/multi-mam.com\/ro\/produs\/multi-mam-protect\/","og_locale":"ro_RO","og_type":"article","og_title":"Multi-Mam\u00ae Protect - Multi-Mam","og_description":"Multi-Mam Protect este un balsam vegan, bazat \u00een principal pe uleiuri \u0219i gr\u0103simi vegetale, care protejeaz\u0103 mameloanele de uscare \u0219i cr\u0103pare \u00een timpul al\u0103pt\u0103rii.","og_url":"https:\/\/multi-mam.com\/ro\/produs\/multi-mam-protect\/","og_site_name":"Multi-Mam","article_modified_time":"2025-05-28T09:25:44+00:00","og_image":[{"width":700,"height":700,"url":"https:\/\/multi-mam.com\/app\/uploads\/sites\/19\/2022\/11\/MultiMamProtectUnpacked_free.png","type":"image\/png"}],"twitter_card":"summary_large_image","twitter_misc":{"Timp estimat pentru citire":"1 minut"},"schema":{"@context":"https:\/\/schema.org","@graph":[{"@type":"WebPage","@id":"https:\/\/multi-mam.com\/ro\/produs\/multi-mam-protect\/","url":"https:\/\/multi-mam.com\/ro\/produs\/multi-mam-protect\/","name":"Multi-Mam\u00ae Protect - Multi-Mam","isPartOf":{"@id":"https:\/\/multi-mam.com\/ro\/#website"},"primaryImageOfPage":{"@id":"https:\/\/multi-mam.com\/ro\/produs\/multi-mam-protect\/#primaryimage"},"image":{"@id":"https:\/\/multi-mam.com\/ro\/produs\/multi-mam-protect\/#primaryimage"},"thumbnailUrl":"https:\/\/multi-mam.com\/app\/uploads\/sites\/19\/2022\/11\/MultiMamProtectUnpacked_free.png","datePublished":"2022-11-25T10:25:36+00:00","dateModified":"2025-05-28T09:25:44+00:00","description":"Multi-Mam Protect este un balsam vegan, bazat \u00een principal pe uleiuri \u0219i gr\u0103simi vegetale, care protejeaz\u0103 mameloanele de uscare \u0219i cr\u0103pare \u00een timpul al\u0103pt\u0103rii.","breadcrumb":{"@id":"https:\/\/multi-mam.com\/ro\/produs\/multi-mam-protect\/#breadcrumb"},"inLanguage":"ro-RO","potentialAction":[{"@type":"ReadAction","target":["https:\/\/multi-mam.com\/ro\/produs\/multi-mam-protect\/"]}]},{"@type":"ImageObject","inLanguage":"ro-RO","@id":"https:\/\/multi-mam.com\/ro\/produs\/multi-mam-protect\/#primaryimage","url":"https:\/\/multi-mam.com\/app\/uploads\/sites\/19\/2022\/11\/MultiMamProtectUnpacked_free.png","contentUrl":"https:\/\/multi-mam.com\/app\/uploads\/sites\/19\/2022\/11\/MultiMamProtectUnpacked_free.png","width":700,"height":700,"caption":"MultiMamProtectUnpacked_free"},{"@type":"BreadcrumbList","@id":"https:\/\/multi-mam.com\/ro\/produs\/multi-mam-protect\/#breadcrumb","itemListElement":[{"@type":"ListItem","position":1,"name":"Home","item":"https:\/\/multi-mam.com\/ro\/"},{"@type":"ListItem","position":2,"name":"Produsele","item":"https:\/\/multi-mam.com\/ro\/produsele\/"},{"@type":"ListItem","position":3,"name":"Multi-Mam\u00ae Protect"}]},{"@type":"WebSite","@id":"https:\/\/multi-mam.com\/ro\/#website","url":"https:\/\/multi-mam.com\/ro\/","name":"Multi-Mam","description":"","publisher":{"@id":"https:\/\/multi-mam.com\/ro\/#organization"},"potentialAction":[{"@type":"SearchAction","target":{"@type":"EntryPoint","urlTemplate":"https:\/\/multi-mam.com\/ro\/?s={search_term_string}"},"query-input":{"@type":"PropertyValueSpecification","valueRequired":true,"valueName":"search_term_string"}}],"inLanguage":"ro-RO"},{"@type":"Organization","@id":"https:\/\/multi-mam.com\/ro\/#organization","name":"Multi-Mam","url":"https:\/\/multi-mam.com\/ro\/","logo":{"@type":"ImageObject","inLanguage":"ro-RO","@id":"https:\/\/multi-mam.com\/ro\/#\/schema\/logo\/image\/","url":"https:\/\/multi-mam.com\/app\/uploads\/sites\/19\/2022\/11\/multi-mam-logotype.png","contentUrl":"https:\/\/multi-mam.com\/app\/uploads\/sites\/19\/2022\/11\/multi-mam-logotype.png","width":70,"height":96,"caption":"Multi-Mam"},"image":{"@id":"https:\/\/multi-mam.com\/ro\/#\/schema\/logo\/image\/"}}]}},"_links":{"self":[{"href":"https:\/\/multi-mam.com\/ro\/wp-json\/wp\/v2\/product\/88","targetHints":{"allow":["GET"]}}],"collection":[{"href":"https:\/\/multi-mam.com\/ro\/wp-json\/wp\/v2\/product"}],"about":[{"href":"https:\/\/multi-mam.com\/ro\/wp-json\/wp\/v2\/types\/product"}],"replies":[{"embeddable":true,"href":"https:\/\/multi-mam.com\/ro\/wp-json\/wp\/v2\/comments?post=88"}],"version-history":[{"count":10,"href":"https:\/\/multi-mam.com\/ro\/wp-json\/wp\/v2\/product\/88\/revisions"}],"predecessor-version":[{"id":465,"href":"https:\/\/multi-mam.com\/ro\/wp-json\/wp\/v2\/product\/88\/revisions\/465"}],"wp:featuredmedia":[{"embeddable":true,"href":"https:\/\/multi-mam.com\/ro\/wp-json\/wp\/v2\/media\/178"}],"wp:attachment":[{"href":"https:\/\/multi-mam.com\/ro\/wp-json\/wp\/v2\/media?parent=88"}],"wp:term":[{"taxonomy":"product_brand","embeddable":true,"href":"https:\/\/multi-mam.com\/ro\/wp-json\/wp\/v2\/product_brand?post=88"},{"taxonomy":"product_cat","embeddable":true,"href":"https:\/\/multi-mam.com\/ro\/wp-json\/wp\/v2\/product_cat?post=88"},{"taxonomy":"product_tag","embeddable":true,"href":"https:\/\/multi-mam.com\/ro\/wp-json\/wp\/v2\/product_tag?post=88"}],"curies":[{"name":"wp","href":"https:\/\/api.w.org\/{rel}","templated":true}]}}