{"id":83,"date":"2022-11-25T11:24:31","date_gmt":"2022-11-25T10:24:31","guid":{"rendered":"https:\/\/multi-mam.com\/ro\/?post_type=product&#038;p=83"},"modified":"2025-05-28T11:23:30","modified_gmt":"2025-05-28T09:23:30","slug":"multi-mam-kompresser","status":"publish","type":"product","link":"https:\/\/multi-mam.com\/ro\/produs\/multi-mam-kompresser\/","title":{"rendered":"Multi-Mam\u00ae Comprese"},"content":{"rendered":"\n<div class=\"wp-block-karopharma-accordions is-style-secondary\"><div class=\"container\">\n<details class=\"wp-block-karopharma-accordion\"><summary><h2 class=\"accordion-title\">Cum pot folosi compresele Multi-Mam?<\/h2><\/summary><div class=\"accordion-content\">\n<p>Deschide\u021bi plicul, desp\u0103turi\u021bi compresa \u0219i aplica\u021bi-o pe mamelon cu partea impregnat\u0103 cu gel. L\u0103sa\u021bi compresa aplicat\u0103 at\u00e2t timp c\u00e2t este necesar. Vede\u021bi mai jos c\u00e2t timp este recomandat.<\/p>\n<\/div><\/details>\n\n\n\n<details class=\"wp-block-karopharma-accordion\"><summary><h2 class=\"accordion-title\">Compresele Multi-Mam se aplic\u0103 \u00eenainte sau dup\u0103 al\u0103ptare?<\/h2><\/summary><div class=\"accordion-content\">\n<p>V\u0103 recomand\u0103m s\u0103 utiliza\u021bi compresele Multi-Mam imediat dup\u0103 al\u0103ptare \u2013 dac\u0103 sunt utilizate chiar \u00eenainte de al\u0103ptare, mediul umed creat poate face mai dificil\u0103 ata\u0219area bebelu\u0219ului la s\u00e2n.<\/p>\n<\/div><\/details>\n\n\n\n<details class=\"wp-block-karopharma-accordion\"><summary><h2 class=\"accordion-title\">C\u00e2t timp trebuie s\u0103 \u021bin compresele Multi-Mam pe s\u00e2n?<\/h2><\/summary><div class=\"accordion-content\">\n<p>Ideal pute\u021bi folosi compresele Multi-Mam pentru 30 de minute, dar minim 10 minute \u0219i maxim o or\u0103.<\/p>\n<\/div><\/details>\n\n\n\n<details class=\"wp-block-karopharma-accordion\"><summary><h2 class=\"accordion-title\">De c\u00e2te ori pot folosi o compres\u0103 Multi-Mam? <\/h2><\/summary><div class=\"accordion-content\">\n<p>Fiecare compres\u0103 este destinat\u0103 unei singure utiliz\u0103ri. Recomand\u0103m aruncarea lor dup\u0103 utilizare, din motive de igien\u0103.<\/p>\n<\/div><\/details>\n\n\n\n<details class=\"wp-block-karopharma-accordion\"><summary><h2 class=\"accordion-title\">Nu am nici o problem\u0103 momentan. Pot folosi compresele Multi-Mam ca o metod\u0103 de preven\u021bie?<\/h2><\/summary><div class=\"accordion-content\">\n<p>Dac\u0103 vrei s\u0103 folose\u0219ti un produs pentru preven\u021bie, \u00ee\u021bi recomand\u0103m Multi-Mam Balm sau Multi-Mam Lanolin. Aceste produse protejeaz\u0103 mameloanele de uscare \u0219i de cr\u0103pare.<\/p>\n<\/div><\/details>\n\n\n\n<details class=\"wp-block-karopharma-accordion\"><summary><h2 class=\"accordion-title\">Dac\u0103 bebelu\u0219ul meu \u00eenghite gel r\u0103mas pe s\u00e2n de pe compresele Multi-Mam, poate fi pus \u00een pericol?<\/h2><\/summary><div class=\"accordion-content\">\n<p>Nu, gelul este complet sigur pentru bebelu\u0219ul t\u0103u. Nu trebuie s\u0103 \u00eendep\u0103rtezi sau s\u0103 speli excesul de gel \u00eenaintea al\u0103pt\u0103rii.<\/p>\n<\/div><\/details>\n<\/div><\/div>\n","protected":false},"excerpt":{"rendered":"<p>Tratament pentru \u00eengrijirea intensiv\u0103 a mameloanelor dureroase<\/p>\n","protected":false},"featured_media":175,"comment_status":"closed","ping_status":"closed","template":"","meta":{"_acf_changed":false,"footnotes":""},"product_brand":[],"product_cat":[19],"product_tag":[],"class_list":{"0":"post-83","1":"product","2":"type-product","3":"status-publish","4":"has-post-thumbnail","6":"product_cat-alaptarea","8":"first","9":"instock","10":"shipping-taxable","11":"product-type-simple"},"acf":[],"yoast_head":"<!-- This site is optimized with the Yoast SEO plugin v26.6 - https:\/\/yoast.com\/wordpress\/plugins\/seo\/ -->\n<title>Multi-Mam\u00ae Comprese - Multi-Mam<\/title>\n<meta name=\"description\" content=\"Compresele Multi-Mam trateaz\u0103 disconfortul datorat al\u0103pt\u0103rii, cum ar fi durerea, irita\u021biile \u0219i sensibilitatea mameloanelor, cu un efect direct calmant \u0219i r\u0103coritor.\" \/>\n<meta name=\"robots\" content=\"index, follow, max-snippet:-1, max-image-preview:large, max-video-preview:-1\" \/>\n<link rel=\"canonical\" href=\"https:\/\/multi-mam.com\/ro\/produs\/multi-mam-kompresser\/\" \/>\n<meta property=\"og:locale\" content=\"ro_RO\" \/>\n<meta property=\"og:type\" content=\"article\" \/>\n<meta property=\"og:title\" content=\"Multi-Mam\u00ae Comprese - Multi-Mam\" \/>\n<meta property=\"og:description\" content=\"Compresele Multi-Mam trateaz\u0103 disconfortul datorat al\u0103pt\u0103rii, cum ar fi durerea, irita\u021biile \u0219i sensibilitatea mameloanelor, cu un efect direct calmant \u0219i r\u0103coritor.\" \/>\n<meta property=\"og:url\" content=\"https:\/\/multi-mam.com\/ro\/produs\/multi-mam-kompresser\/\" \/>\n<meta property=\"og:site_name\" content=\"Multi-Mam\" \/>\n<meta property=\"article:modified_time\" content=\"2025-05-28T09:23:30+00:00\" \/>\n<meta property=\"og:image\" content=\"https:\/\/multi-mam.com\/app\/uploads\/sites\/19\/2022\/11\/MultiMamKompressen-kl_edit-1.png\" \/>\n\t<meta property=\"og:image:width\" content=\"700\" \/>\n\t<meta property=\"og:image:height\" content=\"700\" \/>\n\t<meta property=\"og:image:type\" content=\"image\/png\" \/>\n<meta name=\"twitter:card\" content=\"summary_large_image\" \/>\n<meta name=\"twitter:label1\" content=\"Timp estimat pentru citire\" \/>\n\t<meta name=\"twitter:data1\" content=\"2 minute\" \/>\n<script type=\"application\/ld+json\" class=\"yoast-schema-graph\">{\"@context\":\"https:\/\/schema.org\",\"@graph\":[{\"@type\":\"WebPage\",\"@id\":\"https:\/\/multi-mam.com\/ro\/produs\/multi-mam-kompresser\/\",\"url\":\"https:\/\/multi-mam.com\/ro\/produs\/multi-mam-kompresser\/\",\"name\":\"Multi-Mam\u00ae Comprese - Multi-Mam\",\"isPartOf\":{\"@id\":\"https:\/\/multi-mam.com\/ro\/#website\"},\"primaryImageOfPage\":{\"@id\":\"https:\/\/multi-mam.com\/ro\/produs\/multi-mam-kompresser\/#primaryimage\"},\"image\":{\"@id\":\"https:\/\/multi-mam.com\/ro\/produs\/multi-mam-kompresser\/#primaryimage\"},\"thumbnailUrl\":\"https:\/\/multi-mam.com\/app\/uploads\/sites\/19\/2022\/11\/MultiMamKompressen-kl_edit-1.png\",\"datePublished\":\"2022-11-25T10:24:31+00:00\",\"dateModified\":\"2025-05-28T09:23:30+00:00\",\"description\":\"Compresele Multi-Mam trateaz\u0103 disconfortul datorat al\u0103pt\u0103rii, cum ar fi durerea, irita\u021biile \u0219i sensibilitatea mameloanelor, cu un efect direct calmant \u0219i r\u0103coritor.\",\"breadcrumb\":{\"@id\":\"https:\/\/multi-mam.com\/ro\/produs\/multi-mam-kompresser\/#breadcrumb\"},\"inLanguage\":\"ro-RO\",\"potentialAction\":[{\"@type\":\"ReadAction\",\"target\":[\"https:\/\/multi-mam.com\/ro\/produs\/multi-mam-kompresser\/\"]}]},{\"@type\":\"ImageObject\",\"inLanguage\":\"ro-RO\",\"@id\":\"https:\/\/multi-mam.com\/ro\/produs\/multi-mam-kompresser\/#primaryimage\",\"url\":\"https:\/\/multi-mam.com\/app\/uploads\/sites\/19\/2022\/11\/MultiMamKompressen-kl_edit-1.png\",\"contentUrl\":\"https:\/\/multi-mam.com\/app\/uploads\/sites\/19\/2022\/11\/MultiMamKompressen-kl_edit-1.png\",\"width\":700,\"height\":700,\"caption\":\"Multi-Mam\u00ae Comprese\"},{\"@type\":\"BreadcrumbList\",\"@id\":\"https:\/\/multi-mam.com\/ro\/produs\/multi-mam-kompresser\/#breadcrumb\",\"itemListElement\":[{\"@type\":\"ListItem\",\"position\":1,\"name\":\"Home\",\"item\":\"https:\/\/multi-mam.com\/ro\/\"},{\"@type\":\"ListItem\",\"position\":2,\"name\":\"Produsele\",\"item\":\"https:\/\/multi-mam.com\/ro\/produsele\/\"},{\"@type\":\"ListItem\",\"position\":3,\"name\":\"Multi-Mam\u00ae Comprese\"}]},{\"@type\":\"WebSite\",\"@id\":\"https:\/\/multi-mam.com\/ro\/#website\",\"url\":\"https:\/\/multi-mam.com\/ro\/\",\"name\":\"Multi-Mam\",\"description\":\"\",\"publisher\":{\"@id\":\"https:\/\/multi-mam.com\/ro\/#organization\"},\"potentialAction\":[{\"@type\":\"SearchAction\",\"target\":{\"@type\":\"EntryPoint\",\"urlTemplate\":\"https:\/\/multi-mam.com\/ro\/?s={search_term_string}\"},\"query-input\":{\"@type\":\"PropertyValueSpecification\",\"valueRequired\":true,\"valueName\":\"search_term_string\"}}],\"inLanguage\":\"ro-RO\"},{\"@type\":\"Organization\",\"@id\":\"https:\/\/multi-mam.com\/ro\/#organization\",\"name\":\"Multi-Mam\",\"url\":\"https:\/\/multi-mam.com\/ro\/\",\"logo\":{\"@type\":\"ImageObject\",\"inLanguage\":\"ro-RO\",\"@id\":\"https:\/\/multi-mam.com\/ro\/#\/schema\/logo\/image\/\",\"url\":\"https:\/\/multi-mam.com\/app\/uploads\/sites\/19\/2022\/11\/multi-mam-logotype.png\",\"contentUrl\":\"https:\/\/multi-mam.com\/app\/uploads\/sites\/19\/2022\/11\/multi-mam-logotype.png\",\"width\":70,\"height\":96,\"caption\":\"Multi-Mam\"},\"image\":{\"@id\":\"https:\/\/multi-mam.com\/ro\/#\/schema\/logo\/image\/\"}}]}<\/script>\n<!-- \/ Yoast SEO plugin. -->","yoast_head_json":{"title":"Multi-Mam\u00ae Comprese - Multi-Mam","description":"Compresele Multi-Mam trateaz\u0103 disconfortul datorat al\u0103pt\u0103rii, cum ar fi durerea, irita\u021biile \u0219i sensibilitatea mameloanelor, cu un efect direct calmant \u0219i r\u0103coritor.","robots":{"index":"index","follow":"follow","max-snippet":"max-snippet:-1","max-image-preview":"max-image-preview:large","max-video-preview":"max-video-preview:-1"},"canonical":"https:\/\/multi-mam.com\/ro\/produs\/multi-mam-kompresser\/","og_locale":"ro_RO","og_type":"article","og_title":"Multi-Mam\u00ae Comprese - Multi-Mam","og_description":"Compresele Multi-Mam trateaz\u0103 disconfortul datorat al\u0103pt\u0103rii, cum ar fi durerea, irita\u021biile \u0219i sensibilitatea mameloanelor, cu un efect direct calmant \u0219i r\u0103coritor.","og_url":"https:\/\/multi-mam.com\/ro\/produs\/multi-mam-kompresser\/","og_site_name":"Multi-Mam","article_modified_time":"2025-05-28T09:23:30+00:00","og_image":[{"width":700,"height":700,"url":"https:\/\/multi-mam.com\/app\/uploads\/sites\/19\/2022\/11\/MultiMamKompressen-kl_edit-1.png","type":"image\/png"}],"twitter_card":"summary_large_image","twitter_misc":{"Timp estimat pentru citire":"2 minute"},"schema":{"@context":"https:\/\/schema.org","@graph":[{"@type":"WebPage","@id":"https:\/\/multi-mam.com\/ro\/produs\/multi-mam-kompresser\/","url":"https:\/\/multi-mam.com\/ro\/produs\/multi-mam-kompresser\/","name":"Multi-Mam\u00ae Comprese - Multi-Mam","isPartOf":{"@id":"https:\/\/multi-mam.com\/ro\/#website"},"primaryImageOfPage":{"@id":"https:\/\/multi-mam.com\/ro\/produs\/multi-mam-kompresser\/#primaryimage"},"image":{"@id":"https:\/\/multi-mam.com\/ro\/produs\/multi-mam-kompresser\/#primaryimage"},"thumbnailUrl":"https:\/\/multi-mam.com\/app\/uploads\/sites\/19\/2022\/11\/MultiMamKompressen-kl_edit-1.png","datePublished":"2022-11-25T10:24:31+00:00","dateModified":"2025-05-28T09:23:30+00:00","description":"Compresele Multi-Mam trateaz\u0103 disconfortul datorat al\u0103pt\u0103rii, cum ar fi durerea, irita\u021biile \u0219i sensibilitatea mameloanelor, cu un efect direct calmant \u0219i r\u0103coritor.","breadcrumb":{"@id":"https:\/\/multi-mam.com\/ro\/produs\/multi-mam-kompresser\/#breadcrumb"},"inLanguage":"ro-RO","potentialAction":[{"@type":"ReadAction","target":["https:\/\/multi-mam.com\/ro\/produs\/multi-mam-kompresser\/"]}]},{"@type":"ImageObject","inLanguage":"ro-RO","@id":"https:\/\/multi-mam.com\/ro\/produs\/multi-mam-kompresser\/#primaryimage","url":"https:\/\/multi-mam.com\/app\/uploads\/sites\/19\/2022\/11\/MultiMamKompressen-kl_edit-1.png","contentUrl":"https:\/\/multi-mam.com\/app\/uploads\/sites\/19\/2022\/11\/MultiMamKompressen-kl_edit-1.png","width":700,"height":700,"caption":"Multi-Mam\u00ae Comprese"},{"@type":"BreadcrumbList","@id":"https:\/\/multi-mam.com\/ro\/produs\/multi-mam-kompresser\/#breadcrumb","itemListElement":[{"@type":"ListItem","position":1,"name":"Home","item":"https:\/\/multi-mam.com\/ro\/"},{"@type":"ListItem","position":2,"name":"Produsele","item":"https:\/\/multi-mam.com\/ro\/produsele\/"},{"@type":"ListItem","position":3,"name":"Multi-Mam\u00ae Comprese"}]},{"@type":"WebSite","@id":"https:\/\/multi-mam.com\/ro\/#website","url":"https:\/\/multi-mam.com\/ro\/","name":"Multi-Mam","description":"","publisher":{"@id":"https:\/\/multi-mam.com\/ro\/#organization"},"potentialAction":[{"@type":"SearchAction","target":{"@type":"EntryPoint","urlTemplate":"https:\/\/multi-mam.com\/ro\/?s={search_term_string}"},"query-input":{"@type":"PropertyValueSpecification","valueRequired":true,"valueName":"search_term_string"}}],"inLanguage":"ro-RO"},{"@type":"Organization","@id":"https:\/\/multi-mam.com\/ro\/#organization","name":"Multi-Mam","url":"https:\/\/multi-mam.com\/ro\/","logo":{"@type":"ImageObject","inLanguage":"ro-RO","@id":"https:\/\/multi-mam.com\/ro\/#\/schema\/logo\/image\/","url":"https:\/\/multi-mam.com\/app\/uploads\/sites\/19\/2022\/11\/multi-mam-logotype.png","contentUrl":"https:\/\/multi-mam.com\/app\/uploads\/sites\/19\/2022\/11\/multi-mam-logotype.png","width":70,"height":96,"caption":"Multi-Mam"},"image":{"@id":"https:\/\/multi-mam.com\/ro\/#\/schema\/logo\/image\/"}}]}},"_links":{"self":[{"href":"https:\/\/multi-mam.com\/ro\/wp-json\/wp\/v2\/product\/83","targetHints":{"allow":["GET"]}}],"collection":[{"href":"https:\/\/multi-mam.com\/ro\/wp-json\/wp\/v2\/product"}],"about":[{"href":"https:\/\/multi-mam.com\/ro\/wp-json\/wp\/v2\/types\/product"}],"replies":[{"embeddable":true,"href":"https:\/\/multi-mam.com\/ro\/wp-json\/wp\/v2\/comments?post=83"}],"version-history":[{"count":10,"href":"https:\/\/multi-mam.com\/ro\/wp-json\/wp\/v2\/product\/83\/revisions"}],"predecessor-version":[{"id":463,"href":"https:\/\/multi-mam.com\/ro\/wp-json\/wp\/v2\/product\/83\/revisions\/463"}],"wp:featuredmedia":[{"embeddable":true,"href":"https:\/\/multi-mam.com\/ro\/wp-json\/wp\/v2\/media\/175"}],"wp:attachment":[{"href":"https:\/\/multi-mam.com\/ro\/wp-json\/wp\/v2\/media?parent=83"}],"wp:term":[{"taxonomy":"product_brand","embeddable":true,"href":"https:\/\/multi-mam.com\/ro\/wp-json\/wp\/v2\/product_brand?post=83"},{"taxonomy":"product_cat","embeddable":true,"href":"https:\/\/multi-mam.com\/ro\/wp-json\/wp\/v2\/product_cat?post=83"},{"taxonomy":"product_tag","embeddable":true,"href":"https:\/\/multi-mam.com\/ro\/wp-json\/wp\/v2\/product_tag?post=83"}],"curies":[{"name":"wp","href":"https:\/\/api.w.org\/{rel}","templated":true}]}}