{"id":79,"date":"2022-11-25T11:23:54","date_gmt":"2022-11-25T10:23:54","guid":{"rendered":"https:\/\/multi-mam.com\/ro\/?post_type=product&#038;p=79"},"modified":"2025-05-28T11:27:21","modified_gmt":"2025-05-28T09:27:21","slug":"multi-mam-babydent","status":"publish","type":"product","link":"https:\/\/multi-mam.com\/ro\/produs\/multi-mam-babydent\/","title":{"rendered":"Multi-Mam\u00ae BabyDent"},"content":{"rendered":"\n<div class=\"wp-block-karopharma-accordions is-style-secondary\"><div class=\"container\">\n<details class=\"wp-block-karopharma-accordion\"><summary><h2 class=\"accordion-title\">C\u00e2t de des pot folosi gelul pentru bebelu\u0219ul meu?<\/h2><\/summary><div class=\"accordion-content\">\n<p>De c\u00e2te ori dori\u021bi \u2013 ori de c\u00e2te ori este nevoie de efectul calmant.<\/p>\n<\/div><\/details>\n\n\n\n<details class=\"wp-block-karopharma-accordion\"><summary><h2 class=\"accordion-title\">Copilul meu a \u00eenghi\u021bit destul de mult gel. Este \u00een pericol?<\/h2><\/summary><div class=\"accordion-content\">\n<p>Nu, nu este o problem\u0103 dac\u0103 bebelu\u0219ul \u00eenghite gelul. Este complet inofensiv.<\/p>\n<\/div><\/details>\n\n\n\n<details class=\"wp-block-karopharma-accordion\"><summary><h2 class=\"accordion-title\">Gelul \u00eemi alunec\u0103 de pe degete, cum ar trebui s\u0103 \u00eel aplic pe gingiile copilului meu?<\/h2><\/summary><div class=\"accordion-content\">\n<p>LPune\u021bi gel direct pe o suzet\u0103 sau un inel de denti\u021bie, \u00een locurile care vor avea contact cu gingiile bebelu\u0219ului.<\/p>\n<\/div><\/details>\n<\/div><\/div>\n","protected":false},"excerpt":{"rendered":"<p>Gel calmant \u00een cazul erup\u021biilor dentare la copii<\/p>\n","protected":false},"featured_media":380,"comment_status":"closed","ping_status":"closed","template":"","meta":{"_acf_changed":false,"footnotes":""},"product_brand":[],"product_cat":[18],"product_tag":[],"class_list":{"0":"post-79","1":"product","2":"type-product","3":"status-publish","4":"has-post-thumbnail","6":"product_cat-dentitia","8":"first","9":"instock","10":"shipping-taxable","11":"product-type-simple"},"acf":[],"yoast_head":"<!-- This site is optimized with the Yoast SEO plugin v26.6 - https:\/\/yoast.com\/wordpress\/plugins\/seo\/ -->\n<title>Multi-Mam\u00ae BabyDent - Multi-Mam<\/title>\n<meta name=\"description\" content=\"Multi-Mam BabyDent formeaz\u0103 un strat moale calmant ce acoper\u0103 gingiile afectate \u0219i reduce inflama\u021bia cauzat\u0103 de erup\u021bia dentar\u0103.\" \/>\n<meta name=\"robots\" content=\"index, follow, max-snippet:-1, max-image-preview:large, max-video-preview:-1\" \/>\n<link rel=\"canonical\" href=\"https:\/\/multi-mam.com\/ro\/produs\/multi-mam-babydent\/\" \/>\n<meta property=\"og:locale\" content=\"ro_RO\" \/>\n<meta property=\"og:type\" content=\"article\" \/>\n<meta property=\"og:title\" content=\"Multi-Mam\u00ae BabyDent - Multi-Mam\" \/>\n<meta property=\"og:description\" content=\"Multi-Mam BabyDent formeaz\u0103 un strat moale calmant ce acoper\u0103 gingiile afectate \u0219i reduce inflama\u021bia cauzat\u0103 de erup\u021bia dentar\u0103.\" \/>\n<meta property=\"og:url\" content=\"https:\/\/multi-mam.com\/ro\/produs\/multi-mam-babydent\/\" \/>\n<meta property=\"og:site_name\" content=\"Multi-Mam\" \/>\n<meta property=\"article:modified_time\" content=\"2025-05-28T09:27:21+00:00\" \/>\n<meta property=\"og:image\" content=\"https:\/\/multi-mam.com\/app\/uploads\/sites\/19\/2022\/11\/MultiMamBabyDent15UnpackagedINTA02.png\" \/>\n\t<meta property=\"og:image:width\" content=\"2000\" \/>\n\t<meta property=\"og:image:height\" content=\"2000\" \/>\n\t<meta property=\"og:image:type\" content=\"image\/png\" \/>\n<meta name=\"twitter:card\" content=\"summary_large_image\" \/>\n<meta name=\"twitter:label1\" content=\"Timp estimat pentru citire\" \/>\n\t<meta name=\"twitter:data1\" content=\"1 minut\" \/>\n<script type=\"application\/ld+json\" class=\"yoast-schema-graph\">{\"@context\":\"https:\/\/schema.org\",\"@graph\":[{\"@type\":\"WebPage\",\"@id\":\"https:\/\/multi-mam.com\/ro\/produs\/multi-mam-babydent\/\",\"url\":\"https:\/\/multi-mam.com\/ro\/produs\/multi-mam-babydent\/\",\"name\":\"Multi-Mam\u00ae BabyDent - Multi-Mam\",\"isPartOf\":{\"@id\":\"https:\/\/multi-mam.com\/ro\/#website\"},\"primaryImageOfPage\":{\"@id\":\"https:\/\/multi-mam.com\/ro\/produs\/multi-mam-babydent\/#primaryimage\"},\"image\":{\"@id\":\"https:\/\/multi-mam.com\/ro\/produs\/multi-mam-babydent\/#primaryimage\"},\"thumbnailUrl\":\"https:\/\/multi-mam.com\/app\/uploads\/sites\/19\/2022\/11\/MultiMamBabyDent15UnpackagedINTA02.png\",\"datePublished\":\"2022-11-25T10:23:54+00:00\",\"dateModified\":\"2025-05-28T09:27:21+00:00\",\"description\":\"Multi-Mam BabyDent formeaz\u0103 un strat moale calmant ce acoper\u0103 gingiile afectate \u0219i reduce inflama\u021bia cauzat\u0103 de erup\u021bia dentar\u0103.\",\"breadcrumb\":{\"@id\":\"https:\/\/multi-mam.com\/ro\/produs\/multi-mam-babydent\/#breadcrumb\"},\"inLanguage\":\"ro-RO\",\"potentialAction\":[{\"@type\":\"ReadAction\",\"target\":[\"https:\/\/multi-mam.com\/ro\/produs\/multi-mam-babydent\/\"]}]},{\"@type\":\"ImageObject\",\"inLanguage\":\"ro-RO\",\"@id\":\"https:\/\/multi-mam.com\/ro\/produs\/multi-mam-babydent\/#primaryimage\",\"url\":\"https:\/\/multi-mam.com\/app\/uploads\/sites\/19\/2022\/11\/MultiMamBabyDent15UnpackagedINTA02.png\",\"contentUrl\":\"https:\/\/multi-mam.com\/app\/uploads\/sites\/19\/2022\/11\/MultiMamBabyDent15UnpackagedINTA02.png\",\"width\":2000,\"height\":2000,\"caption\":\"Multi-Mam BabyDent\"},{\"@type\":\"BreadcrumbList\",\"@id\":\"https:\/\/multi-mam.com\/ro\/produs\/multi-mam-babydent\/#breadcrumb\",\"itemListElement\":[{\"@type\":\"ListItem\",\"position\":1,\"name\":\"Home\",\"item\":\"https:\/\/multi-mam.com\/ro\/\"},{\"@type\":\"ListItem\",\"position\":2,\"name\":\"Produsele\",\"item\":\"https:\/\/multi-mam.com\/ro\/produsele\/\"},{\"@type\":\"ListItem\",\"position\":3,\"name\":\"Multi-Mam\u00ae BabyDent\"}]},{\"@type\":\"WebSite\",\"@id\":\"https:\/\/multi-mam.com\/ro\/#website\",\"url\":\"https:\/\/multi-mam.com\/ro\/\",\"name\":\"Multi-Mam\",\"description\":\"\",\"publisher\":{\"@id\":\"https:\/\/multi-mam.com\/ro\/#organization\"},\"potentialAction\":[{\"@type\":\"SearchAction\",\"target\":{\"@type\":\"EntryPoint\",\"urlTemplate\":\"https:\/\/multi-mam.com\/ro\/?s={search_term_string}\"},\"query-input\":{\"@type\":\"PropertyValueSpecification\",\"valueRequired\":true,\"valueName\":\"search_term_string\"}}],\"inLanguage\":\"ro-RO\"},{\"@type\":\"Organization\",\"@id\":\"https:\/\/multi-mam.com\/ro\/#organization\",\"name\":\"Multi-Mam\",\"url\":\"https:\/\/multi-mam.com\/ro\/\",\"logo\":{\"@type\":\"ImageObject\",\"inLanguage\":\"ro-RO\",\"@id\":\"https:\/\/multi-mam.com\/ro\/#\/schema\/logo\/image\/\",\"url\":\"https:\/\/multi-mam.com\/app\/uploads\/sites\/19\/2022\/11\/multi-mam-logotype.png\",\"contentUrl\":\"https:\/\/multi-mam.com\/app\/uploads\/sites\/19\/2022\/11\/multi-mam-logotype.png\",\"width\":70,\"height\":96,\"caption\":\"Multi-Mam\"},\"image\":{\"@id\":\"https:\/\/multi-mam.com\/ro\/#\/schema\/logo\/image\/\"}}]}<\/script>\n<!-- \/ Yoast SEO plugin. -->","yoast_head_json":{"title":"Multi-Mam\u00ae BabyDent - Multi-Mam","description":"Multi-Mam BabyDent formeaz\u0103 un strat moale calmant ce acoper\u0103 gingiile afectate \u0219i reduce inflama\u021bia cauzat\u0103 de erup\u021bia dentar\u0103.","robots":{"index":"index","follow":"follow","max-snippet":"max-snippet:-1","max-image-preview":"max-image-preview:large","max-video-preview":"max-video-preview:-1"},"canonical":"https:\/\/multi-mam.com\/ro\/produs\/multi-mam-babydent\/","og_locale":"ro_RO","og_type":"article","og_title":"Multi-Mam\u00ae BabyDent - Multi-Mam","og_description":"Multi-Mam BabyDent formeaz\u0103 un strat moale calmant ce acoper\u0103 gingiile afectate \u0219i reduce inflama\u021bia cauzat\u0103 de erup\u021bia dentar\u0103.","og_url":"https:\/\/multi-mam.com\/ro\/produs\/multi-mam-babydent\/","og_site_name":"Multi-Mam","article_modified_time":"2025-05-28T09:27:21+00:00","og_image":[{"width":2000,"height":2000,"url":"https:\/\/multi-mam.com\/app\/uploads\/sites\/19\/2022\/11\/MultiMamBabyDent15UnpackagedINTA02.png","type":"image\/png"}],"twitter_card":"summary_large_image","twitter_misc":{"Timp estimat pentru citire":"1 minut"},"schema":{"@context":"https:\/\/schema.org","@graph":[{"@type":"WebPage","@id":"https:\/\/multi-mam.com\/ro\/produs\/multi-mam-babydent\/","url":"https:\/\/multi-mam.com\/ro\/produs\/multi-mam-babydent\/","name":"Multi-Mam\u00ae BabyDent - Multi-Mam","isPartOf":{"@id":"https:\/\/multi-mam.com\/ro\/#website"},"primaryImageOfPage":{"@id":"https:\/\/multi-mam.com\/ro\/produs\/multi-mam-babydent\/#primaryimage"},"image":{"@id":"https:\/\/multi-mam.com\/ro\/produs\/multi-mam-babydent\/#primaryimage"},"thumbnailUrl":"https:\/\/multi-mam.com\/app\/uploads\/sites\/19\/2022\/11\/MultiMamBabyDent15UnpackagedINTA02.png","datePublished":"2022-11-25T10:23:54+00:00","dateModified":"2025-05-28T09:27:21+00:00","description":"Multi-Mam BabyDent formeaz\u0103 un strat moale calmant ce acoper\u0103 gingiile afectate \u0219i reduce inflama\u021bia cauzat\u0103 de erup\u021bia dentar\u0103.","breadcrumb":{"@id":"https:\/\/multi-mam.com\/ro\/produs\/multi-mam-babydent\/#breadcrumb"},"inLanguage":"ro-RO","potentialAction":[{"@type":"ReadAction","target":["https:\/\/multi-mam.com\/ro\/produs\/multi-mam-babydent\/"]}]},{"@type":"ImageObject","inLanguage":"ro-RO","@id":"https:\/\/multi-mam.com\/ro\/produs\/multi-mam-babydent\/#primaryimage","url":"https:\/\/multi-mam.com\/app\/uploads\/sites\/19\/2022\/11\/MultiMamBabyDent15UnpackagedINTA02.png","contentUrl":"https:\/\/multi-mam.com\/app\/uploads\/sites\/19\/2022\/11\/MultiMamBabyDent15UnpackagedINTA02.png","width":2000,"height":2000,"caption":"Multi-Mam BabyDent"},{"@type":"BreadcrumbList","@id":"https:\/\/multi-mam.com\/ro\/produs\/multi-mam-babydent\/#breadcrumb","itemListElement":[{"@type":"ListItem","position":1,"name":"Home","item":"https:\/\/multi-mam.com\/ro\/"},{"@type":"ListItem","position":2,"name":"Produsele","item":"https:\/\/multi-mam.com\/ro\/produsele\/"},{"@type":"ListItem","position":3,"name":"Multi-Mam\u00ae BabyDent"}]},{"@type":"WebSite","@id":"https:\/\/multi-mam.com\/ro\/#website","url":"https:\/\/multi-mam.com\/ro\/","name":"Multi-Mam","description":"","publisher":{"@id":"https:\/\/multi-mam.com\/ro\/#organization"},"potentialAction":[{"@type":"SearchAction","target":{"@type":"EntryPoint","urlTemplate":"https:\/\/multi-mam.com\/ro\/?s={search_term_string}"},"query-input":{"@type":"PropertyValueSpecification","valueRequired":true,"valueName":"search_term_string"}}],"inLanguage":"ro-RO"},{"@type":"Organization","@id":"https:\/\/multi-mam.com\/ro\/#organization","name":"Multi-Mam","url":"https:\/\/multi-mam.com\/ro\/","logo":{"@type":"ImageObject","inLanguage":"ro-RO","@id":"https:\/\/multi-mam.com\/ro\/#\/schema\/logo\/image\/","url":"https:\/\/multi-mam.com\/app\/uploads\/sites\/19\/2022\/11\/multi-mam-logotype.png","contentUrl":"https:\/\/multi-mam.com\/app\/uploads\/sites\/19\/2022\/11\/multi-mam-logotype.png","width":70,"height":96,"caption":"Multi-Mam"},"image":{"@id":"https:\/\/multi-mam.com\/ro\/#\/schema\/logo\/image\/"}}]}},"_links":{"self":[{"href":"https:\/\/multi-mam.com\/ro\/wp-json\/wp\/v2\/product\/79","targetHints":{"allow":["GET"]}}],"collection":[{"href":"https:\/\/multi-mam.com\/ro\/wp-json\/wp\/v2\/product"}],"about":[{"href":"https:\/\/multi-mam.com\/ro\/wp-json\/wp\/v2\/types\/product"}],"replies":[{"embeddable":true,"href":"https:\/\/multi-mam.com\/ro\/wp-json\/wp\/v2\/comments?post=79"}],"version-history":[{"count":10,"href":"https:\/\/multi-mam.com\/ro\/wp-json\/wp\/v2\/product\/79\/revisions"}],"predecessor-version":[{"id":464,"href":"https:\/\/multi-mam.com\/ro\/wp-json\/wp\/v2\/product\/79\/revisions\/464"}],"wp:featuredmedia":[{"embeddable":true,"href":"https:\/\/multi-mam.com\/ro\/wp-json\/wp\/v2\/media\/380"}],"wp:attachment":[{"href":"https:\/\/multi-mam.com\/ro\/wp-json\/wp\/v2\/media?parent=79"}],"wp:term":[{"taxonomy":"product_brand","embeddable":true,"href":"https:\/\/multi-mam.com\/ro\/wp-json\/wp\/v2\/product_brand?post=79"},{"taxonomy":"product_cat","embeddable":true,"href":"https:\/\/multi-mam.com\/ro\/wp-json\/wp\/v2\/product_cat?post=79"},{"taxonomy":"product_tag","embeddable":true,"href":"https:\/\/multi-mam.com\/ro\/wp-json\/wp\/v2\/product_tag?post=79"}],"curies":[{"name":"wp","href":"https:\/\/api.w.org\/{rel}","templated":true}]}}