{"id":129,"date":"2022-11-25T13:14:04","date_gmt":"2022-11-25T12:14:04","guid":{"rendered":"https:\/\/multi-mam.com\/ro\/?post_type=product&#038;p=129"},"modified":"2025-05-28T11:26:17","modified_gmt":"2025-05-28T09:26:17","slug":"multi-mam-lanolin","status":"publish","type":"product","link":"https:\/\/multi-mam.com\/ro\/produs\/multi-mam-lanolin\/","title":{"rendered":"Multi-Mam\u00ae Lanolin"},"content":{"rendered":"\n<div class=\"wp-block-karopharma-accordions is-style-secondary\"><div class=\"container\">\n<details class=\"wp-block-karopharma-accordion\"><summary><h2 class=\"accordion-title\">Trebuie s\u0103 \u00eendep\u0103rtez Multi-Mam Lanolin \u00eenainte de a al\u0103pta?<\/h2><\/summary><div class=\"accordion-content\">\n<p>Nu, produsul este inofensiv pentru bebelu\u0219 la \u00eenghi\u021bire \u0219i are gust \u0219i miros neutre. Se recomand\u0103 \u00een special aplicarea lanolinei imediat dup\u0103 al\u0103ptare \u2013 dac\u0103 este aplicat\u0103 chiar \u00eenainte de hr\u0103nire, poate face mai dificil\u0103 ata\u0219area bebelu\u0219ului la s\u00e2n.<\/p>\n<\/div><\/details>\n\n\n\n<details class=\"wp-block-karopharma-accordion\"><summary><h2 class=\"accordion-title\">C\u00e2t de des trebuie s\u0103 folosesc Multi-Mam Lanolin?<\/h2><\/summary><div class=\"accordion-content\">\n<p>De c\u00e2te ori dori\u021bi. Pentru o protec\u021bie optim\u0103, utiliza\u021bi Multi-Mam Lanolin de cel pu\u021bin dou\u0103 ori pe zi.<\/p>\n<\/div><\/details>\n\n\n\n<details class=\"wp-block-karopharma-accordion\"><summary><h2 class=\"accordion-title\">Care este cea mai bun\u0103 metod\u0103 de a aplica Multi-Mam Lanolin?<\/h2><\/summary><div class=\"accordion-content\">\n<p>Pune\u021bi o cantitate mic\u0103 de Multi-Mam Lanolin \u00eentre v\u00e2rfurile degetelor \u0219i aplica\u021bi pe \u00eentreaga zon\u0103 a mamelonului. Poate fi de ajutor dac\u0103 masa\u021bi \u0219i \u00eenc\u0103lzi\u021bi tubul \u00eentre palme \u00eenainte de folosire.<\/p>\n<\/div><\/details>\n\n\n\n<details class=\"wp-block-karopharma-accordion\"><summary><h2 class=\"accordion-title\">Care este diferen\u021ba dintre Multi-Mam Lanolin \u0219i Multi-Mam Balm?<\/h2><\/summary><div class=\"accordion-content\">\n<p>Lanolina este bazat\u0103 pe cea mai pur\u0103 form\u0103 de gr\u0103sime din l\u00e2n\u0103. Multi-Mam Balm este o alternativ\u0103 vegetal\u0103 la lanolin\u0103, bazat pe o selec\u021bie de uleiuri derivate din plante.<\/p>\n<\/div><\/details>\n\n\n\n<details class=\"wp-block-karopharma-accordion\"><summary><h2 class=\"accordion-title\">Suf\u0103r continuu de mameloane cr\u0103pate, ceea ce este foarte dureros. Ce pot s\u0103 fac?<\/h2><\/summary><div class=\"accordion-content\">\n<p>Utiliza\u021bi o crem\u0103 care \u00eenmoaie \u0219i reface \u021besutul pielii \u0219i nu trebuie \u00eendep\u0103rtat\u0103 \u00eenainte de al\u0103ptare. Multi-Mam Lanolin \u00eent\u0103re\u0219te \u0219i spijin\u0103 vindecarea \u021besutului pielii. Produsul este natural, nu are gust \u0219i este inofensiv atunci c\u00e2nd este \u00eenghi\u021bit \u2013 deci v\u0103 poate men\u021bine \u021besutul pielii s\u0103n\u0103tos \u0219i puternic \u00een timpul hr\u0103nirii \u0219i pe tot parcursul zilei. De asemenea, pute\u021bi \u00eencerca compresele Multi-Mam pentru mameloanele dureroase.<\/p>\n<\/div><\/details>\n\n\n\n<details class=\"wp-block-karopharma-accordion\"><summary><h2 class=\"accordion-title\">Care sunt cauzele problemelor la nivelul mameloanelor?<\/h2><\/summary><div class=\"accordion-content\">\n<p>Cele mai multe leziuni ale mamelonului rezult\u0103 dintr-o pozi\u021bie necorespunz\u0103toare pentru al\u0103ptare; este important ca cea mai sensibil\u0103 parte a \u021besutului mamelonar s\u0103 fie tras\u0103 ad\u00e2nc \u00een gura bebelu\u0219ului. Folosirea produselor care diminueaz\u0103 protec\u021bia natural\u0103 a pielii, cum ar fi s\u0103punurile \u0219i \u0219ampoanele, poate provoca uscarea \u0219i fisurarea mameloanelor. Candidozele, eczemele sau tendin\u021ba de uscare a pielii sunt poten\u021biale cauze ale problemelor mameloanelor.<\/p>\n<\/div><\/details>\n<\/div><\/div>\n","protected":false},"excerpt":{"rendered":"<p>Calmeaz\u0103 \u0219i protejeaz\u0103 mameloanele<\/p>\n","protected":false},"featured_media":133,"comment_status":"closed","ping_status":"closed","template":"","meta":{"_acf_changed":false,"footnotes":""},"product_brand":[],"product_cat":[19],"product_tag":[],"class_list":{"0":"post-129","1":"product","2":"type-product","3":"status-publish","4":"has-post-thumbnail","6":"product_cat-alaptarea","8":"first","9":"instock","10":"shipping-taxable","11":"product-type-simple"},"acf":[],"yoast_head":"<!-- This site is optimized with the Yoast SEO plugin v26.6 - https:\/\/yoast.com\/wordpress\/plugins\/seo\/ -->\n<title>Multi-Mam\u00ae Lanolin - Multi-Mam<\/title>\n<meta name=\"description\" content=\"Multi-Mam Lanolin protejeaz\u0103 mameloanele de uscare, fisurare \u0219i sensibilitate. Nu este necesar\u0103 \u00eendep\u0103rtarea Lanolinei \u00eenainte de al\u0103ptare.\" \/>\n<meta name=\"robots\" content=\"index, follow, max-snippet:-1, max-image-preview:large, max-video-preview:-1\" \/>\n<link rel=\"canonical\" href=\"https:\/\/multi-mam.com\/ro\/produs\/multi-mam-lanolin\/\" \/>\n<meta property=\"og:locale\" content=\"ro_RO\" \/>\n<meta property=\"og:type\" content=\"article\" \/>\n<meta property=\"og:title\" content=\"Multi-Mam\u00ae Lanolin - Multi-Mam\" \/>\n<meta property=\"og:description\" content=\"Multi-Mam Lanolin protejeaz\u0103 mameloanele de uscare, fisurare \u0219i sensibilitate. Nu este necesar\u0103 \u00eendep\u0103rtarea Lanolinei \u00eenainte de al\u0103ptare.\" \/>\n<meta property=\"og:url\" content=\"https:\/\/multi-mam.com\/ro\/produs\/multi-mam-lanolin\/\" \/>\n<meta property=\"og:site_name\" content=\"Multi-Mam\" \/>\n<meta property=\"article:modified_time\" content=\"2025-05-28T09:26:17+00:00\" \/>\n<meta property=\"og:image\" content=\"https:\/\/multi-mam.com\/app\/uploads\/sites\/19\/2022\/11\/MultiMamLanolin.png\" \/>\n\t<meta property=\"og:image:width\" content=\"2000\" \/>\n\t<meta property=\"og:image:height\" content=\"2000\" \/>\n\t<meta property=\"og:image:type\" content=\"image\/png\" \/>\n<meta name=\"twitter:card\" content=\"summary_large_image\" \/>\n<meta name=\"twitter:label1\" content=\"Timp estimat pentru citire\" \/>\n\t<meta name=\"twitter:data1\" content=\"2 minute\" \/>\n<script type=\"application\/ld+json\" class=\"yoast-schema-graph\">{\"@context\":\"https:\/\/schema.org\",\"@graph\":[{\"@type\":\"WebPage\",\"@id\":\"https:\/\/multi-mam.com\/ro\/produs\/multi-mam-lanolin\/\",\"url\":\"https:\/\/multi-mam.com\/ro\/produs\/multi-mam-lanolin\/\",\"name\":\"Multi-Mam\u00ae Lanolin - Multi-Mam\",\"isPartOf\":{\"@id\":\"https:\/\/multi-mam.com\/ro\/#website\"},\"primaryImageOfPage\":{\"@id\":\"https:\/\/multi-mam.com\/ro\/produs\/multi-mam-lanolin\/#primaryimage\"},\"image\":{\"@id\":\"https:\/\/multi-mam.com\/ro\/produs\/multi-mam-lanolin\/#primaryimage\"},\"thumbnailUrl\":\"https:\/\/multi-mam.com\/app\/uploads\/sites\/19\/2022\/11\/MultiMamLanolin.png\",\"datePublished\":\"2022-11-25T12:14:04+00:00\",\"dateModified\":\"2025-05-28T09:26:17+00:00\",\"description\":\"Multi-Mam Lanolin protejeaz\u0103 mameloanele de uscare, fisurare \u0219i sensibilitate. Nu este necesar\u0103 \u00eendep\u0103rtarea Lanolinei \u00eenainte de al\u0103ptare.\",\"breadcrumb\":{\"@id\":\"https:\/\/multi-mam.com\/ro\/produs\/multi-mam-lanolin\/#breadcrumb\"},\"inLanguage\":\"ro-RO\",\"potentialAction\":[{\"@type\":\"ReadAction\",\"target\":[\"https:\/\/multi-mam.com\/ro\/produs\/multi-mam-lanolin\/\"]}]},{\"@type\":\"ImageObject\",\"inLanguage\":\"ro-RO\",\"@id\":\"https:\/\/multi-mam.com\/ro\/produs\/multi-mam-lanolin\/#primaryimage\",\"url\":\"https:\/\/multi-mam.com\/app\/uploads\/sites\/19\/2022\/11\/MultiMamLanolin.png\",\"contentUrl\":\"https:\/\/multi-mam.com\/app\/uploads\/sites\/19\/2022\/11\/MultiMamLanolin.png\",\"width\":2000,\"height\":2000,\"caption\":\"Multi-Mam Lanolin\"},{\"@type\":\"BreadcrumbList\",\"@id\":\"https:\/\/multi-mam.com\/ro\/produs\/multi-mam-lanolin\/#breadcrumb\",\"itemListElement\":[{\"@type\":\"ListItem\",\"position\":1,\"name\":\"Home\",\"item\":\"https:\/\/multi-mam.com\/ro\/\"},{\"@type\":\"ListItem\",\"position\":2,\"name\":\"Produsele\",\"item\":\"https:\/\/multi-mam.com\/ro\/produsele\/\"},{\"@type\":\"ListItem\",\"position\":3,\"name\":\"Multi-Mam\u00ae Lanolin\"}]},{\"@type\":\"WebSite\",\"@id\":\"https:\/\/multi-mam.com\/ro\/#website\",\"url\":\"https:\/\/multi-mam.com\/ro\/\",\"name\":\"Multi-Mam\",\"description\":\"\",\"publisher\":{\"@id\":\"https:\/\/multi-mam.com\/ro\/#organization\"},\"potentialAction\":[{\"@type\":\"SearchAction\",\"target\":{\"@type\":\"EntryPoint\",\"urlTemplate\":\"https:\/\/multi-mam.com\/ro\/?s={search_term_string}\"},\"query-input\":{\"@type\":\"PropertyValueSpecification\",\"valueRequired\":true,\"valueName\":\"search_term_string\"}}],\"inLanguage\":\"ro-RO\"},{\"@type\":\"Organization\",\"@id\":\"https:\/\/multi-mam.com\/ro\/#organization\",\"name\":\"Multi-Mam\",\"url\":\"https:\/\/multi-mam.com\/ro\/\",\"logo\":{\"@type\":\"ImageObject\",\"inLanguage\":\"ro-RO\",\"@id\":\"https:\/\/multi-mam.com\/ro\/#\/schema\/logo\/image\/\",\"url\":\"https:\/\/multi-mam.com\/app\/uploads\/sites\/19\/2022\/11\/multi-mam-logotype.png\",\"contentUrl\":\"https:\/\/multi-mam.com\/app\/uploads\/sites\/19\/2022\/11\/multi-mam-logotype.png\",\"width\":70,\"height\":96,\"caption\":\"Multi-Mam\"},\"image\":{\"@id\":\"https:\/\/multi-mam.com\/ro\/#\/schema\/logo\/image\/\"}}]}<\/script>\n<!-- \/ Yoast SEO plugin. -->","yoast_head_json":{"title":"Multi-Mam\u00ae Lanolin - Multi-Mam","description":"Multi-Mam Lanolin protejeaz\u0103 mameloanele de uscare, fisurare \u0219i sensibilitate. Nu este necesar\u0103 \u00eendep\u0103rtarea Lanolinei \u00eenainte de al\u0103ptare.","robots":{"index":"index","follow":"follow","max-snippet":"max-snippet:-1","max-image-preview":"max-image-preview:large","max-video-preview":"max-video-preview:-1"},"canonical":"https:\/\/multi-mam.com\/ro\/produs\/multi-mam-lanolin\/","og_locale":"ro_RO","og_type":"article","og_title":"Multi-Mam\u00ae Lanolin - Multi-Mam","og_description":"Multi-Mam Lanolin protejeaz\u0103 mameloanele de uscare, fisurare \u0219i sensibilitate. Nu este necesar\u0103 \u00eendep\u0103rtarea Lanolinei \u00eenainte de al\u0103ptare.","og_url":"https:\/\/multi-mam.com\/ro\/produs\/multi-mam-lanolin\/","og_site_name":"Multi-Mam","article_modified_time":"2025-05-28T09:26:17+00:00","og_image":[{"width":2000,"height":2000,"url":"https:\/\/multi-mam.com\/app\/uploads\/sites\/19\/2022\/11\/MultiMamLanolin.png","type":"image\/png"}],"twitter_card":"summary_large_image","twitter_misc":{"Timp estimat pentru citire":"2 minute"},"schema":{"@context":"https:\/\/schema.org","@graph":[{"@type":"WebPage","@id":"https:\/\/multi-mam.com\/ro\/produs\/multi-mam-lanolin\/","url":"https:\/\/multi-mam.com\/ro\/produs\/multi-mam-lanolin\/","name":"Multi-Mam\u00ae Lanolin - Multi-Mam","isPartOf":{"@id":"https:\/\/multi-mam.com\/ro\/#website"},"primaryImageOfPage":{"@id":"https:\/\/multi-mam.com\/ro\/produs\/multi-mam-lanolin\/#primaryimage"},"image":{"@id":"https:\/\/multi-mam.com\/ro\/produs\/multi-mam-lanolin\/#primaryimage"},"thumbnailUrl":"https:\/\/multi-mam.com\/app\/uploads\/sites\/19\/2022\/11\/MultiMamLanolin.png","datePublished":"2022-11-25T12:14:04+00:00","dateModified":"2025-05-28T09:26:17+00:00","description":"Multi-Mam Lanolin protejeaz\u0103 mameloanele de uscare, fisurare \u0219i sensibilitate. Nu este necesar\u0103 \u00eendep\u0103rtarea Lanolinei \u00eenainte de al\u0103ptare.","breadcrumb":{"@id":"https:\/\/multi-mam.com\/ro\/produs\/multi-mam-lanolin\/#breadcrumb"},"inLanguage":"ro-RO","potentialAction":[{"@type":"ReadAction","target":["https:\/\/multi-mam.com\/ro\/produs\/multi-mam-lanolin\/"]}]},{"@type":"ImageObject","inLanguage":"ro-RO","@id":"https:\/\/multi-mam.com\/ro\/produs\/multi-mam-lanolin\/#primaryimage","url":"https:\/\/multi-mam.com\/app\/uploads\/sites\/19\/2022\/11\/MultiMamLanolin.png","contentUrl":"https:\/\/multi-mam.com\/app\/uploads\/sites\/19\/2022\/11\/MultiMamLanolin.png","width":2000,"height":2000,"caption":"Multi-Mam Lanolin"},{"@type":"BreadcrumbList","@id":"https:\/\/multi-mam.com\/ro\/produs\/multi-mam-lanolin\/#breadcrumb","itemListElement":[{"@type":"ListItem","position":1,"name":"Home","item":"https:\/\/multi-mam.com\/ro\/"},{"@type":"ListItem","position":2,"name":"Produsele","item":"https:\/\/multi-mam.com\/ro\/produsele\/"},{"@type":"ListItem","position":3,"name":"Multi-Mam\u00ae Lanolin"}]},{"@type":"WebSite","@id":"https:\/\/multi-mam.com\/ro\/#website","url":"https:\/\/multi-mam.com\/ro\/","name":"Multi-Mam","description":"","publisher":{"@id":"https:\/\/multi-mam.com\/ro\/#organization"},"potentialAction":[{"@type":"SearchAction","target":{"@type":"EntryPoint","urlTemplate":"https:\/\/multi-mam.com\/ro\/?s={search_term_string}"},"query-input":{"@type":"PropertyValueSpecification","valueRequired":true,"valueName":"search_term_string"}}],"inLanguage":"ro-RO"},{"@type":"Organization","@id":"https:\/\/multi-mam.com\/ro\/#organization","name":"Multi-Mam","url":"https:\/\/multi-mam.com\/ro\/","logo":{"@type":"ImageObject","inLanguage":"ro-RO","@id":"https:\/\/multi-mam.com\/ro\/#\/schema\/logo\/image\/","url":"https:\/\/multi-mam.com\/app\/uploads\/sites\/19\/2022\/11\/multi-mam-logotype.png","contentUrl":"https:\/\/multi-mam.com\/app\/uploads\/sites\/19\/2022\/11\/multi-mam-logotype.png","width":70,"height":96,"caption":"Multi-Mam"},"image":{"@id":"https:\/\/multi-mam.com\/ro\/#\/schema\/logo\/image\/"}}]}},"_links":{"self":[{"href":"https:\/\/multi-mam.com\/ro\/wp-json\/wp\/v2\/product\/129","targetHints":{"allow":["GET"]}}],"collection":[{"href":"https:\/\/multi-mam.com\/ro\/wp-json\/wp\/v2\/product"}],"about":[{"href":"https:\/\/multi-mam.com\/ro\/wp-json\/wp\/v2\/types\/product"}],"replies":[{"embeddable":true,"href":"https:\/\/multi-mam.com\/ro\/wp-json\/wp\/v2\/comments?post=129"}],"version-history":[{"count":9,"href":"https:\/\/multi-mam.com\/ro\/wp-json\/wp\/v2\/product\/129\/revisions"}],"predecessor-version":[{"id":466,"href":"https:\/\/multi-mam.com\/ro\/wp-json\/wp\/v2\/product\/129\/revisions\/466"}],"wp:featuredmedia":[{"embeddable":true,"href":"https:\/\/multi-mam.com\/ro\/wp-json\/wp\/v2\/media\/133"}],"wp:attachment":[{"href":"https:\/\/multi-mam.com\/ro\/wp-json\/wp\/v2\/media?parent=129"}],"wp:term":[{"taxonomy":"product_brand","embeddable":true,"href":"https:\/\/multi-mam.com\/ro\/wp-json\/wp\/v2\/product_brand?post=129"},{"taxonomy":"product_cat","embeddable":true,"href":"https:\/\/multi-mam.com\/ro\/wp-json\/wp\/v2\/product_cat?post=129"},{"taxonomy":"product_tag","embeddable":true,"href":"https:\/\/multi-mam.com\/ro\/wp-json\/wp\/v2\/product_tag?post=129"}],"curies":[{"name":"wp","href":"https:\/\/api.w.org\/{rel}","templated":true}]}}