{"id":56,"date":"2022-11-25T09:50:39","date_gmt":"2022-11-25T08:50:39","guid":{"rendered":"https:\/\/multi-mam.com\/ro\/?page_id=56"},"modified":"2023-06-26T14:17:39","modified_gmt":"2023-06-26T12:17:39","slug":"faq","status":"publish","type":"page","link":"https:\/\/multi-mam.com\/ro\/faq\/","title":{"rendered":"FAQ"},"content":{"rendered":"\n<div class=\"wp-block-karopharma-background-image-with-text-v2 background-image-with-text-v2 undefined content-position-center fixed-height-layout\" datatest=\"root\"><div class=\"background-image-with-text-wrapper\"><picture class=\"background-image-with-text-image\"><source media=\"(max-width: 560px)\" srcset=\"https:\/\/multi-mam.com\/cdn-cgi\/image\/format=auto,width=560\/app\/uploads\/sites\/19\/2022\/11\/Hintergrund-faq.jpeg\"\/><source media=\"(max-width: 800px)\" srcset=\"https:\/\/multi-mam.com\/cdn-cgi\/image\/format=auto,width=800\/app\/uploads\/sites\/19\/2022\/11\/Hintergrund-faq.jpeg\"\/><source media=\"(max-width: 1920px)\" srcset=\"https:\/\/multi-mam.com\/cdn-cgi\/image\/format=auto,width=1920\/app\/uploads\/sites\/19\/2022\/11\/Hintergrund-faq.jpeg\"\/><img decoding=\"async\" width=\"1400\" height=\"933\" datatest=\"background-image\" loading=\"lazy\" class=\"object-center object-cover\" src=\"https:\/\/multi-mam.com\/cdn-cgi\/image\/format=auto\/app\/uploads\/sites\/19\/2022\/11\/Hintergrund-faq.jpeg\" alt=\"\u00centreb\u0103ri frecvente\"\/><\/picture><div datatest=\"content-wrapper\" class=\"background-image-with-text-content-wrapper container max-w-medium text-alignment-center  pt-large pb-large\"><div class=\"content\"><h1 datatest=\"heading\" class=\"\">\u00centreb\u0103ri frecvente<\/h1>\n<div class=\"wp-block-buttons is-layout-flex wp-block-buttons-is-layout-flex\"><\/div>\n<\/div><\/div><\/div><\/div>\n\n\n\n<div class=\"wp-block-karopharma-accordions\"><div class=\"container\">\n<details class=\"wp-block-karopharma-accordion\"><summary><h2 class=\"accordion-title\">Care sunt cauzele problemelor mameloanare?<\/h2><\/summary><div class=\"accordion-content\">\n<p>Ata\u0219area corect\u0103 la s\u00e2n a copilului \u00eenainte de al\u0103ptare poate preveni durerea.<\/p>\n\n\n\n<p>Cele mai multe leziuni ale mamelonului rezult\u0103 dintr-o pozi\u021bie necorespunz\u0103toare pentru al\u0103ptare; este important ca cea mai sensibil\u0103 parte a \u021besutului mamelonar s\u0103 fie tras\u0103 ad\u00e2nc \u00een gura bebelu\u0219ului. Folosirea produselor care diminueaz\u0103 protec\u021bia natural\u0103 a pielii, cum ar fi s\u0103punurile \u0219i \u0219ampoanele, poate provoca uscarea \u0219i fisurarea mameloanelor. \u00cen cele din urm\u0103, candidozele, eczemele sau tendin\u021ba de uscare a pielii sunt poten\u021biale cauze ale problemelor mamelonare.<\/p>\n<\/div><\/details>\n\n\n\n<details class=\"wp-block-karopharma-accordion\"><summary><h2 class=\"accordion-title\">Cum pot folosi compresele Multi-Mam?<\/h2><\/summary><div class=\"accordion-content\">\n<p>Deschide\u021bi plicul, desface\u021bi compresa \u0219i a\u0219eza\u021bi partea impregnat\u0103 cu gel pe mamelonul inflamat. L\u0103sa\u021bi compresa at\u00e2t timp c\u00e2t este necesar. Consulta\u021bi recomand\u0103rile mai jos.<\/p>\n<\/div><\/details>\n\n\n\n<details class=\"wp-block-karopharma-accordion\"><summary><h2 class=\"accordion-title\">Compresele Multi-Mam se aplic\u0103 \u00eenainte sau dup\u0103 al\u0103ptare?<\/h2><\/summary><div class=\"accordion-content\">\n<p>V\u0103 recomand\u0103m s\u0103 utiliza\u021bi compresele Multi-Mam imediat dup\u0103 al\u0103ptare \u2013 dac\u0103 sunt utilizate chiar \u00eenainte de al\u0103ptare, mediul umed creat poate face mai dificil\u0103 ata\u0219area bebelu\u0219ului la s\u00e2n.<\/p>\n<\/div><\/details>\n\n\n\n<details class=\"wp-block-karopharma-accordion\"><summary><h2 class=\"accordion-title\">C\u00e2t timp trebuie s\u0103 \u021bin compresele Multi-Mam pe s\u00e2n?<\/h2><\/summary><div class=\"accordion-content\">\n<p>Ideal pute\u021bi folosi compresele Multi-Mam pentru 30 de minute, dar minim 10 minute \u0219i maxim o or\u0103.<\/p>\n<\/div><\/details>\n\n\n\n<details class=\"wp-block-karopharma-accordion\"><summary><h2 class=\"accordion-title\">De c\u00e2te ori pot folosi o compres\u0103 Multi-Mam?<\/h2><\/summary><div class=\"accordion-content\">\n<p>Fiecare compres\u0103 este destinat\u0103 unei singure utiliz\u0103ri. Recomand\u0103m aruncarea lor, dup\u0103 utilizare, din motive de igien\u0103.<\/p>\n<\/div><\/details>\n\n\n\n<details class=\"wp-block-karopharma-accordion\"><summary><h2 class=\"accordion-title\">Dac\u0103 bebelu\u0219ul meu \u00eenghite gel r\u0103mas pe s\u00e2n de pe compresele Multi-Mam, poate fi pus \u00een pericol?<\/h2><\/summary><div class=\"accordion-content\">\n<p>Nu, gelul este complet sigur pentru bebelu\u0219ul t\u0103u. Nu trebuie s\u0103 \u00eendep\u0103rtezi sau s\u0103 speli excesul de gel \u00eenaintea al\u0103pt\u0103rii.<\/p>\n<\/div><\/details>\n<\/div><\/div>\n","protected":false},"excerpt":{"rendered":"","protected":false},"author":2,"featured_media":0,"parent":0,"menu_order":0,"comment_status":"closed","ping_status":"closed","template":"","meta":{"_acf_changed":false,"footnotes":""},"from-article-database":[],"class_list":["post-56","page","type-page","status-publish","hentry"],"acf":[],"yoast_head":"<!-- This site is optimized with the Yoast SEO plugin v26.6 - https:\/\/yoast.com\/wordpress\/plugins\/seo\/ -->\n<title>FAQ - Multi-Mam<\/title>\n<meta name=\"description\" content=\"Care sunt cauzele problemelor mameloanare? Cum pot folosi compresele Multi-Mam? Compresele Multi-Mam se aplic\u0103 \u00eenainte sau dup\u0103 al\u0103ptare?\" \/>\n<meta name=\"robots\" content=\"index, follow, max-snippet:-1, max-image-preview:large, max-video-preview:-1\" \/>\n<link rel=\"canonical\" href=\"https:\/\/multi-mam.com\/ro\/faq\/\" \/>\n<meta property=\"og:locale\" content=\"ro_RO\" \/>\n<meta property=\"og:type\" content=\"article\" \/>\n<meta property=\"og:title\" content=\"FAQ - Multi-Mam\" \/>\n<meta property=\"og:description\" content=\"Care sunt cauzele problemelor mameloanare? Cum pot folosi compresele Multi-Mam? Compresele Multi-Mam se aplic\u0103 \u00eenainte sau dup\u0103 al\u0103ptare?\" \/>\n<meta property=\"og:url\" content=\"https:\/\/multi-mam.com\/ro\/faq\/\" \/>\n<meta property=\"og:site_name\" content=\"Multi-Mam\" \/>\n<meta property=\"article:modified_time\" content=\"2023-06-26T12:17:39+00:00\" \/>\n<meta property=\"og:image\" content=\"https:\/\/multi-mam.com\/cdn-cgi\/image\/format=auto\/app\/uploads\/sites\/19\/2022\/11\/Hintergrund-faq.jpeg\" \/>\n<meta name=\"twitter:card\" content=\"summary_large_image\" \/>\n<meta name=\"twitter:label1\" content=\"Timp estimat pentru citire\" \/>\n\t<meta name=\"twitter:data1\" content=\"2 minute\" \/>\n<script type=\"application\/ld+json\" class=\"yoast-schema-graph\">{\"@context\":\"https:\/\/schema.org\",\"@graph\":[{\"@type\":\"WebPage\",\"@id\":\"https:\/\/multi-mam.com\/ro\/faq\/\",\"url\":\"https:\/\/multi-mam.com\/ro\/faq\/\",\"name\":\"FAQ - Multi-Mam\",\"isPartOf\":{\"@id\":\"https:\/\/multi-mam.com\/ro\/#website\"},\"primaryImageOfPage\":{\"@id\":\"https:\/\/multi-mam.com\/ro\/faq\/#primaryimage\"},\"image\":{\"@id\":\"https:\/\/multi-mam.com\/ro\/faq\/#primaryimage\"},\"thumbnailUrl\":\"https:\/\/multi-mam.com\/cdn-cgi\/image\/format=auto\/app\/uploads\/sites\/19\/2022\/11\/Hintergrund-faq.jpeg\",\"datePublished\":\"2022-11-25T08:50:39+00:00\",\"dateModified\":\"2023-06-26T12:17:39+00:00\",\"description\":\"Care sunt cauzele problemelor mameloanare? Cum pot folosi compresele Multi-Mam? Compresele Multi-Mam se aplic\u0103 \u00eenainte sau dup\u0103 al\u0103ptare?\",\"breadcrumb\":{\"@id\":\"https:\/\/multi-mam.com\/ro\/faq\/#breadcrumb\"},\"inLanguage\":\"ro-RO\",\"potentialAction\":[{\"@type\":\"ReadAction\",\"target\":[\"https:\/\/multi-mam.com\/ro\/faq\/\"]}]},{\"@type\":\"ImageObject\",\"inLanguage\":\"ro-RO\",\"@id\":\"https:\/\/multi-mam.com\/ro\/faq\/#primaryimage\",\"url\":\"https:\/\/multi-mam.com\/cdn-cgi\/image\/format=auto\/app\/uploads\/sites\/19\/2022\/11\/Hintergrund-faq.jpeg\",\"contentUrl\":\"https:\/\/multi-mam.com\/cdn-cgi\/image\/format=auto\/app\/uploads\/sites\/19\/2022\/11\/Hintergrund-faq.jpeg\"},{\"@type\":\"BreadcrumbList\",\"@id\":\"https:\/\/multi-mam.com\/ro\/faq\/#breadcrumb\",\"itemListElement\":[{\"@type\":\"ListItem\",\"position\":1,\"name\":\"Home\",\"item\":\"https:\/\/multi-mam.com\/ro\/\"},{\"@type\":\"ListItem\",\"position\":2,\"name\":\"FAQ\"}]},{\"@type\":\"WebSite\",\"@id\":\"https:\/\/multi-mam.com\/ro\/#website\",\"url\":\"https:\/\/multi-mam.com\/ro\/\",\"name\":\"Multi-Mam\",\"description\":\"\",\"publisher\":{\"@id\":\"https:\/\/multi-mam.com\/ro\/#organization\"},\"potentialAction\":[{\"@type\":\"SearchAction\",\"target\":{\"@type\":\"EntryPoint\",\"urlTemplate\":\"https:\/\/multi-mam.com\/ro\/?s={search_term_string}\"},\"query-input\":{\"@type\":\"PropertyValueSpecification\",\"valueRequired\":true,\"valueName\":\"search_term_string\"}}],\"inLanguage\":\"ro-RO\"},{\"@type\":\"Organization\",\"@id\":\"https:\/\/multi-mam.com\/ro\/#organization\",\"name\":\"Multi-Mam\",\"url\":\"https:\/\/multi-mam.com\/ro\/\",\"logo\":{\"@type\":\"ImageObject\",\"inLanguage\":\"ro-RO\",\"@id\":\"https:\/\/multi-mam.com\/ro\/#\/schema\/logo\/image\/\",\"url\":\"https:\/\/multi-mam.com\/app\/uploads\/sites\/19\/2022\/11\/multi-mam-logotype.png\",\"contentUrl\":\"https:\/\/multi-mam.com\/app\/uploads\/sites\/19\/2022\/11\/multi-mam-logotype.png\",\"width\":70,\"height\":96,\"caption\":\"Multi-Mam\"},\"image\":{\"@id\":\"https:\/\/multi-mam.com\/ro\/#\/schema\/logo\/image\/\"}}]}<\/script>\n<!-- \/ Yoast SEO plugin. -->","yoast_head_json":{"title":"FAQ - Multi-Mam","description":"Care sunt cauzele problemelor mameloanare? Cum pot folosi compresele Multi-Mam? Compresele Multi-Mam se aplic\u0103 \u00eenainte sau dup\u0103 al\u0103ptare?","robots":{"index":"index","follow":"follow","max-snippet":"max-snippet:-1","max-image-preview":"max-image-preview:large","max-video-preview":"max-video-preview:-1"},"canonical":"https:\/\/multi-mam.com\/ro\/faq\/","og_locale":"ro_RO","og_type":"article","og_title":"FAQ - Multi-Mam","og_description":"Care sunt cauzele problemelor mameloanare? Cum pot folosi compresele Multi-Mam? Compresele Multi-Mam se aplic\u0103 \u00eenainte sau dup\u0103 al\u0103ptare?","og_url":"https:\/\/multi-mam.com\/ro\/faq\/","og_site_name":"Multi-Mam","article_modified_time":"2023-06-26T12:17:39+00:00","og_image":[{"url":"https:\/\/multi-mam.com\/cdn-cgi\/image\/format=auto\/app\/uploads\/sites\/19\/2022\/11\/Hintergrund-faq.jpeg","type":"","width":"","height":""}],"twitter_card":"summary_large_image","twitter_misc":{"Timp estimat pentru citire":"2 minute"},"schema":{"@context":"https:\/\/schema.org","@graph":[{"@type":"WebPage","@id":"https:\/\/multi-mam.com\/ro\/faq\/","url":"https:\/\/multi-mam.com\/ro\/faq\/","name":"FAQ - Multi-Mam","isPartOf":{"@id":"https:\/\/multi-mam.com\/ro\/#website"},"primaryImageOfPage":{"@id":"https:\/\/multi-mam.com\/ro\/faq\/#primaryimage"},"image":{"@id":"https:\/\/multi-mam.com\/ro\/faq\/#primaryimage"},"thumbnailUrl":"https:\/\/multi-mam.com\/cdn-cgi\/image\/format=auto\/app\/uploads\/sites\/19\/2022\/11\/Hintergrund-faq.jpeg","datePublished":"2022-11-25T08:50:39+00:00","dateModified":"2023-06-26T12:17:39+00:00","description":"Care sunt cauzele problemelor mameloanare? Cum pot folosi compresele Multi-Mam? Compresele Multi-Mam se aplic\u0103 \u00eenainte sau dup\u0103 al\u0103ptare?","breadcrumb":{"@id":"https:\/\/multi-mam.com\/ro\/faq\/#breadcrumb"},"inLanguage":"ro-RO","potentialAction":[{"@type":"ReadAction","target":["https:\/\/multi-mam.com\/ro\/faq\/"]}]},{"@type":"ImageObject","inLanguage":"ro-RO","@id":"https:\/\/multi-mam.com\/ro\/faq\/#primaryimage","url":"https:\/\/multi-mam.com\/cdn-cgi\/image\/format=auto\/app\/uploads\/sites\/19\/2022\/11\/Hintergrund-faq.jpeg","contentUrl":"https:\/\/multi-mam.com\/cdn-cgi\/image\/format=auto\/app\/uploads\/sites\/19\/2022\/11\/Hintergrund-faq.jpeg"},{"@type":"BreadcrumbList","@id":"https:\/\/multi-mam.com\/ro\/faq\/#breadcrumb","itemListElement":[{"@type":"ListItem","position":1,"name":"Home","item":"https:\/\/multi-mam.com\/ro\/"},{"@type":"ListItem","position":2,"name":"FAQ"}]},{"@type":"WebSite","@id":"https:\/\/multi-mam.com\/ro\/#website","url":"https:\/\/multi-mam.com\/ro\/","name":"Multi-Mam","description":"","publisher":{"@id":"https:\/\/multi-mam.com\/ro\/#organization"},"potentialAction":[{"@type":"SearchAction","target":{"@type":"EntryPoint","urlTemplate":"https:\/\/multi-mam.com\/ro\/?s={search_term_string}"},"query-input":{"@type":"PropertyValueSpecification","valueRequired":true,"valueName":"search_term_string"}}],"inLanguage":"ro-RO"},{"@type":"Organization","@id":"https:\/\/multi-mam.com\/ro\/#organization","name":"Multi-Mam","url":"https:\/\/multi-mam.com\/ro\/","logo":{"@type":"ImageObject","inLanguage":"ro-RO","@id":"https:\/\/multi-mam.com\/ro\/#\/schema\/logo\/image\/","url":"https:\/\/multi-mam.com\/app\/uploads\/sites\/19\/2022\/11\/multi-mam-logotype.png","contentUrl":"https:\/\/multi-mam.com\/app\/uploads\/sites\/19\/2022\/11\/multi-mam-logotype.png","width":70,"height":96,"caption":"Multi-Mam"},"image":{"@id":"https:\/\/multi-mam.com\/ro\/#\/schema\/logo\/image\/"}}]}},"_links":{"self":[{"href":"https:\/\/multi-mam.com\/ro\/wp-json\/wp\/v2\/pages\/56","targetHints":{"allow":["GET"]}}],"collection":[{"href":"https:\/\/multi-mam.com\/ro\/wp-json\/wp\/v2\/pages"}],"about":[{"href":"https:\/\/multi-mam.com\/ro\/wp-json\/wp\/v2\/types\/page"}],"author":[{"embeddable":true,"href":"https:\/\/multi-mam.com\/ro\/wp-json\/wp\/v2\/users\/2"}],"replies":[{"embeddable":true,"href":"https:\/\/multi-mam.com\/ro\/wp-json\/wp\/v2\/comments?post=56"}],"version-history":[{"count":3,"href":"https:\/\/multi-mam.com\/ro\/wp-json\/wp\/v2\/pages\/56\/revisions"}],"predecessor-version":[{"id":387,"href":"https:\/\/multi-mam.com\/ro\/wp-json\/wp\/v2\/pages\/56\/revisions\/387"}],"wp:attachment":[{"href":"https:\/\/multi-mam.com\/ro\/wp-json\/wp\/v2\/media?parent=56"}],"wp:term":[{"taxonomy":"from-article-database","embeddable":true,"href":"https:\/\/multi-mam.com\/ro\/wp-json\/wp\/v2\/from-article-database?post=56"}],"curies":[{"name":"wp","href":"https:\/\/api.w.org\/{rel}","templated":true}]}}