{"id":267,"date":"2022-12-02T23:34:10","date_gmt":"2022-12-02T22:34:10","guid":{"rendered":"https:\/\/multi-mam.com\/ro\/?page_id=267"},"modified":"2023-06-26T14:50:03","modified_gmt":"2023-06-26T12:50:03","slug":"pot-continua-sa-alaptez-cat-timp-sunt-bolnava","status":"publish","type":"page","link":"https:\/\/multi-mam.com\/ro\/articole\/pot-continua-sa-alaptez-cat-timp-sunt-bolnava\/","title":{"rendered":"Pot continua s\u0103 al\u0103ptez c\u00e2t timp sunt bolnav\u0103?"},"content":{"rendered":"\n<div class=\"wp-block-karopharma-free-text pt-large pb-large bg-center bg-cover bg-no-repeat\" style=\"background-image:url(https:\/\/multi-mam.com\/cdn-cgi\/image\/format=auto\/app\/uploads\/sites\/19\/2022\/12\/Elina-with-6-month-baby-163-1400x934-1.jpg)\"><div class=\"free-text-wrapper container max-w-medium text-left\">\n<div style=\"height:100px\" aria-hidden=\"true\" class=\"wp-block-spacer is-style-responsive-medium\"><\/div>\n\n\n\n<h1 class=\"has-text-align-center has-white-color has-text-color wp-block-heading\">Pot continua s\u0103 al\u0103ptez c\u00e2t timp sunt bolnav\u0103?<\/h1>\n\n\n\n<div style=\"height:100px\" aria-hidden=\"true\" class=\"wp-block-spacer is-style-responsive-medium\"><\/div>\n<\/div><\/div>\n\n\n\n<div class=\"wp-block-karopharma-free-text pt-large pb-large bg-center bg-cover bg-no-repeat\" style=\"background-image:url()\"><div class=\"free-text-wrapper container max-w-medium text-left\">\n<p class=\"is-style-paragraph-preamble\">Dac\u0103 ave\u021bi grip\u0103 sau sunte\u021bi pu\u021bin r\u0103cit\u0103, v\u0103 pute\u021bi \u00eentreba: \u201ePot s\u0103 al\u0103ptez c\u00e2t timp sunt bolnav\u0103?\u201d. R\u0103spunsul scurt este da, absolut! Nu numai c\u0103 pute\u021bi continua s\u0103 al\u0103pta\u021bi c\u00e2nd sunte\u021bi bolnav\u0103, a\u0219a \u0219i trebuie.<\/p>\n<\/div><\/div>\n\n\n\n<div class=\"wp-block-karopharma-free-text pt-large pb-large bg-center bg-cover bg-no-repeat  is-style-primary\" style=\"background-image:url()\"><div class=\"free-text-wrapper container max-w-medium text-left\">\n<p class=\"is-style-paragraph-preamble\">Laptele matern este \u00een continuare cel mai bun aliment pentru bebelu\u0219, iar al\u0103ptarea c\u00e2nd sunte\u021bi bolnav\u0103 v\u0103 va permite s\u0103 continua\u021bi secre\u021bia laptelui matern.<\/p>\n<\/div><\/div>\n\n\n\n<div class=\"wp-block-karopharma-free-text pt-large pb-large bg-center bg-cover bg-no-repeat\" style=\"background-image:url()\"><div class=\"free-text-wrapper container max-w-medium text-left\">\n<p>Dac\u0103 ave\u021bi o boal\u0103 obi\u0219nuit\u0103, cum ar fi r\u0103ceala, gripa sau gastroenterit\u0103, al\u0103ptarea nu va transmite infec\u021bia bebelu\u0219ului dumneavoastr\u0103. Dimpotriv\u0103, laptele dumneavoastr\u0103 matern va con\u021bine anticorpi pe care corpul dumneavoastr\u0103 i-a produs pentru a combate infec\u021bia \u0219i v\u0103 vor ajuta s\u0103 v\u0103 proteja\u021bi \u0219i bebelu\u0219ul. Nu este necesar s\u0103 fi\u021bi separat\u0103 de copilul dumneavoastr\u0103 c\u00e2nd sunte\u021bi bolnav\u0103, deoarece cel mai probabil l-a\u021bi expus deja virusului sau bacteriilor \u00eenainte de a \u0219ti chiar c\u0103 a\u021bi fost infectat\u0103. Sp\u0103larea m\u00e2inilor \u0219i alte m\u0103suri comune de igien\u0103 v\u0103 vor ajuta s\u0103 v\u0103 proteja\u021bi copilul de infec\u021bii.<\/p>\n\n\n\n<h2 class=\"is-style-heading-h2 wp-block-heading\">C\u00e2nd nu este recomandat\u0103 al\u0103ptarea atunci c\u00e2nd sunte\u021bi bolnav\u0103<\/h2>\n\n\n\n<p>\u00cen unele cazuri rare, al\u0103ptarea \u00een timp unei boli nu este recomandat\u0103, de exemplu dac\u0103 ave\u021bi HIV, tuberculoz\u0103 sau virus limfotropic cu celule T umane. Al\u0103ptarea nu este recomandat\u0103 nici dac\u0103 sunte\u021bi tratat\u0103 pentru cancer. Dac\u0103 pur \u0219i simplu ave\u021bi gripa obi\u0219nuit\u0103, dar v\u0103 sim\u021bi\u021bi prea r\u0103u pentru a al\u0103pta, \u00eencerca\u021bi s\u0103 extrage\u021bi laptele cu ajutorul unei pompe \u0219i cere\u021bi partenerului s\u0103 v\u0103 ajute s\u0103 hr\u0103ni\u021bi copilul. Mulsul laptelui matern v\u0103 va ajuta s\u0103 stimula\u021bi produc\u021bia de lapte \u0219i s\u0103 \u00eempiedica\u021bi angorjarea s\u00e2nilor.<\/p>\n\n\n\n<h2 class=\"is-style-heading-h2 wp-block-heading\">Consumul de medicamente \u00een timpul al\u0103pt\u0103rii<\/h2>\n\n\n\n<p>Este firesc s\u0103 ezita\u021bi s\u0103 lua\u021bi medicamente atunci c\u00e2nd sunte\u021bi bolnav\u0103 \u00een timp ce al\u0103pta\u021bi, dar de\u0219i este adev\u0103rat c\u0103 multe medicamente trec \u00een laptele matern, doar c\u00e2teva nu sunt recomandate mamelor care al\u0103pteaz\u0103. Doar asigura\u021bi-v\u0103 c\u0103 medicul dumneavoastr\u0103 \u0219tie c\u0103 al\u0103pta\u021bi dac\u0103 ave\u021bi nevoie de o re\u021bet\u0103. Este \u00eentotdeauna o idee bun\u0103 s\u0103 verifica\u021bi cu medicul dac\u0103 nu sunte\u021bi sigur\u0103 de siguran\u021ba unui tratament f\u0103r\u0103 prescrip\u021bie medical\u0103. Aspirina, de exemplu, nu este considerat\u0103 sigur\u0103 pentru copii, \u00een timp ce ibuprofenul \u0219i paracetamolul sunt. Unele medicamente sunt sigure pentru copil, dar pot provoca somnolen\u021b\u0103 \u0219i pot \u00eencetini produc\u021bia de lapte. \u00cen general, este mai probabil ca un medicament s\u0103 v\u0103 afecteze laptele matern dac\u0103:<\/p>\n\n\n\n<ul class=\"is-style-default wp-block-list\"><li>Are o concentra\u021bie mare sau are ac\u021biune \u00eendelungat\u0103<\/li><li>Este conceput pentru a trata simptome multiple<\/li><li>Este folosit pe o perioad\u0103 \u00eendelungat\u0103<\/li><li>Con\u021bine mai multe substan\u021be active<\/li><\/ul>\n\n\n\n<p>Bebelu\u0219ii care sunt al\u0103pta\u021bi exclusiv, mai mici de o lun\u0103 sau mai pu\u021bin dezvolta\u021bi dec\u00e2t al\u021bi bebelu\u0219i de v\u00e2rsta lor sunt mai susceptibili de a fi sensibili la medicamentele din laptele matern dec\u00e2t al\u021bii.<\/p>\n<\/div><\/div>\n","protected":false},"excerpt":{"rendered":"","protected":false},"author":2,"featured_media":0,"parent":158,"menu_order":0,"comment_status":"closed","ping_status":"closed","template":"","meta":{"_acf_changed":false,"footnotes":""},"from-article-database":[],"class_list":["post-267","page","type-page","status-publish","hentry"],"acf":[],"yoast_head":"<!-- This site is optimized with the Yoast SEO plugin v26.6 - https:\/\/yoast.com\/wordpress\/plugins\/seo\/ -->\n<title>Pot continua s\u0103 al\u0103ptez c\u00e2t timp sunt bolnav\u0103? - Multi-Mam<\/title>\n<meta name=\"description\" content=\"Pot continua s\u0103 al\u0103ptez c\u00e2t timp sunt bolnav\u0103?\" \/>\n<meta name=\"robots\" content=\"index, follow, max-snippet:-1, max-image-preview:large, max-video-preview:-1\" \/>\n<link rel=\"canonical\" href=\"https:\/\/multi-mam.com\/ro\/articole\/pot-continua-sa-alaptez-cat-timp-sunt-bolnava\/\" \/>\n<meta property=\"og:locale\" content=\"ro_RO\" \/>\n<meta property=\"og:type\" content=\"article\" \/>\n<meta property=\"og:title\" content=\"Pot continua s\u0103 al\u0103ptez c\u00e2t timp sunt bolnav\u0103? - Multi-Mam\" \/>\n<meta property=\"og:description\" content=\"Pot continua s\u0103 al\u0103ptez c\u00e2t timp sunt bolnav\u0103?\" \/>\n<meta property=\"og:url\" content=\"https:\/\/multi-mam.com\/ro\/articole\/pot-continua-sa-alaptez-cat-timp-sunt-bolnava\/\" \/>\n<meta property=\"og:site_name\" content=\"Multi-Mam\" \/>\n<meta property=\"article:modified_time\" content=\"2023-06-26T12:50:03+00:00\" \/>\n<meta name=\"twitter:card\" content=\"summary_large_image\" \/>\n<meta name=\"twitter:label1\" content=\"Timp estimat pentru citire\" \/>\n\t<meta name=\"twitter:data1\" content=\"3 minute\" \/>\n<script type=\"application\/ld+json\" class=\"yoast-schema-graph\">{\"@context\":\"https:\/\/schema.org\",\"@graph\":[{\"@type\":\"WebPage\",\"@id\":\"https:\/\/multi-mam.com\/ro\/articole\/pot-continua-sa-alaptez-cat-timp-sunt-bolnava\/\",\"url\":\"https:\/\/multi-mam.com\/ro\/articole\/pot-continua-sa-alaptez-cat-timp-sunt-bolnava\/\",\"name\":\"Pot continua s\u0103 al\u0103ptez c\u00e2t timp sunt bolnav\u0103? - Multi-Mam\",\"isPartOf\":{\"@id\":\"https:\/\/multi-mam.com\/ro\/#website\"},\"datePublished\":\"2022-12-02T22:34:10+00:00\",\"dateModified\":\"2023-06-26T12:50:03+00:00\",\"description\":\"Pot continua s\u0103 al\u0103ptez c\u00e2t timp sunt bolnav\u0103?\",\"breadcrumb\":{\"@id\":\"https:\/\/multi-mam.com\/ro\/articole\/pot-continua-sa-alaptez-cat-timp-sunt-bolnava\/#breadcrumb\"},\"inLanguage\":\"ro-RO\",\"potentialAction\":[{\"@type\":\"ReadAction\",\"target\":[\"https:\/\/multi-mam.com\/ro\/articole\/pot-continua-sa-alaptez-cat-timp-sunt-bolnava\/\"]}]},{\"@type\":\"BreadcrumbList\",\"@id\":\"https:\/\/multi-mam.com\/ro\/articole\/pot-continua-sa-alaptez-cat-timp-sunt-bolnava\/#breadcrumb\",\"itemListElement\":[{\"@type\":\"ListItem\",\"position\":1,\"name\":\"Home\",\"item\":\"https:\/\/multi-mam.com\/ro\/\"},{\"@type\":\"ListItem\",\"position\":2,\"name\":\"Articole\",\"item\":\"https:\/\/multi-mam.com\/ro\/articole\/\"},{\"@type\":\"ListItem\",\"position\":3,\"name\":\"Pot continua s\u0103 al\u0103ptez c\u00e2t timp sunt bolnav\u0103?\"}]},{\"@type\":\"WebSite\",\"@id\":\"https:\/\/multi-mam.com\/ro\/#website\",\"url\":\"https:\/\/multi-mam.com\/ro\/\",\"name\":\"Multi-Mam\",\"description\":\"\",\"publisher\":{\"@id\":\"https:\/\/multi-mam.com\/ro\/#organization\"},\"potentialAction\":[{\"@type\":\"SearchAction\",\"target\":{\"@type\":\"EntryPoint\",\"urlTemplate\":\"https:\/\/multi-mam.com\/ro\/?s={search_term_string}\"},\"query-input\":{\"@type\":\"PropertyValueSpecification\",\"valueRequired\":true,\"valueName\":\"search_term_string\"}}],\"inLanguage\":\"ro-RO\"},{\"@type\":\"Organization\",\"@id\":\"https:\/\/multi-mam.com\/ro\/#organization\",\"name\":\"Multi-Mam\",\"url\":\"https:\/\/multi-mam.com\/ro\/\",\"logo\":{\"@type\":\"ImageObject\",\"inLanguage\":\"ro-RO\",\"@id\":\"https:\/\/multi-mam.com\/ro\/#\/schema\/logo\/image\/\",\"url\":\"https:\/\/multi-mam.com\/app\/uploads\/sites\/19\/2022\/11\/multi-mam-logotype.png\",\"contentUrl\":\"https:\/\/multi-mam.com\/app\/uploads\/sites\/19\/2022\/11\/multi-mam-logotype.png\",\"width\":70,\"height\":96,\"caption\":\"Multi-Mam\"},\"image\":{\"@id\":\"https:\/\/multi-mam.com\/ro\/#\/schema\/logo\/image\/\"}}]}<\/script>\n<!-- \/ Yoast SEO plugin. -->","yoast_head_json":{"title":"Pot continua s\u0103 al\u0103ptez c\u00e2t timp sunt bolnav\u0103? - Multi-Mam","description":"Pot continua s\u0103 al\u0103ptez c\u00e2t timp sunt bolnav\u0103?","robots":{"index":"index","follow":"follow","max-snippet":"max-snippet:-1","max-image-preview":"max-image-preview:large","max-video-preview":"max-video-preview:-1"},"canonical":"https:\/\/multi-mam.com\/ro\/articole\/pot-continua-sa-alaptez-cat-timp-sunt-bolnava\/","og_locale":"ro_RO","og_type":"article","og_title":"Pot continua s\u0103 al\u0103ptez c\u00e2t timp sunt bolnav\u0103? - Multi-Mam","og_description":"Pot continua s\u0103 al\u0103ptez c\u00e2t timp sunt bolnav\u0103?","og_url":"https:\/\/multi-mam.com\/ro\/articole\/pot-continua-sa-alaptez-cat-timp-sunt-bolnava\/","og_site_name":"Multi-Mam","article_modified_time":"2023-06-26T12:50:03+00:00","twitter_card":"summary_large_image","twitter_misc":{"Timp estimat pentru citire":"3 minute"},"schema":{"@context":"https:\/\/schema.org","@graph":[{"@type":"WebPage","@id":"https:\/\/multi-mam.com\/ro\/articole\/pot-continua-sa-alaptez-cat-timp-sunt-bolnava\/","url":"https:\/\/multi-mam.com\/ro\/articole\/pot-continua-sa-alaptez-cat-timp-sunt-bolnava\/","name":"Pot continua s\u0103 al\u0103ptez c\u00e2t timp sunt bolnav\u0103? - Multi-Mam","isPartOf":{"@id":"https:\/\/multi-mam.com\/ro\/#website"},"datePublished":"2022-12-02T22:34:10+00:00","dateModified":"2023-06-26T12:50:03+00:00","description":"Pot continua s\u0103 al\u0103ptez c\u00e2t timp sunt bolnav\u0103?","breadcrumb":{"@id":"https:\/\/multi-mam.com\/ro\/articole\/pot-continua-sa-alaptez-cat-timp-sunt-bolnava\/#breadcrumb"},"inLanguage":"ro-RO","potentialAction":[{"@type":"ReadAction","target":["https:\/\/multi-mam.com\/ro\/articole\/pot-continua-sa-alaptez-cat-timp-sunt-bolnava\/"]}]},{"@type":"BreadcrumbList","@id":"https:\/\/multi-mam.com\/ro\/articole\/pot-continua-sa-alaptez-cat-timp-sunt-bolnava\/#breadcrumb","itemListElement":[{"@type":"ListItem","position":1,"name":"Home","item":"https:\/\/multi-mam.com\/ro\/"},{"@type":"ListItem","position":2,"name":"Articole","item":"https:\/\/multi-mam.com\/ro\/articole\/"},{"@type":"ListItem","position":3,"name":"Pot continua s\u0103 al\u0103ptez c\u00e2t timp sunt bolnav\u0103?"}]},{"@type":"WebSite","@id":"https:\/\/multi-mam.com\/ro\/#website","url":"https:\/\/multi-mam.com\/ro\/","name":"Multi-Mam","description":"","publisher":{"@id":"https:\/\/multi-mam.com\/ro\/#organization"},"potentialAction":[{"@type":"SearchAction","target":{"@type":"EntryPoint","urlTemplate":"https:\/\/multi-mam.com\/ro\/?s={search_term_string}"},"query-input":{"@type":"PropertyValueSpecification","valueRequired":true,"valueName":"search_term_string"}}],"inLanguage":"ro-RO"},{"@type":"Organization","@id":"https:\/\/multi-mam.com\/ro\/#organization","name":"Multi-Mam","url":"https:\/\/multi-mam.com\/ro\/","logo":{"@type":"ImageObject","inLanguage":"ro-RO","@id":"https:\/\/multi-mam.com\/ro\/#\/schema\/logo\/image\/","url":"https:\/\/multi-mam.com\/app\/uploads\/sites\/19\/2022\/11\/multi-mam-logotype.png","contentUrl":"https:\/\/multi-mam.com\/app\/uploads\/sites\/19\/2022\/11\/multi-mam-logotype.png","width":70,"height":96,"caption":"Multi-Mam"},"image":{"@id":"https:\/\/multi-mam.com\/ro\/#\/schema\/logo\/image\/"}}]}},"_links":{"self":[{"href":"https:\/\/multi-mam.com\/ro\/wp-json\/wp\/v2\/pages\/267","targetHints":{"allow":["GET"]}}],"collection":[{"href":"https:\/\/multi-mam.com\/ro\/wp-json\/wp\/v2\/pages"}],"about":[{"href":"https:\/\/multi-mam.com\/ro\/wp-json\/wp\/v2\/types\/page"}],"author":[{"embeddable":true,"href":"https:\/\/multi-mam.com\/ro\/wp-json\/wp\/v2\/users\/2"}],"replies":[{"embeddable":true,"href":"https:\/\/multi-mam.com\/ro\/wp-json\/wp\/v2\/comments?post=267"}],"version-history":[{"count":2,"href":"https:\/\/multi-mam.com\/ro\/wp-json\/wp\/v2\/pages\/267\/revisions"}],"predecessor-version":[{"id":417,"href":"https:\/\/multi-mam.com\/ro\/wp-json\/wp\/v2\/pages\/267\/revisions\/417"}],"up":[{"embeddable":true,"href":"https:\/\/multi-mam.com\/ro\/wp-json\/wp\/v2\/pages\/158"}],"wp:attachment":[{"href":"https:\/\/multi-mam.com\/ro\/wp-json\/wp\/v2\/media?parent=267"}],"wp:term":[{"taxonomy":"from-article-database","embeddable":true,"href":"https:\/\/multi-mam.com\/ro\/wp-json\/wp\/v2\/from-article-database?post=267"}],"curies":[{"name":"wp","href":"https:\/\/api.w.org\/{rel}","templated":true}]}}