{"id":263,"date":"2022-12-02T17:34:36","date_gmt":"2022-12-02T16:34:36","guid":{"rendered":"https:\/\/multi-mam.com\/ro\/?page_id=263"},"modified":"2023-06-26T15:00:33","modified_gmt":"2023-06-26T13:00:33","slug":"intarcarea%ef%bf%bc","status":"publish","type":"page","link":"https:\/\/multi-mam.com\/ro\/articole\/intarcarea%ef%bf%bc\/","title":{"rendered":"\u00cen\u021b\u0103rcarea\ufffc"},"content":{"rendered":"\n<div class=\"wp-block-karopharma-free-text pt-large pb-large bg-center bg-cover bg-no-repeat\" style=\"background-image:url(https:\/\/multi-mam.com\/cdn-cgi\/image\/format=auto\/app\/uploads\/sites\/19\/2022\/12\/Elina-with-6-month-baby-133-1400x934-1.jpg)\"><div class=\"free-text-wrapper container max-w-medium text-left\">\n<div style=\"height:100px\" aria-hidden=\"true\" class=\"wp-block-spacer is-style-responsive-medium\"><\/div>\n\n\n\n<h1 class=\"has-text-align-center has-white-color has-text-color wp-block-heading\">\u00cen\u021b\u0103rcarea<\/h1>\n\n\n\n<div style=\"height:100px\" aria-hidden=\"true\" class=\"wp-block-spacer is-style-responsive-medium\"><\/div>\n<\/div><\/div>\n\n\n\n<div class=\"wp-block-karopharma-free-text pt-large pb-large bg-center bg-cover bg-no-repeat\" style=\"background-image:url()\"><div class=\"free-text-wrapper container max-w-medium text-left\">\n<p class=\"is-style-paragraph-preamble\">\u00cen primele c\u00e2teva luni de via\u021b\u0103, al\u0103ptarea, somnul \u0219i \u00eembr\u0103\u021bi\u0219\u0103rile pline de iubire sunt tot ce are nevoie copilul dvs. Dar, p\u00e2n\u0103 la v\u00e2rsta de \u0219ase luni, bebelu\u0219ul dvs. este gata s\u0103-\u0219i l\u0103rgeasc\u0103 orizontul culinar \u0219i s\u0103 \u00eenceap\u0103 procesul de \u00een\u021b\u0103rcare.<\/p>\n<\/div><\/div>\n\n\n\n<div class=\"wp-block-karopharma-free-text pt-large pb-large bg-center bg-cover bg-no-repeat  is-style-primary\" style=\"background-image:url()\"><div class=\"free-text-wrapper container max-w-medium text-left\">\n<p class=\"is-style-paragraph-preamble\">\u00cen timpul \u00een\u021b\u0103rc\u0103rii, bebelu\u0219ul \u00eenva\u021b\u0103 cum s\u0103 mestece \u0219i s\u0103 m\u0103n\u00e2nce alimente solide, precum \u0219i s\u0103 bea.<\/p>\n<\/div><\/div>\n\n\n\n<div class=\"wp-block-karopharma-free-text pt-small pb-medium bg-center bg-cover bg-no-repeat\" style=\"background-image:url()\"><div class=\"free-text-wrapper container max-w-medium text-left\">\n<p>Asta nu \u00eenseamn\u0103 c\u0103 trebuie s\u0103 opri\u021bi imediat al\u0103ptarea. Laptele matern ofer\u0103 \u00een continuare bebelu\u0219ului nutrien\u021bi esen\u021biali, \u00eei protejeaz\u0103 de \u00eemboln\u0103vire \u0219i \u00eei poate ajuta s\u0103-\u0219i digere primele alimente solide. Bebelu\u0219ul are nevoie de lapte matern (sau formul\u0103) ca b\u0103utur\u0103 principal\u0103 p\u00e2n\u0103 la v\u00e2rsta de 12 luni, iar&nbsp;<a href=\"https:\/\/www.who.int\/health-topics\/breastfeeding#tab=tab_2\">Organiza\u021bia Mondial\u0103 a S\u0103n\u0103t\u0103\u021bii<\/a>&nbsp;recomand\u0103 mamelor s\u0103 al\u0103pteze \u0219i mai mult. Cu alte cuvinte, dac\u0103 bebelu\u0219ul m\u0103n\u00e2nc\u0103 hran\u0103 solid\u0103, nu \u00eenseamn\u0103 c\u0103 nu mai poate fi al\u0103ptat. Depinde de dumneavoastr\u0103 \u0219i de copilul dumneavoastr\u0103 s\u0103 decide\u021bi c\u00e2nd este timpul s\u0103 \u00eenceta\u021bi al\u0103ptarea.<\/p>\n\n\n\n<h2 class=\"is-style-heading-h2 wp-block-heading\">Sfaturi despre cum s\u0103 \u00een\u021barci<\/h2>\n\n\n\n<p>Nu exist\u0103 o modalitate corect\u0103 sau gre\u0219it\u0103 de a \u00een\u021b\u0103rca un copil, dar aceste sfaturi ar putea s\u0103 v\u0103 ajute pe am\u00e2ndoi s\u0103 v\u0103 obi\u0219nui\u021bi cu noile rutine:<\/p>\n\n\n\n<ul class=\"is-style-default wp-block-list\"><li>Nu opri\u021bi brusc al\u0103ptarea \u2013 \u00een\u021b\u0103rca\u021bi-v\u0103 copilul treptat pentru a preveni problemele de al\u0103ptare, cum ar fi angorjarea s\u00e2nilor \u0219i mastita.<\/li><li>G\u0103ti\u021bi alimente pentru bebelusi \u0219i congela\u021bi-le \u00een t\u0103vi pentru cuburi de ghea\u021b\u0103. \u00cen acest fel, ave\u021bi \u00eentotdeauna m\u00e2ncare preparat\u0103 acas\u0103 pentru bebelu\u0219i atunci c\u00e2nd sunte\u021bi \u00een deplasare.<\/li><li>L\u0103sa\u021bi copilul s\u0103 ating\u0103 \u0219i s\u0103 \u021bin\u0103 m\u00e2ncarea \u0219i nu v\u0103 descuraja\u021bi dac\u0103 nu m\u0103n\u00e2nc\u0103 unele lucruri prima dat\u0103 c\u00e2nd \u00eencerca\u021bi. S-ar putea s\u0103 dureze ceva timp s\u0103 se obi\u0219nuiasc\u0103 cu noile arome \u0219i texturi, a\u0219a c\u0103 pute\u021bi continua prin a le oferi o varietate de alimente.<\/li><li>\u00cencerca\u021bi s\u0103 m\u00e2nca\u021bi \u00eempreun\u0103 \u00een familie c\u00e2t mai des posibil \u2013 bebelu\u0219ul va \u00eenv\u0103\u021ba urm\u0103rindu-v\u0103.<\/li><li>Acorda\u021bi aten\u021bie indica\u021biilor bebelu\u0219ului dvs. \u0219i nu-i for\u021ba\u021bi niciodat\u0103 s\u0103 m\u0103n\u00e2nce mai mult dec\u00e2t vor.<\/li><\/ul>\n\n\n\n<h2 class=\"is-style-heading-h2 wp-block-heading\">\u00cen\u021b\u0103rcarea \u00eendrumat\u0103 de bebelu\u0219<\/h2>\n\n\n\n<p>O modalitate tot mai popular\u0103 de a \u00een\u021b\u0103rca bebelu\u0219ii este a\u0219a-numita \u00een\u021b\u0103rcare condus\u0103 de bebelu\u0219i. \u00cen timpul \u00een\u021b\u0103rc\u0103rii conduse de bebelu\u0219i, mama al\u0103pteaz\u0103 \u00een mod obi\u0219nuit timp de \u0219ase luni \u0219i apoi trece direct la oferirea de alimente ce pot fi \u021binute \u00een m\u00e2n\u0103 de c\u0103tre bebelu\u0219, f\u0103r\u0103 a introduce hr\u0103nirea cu lingur\u0103, care este metoda tradi\u021bional\u0103 de introducere a alimentelor solide.<\/p>\n\n\n\n<p>Mai degrab\u0103 dec\u00e2t piureuri, bebelu\u0219ul prime\u0219te buc\u0103\u021bi din acela\u0219i aliment solid pe care \u00eel m\u0103n\u00e2nc\u0103 familia, de exemplu fructe, legume, carne, br\u00e2nz\u0103, ou\u0103 bine g\u0103tite, p\u00e2ine, paste \u0219i majoritatea pe\u0219tilor. Bebelu\u0219ul decide singur ce \u0219i c\u00e2t s\u0103 m\u0103n\u00e2nce \u0219i m\u0103n\u00e2nc\u0103 \u00een ritmul s\u0103u, iar mama ofer\u0103 s\u00e2nul p\u00e2n\u0103 c\u00e2nd bebelu\u0219ul \u00ee\u0219i pierde interesul pentru al\u0103ptare.<\/p>\n\n\n\n<p>Mul\u021bi p\u0103rin\u021bi cred c\u0103 \u00een\u021b\u0103rcarea condus\u0103 de bebelu\u0219 este un mod mai s\u0103n\u0103tos de a \u00een\u021b\u0103rca bebelu\u0219ul \u0219i de a introduce alimente solide, deoarece aceasta \u00eel \u00eenva\u021b\u0103 pe bebelu\u0219 s\u0103-\u0219i regleze propriul aport de alimente. Indiferent de modul \u00een care alege\u021bi s\u0103 v\u0103 \u00een\u021b\u0103rca\u021bi bebelu\u0219ul, \u00eencerca\u021bi \u00eentotdeauna s\u0103 v\u0103 adapta\u021bi la nevoile bebelu\u0219ului dumneavoastr\u0103.<\/p>\n<\/div><\/div>\n","protected":false},"excerpt":{"rendered":"","protected":false},"author":2,"featured_media":0,"parent":158,"menu_order":0,"comment_status":"closed","ping_status":"closed","template":"","meta":{"_acf_changed":false,"footnotes":""},"from-article-database":[],"class_list":["post-263","page","type-page","status-publish","hentry"],"acf":[],"yoast_head":"<!-- This site is optimized with the Yoast SEO plugin v26.6 - https:\/\/yoast.com\/wordpress\/plugins\/seo\/ -->\n<title>\u00cen\u021b\u0103rcarea\ufffc - Multi-Mam<\/title>\n<meta name=\"description\" content=\"\u00cen primele c\u00e2teva luni de via\u021b\u0103, al\u0103ptarea, somnul \u0219i \u00eembr\u0103\u021bi\u0219\u0103rile pline de iubire sunt tot ce are nevoie copilul dvs. Dar, p\u00e2n\u0103 la v\u00e2rsta de \u0219ase luni, bebelu\u0219ul dvs. este gata s\u0103-\u0219i l\u0103rgeasc\u0103 orizontul culinar \u0219i s\u0103 \u00eenceap\u0103 procesul de \u00een\u021b\u0103rcare.\" \/>\n<meta name=\"robots\" content=\"index, follow, max-snippet:-1, max-image-preview:large, max-video-preview:-1\" \/>\n<link rel=\"canonical\" href=\"https:\/\/multi-mam.com\/ro\/articole\/intarcarea\ufffc\/\" \/>\n<meta property=\"og:locale\" content=\"ro_RO\" \/>\n<meta property=\"og:type\" content=\"article\" \/>\n<meta property=\"og:title\" content=\"\u00cen\u021b\u0103rcarea\ufffc - Multi-Mam\" \/>\n<meta property=\"og:description\" content=\"\u00cen primele c\u00e2teva luni de via\u021b\u0103, al\u0103ptarea, somnul \u0219i \u00eembr\u0103\u021bi\u0219\u0103rile pline de iubire sunt tot ce are nevoie copilul dvs. Dar, p\u00e2n\u0103 la v\u00e2rsta de \u0219ase luni, bebelu\u0219ul dvs. este gata s\u0103-\u0219i l\u0103rgeasc\u0103 orizontul culinar \u0219i s\u0103 \u00eenceap\u0103 procesul de \u00een\u021b\u0103rcare.\" \/>\n<meta property=\"og:url\" content=\"https:\/\/multi-mam.com\/ro\/articole\/intarcarea\ufffc\/\" \/>\n<meta property=\"og:site_name\" content=\"Multi-Mam\" \/>\n<meta property=\"article:modified_time\" content=\"2023-06-26T13:00:33+00:00\" \/>\n<meta name=\"twitter:card\" content=\"summary_large_image\" \/>\n<meta name=\"twitter:label1\" content=\"Timp estimat pentru citire\" \/>\n\t<meta name=\"twitter:data1\" content=\"3 minute\" \/>\n<script type=\"application\/ld+json\" class=\"yoast-schema-graph\">{\"@context\":\"https:\/\/schema.org\",\"@graph\":[{\"@type\":\"WebPage\",\"@id\":\"https:\/\/multi-mam.com\/ro\/articole\/intarcarea%ef%bf%bc\/\",\"url\":\"https:\/\/multi-mam.com\/ro\/articole\/intarcarea%ef%bf%bc\/\",\"name\":\"\u00cen\u021b\u0103rcarea\ufffc - Multi-Mam\",\"isPartOf\":{\"@id\":\"https:\/\/multi-mam.com\/ro\/#website\"},\"datePublished\":\"2022-12-02T16:34:36+00:00\",\"dateModified\":\"2023-06-26T13:00:33+00:00\",\"description\":\"\u00cen primele c\u00e2teva luni de via\u021b\u0103, al\u0103ptarea, somnul \u0219i \u00eembr\u0103\u021bi\u0219\u0103rile pline de iubire sunt tot ce are nevoie copilul dvs. Dar, p\u00e2n\u0103 la v\u00e2rsta de \u0219ase luni, bebelu\u0219ul dvs. este gata s\u0103-\u0219i l\u0103rgeasc\u0103 orizontul culinar \u0219i s\u0103 \u00eenceap\u0103 procesul de \u00een\u021b\u0103rcare.\",\"breadcrumb\":{\"@id\":\"https:\/\/multi-mam.com\/ro\/articole\/intarcarea%ef%bf%bc\/#breadcrumb\"},\"inLanguage\":\"ro-RO\",\"potentialAction\":[{\"@type\":\"ReadAction\",\"target\":[\"https:\/\/multi-mam.com\/ro\/articole\/intarcarea%ef%bf%bc\/\"]}]},{\"@type\":\"BreadcrumbList\",\"@id\":\"https:\/\/multi-mam.com\/ro\/articole\/intarcarea%ef%bf%bc\/#breadcrumb\",\"itemListElement\":[{\"@type\":\"ListItem\",\"position\":1,\"name\":\"Home\",\"item\":\"https:\/\/multi-mam.com\/ro\/\"},{\"@type\":\"ListItem\",\"position\":2,\"name\":\"Articole\",\"item\":\"https:\/\/multi-mam.com\/ro\/articole\/\"},{\"@type\":\"ListItem\",\"position\":3,\"name\":\"\u00cen\u021b\u0103rcarea\ufffc\"}]},{\"@type\":\"WebSite\",\"@id\":\"https:\/\/multi-mam.com\/ro\/#website\",\"url\":\"https:\/\/multi-mam.com\/ro\/\",\"name\":\"Multi-Mam\",\"description\":\"\",\"publisher\":{\"@id\":\"https:\/\/multi-mam.com\/ro\/#organization\"},\"potentialAction\":[{\"@type\":\"SearchAction\",\"target\":{\"@type\":\"EntryPoint\",\"urlTemplate\":\"https:\/\/multi-mam.com\/ro\/?s={search_term_string}\"},\"query-input\":{\"@type\":\"PropertyValueSpecification\",\"valueRequired\":true,\"valueName\":\"search_term_string\"}}],\"inLanguage\":\"ro-RO\"},{\"@type\":\"Organization\",\"@id\":\"https:\/\/multi-mam.com\/ro\/#organization\",\"name\":\"Multi-Mam\",\"url\":\"https:\/\/multi-mam.com\/ro\/\",\"logo\":{\"@type\":\"ImageObject\",\"inLanguage\":\"ro-RO\",\"@id\":\"https:\/\/multi-mam.com\/ro\/#\/schema\/logo\/image\/\",\"url\":\"https:\/\/multi-mam.com\/app\/uploads\/sites\/19\/2022\/11\/multi-mam-logotype.png\",\"contentUrl\":\"https:\/\/multi-mam.com\/app\/uploads\/sites\/19\/2022\/11\/multi-mam-logotype.png\",\"width\":70,\"height\":96,\"caption\":\"Multi-Mam\"},\"image\":{\"@id\":\"https:\/\/multi-mam.com\/ro\/#\/schema\/logo\/image\/\"}}]}<\/script>\n<!-- \/ Yoast SEO plugin. -->","yoast_head_json":{"title":"\u00cen\u021b\u0103rcarea\ufffc - Multi-Mam","description":"\u00cen primele c\u00e2teva luni de via\u021b\u0103, al\u0103ptarea, somnul \u0219i \u00eembr\u0103\u021bi\u0219\u0103rile pline de iubire sunt tot ce are nevoie copilul dvs. Dar, p\u00e2n\u0103 la v\u00e2rsta de \u0219ase luni, bebelu\u0219ul dvs. este gata s\u0103-\u0219i l\u0103rgeasc\u0103 orizontul culinar \u0219i s\u0103 \u00eenceap\u0103 procesul de \u00een\u021b\u0103rcare.","robots":{"index":"index","follow":"follow","max-snippet":"max-snippet:-1","max-image-preview":"max-image-preview:large","max-video-preview":"max-video-preview:-1"},"canonical":"https:\/\/multi-mam.com\/ro\/articole\/intarcarea\ufffc\/","og_locale":"ro_RO","og_type":"article","og_title":"\u00cen\u021b\u0103rcarea\ufffc - Multi-Mam","og_description":"\u00cen primele c\u00e2teva luni de via\u021b\u0103, al\u0103ptarea, somnul \u0219i \u00eembr\u0103\u021bi\u0219\u0103rile pline de iubire sunt tot ce are nevoie copilul dvs. Dar, p\u00e2n\u0103 la v\u00e2rsta de \u0219ase luni, bebelu\u0219ul dvs. este gata s\u0103-\u0219i l\u0103rgeasc\u0103 orizontul culinar \u0219i s\u0103 \u00eenceap\u0103 procesul de \u00een\u021b\u0103rcare.","og_url":"https:\/\/multi-mam.com\/ro\/articole\/intarcarea\ufffc\/","og_site_name":"Multi-Mam","article_modified_time":"2023-06-26T13:00:33+00:00","twitter_card":"summary_large_image","twitter_misc":{"Timp estimat pentru citire":"3 minute"},"schema":{"@context":"https:\/\/schema.org","@graph":[{"@type":"WebPage","@id":"https:\/\/multi-mam.com\/ro\/articole\/intarcarea%ef%bf%bc\/","url":"https:\/\/multi-mam.com\/ro\/articole\/intarcarea%ef%bf%bc\/","name":"\u00cen\u021b\u0103rcarea\ufffc - Multi-Mam","isPartOf":{"@id":"https:\/\/multi-mam.com\/ro\/#website"},"datePublished":"2022-12-02T16:34:36+00:00","dateModified":"2023-06-26T13:00:33+00:00","description":"\u00cen primele c\u00e2teva luni de via\u021b\u0103, al\u0103ptarea, somnul \u0219i \u00eembr\u0103\u021bi\u0219\u0103rile pline de iubire sunt tot ce are nevoie copilul dvs. Dar, p\u00e2n\u0103 la v\u00e2rsta de \u0219ase luni, bebelu\u0219ul dvs. este gata s\u0103-\u0219i l\u0103rgeasc\u0103 orizontul culinar \u0219i s\u0103 \u00eenceap\u0103 procesul de \u00een\u021b\u0103rcare.","breadcrumb":{"@id":"https:\/\/multi-mam.com\/ro\/articole\/intarcarea%ef%bf%bc\/#breadcrumb"},"inLanguage":"ro-RO","potentialAction":[{"@type":"ReadAction","target":["https:\/\/multi-mam.com\/ro\/articole\/intarcarea%ef%bf%bc\/"]}]},{"@type":"BreadcrumbList","@id":"https:\/\/multi-mam.com\/ro\/articole\/intarcarea%ef%bf%bc\/#breadcrumb","itemListElement":[{"@type":"ListItem","position":1,"name":"Home","item":"https:\/\/multi-mam.com\/ro\/"},{"@type":"ListItem","position":2,"name":"Articole","item":"https:\/\/multi-mam.com\/ro\/articole\/"},{"@type":"ListItem","position":3,"name":"\u00cen\u021b\u0103rcarea\ufffc"}]},{"@type":"WebSite","@id":"https:\/\/multi-mam.com\/ro\/#website","url":"https:\/\/multi-mam.com\/ro\/","name":"Multi-Mam","description":"","publisher":{"@id":"https:\/\/multi-mam.com\/ro\/#organization"},"potentialAction":[{"@type":"SearchAction","target":{"@type":"EntryPoint","urlTemplate":"https:\/\/multi-mam.com\/ro\/?s={search_term_string}"},"query-input":{"@type":"PropertyValueSpecification","valueRequired":true,"valueName":"search_term_string"}}],"inLanguage":"ro-RO"},{"@type":"Organization","@id":"https:\/\/multi-mam.com\/ro\/#organization","name":"Multi-Mam","url":"https:\/\/multi-mam.com\/ro\/","logo":{"@type":"ImageObject","inLanguage":"ro-RO","@id":"https:\/\/multi-mam.com\/ro\/#\/schema\/logo\/image\/","url":"https:\/\/multi-mam.com\/app\/uploads\/sites\/19\/2022\/11\/multi-mam-logotype.png","contentUrl":"https:\/\/multi-mam.com\/app\/uploads\/sites\/19\/2022\/11\/multi-mam-logotype.png","width":70,"height":96,"caption":"Multi-Mam"},"image":{"@id":"https:\/\/multi-mam.com\/ro\/#\/schema\/logo\/image\/"}}]}},"_links":{"self":[{"href":"https:\/\/multi-mam.com\/ro\/wp-json\/wp\/v2\/pages\/263","targetHints":{"allow":["GET"]}}],"collection":[{"href":"https:\/\/multi-mam.com\/ro\/wp-json\/wp\/v2\/pages"}],"about":[{"href":"https:\/\/multi-mam.com\/ro\/wp-json\/wp\/v2\/types\/page"}],"author":[{"embeddable":true,"href":"https:\/\/multi-mam.com\/ro\/wp-json\/wp\/v2\/users\/2"}],"replies":[{"embeddable":true,"href":"https:\/\/multi-mam.com\/ro\/wp-json\/wp\/v2\/comments?post=263"}],"version-history":[{"count":3,"href":"https:\/\/multi-mam.com\/ro\/wp-json\/wp\/v2\/pages\/263\/revisions"}],"predecessor-version":[{"id":425,"href":"https:\/\/multi-mam.com\/ro\/wp-json\/wp\/v2\/pages\/263\/revisions\/425"}],"up":[{"embeddable":true,"href":"https:\/\/multi-mam.com\/ro\/wp-json\/wp\/v2\/pages\/158"}],"wp:attachment":[{"href":"https:\/\/multi-mam.com\/ro\/wp-json\/wp\/v2\/media?parent=263"}],"wp:term":[{"taxonomy":"from-article-database","embeddable":true,"href":"https:\/\/multi-mam.com\/ro\/wp-json\/wp\/v2\/from-article-database?post=263"}],"curies":[{"name":"wp","href":"https:\/\/api.w.org\/{rel}","templated":true}]}}