{"id":260,"date":"2022-12-02T17:11:54","date_gmt":"2022-12-02T16:11:54","guid":{"rendered":"https:\/\/multi-mam.com\/ro\/?page_id=260"},"modified":"2023-06-26T14:33:32","modified_gmt":"2023-06-26T12:33:32","slug":"anatomia-sanului-feminin-in-timpul-alaptarii%ef%bf%bc","status":"publish","type":"page","link":"https:\/\/multi-mam.com\/ro\/articole\/anatomia-sanului-feminin-in-timpul-alaptarii%ef%bf%bc\/","title":{"rendered":"Anatomia s\u00e2nului feminin \u00een timpul al\u0103pt\u0103rii\ufffc"},"content":{"rendered":"\n<div class=\"wp-block-karopharma-free-text pt-large pb-large bg-right bg-cover bg-no-repeat\" style=\"background-image:url(https:\/\/multi-mam.com\/cdn-cgi\/image\/format=auto\/app\/uploads\/sites\/19\/2022\/12\/Elina-with-6-month-baby-151-2048x1366-1.jpeg)\"><div class=\"free-text-wrapper container max-w-medium text-left\">\n<div style=\"height:100px\" aria-hidden=\"true\" class=\"wp-block-spacer is-style-responsive-medium\"><\/div>\n\n\n\n<h1 class=\"has-text-align-center has-white-color has-text-color wp-block-heading\">Anatomia s\u00e2nului feminin \u00een timpul al\u0103pt\u0103rii<\/h1>\n\n\n\n<div style=\"height:100px\" aria-hidden=\"true\" class=\"wp-block-spacer is-style-responsive-medium\"><\/div>\n<\/div><\/div>\n\n\n\n<div class=\"wp-block-karopharma-free-text pt-large pb-large bg-center bg-cover bg-no-repeat\" style=\"background-image:url()\"><div class=\"free-text-wrapper container max-w-medium text-left\">\n<p class=\"is-style-paragraph-preamble\">Frumuse\u021bea s\u00e2nului feminin este c\u0103 dimensiunea \u0219i forma acestuia nu au nici o leg\u0103tur\u0103 cu capacitatea dumneavoastr\u0103 de a v\u0103 hr\u0103ni copilul.<\/p>\n<\/div><\/div>\n\n\n\n<div class=\"wp-block-karopharma-free-text pt-large pb-large bg-center bg-cover bg-no-repeat  is-style-primary\" style=\"background-image:url()\"><div class=\"free-text-wrapper container max-w-medium text-left\">\n<p>To\u021bi s\u00e2nii feminini sunt compu\u0219i din \u021besut gras, \u021besut de sus\u021binere \u0219i glande speciale care produc lapte. De asemenea, con\u021bin vase de s\u00e2nge \u0219i vase limfatice.<\/p>\n<\/div><\/div>\n\n\n\n<div class=\"wp-block-karopharma-free-text pt-large pb-large bg-center bg-cover bg-no-repeat\" style=\"background-image:url()\"><div class=\"free-text-wrapper container max-w-medium text-left\">\n<p>Fiecare dintre s\u00e2nii t\u0103i are 15-20 de lobi care con\u021bin mai mul\u021bi lobuli mai mici \u0219i grupuri mici de a\u0219a-numite alveole care dreneaz\u0103 s\u00e2nul de lapte. Laptele este apoi transportat la mamelon prin canalele galactofore. Mamelonul \u0219i areola \u00eenconjur\u0103toare au de obicei o nuan\u021b\u0103 care variaz\u0103 de la roz la maro \u0219i uneori devin mai mari \u0219i mai \u00eentunecate \u00een timpul sarcinii. Acesta este probabil modul \u00een care natura ajut\u0103 copilul s\u0103 recunoasc\u0103 mamelonul atunci c\u00e2nd este al\u0103ptat. Pentru ca bebelu\u0219ul s\u0103 g\u0103seasc\u0103 mai u\u0219or s\u00e2nul, glandele care produc lapte elibereaz\u0103, de asemenea, un parfum comparabil cu mirosul lichidului amniotic din uter.<\/p>\n\n\n\n<h2 class=\"is-style-heading-h2 wp-block-heading\">Conteaz\u0103 m\u0103rimea s\u00e2nilor?<\/h2>\n\n\n\n<p>Indiferent de m\u0103rimea s\u00e2nilor, femeile au de obicei un num\u0103r similar de glande care produc lapte, s\u00e2nii mari con\u021bin doar mai mult \u021besut gras. Unele femei au, de asemenea, mai mult\u0103 capacitate de stocare \u00een s\u00e2ni dec\u00e2t altele. Singura diferen\u021b\u0103 este c\u0103, dac\u0103 ave\u021bi o capacitate de stocare mai mic\u0103, este posibil ca bebelu\u0219ul dumneavoastr\u0103 s\u0103 fie nevoit s\u0103 se hr\u0103neasc\u0103 pu\u021bin mai des.<\/p>\n\n\n\n<h2 class=\"is-style-heading-h2 wp-block-heading\">Anatomia s\u00e2nilor \u00een timpul al\u0103pt\u0103rii<\/h2>\n\n\n\n<p>Din momentul \u00een care s\u00e2nii t\u0103i \u00eencep s\u0103 se dezvolte \u00een timpul pubert\u0103\u021bii \u0219i p\u00e2n\u0103 la menopauz\u0103, ace\u0219tia evolueaz\u0103 constant. Forma \u0219i greutatea lor variaz\u0103 constant. \u00cen timpul sarcinii \u0219i al\u0103pt\u0103rii, anatomia s\u00e2nilor evolueaz\u0103 \u0219i mai mult. Din luna a patra p\u00e2n\u0103 la a \u0219asea lun\u0103 de sarcin\u0103, glandele mamare \u00eencep s\u0103 produc\u0103 colostru, lichidul plin de nutrien\u021bi cu care bebelu\u0219ul t\u0103u se va hr\u0103ni \u00een primele c\u00e2teva zile dup\u0103 na\u0219tere. Odat\u0103 ce copilul se na\u0219te, corpul t\u0103u elibereaz\u0103 mai mult din hormonul prolactin\u0103, care preg\u0103te\u0219te s\u00e2nul pentru al\u0103ptare \u0219i stimuleaz\u0103 produc\u021bia de lapte matern.<\/p>\n\n\n\n<h2 class=\"is-style-heading-h2 wp-block-heading\">Lacta\u021bia<\/h2>\n\n\n\n<p>\u00cen primele c\u00e2teva s\u0103pt\u0103m\u00e2ni, corpul t\u0103u produce laptele matern \u00een mod automat, dar dup\u0103 aceea cererea bebelu\u0219ului este cea care determin\u0103 ritmul de produc\u021bie. S\u00e2nii pot produce p\u00e2n\u0103 la un litru de lapte pe zi. \u0218i dac\u0103 v\u0103 \u00eentreba\u021bi ce se \u00eent\u00e2mpl\u0103 cu tot laptele odat\u0103 ce v\u0103 \u00een\u021b\u0103rca\u021bi copilul, r\u0103spunsul v\u0103 poate surprinde. Cercet\u0103torii au descoperit recent c\u0103 celulele produc\u0103toare de lapte sunt de fapt \u00eenghi\u021bite de alte celule. Exact modul \u00een care r\u0103m\u0103\u0219i\u021bele acestui proces p\u0103r\u0103sesc corpul nu este pe deplin cunoscut, dar majoritatea \u021besutului produc\u0103tor de lapte este \u00een cele din urm\u0103 \u00eenlocuit cu \u021besut conjunctiv.<\/p>\n<\/div><\/div>\n","protected":false},"excerpt":{"rendered":"","protected":false},"author":2,"featured_media":0,"parent":158,"menu_order":0,"comment_status":"closed","ping_status":"closed","template":"","meta":{"_acf_changed":false,"footnotes":""},"from-article-database":[],"class_list":["post-260","page","type-page","status-publish","hentry"],"acf":[],"yoast_head":"<!-- This site is optimized with the Yoast SEO plugin v26.6 - https:\/\/yoast.com\/wordpress\/plugins\/seo\/ -->\n<title>Anatomia s\u00e2nului feminin \u00een timpul al\u0103pt\u0103rii\ufffc - Multi-Mam<\/title>\n<meta name=\"description\" content=\"Frumuse\u021bea s\u00e2nului feminin este c\u0103 dimensiunea \u0219i forma acestuia nu au nici o leg\u0103tur\u0103 cu capacitatea dumneavoastr\u0103 de a v\u0103 hr\u0103ni copilul.\" \/>\n<meta name=\"robots\" content=\"index, follow, max-snippet:-1, max-image-preview:large, max-video-preview:-1\" \/>\n<link rel=\"canonical\" href=\"https:\/\/multi-mam.com\/ro\/articole\/anatomia-sanului-feminin-in-timpul-alaptarii\ufffc\/\" \/>\n<meta property=\"og:locale\" content=\"ro_RO\" \/>\n<meta property=\"og:type\" content=\"article\" \/>\n<meta property=\"og:title\" content=\"Anatomia s\u00e2nului feminin \u00een timpul al\u0103pt\u0103rii\ufffc - Multi-Mam\" \/>\n<meta property=\"og:description\" content=\"Frumuse\u021bea s\u00e2nului feminin este c\u0103 dimensiunea \u0219i forma acestuia nu au nici o leg\u0103tur\u0103 cu capacitatea dumneavoastr\u0103 de a v\u0103 hr\u0103ni copilul.\" \/>\n<meta property=\"og:url\" content=\"https:\/\/multi-mam.com\/ro\/articole\/anatomia-sanului-feminin-in-timpul-alaptarii\ufffc\/\" \/>\n<meta property=\"og:site_name\" content=\"Multi-Mam\" \/>\n<meta property=\"article:modified_time\" content=\"2023-06-26T12:33:32+00:00\" \/>\n<meta name=\"twitter:card\" content=\"summary_large_image\" \/>\n<meta name=\"twitter:label1\" content=\"Timp estimat pentru citire\" \/>\n\t<meta name=\"twitter:data1\" content=\"3 minute\" \/>\n<script type=\"application\/ld+json\" class=\"yoast-schema-graph\">{\"@context\":\"https:\/\/schema.org\",\"@graph\":[{\"@type\":\"WebPage\",\"@id\":\"https:\/\/multi-mam.com\/ro\/articole\/anatomia-sanului-feminin-in-timpul-alaptarii%ef%bf%bc\/\",\"url\":\"https:\/\/multi-mam.com\/ro\/articole\/anatomia-sanului-feminin-in-timpul-alaptarii%ef%bf%bc\/\",\"name\":\"Anatomia s\u00e2nului feminin \u00een timpul al\u0103pt\u0103rii\ufffc - Multi-Mam\",\"isPartOf\":{\"@id\":\"https:\/\/multi-mam.com\/ro\/#website\"},\"datePublished\":\"2022-12-02T16:11:54+00:00\",\"dateModified\":\"2023-06-26T12:33:32+00:00\",\"description\":\"Frumuse\u021bea s\u00e2nului feminin este c\u0103 dimensiunea \u0219i forma acestuia nu au nici o leg\u0103tur\u0103 cu capacitatea dumneavoastr\u0103 de a v\u0103 hr\u0103ni copilul.\",\"breadcrumb\":{\"@id\":\"https:\/\/multi-mam.com\/ro\/articole\/anatomia-sanului-feminin-in-timpul-alaptarii%ef%bf%bc\/#breadcrumb\"},\"inLanguage\":\"ro-RO\",\"potentialAction\":[{\"@type\":\"ReadAction\",\"target\":[\"https:\/\/multi-mam.com\/ro\/articole\/anatomia-sanului-feminin-in-timpul-alaptarii%ef%bf%bc\/\"]}]},{\"@type\":\"BreadcrumbList\",\"@id\":\"https:\/\/multi-mam.com\/ro\/articole\/anatomia-sanului-feminin-in-timpul-alaptarii%ef%bf%bc\/#breadcrumb\",\"itemListElement\":[{\"@type\":\"ListItem\",\"position\":1,\"name\":\"Home\",\"item\":\"https:\/\/multi-mam.com\/ro\/\"},{\"@type\":\"ListItem\",\"position\":2,\"name\":\"Articole\",\"item\":\"https:\/\/multi-mam.com\/ro\/articole\/\"},{\"@type\":\"ListItem\",\"position\":3,\"name\":\"Anatomia s\u00e2nului feminin \u00een timpul al\u0103pt\u0103rii\ufffc\"}]},{\"@type\":\"WebSite\",\"@id\":\"https:\/\/multi-mam.com\/ro\/#website\",\"url\":\"https:\/\/multi-mam.com\/ro\/\",\"name\":\"Multi-Mam\",\"description\":\"\",\"publisher\":{\"@id\":\"https:\/\/multi-mam.com\/ro\/#organization\"},\"potentialAction\":[{\"@type\":\"SearchAction\",\"target\":{\"@type\":\"EntryPoint\",\"urlTemplate\":\"https:\/\/multi-mam.com\/ro\/?s={search_term_string}\"},\"query-input\":{\"@type\":\"PropertyValueSpecification\",\"valueRequired\":true,\"valueName\":\"search_term_string\"}}],\"inLanguage\":\"ro-RO\"},{\"@type\":\"Organization\",\"@id\":\"https:\/\/multi-mam.com\/ro\/#organization\",\"name\":\"Multi-Mam\",\"url\":\"https:\/\/multi-mam.com\/ro\/\",\"logo\":{\"@type\":\"ImageObject\",\"inLanguage\":\"ro-RO\",\"@id\":\"https:\/\/multi-mam.com\/ro\/#\/schema\/logo\/image\/\",\"url\":\"https:\/\/multi-mam.com\/app\/uploads\/sites\/19\/2022\/11\/multi-mam-logotype.png\",\"contentUrl\":\"https:\/\/multi-mam.com\/app\/uploads\/sites\/19\/2022\/11\/multi-mam-logotype.png\",\"width\":70,\"height\":96,\"caption\":\"Multi-Mam\"},\"image\":{\"@id\":\"https:\/\/multi-mam.com\/ro\/#\/schema\/logo\/image\/\"}}]}<\/script>\n<!-- \/ Yoast SEO plugin. -->","yoast_head_json":{"title":"Anatomia s\u00e2nului feminin \u00een timpul al\u0103pt\u0103rii\ufffc - Multi-Mam","description":"Frumuse\u021bea s\u00e2nului feminin este c\u0103 dimensiunea \u0219i forma acestuia nu au nici o leg\u0103tur\u0103 cu capacitatea dumneavoastr\u0103 de a v\u0103 hr\u0103ni copilul.","robots":{"index":"index","follow":"follow","max-snippet":"max-snippet:-1","max-image-preview":"max-image-preview:large","max-video-preview":"max-video-preview:-1"},"canonical":"https:\/\/multi-mam.com\/ro\/articole\/anatomia-sanului-feminin-in-timpul-alaptarii\ufffc\/","og_locale":"ro_RO","og_type":"article","og_title":"Anatomia s\u00e2nului feminin \u00een timpul al\u0103pt\u0103rii\ufffc - Multi-Mam","og_description":"Frumuse\u021bea s\u00e2nului feminin este c\u0103 dimensiunea \u0219i forma acestuia nu au nici o leg\u0103tur\u0103 cu capacitatea dumneavoastr\u0103 de a v\u0103 hr\u0103ni copilul.","og_url":"https:\/\/multi-mam.com\/ro\/articole\/anatomia-sanului-feminin-in-timpul-alaptarii\ufffc\/","og_site_name":"Multi-Mam","article_modified_time":"2023-06-26T12:33:32+00:00","twitter_card":"summary_large_image","twitter_misc":{"Timp estimat pentru citire":"3 minute"},"schema":{"@context":"https:\/\/schema.org","@graph":[{"@type":"WebPage","@id":"https:\/\/multi-mam.com\/ro\/articole\/anatomia-sanului-feminin-in-timpul-alaptarii%ef%bf%bc\/","url":"https:\/\/multi-mam.com\/ro\/articole\/anatomia-sanului-feminin-in-timpul-alaptarii%ef%bf%bc\/","name":"Anatomia s\u00e2nului feminin \u00een timpul al\u0103pt\u0103rii\ufffc - Multi-Mam","isPartOf":{"@id":"https:\/\/multi-mam.com\/ro\/#website"},"datePublished":"2022-12-02T16:11:54+00:00","dateModified":"2023-06-26T12:33:32+00:00","description":"Frumuse\u021bea s\u00e2nului feminin este c\u0103 dimensiunea \u0219i forma acestuia nu au nici o leg\u0103tur\u0103 cu capacitatea dumneavoastr\u0103 de a v\u0103 hr\u0103ni copilul.","breadcrumb":{"@id":"https:\/\/multi-mam.com\/ro\/articole\/anatomia-sanului-feminin-in-timpul-alaptarii%ef%bf%bc\/#breadcrumb"},"inLanguage":"ro-RO","potentialAction":[{"@type":"ReadAction","target":["https:\/\/multi-mam.com\/ro\/articole\/anatomia-sanului-feminin-in-timpul-alaptarii%ef%bf%bc\/"]}]},{"@type":"BreadcrumbList","@id":"https:\/\/multi-mam.com\/ro\/articole\/anatomia-sanului-feminin-in-timpul-alaptarii%ef%bf%bc\/#breadcrumb","itemListElement":[{"@type":"ListItem","position":1,"name":"Home","item":"https:\/\/multi-mam.com\/ro\/"},{"@type":"ListItem","position":2,"name":"Articole","item":"https:\/\/multi-mam.com\/ro\/articole\/"},{"@type":"ListItem","position":3,"name":"Anatomia s\u00e2nului feminin \u00een timpul al\u0103pt\u0103rii\ufffc"}]},{"@type":"WebSite","@id":"https:\/\/multi-mam.com\/ro\/#website","url":"https:\/\/multi-mam.com\/ro\/","name":"Multi-Mam","description":"","publisher":{"@id":"https:\/\/multi-mam.com\/ro\/#organization"},"potentialAction":[{"@type":"SearchAction","target":{"@type":"EntryPoint","urlTemplate":"https:\/\/multi-mam.com\/ro\/?s={search_term_string}"},"query-input":{"@type":"PropertyValueSpecification","valueRequired":true,"valueName":"search_term_string"}}],"inLanguage":"ro-RO"},{"@type":"Organization","@id":"https:\/\/multi-mam.com\/ro\/#organization","name":"Multi-Mam","url":"https:\/\/multi-mam.com\/ro\/","logo":{"@type":"ImageObject","inLanguage":"ro-RO","@id":"https:\/\/multi-mam.com\/ro\/#\/schema\/logo\/image\/","url":"https:\/\/multi-mam.com\/app\/uploads\/sites\/19\/2022\/11\/multi-mam-logotype.png","contentUrl":"https:\/\/multi-mam.com\/app\/uploads\/sites\/19\/2022\/11\/multi-mam-logotype.png","width":70,"height":96,"caption":"Multi-Mam"},"image":{"@id":"https:\/\/multi-mam.com\/ro\/#\/schema\/logo\/image\/"}}]}},"_links":{"self":[{"href":"https:\/\/multi-mam.com\/ro\/wp-json\/wp\/v2\/pages\/260","targetHints":{"allow":["GET"]}}],"collection":[{"href":"https:\/\/multi-mam.com\/ro\/wp-json\/wp\/v2\/pages"}],"about":[{"href":"https:\/\/multi-mam.com\/ro\/wp-json\/wp\/v2\/types\/page"}],"author":[{"embeddable":true,"href":"https:\/\/multi-mam.com\/ro\/wp-json\/wp\/v2\/users\/2"}],"replies":[{"embeddable":true,"href":"https:\/\/multi-mam.com\/ro\/wp-json\/wp\/v2\/comments?post=260"}],"version-history":[{"count":3,"href":"https:\/\/multi-mam.com\/ro\/wp-json\/wp\/v2\/pages\/260\/revisions"}],"predecessor-version":[{"id":404,"href":"https:\/\/multi-mam.com\/ro\/wp-json\/wp\/v2\/pages\/260\/revisions\/404"}],"up":[{"embeddable":true,"href":"https:\/\/multi-mam.com\/ro\/wp-json\/wp\/v2\/pages\/158"}],"wp:attachment":[{"href":"https:\/\/multi-mam.com\/ro\/wp-json\/wp\/v2\/media?parent=260"}],"wp:term":[{"taxonomy":"from-article-database","embeddable":true,"href":"https:\/\/multi-mam.com\/ro\/wp-json\/wp\/v2\/from-article-database?post=260"}],"curies":[{"name":"wp","href":"https:\/\/api.w.org\/{rel}","templated":true}]}}