{"id":234,"date":"2022-12-02T16:18:31","date_gmt":"2022-12-02T15:18:31","guid":{"rendered":"https:\/\/multi-mam.com\/ro\/?page_id=234"},"modified":"2023-06-26T14:38:14","modified_gmt":"2023-06-26T12:38:14","slug":"probleme-de-alaptare","status":"publish","type":"page","link":"https:\/\/multi-mam.com\/ro\/articole\/probleme-de-alaptare\/","title":{"rendered":"Compozi\u021bia laptelui matern\ufffc"},"content":{"rendered":"\n<div class=\"wp-block-karopharma-free-text pt-large pb-large bg-center bg-cover bg-no-repeat\" style=\"background-image:url(https:\/\/multi-mam.com\/cdn-cgi\/image\/format=auto\/app\/uploads\/sites\/19\/2022\/12\/SaraW-with-1-month-baby-106small-1400x934-1.jpg)\"><div class=\"free-text-wrapper container max-w-medium text-left\">\n<div style=\"height:100px\" aria-hidden=\"true\" class=\"wp-block-spacer is-style-responsive-medium\"><\/div>\n\n\n\n<h1 class=\"has-text-align-center has-white-color has-text-color wp-block-heading\">Compozi\u021bia laptelui matern<\/h1>\n\n\n\n<div style=\"height:100px\" aria-hidden=\"true\" class=\"wp-block-spacer is-style-responsive-medium\"><\/div>\n<\/div><\/div>\n\n\n\n<div class=\"wp-block-karopharma-free-text pt-large pb-large bg-center bg-cover bg-no-repeat\" style=\"background-image:url()\"><div class=\"free-text-wrapper container max-w-medium text-left\">\n<p class=\"is-style-paragraph-preamble\">Este posibil s\u0103 fi auzit zicala \u201es\u00e2nul este cel mai bun\u201d \u0219i exist\u0103 motive \u00eentemeiate. Laptele matern este un regim alimentar pentru bebelu\u0219i, fiind plin de substan\u021be nutritive benefice, precum \u0219i anticorpi care ajut\u0103 la protejarea bebelu\u0219ului de infec\u021bii \u0219i inflama\u021bii. Compozi\u021bia laptelui matern este at\u00e2t de ingenioas\u0103 \u00eenc\u00e2t pur \u0219i simplu nu poate fi reprodus\u0103 \u00eentr-o formul\u0103.<\/p>\n<\/div><\/div>\n\n\n\n<div class=\"wp-block-karopharma-free-text pt-large pb-large bg-center bg-cover bg-no-repeat  is-style-primary\" style=\"background-image:url()\"><div class=\"free-text-wrapper container max-w-medium text-left\">\n<p class=\"is-style-paragraph-preamble\">Con\u021binutul laptelui matern se schimb\u0103 \u00een timp pentru a se adapta nevoilor nutri\u021bionale ale bebelu\u0219ului, de la colostrul dens pe care corpul t\u0103u \u00eel produce la na\u0219tere p\u00e2n\u0103 la laptele matur care vine dup\u0103 c\u00e2teva zile.<\/p>\n<\/div><\/div>\n\n\n\n<div class=\"wp-block-karopharma-free-text pt-large pb-large bg-center bg-cover bg-no-repeat\" style=\"background-image:url()\"><div class=\"free-text-wrapper container max-w-medium text-left\">\n<p>Laptele dumneavoastr\u0103 se modific\u0103 chiar \u0219i \u00eentre al\u0103pt\u0103ri \u0219i \u00een diferite momente ale zilei. Compozi\u021bia laptelui matern este, de asemenea, unic\u0103 pentru fiecare mam\u0103. Asta \u00eenseamn\u0103 c\u0103 nu exist\u0103 dou\u0103 femei care s\u0103 aib\u0103 exact acela\u0219i con\u021binut de lapte matern.<\/p>\n\n\n\n<h2 class=\"is-style-heading-h2 wp-block-heading\">Con\u021binutul laptelui matern<\/h2>\n\n\n\n<p>Frumuse\u021bea laptelui matern este c\u0103 reprezint\u0103 un aliment complet pentru bebelu\u0219ul dumneavoastr\u0103. Con\u021bine tot ce are nevoie bebelu\u0219ul pentru a cre\u0219te \u0219i a prospera \u00een primele c\u00e2teva luni de via\u021b\u0103, p\u00e2n\u0103 la jum\u0103tate din substan\u021bele nutritive pentru a doua jum\u0103tate a primului an \u0219i o treime din substan\u021bele nutritive necesare \u00een al doilea an. Laptele matur con\u021bine 3-5% gr\u0103simi, pu\u021bin sub 1% proteine \u0219i aproximativ 7% carbohidra\u021bi. Pe l\u00e2ng\u0103 ace\u0219ti macro nutrien\u021bi, laptele matern este plin de enzime esen\u021biale, anticorpi, antioxidan\u021bi \u0219i micronutrien\u021bi precum calciu, fier, cupru \u0219i zinc.<\/p>\n\n\n\n<h2 class=\"is-style-heading-h2 wp-block-heading\">Ce este colostrul?<\/h2>\n\n\n\n<p>Colostrul este lichidul gros \u0219i galben pe care corpul t\u0103u \u00eel produce \u00een primele c\u00e2teva zile dup\u0103 na\u0219terea bebelu\u0219ului, p\u00e2n\u0103 c\u00e2nd apare laptele matern. Colostrul are o concentra\u021bie ridicat\u0103 de substan\u021be nutritive \u0219i este deosebit de bogat \u00een anticorpi care ajut\u0103 la construirea sistemului imunitar imatur al bebelu\u0219ului de la na\u0219tere. De fapt, anticorpii din colostru sunt at\u00e2t de puternici \u00eenc\u00e2t acest lichid a fost folosit pentru a combate infec\u021biile bacteriene \u00eenainte de inven\u021bia penicilinei!<\/p>\n\n\n\n<h2 class=\"is-style-heading-h2 wp-block-heading\">Beneficiile laptelui matern<\/h2>\n\n\n\n<p>Al\u0103ptarea poate fi pu\u021bin dificil\u0103 la \u00eenceput, dar este cea mai recomandat\u0103 metod\u0103 de a v\u0103 hr\u0103ni bebelu\u0219ul. Nu numai c\u0103 laptele uman este alimentul ideal pentru bebelu\u0219i, dar multe dintre beneficiile laptelui matern sunt de lung\u0103 durat\u0103.<\/p>\n\n\n\n<p>Bebelu\u0219ii care sunt al\u0103pta\u021bi au urm\u0103toarele avantaje:<\/p>\n\n\n\n<ul class=\"is-style-default wp-block-list\"><li>Sistem imun mai puternic<\/li><li>Mai pu\u021bine probleme cu tractul intestinal, cum ar fi constipa\u021bia \u0219i diareea<\/li><li>Mai pu\u021bine infec\u021bii ale urechii<\/li><li>Rat\u0103 mai mic\u0103 de sindrom de deces subit al sugarului<\/li><li>Vedere mai bun\u0103<\/li><\/ul>\n\n\n\n<p>\u00cen plus, copiii care au fost al\u0103pta\u021bi ca bebelu\u0219i au:<\/p>\n\n\n\n<ul class=\"is-style-default wp-block-list\"><li>Ratele mai mici de astm, eczeme \u0219i alergii<\/li><li>Mai pu\u021bine carii dentare<\/li><li>Risc mai mic de a face diabet<\/li><li>Risc mai mic de a deveni obezi<\/li><li>Mai pu\u021bine cazuri de cancer \u00een copil\u0103rie, cum ar fi leucemia<\/li><\/ul>\n<\/div><\/div>\n","protected":false},"excerpt":{"rendered":"","protected":false},"author":2,"featured_media":0,"parent":158,"menu_order":0,"comment_status":"closed","ping_status":"closed","template":"","meta":{"_acf_changed":false,"footnotes":""},"from-article-database":[],"class_list":["post-234","page","type-page","status-publish","hentry"],"acf":[],"yoast_head":"<!-- This site is optimized with the Yoast SEO plugin v26.6 - https:\/\/yoast.com\/wordpress\/plugins\/seo\/ -->\n<title>Compozi\u021bia laptelui matern\ufffc - Multi-Mam<\/title>\n<meta name=\"description\" content=\"Poate dura ceva timp at\u00e2t pentru dumneavoastr\u0103, c\u00e2t \u0219i pentru bebelu\u0219, pentru a v\u0103 deprinde cu al\u0103ptarea, a\u0219a c\u0103 nu v\u0103 mira\u021bi dac\u0103 ave\u021bi c\u00e2teva dificult\u0103\u021bi la \u00eenceput.\" \/>\n<meta name=\"robots\" content=\"index, follow, max-snippet:-1, max-image-preview:large, max-video-preview:-1\" \/>\n<link rel=\"canonical\" href=\"https:\/\/multi-mam.com\/ro\/articole\/probleme-de-alaptare\/\" \/>\n<meta property=\"og:locale\" content=\"ro_RO\" \/>\n<meta property=\"og:type\" content=\"article\" \/>\n<meta property=\"og:title\" content=\"Compozi\u021bia laptelui matern\ufffc - Multi-Mam\" \/>\n<meta property=\"og:description\" content=\"Poate dura ceva timp at\u00e2t pentru dumneavoastr\u0103, c\u00e2t \u0219i pentru bebelu\u0219, pentru a v\u0103 deprinde cu al\u0103ptarea, a\u0219a c\u0103 nu v\u0103 mira\u021bi dac\u0103 ave\u021bi c\u00e2teva dificult\u0103\u021bi la \u00eenceput.\" \/>\n<meta property=\"og:url\" content=\"https:\/\/multi-mam.com\/ro\/articole\/probleme-de-alaptare\/\" \/>\n<meta property=\"og:site_name\" content=\"Multi-Mam\" \/>\n<meta property=\"article:modified_time\" content=\"2023-06-26T12:38:14+00:00\" \/>\n<meta name=\"twitter:card\" content=\"summary_large_image\" \/>\n<meta name=\"twitter:label1\" content=\"Timp estimat pentru citire\" \/>\n\t<meta name=\"twitter:data1\" content=\"3 minute\" \/>\n<script type=\"application\/ld+json\" class=\"yoast-schema-graph\">{\"@context\":\"https:\/\/schema.org\",\"@graph\":[{\"@type\":\"WebPage\",\"@id\":\"https:\/\/multi-mam.com\/ro\/articole\/probleme-de-alaptare\/\",\"url\":\"https:\/\/multi-mam.com\/ro\/articole\/probleme-de-alaptare\/\",\"name\":\"Compozi\u021bia laptelui matern\ufffc - Multi-Mam\",\"isPartOf\":{\"@id\":\"https:\/\/multi-mam.com\/ro\/#website\"},\"datePublished\":\"2022-12-02T15:18:31+00:00\",\"dateModified\":\"2023-06-26T12:38:14+00:00\",\"description\":\"Poate dura ceva timp at\u00e2t pentru dumneavoastr\u0103, c\u00e2t \u0219i pentru bebelu\u0219, pentru a v\u0103 deprinde cu al\u0103ptarea, a\u0219a c\u0103 nu v\u0103 mira\u021bi dac\u0103 ave\u021bi c\u00e2teva dificult\u0103\u021bi la \u00eenceput.\",\"breadcrumb\":{\"@id\":\"https:\/\/multi-mam.com\/ro\/articole\/probleme-de-alaptare\/#breadcrumb\"},\"inLanguage\":\"ro-RO\",\"potentialAction\":[{\"@type\":\"ReadAction\",\"target\":[\"https:\/\/multi-mam.com\/ro\/articole\/probleme-de-alaptare\/\"]}]},{\"@type\":\"BreadcrumbList\",\"@id\":\"https:\/\/multi-mam.com\/ro\/articole\/probleme-de-alaptare\/#breadcrumb\",\"itemListElement\":[{\"@type\":\"ListItem\",\"position\":1,\"name\":\"Home\",\"item\":\"https:\/\/multi-mam.com\/ro\/\"},{\"@type\":\"ListItem\",\"position\":2,\"name\":\"Articole\",\"item\":\"https:\/\/multi-mam.com\/ro\/articole\/\"},{\"@type\":\"ListItem\",\"position\":3,\"name\":\"Compozi\u021bia laptelui matern\ufffc\"}]},{\"@type\":\"WebSite\",\"@id\":\"https:\/\/multi-mam.com\/ro\/#website\",\"url\":\"https:\/\/multi-mam.com\/ro\/\",\"name\":\"Multi-Mam\",\"description\":\"\",\"publisher\":{\"@id\":\"https:\/\/multi-mam.com\/ro\/#organization\"},\"potentialAction\":[{\"@type\":\"SearchAction\",\"target\":{\"@type\":\"EntryPoint\",\"urlTemplate\":\"https:\/\/multi-mam.com\/ro\/?s={search_term_string}\"},\"query-input\":{\"@type\":\"PropertyValueSpecification\",\"valueRequired\":true,\"valueName\":\"search_term_string\"}}],\"inLanguage\":\"ro-RO\"},{\"@type\":\"Organization\",\"@id\":\"https:\/\/multi-mam.com\/ro\/#organization\",\"name\":\"Multi-Mam\",\"url\":\"https:\/\/multi-mam.com\/ro\/\",\"logo\":{\"@type\":\"ImageObject\",\"inLanguage\":\"ro-RO\",\"@id\":\"https:\/\/multi-mam.com\/ro\/#\/schema\/logo\/image\/\",\"url\":\"https:\/\/multi-mam.com\/app\/uploads\/sites\/19\/2022\/11\/multi-mam-logotype.png\",\"contentUrl\":\"https:\/\/multi-mam.com\/app\/uploads\/sites\/19\/2022\/11\/multi-mam-logotype.png\",\"width\":70,\"height\":96,\"caption\":\"Multi-Mam\"},\"image\":{\"@id\":\"https:\/\/multi-mam.com\/ro\/#\/schema\/logo\/image\/\"}}]}<\/script>\n<!-- \/ Yoast SEO plugin. -->","yoast_head_json":{"title":"Compozi\u021bia laptelui matern\ufffc - Multi-Mam","description":"Poate dura ceva timp at\u00e2t pentru dumneavoastr\u0103, c\u00e2t \u0219i pentru bebelu\u0219, pentru a v\u0103 deprinde cu al\u0103ptarea, a\u0219a c\u0103 nu v\u0103 mira\u021bi dac\u0103 ave\u021bi c\u00e2teva dificult\u0103\u021bi la \u00eenceput.","robots":{"index":"index","follow":"follow","max-snippet":"max-snippet:-1","max-image-preview":"max-image-preview:large","max-video-preview":"max-video-preview:-1"},"canonical":"https:\/\/multi-mam.com\/ro\/articole\/probleme-de-alaptare\/","og_locale":"ro_RO","og_type":"article","og_title":"Compozi\u021bia laptelui matern\ufffc - Multi-Mam","og_description":"Poate dura ceva timp at\u00e2t pentru dumneavoastr\u0103, c\u00e2t \u0219i pentru bebelu\u0219, pentru a v\u0103 deprinde cu al\u0103ptarea, a\u0219a c\u0103 nu v\u0103 mira\u021bi dac\u0103 ave\u021bi c\u00e2teva dificult\u0103\u021bi la \u00eenceput.","og_url":"https:\/\/multi-mam.com\/ro\/articole\/probleme-de-alaptare\/","og_site_name":"Multi-Mam","article_modified_time":"2023-06-26T12:38:14+00:00","twitter_card":"summary_large_image","twitter_misc":{"Timp estimat pentru citire":"3 minute"},"schema":{"@context":"https:\/\/schema.org","@graph":[{"@type":"WebPage","@id":"https:\/\/multi-mam.com\/ro\/articole\/probleme-de-alaptare\/","url":"https:\/\/multi-mam.com\/ro\/articole\/probleme-de-alaptare\/","name":"Compozi\u021bia laptelui matern\ufffc - Multi-Mam","isPartOf":{"@id":"https:\/\/multi-mam.com\/ro\/#website"},"datePublished":"2022-12-02T15:18:31+00:00","dateModified":"2023-06-26T12:38:14+00:00","description":"Poate dura ceva timp at\u00e2t pentru dumneavoastr\u0103, c\u00e2t \u0219i pentru bebelu\u0219, pentru a v\u0103 deprinde cu al\u0103ptarea, a\u0219a c\u0103 nu v\u0103 mira\u021bi dac\u0103 ave\u021bi c\u00e2teva dificult\u0103\u021bi la \u00eenceput.","breadcrumb":{"@id":"https:\/\/multi-mam.com\/ro\/articole\/probleme-de-alaptare\/#breadcrumb"},"inLanguage":"ro-RO","potentialAction":[{"@type":"ReadAction","target":["https:\/\/multi-mam.com\/ro\/articole\/probleme-de-alaptare\/"]}]},{"@type":"BreadcrumbList","@id":"https:\/\/multi-mam.com\/ro\/articole\/probleme-de-alaptare\/#breadcrumb","itemListElement":[{"@type":"ListItem","position":1,"name":"Home","item":"https:\/\/multi-mam.com\/ro\/"},{"@type":"ListItem","position":2,"name":"Articole","item":"https:\/\/multi-mam.com\/ro\/articole\/"},{"@type":"ListItem","position":3,"name":"Compozi\u021bia laptelui matern\ufffc"}]},{"@type":"WebSite","@id":"https:\/\/multi-mam.com\/ro\/#website","url":"https:\/\/multi-mam.com\/ro\/","name":"Multi-Mam","description":"","publisher":{"@id":"https:\/\/multi-mam.com\/ro\/#organization"},"potentialAction":[{"@type":"SearchAction","target":{"@type":"EntryPoint","urlTemplate":"https:\/\/multi-mam.com\/ro\/?s={search_term_string}"},"query-input":{"@type":"PropertyValueSpecification","valueRequired":true,"valueName":"search_term_string"}}],"inLanguage":"ro-RO"},{"@type":"Organization","@id":"https:\/\/multi-mam.com\/ro\/#organization","name":"Multi-Mam","url":"https:\/\/multi-mam.com\/ro\/","logo":{"@type":"ImageObject","inLanguage":"ro-RO","@id":"https:\/\/multi-mam.com\/ro\/#\/schema\/logo\/image\/","url":"https:\/\/multi-mam.com\/app\/uploads\/sites\/19\/2022\/11\/multi-mam-logotype.png","contentUrl":"https:\/\/multi-mam.com\/app\/uploads\/sites\/19\/2022\/11\/multi-mam-logotype.png","width":70,"height":96,"caption":"Multi-Mam"},"image":{"@id":"https:\/\/multi-mam.com\/ro\/#\/schema\/logo\/image\/"}}]}},"_links":{"self":[{"href":"https:\/\/multi-mam.com\/ro\/wp-json\/wp\/v2\/pages\/234","targetHints":{"allow":["GET"]}}],"collection":[{"href":"https:\/\/multi-mam.com\/ro\/wp-json\/wp\/v2\/pages"}],"about":[{"href":"https:\/\/multi-mam.com\/ro\/wp-json\/wp\/v2\/types\/page"}],"author":[{"embeddable":true,"href":"https:\/\/multi-mam.com\/ro\/wp-json\/wp\/v2\/users\/2"}],"replies":[{"embeddable":true,"href":"https:\/\/multi-mam.com\/ro\/wp-json\/wp\/v2\/comments?post=234"}],"version-history":[{"count":5,"href":"https:\/\/multi-mam.com\/ro\/wp-json\/wp\/v2\/pages\/234\/revisions"}],"predecessor-version":[{"id":410,"href":"https:\/\/multi-mam.com\/ro\/wp-json\/wp\/v2\/pages\/234\/revisions\/410"}],"up":[{"embeddable":true,"href":"https:\/\/multi-mam.com\/ro\/wp-json\/wp\/v2\/pages\/158"}],"wp:attachment":[{"href":"https:\/\/multi-mam.com\/ro\/wp-json\/wp\/v2\/media?parent=234"}],"wp:term":[{"taxonomy":"from-article-database","embeddable":true,"href":"https:\/\/multi-mam.com\/ro\/wp-json\/wp\/v2\/from-article-database?post=234"}],"curies":[{"name":"wp","href":"https:\/\/api.w.org\/{rel}","templated":true}]}}