{"id":216,"date":"2022-12-02T14:44:14","date_gmt":"2022-12-02T13:44:14","guid":{"rendered":"https:\/\/multi-mam.com\/ro\/?page_id=216"},"modified":"2023-06-26T14:50:56","modified_gmt":"2023-06-26T12:50:56","slug":"refluxul-bebelusilor","status":"publish","type":"page","link":"https:\/\/multi-mam.com\/ro\/articole\/refluxul-bebelusilor\/","title":{"rendered":"Refluxul bebelu\u0219ilor"},"content":{"rendered":"\n<div class=\"wp-block-karopharma-free-text pt-large pb-large bg-center bg-cover bg-no-repeat\" style=\"background-image:url(https:\/\/multi-mam.com\/cdn-cgi\/image\/format=auto\/app\/uploads\/sites\/19\/2022\/12\/SarahT-with-1-month-baby-131-1400x934-1.jpeg)\"><div class=\"free-text-wrapper container max-w-medium text-left\">\n<div style=\"height:100px\" aria-hidden=\"true\" class=\"wp-block-spacer is-style-responsive-medium\"><\/div>\n\n\n\n<h1 class=\"has-text-align-center has-white-color has-text-color wp-block-heading\">Refluxul bebelu\u0219ilor<\/h1>\n\n\n\n<div style=\"height:100px\" aria-hidden=\"true\" class=\"wp-block-spacer is-style-responsive-medium\"><\/div>\n<\/div><\/div>\n\n\n\n<div class=\"wp-block-karopharma-free-text pt-large pb-large bg-center bg-cover bg-no-repeat\" style=\"background-image:url()\"><div class=\"free-text-wrapper container max-w-medium text-left\">\n<p class=\"is-style-paragraph-preamble\">Dac\u0103 a\u021bi avut vreodat\u0103 reflux acid sau arsuri la stomac, \u0219ti\u021bi c\u00e2t de nepl\u0103cut\u0103 este senza\u021bia din piept \u0219i gustul acru din gur\u0103. Dar \u0219tia\u021bi c\u0103 \u0219i bebelu\u0219ii pot avea reflux?<\/p>\n<\/div><\/div>\n\n\n\n<div class=\"wp-block-karopharma-free-text pt-large pb-large bg-center bg-cover bg-no-repeat  is-style-primary\" style=\"background-image:url()\"><div class=\"free-text-wrapper container max-w-medium text-left\">\n<p class=\"is-style-paragraph-preamble\">Semnele frecvente ale refluxului la sugari sunt c\u0103 bebelu\u0219ul dumneavoastr\u0103 este adesea nelini\u0219tit \u0219i regurgiteaz\u0103 lapte \u00een timpul sau imediat dup\u0103 hr\u0103nire.<\/p>\n<\/div><\/div>\n\n\n\n<div class=\"wp-block-karopharma-free-text pt-large pb-large bg-center bg-cover bg-no-repeat\" style=\"background-image:url()\"><div class=\"free-text-wrapper container max-w-medium text-left\">\n<p>Cel pu\u021bin patru din zece bebelu\u0219i au reflux \u0219i mul\u021bi regurgiteaz\u0103 lapte de mai multe ori pe zi. Prematurii, bebelu\u0219ii cu greutate mic\u0103 la na\u0219tere sau o anumit\u0103 form\u0103 de insuficien\u021b\u0103 muscular\u0103, de exemplu paralizia cerebral\u0103, sunt mai susceptibili de a fi afecta\u021bi de reflux dec\u00e2t al\u021bii. At\u00e2t timp c\u00e2t bebelu\u0219ul este s\u0103n\u0103tos \u0219i cre\u0219te \u00een greutate, refluxul nou-n\u0103scutului nu este o cauz\u0103 de \u00eengrijorare \u0219i, de obicei, dispare singur. \u00centre timp, \u00eencerca\u021bi s\u0103 v\u0103 face\u021bi bebelu\u0219ul c\u00e2t mai confortabil \u00een timpul al\u0103pt\u0103rii \u0219i aminti\u021bi-v\u0103 c\u0103 acest lucru va trece, de obicei p\u00e2n\u0103 c\u00e2nd copilul \u00eempline\u0219te un an.<\/p>\n\n\n\n<h2 class=\"is-style-heading-h2 wp-block-heading\">Cauze \u0219i simptome ale refluxului sugarului<\/h2>\n\n\n\n<p>Refluxul acid la copii se \u00eent\u00e2mpl\u0103 de obicei, deoarece mu\u0219chiul sfincterului care creeaz\u0103 o etan\u0219are str\u00e2ns\u0103 \u00eentre esofag \u0219i stomac la adul\u021bi nu este \u00eenc\u0103 pe deplin dezvoltat. Faptul c\u0103 bebelu\u0219ii consum\u0103 o diet\u0103 complet lichid\u0103 \u0219i \u00ee\u0219i petrec cea mai mare parte a timpului culcat nu ajut\u0103. \u00cen afar\u0103 de regurgitarea laptelui, bebelu\u0219ii cu reflux adesea tu\u0219esc sau sughi\u021b\u0103 \u00een timpul hr\u0103nirii. De asemenea, dup\u0103 hr\u0103nire, pot s\u0103 pl\u00e2ng\u0103 sau s\u0103 eructeze. Dac\u0103 bebelu\u0219ul dumneavoastr\u0103 prezint\u0103 unele simptome de reflux, dar nu regurgiteaz\u0103, este posibil s\u0103 aib\u0103 ceea ce se nume\u0219te reflux t\u0103cut la copil. Asta \u00eenseamn\u0103 doar c\u0103 bebelu\u0219ul t\u0103u \u00eenghite ceea ce revine prin reflux.<\/p>\n\n\n\n<h2 class=\"is-style-heading-h2 wp-block-heading\">Ar trebui tratat refluxul acid la bebelu\u0219i?<\/h2>\n\n\n\n<p>Refluxul nou-n\u0103scutului este, de obicei, doar un semn c\u0103 bebelu\u0219ul t\u0103u a m\u00e2ncat pu\u021bin mai mult dec\u00e2t ar putea m\u00e2nca sau a \u00eenghi\u021bit aer \u00een exces \u00een timpul hr\u0103nirii \u0219i nu este periculos sau tratabil. \u00cen majoritatea cazurilor, simptomele dispar de la sine odat\u0103 ce bebelu\u0219ul \u00eencepe s\u0103 m\u0103n\u00e2nce alimente mai solide, ceea ce este mai u\u0219or de controlat.<\/p>\n\n\n\n<p>Dac\u0103 bebelu\u0219ul dumneavoastr\u0103 are reflux acid \u00een mod repetat, poate fi util s\u0103 face\u021bi unele modific\u0103ri privind modul de hr\u0103nire. \u00cencerca\u021bi aceste sfaturi pentru a atenua refluxul bebelu\u0219ului:<\/p>\n\n\n\n<ul class=\"is-style-default wp-block-list\"><li>Men\u021bine\u021bi timpul de al\u0103ptare mai scurt, dar al\u0103pta\u021bi mai frecvent<\/li><li>Pozi\u021biona\u021bi bebelu\u0219ul cu capul pu\u021bin mai sus \u00een timpul hr\u0103nirii \u0219i evita\u021bi pozi\u021biile de al\u0103ptare care \u00eei fac s\u0103 se \u00eendoaie \u00een talie<\/li><li>Oferi\u021bi-i bebelu\u0219ului pauze pe toat\u0103 durata hr\u0103nirii<\/li><li>Ajuta\u021bi copilul s\u0103 eructeze \u00een mod regulat \u00een timpul hr\u0103nirii<\/li><li>\u021aine\u021bi copilul \u00een pozi\u021bie vertical\u0103 timp de 15-20 de minute dup\u0103 hr\u0103nire<\/li><li>Al\u0103pta\u021bi dintr-un singur s\u00e2n la fiecare hr\u0103nire<\/li><\/ul>\n\n\n\n<p>\u00cen cazuri rare, refluxul bebelu\u0219ului este un semn al unei afec\u021biuni mai grave, cum ar fi boala de reflux gastroesofagian (BRGE). Un semn c\u0103 bebelu\u0219ul dumneavoastr\u0103 are BRGE ar putea fi faptul c\u0103 simptomele de reflux \u00eel fac pe copil s\u0103 se simt\u0103 inconfortabil, s\u0103 dureze mai mult de un an sau s\u0103 \u00eel \u00eempiedice s\u0103 se hr\u0103neasc\u0103. Dac\u0103 sunte\u021bi \u00eengrijorat de faptul c\u0103 bebelu\u0219ul nu se \u00eengra\u0219\u0103 suficient \u0219i b\u0103nui\u021bi c\u0103 ar putea avea BRGE, contacta\u021bi un profesionist din domeniul s\u0103n\u0103t\u0103\u021bii.<\/p>\n<\/div><\/div>\n","protected":false},"excerpt":{"rendered":"","protected":false},"author":2,"featured_media":0,"parent":158,"menu_order":0,"comment_status":"closed","ping_status":"closed","template":"","meta":{"_acf_changed":false,"footnotes":""},"from-article-database":[],"class_list":["post-216","page","type-page","status-publish","hentry"],"acf":[],"yoast_head":"<!-- This site is optimized with the Yoast SEO plugin v26.6 - https:\/\/yoast.com\/wordpress\/plugins\/seo\/ -->\n<title>Refluxul bebelu\u0219ilor - Multi-Mam<\/title>\n<meta name=\"description\" content=\"Dac\u0103 a\u021bi avut vreodat\u0103 reflux acid sau arsuri la stomac, \u0219ti\u021bi c\u00e2t de nepl\u0103cut\u0103 este senza\u021bia din piept \u0219i gustul acru din gur\u0103. Dar \u0219tia\u021bi c\u0103 \u0219i bebelu\u0219ii pot avea reflux?\" \/>\n<meta name=\"robots\" content=\"index, follow, max-snippet:-1, max-image-preview:large, max-video-preview:-1\" \/>\n<link rel=\"canonical\" href=\"https:\/\/multi-mam.com\/ro\/articole\/refluxul-bebelusilor\/\" \/>\n<meta property=\"og:locale\" content=\"ro_RO\" \/>\n<meta property=\"og:type\" content=\"article\" \/>\n<meta property=\"og:title\" content=\"Refluxul bebelu\u0219ilor - Multi-Mam\" \/>\n<meta property=\"og:description\" content=\"Dac\u0103 a\u021bi avut vreodat\u0103 reflux acid sau arsuri la stomac, \u0219ti\u021bi c\u00e2t de nepl\u0103cut\u0103 este senza\u021bia din piept \u0219i gustul acru din gur\u0103. Dar \u0219tia\u021bi c\u0103 \u0219i bebelu\u0219ii pot avea reflux?\" \/>\n<meta property=\"og:url\" content=\"https:\/\/multi-mam.com\/ro\/articole\/refluxul-bebelusilor\/\" \/>\n<meta property=\"og:site_name\" content=\"Multi-Mam\" \/>\n<meta property=\"article:modified_time\" content=\"2023-06-26T12:50:56+00:00\" \/>\n<meta name=\"twitter:card\" content=\"summary_large_image\" \/>\n<meta name=\"twitter:label1\" content=\"Timp estimat pentru citire\" \/>\n\t<meta name=\"twitter:data1\" content=\"3 minute\" \/>\n<script type=\"application\/ld+json\" class=\"yoast-schema-graph\">{\"@context\":\"https:\/\/schema.org\",\"@graph\":[{\"@type\":\"WebPage\",\"@id\":\"https:\/\/multi-mam.com\/ro\/articole\/refluxul-bebelusilor\/\",\"url\":\"https:\/\/multi-mam.com\/ro\/articole\/refluxul-bebelusilor\/\",\"name\":\"Refluxul bebelu\u0219ilor - Multi-Mam\",\"isPartOf\":{\"@id\":\"https:\/\/multi-mam.com\/ro\/#website\"},\"datePublished\":\"2022-12-02T13:44:14+00:00\",\"dateModified\":\"2023-06-26T12:50:56+00:00\",\"description\":\"Dac\u0103 a\u021bi avut vreodat\u0103 reflux acid sau arsuri la stomac, \u0219ti\u021bi c\u00e2t de nepl\u0103cut\u0103 este senza\u021bia din piept \u0219i gustul acru din gur\u0103. Dar \u0219tia\u021bi c\u0103 \u0219i bebelu\u0219ii pot avea reflux?\",\"breadcrumb\":{\"@id\":\"https:\/\/multi-mam.com\/ro\/articole\/refluxul-bebelusilor\/#breadcrumb\"},\"inLanguage\":\"ro-RO\",\"potentialAction\":[{\"@type\":\"ReadAction\",\"target\":[\"https:\/\/multi-mam.com\/ro\/articole\/refluxul-bebelusilor\/\"]}]},{\"@type\":\"BreadcrumbList\",\"@id\":\"https:\/\/multi-mam.com\/ro\/articole\/refluxul-bebelusilor\/#breadcrumb\",\"itemListElement\":[{\"@type\":\"ListItem\",\"position\":1,\"name\":\"Home\",\"item\":\"https:\/\/multi-mam.com\/ro\/\"},{\"@type\":\"ListItem\",\"position\":2,\"name\":\"Articole\",\"item\":\"https:\/\/multi-mam.com\/ro\/articole\/\"},{\"@type\":\"ListItem\",\"position\":3,\"name\":\"Refluxul bebelu\u0219ilor\"}]},{\"@type\":\"WebSite\",\"@id\":\"https:\/\/multi-mam.com\/ro\/#website\",\"url\":\"https:\/\/multi-mam.com\/ro\/\",\"name\":\"Multi-Mam\",\"description\":\"\",\"publisher\":{\"@id\":\"https:\/\/multi-mam.com\/ro\/#organization\"},\"potentialAction\":[{\"@type\":\"SearchAction\",\"target\":{\"@type\":\"EntryPoint\",\"urlTemplate\":\"https:\/\/multi-mam.com\/ro\/?s={search_term_string}\"},\"query-input\":{\"@type\":\"PropertyValueSpecification\",\"valueRequired\":true,\"valueName\":\"search_term_string\"}}],\"inLanguage\":\"ro-RO\"},{\"@type\":\"Organization\",\"@id\":\"https:\/\/multi-mam.com\/ro\/#organization\",\"name\":\"Multi-Mam\",\"url\":\"https:\/\/multi-mam.com\/ro\/\",\"logo\":{\"@type\":\"ImageObject\",\"inLanguage\":\"ro-RO\",\"@id\":\"https:\/\/multi-mam.com\/ro\/#\/schema\/logo\/image\/\",\"url\":\"https:\/\/multi-mam.com\/app\/uploads\/sites\/19\/2022\/11\/multi-mam-logotype.png\",\"contentUrl\":\"https:\/\/multi-mam.com\/app\/uploads\/sites\/19\/2022\/11\/multi-mam-logotype.png\",\"width\":70,\"height\":96,\"caption\":\"Multi-Mam\"},\"image\":{\"@id\":\"https:\/\/multi-mam.com\/ro\/#\/schema\/logo\/image\/\"}}]}<\/script>\n<!-- \/ Yoast SEO plugin. -->","yoast_head_json":{"title":"Refluxul bebelu\u0219ilor - Multi-Mam","description":"Dac\u0103 a\u021bi avut vreodat\u0103 reflux acid sau arsuri la stomac, \u0219ti\u021bi c\u00e2t de nepl\u0103cut\u0103 este senza\u021bia din piept \u0219i gustul acru din gur\u0103. Dar \u0219tia\u021bi c\u0103 \u0219i bebelu\u0219ii pot avea reflux?","robots":{"index":"index","follow":"follow","max-snippet":"max-snippet:-1","max-image-preview":"max-image-preview:large","max-video-preview":"max-video-preview:-1"},"canonical":"https:\/\/multi-mam.com\/ro\/articole\/refluxul-bebelusilor\/","og_locale":"ro_RO","og_type":"article","og_title":"Refluxul bebelu\u0219ilor - Multi-Mam","og_description":"Dac\u0103 a\u021bi avut vreodat\u0103 reflux acid sau arsuri la stomac, \u0219ti\u021bi c\u00e2t de nepl\u0103cut\u0103 este senza\u021bia din piept \u0219i gustul acru din gur\u0103. Dar \u0219tia\u021bi c\u0103 \u0219i bebelu\u0219ii pot avea reflux?","og_url":"https:\/\/multi-mam.com\/ro\/articole\/refluxul-bebelusilor\/","og_site_name":"Multi-Mam","article_modified_time":"2023-06-26T12:50:56+00:00","twitter_card":"summary_large_image","twitter_misc":{"Timp estimat pentru citire":"3 minute"},"schema":{"@context":"https:\/\/schema.org","@graph":[{"@type":"WebPage","@id":"https:\/\/multi-mam.com\/ro\/articole\/refluxul-bebelusilor\/","url":"https:\/\/multi-mam.com\/ro\/articole\/refluxul-bebelusilor\/","name":"Refluxul bebelu\u0219ilor - Multi-Mam","isPartOf":{"@id":"https:\/\/multi-mam.com\/ro\/#website"},"datePublished":"2022-12-02T13:44:14+00:00","dateModified":"2023-06-26T12:50:56+00:00","description":"Dac\u0103 a\u021bi avut vreodat\u0103 reflux acid sau arsuri la stomac, \u0219ti\u021bi c\u00e2t de nepl\u0103cut\u0103 este senza\u021bia din piept \u0219i gustul acru din gur\u0103. Dar \u0219tia\u021bi c\u0103 \u0219i bebelu\u0219ii pot avea reflux?","breadcrumb":{"@id":"https:\/\/multi-mam.com\/ro\/articole\/refluxul-bebelusilor\/#breadcrumb"},"inLanguage":"ro-RO","potentialAction":[{"@type":"ReadAction","target":["https:\/\/multi-mam.com\/ro\/articole\/refluxul-bebelusilor\/"]}]},{"@type":"BreadcrumbList","@id":"https:\/\/multi-mam.com\/ro\/articole\/refluxul-bebelusilor\/#breadcrumb","itemListElement":[{"@type":"ListItem","position":1,"name":"Home","item":"https:\/\/multi-mam.com\/ro\/"},{"@type":"ListItem","position":2,"name":"Articole","item":"https:\/\/multi-mam.com\/ro\/articole\/"},{"@type":"ListItem","position":3,"name":"Refluxul bebelu\u0219ilor"}]},{"@type":"WebSite","@id":"https:\/\/multi-mam.com\/ro\/#website","url":"https:\/\/multi-mam.com\/ro\/","name":"Multi-Mam","description":"","publisher":{"@id":"https:\/\/multi-mam.com\/ro\/#organization"},"potentialAction":[{"@type":"SearchAction","target":{"@type":"EntryPoint","urlTemplate":"https:\/\/multi-mam.com\/ro\/?s={search_term_string}"},"query-input":{"@type":"PropertyValueSpecification","valueRequired":true,"valueName":"search_term_string"}}],"inLanguage":"ro-RO"},{"@type":"Organization","@id":"https:\/\/multi-mam.com\/ro\/#organization","name":"Multi-Mam","url":"https:\/\/multi-mam.com\/ro\/","logo":{"@type":"ImageObject","inLanguage":"ro-RO","@id":"https:\/\/multi-mam.com\/ro\/#\/schema\/logo\/image\/","url":"https:\/\/multi-mam.com\/app\/uploads\/sites\/19\/2022\/11\/multi-mam-logotype.png","contentUrl":"https:\/\/multi-mam.com\/app\/uploads\/sites\/19\/2022\/11\/multi-mam-logotype.png","width":70,"height":96,"caption":"Multi-Mam"},"image":{"@id":"https:\/\/multi-mam.com\/ro\/#\/schema\/logo\/image\/"}}]}},"_links":{"self":[{"href":"https:\/\/multi-mam.com\/ro\/wp-json\/wp\/v2\/pages\/216","targetHints":{"allow":["GET"]}}],"collection":[{"href":"https:\/\/multi-mam.com\/ro\/wp-json\/wp\/v2\/pages"}],"about":[{"href":"https:\/\/multi-mam.com\/ro\/wp-json\/wp\/v2\/types\/page"}],"author":[{"embeddable":true,"href":"https:\/\/multi-mam.com\/ro\/wp-json\/wp\/v2\/users\/2"}],"replies":[{"embeddable":true,"href":"https:\/\/multi-mam.com\/ro\/wp-json\/wp\/v2\/comments?post=216"}],"version-history":[{"count":2,"href":"https:\/\/multi-mam.com\/ro\/wp-json\/wp\/v2\/pages\/216\/revisions"}],"predecessor-version":[{"id":418,"href":"https:\/\/multi-mam.com\/ro\/wp-json\/wp\/v2\/pages\/216\/revisions\/418"}],"up":[{"embeddable":true,"href":"https:\/\/multi-mam.com\/ro\/wp-json\/wp\/v2\/pages\/158"}],"wp:attachment":[{"href":"https:\/\/multi-mam.com\/ro\/wp-json\/wp\/v2\/media?parent=216"}],"wp:term":[{"taxonomy":"from-article-database","embeddable":true,"href":"https:\/\/multi-mam.com\/ro\/wp-json\/wp\/v2\/from-article-database?post=216"}],"curies":[{"name":"wp","href":"https:\/\/api.w.org\/{rel}","templated":true}]}}