{"id":202,"date":"2022-12-02T14:39:13","date_gmt":"2022-12-02T13:39:13","guid":{"rendered":"https:\/\/multi-mam.com\/ro\/?page_id=202"},"modified":"2023-06-26T14:34:42","modified_gmt":"2023-06-26T12:34:42","slug":"bebelusul-care-refuza-sa-fie-alaptat","status":"publish","type":"page","link":"https:\/\/multi-mam.com\/ro\/articole\/bebelusul-care-refuza-sa-fie-alaptat\/","title":{"rendered":"Bebelu\u0219ul care refuz\u0103 s\u0103 fie al\u0103ptat"},"content":{"rendered":"\n<div class=\"wp-block-karopharma-free-text pt-large pb-large bg-center bg-cover bg-no-repeat\" style=\"background-image:url(https:\/\/multi-mam.com\/cdn-cgi\/image\/format=auto\/app\/uploads\/sites\/19\/2022\/12\/SaraW-with-1-month-baby-192-1400x934-1.jpeg)\"><div class=\"free-text-wrapper container max-w-medium text-left\">\n<div style=\"height:100px\" aria-hidden=\"true\" class=\"wp-block-spacer is-style-responsive-medium\"><\/div>\n\n\n\n<h1 class=\"has-text-align-center has-white-color has-text-color wp-block-heading\">Bebelu\u0219ul care refuz\u0103 s\u0103 fie al\u0103ptat<\/h1>\n\n\n\n<div style=\"height:100px\" aria-hidden=\"true\" class=\"wp-block-spacer is-style-responsive-medium\"><\/div>\n<\/div><\/div>\n\n\n\n<div class=\"wp-block-karopharma-free-text pt-medium pb-medium bg-center bg-cover bg-no-repeat\" style=\"background-image:url()\"><div class=\"free-text-wrapper container max-w-medium text-left\">\n<p>Imagina\u021bi-v\u0103 c\u0103 bebelu\u0219ul dumneavoastr\u0103 este al\u0103ptat de c\u00e2teva luni \u0219i apoi, aparent din senin, \u00eencepe s\u0103 refuze s\u00e2nul. Sau poate ave\u021bi un nou-n\u0103scut care, pentru \u00eenceput, nu se ata\u0219eaz\u0103 corect la s\u00e2n.<\/p>\n\n\n\n<p>Acest lucru se \u00eent\u00e2mpl\u0103 mai des dec\u00e2t a\u021bi putea crede \u0219i, evident, poate provoca mult\u0103 suferin\u021b\u0103 pentru mam\u0103. Aminti\u021bi-v\u0103 doar c\u0103, \u00een timp ce un bebelu\u0219 care refuz\u0103 s\u0103 fie al\u0103ptat ar putea fi o modalitate prin care s\u0103 v\u0103 spun\u0103 c\u0103 ceva nu este \u00een regul\u0103, aceste episoade nu sunt neap\u0103rat un simptom al unei probleme grave. Nici nu trebuie s\u0103 fie un semn c\u0103 bebelu\u0219ul dumneavoastr\u0103 este gata s\u0103 fie \u00een\u021b\u0103rcat. Cel mai probabil, bebelu\u0219ul dumneavoastr\u0103 trece printr-o faz\u0103 temporar\u0103 care s-ar putea termina la fel de brusc pe c\u00e2t a \u00eenceput.<\/p>\n\n\n\n<h2 class=\"is-style-heading-h2 wp-block-heading\">De ce refuz\u0103 bebelu\u0219ii s\u0103 fie al\u0103pta\u021bi la s\u00e2n?<\/h2>\n\n\n\n<p>Bebelu\u0219ii au episoade de a\u0219a-numitele \u201egreve ale suptului\u201d din mai multe motive \u0219i este posibil s\u0103 nu afla\u021bi niciodat\u0103 exact de ce. Unele motive pentru care bebelu\u0219ul refuz\u0103 s\u0103 fie hr\u0103nit la s\u00e2n imediat dup\u0103 na\u0219tere ar putea fi faptul c\u0103 a fost separat de dumneavoastr\u0103 pentru o perioad\u0103 de timp, sau este afectat de medicamente care au fost utilizate \u00een timpul travaliului, sau nu se simte bine din cauza unei na\u0219teri dificile. Dac\u0103 un bebelu\u0219 mai \u00een v\u00e2rst\u0103 refuz\u0103 s\u00e2nul dup\u0103 ce a fost al\u0103ptat o perioad\u0103, ar putea fi din cauz\u0103 c\u0103:<\/p>\n\n\n\n<ul class=\"is-style-default wp-block-list\"><li>Are dureri cauzate de din\u021bi, afte, inflama\u021bii sau infec\u021bii ale urechii<\/li><li>Prezint\u0103 reac\u021bii la vaccinare<\/li><li>Este afectat de o r\u0103ceal\u0103 sau alt\u0103 boal\u0103 care face respira\u021bia dificil\u0103 \u00een timpul al\u0103pt\u0103rii<\/li><li>Este distras sau prea obosit<\/li><li>A \u00eenceput diversificarea<\/li><li>Reac\u021bioneaz\u0103 la arome \u0219i mirosuri neobi\u0219nuite din lapte sau de pe corpul dumneavoastr\u0103<\/li><li>Are dificult\u0103\u021bi \u00een a face fa\u021b\u0103 unui flux abundent de lapte<\/li><li>Poate avea un reflux gastroesofagian<\/li><\/ul>\n<\/div><\/div>\n\n\n\n<div class=\"wp-block-karopharma-free-text pt-large pb-large bg-center bg-cover bg-no-repeat  is-style-primary\" style=\"background-image:url()\"><div class=\"free-text-wrapper container max-w-medium text-left\">\n<p class=\"is-style-paragraph-preamble\">Oricare ar fi motivul pentru care bebelu\u0219ul t\u0103u refuz\u0103 s\u00e2nul, \u00eencearc\u0103 s\u0103 nu o iei personal. Nu este vina ta, iar sup\u0103rarea nu te va ajuta.<\/p>\n<\/div><\/div>\n\n\n\n<div class=\"wp-block-karopharma-free-text pt-small pb-medium bg-center bg-cover bg-no-repeat\" style=\"background-image:url()\"><div class=\"free-text-wrapper container max-w-medium text-left\">\n<h2 class=\"wp-block-heading\"><br>Ce s\u0103 faci dac\u0103 bebelu\u0219ul nu bea lapte<\/h2>\n\n\n\n<p>Chiar dac\u0103 bebelu\u0219ul dumneavoastr\u0103 refuz\u0103 s\u0103 fie al\u0103ptat, este recomandat s\u0103 folosi\u021bi o pomp\u0103 de s\u00e2n pentru a men\u021bine secre\u021bia de lapte \u0219i pentru a preveni angorjarea s\u00e2nilor. Pute\u021bi hr\u0103ni \u00een continuare bebelu\u0219ul cu un biberon. \u00cencerca\u021bi s\u0103 nu v\u0103 stresa\u021bi cu privire la aceast\u0103 situa\u021bie \u0219i lua\u021bi \u00een considera\u021bie urm\u0103toarele sugestii:<\/p>\n\n\n\n<ul class=\"is-style-default wp-block-list\"><li>Ave\u021bi r\u0103bdare \u0219i face\u021bi ceva complet diferit \u00eenainte de a \u00eencerca din nou, cum ar fi s\u0103 ie\u0219i\u021bi afar\u0103<\/li><li>\u00cencerca\u021bi o pozi\u021bie de hr\u0103nire diferit\u0103, de exemplu, o pozi\u021bie relaxat\u0103 care poate atrage copilul s\u0103 vin\u0103 la s\u00e2n<\/li><li>Limita\u021bi distragerile prin hr\u0103nirea \u00eentr-o camer\u0103 lini\u0219tit\u0103<\/li><li>Face\u021bi o baie \u00eempreun\u0103 sau pur \u0219i oferi\u021bi bebelu\u0219ului mai mult contact piele cu piele<\/li><li>\u00cencerca\u021bi s\u0103 al\u0103pta\u021bi \u00een timp ce v\u0103 plimba\u021bi sau c\u00e2nd copilul dumneavoastr\u0103 este somnoros<\/li><\/ul>\n\n\n\n<p>De regul\u0103, un bebelu\u0219 care m\u0103n\u00e2nc\u0103 suficient trebuie s\u0103 aib\u0103 mi\u0219c\u0103ri intestinale regulate \u0219i s\u0103 foloseasc\u0103 aproximativ cinci \u2013 opt scutece pe parcursul a 24 de ore. Dac\u0103 ave\u021bi dubii, contacta\u021bi un profesionist din domeniul s\u0103n\u0103t\u0103\u021bii pentru sfaturi.<\/p>\n<\/div><\/div>\n","protected":false},"excerpt":{"rendered":"","protected":false},"author":2,"featured_media":0,"parent":158,"menu_order":0,"comment_status":"closed","ping_status":"closed","template":"","meta":{"_acf_changed":false,"footnotes":""},"from-article-database":[],"class_list":["post-202","page","type-page","status-publish","hentry"],"acf":[],"yoast_head":"<!-- This site is optimized with the Yoast SEO plugin v26.6 - https:\/\/yoast.com\/wordpress\/plugins\/seo\/ -->\n<title>Bebelu\u0219ul care refuz\u0103 s\u0103 fie al\u0103ptat - Multi-Mam<\/title>\n<meta name=\"description\" content=\"Imagina\u021bi-v\u0103 c\u0103 bebelu\u0219ul dumneavoastr\u0103 este al\u0103ptat de c\u00e2teva luni \u0219i apoi, aparent din senin, \u00eencepe s\u0103 refuze s\u00e2nul. Sau poate ave\u021bi un nou-n\u0103scut care, pentru \u00eenceput, nu se ata\u0219eaz\u0103 corect la s\u00e2n.\" \/>\n<meta name=\"robots\" content=\"index, follow, max-snippet:-1, max-image-preview:large, max-video-preview:-1\" \/>\n<link rel=\"canonical\" href=\"https:\/\/multi-mam.com\/ro\/articole\/bebelusul-care-refuza-sa-fie-alaptat\/\" \/>\n<meta property=\"og:locale\" content=\"ro_RO\" \/>\n<meta property=\"og:type\" content=\"article\" \/>\n<meta property=\"og:title\" content=\"Bebelu\u0219ul care refuz\u0103 s\u0103 fie al\u0103ptat - Multi-Mam\" \/>\n<meta property=\"og:description\" content=\"Imagina\u021bi-v\u0103 c\u0103 bebelu\u0219ul dumneavoastr\u0103 este al\u0103ptat de c\u00e2teva luni \u0219i apoi, aparent din senin, \u00eencepe s\u0103 refuze s\u00e2nul. Sau poate ave\u021bi un nou-n\u0103scut care, pentru \u00eenceput, nu se ata\u0219eaz\u0103 corect la s\u00e2n.\" \/>\n<meta property=\"og:url\" content=\"https:\/\/multi-mam.com\/ro\/articole\/bebelusul-care-refuza-sa-fie-alaptat\/\" \/>\n<meta property=\"og:site_name\" content=\"Multi-Mam\" \/>\n<meta property=\"article:modified_time\" content=\"2023-06-26T12:34:42+00:00\" \/>\n<meta name=\"twitter:card\" content=\"summary_large_image\" \/>\n<meta name=\"twitter:label1\" content=\"Timp estimat pentru citire\" \/>\n\t<meta name=\"twitter:data1\" content=\"3 minute\" \/>\n<script type=\"application\/ld+json\" class=\"yoast-schema-graph\">{\"@context\":\"https:\/\/schema.org\",\"@graph\":[{\"@type\":\"WebPage\",\"@id\":\"https:\/\/multi-mam.com\/ro\/articole\/bebelusul-care-refuza-sa-fie-alaptat\/\",\"url\":\"https:\/\/multi-mam.com\/ro\/articole\/bebelusul-care-refuza-sa-fie-alaptat\/\",\"name\":\"Bebelu\u0219ul care refuz\u0103 s\u0103 fie al\u0103ptat - Multi-Mam\",\"isPartOf\":{\"@id\":\"https:\/\/multi-mam.com\/ro\/#website\"},\"datePublished\":\"2022-12-02T13:39:13+00:00\",\"dateModified\":\"2023-06-26T12:34:42+00:00\",\"description\":\"Imagina\u021bi-v\u0103 c\u0103 bebelu\u0219ul dumneavoastr\u0103 este al\u0103ptat de c\u00e2teva luni \u0219i apoi, aparent din senin, \u00eencepe s\u0103 refuze s\u00e2nul. Sau poate ave\u021bi un nou-n\u0103scut care, pentru \u00eenceput, nu se ata\u0219eaz\u0103 corect la s\u00e2n.\",\"breadcrumb\":{\"@id\":\"https:\/\/multi-mam.com\/ro\/articole\/bebelusul-care-refuza-sa-fie-alaptat\/#breadcrumb\"},\"inLanguage\":\"ro-RO\",\"potentialAction\":[{\"@type\":\"ReadAction\",\"target\":[\"https:\/\/multi-mam.com\/ro\/articole\/bebelusul-care-refuza-sa-fie-alaptat\/\"]}]},{\"@type\":\"BreadcrumbList\",\"@id\":\"https:\/\/multi-mam.com\/ro\/articole\/bebelusul-care-refuza-sa-fie-alaptat\/#breadcrumb\",\"itemListElement\":[{\"@type\":\"ListItem\",\"position\":1,\"name\":\"Home\",\"item\":\"https:\/\/multi-mam.com\/ro\/\"},{\"@type\":\"ListItem\",\"position\":2,\"name\":\"Articole\",\"item\":\"https:\/\/multi-mam.com\/ro\/articole\/\"},{\"@type\":\"ListItem\",\"position\":3,\"name\":\"Bebelu\u0219ul care refuz\u0103 s\u0103 fie al\u0103ptat\"}]},{\"@type\":\"WebSite\",\"@id\":\"https:\/\/multi-mam.com\/ro\/#website\",\"url\":\"https:\/\/multi-mam.com\/ro\/\",\"name\":\"Multi-Mam\",\"description\":\"\",\"publisher\":{\"@id\":\"https:\/\/multi-mam.com\/ro\/#organization\"},\"potentialAction\":[{\"@type\":\"SearchAction\",\"target\":{\"@type\":\"EntryPoint\",\"urlTemplate\":\"https:\/\/multi-mam.com\/ro\/?s={search_term_string}\"},\"query-input\":{\"@type\":\"PropertyValueSpecification\",\"valueRequired\":true,\"valueName\":\"search_term_string\"}}],\"inLanguage\":\"ro-RO\"},{\"@type\":\"Organization\",\"@id\":\"https:\/\/multi-mam.com\/ro\/#organization\",\"name\":\"Multi-Mam\",\"url\":\"https:\/\/multi-mam.com\/ro\/\",\"logo\":{\"@type\":\"ImageObject\",\"inLanguage\":\"ro-RO\",\"@id\":\"https:\/\/multi-mam.com\/ro\/#\/schema\/logo\/image\/\",\"url\":\"https:\/\/multi-mam.com\/app\/uploads\/sites\/19\/2022\/11\/multi-mam-logotype.png\",\"contentUrl\":\"https:\/\/multi-mam.com\/app\/uploads\/sites\/19\/2022\/11\/multi-mam-logotype.png\",\"width\":70,\"height\":96,\"caption\":\"Multi-Mam\"},\"image\":{\"@id\":\"https:\/\/multi-mam.com\/ro\/#\/schema\/logo\/image\/\"}}]}<\/script>\n<!-- \/ Yoast SEO plugin. -->","yoast_head_json":{"title":"Bebelu\u0219ul care refuz\u0103 s\u0103 fie al\u0103ptat - Multi-Mam","description":"Imagina\u021bi-v\u0103 c\u0103 bebelu\u0219ul dumneavoastr\u0103 este al\u0103ptat de c\u00e2teva luni \u0219i apoi, aparent din senin, \u00eencepe s\u0103 refuze s\u00e2nul. Sau poate ave\u021bi un nou-n\u0103scut care, pentru \u00eenceput, nu se ata\u0219eaz\u0103 corect la s\u00e2n.","robots":{"index":"index","follow":"follow","max-snippet":"max-snippet:-1","max-image-preview":"max-image-preview:large","max-video-preview":"max-video-preview:-1"},"canonical":"https:\/\/multi-mam.com\/ro\/articole\/bebelusul-care-refuza-sa-fie-alaptat\/","og_locale":"ro_RO","og_type":"article","og_title":"Bebelu\u0219ul care refuz\u0103 s\u0103 fie al\u0103ptat - Multi-Mam","og_description":"Imagina\u021bi-v\u0103 c\u0103 bebelu\u0219ul dumneavoastr\u0103 este al\u0103ptat de c\u00e2teva luni \u0219i apoi, aparent din senin, \u00eencepe s\u0103 refuze s\u00e2nul. Sau poate ave\u021bi un nou-n\u0103scut care, pentru \u00eenceput, nu se ata\u0219eaz\u0103 corect la s\u00e2n.","og_url":"https:\/\/multi-mam.com\/ro\/articole\/bebelusul-care-refuza-sa-fie-alaptat\/","og_site_name":"Multi-Mam","article_modified_time":"2023-06-26T12:34:42+00:00","twitter_card":"summary_large_image","twitter_misc":{"Timp estimat pentru citire":"3 minute"},"schema":{"@context":"https:\/\/schema.org","@graph":[{"@type":"WebPage","@id":"https:\/\/multi-mam.com\/ro\/articole\/bebelusul-care-refuza-sa-fie-alaptat\/","url":"https:\/\/multi-mam.com\/ro\/articole\/bebelusul-care-refuza-sa-fie-alaptat\/","name":"Bebelu\u0219ul care refuz\u0103 s\u0103 fie al\u0103ptat - Multi-Mam","isPartOf":{"@id":"https:\/\/multi-mam.com\/ro\/#website"},"datePublished":"2022-12-02T13:39:13+00:00","dateModified":"2023-06-26T12:34:42+00:00","description":"Imagina\u021bi-v\u0103 c\u0103 bebelu\u0219ul dumneavoastr\u0103 este al\u0103ptat de c\u00e2teva luni \u0219i apoi, aparent din senin, \u00eencepe s\u0103 refuze s\u00e2nul. Sau poate ave\u021bi un nou-n\u0103scut care, pentru \u00eenceput, nu se ata\u0219eaz\u0103 corect la s\u00e2n.","breadcrumb":{"@id":"https:\/\/multi-mam.com\/ro\/articole\/bebelusul-care-refuza-sa-fie-alaptat\/#breadcrumb"},"inLanguage":"ro-RO","potentialAction":[{"@type":"ReadAction","target":["https:\/\/multi-mam.com\/ro\/articole\/bebelusul-care-refuza-sa-fie-alaptat\/"]}]},{"@type":"BreadcrumbList","@id":"https:\/\/multi-mam.com\/ro\/articole\/bebelusul-care-refuza-sa-fie-alaptat\/#breadcrumb","itemListElement":[{"@type":"ListItem","position":1,"name":"Home","item":"https:\/\/multi-mam.com\/ro\/"},{"@type":"ListItem","position":2,"name":"Articole","item":"https:\/\/multi-mam.com\/ro\/articole\/"},{"@type":"ListItem","position":3,"name":"Bebelu\u0219ul care refuz\u0103 s\u0103 fie al\u0103ptat"}]},{"@type":"WebSite","@id":"https:\/\/multi-mam.com\/ro\/#website","url":"https:\/\/multi-mam.com\/ro\/","name":"Multi-Mam","description":"","publisher":{"@id":"https:\/\/multi-mam.com\/ro\/#organization"},"potentialAction":[{"@type":"SearchAction","target":{"@type":"EntryPoint","urlTemplate":"https:\/\/multi-mam.com\/ro\/?s={search_term_string}"},"query-input":{"@type":"PropertyValueSpecification","valueRequired":true,"valueName":"search_term_string"}}],"inLanguage":"ro-RO"},{"@type":"Organization","@id":"https:\/\/multi-mam.com\/ro\/#organization","name":"Multi-Mam","url":"https:\/\/multi-mam.com\/ro\/","logo":{"@type":"ImageObject","inLanguage":"ro-RO","@id":"https:\/\/multi-mam.com\/ro\/#\/schema\/logo\/image\/","url":"https:\/\/multi-mam.com\/app\/uploads\/sites\/19\/2022\/11\/multi-mam-logotype.png","contentUrl":"https:\/\/multi-mam.com\/app\/uploads\/sites\/19\/2022\/11\/multi-mam-logotype.png","width":70,"height":96,"caption":"Multi-Mam"},"image":{"@id":"https:\/\/multi-mam.com\/ro\/#\/schema\/logo\/image\/"}}]}},"_links":{"self":[{"href":"https:\/\/multi-mam.com\/ro\/wp-json\/wp\/v2\/pages\/202","targetHints":{"allow":["GET"]}}],"collection":[{"href":"https:\/\/multi-mam.com\/ro\/wp-json\/wp\/v2\/pages"}],"about":[{"href":"https:\/\/multi-mam.com\/ro\/wp-json\/wp\/v2\/types\/page"}],"author":[{"embeddable":true,"href":"https:\/\/multi-mam.com\/ro\/wp-json\/wp\/v2\/users\/2"}],"replies":[{"embeddable":true,"href":"https:\/\/multi-mam.com\/ro\/wp-json\/wp\/v2\/comments?post=202"}],"version-history":[{"count":4,"href":"https:\/\/multi-mam.com\/ro\/wp-json\/wp\/v2\/pages\/202\/revisions"}],"predecessor-version":[{"id":406,"href":"https:\/\/multi-mam.com\/ro\/wp-json\/wp\/v2\/pages\/202\/revisions\/406"}],"up":[{"embeddable":true,"href":"https:\/\/multi-mam.com\/ro\/wp-json\/wp\/v2\/pages\/158"}],"wp:attachment":[{"href":"https:\/\/multi-mam.com\/ro\/wp-json\/wp\/v2\/media?parent=202"}],"wp:term":[{"taxonomy":"from-article-database","embeddable":true,"href":"https:\/\/multi-mam.com\/ro\/wp-json\/wp\/v2\/from-article-database?post=202"}],"curies":[{"name":"wp","href":"https:\/\/api.w.org\/{rel}","templated":true}]}}