{"id":183,"date":"2022-12-02T13:58:49","date_gmt":"2022-12-02T12:58:49","guid":{"rendered":"https:\/\/multi-mam.com\/ro\/?page_id=183"},"modified":"2023-06-26T14:39:08","modified_gmt":"2023-06-26T12:39:08","slug":"cum-sa-alaptati","status":"publish","type":"page","link":"https:\/\/multi-mam.com\/ro\/articole\/cum-sa-alaptati\/","title":{"rendered":"Cum s\u0103 al\u0103pta\u021bi"},"content":{"rendered":"\n<div class=\"wp-block-karopharma-free-text pt-large pb-large bg-center bg-cover bg-no-repeat\" style=\"background-image:url(https:\/\/multi-mam.com\/cdn-cgi\/image\/format=auto\/app\/uploads\/sites\/19\/2022\/12\/SaraW-with-1-month-baby-169-1400x934-1.jpeg)\"><div class=\"free-text-wrapper container max-w-medium text-left\">\n<div style=\"height:100px\" aria-hidden=\"true\" class=\"wp-block-spacer\"><\/div>\n\n\n\n<h1 class=\"has-text-align-center has-white-color has-text-color wp-block-heading\">Cum s\u0103 al\u0103pta\u021bi<\/h1>\n\n\n\n<div style=\"height:100px\" aria-hidden=\"true\" class=\"wp-block-spacer\"><\/div>\n<\/div><\/div>\n\n\n\n<div class=\"wp-block-karopharma-free-text pt-large pb-large bg-center bg-cover bg-no-repeat\" style=\"background-image:url()\"><div class=\"free-text-wrapper container max-w-medium text-left\">\n<p class=\"is-style-paragraph-preamble\">Exist\u0103 o mul\u021bime de motive pentru care mameloanele devin dureroase din cauza al\u0103pt\u0103rii, dar cel mai frecvent este pozi\u021bionarea incorect\u0103 a bebelu\u0219ului la s\u00e2n. Dac\u0103 suferi\u021bi de sf\u00e2rcuri dureroase, adresa\u021bi-v\u0103 unui specialist \u00een al\u0103ptare \u2013 cu c\u00e2t mai repede, cu at\u00e2t mai bine. V\u0103 poate ajuta sAminti\u021bi-v\u0103 c\u0103 nu exist\u0103 pozi\u021bii de al\u0103ptare corecte sau gre\u0219ite \u2013 at\u00e2t timp c\u00e2t func\u021bioneaz\u0103 pentru dumneavoastr\u0103 \u0219i copilul dumneavoastr\u0103, este \u00een regul\u0103!<\/p>\n<\/div><\/div>\n\n\n\n<div class=\"wp-block-karopharma-free-text pt-large pb-large bg-center bg-cover bg-no-repeat  is-style-primary\" style=\"background-image:url()\"><div class=\"free-text-wrapper container max-w-medium text-left\">\n<p class=\"is-style-paragraph-preamble\">Femeile al\u0103pteaz\u0103 de la \u00eenceputul timpurilor iar acest proces este \u00eentip\u0103rit at\u00e2t \u00een ADN-ul dumneavoastr\u0103, c\u00e2t \u0219i \u00een cel al bebelu\u0219ului. Dar pentru multe proaspete m\u0103mici, \u00eenv\u0103\u021barea al\u0103ptatului confortabil \u0219i eficient necesit\u0103 practic\u0103. At\u00e2t dumneavoastr\u0103, c\u00e2t \u0219i bebelu\u0219ul dumneavoastr\u0103 sunte\u021bi \u00eencep\u0103tori la acest lucru \u0219i este posibil s\u0103 fie nevoie s\u0103 \u00eencerca\u021bi c\u00e2teva pozi\u021bii diferite de al\u0103ptare \u00eenainte ca prinderea bebelu\u0219ului s\u0103 fie perfectat\u0103 \u0219i pute\u021bi stabili un ritm bun.<\/p>\n<\/div><\/div>\n\n\n\n<div class=\"wp-block-karopharma-free-text pt-medium pb-large bg-center bg-cover bg-no-repeat\" style=\"background-image:url()\"><div class=\"free-text-wrapper container max-w-medium text-left\">\n<h2 class=\"is-style-heading-h2 wp-block-heading\">Reflexul de ejec\u021bie (letdown)<\/h2>\n\n\n\n<p>\u00cenainte de a putea al\u0103pta, corpul dumneavoastr\u0103 trebuie s\u0103 pun\u0103 laptele la dispozi\u021bia bebelu\u0219ului prin reflexul de ejec\u021bie (cunoscut \u0219i sub denumirea letdown). Acest reflex se declan\u0219eaz\u0103 automat atunci c\u00e2nd bebelu\u0219ul v\u0103 aspir\u0103 mamelonul \u0219i hormonii din corp semnaleaz\u0103 s\u00e2nilor pentru a elibera laptele. De fapt, pentru unele femei doar g\u00e2ndirea la copilul lor sau auzirea unui copil pl\u00e2ng\u00e2nd este suficient\u0103 pentru a activa reflexul de ejec\u021bie \u2013 chiar dac\u0103 nu este copilul lor! Uneori, laptele curge f\u0103r\u0103 niciun motiv special. Dac\u0103 s\u00e2nii t\u0103i deseori ajung s\u0103 curg\u0103 \u00een momente incomode, folosi\u021bi tampoane pentru s\u00e2n \u00een sutien, pentru a \u00eempiedica \u00eembibarea hainelor.<\/p>\n\n\n\n<h2 class=\"is-style-heading-h2 wp-block-heading\" id=\"babys-latch\">Prinderea (ata\u0219area) bebelu\u0219ului la s\u00e2n<\/h2>\n\n\n\n<p>Deci, laptele dumneavoastr\u0103 a \u00eenceput s\u0103 curg\u0103 \u2013 acum tot ce ave\u021bi nevoie este ca bebelu\u0219ul dumneavoastr\u0103 s\u0103 se prind\u0103 corect de mamelon. Deoarece, chiar dac\u0103 nu exist\u0103 o pozi\u021bie corect\u0103 sau gre\u0219it\u0103 de al\u0103ptare, exist\u0103 posibilitatea unei prinderi defectuoase \u0219i poate face al\u0103ptarea o real\u0103 durere. Motivul pentru care consultan\u021bii \u00een al\u0103ptare vorbesc \u00eentotdeauna despre ata\u0219area corect\u0103 la s\u00e2n a bebelu\u0219ului este pentru c\u0103 aceasta \u00eei ajut\u0103 pe bebelu\u0219i s\u0103 ob\u021bin\u0103 cel mai mult lapte \u0219i poate ajuta la prevenirea multor probleme obi\u0219nuite de al\u0103ptare, cum ar fi mameloanele dureroase. O prindere bun\u0103 este confortabil\u0103 \u0219i f\u0103r\u0103 dureri. Dac\u0103 ave\u021bi probleme cu ata\u0219area bebelu\u0219ului, \u00eencerca\u021bi ace\u0219ti pa\u0219i simpli:<\/p>\n\n\n\n<ol class=\"is-style-default wp-block-list\"><li>\u021aine\u021bi copilul aproape \u0219i g\u00e2dila\u021bi gura cu mamelonul p\u00e2n\u0103 c\u00e2nd o deschide larg.<\/li><li>\u00cendrepta\u021bi mamelonul spre buza superioar\u0103 a bebelu\u0219ului \u0219i \u00eenclina\u021bi u\u0219or capul \u00eenapoi.<\/li><li>\u00cendruma\u021bi copilul mai \u00eent\u00e2i la baza s\u00e2nului \u0219i l\u0103sa\u021bi-l s\u0103 se aga\u021be. Prinderea bebelu\u0219ului ar trebui s\u0103 fie ad\u00e2nc\u0103, iar gura s\u0103 fie plin\u0103 de s\u00e2nul dumneavoastr\u0103.<\/li><\/ol>\n\n\n\n<h2 class=\"is-style-heading-h2 wp-block-heading\" id=\"Three-common-breastfeeding-positions\">Trei pozi\u021bii comune de al\u0103ptare<\/h2>\n\n\n\n<p>O pozi\u021bie de al\u0103ptare comun\u0103 \u0219i benefic\u0103 \u00een special pentru mamele ce au n\u0103scut printr-o opera\u021bie cezarian\u0103 este cea \u00een care bebelu\u0219ul st\u0103 pe o pern\u0103 l\u00e2ng\u0103 dumneavoastr\u0103, cu capul sprijinit \u00een m\u00e2na dvs. \u0219i corpul lor sus\u021binut de bra\u021bul dvs. Aceast\u0103 pozi\u021bie men\u021bine greutatea bebelu\u0219ului departe de incizie.<\/p>\n\n\n\n<p><strong>Al\u0103ptarea lateral\u0103.<\/strong>&nbsp;\u00cen aceast\u0103 pozi\u021bie, bebelu\u0219ul se hr\u0103ne\u0219te \u00een timp ce sta\u021bi am\u00e2ndoi culca\u021bi pe p\u0103r\u021bi, fa\u021b\u0103 \u00een fa\u021b\u0103. Este posibil s\u0103 dori\u021bi s\u0103 v\u0103 sprijini\u021bi spatele cu ni\u0219te perne \u0219i s\u0103 folosi\u021bi bra\u021bul pe partea pe care sta\u021bi culcat\u0103 pentru a leg\u0103na bebelu\u0219ul. Multe mame consider\u0103 c\u0103 pozi\u021bia de al\u0103ptare lateral\u0103 este confortabil\u0103 \u0219i deosebit de convenabil\u0103 pentru hr\u0103nirea de noapte. Este, de asemenea, bun\u0103 pentru femeile care au avut o cezarian\u0103.<\/p>\n\n\n\n<p><strong>Al\u0103ptarea \u00eentins\u0103 pe spate.<\/strong>&nbsp;Aceasta este adesea una dintre cele mai bune pozi\u021bii de al\u0103ptare pentru nou-n\u0103scu\u021bi, deoarece contactul piele pe piele \u00eel \u00eencurajeaz\u0103 pe copil s\u0103 caute s\u00e2nul \u0219i s\u0103 se ata\u0219eze singur. \u00cen pozi\u021bia \u00eentins\u0103 pe spate, a\u0219eza\u021bi copilul cu burta pe pieptul dumneavoastr\u0103, sprijinind \u00een acela\u0219i timp capul \u0219i corpul copilului cu m\u00e2inile, dup\u0103 cum este necesar. Acest mod de al\u0103ptare este popular \u00een r\u00e2ndul femeilor care prefer\u0103 o abordare relaxat\u0103, condus\u0103 de bebelu\u0219, deoarece sus\u021bine instinctele naturale ale bebelu\u0219ului.<\/p>\n<\/div><\/div>\n","protected":false},"excerpt":{"rendered":"","protected":false},"author":2,"featured_media":0,"parent":158,"menu_order":0,"comment_status":"closed","ping_status":"closed","template":"","meta":{"_acf_changed":false,"footnotes":""},"from-article-database":[],"class_list":["post-183","page","type-page","status-publish","hentry"],"acf":[],"yoast_head":"<!-- This site is optimized with the Yoast SEO plugin v26.6 - https:\/\/yoast.com\/wordpress\/plugins\/seo\/ -->\n<title>Cum s\u0103 al\u0103pta\u021bi - Multi-Mam<\/title>\n<meta name=\"description\" content=\"Aminti\u021bi-v\u0103 c\u0103 nu exist\u0103 pozi\u021bii de al\u0103ptare corecte sau gre\u0219ite \u2013 at\u00e2t timp c\u00e2t func\u021bioneaz\u0103 pentru dumneavoastr\u0103 \u0219i copilul dumneavoastr\u0103, este \u00een regul\u0103!\" \/>\n<meta name=\"robots\" content=\"index, follow, max-snippet:-1, max-image-preview:large, max-video-preview:-1\" \/>\n<link rel=\"canonical\" href=\"https:\/\/multi-mam.com\/ro\/articole\/cum-sa-alaptati\/\" \/>\n<meta property=\"og:locale\" content=\"ro_RO\" \/>\n<meta property=\"og:type\" content=\"article\" \/>\n<meta property=\"og:title\" content=\"Cum s\u0103 al\u0103pta\u021bi - Multi-Mam\" \/>\n<meta property=\"og:description\" content=\"Aminti\u021bi-v\u0103 c\u0103 nu exist\u0103 pozi\u021bii de al\u0103ptare corecte sau gre\u0219ite \u2013 at\u00e2t timp c\u00e2t func\u021bioneaz\u0103 pentru dumneavoastr\u0103 \u0219i copilul dumneavoastr\u0103, este \u00een regul\u0103!\" \/>\n<meta property=\"og:url\" content=\"https:\/\/multi-mam.com\/ro\/articole\/cum-sa-alaptati\/\" \/>\n<meta property=\"og:site_name\" content=\"Multi-Mam\" \/>\n<meta property=\"article:modified_time\" content=\"2023-06-26T12:39:08+00:00\" \/>\n<meta name=\"twitter:card\" content=\"summary_large_image\" \/>\n<meta name=\"twitter:label1\" content=\"Timp estimat pentru citire\" \/>\n\t<meta name=\"twitter:data1\" content=\"4 minute\" \/>\n<script type=\"application\/ld+json\" class=\"yoast-schema-graph\">{\"@context\":\"https:\/\/schema.org\",\"@graph\":[{\"@type\":\"WebPage\",\"@id\":\"https:\/\/multi-mam.com\/ro\/articole\/cum-sa-alaptati\/\",\"url\":\"https:\/\/multi-mam.com\/ro\/articole\/cum-sa-alaptati\/\",\"name\":\"Cum s\u0103 al\u0103pta\u021bi - Multi-Mam\",\"isPartOf\":{\"@id\":\"https:\/\/multi-mam.com\/ro\/#website\"},\"datePublished\":\"2022-12-02T12:58:49+00:00\",\"dateModified\":\"2023-06-26T12:39:08+00:00\",\"description\":\"Aminti\u021bi-v\u0103 c\u0103 nu exist\u0103 pozi\u021bii de al\u0103ptare corecte sau gre\u0219ite \u2013 at\u00e2t timp c\u00e2t func\u021bioneaz\u0103 pentru dumneavoastr\u0103 \u0219i copilul dumneavoastr\u0103, este \u00een regul\u0103!\",\"breadcrumb\":{\"@id\":\"https:\/\/multi-mam.com\/ro\/articole\/cum-sa-alaptati\/#breadcrumb\"},\"inLanguage\":\"ro-RO\",\"potentialAction\":[{\"@type\":\"ReadAction\",\"target\":[\"https:\/\/multi-mam.com\/ro\/articole\/cum-sa-alaptati\/\"]}]},{\"@type\":\"BreadcrumbList\",\"@id\":\"https:\/\/multi-mam.com\/ro\/articole\/cum-sa-alaptati\/#breadcrumb\",\"itemListElement\":[{\"@type\":\"ListItem\",\"position\":1,\"name\":\"Home\",\"item\":\"https:\/\/multi-mam.com\/ro\/\"},{\"@type\":\"ListItem\",\"position\":2,\"name\":\"Articole\",\"item\":\"https:\/\/multi-mam.com\/ro\/articole\/\"},{\"@type\":\"ListItem\",\"position\":3,\"name\":\"Cum s\u0103 al\u0103pta\u021bi\"}]},{\"@type\":\"WebSite\",\"@id\":\"https:\/\/multi-mam.com\/ro\/#website\",\"url\":\"https:\/\/multi-mam.com\/ro\/\",\"name\":\"Multi-Mam\",\"description\":\"\",\"publisher\":{\"@id\":\"https:\/\/multi-mam.com\/ro\/#organization\"},\"potentialAction\":[{\"@type\":\"SearchAction\",\"target\":{\"@type\":\"EntryPoint\",\"urlTemplate\":\"https:\/\/multi-mam.com\/ro\/?s={search_term_string}\"},\"query-input\":{\"@type\":\"PropertyValueSpecification\",\"valueRequired\":true,\"valueName\":\"search_term_string\"}}],\"inLanguage\":\"ro-RO\"},{\"@type\":\"Organization\",\"@id\":\"https:\/\/multi-mam.com\/ro\/#organization\",\"name\":\"Multi-Mam\",\"url\":\"https:\/\/multi-mam.com\/ro\/\",\"logo\":{\"@type\":\"ImageObject\",\"inLanguage\":\"ro-RO\",\"@id\":\"https:\/\/multi-mam.com\/ro\/#\/schema\/logo\/image\/\",\"url\":\"https:\/\/multi-mam.com\/app\/uploads\/sites\/19\/2022\/11\/multi-mam-logotype.png\",\"contentUrl\":\"https:\/\/multi-mam.com\/app\/uploads\/sites\/19\/2022\/11\/multi-mam-logotype.png\",\"width\":70,\"height\":96,\"caption\":\"Multi-Mam\"},\"image\":{\"@id\":\"https:\/\/multi-mam.com\/ro\/#\/schema\/logo\/image\/\"}}]}<\/script>\n<!-- \/ Yoast SEO plugin. -->","yoast_head_json":{"title":"Cum s\u0103 al\u0103pta\u021bi - Multi-Mam","description":"Aminti\u021bi-v\u0103 c\u0103 nu exist\u0103 pozi\u021bii de al\u0103ptare corecte sau gre\u0219ite \u2013 at\u00e2t timp c\u00e2t func\u021bioneaz\u0103 pentru dumneavoastr\u0103 \u0219i copilul dumneavoastr\u0103, este \u00een regul\u0103!","robots":{"index":"index","follow":"follow","max-snippet":"max-snippet:-1","max-image-preview":"max-image-preview:large","max-video-preview":"max-video-preview:-1"},"canonical":"https:\/\/multi-mam.com\/ro\/articole\/cum-sa-alaptati\/","og_locale":"ro_RO","og_type":"article","og_title":"Cum s\u0103 al\u0103pta\u021bi - Multi-Mam","og_description":"Aminti\u021bi-v\u0103 c\u0103 nu exist\u0103 pozi\u021bii de al\u0103ptare corecte sau gre\u0219ite \u2013 at\u00e2t timp c\u00e2t func\u021bioneaz\u0103 pentru dumneavoastr\u0103 \u0219i copilul dumneavoastr\u0103, este \u00een regul\u0103!","og_url":"https:\/\/multi-mam.com\/ro\/articole\/cum-sa-alaptati\/","og_site_name":"Multi-Mam","article_modified_time":"2023-06-26T12:39:08+00:00","twitter_card":"summary_large_image","twitter_misc":{"Timp estimat pentru citire":"4 minute"},"schema":{"@context":"https:\/\/schema.org","@graph":[{"@type":"WebPage","@id":"https:\/\/multi-mam.com\/ro\/articole\/cum-sa-alaptati\/","url":"https:\/\/multi-mam.com\/ro\/articole\/cum-sa-alaptati\/","name":"Cum s\u0103 al\u0103pta\u021bi - Multi-Mam","isPartOf":{"@id":"https:\/\/multi-mam.com\/ro\/#website"},"datePublished":"2022-12-02T12:58:49+00:00","dateModified":"2023-06-26T12:39:08+00:00","description":"Aminti\u021bi-v\u0103 c\u0103 nu exist\u0103 pozi\u021bii de al\u0103ptare corecte sau gre\u0219ite \u2013 at\u00e2t timp c\u00e2t func\u021bioneaz\u0103 pentru dumneavoastr\u0103 \u0219i copilul dumneavoastr\u0103, este \u00een regul\u0103!","breadcrumb":{"@id":"https:\/\/multi-mam.com\/ro\/articole\/cum-sa-alaptati\/#breadcrumb"},"inLanguage":"ro-RO","potentialAction":[{"@type":"ReadAction","target":["https:\/\/multi-mam.com\/ro\/articole\/cum-sa-alaptati\/"]}]},{"@type":"BreadcrumbList","@id":"https:\/\/multi-mam.com\/ro\/articole\/cum-sa-alaptati\/#breadcrumb","itemListElement":[{"@type":"ListItem","position":1,"name":"Home","item":"https:\/\/multi-mam.com\/ro\/"},{"@type":"ListItem","position":2,"name":"Articole","item":"https:\/\/multi-mam.com\/ro\/articole\/"},{"@type":"ListItem","position":3,"name":"Cum s\u0103 al\u0103pta\u021bi"}]},{"@type":"WebSite","@id":"https:\/\/multi-mam.com\/ro\/#website","url":"https:\/\/multi-mam.com\/ro\/","name":"Multi-Mam","description":"","publisher":{"@id":"https:\/\/multi-mam.com\/ro\/#organization"},"potentialAction":[{"@type":"SearchAction","target":{"@type":"EntryPoint","urlTemplate":"https:\/\/multi-mam.com\/ro\/?s={search_term_string}"},"query-input":{"@type":"PropertyValueSpecification","valueRequired":true,"valueName":"search_term_string"}}],"inLanguage":"ro-RO"},{"@type":"Organization","@id":"https:\/\/multi-mam.com\/ro\/#organization","name":"Multi-Mam","url":"https:\/\/multi-mam.com\/ro\/","logo":{"@type":"ImageObject","inLanguage":"ro-RO","@id":"https:\/\/multi-mam.com\/ro\/#\/schema\/logo\/image\/","url":"https:\/\/multi-mam.com\/app\/uploads\/sites\/19\/2022\/11\/multi-mam-logotype.png","contentUrl":"https:\/\/multi-mam.com\/app\/uploads\/sites\/19\/2022\/11\/multi-mam-logotype.png","width":70,"height":96,"caption":"Multi-Mam"},"image":{"@id":"https:\/\/multi-mam.com\/ro\/#\/schema\/logo\/image\/"}}]}},"_links":{"self":[{"href":"https:\/\/multi-mam.com\/ro\/wp-json\/wp\/v2\/pages\/183","targetHints":{"allow":["GET"]}}],"collection":[{"href":"https:\/\/multi-mam.com\/ro\/wp-json\/wp\/v2\/pages"}],"about":[{"href":"https:\/\/multi-mam.com\/ro\/wp-json\/wp\/v2\/types\/page"}],"author":[{"embeddable":true,"href":"https:\/\/multi-mam.com\/ro\/wp-json\/wp\/v2\/users\/2"}],"replies":[{"embeddable":true,"href":"https:\/\/multi-mam.com\/ro\/wp-json\/wp\/v2\/comments?post=183"}],"version-history":[{"count":4,"href":"https:\/\/multi-mam.com\/ro\/wp-json\/wp\/v2\/pages\/183\/revisions"}],"predecessor-version":[{"id":411,"href":"https:\/\/multi-mam.com\/ro\/wp-json\/wp\/v2\/pages\/183\/revisions\/411"}],"up":[{"embeddable":true,"href":"https:\/\/multi-mam.com\/ro\/wp-json\/wp\/v2\/pages\/158"}],"wp:attachment":[{"href":"https:\/\/multi-mam.com\/ro\/wp-json\/wp\/v2\/media?parent=183"}],"wp:term":[{"taxonomy":"from-article-database","embeddable":true,"href":"https:\/\/multi-mam.com\/ro\/wp-json\/wp\/v2\/from-article-database?post=183"}],"curies":[{"name":"wp","href":"https:\/\/api.w.org\/{rel}","templated":true}]}}