{"id":158,"date":"2022-11-25T14:02:38","date_gmt":"2022-11-25T13:02:38","guid":{"rendered":"https:\/\/multi-mam.com\/ro\/?page_id=158"},"modified":"2025-05-28T11:30:33","modified_gmt":"2025-05-28T09:30:33","slug":"articole","status":"publish","type":"page","link":"https:\/\/multi-mam.com\/ro\/articole\/","title":{"rendered":"Articole"},"content":{"rendered":"\n<div class=\"wp-block-karopharma-free-text pt-large pb-large bg-center bg-cover bg-no-repeat\" style=\"background-image:url(https:\/\/multi-mam.com\/cdn-cgi\/image\/format=auto\/app\/uploads\/sites\/19\/2022\/11\/Hintergrund-faq.jpeg)\"><div class=\"free-text-wrapper container max-w-medium text-left\">\n<div style=\"height:100px\" aria-hidden=\"true\" class=\"wp-block-spacer is-style-responsive-medium\"><\/div>\n\n\n\n<h1 class=\"wp-block-heading has-white-color has-text-color\">Articole<\/h1>\n\n\n\n<div style=\"height:100px\" aria-hidden=\"true\" class=\"wp-block-spacer is-style-responsive-medium\"><\/div>\n\n\n\n<div style=\"height:100px\" aria-hidden=\"true\" class=\"wp-block-spacer is-style-responsive-medium\"><\/div>\n<\/div><\/div>\n\n\n\n<div style=\"height:100px\" aria-hidden=\"true\" class=\"wp-block-spacer is-style-responsive-medium\"><\/div>\n\n\n\n<div class=\"wp-block-karopharma-several-images-with-text several-images-with-text\"><div class=\"container large col-1 content-align-none\" test-data=\"inner-content\">\n<section class=\"wp-block-karopharma-image-with-text image-with-text image-with-text__full-width\"><div class=\"image-with-text-container \"><div class=\"image-with-text-container-image-container\"><img decoding=\"async\" loading=\"lazy\" src=\"https:\/\/multi-mam.com\/cdn-cgi\/image\/format=auto\/app\/uploads\/sites\/19\/2022\/12\/SarahT-with-1-month-baby-159-1400x933-1.jpeg\" alt=\"Cele mai frecvente probleme de al\u0103ptare\"\/><\/div><div class=\"image-with-text-container-content\" style=\"text-align:left\" data-test=\"content\"><div class=\"content\"><h2>Cele mai frecvente probleme de al\u0103ptare<\/h2>\n<div class=\"wp-block-buttons is-layout-flex wp-block-buttons-is-layout-flex\">\n<div class=\"wp-block-button\"><a class=\"wp-block-button__link wp-element-button\" href=\"https:\/\/multi-mam.com\/ro\/articole\/cele-mai-frecvente-probleme-de-alaptare\/\">CITITI MAI MULT<\/a><\/div>\n<\/div>\n<\/div><\/div><\/div><\/section>\n\n\n\n<section class=\"wp-block-karopharma-image-with-text image-with-text image-with-text__full-width\"><div class=\"image-with-text-container \"><div class=\"image-with-text-container-image-container\"><img decoding=\"async\" loading=\"lazy\" src=\"https:\/\/multi-mam.com\/cdn-cgi\/image\/format=auto\/app\/uploads\/sites\/19\/2022\/12\/SaraW-with-1-month-baby-169-1400x934-1.jpeg\" alt=\"Cum s\u0103 al\u0103pta\u021bi\"\/><\/div><div class=\"image-with-text-container-content\" style=\"text-align:left\" data-test=\"content\"><div class=\"content\"><h2>Cum s\u0103 al\u0103pta\u021bi<\/h2>\n<div class=\"wp-block-buttons is-layout-flex wp-block-buttons-is-layout-flex\">\n<div class=\"wp-block-button\"><a class=\"wp-block-button__link wp-element-button\" href=\"https:\/\/multi-mam.com\/ro\/articole\/cum-sa-alaptati\/\">CITITI MAI MULT<\/a><\/div>\n<\/div>\n<\/div><\/div><\/div><\/section>\n\n\n\n<section class=\"wp-block-karopharma-image-with-text image-with-text image-with-text__full-width\"><div class=\"image-with-text-container \"><div class=\"image-with-text-container-image-container\"><img decoding=\"async\" loading=\"lazy\" src=\"https:\/\/multi-mam.com\/cdn-cgi\/image\/format=auto\/app\/uploads\/sites\/19\/2022\/12\/SarahT-with-1-month-baby-187-2048x1366-1.jpeg\" alt=\"Lipsa de lapte: Cum se stimuleaz\u0103 produc\u021bia de lapte matern\"\/><\/div><div class=\"image-with-text-container-content\" style=\"text-align:left\" data-test=\"content\"><div class=\"content\"><h2>Lipsa de lapte: Cum se stimuleaz\u0103 produc\u021bia de lapte matern<\/h2>\n<div class=\"wp-block-buttons is-layout-flex wp-block-buttons-is-layout-flex\">\n<div class=\"wp-block-button\"><a class=\"wp-block-button__link wp-element-button\" href=\"https:\/\/multi-mam.com\/ro\/articole\/lipsa-de-lapte-cum-se-stimuleaza-productia-de-lapte-matern\/\">CITITI MAI MULT<\/a><\/div>\n<\/div>\n<\/div><\/div><\/div><\/section>\n<\/div><\/div>\n\n\n\n<div style=\"height:100px\" aria-hidden=\"true\" class=\"wp-block-spacer is-style-responsive-small\"><\/div>\n\n\n\n<div class=\"wp-block-karopharma-several-images-with-text several-images-with-text is-style-primary\"><div class=\"container large col-1 content-align-none\" test-data=\"inner-content\">\n<section class=\"wp-block-karopharma-image-with-text image-with-text image-with-text__full-width\"><div class=\"image-with-text-container \"><div class=\"image-with-text-container-image-container\"><img decoding=\"async\" loading=\"lazy\" src=\"https:\/\/multi-mam.com\/cdn-cgi\/image\/format=auto\/app\/uploads\/sites\/19\/2022\/12\/SaraW-with-1-month-baby-192-1400x934-1.jpeg\" alt=\"Bebelu\u0219ul care refuz\u0103 s\u0103 fie al\u0103ptat\"\/><\/div><div class=\"image-with-text-container-content\" style=\"text-align:left\" data-test=\"content\"><div class=\"content\"><h2>Bebelu\u0219ul care refuz\u0103 s\u0103 fie al\u0103ptat<\/h2>\n<div class=\"wp-block-buttons is-layout-flex wp-block-buttons-is-layout-flex\">\n<div class=\"wp-block-button\"><a class=\"wp-block-button__link wp-element-button\" href=\"https:\/\/multi-mam.com\/ro\/articole\/bebelusul-care-refuza-sa-fie-alaptat\/\">CITITI MAI MULT<\/a><\/div>\n<\/div>\n<\/div><\/div><\/div><\/section>\n\n\n\n<section class=\"wp-block-karopharma-image-with-text image-with-text image-with-text__full-width\"><div class=\"image-with-text-container \"><div class=\"image-with-text-container-image-container\"><img decoding=\"async\" loading=\"lazy\" src=\"https:\/\/multi-mam.com\/cdn-cgi\/image\/format=auto\/app\/uploads\/sites\/19\/2022\/12\/SarahT-with-1-month-baby-131-1400x934-1.jpeg\" alt=\"Refluxul bebelu\u0219ilor\"\/><\/div><div class=\"image-with-text-container-content\" style=\"text-align:left\" data-test=\"content\"><div class=\"content\"><h2>Refluxul bebelu\u0219ilor<\/h2>\n<div class=\"wp-block-buttons is-layout-flex wp-block-buttons-is-layout-flex\">\n<div class=\"wp-block-button\"><a class=\"wp-block-button__link wp-element-button\" href=\"https:\/\/multi-mam.com\/ro\/articole\/refluxul-bebelusilor\/\">CITITI MAI MULT<\/a><\/div>\n<\/div>\n<\/div><\/div><\/div><\/section>\n\n\n\n<section class=\"wp-block-karopharma-image-with-text image-with-text image-with-text__full-width\"><div class=\"image-with-text-container \"><div class=\"image-with-text-container-image-container\"><img decoding=\"async\" loading=\"lazy\" src=\"https:\/\/multi-mam.com\/cdn-cgi\/image\/format=auto\/app\/uploads\/sites\/19\/2022\/12\/SarahT-with-1-month-baby-171-1400x934-1.jpeg\" alt=\"Beneficiile al\u0103ptatului\"\/><\/div><div class=\"image-with-text-container-content\" style=\"text-align:left\" data-test=\"content\"><div class=\"content\"><h2>Beneficiile al\u0103ptatului<\/h2>\n<div class=\"wp-block-buttons is-layout-flex wp-block-buttons-is-layout-flex\">\n<div class=\"wp-block-button\"><a class=\"wp-block-button__link wp-element-button\" href=\"https:\/\/multi-mam.com\/ro\/articole\/beneficiile-alaptatului\/\">CITITI MAI MULT<\/a><\/div>\n<\/div>\n<\/div><\/div><\/div><\/section>\n<\/div><\/div>\n\n\n\n<div style=\"height:100px\" aria-hidden=\"true\" class=\"wp-block-spacer is-style-responsive-small\"><\/div>\n\n\n\n<div class=\"wp-block-karopharma-several-images-with-text several-images-with-text\"><div class=\"container large col-1 content-align-none\" test-data=\"inner-content\">\n<section class=\"wp-block-karopharma-image-with-text image-with-text image-with-text__full-width\"><div class=\"image-with-text-container \"><div class=\"image-with-text-container-image-container\"><img decoding=\"async\" loading=\"lazy\" src=\"https:\/\/multi-mam.com\/cdn-cgi\/image\/format=auto\/app\/uploads\/sites\/19\/2022\/12\/Elina-with-6-month-baby-163-1400x934-1.jpg\" alt=\"Pot continua s\u0103 al\u0103ptez c\u00e2t timp sunt bolnav\u0103?\"\/><\/div><div class=\"image-with-text-container-content\" style=\"text-align:left\" data-test=\"content\"><div class=\"content\"><h2>Pot continua s\u0103 al\u0103ptez c\u00e2t timp sunt bolnav\u0103?<\/h2>\n<div class=\"wp-block-buttons is-layout-flex wp-block-buttons-is-layout-flex\">\n<div class=\"wp-block-button\"><a class=\"wp-block-button__link wp-element-button\" href=\"https:\/\/multi-mam.com\/ro\/articole\/pot-continua-sa-alaptez-cat-timp-sunt-bolnava\/\">CITITI MAI MULT<\/a><\/div>\n<\/div>\n<\/div><\/div><\/div><\/section>\n\n\n\n<section class=\"wp-block-karopharma-image-with-text image-with-text image-with-text__full-width\"><div class=\"image-with-text-container \"><div class=\"image-with-text-container-image-container\"><img decoding=\"async\" loading=\"lazy\" src=\"https:\/\/multi-mam.com\/cdn-cgi\/image\/format=auto\/app\/uploads\/sites\/19\/2022\/12\/SaraW-with-1-month-baby-185-1400x933-1.jpg\" alt=\"\u00cengrijirea intim\u0103 dup\u0103 na\u0219tere\"\/><\/div><div class=\"image-with-text-container-content\" style=\"text-align:left\" data-test=\"content\"><div class=\"content\"><h2>\u00cengrijirea intim\u0103 dup\u0103 na\u0219tere<\/h2>\n<div class=\"wp-block-buttons is-layout-flex wp-block-buttons-is-layout-flex\">\n<div class=\"wp-block-button\"><a class=\"wp-block-button__link wp-element-button\" href=\"https:\/\/multi-mam.com\/ro\/articole\/ingrijirea-intima-dupa-nastere\/\">CITITI MAI MULT<\/a><\/div>\n<\/div>\n<\/div><\/div><\/div><\/section>\n\n\n\n<section class=\"wp-block-karopharma-image-with-text image-with-text image-with-text__full-width\"><div class=\"image-with-text-container \"><div class=\"image-with-text-container-image-container\"><img decoding=\"async\" loading=\"lazy\" src=\"https:\/\/multi-mam.com\/cdn-cgi\/image\/format=auto\/app\/uploads\/sites\/19\/2022\/12\/SarahT-with-1-month-baby-127small-1400x934-1.jpg\" alt=\"Sfaturi pentru al\u0103ptare\"\/><\/div><div class=\"image-with-text-container-content\" style=\"text-align:left\" data-test=\"content\"><div class=\"content\"><h2>Sfaturi pentru al\u0103ptare<\/h2>\n<div class=\"wp-block-buttons is-layout-flex wp-block-buttons-is-layout-flex\">\n<div class=\"wp-block-button\"><a class=\"wp-block-button__link wp-element-button\" href=\"https:\/\/multi-mam.com\/ro\/articole\/sfaturi-pentru-alaptare\/\">CITITI MAI MULT<\/a><\/div>\n<\/div>\n<\/div><\/div><\/div><\/section>\n<\/div><\/div>\n\n\n\n<div style=\"height:100px\" aria-hidden=\"true\" class=\"wp-block-spacer is-style-responsive-small\"><\/div>\n\n\n\n<div class=\"wp-block-karopharma-several-images-with-text several-images-with-text is-style-primary\"><div class=\"container large col-1 content-align-none\" test-data=\"inner-content\">\n<section class=\"wp-block-karopharma-image-with-text image-with-text image-with-text__full-width\"><div class=\"image-with-text-container \"><div class=\"image-with-text-container-image-container\"><img decoding=\"async\" loading=\"lazy\" src=\"https:\/\/multi-mam.com\/cdn-cgi\/image\/format=auto\/app\/uploads\/sites\/19\/2022\/12\/Elina-with-6-month-baby-133-1400x934-1.jpg\" alt=\"\u00cen\u021b\u0103rcarea\"\/><\/div><div class=\"image-with-text-container-content\" style=\"text-align:left\" data-test=\"content\"><div class=\"content\"><h2>\u00cen\u021b\u0103rcarea<\/h2>\n<div class=\"wp-block-buttons is-layout-flex wp-block-buttons-is-layout-flex\">\n<div class=\"wp-block-button\"><a class=\"wp-block-button__link wp-element-button\" href=\"https:\/\/multi-mam.com\/ro\/articole\/intarcarea%ef%bf%bc\/\">CITITI MAI MULT<\/a><\/div>\n<\/div>\n<\/div><\/div><\/div><\/section>\n\n\n\n<section class=\"wp-block-karopharma-image-with-text image-with-text image-with-text__full-width\"><div class=\"image-with-text-container \"><div class=\"image-with-text-container-image-container\"><img decoding=\"async\" loading=\"lazy\" src=\"https:\/\/multi-mam.com\/cdn-cgi\/image\/format=auto\/app\/uploads\/sites\/19\/2022\/12\/Elina-with-6-month-baby-151-2048x1366-1.jpeg\" alt=\"Anatomia s\u00e2nului feminin \u00een timpul al\u0103pt\u0103rii\"\/><\/div><div class=\"image-with-text-container-content\" style=\"text-align:left\" data-test=\"content\"><div class=\"content\"><h2>Anatomia s\u00e2nului feminin \u00een timpul al\u0103pt\u0103rii<\/h2>\n<div class=\"wp-block-buttons is-layout-flex wp-block-buttons-is-layout-flex\">\n<div class=\"wp-block-button\"><a class=\"wp-block-button__link wp-element-button\" href=\"https:\/\/multi-mam.com\/ro\/articole\/anatomia-sanului-feminin-in-timpul-alaptarii%ef%bf%bc\/\">CITITI MAI MULT<\/a><\/div>\n<\/div>\n<\/div><\/div><\/div><\/section>\n<\/div><\/div>\n\n\n\n<div style=\"height:100px\" aria-hidden=\"true\" class=\"wp-block-spacer is-style-responsive-small\"><\/div>\n\n\n\n<div class=\"wp-block-karopharma-several-images-with-text several-images-with-text\"><div class=\"container large col-1 content-align-none\" test-data=\"inner-content\">\n<section class=\"wp-block-karopharma-image-with-text image-with-text image-with-text__full-width\"><div class=\"image-with-text-container \"><div class=\"image-with-text-container-image-container\"><img decoding=\"async\" loading=\"lazy\" src=\"https:\/\/multi-mam.com\/cdn-cgi\/image\/format=auto\/app\/uploads\/sites\/19\/2022\/12\/SaraW-with-1-month-baby-104-1400x933-1.jpg\" alt=\"Compozi\u021bia laptelui matern\"\/><\/div><div class=\"image-with-text-container-content\" style=\"text-align:left\" data-test=\"content\"><div class=\"content\"><h2>Dieta \u00een timpul al\u0103pt\u0103rii<\/h2>\n<div class=\"wp-block-buttons is-layout-flex wp-block-buttons-is-layout-flex\">\n<div class=\"wp-block-button\"><a class=\"wp-block-button__link wp-element-button\" href=\"https:\/\/multi-mam.com\/ro\/articole\/dieta-in-timpul-alaptarii\/\">CITITI MAI MULT<\/a><\/div>\n<\/div>\n<\/div><\/div><\/div><\/section>\n\n\n\n<section class=\"wp-block-karopharma-image-with-text image-with-text image-with-text__full-width is-style-transparent\"><div class=\"image-with-text-container \"><div class=\"image-with-text-container-image-container\"><img decoding=\"async\" loading=\"lazy\" src=\"https:\/\/multi-mam.com\/cdn-cgi\/image\/format=auto\/app\/uploads\/sites\/19\/2022\/12\/SaraW-with-1-month-baby-106small-1400x934-1.jpg\" alt=\"Compozi\u021bia laptelui matern\"\/><\/div><div class=\"image-with-text-container-content\" style=\"text-align:left\" data-test=\"content\"><div class=\"content\"><h2>Compozi\u021bia laptelui matern<\/h2>\n<div class=\"wp-block-buttons is-layout-flex wp-block-buttons-is-layout-flex\">\n<div class=\"wp-block-button\"><a class=\"wp-block-button__link wp-element-button\" href=\"https:\/\/multi-mam.com\/ro\/articole\/probleme-de-alaptare\/\">CITITI MAI MULT<\/a><\/div>\n<\/div>\n<\/div><\/div><\/div><\/section>\n<\/div><\/div>\n","protected":false},"excerpt":{"rendered":"","protected":false},"author":2,"featured_media":0,"parent":0,"menu_order":0,"comment_status":"closed","ping_status":"closed","template":"","meta":{"_acf_changed":false,"footnotes":""},"from-article-database":[],"class_list":["post-158","page","type-page","status-publish","hentry"],"acf":[],"yoast_head":"<!-- This site is optimized with the Yoast SEO plugin v26.6 - https:\/\/yoast.com\/wordpress\/plugins\/seo\/ -->\n<title>Articole - Multi-Mam<\/title>\n<meta name=\"description\" content=\"Articole: Cele mai frecvente probleme de al\u0103ptare, Cum s\u0103 al\u0103pta\u021bi, Lipsa de lapte: Cum se stimuleaz\u0103 produc\u021bia de lapte matern\" \/>\n<meta name=\"robots\" content=\"index, follow, max-snippet:-1, max-image-preview:large, max-video-preview:-1\" \/>\n<link rel=\"canonical\" href=\"https:\/\/multi-mam.com\/ro\/articole\/\" \/>\n<meta property=\"og:locale\" content=\"ro_RO\" \/>\n<meta property=\"og:type\" content=\"article\" \/>\n<meta property=\"og:title\" content=\"Articole - Multi-Mam\" \/>\n<meta property=\"og:description\" content=\"Articole: Cele mai frecvente probleme de al\u0103ptare, Cum s\u0103 al\u0103pta\u021bi, Lipsa de lapte: Cum se stimuleaz\u0103 produc\u021bia de lapte matern\" \/>\n<meta property=\"og:url\" content=\"https:\/\/multi-mam.com\/ro\/articole\/\" \/>\n<meta property=\"og:site_name\" content=\"Multi-Mam\" \/>\n<meta property=\"article:modified_time\" content=\"2025-05-28T09:30:33+00:00\" \/>\n<meta property=\"og:image\" content=\"https:\/\/multi-mam.com\/cdn-cgi\/image\/format=auto\/app\/uploads\/sites\/19\/2022\/12\/SarahT-with-1-month-baby-159-1400x933-1.jpeg\" \/>\n<meta name=\"twitter:card\" content=\"summary_large_image\" \/>\n<meta name=\"twitter:label1\" content=\"Timp estimat pentru citire\" \/>\n\t<meta name=\"twitter:data1\" content=\"4 minute\" \/>\n<script type=\"application\/ld+json\" class=\"yoast-schema-graph\">{\"@context\":\"https:\/\/schema.org\",\"@graph\":[{\"@type\":\"WebPage\",\"@id\":\"https:\/\/multi-mam.com\/ro\/articole\/\",\"url\":\"https:\/\/multi-mam.com\/ro\/articole\/\",\"name\":\"Articole - Multi-Mam\",\"isPartOf\":{\"@id\":\"https:\/\/multi-mam.com\/ro\/#website\"},\"primaryImageOfPage\":{\"@id\":\"https:\/\/multi-mam.com\/ro\/articole\/#primaryimage\"},\"image\":{\"@id\":\"https:\/\/multi-mam.com\/ro\/articole\/#primaryimage\"},\"thumbnailUrl\":\"https:\/\/multi-mam.com\/cdn-cgi\/image\/format=auto\/app\/uploads\/sites\/19\/2022\/12\/SarahT-with-1-month-baby-159-1400x933-1.jpeg\",\"datePublished\":\"2022-11-25T13:02:38+00:00\",\"dateModified\":\"2025-05-28T09:30:33+00:00\",\"description\":\"Articole: Cele mai frecvente probleme de al\u0103ptare, Cum s\u0103 al\u0103pta\u021bi, Lipsa de lapte: Cum se stimuleaz\u0103 produc\u021bia de lapte matern\",\"breadcrumb\":{\"@id\":\"https:\/\/multi-mam.com\/ro\/articole\/#breadcrumb\"},\"inLanguage\":\"ro-RO\",\"potentialAction\":[{\"@type\":\"ReadAction\",\"target\":[\"https:\/\/multi-mam.com\/ro\/articole\/\"]}]},{\"@type\":\"ImageObject\",\"inLanguage\":\"ro-RO\",\"@id\":\"https:\/\/multi-mam.com\/ro\/articole\/#primaryimage\",\"url\":\"https:\/\/multi-mam.com\/cdn-cgi\/image\/format=auto\/app\/uploads\/sites\/19\/2022\/12\/SarahT-with-1-month-baby-159-1400x933-1.jpeg\",\"contentUrl\":\"https:\/\/multi-mam.com\/cdn-cgi\/image\/format=auto\/app\/uploads\/sites\/19\/2022\/12\/SarahT-with-1-month-baby-159-1400x933-1.jpeg\"},{\"@type\":\"BreadcrumbList\",\"@id\":\"https:\/\/multi-mam.com\/ro\/articole\/#breadcrumb\",\"itemListElement\":[{\"@type\":\"ListItem\",\"position\":1,\"name\":\"Home\",\"item\":\"https:\/\/multi-mam.com\/ro\/\"},{\"@type\":\"ListItem\",\"position\":2,\"name\":\"Articole\"}]},{\"@type\":\"WebSite\",\"@id\":\"https:\/\/multi-mam.com\/ro\/#website\",\"url\":\"https:\/\/multi-mam.com\/ro\/\",\"name\":\"Multi-Mam\",\"description\":\"\",\"publisher\":{\"@id\":\"https:\/\/multi-mam.com\/ro\/#organization\"},\"potentialAction\":[{\"@type\":\"SearchAction\",\"target\":{\"@type\":\"EntryPoint\",\"urlTemplate\":\"https:\/\/multi-mam.com\/ro\/?s={search_term_string}\"},\"query-input\":{\"@type\":\"PropertyValueSpecification\",\"valueRequired\":true,\"valueName\":\"search_term_string\"}}],\"inLanguage\":\"ro-RO\"},{\"@type\":\"Organization\",\"@id\":\"https:\/\/multi-mam.com\/ro\/#organization\",\"name\":\"Multi-Mam\",\"url\":\"https:\/\/multi-mam.com\/ro\/\",\"logo\":{\"@type\":\"ImageObject\",\"inLanguage\":\"ro-RO\",\"@id\":\"https:\/\/multi-mam.com\/ro\/#\/schema\/logo\/image\/\",\"url\":\"https:\/\/multi-mam.com\/app\/uploads\/sites\/19\/2022\/11\/multi-mam-logotype.png\",\"contentUrl\":\"https:\/\/multi-mam.com\/app\/uploads\/sites\/19\/2022\/11\/multi-mam-logotype.png\",\"width\":70,\"height\":96,\"caption\":\"Multi-Mam\"},\"image\":{\"@id\":\"https:\/\/multi-mam.com\/ro\/#\/schema\/logo\/image\/\"}}]}<\/script>\n<!-- \/ Yoast SEO plugin. -->","yoast_head_json":{"title":"Articole - Multi-Mam","description":"Articole: Cele mai frecvente probleme de al\u0103ptare, Cum s\u0103 al\u0103pta\u021bi, Lipsa de lapte: Cum se stimuleaz\u0103 produc\u021bia de lapte matern","robots":{"index":"index","follow":"follow","max-snippet":"max-snippet:-1","max-image-preview":"max-image-preview:large","max-video-preview":"max-video-preview:-1"},"canonical":"https:\/\/multi-mam.com\/ro\/articole\/","og_locale":"ro_RO","og_type":"article","og_title":"Articole - Multi-Mam","og_description":"Articole: Cele mai frecvente probleme de al\u0103ptare, Cum s\u0103 al\u0103pta\u021bi, Lipsa de lapte: Cum se stimuleaz\u0103 produc\u021bia de lapte matern","og_url":"https:\/\/multi-mam.com\/ro\/articole\/","og_site_name":"Multi-Mam","article_modified_time":"2025-05-28T09:30:33+00:00","og_image":[{"url":"https:\/\/multi-mam.com\/cdn-cgi\/image\/format=auto\/app\/uploads\/sites\/19\/2022\/12\/SarahT-with-1-month-baby-159-1400x933-1.jpeg","type":"","width":"","height":""}],"twitter_card":"summary_large_image","twitter_misc":{"Timp estimat pentru citire":"4 minute"},"schema":{"@context":"https:\/\/schema.org","@graph":[{"@type":"WebPage","@id":"https:\/\/multi-mam.com\/ro\/articole\/","url":"https:\/\/multi-mam.com\/ro\/articole\/","name":"Articole - Multi-Mam","isPartOf":{"@id":"https:\/\/multi-mam.com\/ro\/#website"},"primaryImageOfPage":{"@id":"https:\/\/multi-mam.com\/ro\/articole\/#primaryimage"},"image":{"@id":"https:\/\/multi-mam.com\/ro\/articole\/#primaryimage"},"thumbnailUrl":"https:\/\/multi-mam.com\/cdn-cgi\/image\/format=auto\/app\/uploads\/sites\/19\/2022\/12\/SarahT-with-1-month-baby-159-1400x933-1.jpeg","datePublished":"2022-11-25T13:02:38+00:00","dateModified":"2025-05-28T09:30:33+00:00","description":"Articole: Cele mai frecvente probleme de al\u0103ptare, Cum s\u0103 al\u0103pta\u021bi, Lipsa de lapte: Cum se stimuleaz\u0103 produc\u021bia de lapte matern","breadcrumb":{"@id":"https:\/\/multi-mam.com\/ro\/articole\/#breadcrumb"},"inLanguage":"ro-RO","potentialAction":[{"@type":"ReadAction","target":["https:\/\/multi-mam.com\/ro\/articole\/"]}]},{"@type":"ImageObject","inLanguage":"ro-RO","@id":"https:\/\/multi-mam.com\/ro\/articole\/#primaryimage","url":"https:\/\/multi-mam.com\/cdn-cgi\/image\/format=auto\/app\/uploads\/sites\/19\/2022\/12\/SarahT-with-1-month-baby-159-1400x933-1.jpeg","contentUrl":"https:\/\/multi-mam.com\/cdn-cgi\/image\/format=auto\/app\/uploads\/sites\/19\/2022\/12\/SarahT-with-1-month-baby-159-1400x933-1.jpeg"},{"@type":"BreadcrumbList","@id":"https:\/\/multi-mam.com\/ro\/articole\/#breadcrumb","itemListElement":[{"@type":"ListItem","position":1,"name":"Home","item":"https:\/\/multi-mam.com\/ro\/"},{"@type":"ListItem","position":2,"name":"Articole"}]},{"@type":"WebSite","@id":"https:\/\/multi-mam.com\/ro\/#website","url":"https:\/\/multi-mam.com\/ro\/","name":"Multi-Mam","description":"","publisher":{"@id":"https:\/\/multi-mam.com\/ro\/#organization"},"potentialAction":[{"@type":"SearchAction","target":{"@type":"EntryPoint","urlTemplate":"https:\/\/multi-mam.com\/ro\/?s={search_term_string}"},"query-input":{"@type":"PropertyValueSpecification","valueRequired":true,"valueName":"search_term_string"}}],"inLanguage":"ro-RO"},{"@type":"Organization","@id":"https:\/\/multi-mam.com\/ro\/#organization","name":"Multi-Mam","url":"https:\/\/multi-mam.com\/ro\/","logo":{"@type":"ImageObject","inLanguage":"ro-RO","@id":"https:\/\/multi-mam.com\/ro\/#\/schema\/logo\/image\/","url":"https:\/\/multi-mam.com\/app\/uploads\/sites\/19\/2022\/11\/multi-mam-logotype.png","contentUrl":"https:\/\/multi-mam.com\/app\/uploads\/sites\/19\/2022\/11\/multi-mam-logotype.png","width":70,"height":96,"caption":"Multi-Mam"},"image":{"@id":"https:\/\/multi-mam.com\/ro\/#\/schema\/logo\/image\/"}}]}},"_links":{"self":[{"href":"https:\/\/multi-mam.com\/ro\/wp-json\/wp\/v2\/pages\/158","targetHints":{"allow":["GET"]}}],"collection":[{"href":"https:\/\/multi-mam.com\/ro\/wp-json\/wp\/v2\/pages"}],"about":[{"href":"https:\/\/multi-mam.com\/ro\/wp-json\/wp\/v2\/types\/page"}],"author":[{"embeddable":true,"href":"https:\/\/multi-mam.com\/ro\/wp-json\/wp\/v2\/users\/2"}],"replies":[{"embeddable":true,"href":"https:\/\/multi-mam.com\/ro\/wp-json\/wp\/v2\/comments?post=158"}],"version-history":[{"count":9,"href":"https:\/\/multi-mam.com\/ro\/wp-json\/wp\/v2\/pages\/158\/revisions"}],"predecessor-version":[{"id":467,"href":"https:\/\/multi-mam.com\/ro\/wp-json\/wp\/v2\/pages\/158\/revisions\/467"}],"wp:attachment":[{"href":"https:\/\/multi-mam.com\/ro\/wp-json\/wp\/v2\/media?parent=158"}],"wp:term":[{"taxonomy":"from-article-database","embeddable":true,"href":"https:\/\/multi-mam.com\/ro\/wp-json\/wp\/v2\/from-article-database?post=158"}],"curies":[{"name":"wp","href":"https:\/\/api.w.org\/{rel}","templated":true}]}}