{"id":117,"date":"2022-11-25T11:52:48","date_gmt":"2022-11-25T10:52:48","guid":{"rendered":"https:\/\/multi-mam.com\/ro\/?page_id=117"},"modified":"2023-06-26T14:31:58","modified_gmt":"2023-06-26T12:31:58","slug":"oboseala","status":"publish","type":"page","link":"https:\/\/multi-mam.com\/ro\/alaptarea\/oboseala\/","title":{"rendered":"Oboseala"},"content":{"rendered":"\n<div class=\"wp-block-karopharma-free-text pt-large pb-large bg-center bg-cover bg-no-repeat\" style=\"background-image:url(https:\/\/multi-mam.com\/cdn-cgi\/image\/format=auto\/app\/uploads\/sites\/19\/2022\/11\/Hintergrund-faq.jpeg)\"><div class=\"free-text-wrapper container max-w-medium text-left\">\n<div style=\"height:100px\" aria-hidden=\"true\" class=\"wp-block-spacer is-style-responsive-medium\"><\/div>\n\n\n\n<h1 class=\"has-white-color has-text-color wp-block-heading\">Oboseala \u0219i al\u0103ptarea<\/h1>\n\n\n\n<p class=\"has-white-color has-text-color\">Dac\u0103 adormi\u021bi adesea \u00een timpul \u0219edin\u021belor de al\u0103ptare sau sim\u021bi\u021bi somnolen\u021b\u0103 dup\u0103 ce v\u0103 al\u0103pta\u021bi copilul, cu siguran\u021b\u0103 nu sunte\u021bi singura.<\/p>\n\n\n\n<div style=\"height:100px\" aria-hidden=\"true\" class=\"wp-block-spacer is-style-responsive-medium\"><\/div>\n<\/div><\/div>\n\n\n\n<div class=\"wp-block-karopharma-free-text pt-large pb-large bg-center bg-cover bg-no-repeat\" style=\"background-image:url()\"><div class=\"free-text-wrapper container max-w-medium text-left\">\n<p>Oboseala este una dintre problemele obi\u0219nuite de al\u0103ptare \u0219i nu trebuie s\u0103 v\u0103 face\u021bi griji. Oboseala v\u0103 poate afecta secre\u021bia de lapte \u0219i v\u0103 poate declan\u0219a stresul, deoarece s-ar putea s\u0103 v\u0103 face\u021bi griji c\u0103 nu ave\u021bi suficient\u0103 hran\u0103 pentru copil. Acest lucru poate reduce \u0219i mai mult produc\u021bia de lapte, declan\u0219\u00e2nd un ciclu vicios. Din p\u0103cate, acest stres \u0219i oboseal\u0103, combinate cu alte probleme de al\u0103ptare, cum ar fi mameloanele dureroase, fac ca femeile s\u0103 renun\u021be la al\u0103ptare mai devreme dec\u00e2t era planificat.<\/p>\n\n\n\n<h2 class=\"is-style-heading-h2 wp-block-heading\">De ce al\u0103ptarea te obose\u0219te?<\/h2>\n\n\n\n<p>De fapt, majoritatea noilor mame se simt obosite, indiferent dac\u0103 al\u0103pteaz\u0103 sau nu. \u0218i cine nu, av\u00e2nd \u00een vedere nop\u021bile nedormite \u0219i sentimentele de cople\u0219ire din nevoia constant\u0103 de aten\u021bie a bebelu\u0219ului? Dar c\u00e2nd al\u0103pta\u021bi, exist\u0103 un alt vinovat care v\u0103 poate face s\u0103 c\u0103sca\u021bi \u2013 hormonii. C\u00e2nd \u00eencepe\u021bi s\u0103 al\u0103pta\u021bi bebelu\u0219ul, creierul elibereaz\u0103 hormonul oxitocin\u0103 pentru a spune mu\u0219chilor \u0219i canalelor galactofore din s\u00e2ni c\u0103 este timpul s\u0103 elibereze laptele. De asemenea, oxitocina face ca uterul s\u0103 se contracte dup\u0103 na\u0219tere, limiteaz\u0103 pierderile de s\u00e2nge \u0219i stimuleaz\u0103 vindecarea. Reduce chiar \u0219i stresul \u0219i scade tensiunea arterial\u0103. Dezavantajul este c\u0103 oxitocina te poate face at\u00e2t de relaxat\u0103 \u00eenc\u00e2t sim\u021bi somnolen\u021b\u0103 \u0219i oboseal\u0103 \u00een timpul al\u0103pt\u0103rii. Deci, dac\u0103 apare somnolen\u021ba \u00een timp ce bebelu\u0219ul m\u0103n\u00e2nc\u0103, \u0219tii c\u0103 oxitocina \u00ee\u0219i face treaba!<\/p>\n\n\n\n<h2 class=\"is-style-heading-h2 wp-block-heading\">Cum s\u0103 comba\u021bi somnolen\u021ba atunci c\u00e2nd al\u0103ptezi<\/h2>\n\n\n\n<p>\u00cencerca\u021bi aceste sfaturi utile pentru a combate oboseala asociat\u0103 cu al\u0103ptarea \u0219i na\u0219terea:<\/p>\n\n\n\n<p><strong>Roag\u0103-\u021bi partenerul s\u0103 te ajute \u00een timpul nop\u021bii.<\/strong>&nbsp;Partenerul dumneavoastr\u0103 nu poate s\u0103 al\u0103pteze copilul, dar acesta \u00eel poate aduce la s\u00e2n, poate schimba scutecul \u0219i poate ajuta s\u0103 adoarm\u0103 copilul.<\/p>\n\n\n\n<p><strong>Dormi c\u00e2nd bebelu\u0219ul t\u0103u doarme.<\/strong>&nbsp;\u00cencearc\u0103 s\u0103 nu folose\u0219ti acest timp pentru a face treburi, \u00eencearc\u0103 s\u0103 te odihne\u0219ti. \u2013 un pui de somn poate face minuni pentru bun\u0103starea ta. \u0218i \u00een plus, merita\u021bi!<\/p>\n\n\n\n<p><strong>Ie\u0219i\u021bi la aer curat \u0219i face\u021bi mi\u0219care.&nbsp;<\/strong>Nu este nevoie s\u0103 merge\u021bi la sal\u0103 sau s\u0103 \u00eencepe\u021bi antrenamentul pentru un maraton pentru a beneficia de mi\u0219care. Doar s\u0103 lua\u021bi copilul la plimb\u0103ri zilnice afar\u0103 v\u0103 poate ajuta s\u0103 v\u0103 sim\u021bi\u021bi mai energizat\u0103 \u0219i mai pu\u021bin obosit\u0103.<\/p>\n\n\n\n<p><strong>Concentra\u021bi-v\u0103 asupra dietei \u0219i nutri\u021biei.<\/strong>&nbsp;C\u00e2nd al\u0103pta\u021bi, trebuie s\u0103 m\u00e2nca\u021bi mai multe calorii. O diet\u0103 echilibrat\u0103, plin\u0103 de proteine \u0219i al\u021bi nutrien\u021bi, v\u0103 va ajuta s\u0103 \u021bine\u021bi pasul cu bebelu\u0219ul \u0219i s\u0103 v\u0103 cre\u0219te\u021bi cantitatea de lapte.<\/p>\n\n\n\n<p>\u00cen unele cazuri, oboseala este cauzat\u0103 de o rezerv\u0103 a laptelui \u00een canalele de lapte. Aceasta se nume\u0219te mastit\u0103 \u0219i poate duce la s\u00e2ni umfla\u021bi \u0219i inflama\u021bi. Dac\u0103 crede\u021bi c\u0103 mastita sau o alt\u0103 boal\u0103 poate fi de vin\u0103 pentru oboseala dumneavoastr\u0103, ar trebui s\u0103 contacta\u021bi un medic pentru a ob\u021bine un diagnostic \u0219i un tratament adecvat.<\/p>\n<\/div><\/div>\n","protected":false},"excerpt":{"rendered":"","protected":false},"author":2,"featured_media":0,"parent":106,"menu_order":0,"comment_status":"closed","ping_status":"closed","template":"","meta":{"_acf_changed":false,"footnotes":""},"from-article-database":[],"class_list":["post-117","page","type-page","status-publish","hentry"],"acf":[],"yoast_head":"<!-- This site is optimized with the Yoast SEO plugin v26.6 - https:\/\/yoast.com\/wordpress\/plugins\/seo\/ -->\n<title>Oboseala - Multi-Mam<\/title>\n<meta name=\"description\" content=\"Oboseala este una dintre problemele obi\u0219nuite de al\u0103ptare \u0219i nu trebuie s\u0103 v\u0103 face\u021bi griji. Oboseala v\u0103 poate afecta secre\u021bia de lapte \u0219i v\u0103 poate declan\u0219a stresul, deoarece s-ar putea s\u0103 v\u0103 face\u021bi griji c\u0103 nu ave\u021bi suficient\u0103 hran\u0103 pentru copil.\" \/>\n<meta name=\"robots\" content=\"index, follow, max-snippet:-1, max-image-preview:large, max-video-preview:-1\" \/>\n<link rel=\"canonical\" href=\"https:\/\/multi-mam.com\/ro\/alaptarea\/oboseala\/\" \/>\n<meta property=\"og:locale\" content=\"ro_RO\" \/>\n<meta property=\"og:type\" content=\"article\" \/>\n<meta property=\"og:title\" content=\"Oboseala - Multi-Mam\" \/>\n<meta property=\"og:description\" content=\"Oboseala este una dintre problemele obi\u0219nuite de al\u0103ptare \u0219i nu trebuie s\u0103 v\u0103 face\u021bi griji. Oboseala v\u0103 poate afecta secre\u021bia de lapte \u0219i v\u0103 poate declan\u0219a stresul, deoarece s-ar putea s\u0103 v\u0103 face\u021bi griji c\u0103 nu ave\u021bi suficient\u0103 hran\u0103 pentru copil.\" \/>\n<meta property=\"og:url\" content=\"https:\/\/multi-mam.com\/ro\/alaptarea\/oboseala\/\" \/>\n<meta property=\"og:site_name\" content=\"Multi-Mam\" \/>\n<meta property=\"article:modified_time\" content=\"2023-06-26T12:31:58+00:00\" \/>\n<meta name=\"twitter:card\" content=\"summary_large_image\" \/>\n<meta name=\"twitter:label1\" content=\"Timp estimat pentru citire\" \/>\n\t<meta name=\"twitter:data1\" content=\"3 minute\" \/>\n<script type=\"application\/ld+json\" class=\"yoast-schema-graph\">{\"@context\":\"https:\/\/schema.org\",\"@graph\":[{\"@type\":\"WebPage\",\"@id\":\"https:\/\/multi-mam.com\/ro\/alaptarea\/oboseala\/\",\"url\":\"https:\/\/multi-mam.com\/ro\/alaptarea\/oboseala\/\",\"name\":\"Oboseala - Multi-Mam\",\"isPartOf\":{\"@id\":\"https:\/\/multi-mam.com\/ro\/#website\"},\"datePublished\":\"2022-11-25T10:52:48+00:00\",\"dateModified\":\"2023-06-26T12:31:58+00:00\",\"description\":\"Oboseala este una dintre problemele obi\u0219nuite de al\u0103ptare \u0219i nu trebuie s\u0103 v\u0103 face\u021bi griji. Oboseala v\u0103 poate afecta secre\u021bia de lapte \u0219i v\u0103 poate declan\u0219a stresul, deoarece s-ar putea s\u0103 v\u0103 face\u021bi griji c\u0103 nu ave\u021bi suficient\u0103 hran\u0103 pentru copil.\",\"breadcrumb\":{\"@id\":\"https:\/\/multi-mam.com\/ro\/alaptarea\/oboseala\/#breadcrumb\"},\"inLanguage\":\"ro-RO\",\"potentialAction\":[{\"@type\":\"ReadAction\",\"target\":[\"https:\/\/multi-mam.com\/ro\/alaptarea\/oboseala\/\"]}]},{\"@type\":\"BreadcrumbList\",\"@id\":\"https:\/\/multi-mam.com\/ro\/alaptarea\/oboseala\/#breadcrumb\",\"itemListElement\":[{\"@type\":\"ListItem\",\"position\":1,\"name\":\"Home\",\"item\":\"https:\/\/multi-mam.com\/ro\/\"},{\"@type\":\"ListItem\",\"position\":2,\"name\":\"Al\u0103ptarea\",\"item\":\"https:\/\/multi-mam.com\/ro\/alaptarea\/\"},{\"@type\":\"ListItem\",\"position\":3,\"name\":\"Oboseala\"}]},{\"@type\":\"WebSite\",\"@id\":\"https:\/\/multi-mam.com\/ro\/#website\",\"url\":\"https:\/\/multi-mam.com\/ro\/\",\"name\":\"Multi-Mam\",\"description\":\"\",\"publisher\":{\"@id\":\"https:\/\/multi-mam.com\/ro\/#organization\"},\"potentialAction\":[{\"@type\":\"SearchAction\",\"target\":{\"@type\":\"EntryPoint\",\"urlTemplate\":\"https:\/\/multi-mam.com\/ro\/?s={search_term_string}\"},\"query-input\":{\"@type\":\"PropertyValueSpecification\",\"valueRequired\":true,\"valueName\":\"search_term_string\"}}],\"inLanguage\":\"ro-RO\"},{\"@type\":\"Organization\",\"@id\":\"https:\/\/multi-mam.com\/ro\/#organization\",\"name\":\"Multi-Mam\",\"url\":\"https:\/\/multi-mam.com\/ro\/\",\"logo\":{\"@type\":\"ImageObject\",\"inLanguage\":\"ro-RO\",\"@id\":\"https:\/\/multi-mam.com\/ro\/#\/schema\/logo\/image\/\",\"url\":\"https:\/\/multi-mam.com\/app\/uploads\/sites\/19\/2022\/11\/multi-mam-logotype.png\",\"contentUrl\":\"https:\/\/multi-mam.com\/app\/uploads\/sites\/19\/2022\/11\/multi-mam-logotype.png\",\"width\":70,\"height\":96,\"caption\":\"Multi-Mam\"},\"image\":{\"@id\":\"https:\/\/multi-mam.com\/ro\/#\/schema\/logo\/image\/\"}}]}<\/script>\n<!-- \/ Yoast SEO plugin. -->","yoast_head_json":{"title":"Oboseala - Multi-Mam","description":"Oboseala este una dintre problemele obi\u0219nuite de al\u0103ptare \u0219i nu trebuie s\u0103 v\u0103 face\u021bi griji. Oboseala v\u0103 poate afecta secre\u021bia de lapte \u0219i v\u0103 poate declan\u0219a stresul, deoarece s-ar putea s\u0103 v\u0103 face\u021bi griji c\u0103 nu ave\u021bi suficient\u0103 hran\u0103 pentru copil.","robots":{"index":"index","follow":"follow","max-snippet":"max-snippet:-1","max-image-preview":"max-image-preview:large","max-video-preview":"max-video-preview:-1"},"canonical":"https:\/\/multi-mam.com\/ro\/alaptarea\/oboseala\/","og_locale":"ro_RO","og_type":"article","og_title":"Oboseala - Multi-Mam","og_description":"Oboseala este una dintre problemele obi\u0219nuite de al\u0103ptare \u0219i nu trebuie s\u0103 v\u0103 face\u021bi griji. Oboseala v\u0103 poate afecta secre\u021bia de lapte \u0219i v\u0103 poate declan\u0219a stresul, deoarece s-ar putea s\u0103 v\u0103 face\u021bi griji c\u0103 nu ave\u021bi suficient\u0103 hran\u0103 pentru copil.","og_url":"https:\/\/multi-mam.com\/ro\/alaptarea\/oboseala\/","og_site_name":"Multi-Mam","article_modified_time":"2023-06-26T12:31:58+00:00","twitter_card":"summary_large_image","twitter_misc":{"Timp estimat pentru citire":"3 minute"},"schema":{"@context":"https:\/\/schema.org","@graph":[{"@type":"WebPage","@id":"https:\/\/multi-mam.com\/ro\/alaptarea\/oboseala\/","url":"https:\/\/multi-mam.com\/ro\/alaptarea\/oboseala\/","name":"Oboseala - Multi-Mam","isPartOf":{"@id":"https:\/\/multi-mam.com\/ro\/#website"},"datePublished":"2022-11-25T10:52:48+00:00","dateModified":"2023-06-26T12:31:58+00:00","description":"Oboseala este una dintre problemele obi\u0219nuite de al\u0103ptare \u0219i nu trebuie s\u0103 v\u0103 face\u021bi griji. Oboseala v\u0103 poate afecta secre\u021bia de lapte \u0219i v\u0103 poate declan\u0219a stresul, deoarece s-ar putea s\u0103 v\u0103 face\u021bi griji c\u0103 nu ave\u021bi suficient\u0103 hran\u0103 pentru copil.","breadcrumb":{"@id":"https:\/\/multi-mam.com\/ro\/alaptarea\/oboseala\/#breadcrumb"},"inLanguage":"ro-RO","potentialAction":[{"@type":"ReadAction","target":["https:\/\/multi-mam.com\/ro\/alaptarea\/oboseala\/"]}]},{"@type":"BreadcrumbList","@id":"https:\/\/multi-mam.com\/ro\/alaptarea\/oboseala\/#breadcrumb","itemListElement":[{"@type":"ListItem","position":1,"name":"Home","item":"https:\/\/multi-mam.com\/ro\/"},{"@type":"ListItem","position":2,"name":"Al\u0103ptarea","item":"https:\/\/multi-mam.com\/ro\/alaptarea\/"},{"@type":"ListItem","position":3,"name":"Oboseala"}]},{"@type":"WebSite","@id":"https:\/\/multi-mam.com\/ro\/#website","url":"https:\/\/multi-mam.com\/ro\/","name":"Multi-Mam","description":"","publisher":{"@id":"https:\/\/multi-mam.com\/ro\/#organization"},"potentialAction":[{"@type":"SearchAction","target":{"@type":"EntryPoint","urlTemplate":"https:\/\/multi-mam.com\/ro\/?s={search_term_string}"},"query-input":{"@type":"PropertyValueSpecification","valueRequired":true,"valueName":"search_term_string"}}],"inLanguage":"ro-RO"},{"@type":"Organization","@id":"https:\/\/multi-mam.com\/ro\/#organization","name":"Multi-Mam","url":"https:\/\/multi-mam.com\/ro\/","logo":{"@type":"ImageObject","inLanguage":"ro-RO","@id":"https:\/\/multi-mam.com\/ro\/#\/schema\/logo\/image\/","url":"https:\/\/multi-mam.com\/app\/uploads\/sites\/19\/2022\/11\/multi-mam-logotype.png","contentUrl":"https:\/\/multi-mam.com\/app\/uploads\/sites\/19\/2022\/11\/multi-mam-logotype.png","width":70,"height":96,"caption":"Multi-Mam"},"image":{"@id":"https:\/\/multi-mam.com\/ro\/#\/schema\/logo\/image\/"}}]}},"_links":{"self":[{"href":"https:\/\/multi-mam.com\/ro\/wp-json\/wp\/v2\/pages\/117","targetHints":{"allow":["GET"]}}],"collection":[{"href":"https:\/\/multi-mam.com\/ro\/wp-json\/wp\/v2\/pages"}],"about":[{"href":"https:\/\/multi-mam.com\/ro\/wp-json\/wp\/v2\/types\/page"}],"author":[{"embeddable":true,"href":"https:\/\/multi-mam.com\/ro\/wp-json\/wp\/v2\/users\/2"}],"replies":[{"embeddable":true,"href":"https:\/\/multi-mam.com\/ro\/wp-json\/wp\/v2\/comments?post=117"}],"version-history":[{"count":2,"href":"https:\/\/multi-mam.com\/ro\/wp-json\/wp\/v2\/pages\/117\/revisions"}],"predecessor-version":[{"id":400,"href":"https:\/\/multi-mam.com\/ro\/wp-json\/wp\/v2\/pages\/117\/revisions\/400"}],"up":[{"embeddable":true,"href":"https:\/\/multi-mam.com\/ro\/wp-json\/wp\/v2\/pages\/106"}],"wp:attachment":[{"href":"https:\/\/multi-mam.com\/ro\/wp-json\/wp\/v2\/media?parent=117"}],"wp:term":[{"taxonomy":"from-article-database","embeddable":true,"href":"https:\/\/multi-mam.com\/ro\/wp-json\/wp\/v2\/from-article-database?post=117"}],"curies":[{"name":"wp","href":"https:\/\/api.w.org\/{rel}","templated":true}]}}