{"id":101,"date":"2022-11-25T11:46:19","date_gmt":"2022-11-25T10:46:19","guid":{"rendered":"https:\/\/multi-mam.com\/ro\/?page_id=101"},"modified":"2023-06-26T14:31:35","modified_gmt":"2023-06-26T12:31:35","slug":"mameloane-dureroase","status":"publish","type":"page","link":"https:\/\/multi-mam.com\/ro\/alaptarea\/mameloane-dureroase\/","title":{"rendered":"Mameloane dureroase"},"content":{"rendered":"\n<div class=\"wp-block-karopharma-free-text pt-large pb-large bg-center bg-cover bg-no-repeat\" style=\"background-image:url(https:\/\/multi-mam.com\/cdn-cgi\/image\/format=auto\/app\/uploads\/sites\/19\/2022\/11\/Hintergrund-faq.jpeg)\"><div class=\"free-text-wrapper container max-w-medium text-left\">\n<div style=\"height:100px\" aria-hidden=\"true\" class=\"wp-block-spacer is-style-responsive-medium\"><\/div>\n\n\n\n<h1 class=\"has-white-color has-text-color wp-block-heading\">Mameloane inflamate \u00een timpul al\u0103pt\u0103rii<\/h1>\n\n\n\n<p class=\"has-white-color has-text-color\">Al\u0103ptarea poate fi un moment minunat pentru a crea o leg\u0103tur\u0103 \u00eentre tine \u0219i bebelu\u0219ul t\u0103u, pentru a intra \u00een contact piele cu piele \u0219i pentru a v\u0103 cunoa\u0219te reciproc. Dup\u0103 cum v\u0103 pot spune multe proaspete m\u0103mici, poate fi \u0219i un moment al inflam\u0103rii mameloanelor \u0219i al apari\u021biei durerilor.<\/p>\n\n\n\n<div style=\"height:100px\" aria-hidden=\"true\" class=\"wp-block-spacer is-style-responsive-medium\"><\/div>\n<\/div><\/div>\n\n\n\n<div class=\"wp-block-karopharma-free-text pt-large pb-large bg-center bg-cover bg-no-repeat\" style=\"background-image:url()\"><div class=\"free-text-wrapper container max-w-medium text-left\">\n<p>De\u0219i durerile de al\u0103ptare datorate mameloanelor cr\u0103pate \u0219i dureroase sunt frecvente, nu este ceva ce ar trebui s\u0103 accepta\u021bi ca fiind normal. Chiar \u0219i durerile scurte de al\u0103ptare pot provoca daune mameloanelor \u0219i v\u0103 pot d\u0103una secre\u021biei de lapte. Durerea provocat\u0103 de sf\u00e2rcurile dureroase \u0219i cr\u0103pate poate chiar s\u0103 v\u0103 fac\u0103 s\u0103 dori\u021bi s\u0103 renun\u021ba\u021bi la al\u0103ptare.<\/p>\n\n\n\n<h2 class=\"is-style-heading-h2 wp-block-heading\">Ce cauzeaz\u0103 durerea mameloanelor?<\/h2>\n\n\n\n<p>C\u00e2nd bebelu\u0219ii sunt nou-n\u0103scu\u021bi, de obicei \u00ee\u0219i doresc s\u0103 fie al\u0103pta\u021bi des, iar sf\u00e2rcurile tale pot deveni dureroase \u0219i se pot cr\u0103pa pur \u0219i simplu pentru c\u0103 nu sunt obi\u0219nuite cu suptul. O alt\u0103 cauz\u0103 obi\u0219nuit\u0103 a durerii este aceea c\u0103 bebelu\u0219ul nu are o ata\u0219are corect\u0103 la s\u00e2n pentru al\u0103ptare. C\u00e2nd bebelu\u0219ul are o prindere bun\u0103, gura se deschide larg \u00een jurul s\u00e2nului \u0219i mamelonul se afl\u0103 mult \u00eenapoi \u00een gura copilului. Limba bebelu\u0219ului ar trebui s\u0103 se lipeasc\u0103 de areol\u0103 pentru a scoate laptele, nu doar s\u0103 sug\u0103 sau s\u0103 mestece mamelonul. \u00cen mod ciudat, bebelu\u0219ii nu \u0219tiu instinctiv s\u0103 se ata\u0219eze corect, este ceva ce tu \u0219i bebelu\u0219ul t\u0103u trebuie s\u0103 exersa\u021bi \u00eempreun\u0103 \u0219i poate dura ceva timp p\u00e2n\u0103 c\u00e2nd am\u00e2ndoi ve\u021bi ob\u021bine rezultatul dorit.<\/p>\n\n\n\n<h2 class=\"is-style-heading-h2 wp-block-heading\">Care sunt simptomele?<\/h2>\n\n\n\n<p>Durerea mamelonului este un simptom al unei ata\u0219\u0103ri incorecte a guri\u021bei copilului la s\u00e2n, dar s-ar putea s\u0103 observ\u0103m \u0219i c\u0103 mameloanele sunt deformate, cr\u0103pate sau dureroase dup\u0103 al\u0103ptare. Un alt semn al ata\u0219\u0103rii incorecte este c\u0103 bebelu\u0219ul mu\u0219c\u0103 mamelonul, se agit\u0103 \u0219i face zgomot \u00een timpul al\u0103pt\u0103rii. Pe termen lung, este posibil ca bebelu\u0219ul s\u0103 nu c\u00e2\u0219tige bine \u00een greutate, deoarece nu prime\u0219te suficient pentru a m\u00e2nca \u00een timpul al\u0103pt\u0103rii.<\/p>\n\n\n\n<h2 class=\"is-style-heading-h2 wp-block-heading\">Remedii pentru durerile din timpul al\u0103pt\u0103rii<\/h2>\n\n\n\n<p>Odat\u0103 ce bebelu\u0219ul dumneavoastr\u0103 \u00eenva\u021b\u0103 s\u0103 se ata\u0219eze corect la s\u00e2n, durerea mamelonului \u0219i mameloanele cr\u0103pate vor deveni probabil un lucru din trecut. P\u00e2n\u0103 atunci, exist\u0103 mai multe produse de auto-\u00eengrijire care v\u0103 pot ajuta s\u0103 ajunge\u021bi la magia al\u0103pt\u0103rii. Pentru ameliorarea rapid\u0103 a durerii, umfl\u0103turilor \u0219i sensibilit\u0103\u021bii, \u00eencerca\u021bi s\u0103 aplica\u021bi compresele Multi-Mam pe mameloane imediat dup\u0103 ce v\u0103 hr\u0103ni\u021bi copilul. Compresele creeaz\u0103 un mediu umed care calmeaz\u0103 mameloanele dureroase \u0219i stimuleaz\u0103 procesul natural de vindecare. Pentru a preveni r\u0103nirea mameloanelor, \u00een primul r\u00e2nd, aplica\u021bi u\u0219or Multi-Mam Lanolin sau Multi-Mam Protect pe mameloane cel pu\u021bin de dou\u0103 ori pe zi. Multi-Mam Lanolin este un produs complet natural provenit din gr\u0103sime natural\u0103 din l\u00e2n\u0103 ultra purificat\u0103, \u00een timp ce Multi-Mam Protect este o alternativ\u0103 pe baz\u0103 de uleiuri derivate din plante cu acela\u0219i efect. Ambele produse sunt inofensive pentru bebelu\u0219 atunci c\u00e2nd este al\u0103ptat.<\/p>\n<\/div><\/div>\n","protected":false},"excerpt":{"rendered":"","protected":false},"author":2,"featured_media":0,"parent":106,"menu_order":0,"comment_status":"closed","ping_status":"closed","template":"","meta":{"_acf_changed":false,"footnotes":""},"from-article-database":[],"class_list":["post-101","page","type-page","status-publish","hentry"],"acf":[],"yoast_head":"<!-- This site is optimized with the Yoast SEO plugin v26.6 - https:\/\/yoast.com\/wordpress\/plugins\/seo\/ -->\n<title>Mameloane dureroase - Multi-Mam<\/title>\n<meta name=\"description\" content=\"De\u0219i durerile de al\u0103ptare datorate mameloanelor cr\u0103pate \u0219i dureroase sunt frecvente, nu este ceva ce ar trebui s\u0103 accepta\u021bi ca fiind normal. Chiar \u0219i durerile scurte de al\u0103ptare pot provoca daune mameloanelor \u0219i v\u0103 pot d\u0103una secre\u021biei de lapte.\" \/>\n<meta name=\"robots\" content=\"index, follow, max-snippet:-1, max-image-preview:large, max-video-preview:-1\" \/>\n<link rel=\"canonical\" href=\"https:\/\/multi-mam.com\/ro\/alaptarea\/mameloane-dureroase\/\" \/>\n<meta property=\"og:locale\" content=\"ro_RO\" \/>\n<meta property=\"og:type\" content=\"article\" \/>\n<meta property=\"og:title\" content=\"Mameloane dureroase - Multi-Mam\" \/>\n<meta property=\"og:description\" content=\"De\u0219i durerile de al\u0103ptare datorate mameloanelor cr\u0103pate \u0219i dureroase sunt frecvente, nu este ceva ce ar trebui s\u0103 accepta\u021bi ca fiind normal. Chiar \u0219i durerile scurte de al\u0103ptare pot provoca daune mameloanelor \u0219i v\u0103 pot d\u0103una secre\u021biei de lapte.\" \/>\n<meta property=\"og:url\" content=\"https:\/\/multi-mam.com\/ro\/alaptarea\/mameloane-dureroase\/\" \/>\n<meta property=\"og:site_name\" content=\"Multi-Mam\" \/>\n<meta property=\"article:modified_time\" content=\"2023-06-26T12:31:35+00:00\" \/>\n<meta name=\"twitter:card\" content=\"summary_large_image\" \/>\n<meta name=\"twitter:label1\" content=\"Timp estimat pentru citire\" \/>\n\t<meta name=\"twitter:data1\" content=\"3 minute\" \/>\n<script type=\"application\/ld+json\" class=\"yoast-schema-graph\">{\"@context\":\"https:\/\/schema.org\",\"@graph\":[{\"@type\":\"WebPage\",\"@id\":\"https:\/\/multi-mam.com\/ro\/alaptarea\/mameloane-dureroase\/\",\"url\":\"https:\/\/multi-mam.com\/ro\/alaptarea\/mameloane-dureroase\/\",\"name\":\"Mameloane dureroase - Multi-Mam\",\"isPartOf\":{\"@id\":\"https:\/\/multi-mam.com\/ro\/#website\"},\"datePublished\":\"2022-11-25T10:46:19+00:00\",\"dateModified\":\"2023-06-26T12:31:35+00:00\",\"description\":\"De\u0219i durerile de al\u0103ptare datorate mameloanelor cr\u0103pate \u0219i dureroase sunt frecvente, nu este ceva ce ar trebui s\u0103 accepta\u021bi ca fiind normal. Chiar \u0219i durerile scurte de al\u0103ptare pot provoca daune mameloanelor \u0219i v\u0103 pot d\u0103una secre\u021biei de lapte.\",\"breadcrumb\":{\"@id\":\"https:\/\/multi-mam.com\/ro\/alaptarea\/mameloane-dureroase\/#breadcrumb\"},\"inLanguage\":\"ro-RO\",\"potentialAction\":[{\"@type\":\"ReadAction\",\"target\":[\"https:\/\/multi-mam.com\/ro\/alaptarea\/mameloane-dureroase\/\"]}]},{\"@type\":\"BreadcrumbList\",\"@id\":\"https:\/\/multi-mam.com\/ro\/alaptarea\/mameloane-dureroase\/#breadcrumb\",\"itemListElement\":[{\"@type\":\"ListItem\",\"position\":1,\"name\":\"Home\",\"item\":\"https:\/\/multi-mam.com\/ro\/\"},{\"@type\":\"ListItem\",\"position\":2,\"name\":\"Al\u0103ptarea\",\"item\":\"https:\/\/multi-mam.com\/ro\/alaptarea\/\"},{\"@type\":\"ListItem\",\"position\":3,\"name\":\"Mameloane dureroase\"}]},{\"@type\":\"WebSite\",\"@id\":\"https:\/\/multi-mam.com\/ro\/#website\",\"url\":\"https:\/\/multi-mam.com\/ro\/\",\"name\":\"Multi-Mam\",\"description\":\"\",\"publisher\":{\"@id\":\"https:\/\/multi-mam.com\/ro\/#organization\"},\"potentialAction\":[{\"@type\":\"SearchAction\",\"target\":{\"@type\":\"EntryPoint\",\"urlTemplate\":\"https:\/\/multi-mam.com\/ro\/?s={search_term_string}\"},\"query-input\":{\"@type\":\"PropertyValueSpecification\",\"valueRequired\":true,\"valueName\":\"search_term_string\"}}],\"inLanguage\":\"ro-RO\"},{\"@type\":\"Organization\",\"@id\":\"https:\/\/multi-mam.com\/ro\/#organization\",\"name\":\"Multi-Mam\",\"url\":\"https:\/\/multi-mam.com\/ro\/\",\"logo\":{\"@type\":\"ImageObject\",\"inLanguage\":\"ro-RO\",\"@id\":\"https:\/\/multi-mam.com\/ro\/#\/schema\/logo\/image\/\",\"url\":\"https:\/\/multi-mam.com\/app\/uploads\/sites\/19\/2022\/11\/multi-mam-logotype.png\",\"contentUrl\":\"https:\/\/multi-mam.com\/app\/uploads\/sites\/19\/2022\/11\/multi-mam-logotype.png\",\"width\":70,\"height\":96,\"caption\":\"Multi-Mam\"},\"image\":{\"@id\":\"https:\/\/multi-mam.com\/ro\/#\/schema\/logo\/image\/\"}}]}<\/script>\n<!-- \/ Yoast SEO plugin. -->","yoast_head_json":{"title":"Mameloane dureroase - Multi-Mam","description":"De\u0219i durerile de al\u0103ptare datorate mameloanelor cr\u0103pate \u0219i dureroase sunt frecvente, nu este ceva ce ar trebui s\u0103 accepta\u021bi ca fiind normal. Chiar \u0219i durerile scurte de al\u0103ptare pot provoca daune mameloanelor \u0219i v\u0103 pot d\u0103una secre\u021biei de lapte.","robots":{"index":"index","follow":"follow","max-snippet":"max-snippet:-1","max-image-preview":"max-image-preview:large","max-video-preview":"max-video-preview:-1"},"canonical":"https:\/\/multi-mam.com\/ro\/alaptarea\/mameloane-dureroase\/","og_locale":"ro_RO","og_type":"article","og_title":"Mameloane dureroase - Multi-Mam","og_description":"De\u0219i durerile de al\u0103ptare datorate mameloanelor cr\u0103pate \u0219i dureroase sunt frecvente, nu este ceva ce ar trebui s\u0103 accepta\u021bi ca fiind normal. Chiar \u0219i durerile scurte de al\u0103ptare pot provoca daune mameloanelor \u0219i v\u0103 pot d\u0103una secre\u021biei de lapte.","og_url":"https:\/\/multi-mam.com\/ro\/alaptarea\/mameloane-dureroase\/","og_site_name":"Multi-Mam","article_modified_time":"2023-06-26T12:31:35+00:00","twitter_card":"summary_large_image","twitter_misc":{"Timp estimat pentru citire":"3 minute"},"schema":{"@context":"https:\/\/schema.org","@graph":[{"@type":"WebPage","@id":"https:\/\/multi-mam.com\/ro\/alaptarea\/mameloane-dureroase\/","url":"https:\/\/multi-mam.com\/ro\/alaptarea\/mameloane-dureroase\/","name":"Mameloane dureroase - Multi-Mam","isPartOf":{"@id":"https:\/\/multi-mam.com\/ro\/#website"},"datePublished":"2022-11-25T10:46:19+00:00","dateModified":"2023-06-26T12:31:35+00:00","description":"De\u0219i durerile de al\u0103ptare datorate mameloanelor cr\u0103pate \u0219i dureroase sunt frecvente, nu este ceva ce ar trebui s\u0103 accepta\u021bi ca fiind normal. Chiar \u0219i durerile scurte de al\u0103ptare pot provoca daune mameloanelor \u0219i v\u0103 pot d\u0103una secre\u021biei de lapte.","breadcrumb":{"@id":"https:\/\/multi-mam.com\/ro\/alaptarea\/mameloane-dureroase\/#breadcrumb"},"inLanguage":"ro-RO","potentialAction":[{"@type":"ReadAction","target":["https:\/\/multi-mam.com\/ro\/alaptarea\/mameloane-dureroase\/"]}]},{"@type":"BreadcrumbList","@id":"https:\/\/multi-mam.com\/ro\/alaptarea\/mameloane-dureroase\/#breadcrumb","itemListElement":[{"@type":"ListItem","position":1,"name":"Home","item":"https:\/\/multi-mam.com\/ro\/"},{"@type":"ListItem","position":2,"name":"Al\u0103ptarea","item":"https:\/\/multi-mam.com\/ro\/alaptarea\/"},{"@type":"ListItem","position":3,"name":"Mameloane dureroase"}]},{"@type":"WebSite","@id":"https:\/\/multi-mam.com\/ro\/#website","url":"https:\/\/multi-mam.com\/ro\/","name":"Multi-Mam","description":"","publisher":{"@id":"https:\/\/multi-mam.com\/ro\/#organization"},"potentialAction":[{"@type":"SearchAction","target":{"@type":"EntryPoint","urlTemplate":"https:\/\/multi-mam.com\/ro\/?s={search_term_string}"},"query-input":{"@type":"PropertyValueSpecification","valueRequired":true,"valueName":"search_term_string"}}],"inLanguage":"ro-RO"},{"@type":"Organization","@id":"https:\/\/multi-mam.com\/ro\/#organization","name":"Multi-Mam","url":"https:\/\/multi-mam.com\/ro\/","logo":{"@type":"ImageObject","inLanguage":"ro-RO","@id":"https:\/\/multi-mam.com\/ro\/#\/schema\/logo\/image\/","url":"https:\/\/multi-mam.com\/app\/uploads\/sites\/19\/2022\/11\/multi-mam-logotype.png","contentUrl":"https:\/\/multi-mam.com\/app\/uploads\/sites\/19\/2022\/11\/multi-mam-logotype.png","width":70,"height":96,"caption":"Multi-Mam"},"image":{"@id":"https:\/\/multi-mam.com\/ro\/#\/schema\/logo\/image\/"}}]}},"_links":{"self":[{"href":"https:\/\/multi-mam.com\/ro\/wp-json\/wp\/v2\/pages\/101","targetHints":{"allow":["GET"]}}],"collection":[{"href":"https:\/\/multi-mam.com\/ro\/wp-json\/wp\/v2\/pages"}],"about":[{"href":"https:\/\/multi-mam.com\/ro\/wp-json\/wp\/v2\/types\/page"}],"author":[{"embeddable":true,"href":"https:\/\/multi-mam.com\/ro\/wp-json\/wp\/v2\/users\/2"}],"replies":[{"embeddable":true,"href":"https:\/\/multi-mam.com\/ro\/wp-json\/wp\/v2\/comments?post=101"}],"version-history":[{"count":5,"href":"https:\/\/multi-mam.com\/ro\/wp-json\/wp\/v2\/pages\/101\/revisions"}],"predecessor-version":[{"id":373,"href":"https:\/\/multi-mam.com\/ro\/wp-json\/wp\/v2\/pages\/101\/revisions\/373"}],"up":[{"embeddable":true,"href":"https:\/\/multi-mam.com\/ro\/wp-json\/wp\/v2\/pages\/106"}],"wp:attachment":[{"href":"https:\/\/multi-mam.com\/ro\/wp-json\/wp\/v2\/media?parent=101"}],"wp:term":[{"taxonomy":"from-article-database","embeddable":true,"href":"https:\/\/multi-mam.com\/ro\/wp-json\/wp\/v2\/from-article-database?post=101"}],"curies":[{"name":"wp","href":"https:\/\/api.w.org\/{rel}","templated":true}]}}