{"id":41,"date":"2023-04-18T07:58:55","date_gmt":"2023-04-18T06:58:55","guid":{"rendered":"https:\/\/multi-mam.com\/pt\/?post_type=product&#038;p=41"},"modified":"2025-09-30T08:45:53","modified_gmt":"2025-09-30T07:45:53","slug":"multi-mam-compressas","status":"publish","type":"product","link":"https:\/\/multi-mam.com\/pt\/produtos\/multi-mam-compressas\/","title":{"rendered":"Multi-Mam\u00ae Compressas"},"content":{"rendered":"\n<div class=\"wp-block-karopharma-accordions is-style-secondary\"><div class=\"container\">\n<details class=\"wp-block-karopharma-accordion\"><summary><h2 class=\"accordion-title\">Quando \u00e9 que devo aplicar as Compressas, antes ou depois da amamenta\u00e7\u00e3o?<\/h2><\/summary><div class=\"accordion-content\">\n<p>Recomendamos que aplique a compressa ap\u00f3s a mamada \u2013 caso aplique antes da mamada, a hidrata\u00e7\u00e3o pode dificultar a suc\u00e7\u00e3o do seu beb\u00e9.<\/p>\n<\/div><\/details>\n\n\n\n<details class=\"wp-block-karopharma-accordion\"><summary><h2 class=\"accordion-title\">Quanto tempo devo deixar a Compressa no mamilo?<\/h2><\/summary><div class=\"accordion-content\">\n<p>O ideal ser\u00e1 durante 30 minutos, mas no m\u00ednimo 10 minutos e no m\u00e1ximo 1 hora.<\/p>\n<\/div><\/details>\n\n\n\n<details class=\"wp-block-karopharma-accordion\"><summary><h2 class=\"accordion-title\">Quantas vezes posso utilizar a mesma Compressa?<\/h2><\/summary><div class=\"accordion-content\">\n<p>Cada compressa deve ser utilizada apenas uma vez. Deve ser deitada fora ap\u00f3s ser utilizada, por quest\u00f5es de higiene.<\/p>\n<\/div><\/details>\n\n\n\n<details class=\"wp-block-karopharma-accordion\"><summary><h2 class=\"accordion-title\">N\u00e3o tenho problemas ainda. \u00c9 bom utilizar as compressas como precau\u00e7\u00e3o?<\/h2><\/summary><div class=\"accordion-content\">\n<p>Sim, se os seus mamilos est\u00e3o doridos ap\u00f3s a amamenta\u00e7\u00e3o, as compressas proporcionam al\u00edvio. Se quiser utilizar um produto apenas como precau\u00e7\u00e3o recomendamos utilizar o Multi-Mam Protect. Devido \u00e0 suc\u00e7\u00e3o, a gordura protetora natural \u00e9 removida. Com o Multi-Mam Protect consegue repor a gordura natural da pele, que oferece prote\u00e7\u00e3o.<\/p>\n<\/div><\/details>\n\n\n\n<details class=\"wp-block-karopharma-accordion\"><summary><h2 class=\"accordion-title\">Se o meu beb\u00e9 engolir parte do gel das compressas, pode ser perigoso?<\/h2><\/summary><div class=\"accordion-content\">\n<p>N\u00e3o, o gel \u00e9 seguro para o seu beb\u00e9. N\u00e3o necessita de remover nenhum excesso de gel antes da amamenta\u00e7\u00e3o.<\/p>\n<\/div><\/details>\n<\/div><\/div>\n","protected":false},"excerpt":{"rendered":"<p>Cuidados suaves para o conforto durante a amamenta\u00e7\u00e3o<\/p>\n","protected":false},"featured_media":360,"comment_status":"closed","ping_status":"closed","template":"","meta":{"_acf_changed":false,"footnotes":""},"product_brand":[],"product_cat":[],"product_tag":[],"class_list":{"0":"post-41","1":"product","2":"type-product","3":"status-publish","4":"has-post-thumbnail","7":"first","8":"instock","9":"shipping-taxable","10":"product-type-simple"},"acf":[],"yoast_head":"<!-- This site is optimized with the Yoast SEO plugin v26.6 - https:\/\/yoast.com\/wordpress\/plugins\/seo\/ -->\n<title>Multi-Mam\u00ae Compressas - Multi-Mam<\/title>\n<meta name=\"description\" content=\"As compressas Multi-Mam foram especialmente concebidas para apoiar as m\u00e3es que amamentam, proporcionando um al\u00edvio refrescante instant\u00e2neo e um conforto calmante \u00e0 pele sens\u00edvel.\" \/>\n<meta name=\"robots\" content=\"index, follow, max-snippet:-1, max-image-preview:large, max-video-preview:-1\" \/>\n<link rel=\"canonical\" href=\"https:\/\/multi-mam.com\/pt\/produtos\/multi-mam-compressas\/\" \/>\n<meta property=\"og:locale\" content=\"pt_PT\" \/>\n<meta property=\"og:type\" content=\"article\" \/>\n<meta property=\"og:title\" content=\"Multi-Mam\u00ae Compressas - Multi-Mam\" \/>\n<meta property=\"og:description\" content=\"As compressas Multi-Mam foram especialmente concebidas para apoiar as m\u00e3es que amamentam, proporcionando um al\u00edvio refrescante instant\u00e2neo e um conforto calmante \u00e0 pele sens\u00edvel.\" \/>\n<meta property=\"og:url\" content=\"https:\/\/multi-mam.com\/pt\/produtos\/multi-mam-compressas\/\" \/>\n<meta property=\"og:site_name\" content=\"Multi-Mam\" \/>\n<meta property=\"article:modified_time\" content=\"2025-09-30T07:45:53+00:00\" \/>\n<meta property=\"og:image\" content=\"https:\/\/multi-mam.com\/app\/uploads\/sites\/26\/2023\/04\/MultiMam_Compresses.png\" \/>\n\t<meta property=\"og:image:width\" content=\"800\" \/>\n\t<meta property=\"og:image:height\" content=\"800\" \/>\n\t<meta property=\"og:image:type\" content=\"image\/png\" \/>\n<meta name=\"twitter:card\" content=\"summary_large_image\" \/>\n<meta name=\"twitter:label1\" content=\"Tempo estimado de leitura\" \/>\n\t<meta name=\"twitter:data1\" content=\"2 minutos\" \/>\n<script type=\"application\/ld+json\" class=\"yoast-schema-graph\">{\"@context\":\"https:\/\/schema.org\",\"@graph\":[{\"@type\":\"WebPage\",\"@id\":\"https:\/\/multi-mam.com\/pt\/produtos\/multi-mam-compressas\/\",\"url\":\"https:\/\/multi-mam.com\/pt\/produtos\/multi-mam-compressas\/\",\"name\":\"Multi-Mam\u00ae Compressas - Multi-Mam\",\"isPartOf\":{\"@id\":\"https:\/\/multi-mam.com\/pt\/#website\"},\"primaryImageOfPage\":{\"@id\":\"https:\/\/multi-mam.com\/pt\/produtos\/multi-mam-compressas\/#primaryimage\"},\"image\":{\"@id\":\"https:\/\/multi-mam.com\/pt\/produtos\/multi-mam-compressas\/#primaryimage\"},\"thumbnailUrl\":\"https:\/\/multi-mam.com\/app\/uploads\/sites\/26\/2023\/04\/MultiMam_Compresses.png\",\"datePublished\":\"2023-04-18T06:58:55+00:00\",\"dateModified\":\"2025-09-30T07:45:53+00:00\",\"description\":\"As compressas Multi-Mam foram especialmente concebidas para apoiar as m\u00e3es que amamentam, proporcionando um al\u00edvio refrescante instant\u00e2neo e um conforto calmante \u00e0 pele sens\u00edvel.\",\"breadcrumb\":{\"@id\":\"https:\/\/multi-mam.com\/pt\/produtos\/multi-mam-compressas\/#breadcrumb\"},\"inLanguage\":\"pt-PT\",\"potentialAction\":[{\"@type\":\"ReadAction\",\"target\":[\"https:\/\/multi-mam.com\/pt\/produtos\/multi-mam-compressas\/\"]}]},{\"@type\":\"ImageObject\",\"inLanguage\":\"pt-PT\",\"@id\":\"https:\/\/multi-mam.com\/pt\/produtos\/multi-mam-compressas\/#primaryimage\",\"url\":\"https:\/\/multi-mam.com\/app\/uploads\/sites\/26\/2023\/04\/MultiMam_Compresses.png\",\"contentUrl\":\"https:\/\/multi-mam.com\/app\/uploads\/sites\/26\/2023\/04\/MultiMam_Compresses.png\",\"width\":800,\"height\":800,\"caption\":\"Multi-Mam Compresses\"},{\"@type\":\"BreadcrumbList\",\"@id\":\"https:\/\/multi-mam.com\/pt\/produtos\/multi-mam-compressas\/#breadcrumb\",\"itemListElement\":[{\"@type\":\"ListItem\",\"position\":1,\"name\":\"Home\",\"item\":\"https:\/\/multi-mam.com\/pt\/\"},{\"@type\":\"ListItem\",\"position\":2,\"name\":\"Produtos\",\"item\":\"https:\/\/multi-mam.com\/pt\/produtos\/\"},{\"@type\":\"ListItem\",\"position\":3,\"name\":\"Multi-Mam\u00ae Compressas\"}]},{\"@type\":\"WebSite\",\"@id\":\"https:\/\/multi-mam.com\/pt\/#website\",\"url\":\"https:\/\/multi-mam.com\/pt\/\",\"name\":\"Multi-Mam\",\"description\":\"\",\"publisher\":{\"@id\":\"https:\/\/multi-mam.com\/pt\/#organization\"},\"potentialAction\":[{\"@type\":\"SearchAction\",\"target\":{\"@type\":\"EntryPoint\",\"urlTemplate\":\"https:\/\/multi-mam.com\/pt\/?s={search_term_string}\"},\"query-input\":{\"@type\":\"PropertyValueSpecification\",\"valueRequired\":true,\"valueName\":\"search_term_string\"}}],\"inLanguage\":\"pt-PT\"},{\"@type\":\"Organization\",\"@id\":\"https:\/\/multi-mam.com\/pt\/#organization\",\"name\":\"Multi-Mam\",\"url\":\"https:\/\/multi-mam.com\/pt\/\",\"logo\":{\"@type\":\"ImageObject\",\"inLanguage\":\"pt-PT\",\"@id\":\"https:\/\/multi-mam.com\/pt\/#\/schema\/logo\/image\/\",\"url\":\"https:\/\/multi-mam.com\/app\/uploads\/sites\/26\/2023\/04\/multi-mam-logotype.png\",\"contentUrl\":\"https:\/\/multi-mam.com\/app\/uploads\/sites\/26\/2023\/04\/multi-mam-logotype.png\",\"width\":70,\"height\":96,\"caption\":\"Multi-Mam\"},\"image\":{\"@id\":\"https:\/\/multi-mam.com\/pt\/#\/schema\/logo\/image\/\"}}]}<\/script>\n<!-- \/ Yoast SEO plugin. -->","yoast_head_json":{"title":"Multi-Mam\u00ae Compressas - Multi-Mam","description":"As compressas Multi-Mam foram especialmente concebidas para apoiar as m\u00e3es que amamentam, proporcionando um al\u00edvio refrescante instant\u00e2neo e um conforto calmante \u00e0 pele sens\u00edvel.","robots":{"index":"index","follow":"follow","max-snippet":"max-snippet:-1","max-image-preview":"max-image-preview:large","max-video-preview":"max-video-preview:-1"},"canonical":"https:\/\/multi-mam.com\/pt\/produtos\/multi-mam-compressas\/","og_locale":"pt_PT","og_type":"article","og_title":"Multi-Mam\u00ae Compressas - Multi-Mam","og_description":"As compressas Multi-Mam foram especialmente concebidas para apoiar as m\u00e3es que amamentam, proporcionando um al\u00edvio refrescante instant\u00e2neo e um conforto calmante \u00e0 pele sens\u00edvel.","og_url":"https:\/\/multi-mam.com\/pt\/produtos\/multi-mam-compressas\/","og_site_name":"Multi-Mam","article_modified_time":"2025-09-30T07:45:53+00:00","og_image":[{"width":800,"height":800,"url":"https:\/\/multi-mam.com\/app\/uploads\/sites\/26\/2023\/04\/MultiMam_Compresses.png","type":"image\/png"}],"twitter_card":"summary_large_image","twitter_misc":{"Tempo estimado de leitura":"2 minutos"},"schema":{"@context":"https:\/\/schema.org","@graph":[{"@type":"WebPage","@id":"https:\/\/multi-mam.com\/pt\/produtos\/multi-mam-compressas\/","url":"https:\/\/multi-mam.com\/pt\/produtos\/multi-mam-compressas\/","name":"Multi-Mam\u00ae Compressas - Multi-Mam","isPartOf":{"@id":"https:\/\/multi-mam.com\/pt\/#website"},"primaryImageOfPage":{"@id":"https:\/\/multi-mam.com\/pt\/produtos\/multi-mam-compressas\/#primaryimage"},"image":{"@id":"https:\/\/multi-mam.com\/pt\/produtos\/multi-mam-compressas\/#primaryimage"},"thumbnailUrl":"https:\/\/multi-mam.com\/app\/uploads\/sites\/26\/2023\/04\/MultiMam_Compresses.png","datePublished":"2023-04-18T06:58:55+00:00","dateModified":"2025-09-30T07:45:53+00:00","description":"As compressas Multi-Mam foram especialmente concebidas para apoiar as m\u00e3es que amamentam, proporcionando um al\u00edvio refrescante instant\u00e2neo e um conforto calmante \u00e0 pele sens\u00edvel.","breadcrumb":{"@id":"https:\/\/multi-mam.com\/pt\/produtos\/multi-mam-compressas\/#breadcrumb"},"inLanguage":"pt-PT","potentialAction":[{"@type":"ReadAction","target":["https:\/\/multi-mam.com\/pt\/produtos\/multi-mam-compressas\/"]}]},{"@type":"ImageObject","inLanguage":"pt-PT","@id":"https:\/\/multi-mam.com\/pt\/produtos\/multi-mam-compressas\/#primaryimage","url":"https:\/\/multi-mam.com\/app\/uploads\/sites\/26\/2023\/04\/MultiMam_Compresses.png","contentUrl":"https:\/\/multi-mam.com\/app\/uploads\/sites\/26\/2023\/04\/MultiMam_Compresses.png","width":800,"height":800,"caption":"Multi-Mam Compresses"},{"@type":"BreadcrumbList","@id":"https:\/\/multi-mam.com\/pt\/produtos\/multi-mam-compressas\/#breadcrumb","itemListElement":[{"@type":"ListItem","position":1,"name":"Home","item":"https:\/\/multi-mam.com\/pt\/"},{"@type":"ListItem","position":2,"name":"Produtos","item":"https:\/\/multi-mam.com\/pt\/produtos\/"},{"@type":"ListItem","position":3,"name":"Multi-Mam\u00ae Compressas"}]},{"@type":"WebSite","@id":"https:\/\/multi-mam.com\/pt\/#website","url":"https:\/\/multi-mam.com\/pt\/","name":"Multi-Mam","description":"","publisher":{"@id":"https:\/\/multi-mam.com\/pt\/#organization"},"potentialAction":[{"@type":"SearchAction","target":{"@type":"EntryPoint","urlTemplate":"https:\/\/multi-mam.com\/pt\/?s={search_term_string}"},"query-input":{"@type":"PropertyValueSpecification","valueRequired":true,"valueName":"search_term_string"}}],"inLanguage":"pt-PT"},{"@type":"Organization","@id":"https:\/\/multi-mam.com\/pt\/#organization","name":"Multi-Mam","url":"https:\/\/multi-mam.com\/pt\/","logo":{"@type":"ImageObject","inLanguage":"pt-PT","@id":"https:\/\/multi-mam.com\/pt\/#\/schema\/logo\/image\/","url":"https:\/\/multi-mam.com\/app\/uploads\/sites\/26\/2023\/04\/multi-mam-logotype.png","contentUrl":"https:\/\/multi-mam.com\/app\/uploads\/sites\/26\/2023\/04\/multi-mam-logotype.png","width":70,"height":96,"caption":"Multi-Mam"},"image":{"@id":"https:\/\/multi-mam.com\/pt\/#\/schema\/logo\/image\/"}}]}},"_links":{"self":[{"href":"https:\/\/multi-mam.com\/pt\/wp-json\/wp\/v2\/product\/41","targetHints":{"allow":["GET"]}}],"collection":[{"href":"https:\/\/multi-mam.com\/pt\/wp-json\/wp\/v2\/product"}],"about":[{"href":"https:\/\/multi-mam.com\/pt\/wp-json\/wp\/v2\/types\/product"}],"replies":[{"embeddable":true,"href":"https:\/\/multi-mam.com\/pt\/wp-json\/wp\/v2\/comments?post=41"}],"version-history":[{"count":10,"href":"https:\/\/multi-mam.com\/pt\/wp-json\/wp\/v2\/product\/41\/revisions"}],"predecessor-version":[{"id":366,"href":"https:\/\/multi-mam.com\/pt\/wp-json\/wp\/v2\/product\/41\/revisions\/366"}],"wp:featuredmedia":[{"embeddable":true,"href":"https:\/\/multi-mam.com\/pt\/wp-json\/wp\/v2\/media\/360"}],"wp:attachment":[{"href":"https:\/\/multi-mam.com\/pt\/wp-json\/wp\/v2\/media?parent=41"}],"wp:term":[{"taxonomy":"product_brand","embeddable":true,"href":"https:\/\/multi-mam.com\/pt\/wp-json\/wp\/v2\/product_brand?post=41"},{"taxonomy":"product_cat","embeddable":true,"href":"https:\/\/multi-mam.com\/pt\/wp-json\/wp\/v2\/product_cat?post=41"},{"taxonomy":"product_tag","embeddable":true,"href":"https:\/\/multi-mam.com\/pt\/wp-json\/wp\/v2\/product_tag?post=41"}],"curies":[{"name":"wp","href":"https:\/\/api.w.org\/{rel}","templated":true}]}}