{"id":99,"date":"2023-04-18T13:50:56","date_gmt":"2023-04-18T12:50:56","guid":{"rendered":"https:\/\/multi-mam.com\/pt\/?page_id=99"},"modified":"2023-04-19T09:15:12","modified_gmt":"2023-04-19T08:15:12","slug":"refluxo","status":"publish","type":"page","link":"https:\/\/multi-mam.com\/pt\/artigos\/amamentacao\/refluxo\/","title":{"rendered":"Refluxo"},"content":{"rendered":"\n<div class=\"wp-block-karopharma-free-text pt-large pb-large bg-center bg-cover bg-no-repeat  is-style-primary\" style=\"background-image:url()\"><div class=\"free-text-wrapper container max-w-medium text-left\">\n<h1 class=\"wp-block-heading\">Refluxo<\/h1>\n\n\n\n<p class=\"is-style-paragraph-preamble\">Poder\u00e1 notar que o seu beb\u00e9 bolsa leite durante a amamenta\u00e7\u00e3o ou pouco tempo depois, isto \u00e9 algo normal, chamado de refluxo e na maioria dos casos n\u00e3o apresenta raz\u00f5es para preocupa\u00e7\u00e3o. O refluxo acontece sempre que o seu beb\u00e9 consome mais leite do que o seu es\u00f3fago consegue suportar, fazendo com que o leite excessivo volte para a sua boca. As estat\u00edsticas dizem que 50% dos rec\u00e9m-nascidos t\u00eam refluxo diariamente, mas a maioria deles consegue ultrapass\u00e1-lo ap\u00f3s um ano de vida. Tanto os beb\u00e9s que s\u00e3o amamentados com leite materno ou com f\u00f3rmulas substitutas podem ter refluxo.<\/p>\n<\/div><\/div>\n\n\n\n<div class=\"wp-block-karopharma-free-text pt-large pb-large bg-center bg-cover bg-no-repeat\" style=\"background-image:url()\"><div class=\"free-text-wrapper container max-w-medium text-left\">\n<p>O refluxo pode ser silencioso, o seu beb\u00e9 pode engolir o leite que subiu, em vez de o expelir. Se reparar que o seu beb\u00e9 continua a engolir mesmo ap\u00f3s a alimenta\u00e7\u00e3o ter terminado, o principal respons\u00e1vel pode ser o refluxo silencioso.<\/p>\n\n\n\n<p>Caso aconte\u00e7a que o seu beb\u00e9 esteja muito faminto e comece a mamar muito rapidamente, se o seu peito estiver demasiado cheio, ou se o seu beb\u00e9 engolir muito ar por deixar cair o mamilo muitas vezes, \u00e9 bastante prov\u00e1vel que o refluxo aconte\u00e7a.<\/p>\n\n\n\n<p>Em alguns casos, o refluxo pode ser um sintoma de outros problemas, como por exemplo intoler\u00e2ncia ao leite de vaca ou doen\u00e7a do refluxo gastro esof\u00e1gico. No entanto, se o seu beb\u00e9 est\u00e1 a ganhar peso constantemente e n\u00e3o tem outros sintomas de desconforto, as possibilidades de ser algo mais do que apenas o desconforto de ter de andar sempre a limp\u00e1-lo s\u00e3o poucas, por isso n\u00e3o apresenta um problema m\u00e9dico.<\/p>\n\n\n\n<p>Se o refluxo acontecer v\u00e1rias vezes por dia ou se existirem outros sintomas, como por exemplo engasgar-se, problemas em engolir, irritabilidade, choro constante, v\u00f3mito verde ou amarelo, arqueia as costas durante a amamenta\u00e7\u00e3o ou n\u00e3o est\u00e1 a ganhar peso suficiente, deve visitar o m\u00e9dico.<\/p>\n\n\n\n<h2 class=\"is-style-heading-h2 wp-block-heading\">Como ajudar o seu beb\u00e9 com o refluxo<\/h2>\n\n\n\n<p>As recomenda\u00e7\u00f5es gerais que podem ajudar com o desconforto causado pelo refluxo s\u00e3o:<\/p>\n\n\n\n<ul class=\"is-style-default wp-block-list\"><li>Alimentar o seu beb\u00e9 segurando-o na vertical<\/li><li>Fazer com que o seu beb\u00e9 arrote ap\u00f3s cada mamada<\/li><li>Segurar o seu beb\u00e9 na vertical durante 20 minutos ou mais ap\u00f3s a mamada<\/li><li>Evite grandes pausas entre cada mamada para prevenir que o seu beb\u00e9 fique esfomeado e mame de forma mais agressiva<\/li><li>Se alimenta o seu beb\u00e9 com um biber\u00e3o, assegure-se que o buraco na tetina n\u00e3o \u00e9 demasiado largo, que faz com que saia muito leite rapidamente<\/li><li>Subir mais a extremidade do colch\u00e3o onde a cabe\u00e7a do seu beb\u00e9 fica para ter a cabe\u00e7a mais alta que os p\u00e9s, pode ajudar na regurgita\u00e7\u00e3o.<\/li><\/ul>\n\n\n\n<p>Se o refluxo do seu beb\u00e9 \u00e9 grave, o seu m\u00e9dico poder\u00e1 recomendar um dos tratamentos comuns para alivi\u00e1-lo. O primeiro passo \u00e9 verificar se o seu beb\u00e9 tem alergia ao leite de vaca. Corte o consumo de leite e produtos de vaca, como queijo e iogurte, e observe se o problema do beb\u00e9 se altera. Se se verificar que a prote\u00edna do leite da vaca n\u00e3o \u00e9 a causa do refluxo, o seu m\u00e9dico poder\u00e1 recomendar um anti\u00e1cido infantil, o que ajuda a neutralizar o \u00e1cido do estomago que pode causar dor e irrita\u00e7\u00e3o na garganta; ou adicionar um espessante ao seu leite retirado com bomba ou f\u00f3rmula. Utilizar espessantes para o refluxo \u00e9 um m\u00e9todo antigo que n\u00e3o tem grandes evid\u00eancias cient\u00edficas que o suportem, por isso consulte o seu m\u00e9dico antes de tentar algum destes m\u00e9todos.<\/p>\n<\/div><\/div>\n","protected":false},"excerpt":{"rendered":"","protected":false},"author":2,"featured_media":0,"parent":76,"menu_order":10,"comment_status":"closed","ping_status":"closed","template":"","meta":{"_acf_changed":false,"footnotes":""},"from-article-database":[],"class_list":["post-99","page","type-page","status-publish","hentry"],"acf":[],"yoast_head":"<!-- This site is optimized with the Yoast SEO plugin v26.6 - https:\/\/yoast.com\/wordpress\/plugins\/seo\/ -->\n<title>Refluxo - Multi-Mam<\/title>\n<meta name=\"description\" content=\"Poder\u00e1 notar que o seu beb\u00e9 bolsa leite durante a amamenta\u00e7\u00e3o ou pouco tempo depois, isto \u00e9 algo normal, chamado de refluxo e na maioria dos casos n\u00e3o apresenta raz\u00f5es para preocupa\u00e7\u00e3o.\" \/>\n<meta name=\"robots\" content=\"index, follow, max-snippet:-1, max-image-preview:large, max-video-preview:-1\" \/>\n<link rel=\"canonical\" href=\"https:\/\/multi-mam.com\/pt\/artigos\/amamentacao\/refluxo\/\" \/>\n<meta property=\"og:locale\" content=\"pt_PT\" \/>\n<meta property=\"og:type\" content=\"article\" \/>\n<meta property=\"og:title\" content=\"Refluxo - Multi-Mam\" \/>\n<meta property=\"og:description\" content=\"Poder\u00e1 notar que o seu beb\u00e9 bolsa leite durante a amamenta\u00e7\u00e3o ou pouco tempo depois, isto \u00e9 algo normal, chamado de refluxo e na maioria dos casos n\u00e3o apresenta raz\u00f5es para preocupa\u00e7\u00e3o.\" \/>\n<meta property=\"og:url\" content=\"https:\/\/multi-mam.com\/pt\/artigos\/amamentacao\/refluxo\/\" \/>\n<meta property=\"og:site_name\" content=\"Multi-Mam\" \/>\n<meta property=\"article:modified_time\" content=\"2023-04-19T08:15:12+00:00\" \/>\n<meta name=\"twitter:card\" content=\"summary_large_image\" \/>\n<meta name=\"twitter:label1\" content=\"Tempo estimado de leitura\" \/>\n\t<meta name=\"twitter:data1\" content=\"4 minutos\" \/>\n<script type=\"application\/ld+json\" class=\"yoast-schema-graph\">{\"@context\":\"https:\/\/schema.org\",\"@graph\":[{\"@type\":\"WebPage\",\"@id\":\"https:\/\/multi-mam.com\/pt\/artigos\/amamentacao\/refluxo\/\",\"url\":\"https:\/\/multi-mam.com\/pt\/artigos\/amamentacao\/refluxo\/\",\"name\":\"Refluxo - Multi-Mam\",\"isPartOf\":{\"@id\":\"https:\/\/multi-mam.com\/pt\/#website\"},\"datePublished\":\"2023-04-18T12:50:56+00:00\",\"dateModified\":\"2023-04-19T08:15:12+00:00\",\"description\":\"Poder\u00e1 notar que o seu beb\u00e9 bolsa leite durante a amamenta\u00e7\u00e3o ou pouco tempo depois, isto \u00e9 algo normal, chamado de refluxo e na maioria dos casos n\u00e3o apresenta raz\u00f5es para preocupa\u00e7\u00e3o.\",\"breadcrumb\":{\"@id\":\"https:\/\/multi-mam.com\/pt\/artigos\/amamentacao\/refluxo\/#breadcrumb\"},\"inLanguage\":\"pt-PT\",\"potentialAction\":[{\"@type\":\"ReadAction\",\"target\":[\"https:\/\/multi-mam.com\/pt\/artigos\/amamentacao\/refluxo\/\"]}]},{\"@type\":\"BreadcrumbList\",\"@id\":\"https:\/\/multi-mam.com\/pt\/artigos\/amamentacao\/refluxo\/#breadcrumb\",\"itemListElement\":[{\"@type\":\"ListItem\",\"position\":1,\"name\":\"Home\",\"item\":\"https:\/\/multi-mam.com\/pt\/\"},{\"@type\":\"ListItem\",\"position\":2,\"name\":\"Artigos\",\"item\":\"https:\/\/multi-mam.com\/pt\/artigos\/\"},{\"@type\":\"ListItem\",\"position\":3,\"name\":\"Amamenta\u00e7\u00e3o\",\"item\":\"https:\/\/multi-mam.com\/pt\/artigos\/amamentacao\/\"},{\"@type\":\"ListItem\",\"position\":4,\"name\":\"Refluxo\"}]},{\"@type\":\"WebSite\",\"@id\":\"https:\/\/multi-mam.com\/pt\/#website\",\"url\":\"https:\/\/multi-mam.com\/pt\/\",\"name\":\"Multi-Mam\",\"description\":\"\",\"publisher\":{\"@id\":\"https:\/\/multi-mam.com\/pt\/#organization\"},\"potentialAction\":[{\"@type\":\"SearchAction\",\"target\":{\"@type\":\"EntryPoint\",\"urlTemplate\":\"https:\/\/multi-mam.com\/pt\/?s={search_term_string}\"},\"query-input\":{\"@type\":\"PropertyValueSpecification\",\"valueRequired\":true,\"valueName\":\"search_term_string\"}}],\"inLanguage\":\"pt-PT\"},{\"@type\":\"Organization\",\"@id\":\"https:\/\/multi-mam.com\/pt\/#organization\",\"name\":\"Multi-Mam\",\"url\":\"https:\/\/multi-mam.com\/pt\/\",\"logo\":{\"@type\":\"ImageObject\",\"inLanguage\":\"pt-PT\",\"@id\":\"https:\/\/multi-mam.com\/pt\/#\/schema\/logo\/image\/\",\"url\":\"https:\/\/multi-mam.com\/app\/uploads\/sites\/26\/2023\/04\/multi-mam-logotype.png\",\"contentUrl\":\"https:\/\/multi-mam.com\/app\/uploads\/sites\/26\/2023\/04\/multi-mam-logotype.png\",\"width\":70,\"height\":96,\"caption\":\"Multi-Mam\"},\"image\":{\"@id\":\"https:\/\/multi-mam.com\/pt\/#\/schema\/logo\/image\/\"}}]}<\/script>\n<!-- \/ Yoast SEO plugin. -->","yoast_head_json":{"title":"Refluxo - Multi-Mam","description":"Poder\u00e1 notar que o seu beb\u00e9 bolsa leite durante a amamenta\u00e7\u00e3o ou pouco tempo depois, isto \u00e9 algo normal, chamado de refluxo e na maioria dos casos n\u00e3o apresenta raz\u00f5es para preocupa\u00e7\u00e3o.","robots":{"index":"index","follow":"follow","max-snippet":"max-snippet:-1","max-image-preview":"max-image-preview:large","max-video-preview":"max-video-preview:-1"},"canonical":"https:\/\/multi-mam.com\/pt\/artigos\/amamentacao\/refluxo\/","og_locale":"pt_PT","og_type":"article","og_title":"Refluxo - Multi-Mam","og_description":"Poder\u00e1 notar que o seu beb\u00e9 bolsa leite durante a amamenta\u00e7\u00e3o ou pouco tempo depois, isto \u00e9 algo normal, chamado de refluxo e na maioria dos casos n\u00e3o apresenta raz\u00f5es para preocupa\u00e7\u00e3o.","og_url":"https:\/\/multi-mam.com\/pt\/artigos\/amamentacao\/refluxo\/","og_site_name":"Multi-Mam","article_modified_time":"2023-04-19T08:15:12+00:00","twitter_card":"summary_large_image","twitter_misc":{"Tempo estimado de leitura":"4 minutos"},"schema":{"@context":"https:\/\/schema.org","@graph":[{"@type":"WebPage","@id":"https:\/\/multi-mam.com\/pt\/artigos\/amamentacao\/refluxo\/","url":"https:\/\/multi-mam.com\/pt\/artigos\/amamentacao\/refluxo\/","name":"Refluxo - Multi-Mam","isPartOf":{"@id":"https:\/\/multi-mam.com\/pt\/#website"},"datePublished":"2023-04-18T12:50:56+00:00","dateModified":"2023-04-19T08:15:12+00:00","description":"Poder\u00e1 notar que o seu beb\u00e9 bolsa leite durante a amamenta\u00e7\u00e3o ou pouco tempo depois, isto \u00e9 algo normal, chamado de refluxo e na maioria dos casos n\u00e3o apresenta raz\u00f5es para preocupa\u00e7\u00e3o.","breadcrumb":{"@id":"https:\/\/multi-mam.com\/pt\/artigos\/amamentacao\/refluxo\/#breadcrumb"},"inLanguage":"pt-PT","potentialAction":[{"@type":"ReadAction","target":["https:\/\/multi-mam.com\/pt\/artigos\/amamentacao\/refluxo\/"]}]},{"@type":"BreadcrumbList","@id":"https:\/\/multi-mam.com\/pt\/artigos\/amamentacao\/refluxo\/#breadcrumb","itemListElement":[{"@type":"ListItem","position":1,"name":"Home","item":"https:\/\/multi-mam.com\/pt\/"},{"@type":"ListItem","position":2,"name":"Artigos","item":"https:\/\/multi-mam.com\/pt\/artigos\/"},{"@type":"ListItem","position":3,"name":"Amamenta\u00e7\u00e3o","item":"https:\/\/multi-mam.com\/pt\/artigos\/amamentacao\/"},{"@type":"ListItem","position":4,"name":"Refluxo"}]},{"@type":"WebSite","@id":"https:\/\/multi-mam.com\/pt\/#website","url":"https:\/\/multi-mam.com\/pt\/","name":"Multi-Mam","description":"","publisher":{"@id":"https:\/\/multi-mam.com\/pt\/#organization"},"potentialAction":[{"@type":"SearchAction","target":{"@type":"EntryPoint","urlTemplate":"https:\/\/multi-mam.com\/pt\/?s={search_term_string}"},"query-input":{"@type":"PropertyValueSpecification","valueRequired":true,"valueName":"search_term_string"}}],"inLanguage":"pt-PT"},{"@type":"Organization","@id":"https:\/\/multi-mam.com\/pt\/#organization","name":"Multi-Mam","url":"https:\/\/multi-mam.com\/pt\/","logo":{"@type":"ImageObject","inLanguage":"pt-PT","@id":"https:\/\/multi-mam.com\/pt\/#\/schema\/logo\/image\/","url":"https:\/\/multi-mam.com\/app\/uploads\/sites\/26\/2023\/04\/multi-mam-logotype.png","contentUrl":"https:\/\/multi-mam.com\/app\/uploads\/sites\/26\/2023\/04\/multi-mam-logotype.png","width":70,"height":96,"caption":"Multi-Mam"},"image":{"@id":"https:\/\/multi-mam.com\/pt\/#\/schema\/logo\/image\/"}}]}},"_links":{"self":[{"href":"https:\/\/multi-mam.com\/pt\/wp-json\/wp\/v2\/pages\/99","targetHints":{"allow":["GET"]}}],"collection":[{"href":"https:\/\/multi-mam.com\/pt\/wp-json\/wp\/v2\/pages"}],"about":[{"href":"https:\/\/multi-mam.com\/pt\/wp-json\/wp\/v2\/types\/page"}],"author":[{"embeddable":true,"href":"https:\/\/multi-mam.com\/pt\/wp-json\/wp\/v2\/users\/2"}],"replies":[{"embeddable":true,"href":"https:\/\/multi-mam.com\/pt\/wp-json\/wp\/v2\/comments?post=99"}],"version-history":[{"count":3,"href":"https:\/\/multi-mam.com\/pt\/wp-json\/wp\/v2\/pages\/99\/revisions"}],"predecessor-version":[{"id":218,"href":"https:\/\/multi-mam.com\/pt\/wp-json\/wp\/v2\/pages\/99\/revisions\/218"}],"up":[{"embeddable":true,"href":"https:\/\/multi-mam.com\/pt\/wp-json\/wp\/v2\/pages\/76"}],"wp:attachment":[{"href":"https:\/\/multi-mam.com\/pt\/wp-json\/wp\/v2\/media?parent=99"}],"wp:term":[{"taxonomy":"from-article-database","embeddable":true,"href":"https:\/\/multi-mam.com\/pt\/wp-json\/wp\/v2\/from-article-database?post=99"}],"curies":[{"name":"wp","href":"https:\/\/api.w.org\/{rel}","templated":true}]}}