{"id":97,"date":"2023-04-18T13:50:34","date_gmt":"2023-04-18T12:50:34","guid":{"rendered":"https:\/\/multi-mam.com\/pt\/?page_id=97"},"modified":"2023-04-19T09:13:21","modified_gmt":"2023-04-19T08:13:21","slug":"a-anatomia-do-peito","status":"publish","type":"page","link":"https:\/\/multi-mam.com\/pt\/artigos\/amamentacao\/a-anatomia-do-peito\/","title":{"rendered":"A anatomia do peito"},"content":{"rendered":"\n<div class=\"wp-block-karopharma-free-text pt-large pb-large bg-center bg-cover bg-no-repeat  is-style-primary\" style=\"background-image:url()\"><div class=\"free-text-wrapper container max-w-medium text-left\">\n<h1 class=\"wp-block-heading\">A anatomia do peito<\/h1>\n\n\n\n<p class=\"is-style-paragraph-preamble\">Com o objetivo de entender a amamenta\u00e7\u00e3o, corrigir as pr\u00e1ticas e responder a algumas quest\u00f5es que possam surgir, devemos primeiro entender a anatomia b\u00e1sica do peito feminino. As estruturas principais do peito s\u00e3o:<\/p>\n\n\n\n<ul class=\"is-style-default wp-block-list\"><li>O mamilo e a aur\u00e9ola, desenhados primeiramente para permitir amamentar. Os mamilos geralmente crescem e aumentam de tamanho durante a gravidez, enquanto as aur\u00e9olas ficam mais escuras. Alguns especialistas acreditam que isto \u00e9 a \u201cm\u00e3e-natureza\u201d a facilitar o beb\u00e9 a encontrar o caminho.<\/li><li>O tecido mam\u00e1rio cont\u00e9m muitas gl\u00e2ndulas que produzem leite e segregam-no pelos ductos de leite que permite que o leite flua at\u00e9 ao mamilo. Os ductos de leite est\u00e3o rodeados de c\u00e9lulas musculares que contraem durante a amamenta\u00e7\u00e3o e ajudam a manter o fluxo de leite.<\/li><li>O tecido conjuntivo e gordura proporcionam apoio e prote\u00e7\u00e3o \u00e0s partes mais delicadas de secre\u00e7\u00e3o do leite do peito.<\/li><li>Vasos sangu\u00edneos, vasos linf\u00e1ticos e nervos.<\/li><\/ul>\n<\/div><\/div>\n\n\n\n<div class=\"wp-block-karopharma-free-text pt-large pb-large bg-center bg-cover bg-no-repeat\" style=\"background-image:url()\"><div class=\"free-text-wrapper container max-w-medium text-left\">\n<p>Durante a gravidez e ap\u00f3s o parto, os seus peitos passam por grandes altera\u00e7\u00f5es que s\u00e3o provocadas por 4 hormonas segregadas pelo seu corpo: estrog\u00e9nio, progesterona, prolactina e oxitocina.<\/p>\n\n\n\n<p>O estrog\u00e9nio e a progesterona s\u00e3o libertadas pela placenta durante a gravidez e o seu papel \u00e9 preparar os peitos para a produ\u00e7\u00e3o de leite. Sobre a sua influ\u00eancia, os seus peitos ir\u00e3o come\u00e7ar a criar mais ductos de leite, mas a produ\u00e7\u00e3o de leite n\u00e3o \u00e9 iniciada imediatamente. Assim que o seu beb\u00e9 nascer e a placenta for removida, os n\u00edveis dessas hormonas no seu corpo descem, dando sinal para iniciar a produ\u00e7\u00e3o de leite.<\/p>\n\n\n\n<p>Ap\u00f3s o seu beb\u00e9 nascer, o primeiro leite a ser segregado pelos peitos \u00e9 chamado de colostro. Este l\u00edquido espesso e claro est\u00e1 repleto de anticorpos que ir\u00e3o proteger o seu beb\u00e9, para que o sistema imunit\u00e1rio dele tenha tempo suficiente para se desenvolver e fortalecer. Uns dias depois, o verdadeiro leite come\u00e7a a ser produzido e ir\u00e1 reparar que os seus peitos ficam mais inchados, pesados e quentes ao toque. Isto \u00e9 normal e ir\u00e1 desaparecer em poucas semanas.<\/p>\n\n\n\n<h3 class=\"is-style-heading-h3 wp-block-heading\">Anatomia da mama<\/h3>\n\n\n\n<figure class=\"wp-block-image size-full\"><img loading=\"lazy\" decoding=\"async\" width=\"252\" height=\"240\" src=\"https:\/\/multi-mam.com\/app\/uploads\/sites\/26\/2023\/04\/anatomia.png\" alt=\"anatomia da mama\" class=\"wp-image-215\"\/><\/figure>\n\n\n\n<p>Assim que o estrog\u00e9nio e a progesterona terminem a sua fun\u00e7\u00e3o, a prolactina e a oxitocina iniciam a sua. A prolactina \u00e9 a \u00fanica que estimula o seu corpo a produzir leite. Sempre que amamenta o seu beb\u00e9 ou retira leite, os n\u00edveis de prolactina no seu corpo aumentam, dando assim o sinal aos seus peitos para produzir leite. Por outro lado, a oxitocina est\u00e1 presente para assegurar que aquilo que \u00e9 produzido \u00e9 libertado dos peitos. Por isso, acontece o reflexo de descida quando o leite \u00e9 exprimido dos reservat\u00f3rios e bombeado para os ductos de leite. O sinal inicial para o reflexo de descida \u00e9 a sensa\u00e7\u00e3o de suc\u00e7\u00e3o que o seu beb\u00e9 cria quando tenta sugar o leite.<\/p>\n\n\n\n<p>Assim que o estrog\u00e9nio e a progesterona terminem a sua fun\u00e7\u00e3o, a prolactina e a oxitocina iniciam a sua. A prolactina \u00e9 a \u00fanica que estimula o seu corpo a produzir leite. Sempre que amamenta o seu beb\u00e9 ou retira leite, os n\u00edveis de prolactina no seu corpo aumentam, dando assim o sinal aos seus peitos para produzir leite. Por outro lado, a oxitocina est\u00e1 presente para assegurar que aquilo que \u00e9 produzido \u00e9 libertado dos peitos. Por isso, acontece o reflexo de descida quando o leite \u00e9 exprimido dos reservat\u00f3rios e bombeado para os ductos de leite. O sinal inicial para o reflexo de descida \u00e9 a sensa\u00e7\u00e3o de suc\u00e7\u00e3o que o seu beb\u00e9 cria quando tenta sugar o leite.<\/p>\n<\/div><\/div>\n","protected":false},"excerpt":{"rendered":"","protected":false},"author":2,"featured_media":0,"parent":76,"menu_order":9,"comment_status":"closed","ping_status":"closed","template":"","meta":{"_acf_changed":false,"footnotes":""},"from-article-database":[],"class_list":["post-97","page","type-page","status-publish","hentry"],"acf":[],"yoast_head":"<!-- This site is optimized with the Yoast SEO plugin v26.6 - https:\/\/yoast.com\/wordpress\/plugins\/seo\/ -->\n<title>A anatomia do peito - Multi-Mam<\/title>\n<meta name=\"description\" content=\"Com o objetivo de entender a amamenta\u00e7\u00e3o, corrigir as pr\u00e1ticas e responder a algumas quest\u00f5es que possam surgir, devemos primeiro entender a anatomia b\u00e1sica do peito feminino.\" \/>\n<meta name=\"robots\" content=\"index, follow, max-snippet:-1, max-image-preview:large, max-video-preview:-1\" \/>\n<link rel=\"canonical\" href=\"https:\/\/multi-mam.com\/pt\/artigos\/amamentacao\/a-anatomia-do-peito\/\" \/>\n<meta property=\"og:locale\" content=\"pt_PT\" \/>\n<meta property=\"og:type\" content=\"article\" \/>\n<meta property=\"og:title\" content=\"A anatomia do peito - Multi-Mam\" \/>\n<meta property=\"og:description\" content=\"Com o objetivo de entender a amamenta\u00e7\u00e3o, corrigir as pr\u00e1ticas e responder a algumas quest\u00f5es que possam surgir, devemos primeiro entender a anatomia b\u00e1sica do peito feminino.\" \/>\n<meta property=\"og:url\" content=\"https:\/\/multi-mam.com\/pt\/artigos\/amamentacao\/a-anatomia-do-peito\/\" \/>\n<meta property=\"og:site_name\" content=\"Multi-Mam\" \/>\n<meta property=\"article:modified_time\" content=\"2023-04-19T08:13:21+00:00\" \/>\n<meta property=\"og:image\" content=\"https:\/\/multi-mam.com\/app\/uploads\/sites\/26\/2023\/04\/anatomia.png\" \/>\n<meta name=\"twitter:card\" content=\"summary_large_image\" \/>\n<meta name=\"twitter:label1\" content=\"Tempo estimado de leitura\" \/>\n\t<meta name=\"twitter:data1\" content=\"4 minutos\" \/>\n<script type=\"application\/ld+json\" class=\"yoast-schema-graph\">{\"@context\":\"https:\/\/schema.org\",\"@graph\":[{\"@type\":\"WebPage\",\"@id\":\"https:\/\/multi-mam.com\/pt\/artigos\/amamentacao\/a-anatomia-do-peito\/\",\"url\":\"https:\/\/multi-mam.com\/pt\/artigos\/amamentacao\/a-anatomia-do-peito\/\",\"name\":\"A anatomia do peito - Multi-Mam\",\"isPartOf\":{\"@id\":\"https:\/\/multi-mam.com\/pt\/#website\"},\"primaryImageOfPage\":{\"@id\":\"https:\/\/multi-mam.com\/pt\/artigos\/amamentacao\/a-anatomia-do-peito\/#primaryimage\"},\"image\":{\"@id\":\"https:\/\/multi-mam.com\/pt\/artigos\/amamentacao\/a-anatomia-do-peito\/#primaryimage\"},\"thumbnailUrl\":\"https:\/\/multi-mam.com\/app\/uploads\/sites\/26\/2023\/04\/anatomia.png\",\"datePublished\":\"2023-04-18T12:50:34+00:00\",\"dateModified\":\"2023-04-19T08:13:21+00:00\",\"description\":\"Com o objetivo de entender a amamenta\u00e7\u00e3o, corrigir as pr\u00e1ticas e responder a algumas quest\u00f5es que possam surgir, devemos primeiro entender a anatomia b\u00e1sica do peito feminino.\",\"breadcrumb\":{\"@id\":\"https:\/\/multi-mam.com\/pt\/artigos\/amamentacao\/a-anatomia-do-peito\/#breadcrumb\"},\"inLanguage\":\"pt-PT\",\"potentialAction\":[{\"@type\":\"ReadAction\",\"target\":[\"https:\/\/multi-mam.com\/pt\/artigos\/amamentacao\/a-anatomia-do-peito\/\"]}]},{\"@type\":\"ImageObject\",\"inLanguage\":\"pt-PT\",\"@id\":\"https:\/\/multi-mam.com\/pt\/artigos\/amamentacao\/a-anatomia-do-peito\/#primaryimage\",\"url\":\"https:\/\/multi-mam.com\/app\/uploads\/sites\/26\/2023\/04\/anatomia.png\",\"contentUrl\":\"https:\/\/multi-mam.com\/app\/uploads\/sites\/26\/2023\/04\/anatomia.png\"},{\"@type\":\"BreadcrumbList\",\"@id\":\"https:\/\/multi-mam.com\/pt\/artigos\/amamentacao\/a-anatomia-do-peito\/#breadcrumb\",\"itemListElement\":[{\"@type\":\"ListItem\",\"position\":1,\"name\":\"Home\",\"item\":\"https:\/\/multi-mam.com\/pt\/\"},{\"@type\":\"ListItem\",\"position\":2,\"name\":\"Artigos\",\"item\":\"https:\/\/multi-mam.com\/pt\/artigos\/\"},{\"@type\":\"ListItem\",\"position\":3,\"name\":\"Amamenta\u00e7\u00e3o\",\"item\":\"https:\/\/multi-mam.com\/pt\/artigos\/amamentacao\/\"},{\"@type\":\"ListItem\",\"position\":4,\"name\":\"A anatomia do peito\"}]},{\"@type\":\"WebSite\",\"@id\":\"https:\/\/multi-mam.com\/pt\/#website\",\"url\":\"https:\/\/multi-mam.com\/pt\/\",\"name\":\"Multi-Mam\",\"description\":\"\",\"publisher\":{\"@id\":\"https:\/\/multi-mam.com\/pt\/#organization\"},\"potentialAction\":[{\"@type\":\"SearchAction\",\"target\":{\"@type\":\"EntryPoint\",\"urlTemplate\":\"https:\/\/multi-mam.com\/pt\/?s={search_term_string}\"},\"query-input\":{\"@type\":\"PropertyValueSpecification\",\"valueRequired\":true,\"valueName\":\"search_term_string\"}}],\"inLanguage\":\"pt-PT\"},{\"@type\":\"Organization\",\"@id\":\"https:\/\/multi-mam.com\/pt\/#organization\",\"name\":\"Multi-Mam\",\"url\":\"https:\/\/multi-mam.com\/pt\/\",\"logo\":{\"@type\":\"ImageObject\",\"inLanguage\":\"pt-PT\",\"@id\":\"https:\/\/multi-mam.com\/pt\/#\/schema\/logo\/image\/\",\"url\":\"https:\/\/multi-mam.com\/app\/uploads\/sites\/26\/2023\/04\/multi-mam-logotype.png\",\"contentUrl\":\"https:\/\/multi-mam.com\/app\/uploads\/sites\/26\/2023\/04\/multi-mam-logotype.png\",\"width\":70,\"height\":96,\"caption\":\"Multi-Mam\"},\"image\":{\"@id\":\"https:\/\/multi-mam.com\/pt\/#\/schema\/logo\/image\/\"}}]}<\/script>\n<!-- \/ Yoast SEO plugin. -->","yoast_head_json":{"title":"A anatomia do peito - Multi-Mam","description":"Com o objetivo de entender a amamenta\u00e7\u00e3o, corrigir as pr\u00e1ticas e responder a algumas quest\u00f5es que possam surgir, devemos primeiro entender a anatomia b\u00e1sica do peito feminino.","robots":{"index":"index","follow":"follow","max-snippet":"max-snippet:-1","max-image-preview":"max-image-preview:large","max-video-preview":"max-video-preview:-1"},"canonical":"https:\/\/multi-mam.com\/pt\/artigos\/amamentacao\/a-anatomia-do-peito\/","og_locale":"pt_PT","og_type":"article","og_title":"A anatomia do peito - Multi-Mam","og_description":"Com o objetivo de entender a amamenta\u00e7\u00e3o, corrigir as pr\u00e1ticas e responder a algumas quest\u00f5es que possam surgir, devemos primeiro entender a anatomia b\u00e1sica do peito feminino.","og_url":"https:\/\/multi-mam.com\/pt\/artigos\/amamentacao\/a-anatomia-do-peito\/","og_site_name":"Multi-Mam","article_modified_time":"2023-04-19T08:13:21+00:00","og_image":[{"url":"https:\/\/multi-mam.com\/app\/uploads\/sites\/26\/2023\/04\/anatomia.png","type":"","width":"","height":""}],"twitter_card":"summary_large_image","twitter_misc":{"Tempo estimado de leitura":"4 minutos"},"schema":{"@context":"https:\/\/schema.org","@graph":[{"@type":"WebPage","@id":"https:\/\/multi-mam.com\/pt\/artigos\/amamentacao\/a-anatomia-do-peito\/","url":"https:\/\/multi-mam.com\/pt\/artigos\/amamentacao\/a-anatomia-do-peito\/","name":"A anatomia do peito - Multi-Mam","isPartOf":{"@id":"https:\/\/multi-mam.com\/pt\/#website"},"primaryImageOfPage":{"@id":"https:\/\/multi-mam.com\/pt\/artigos\/amamentacao\/a-anatomia-do-peito\/#primaryimage"},"image":{"@id":"https:\/\/multi-mam.com\/pt\/artigos\/amamentacao\/a-anatomia-do-peito\/#primaryimage"},"thumbnailUrl":"https:\/\/multi-mam.com\/app\/uploads\/sites\/26\/2023\/04\/anatomia.png","datePublished":"2023-04-18T12:50:34+00:00","dateModified":"2023-04-19T08:13:21+00:00","description":"Com o objetivo de entender a amamenta\u00e7\u00e3o, corrigir as pr\u00e1ticas e responder a algumas quest\u00f5es que possam surgir, devemos primeiro entender a anatomia b\u00e1sica do peito feminino.","breadcrumb":{"@id":"https:\/\/multi-mam.com\/pt\/artigos\/amamentacao\/a-anatomia-do-peito\/#breadcrumb"},"inLanguage":"pt-PT","potentialAction":[{"@type":"ReadAction","target":["https:\/\/multi-mam.com\/pt\/artigos\/amamentacao\/a-anatomia-do-peito\/"]}]},{"@type":"ImageObject","inLanguage":"pt-PT","@id":"https:\/\/multi-mam.com\/pt\/artigos\/amamentacao\/a-anatomia-do-peito\/#primaryimage","url":"https:\/\/multi-mam.com\/app\/uploads\/sites\/26\/2023\/04\/anatomia.png","contentUrl":"https:\/\/multi-mam.com\/app\/uploads\/sites\/26\/2023\/04\/anatomia.png"},{"@type":"BreadcrumbList","@id":"https:\/\/multi-mam.com\/pt\/artigos\/amamentacao\/a-anatomia-do-peito\/#breadcrumb","itemListElement":[{"@type":"ListItem","position":1,"name":"Home","item":"https:\/\/multi-mam.com\/pt\/"},{"@type":"ListItem","position":2,"name":"Artigos","item":"https:\/\/multi-mam.com\/pt\/artigos\/"},{"@type":"ListItem","position":3,"name":"Amamenta\u00e7\u00e3o","item":"https:\/\/multi-mam.com\/pt\/artigos\/amamentacao\/"},{"@type":"ListItem","position":4,"name":"A anatomia do peito"}]},{"@type":"WebSite","@id":"https:\/\/multi-mam.com\/pt\/#website","url":"https:\/\/multi-mam.com\/pt\/","name":"Multi-Mam","description":"","publisher":{"@id":"https:\/\/multi-mam.com\/pt\/#organization"},"potentialAction":[{"@type":"SearchAction","target":{"@type":"EntryPoint","urlTemplate":"https:\/\/multi-mam.com\/pt\/?s={search_term_string}"},"query-input":{"@type":"PropertyValueSpecification","valueRequired":true,"valueName":"search_term_string"}}],"inLanguage":"pt-PT"},{"@type":"Organization","@id":"https:\/\/multi-mam.com\/pt\/#organization","name":"Multi-Mam","url":"https:\/\/multi-mam.com\/pt\/","logo":{"@type":"ImageObject","inLanguage":"pt-PT","@id":"https:\/\/multi-mam.com\/pt\/#\/schema\/logo\/image\/","url":"https:\/\/multi-mam.com\/app\/uploads\/sites\/26\/2023\/04\/multi-mam-logotype.png","contentUrl":"https:\/\/multi-mam.com\/app\/uploads\/sites\/26\/2023\/04\/multi-mam-logotype.png","width":70,"height":96,"caption":"Multi-Mam"},"image":{"@id":"https:\/\/multi-mam.com\/pt\/#\/schema\/logo\/image\/"}}]}},"_links":{"self":[{"href":"https:\/\/multi-mam.com\/pt\/wp-json\/wp\/v2\/pages\/97","targetHints":{"allow":["GET"]}}],"collection":[{"href":"https:\/\/multi-mam.com\/pt\/wp-json\/wp\/v2\/pages"}],"about":[{"href":"https:\/\/multi-mam.com\/pt\/wp-json\/wp\/v2\/types\/page"}],"author":[{"embeddable":true,"href":"https:\/\/multi-mam.com\/pt\/wp-json\/wp\/v2\/users\/2"}],"replies":[{"embeddable":true,"href":"https:\/\/multi-mam.com\/pt\/wp-json\/wp\/v2\/comments?post=97"}],"version-history":[{"count":4,"href":"https:\/\/multi-mam.com\/pt\/wp-json\/wp\/v2\/pages\/97\/revisions"}],"predecessor-version":[{"id":216,"href":"https:\/\/multi-mam.com\/pt\/wp-json\/wp\/v2\/pages\/97\/revisions\/216"}],"up":[{"embeddable":true,"href":"https:\/\/multi-mam.com\/pt\/wp-json\/wp\/v2\/pages\/76"}],"wp:attachment":[{"href":"https:\/\/multi-mam.com\/pt\/wp-json\/wp\/v2\/media?parent=97"}],"wp:term":[{"taxonomy":"from-article-database","embeddable":true,"href":"https:\/\/multi-mam.com\/pt\/wp-json\/wp\/v2\/from-article-database?post=97"}],"curies":[{"name":"wp","href":"https:\/\/api.w.org\/{rel}","templated":true}]}}