{"id":95,"date":"2023-04-18T13:50:16","date_gmt":"2023-04-18T12:50:16","guid":{"rendered":"https:\/\/multi-mam.com\/pt\/?page_id=95"},"modified":"2023-04-19T09:05:45","modified_gmt":"2023-04-19T08:05:45","slug":"alivio-para-amamentacao-dolorosa","status":"publish","type":"page","link":"https:\/\/multi-mam.com\/pt\/artigos\/amamentacao\/alivio-para-amamentacao-dolorosa\/","title":{"rendered":"Al\u00edvio para amamenta\u00e7\u00e3o dolorosa"},"content":{"rendered":"\n<div class=\"wp-block-karopharma-free-text pt-large pb-large bg-center bg-cover bg-no-repeat  is-style-primary\" style=\"background-image:url()\"><div class=\"free-text-wrapper container max-w-medium text-left\">\n<h1 class=\"wp-block-heading\">Al\u00edvio para amamenta\u00e7\u00e3o dolorosa<\/h1>\n\n\n\n<p class=\"is-style-paragraph-preamble\">Muitas m\u00e3es t\u00eam dor enquanto amamentam por v\u00e1rias raz\u00f5es. Para algumas, pode ser t\u00e3o angustiante que decidem cessar a amamenta\u00e7\u00e3o. Especialistas recomendam amamentar o seu beb\u00e9 at\u00e9 que este tenha no m\u00ednimo um ano de idade, por isso leve o tempo que necessitar para perceber qual a causa do desconforto e aprenda a aplicar alguns m\u00e9todos testados que podem trazer-lhe al\u00edvio ao desconforto da amamenta\u00e7\u00e3o.<\/p>\n<\/div><\/div>\n\n\n\n<div class=\"wp-block-karopharma-free-text pt-large pb-large bg-center bg-cover bg-no-repeat\" style=\"background-image:url()\"><div class=\"free-text-wrapper container max-w-medium text-left\">\n<p>A posi\u00e7\u00e3o de mamar \u00e9 a causa mais comum de dor enquanto amamenta, e provoca uma fraca suc\u00e7\u00e3o. Quando amamenta, o seu beb\u00e9 deve ter o mamilo e a aur\u00e9ola completamente dentro da boca, com o mamilo posicionado na parte de tr\u00e1s do palato, para que o mamilo n\u00e3o sofra de grande press\u00e3o durante a suc\u00e7\u00e3o do beb\u00e9. Os l\u00e1bios do beb\u00e9 necessitam de estar curvados para fora, para que n\u00e3o exista espa\u00e7o em que entre ar entre os l\u00e1bios e os mamilos. O nariz precisa de estar desimpedido pois o seu beb\u00e9 respira pelo nariz durante a mamada. Posicione o seu beb\u00e9 perto de si, com a sua cabe\u00e7a ligeiramente inclinada para tr\u00e1s, para que o seu queixo esteja perto do seu peito. Aperte o seu peito ligeiramente e direcione o mamilo para a parte de tr\u00e1s da boca do seu beb\u00e9. Ajuste a posi\u00e7\u00e3o at\u00e9 que esteja sem dor em que o seu beb\u00e9 mame em longos, r\u00edtmicos golos.<\/p>\n\n\n\n<p>Se est\u00e1 com problemas em conseguir atingir uma boa mamada, fale com um consultor de amamenta\u00e7\u00e3o e verifique se o seu beb\u00e9 tem a l\u00edngua presa, o que \u00e9 geralmente a causa de problemas de amamenta\u00e7\u00e3o.<\/p>\n\n\n\n<h2 class=\"is-style-heading-h2 wp-block-heading\">Nutrir mamilos doridos e gretados<\/h2>\n\n\n\n<p>Se o beb\u00e9 tem problemas em sugar, significa que geralmente acabam por sugar pelo mamilo apenas, causando danos e pondo os seus mamilos doridos. Uma boa mamada ir\u00e1 ajudar neste assunto, mas se o dano est\u00e1 j\u00e1 instalado, existem algumas coisas que pode fazer para aliviar a dor, como por exemplo compressas que contenham ingredientes curativos que ajudem na recupera\u00e7\u00e3o. Compressas frias podem tamb\u00e9m alivar a dor, pelo menos temporariamente, lembre-se apenas de n\u00e3o colocar gelo diretamente na pele.<\/p>\n\n\n\n<p>Se o seu beb\u00e9 estiver com fome ir\u00e1 sugar de forma mais vigorosa do que o normal, causando mais dano aos seus mamilos doridos. Procure reparar em sinais de fome mais cedo e ofere\u00e7a o mamilo menos dorido em primeiro lugar. Desta forma, assim que o beb\u00e9 esteja pronto para o peito seguinte, j\u00e1 n\u00e3o sugar\u00e1 de forma t\u00e3o intensa. Antes de amamentar, retire umas gotas de leite para estimular o reflexo de descida e previne que o seu beb\u00e9 chuche no mamilo para receber leite.<\/p>\n\n\n\n<p>Se os seus mamilos estiverem muito doridos para amamentar, retire leite para manter a alimenta\u00e7\u00e3o com leite materno e prevenir ingurgitamento. Algumas vezes, utilizar uma prote\u00e7\u00e3o para o mamilo pode ser a solu\u00e7\u00e3o para continuar a amamentar.<\/p>\n\n\n\n<p>Mamilos doridos podem ser causados por outros fatores, como por exemplo infe\u00e7\u00f5es f\u00fangicas ou bacterianas ou problemas de pele como eczemas ou psor\u00edase. Em caso de ser infe\u00e7\u00e3o, dever\u00e1 consultar o seu m\u00e9dico que poder\u00e1 prescrever-lhe a medica\u00e7\u00e3o adequada. A pele nos mamilos e peitos pode ser irritada por ingredientes agressivos presentes em cosm\u00e9ticos e produtos de higiene, ou como resultado de alergias a um produto novo, que tenha come\u00e7ado a utilizar recentemente. Tente identificar e evitar o culpado. As irrita\u00e7\u00f5es mais comuns s\u00e3o provocadas por g\u00e9is de duche e banhos de espuma que podem secar a pele do mamilo em demasiado. Lave o seu peito com \u00e1gua quente e evite utilizar produtos como estes nos seus peitos.<\/p>\n\n\n\n<p>Cuide dos seus mamilos retirando umas quantas gotas de leite ap\u00f3s amamentar e espalhe-as pelos mamilos. O leite tem um efeito suavizante e protetor sobre a pele. Pode tamb\u00e9m tentar utilizar um b\u00e1lsamo para o mamilo que ir\u00e1 nutrir a pele e proteger os mamilos de gretados.<\/p>\n\n\n\n<h2 class=\"is-style-heading-h2 wp-block-heading\">Prevenir o ingurgitamento<\/h2>\n\n\n\n<p>Outro poss\u00edvel respons\u00e1vel de dor durante a amamenta\u00e7\u00e3o \u00e9 o ingurgitamento ou entupimento de leite nos seus peitos. Evite saltar sess\u00f5es de amamenta\u00e7\u00e3o e se precisar (por exemplo se estiver a trabalhar ou longe de casa), retire o leite seguindo os intervalos de alimenta\u00e7\u00e3o normais. Compressas quentes e massajar podem ajudar com o fluxo de leite e reduzem parte da press\u00e3o.<\/p>\n<\/div><\/div>\n","protected":false},"excerpt":{"rendered":"","protected":false},"author":2,"featured_media":0,"parent":76,"menu_order":8,"comment_status":"closed","ping_status":"closed","template":"","meta":{"_acf_changed":false,"footnotes":""},"from-article-database":[],"class_list":["post-95","page","type-page","status-publish","hentry"],"acf":[],"yoast_head":"<!-- This site is optimized with the Yoast SEO plugin v26.6 - https:\/\/yoast.com\/wordpress\/plugins\/seo\/ -->\n<title>Al\u00edvio para amamenta\u00e7\u00e3o dolorosa - Multi-Mam<\/title>\n<meta name=\"description\" content=\"Muitas m\u00e3es t\u00eam dor enquanto amamentam por v\u00e1rias raz\u00f5es. Para algumas, pode ser t\u00e3o angustiante que decidem cessar a amamenta\u00e7\u00e3o.\" \/>\n<meta name=\"robots\" content=\"index, follow, max-snippet:-1, max-image-preview:large, max-video-preview:-1\" \/>\n<link rel=\"canonical\" href=\"https:\/\/multi-mam.com\/pt\/artigos\/amamentacao\/alivio-para-amamentacao-dolorosa\/\" \/>\n<meta property=\"og:locale\" content=\"pt_PT\" \/>\n<meta property=\"og:type\" content=\"article\" \/>\n<meta property=\"og:title\" content=\"Al\u00edvio para amamenta\u00e7\u00e3o dolorosa - Multi-Mam\" \/>\n<meta property=\"og:description\" content=\"Muitas m\u00e3es t\u00eam dor enquanto amamentam por v\u00e1rias raz\u00f5es. Para algumas, pode ser t\u00e3o angustiante que decidem cessar a amamenta\u00e7\u00e3o.\" \/>\n<meta property=\"og:url\" content=\"https:\/\/multi-mam.com\/pt\/artigos\/amamentacao\/alivio-para-amamentacao-dolorosa\/\" \/>\n<meta property=\"og:site_name\" content=\"Multi-Mam\" \/>\n<meta property=\"article:modified_time\" content=\"2023-04-19T08:05:45+00:00\" \/>\n<meta name=\"twitter:card\" content=\"summary_large_image\" \/>\n<meta name=\"twitter:label1\" content=\"Tempo estimado de leitura\" \/>\n\t<meta name=\"twitter:data1\" content=\"4 minutos\" \/>\n<script type=\"application\/ld+json\" class=\"yoast-schema-graph\">{\"@context\":\"https:\/\/schema.org\",\"@graph\":[{\"@type\":\"WebPage\",\"@id\":\"https:\/\/multi-mam.com\/pt\/artigos\/amamentacao\/alivio-para-amamentacao-dolorosa\/\",\"url\":\"https:\/\/multi-mam.com\/pt\/artigos\/amamentacao\/alivio-para-amamentacao-dolorosa\/\",\"name\":\"Al\u00edvio para amamenta\u00e7\u00e3o dolorosa - Multi-Mam\",\"isPartOf\":{\"@id\":\"https:\/\/multi-mam.com\/pt\/#website\"},\"datePublished\":\"2023-04-18T12:50:16+00:00\",\"dateModified\":\"2023-04-19T08:05:45+00:00\",\"description\":\"Muitas m\u00e3es t\u00eam dor enquanto amamentam por v\u00e1rias raz\u00f5es. Para algumas, pode ser t\u00e3o angustiante que decidem cessar a amamenta\u00e7\u00e3o.\",\"breadcrumb\":{\"@id\":\"https:\/\/multi-mam.com\/pt\/artigos\/amamentacao\/alivio-para-amamentacao-dolorosa\/#breadcrumb\"},\"inLanguage\":\"pt-PT\",\"potentialAction\":[{\"@type\":\"ReadAction\",\"target\":[\"https:\/\/multi-mam.com\/pt\/artigos\/amamentacao\/alivio-para-amamentacao-dolorosa\/\"]}]},{\"@type\":\"BreadcrumbList\",\"@id\":\"https:\/\/multi-mam.com\/pt\/artigos\/amamentacao\/alivio-para-amamentacao-dolorosa\/#breadcrumb\",\"itemListElement\":[{\"@type\":\"ListItem\",\"position\":1,\"name\":\"Home\",\"item\":\"https:\/\/multi-mam.com\/pt\/\"},{\"@type\":\"ListItem\",\"position\":2,\"name\":\"Artigos\",\"item\":\"https:\/\/multi-mam.com\/pt\/artigos\/\"},{\"@type\":\"ListItem\",\"position\":3,\"name\":\"Amamenta\u00e7\u00e3o\",\"item\":\"https:\/\/multi-mam.com\/pt\/artigos\/amamentacao\/\"},{\"@type\":\"ListItem\",\"position\":4,\"name\":\"Al\u00edvio para amamenta\u00e7\u00e3o dolorosa\"}]},{\"@type\":\"WebSite\",\"@id\":\"https:\/\/multi-mam.com\/pt\/#website\",\"url\":\"https:\/\/multi-mam.com\/pt\/\",\"name\":\"Multi-Mam\",\"description\":\"\",\"publisher\":{\"@id\":\"https:\/\/multi-mam.com\/pt\/#organization\"},\"potentialAction\":[{\"@type\":\"SearchAction\",\"target\":{\"@type\":\"EntryPoint\",\"urlTemplate\":\"https:\/\/multi-mam.com\/pt\/?s={search_term_string}\"},\"query-input\":{\"@type\":\"PropertyValueSpecification\",\"valueRequired\":true,\"valueName\":\"search_term_string\"}}],\"inLanguage\":\"pt-PT\"},{\"@type\":\"Organization\",\"@id\":\"https:\/\/multi-mam.com\/pt\/#organization\",\"name\":\"Multi-Mam\",\"url\":\"https:\/\/multi-mam.com\/pt\/\",\"logo\":{\"@type\":\"ImageObject\",\"inLanguage\":\"pt-PT\",\"@id\":\"https:\/\/multi-mam.com\/pt\/#\/schema\/logo\/image\/\",\"url\":\"https:\/\/multi-mam.com\/app\/uploads\/sites\/26\/2023\/04\/multi-mam-logotype.png\",\"contentUrl\":\"https:\/\/multi-mam.com\/app\/uploads\/sites\/26\/2023\/04\/multi-mam-logotype.png\",\"width\":70,\"height\":96,\"caption\":\"Multi-Mam\"},\"image\":{\"@id\":\"https:\/\/multi-mam.com\/pt\/#\/schema\/logo\/image\/\"}}]}<\/script>\n<!-- \/ Yoast SEO plugin. -->","yoast_head_json":{"title":"Al\u00edvio para amamenta\u00e7\u00e3o dolorosa - Multi-Mam","description":"Muitas m\u00e3es t\u00eam dor enquanto amamentam por v\u00e1rias raz\u00f5es. Para algumas, pode ser t\u00e3o angustiante que decidem cessar a amamenta\u00e7\u00e3o.","robots":{"index":"index","follow":"follow","max-snippet":"max-snippet:-1","max-image-preview":"max-image-preview:large","max-video-preview":"max-video-preview:-1"},"canonical":"https:\/\/multi-mam.com\/pt\/artigos\/amamentacao\/alivio-para-amamentacao-dolorosa\/","og_locale":"pt_PT","og_type":"article","og_title":"Al\u00edvio para amamenta\u00e7\u00e3o dolorosa - Multi-Mam","og_description":"Muitas m\u00e3es t\u00eam dor enquanto amamentam por v\u00e1rias raz\u00f5es. Para algumas, pode ser t\u00e3o angustiante que decidem cessar a amamenta\u00e7\u00e3o.","og_url":"https:\/\/multi-mam.com\/pt\/artigos\/amamentacao\/alivio-para-amamentacao-dolorosa\/","og_site_name":"Multi-Mam","article_modified_time":"2023-04-19T08:05:45+00:00","twitter_card":"summary_large_image","twitter_misc":{"Tempo estimado de leitura":"4 minutos"},"schema":{"@context":"https:\/\/schema.org","@graph":[{"@type":"WebPage","@id":"https:\/\/multi-mam.com\/pt\/artigos\/amamentacao\/alivio-para-amamentacao-dolorosa\/","url":"https:\/\/multi-mam.com\/pt\/artigos\/amamentacao\/alivio-para-amamentacao-dolorosa\/","name":"Al\u00edvio para amamenta\u00e7\u00e3o dolorosa - Multi-Mam","isPartOf":{"@id":"https:\/\/multi-mam.com\/pt\/#website"},"datePublished":"2023-04-18T12:50:16+00:00","dateModified":"2023-04-19T08:05:45+00:00","description":"Muitas m\u00e3es t\u00eam dor enquanto amamentam por v\u00e1rias raz\u00f5es. Para algumas, pode ser t\u00e3o angustiante que decidem cessar a amamenta\u00e7\u00e3o.","breadcrumb":{"@id":"https:\/\/multi-mam.com\/pt\/artigos\/amamentacao\/alivio-para-amamentacao-dolorosa\/#breadcrumb"},"inLanguage":"pt-PT","potentialAction":[{"@type":"ReadAction","target":["https:\/\/multi-mam.com\/pt\/artigos\/amamentacao\/alivio-para-amamentacao-dolorosa\/"]}]},{"@type":"BreadcrumbList","@id":"https:\/\/multi-mam.com\/pt\/artigos\/amamentacao\/alivio-para-amamentacao-dolorosa\/#breadcrumb","itemListElement":[{"@type":"ListItem","position":1,"name":"Home","item":"https:\/\/multi-mam.com\/pt\/"},{"@type":"ListItem","position":2,"name":"Artigos","item":"https:\/\/multi-mam.com\/pt\/artigos\/"},{"@type":"ListItem","position":3,"name":"Amamenta\u00e7\u00e3o","item":"https:\/\/multi-mam.com\/pt\/artigos\/amamentacao\/"},{"@type":"ListItem","position":4,"name":"Al\u00edvio para amamenta\u00e7\u00e3o dolorosa"}]},{"@type":"WebSite","@id":"https:\/\/multi-mam.com\/pt\/#website","url":"https:\/\/multi-mam.com\/pt\/","name":"Multi-Mam","description":"","publisher":{"@id":"https:\/\/multi-mam.com\/pt\/#organization"},"potentialAction":[{"@type":"SearchAction","target":{"@type":"EntryPoint","urlTemplate":"https:\/\/multi-mam.com\/pt\/?s={search_term_string}"},"query-input":{"@type":"PropertyValueSpecification","valueRequired":true,"valueName":"search_term_string"}}],"inLanguage":"pt-PT"},{"@type":"Organization","@id":"https:\/\/multi-mam.com\/pt\/#organization","name":"Multi-Mam","url":"https:\/\/multi-mam.com\/pt\/","logo":{"@type":"ImageObject","inLanguage":"pt-PT","@id":"https:\/\/multi-mam.com\/pt\/#\/schema\/logo\/image\/","url":"https:\/\/multi-mam.com\/app\/uploads\/sites\/26\/2023\/04\/multi-mam-logotype.png","contentUrl":"https:\/\/multi-mam.com\/app\/uploads\/sites\/26\/2023\/04\/multi-mam-logotype.png","width":70,"height":96,"caption":"Multi-Mam"},"image":{"@id":"https:\/\/multi-mam.com\/pt\/#\/schema\/logo\/image\/"}}]}},"_links":{"self":[{"href":"https:\/\/multi-mam.com\/pt\/wp-json\/wp\/v2\/pages\/95","targetHints":{"allow":["GET"]}}],"collection":[{"href":"https:\/\/multi-mam.com\/pt\/wp-json\/wp\/v2\/pages"}],"about":[{"href":"https:\/\/multi-mam.com\/pt\/wp-json\/wp\/v2\/types\/page"}],"author":[{"embeddable":true,"href":"https:\/\/multi-mam.com\/pt\/wp-json\/wp\/v2\/users\/2"}],"replies":[{"embeddable":true,"href":"https:\/\/multi-mam.com\/pt\/wp-json\/wp\/v2\/comments?post=95"}],"version-history":[{"count":2,"href":"https:\/\/multi-mam.com\/pt\/wp-json\/wp\/v2\/pages\/95\/revisions"}],"predecessor-version":[{"id":211,"href":"https:\/\/multi-mam.com\/pt\/wp-json\/wp\/v2\/pages\/95\/revisions\/211"}],"up":[{"embeddable":true,"href":"https:\/\/multi-mam.com\/pt\/wp-json\/wp\/v2\/pages\/76"}],"wp:attachment":[{"href":"https:\/\/multi-mam.com\/pt\/wp-json\/wp\/v2\/media?parent=95"}],"wp:term":[{"taxonomy":"from-article-database","embeddable":true,"href":"https:\/\/multi-mam.com\/pt\/wp-json\/wp\/v2\/from-article-database?post=95"}],"curies":[{"name":"wp","href":"https:\/\/api.w.org\/{rel}","templated":true}]}}